{"id":15766,"date":"2025-02-25T14:37:18","date_gmt":"2025-02-25T14:37:18","guid":{"rendered":"https:\/\/coolmarket.ba\/?post_type=product&#038;p=15766"},"modified":"2025-02-26T13:20:57","modified_gmt":"2025-02-26T13:20:57","slug":"gree-cosmo-economical-18k-gwh18awdxb","status":"publish","type":"product","link":"https:\/\/coolmarket.ba\/bs\/proizvod\/gree-cosmo-economical-18k-gwh18awdxb\/","title":{"rendered":"GREE COSMO ECONOMICAL 18K GWH18AWDXB"},"content":{"rendered":"<div class=\"flex max-w-full flex-col flex-grow\">\n<div class=\"min-h-8 text-message relative flex w-full flex-col items-end gap-2 whitespace-normal break-words text-start [.text-message+&amp;]:mt-5\" dir=\"auto\" data-message-author-role=\"assistant\" data-message-id=\"1969c807-27c1-47fb-8bd7-59b74af1f3f7\" data-message-model-slug=\"gpt-4o\">\n<div class=\"flex w-full flex-col gap-1 empty:hidden first:pt-[3px]\">\n<div class=\"markdown prose w-full break-words dark:prose-invert light\">\n<h3>GREE klima ure\u0111aj GWH18AWDXB COSMO ECONOMICAL<\/h3>\n<p data-start=\"0\" data-end=\"375\">Cosmo Economical klima ure\u0111aji odlikuju se <strong data-start=\"43\" data-end=\"96\">minimalisti\u010dkim dizajnom i kompaktnim dimenzijama<\/strong>, omogu\u0107uju\u0107i lako uklapanje u svaki interijer uz dodatnu dozu elegancije. Zahvaljuju\u0107i <strong data-start=\"184\" data-end=\"209\">naprednoj tehnologiji<\/strong>, ovaj model pru\u017ea \u0161irok raspon mogu\u0107nosti za grijanje i hla\u0111enje, prilago\u0111avaju\u0107i se potrebama korisnika i osiguravaju\u0107i maksimalnu udobnost tijekom cijele godine.<\/p>\n<p data-start=\"377\" data-end=\"643\">Kao <strong data-start=\"381\" data-end=\"429\">nasljednik popularnog modela Lomo Economical<\/strong>, koji je godinama bio jedan od najtra\u017eenijih ure\u0111aja u srednjem cjenovnom rangu, <strong data-start=\"511\" data-end=\"531\">Cosmo Economical<\/strong> donosi pobolj\u0161anja u vidu novih funkcija koje pove\u0107avaju udobnost i osiguravaju kvalitetniji zrak u prostoru.<\/p>\n<p data-start=\"645\" data-end=\"985\" data-is-last-node=\"\" data-is-only-node=\"\">Ovaj klima ure\u0111aj ne pru\u017ea samo rashla\u0111ivanje i dogrijavanje, ve\u0107 aktivno doprinosi <strong data-start=\"714\" data-end=\"744\">\u010distijem i zdravijem zraku<\/strong>. <strong data-start=\"746\" data-end=\"782\">Funkcija samo\u010di\u0161\u0107enja ispariva\u010da<\/strong> u\u010dinkovito uklanja nakupljenu prljav\u0161tinu i sprje\u010dava \u0161irenje neugodnih mirisa, dok <strong data-start=\"867\" data-end=\"900\">Cold Plasma sustav filtracije<\/strong> neutralizira bakterije, viruse i alergene, omogu\u0107uju\u0107i svje\u017e i zdrav zrak svaki dan.<\/p>\n<p>GREE Cosmo Economical klima ure\u0111aj sastoji se od zidne unutarnje i vanjske jedinice te je opremljen izmjenjiva\u010dem topline s direktnom ekspanzijom freona. Elegantna ukrasna maska modernog dizajna uklapa se u svaki prostor, dok sustav za za\u0161titu, kontrolu i regulaciju osigurava stabilan i u\u010dinkovit rad ure\u0111aja.<\/p>\n<p data-start=\"314\" data-end=\"492\" data-is-last-node=\"\" data-is-only-node=\"\">Ure\u0111aj dolazi s be\u017ei\u010dnim daljinskim upravlja\u010dem koji ima LED pozadinsko osvjetljenje, omogu\u0107uju\u0107i jednostavno i prakti\u010dno upravljanje postavkama temperature i rada klima ure\u0111aja.<\/p>\n<\/div>\n<\/div>\n<\/div>\n<\/div>\n<div class=\"mb-2 flex gap-3 empty:hidden -ml-2\">\n<div class=\"items-center justify-start rounded-xl p-1 flex\">\n<div class=\"flex items-center\"><\/div>\n<\/div>\n<\/div>\n<p data-start=\"0\" data-end=\"276\"><strong data-start=\"0\" data-end=\"36\" data-is-only-node=\"\">Vertikalna i horizontalna krilca<\/strong> osiguravaju ravnomjernu raspodjelu temperature u prostoru, pru\u017eaju\u0107i maksimalnu udobnost i pobolj\u0161anu u\u010dinkovitost klima ure\u0111aja. Prilagodljiva distribucija zraka omogu\u0107uje optimalan protok i prilago\u0111ava se preferencijama korisnika.<\/p>\n<p data-start=\"278\" data-end=\"584\"><strong>Funkcija samo\u010di\u0161\u0107enja<\/strong> koristi inovativni proces u \u010detiri koraka kako bi uklonila ne\u010disto\u0107e s ispariva\u010da i sprije\u010dila \u0161irenje neugodnih mirisa. Ovaj proces uklju\u010duje kondenzaciju vlage, smrzavanje izmjenjiva\u010da i vezivanje ne\u010disto\u0107a, odmrzavanje i temperaturnu dezinfekciju te zavr\u0161no su\u0161enje izmjenjiva\u010da.<\/p>\n<p data-start=\"586\" data-end=\"877\" data-is-last-node=\"\" data-is-only-node=\"\"><strong>Cold Plasma<\/strong> sustav filtracije osigurava visoku razinu \u010disto\u0107e zraka. Pozitivni i negativni ioni eliminiraju bakterije, viruse, alergene i plijesan razgra\u0111uju\u0107i njihove stani\u010dne strukture. Ovaj sustav posti\u017ee stopu sterilizacije do 93% po satu, osiguravaju\u0107i \u010di\u0161\u0107i i zdraviji zrak u prostoru.<\/p>\n<p><img data-recalc-dims=\"1\" fetchpriority=\"high\" decoding=\"async\" class=\"alignleft wp-image-15763\" src=\"https:\/\/i0.wp.com\/coolmarket.ba\/wp-content\/uploads\/2025\/02\/I.png?resize=400%2C289&#038;ssl=1\" alt=\"SPECIFIKACIJE\" width=\"400\" height=\"289\" data-wp-editing=\"1\" srcset=\"https:\/\/i0.wp.com\/coolmarket.ba\/wp-content\/uploads\/2025\/02\/I.png?w=450&amp;ssl=1 450w, https:\/\/i0.wp.com\/coolmarket.ba\/wp-content\/uploads\/2025\/02\/I.png?resize=300%2C217&amp;ssl=1 300w, https:\/\/i0.wp.com\/coolmarket.ba\/wp-content\/uploads\/2025\/02\/I.png?resize=18%2C12&amp;ssl=1 18w, https:\/\/i0.wp.com\/coolmarket.ba\/wp-content\/uploads\/2025\/02\/I.png?resize=64%2C46&amp;ssl=1 64w\" sizes=\"(max-width: 400px) 100vw, 400px\" \/><img data-recalc-dims=\"1\" decoding=\"async\" class=\"aligncenter wp-image-15764\" src=\"https:\/\/i0.wp.com\/coolmarket.ba\/wp-content\/uploads\/2025\/02\/II.png?resize=373%2C249&#038;ssl=1\" alt=\"SPECIFIKACIJE\" width=\"373\" height=\"249\" srcset=\"https:\/\/i0.wp.com\/coolmarket.ba\/wp-content\/uploads\/2025\/02\/II.png?w=391&amp;ssl=1 391w, https:\/\/i0.wp.com\/coolmarket.ba\/wp-content\/uploads\/2025\/02\/II.png?resize=300%2C200&amp;ssl=1 300w, https:\/\/i0.wp.com\/coolmarket.ba\/wp-content\/uploads\/2025\/02\/II.png?resize=18%2C12&amp;ssl=1 18w, https:\/\/i0.wp.com\/coolmarket.ba\/wp-content\/uploads\/2025\/02\/II.png?resize=64%2C43&amp;ssl=1 64w\" sizes=\"(max-width: 373px) 100vw, 373px\" \/><\/p>\n<p>&nbsp;<\/p>\n<h4 data-start=\"0\" data-end=\"63\"><\/h4>\n<h4><\/h4>\n<h4><strong>Tehni\u010dke specifikacije \u2013 GREE COSMO ECONOMICAL GWH18AWDXB<\/strong><\/h4>\n<div class=\"flex max-w-full flex-col flex-grow\">\n<div class=\"min-h-8 text-message relative flex w-full flex-col items-end gap-2 whitespace-normal break-words text-start [.text-message+&amp;]:mt-5\" dir=\"auto\" data-message-author-role=\"assistant\" data-message-id=\"dd8b0a53-3d2f-48dc-9d52-f58c8cd8ef24\" data-message-model-slug=\"gpt-4o\">\n<div class=\"flex w-full flex-col gap-1 empty:hidden first:pt-[3px]\">\n<div class=\"markdown prose w-full break-words dark:prose-invert light\">\n<h4 data-start=\"65\" data-end=\"95\"><strong data-start=\"69\" data-end=\"93\">Op\u0107e karakteristike:<\/strong><\/h4>\n<ul data-start=\"96\" data-end=\"225\">\n<li data-start=\"96\" data-end=\"139\"><strong data-start=\"98\" data-end=\"112\">Napajanje:<\/strong> 220-240V \/ 1 faza \/ 50Hz<\/li>\n<li data-start=\"140\" data-end=\"161\"><strong data-start=\"142\" data-end=\"155\">Osigura\u010d:<\/strong> 16A<\/li>\n<li data-start=\"162\" data-end=\"186\"><strong data-start=\"164\" data-end=\"180\">Radni medij:<\/strong> R32<\/li>\n<li data-start=\"187\" data-end=\"225\"><strong data-start=\"189\" data-end=\"220\">Ugra\u0111eno Wi-Fi upravljanje:<\/strong> Da<\/li>\n<\/ul>\n<h4 data-start=\"227\" data-end=\"262\"><strong data-start=\"231\" data-end=\"260\">Kapacitet i u\u010dinkovitost:<\/strong><\/h4>\n<ul data-start=\"263\" data-end=\"702\">\n<li data-start=\"263\" data-end=\"307\"><strong data-start=\"265\" data-end=\"298\">Nominalni kapacitet grijanja:<\/strong> 5,2 kW<\/li>\n<li data-start=\"308\" data-end=\"352\"><strong data-start=\"310\" data-end=\"343\">Nominalni kapacitet hla\u0111enja:<\/strong> 4,6 kW<\/li>\n<li data-start=\"353\" data-end=\"411\"><strong data-start=\"355\" data-end=\"389\">U\u010dinak grijanja (min\/nom\/max):<\/strong> 0,75 \u2013 5,2 \u2013 5,8 kW<\/li>\n<li data-start=\"412\" data-end=\"469\"><strong data-start=\"414\" data-end=\"448\">U\u010dinak hla\u0111enja (min\/nom\/max):<\/strong> 1,0 \u2013 4,6 \u2013 5,4 kW<\/li>\n<li data-start=\"470\" data-end=\"526\"><strong data-start=\"472\" data-end=\"512\">Temperaturni raspon rada (grijanje):<\/strong> -15 ~ 24 \u00b0C<\/li>\n<li data-start=\"527\" data-end=\"583\"><strong data-start=\"529\" data-end=\"569\">Temperaturni raspon rada (hla\u0111enje):<\/strong> -15 ~ 43 \u00b0C<\/li>\n<li data-start=\"584\" data-end=\"624\"><strong data-start=\"586\" data-end=\"619\">Energetski razred (grijanje):<\/strong> A+<\/li>\n<li data-start=\"625\" data-end=\"666\"><strong data-start=\"627\" data-end=\"660\">Energetski razred (hla\u0111enje):<\/strong> A++<\/li>\n<li data-start=\"667\" data-end=\"684\"><strong data-start=\"669\" data-end=\"678\">SCOP:<\/strong> 4.0<\/li>\n<li data-start=\"685\" data-end=\"702\"><strong data-start=\"687\" data-end=\"696\">SEER:<\/strong> 7,2<\/li>\n<\/ul>\n<h4 data-start=\"704\" data-end=\"733\"><strong data-start=\"708\" data-end=\"731\">Potro\u0161nja energije:<\/strong><\/h4>\n<ul data-start=\"734\" data-end=\"958\">\n<li data-start=\"734\" data-end=\"794\"><strong data-start=\"736\" data-end=\"783\">Apsorbirana snaga \u2013 grijanje (min\/nom\/max):<\/strong> 1,334 kW<\/li>\n<li data-start=\"795\" data-end=\"855\"><strong data-start=\"797\" data-end=\"844\">Apsorbirana snaga \u2013 hla\u0111enje (min\/nom\/max):<\/strong> 1,353 kW<\/li>\n<li data-start=\"856\" data-end=\"907\"><strong data-start=\"858\" data-end=\"892\">Godi\u0161nja potro\u0161nja \u2013 grijanje:<\/strong> 1295 kWh\/god<\/li>\n<li data-start=\"908\" data-end=\"958\"><strong data-start=\"910\" data-end=\"944\">Godi\u0161nja potro\u0161nja \u2013 hla\u0111enje:<\/strong> 224 kWh\/god<\/li>\n<\/ul>\n<h4 data-start=\"960\" data-end=\"993\"><strong data-start=\"964\" data-end=\"991\">Cjevovod i instalacija:<\/strong><\/h4>\n<ul data-start=\"994\" data-end=\"1106\">\n<li data-start=\"994\" data-end=\"1035\"><strong data-start=\"996\" data-end=\"1028\">Maksimalna du\u017eina cjevovoda:<\/strong> 25 m<\/li>\n<li data-start=\"1036\" data-end=\"1106\"><strong data-start=\"1038\" data-end=\"1099\">Maksimalna visinska razlika (vanjska-unutarnja jedinica):<\/strong> 10 m<\/li>\n<\/ul>\n<h4 data-start=\"1115\" data-end=\"1164\"><strong data-start=\"1119\" data-end=\"1162\">Unutarnja jedinica \u2013 GWH18AWDXBK6DNA3AI<\/strong><\/h4>\n<ul data-start=\"1165\" data-end=\"1546\">\n<li data-start=\"1165\" data-end=\"1210\"><strong data-start=\"1167\" data-end=\"1189\">Dimenzije (Vx\u0160xD):<\/strong> 333 x 978 x 248 mm<\/li>\n<li data-start=\"1211\" data-end=\"1230\"><strong data-start=\"1213\" data-end=\"1222\">Masa:<\/strong> 13 kg<\/li>\n<li data-start=\"1231\" data-end=\"1307\"><strong data-start=\"1233\" data-end=\"1266\">Nivo zvu\u010dne snage (grijanje):<\/strong> 47 \u2013 50 \u2013 51 \u2013 52 \u2013 55 \u2013 58 \u2013 60 dB(A)<\/li>\n<li data-start=\"1308\" data-end=\"1384\"><strong data-start=\"1310\" data-end=\"1343\">Nivo zvu\u010dne snage (hla\u0111enje):<\/strong> 41 \u2013 44 \u2013 48 \u2013 54 \u2013 56 \u2013 58 \u2013 60 dB(A)<\/li>\n<li data-start=\"1385\" data-end=\"1465\"><strong data-start=\"1387\" data-end=\"1424\">Nivo zvu\u010dnog pritiska (grijanje):<\/strong> 33 \u2013 36 \u2013 37 \u2013 38 \u2013 41 \u2013 44 \u2013 46 dB(A)<\/li>\n<li data-start=\"1466\" data-end=\"1546\"><strong data-start=\"1468\" data-end=\"1505\">Nivo zvu\u010dnog pritiska (hla\u0111enje):<\/strong> 28 \u2013 30 \u2013 35 \u2013 41 \u2013 43 \u2013 45 \u2013 47 dB(A)<\/li>\n<\/ul>\n<h4 data-start=\"1555\" data-end=\"1604\"><strong data-start=\"1559\" data-end=\"1602\">Vanjska jedinica \u2013 GWH12ATBXB-K6DNA1D\/O<\/strong><\/h4>\n<ul data-start=\"1605\" data-end=\"1792\">\n<li data-start=\"1605\" data-end=\"1650\"><strong data-start=\"1607\" data-end=\"1629\">Dimenzije (Vx\u0160xD):<\/strong> 555 x 732 x 330 mm<\/li>\n<li data-start=\"1651\" data-end=\"1672\"><strong data-start=\"1653\" data-end=\"1662\">Masa:<\/strong> 24,5 kg<\/li>\n<li data-start=\"1673\" data-end=\"1730\"><strong data-start=\"1675\" data-end=\"1719\">Nivo zvu\u010dne snage (grijanje i hla\u0111enje):<\/strong> 65 dB(A)<\/li>\n<li data-start=\"1731\" data-end=\"1792\"><strong data-start=\"1733\" data-end=\"1781\">Nivo zvu\u010dnog pritiska (grijanje i hla\u0111enje):<\/strong> 55 dB(A)<\/li>\n<\/ul>\n<h5 data-start=\"1794\" data-end=\"1830\"><strong data-start=\"1798\" data-end=\"1828\">Povezivanje i instalacija:<\/strong><\/h5>\n<ul data-start=\"1831\" data-end=\"2103\" data-is-last-node=\"\" data-is-only-node=\"\">\n<li data-start=\"1831\" data-end=\"1894\"><strong data-start=\"1833\" data-end=\"1875\">Me\u0111uveza vanjske i unutarnje jedinice:<\/strong> PP00 5 x 1,5 mm\u00b2<\/li>\n<li data-start=\"1895\" data-end=\"1945\"><strong data-start=\"1897\" data-end=\"1931\">Napajanje na vanjsku jedinicu:<\/strong> 3 x 1,0 mm\u00b2<\/li>\n<li data-start=\"1946\" data-end=\"1987\"><strong data-start=\"1948\" data-end=\"1977\">Priklju\u010dak cijevi \u2013 plin:<\/strong> 9,52 mm<\/li>\n<li data-start=\"1988\" data-end=\"2033\"><strong data-start=\"1990\" data-end=\"2023\">Priklju\u010dak cijevi \u2013 teku\u0107ina:<\/strong> 6,35 mm<\/li>\n<li data-start=\"2034\" data-end=\"2074\"><strong data-start=\"2036\" data-end=\"2068\">Prednapunjena du\u017eina cijevi:<\/strong> 5 m<\/li>\n<li data-start=\"2075\" data-end=\"2103\" data-is-last-node=\"\"><strong data-start=\"2077\" data-end=\"2096\">Nadopuna plina:<\/strong> 16 g\/m<\/li>\n<\/ul>\n<p>&nbsp;<\/p>\n<\/div>\n<\/div>\n<\/div>\n<\/div>\n<div class=\"mb-2 flex gap-3 empty:hidden -ml-2\">\n<div class=\"items-center justify-start rounded-xl p-1 flex\">\n<p><img data-recalc-dims=\"1\" decoding=\"async\" class=\"size-full wp-image-15573 aligncenter\" src=\"https:\/\/i0.wp.com\/coolmarket.ba\/wp-content\/uploads\/2024\/07\/Grijanje-Vodoinstalacije-klimatizacija-2.png?resize=1170%2C433&#038;ssl=1\" alt=\"\" width=\"1170\" height=\"433\" srcset=\"https:\/\/i0.wp.com\/coolmarket.ba\/wp-content\/uploads\/2024\/07\/Grijanje-Vodoinstalacije-klimatizacija-2.png?w=1170&amp;ssl=1 1170w, https:\/\/i0.wp.com\/coolmarket.ba\/wp-content\/uploads\/2024\/07\/Grijanje-Vodoinstalacije-klimatizacija-2.png?resize=300%2C111&amp;ssl=1 300w, https:\/\/i0.wp.com\/coolmarket.ba\/wp-content\/uploads\/2024\/07\/Grijanje-Vodoinstalacije-klimatizacija-2.png?resize=1024%2C379&amp;ssl=1 1024w, https:\/\/i0.wp.com\/coolmarket.ba\/wp-content\/uploads\/2024\/07\/Grijanje-Vodoinstalacije-klimatizacija-2.png?resize=768%2C284&amp;ssl=1 768w, https:\/\/i0.wp.com\/coolmarket.ba\/wp-content\/uploads\/2024\/07\/Grijanje-Vodoinstalacije-klimatizacija-2.png?resize=18%2C7&amp;ssl=1 18w, https:\/\/i0.wp.com\/coolmarket.ba\/wp-content\/uploads\/2024\/07\/Grijanje-Vodoinstalacije-klimatizacija-2.png?resize=600%2C222&amp;ssl=1 600w, https:\/\/i0.wp.com\/coolmarket.ba\/wp-content\/uploads\/2024\/07\/Grijanje-Vodoinstalacije-klimatizacija-2.png?resize=64%2C24&amp;ssl=1 64w\" sizes=\"(max-width: 1170px) 100vw, 1170px\" \/><\/p>\n<p>&nbsp;<\/p>\n<p><strong>CoolMarket<\/strong> je va\u0161 pouzdani partner za prodaju, ugradnju i odr\u017eavanje klima ure\u0111aja, toplotnih pumpi te sistema za vodu i grijanje. Na\u0161a stru\u010dnost osigurava kvalitetne proizvode i vrhunske usluge kako bi va\u0161 dom ili poslovni prostor bio udoban i funkcionalan. Kontaktirajte nas za sve potrebe vezane za klimatizaciju, grijanje i vodoinstalacije. Dostupni smo na Viber i Whatsapp\u00a0 +387 62 53 53 50<\/p>\n<\/div>\n<\/div>","protected":false},"excerpt":{"rendered":"<h4><strong>Tehni\u010dke specifikacije \u2013 GREE COSMO ECONOMICAL GWH18AWDXB<\/strong><\/h4>\n<div class=\"flex max-w-full flex-col flex-grow\">\n<div class=\"min-h-8 text-message relative flex w-full flex-col items-end gap-2 whitespace-normal break-words text-start [.text-message+&amp;]:mt-5\" dir=\"auto\" data-message-author-role=\"assistant\" data-message-id=\"dd8b0a53-3d2f-48dc-9d52-f58c8cd8ef24\" data-message-model-slug=\"gpt-4o\">\n<div class=\"flex w-full flex-col gap-1 empty:hidden first:pt-[3px]\">\n<div class=\"markdown prose w-full break-words dark:prose-invert light\">\n<h4 data-start=\"65\" data-end=\"95\"><strong data-start=\"69\" data-end=\"93\">Op\u0107e karakteristike:<\/strong><\/h4>\n<ul data-start=\"96\" data-end=\"225\">\n<li data-start=\"96\" data-end=\"139\"><strong data-start=\"98\" data-end=\"112\">Napajanje:<\/strong> 220-240V \/ 1 faza \/ 50Hz<\/li>\n<li data-start=\"140\" data-end=\"161\"><strong data-start=\"142\" data-end=\"155\">Osigura\u010d:<\/strong> 16A<\/li>\n<li data-start=\"162\" data-end=\"186\"><strong data-start=\"164\" data-end=\"180\">Radni medij:<\/strong> R32<\/li>\n<li data-start=\"187\" data-end=\"225\"><strong data-start=\"189\" data-end=\"220\">Ugra\u0111eno Wi-Fi upravljanje:<\/strong> Da<\/li>\n<\/ul>\n<h4 data-start=\"227\" data-end=\"262\"><strong data-start=\"231\" data-end=\"260\">Kapacitet i u\u010dinkovitost:<\/strong><\/h4>\n<ul data-start=\"263\" data-end=\"702\">\n<li data-start=\"263\" data-end=\"307\"><strong data-start=\"265\" data-end=\"298\">Nominalni kapacitet grijanja:<\/strong> 5,2 kW<\/li>\n<li data-start=\"308\" data-end=\"352\"><strong data-start=\"310\" data-end=\"343\">Nominalni kapacitet hla\u0111enja:<\/strong> 4,6 kW<\/li>\n<li data-start=\"353\" data-end=\"411\"><strong data-start=\"355\" data-end=\"389\">U\u010dinak grijanja (min\/nom\/max):<\/strong> 0,75 \u2013 5,2 \u2013 5,8 kW<\/li>\n<li data-start=\"412\" data-end=\"469\"><strong data-start=\"414\" data-end=\"448\">U\u010dinak hla\u0111enja (min\/nom\/max):<\/strong> 1,0 \u2013 4,6 \u2013 5,4 kW<\/li>\n<li data-start=\"470\" data-end=\"526\"><strong data-start=\"472\" data-end=\"512\">Temperaturni raspon rada (grijanje):<\/strong> -15 ~ 24 \u00b0C<\/li>\n<li data-start=\"527\" data-end=\"583\"><strong data-start=\"529\" data-end=\"569\">Temperaturni raspon rada (hla\u0111enje):<\/strong> -15 ~ 43 \u00b0C<\/li>\n<li data-start=\"584\" data-end=\"624\"><strong data-start=\"586\" data-end=\"619\">Energetski razred (grijanje):<\/strong> A+<\/li>\n<li data-start=\"625\" data-end=\"666\"><strong data-start=\"627\" data-end=\"660\">Energetski razred (hla\u0111enje):<\/strong> A++<\/li>\n<li data-start=\"667\" data-end=\"684\"><strong data-start=\"669\" data-end=\"678\">SCOP:<\/strong> 4.0<\/li>\n<li data-start=\"685\" data-end=\"702\"><strong data-start=\"687\" data-end=\"696\">SEER:<\/strong> 7,2<\/li>\n<\/ul>\n<h4 data-start=\"704\" data-end=\"733\"><strong data-start=\"708\" data-end=\"731\">Potro\u0161nja energije:<\/strong><\/h4>\n<ul data-start=\"734\" data-end=\"958\">\n<li data-start=\"734\" data-end=\"794\"><strong data-start=\"736\" data-end=\"783\">Apsorbirana snaga \u2013 grijanje (min\/nom\/max):<\/strong> 1,334 kW<\/li>\n<li data-start=\"795\" data-end=\"855\"><strong data-start=\"797\" data-end=\"844\">Apsorbirana snaga \u2013 hla\u0111enje (min\/nom\/max):<\/strong> 1,353 kW<\/li>\n<li data-start=\"856\" data-end=\"907\"><strong data-start=\"858\" data-end=\"892\">Godi\u0161nja potro\u0161nja \u2013 grijanje:<\/strong> 1295 kWh\/god<\/li>\n<li data-start=\"908\" data-end=\"958\"><strong data-start=\"910\" data-end=\"944\">Godi\u0161nja potro\u0161nja \u2013 hla\u0111enje:<\/strong> 224 kWh\/god<\/li>\n<\/ul>\n<h4 data-start=\"960\" data-end=\"993\"><strong data-start=\"964\" data-end=\"991\">Cjevovod i instalacija:<\/strong><\/h4>\n<ul data-start=\"994\" data-end=\"1106\">\n<li data-start=\"994\" data-end=\"1035\"><strong data-start=\"996\" data-end=\"1028\">Maksimalna du\u017eina cjevovoda:<\/strong> 25 m<\/li>\n<li data-start=\"1036\" data-end=\"1106\"><strong data-start=\"1038\" data-end=\"1099\">Maksimalna visinska razlika (vanjska-unutarnja jedinica):<\/strong> 10 m<\/li>\n<\/ul>\n<h4 data-start=\"1115\" data-end=\"1164\"><strong data-start=\"1119\" data-end=\"1162\">Unutarnja jedinica \u2013 GWH18AWDXBK6DNA3AI<\/strong><\/h4>\n<ul data-start=\"1165\" data-end=\"1546\">\n<li data-start=\"1165\" data-end=\"1210\"><strong data-start=\"1167\" data-end=\"1189\">Dimenzije (Vx\u0160xD):<\/strong> 333 x 978 x 248 mm<\/li>\n<li data-start=\"1211\" data-end=\"1230\"><strong data-start=\"1213\" data-end=\"1222\">Masa:<\/strong> 13 kg<\/li>\n<li data-start=\"1231\" data-end=\"1307\"><strong data-start=\"1233\" data-end=\"1266\">Nivo zvu\u010dne snage (grijanje):<\/strong> 47 \u2013 50 \u2013 51 \u2013 52 \u2013 55 \u2013 58 \u2013 60 dB(A)<\/li>\n<li data-start=\"1308\" data-end=\"1384\"><strong data-start=\"1310\" data-end=\"1343\">Nivo zvu\u010dne snage (hla\u0111enje):<\/strong> 41 \u2013 44 \u2013 48 \u2013 54 \u2013 56 \u2013 58 \u2013 60 dB(A)<\/li>\n<li data-start=\"1385\" data-end=\"1465\"><strong data-start=\"1387\" data-end=\"1424\">Nivo zvu\u010dnog pritiska (grijanje):<\/strong> 33 \u2013 36 \u2013 37 \u2013 38 \u2013 41 \u2013 44 \u2013 46 dB(A)<\/li>\n<li data-start=\"1466\" data-end=\"1546\"><strong data-start=\"1468\" data-end=\"1505\">Nivo zvu\u010dnog pritiska (hla\u0111enje):<\/strong> 28 \u2013 30 \u2013 35 \u2013 41 \u2013 43 \u2013 45 \u2013 47 dB(A)<\/li>\n<\/ul>\n<h4 data-start=\"1555\" data-end=\"1604\"><strong data-start=\"1559\" data-end=\"1602\">Vanjska jedinica \u2013 GWH12ATBXB-K6DNA1D\/O<\/strong><\/h4>\n<ul data-start=\"1605\" data-end=\"1792\">\n<li data-start=\"1605\" data-end=\"1650\"><strong data-start=\"1607\" data-end=\"1629\">Dimenzije (Vx\u0160xD):<\/strong> 555 x 732 x 330 mm<\/li>\n<li data-start=\"1651\" data-end=\"1672\"><strong data-start=\"1653\" data-end=\"1662\">Masa:<\/strong> 24,5 kg<\/li>\n<li data-start=\"1673\" data-end=\"1730\"><strong data-start=\"1675\" data-end=\"1719\">Nivo zvu\u010dne snage (grijanje i hla\u0111enje):<\/strong> 65 dB(A)<\/li>\n<li data-start=\"1731\" data-end=\"1792\"><strong data-start=\"1733\" data-end=\"1781\">Nivo zvu\u010dnog pritiska (grijanje i hla\u0111enje):<\/strong> 55 dB(A)<\/li>\n<\/ul>\n<h5 data-start=\"1794\" data-end=\"1830\"><strong data-start=\"1798\" data-end=\"1828\">Povezivanje i instalacija:<\/strong><\/h5>\n<ul data-start=\"1831\" data-end=\"2103\" data-is-last-node=\"\" data-is-only-node=\"\">\n<li data-start=\"1831\" data-end=\"1894\"><strong data-start=\"1833\" data-end=\"1875\">Me\u0111uveza vanjske i unutarnje jedinice:<\/strong> PP00 5 x 1,5 mm\u00b2<\/li>\n<li data-start=\"1895\" data-end=\"1945\"><strong data-start=\"1897\" data-end=\"1931\">Napajanje na vanjsku jedinicu:<\/strong> 3 x 1,0 mm\u00b2<\/li>\n<li data-start=\"1946\" data-end=\"1987\"><strong data-start=\"1948\" data-end=\"1977\">Priklju\u010dak cijevi \u2013 plin:<\/strong> 9,52 mm<\/li>\n<li data-start=\"1988\" data-end=\"2033\"><strong data-start=\"1990\" data-end=\"2023\">Priklju\u010dak cijevi \u2013 teku\u0107ina:<\/strong> 6,35 mm<\/li>\n<li data-start=\"2034\" data-end=\"2074\"><strong data-start=\"2036\" data-end=\"2068\">Prednapunjena du\u017eina cijevi:<\/strong> 5 m<\/li>\n<li data-start=\"2075\" data-end=\"2103\" data-is-last-node=\"\"><strong data-start=\"2077\" data-end=\"2096\">Nadopuna plina:<\/strong> 16 g\/m<\/li>\n<\/ul>\n<p>&nbsp;<\/p>\n<\/div>\n<\/div>\n<\/div>\n<\/div>\n<p data-start=\"0\" data-end=\"312\">","protected":false},"featured_media":15765,"template":"","meta":{"om_disable_all_campaigns":false,"_monsterinsights_skip_tracking":false,"_monsterinsights_sitenote_active":false,"_monsterinsights_sitenote_note":"","_monsterinsights_sitenote_category":0},"product_cat":[335,322,383,305,401,306,348],"product_tag":[],"class_list":{"0":"post-15766","1":"product","2":"type-product","3":"status-publish","4":"has-post-thumbnail","6":"product_cat-12ke-inverteri","7":"product_cat-12ke-klime","8":"product_cat-gree","9":"product_cat-grijanje-i-hladenje","10":"product_cat-klima-inverteri","11":"product_cat-klima-uredaji","12":"product_cat-klima-uredaji-klima-uredaji","14":"first","15":"instock","16":"sale","17":"taxable","18":"shipping-taxable","19":"purchasable","20":"product-type-simple"},"aioseo_notices":[],"_links":{"self":[{"href":"https:\/\/coolmarket.ba\/bs\/wp-json\/wp\/v2\/product\/15766","targetHints":{"allow":["GET"]}}],"collection":[{"href":"https:\/\/coolmarket.ba\/bs\/wp-json\/wp\/v2\/product"}],"about":[{"href":"https:\/\/coolmarket.ba\/bs\/wp-json\/wp\/v2\/types\/product"}],"wp:featuredmedia":[{"embeddable":true,"href":"https:\/\/coolmarket.ba\/bs\/wp-json\/wp\/v2\/media\/15765"}],"wp:attachment":[{"href":"https:\/\/coolmarket.ba\/bs\/wp-json\/wp\/v2\/media?parent=15766"}],"wp:term":[{"taxonomy":"product_cat","embeddable":true,"href":"https:\/\/coolmarket.ba\/bs\/wp-json\/wp\/v2\/product_cat?post=15766"},{"taxonomy":"product_tag","embeddable":true,"href":"https:\/\/coolmarket.ba\/bs\/wp-json\/wp\/v2\/product_tag?post=15766"}],"curies":[{"name":"wp","href":"https:\/\/api.w.org\/{rel}","templated":true}]}}