{"id":15658,"date":"2025-01-29T15:24:25","date_gmt":"2025-01-29T15:24:25","guid":{"rendered":"https:\/\/coolmarket.ba\/?post_type=product&#038;p=15658"},"modified":"2025-02-13T14:15:18","modified_gmt":"2025-02-13T14:15:18","slug":"hisense-hi-comfort-18k-ke50bs0eg-ke50bs0ew","status":"publish","type":"product","link":"https:\/\/coolmarket.ba\/bs\/proizvod\/hisense-hi-comfort-18k-ke50bs0eg-ke50bs0ew\/","title":{"rendered":"HISENSE HI-Comfort 18K KE50BS0EG\/KE50BS0EW"},"content":{"rendered":"<h3>HISENSE HI-Comfort 18K KE50BS0EG\/KE50BS0EW<\/h3>\n<p>Na\u010din rada: Inverterski<\/p>\n<p>Rashladna snaga: 5000 W<\/p>\n<p>Snaga zagrijavanja: 5400 W<\/p>\n<p>Kapacitet hla\u0111enja (Btu\/h): 18000<\/p>\n<p>Kapacitet grijanja (Btu\/h): 18000<\/p>\n<p>Wi-Fi upravljanje<\/p>\n<p>\u0160irina: 933 mm<\/p>\n<p>Visina: 300 mm<\/p>\n<p>Dubina: 216 mm<\/p>\n<p>Kod proizvoda: 20011396<\/p>\n<div class=\"icon-wrap top trackin\" data-track=\"100\">\n<div class=\"icon\"><img data-recalc-dims=\"1\" decoding=\"async\" class=\"alignnone\" src=\"https:\/\/i0.wp.com\/static14.gorenje.com\/mabagor\/imagelib\/icon-spec\/a\/b\/ab2d8eebb1cb48175ad710943c408360_220799_1.png?resize=70%2C70&#038;ssl=1\" alt=\"HI-UVC STERILIZACIJA\" width=\"70\" height=\"70\" \/><\/div>\n<\/div>\n<p><strong>HI-UVC sterilizacija<\/strong><\/p>\n<p>Zadu\u017eeni za zdrav zrak<\/p>\n<div class=\"desc trackin\" data-track=\"125\">\n<p>HI-UVC razbija strukturu bakterija i virusa pomo\u0107u ultraljubi\u010dastog svjetla, dubinski ubija bakterije i viruse u klima ure\u0111aju i u zraku. Testovi* pokazuju da HI-UVC sterilizira 99,999% S.aureusa, 99,995% E.coli i 99,99% H1N1 u 30 minuta. Sigurniji, izdr\u017eljiviji i zeleniji.<\/p>\n<div class=\"feature-keyvisual\">\n<div class=\"feature\">\n<div class=\"content\">\n<div class=\"icon-wrap top trackin\" data-track=\"100\">\n<div class=\"icon\"><img data-recalc-dims=\"1\" decoding=\"async\" class=\"alignnone\" src=\"https:\/\/i0.wp.com\/static14.gorenje.com\/mabagor\/imagelib\/icon-spec\/4\/6\/461fbaad27d2e9715efed120d1c44e99_179686_1.png?resize=70%2C70&#038;ssl=1\" alt=\"GRIJANJE DO -20\u00b0C\" width=\"70\" height=\"70\" \/><\/div>\n<\/div>\n<p><strong>Grijanje i na -20<\/strong><\/p>\n<p>Osje\u0107aj topline \u010dak i u najhladnijim danima<\/p>\n<div class=\"desc trackin\" data-track=\"125\">\n<p>Klima ure\u0111aj \u0107e zagrijati prostoriju \u010dak i kada je vanjska temperatura ni\u017ea od -20 \u2103. Grijanje na klimu je energetski u\u010dinkovito i brzo, pa \u0107ete se osje\u0107ati toplo i ugodno \u010dak i u najhladnijim zimskim danima.<\/p>\n<\/div>\n<\/div>\n<div class=\"keyvisual trackin\" data-track=\"150\">\n<div class=\"visual-wrapper\">\n<div class=\"video-feature-cover-image visual-wrapper\"><picture><source srcset=\"https:\/\/static14.gorenje.com\/mabagor\/imagelib\/fit500\/c\/5\/c53cc1b8f0935c31dbf20cac43dd9160_231803_1.jpg\" media=\"(max-width: 767px)\" \/><source srcset=\"https:\/\/static14.gorenje.com\/mabagor\/imagelib\/full\/c\/5\/c53cc1b8f0935c31dbf20cac43dd9160_231803_1.jpg\" media=\"(min-width: 768px)\" \/><img data-recalc-dims=\"1\" fetchpriority=\"high\" decoding=\"async\" class=\"aligncenter\" src=\"https:\/\/i0.wp.com\/static14.gorenje.com\/mabagor\/imagelib\/fit500\/c\/5\/c53cc1b8f0935c31dbf20cac43dd9160_231803_1.jpg?resize=1300%2C1046&#038;ssl=1\" alt=\"GRIJANJE NA -20\u00b0C\" width=\"1300\" height=\"1046\" \/><\/picture><\/div>\n<\/div>\n<\/div>\n<\/div>\n<div class=\"feature\">\n<div class=\"content\">\n<div class=\"icon-wrap top trackin\" data-track=\"100\">\n<div class=\"icon\"><img data-recalc-dims=\"1\" loading=\"lazy\" decoding=\"async\" class=\"alignnone\" src=\"https:\/\/i0.wp.com\/static14.gorenje.com\/mabagor\/imagelib\/icon-spec\/d\/8\/d831eea28bc97d7249e47d4fd842dfa0_176939_2.png?resize=70%2C70&#038;ssl=1\" alt=\"ODMRZAVANJE VANJSKE JEDINICE\" width=\"70\" height=\"70\" \/><\/div>\n<\/div>\n<p><strong>Odmrzavanje vanjske jedinice<\/strong><\/p>\n<p>Korisno tokom zimskih dana<\/p>\n<div class=\"desc trackin\" data-track=\"125\">\n<p>Pri niskim temperaturama i u vla\u017enim sredinama, vanjska jedinica se mo\u017ee jednostavno zamrznuti, \u0161to uti\u010de na rad i performanse klima ure\u0111aja ili dovodi do njenog o\u0161te\u0107ivanja. Kori\u0161tenjem elektri\u010dnog pojasa za zagrijavanje vanjske jedinice, sprje\u010dava se zamrzavanje i odr\u017eava ispravan rad klima ure\u0111aja.<\/p>\n<\/div>\n<\/div>\n<div class=\"keyvisual trackin\" data-track=\"150\">\n<div class=\"visual-wrapper\">\n<div class=\"video-feature-cover-image visual-wrapper\"><picture><source srcset=\"https:\/\/static14.gorenje.com\/mabagor\/imagelib\/fit500\/e\/3\/e31e9622d2cdf17b7d2beb30525e2b9e_227812_2.png\" media=\"(max-width: 767px)\" \/><source srcset=\"https:\/\/static14.gorenje.com\/mabagor\/imagelib\/full\/e\/3\/e31e9622d2cdf17b7d2beb30525e2b9e_227812_2.png\" media=\"(min-width: 768px)\" \/><img data-recalc-dims=\"1\" loading=\"lazy\" decoding=\"async\" class=\"aligncenter\" src=\"https:\/\/i0.wp.com\/static14.gorenje.com\/mabagor\/imagelib\/full\/e\/3\/e31e9622d2cdf17b7d2beb30525e2b9e_227812_2.png?resize=1300%2C731&#038;ssl=1\" alt=\"ODMRZAVANJE VANJSKE JEDINICE\" width=\"1300\" height=\"731\" \/><\/picture><\/div>\n<\/div>\n<\/div>\n<\/div>\n<\/div>\n<div class=\"feature-list-leftright\">\n<div id=\"feat-3\" class=\"feature\">\n<div class=\"content\">\n<div class=\"icon trackin\" data-track=\"100\"><img data-recalc-dims=\"1\" loading=\"lazy\" decoding=\"async\" class=\"alignnone\" src=\"https:\/\/i0.wp.com\/static14.gorenje.com\/mabagor\/imagelib\/icon-spec\/6\/6\/665c756abc453020a91f8b812d03c863_182387_1.png?resize=70%2C70&#038;ssl=1\" alt=\"SAMO\u010cI\u0160\u0106ENJE\" width=\"70\" height=\"70\" \/><\/div>\n<p><strong>Samo\u010di\u0161\u0107enje<\/strong><\/p>\n<p>Odr\u017eavanje visoke u\u010dinkovitosti i \u010disto\u0107e zraka<\/p>\n<div class=\"desc trackin\" data-track=\"125\">\n<p>Zahvaljuju\u0107i Hisense novoj generaciji hidrofilom premazanog filma, nakupljena pra\u0161ina \/ mikroorganizmi \/ ulje mogu se ukloniti s aluminijske povr\u0161ine ispariva\u010da putem ciklusa smrzavanja i odmrzavanja. Dodatno, nakon isklju\u010divanja, ventilator unutarnje jedinice nastavit \u0107e raditi dodatnih 30 sekundi kako bi osu\u0161io ispariva\u010d i izbjegao stvaranje plijesni. Na taj na\u010din va\u0161 klima ure\u0111aj \u0107e zadr\u017eati visoku u\u010dinkovitost.<\/p>\n<\/div>\n<\/div>\n<div class=\"keyvisual\">\n<div class=\"visual-wrapper\">\n<div class=\"video-feature-cover-image visual-wrapper\"><picture><source srcset=\"https:\/\/static14.gorenje.com\/mabagor\/imagelib\/fit500\/6\/0\/608db1eeaed5d9d92bf6da5d12ed86fb_231805_1.jpg\" media=\"(max-width: 767px)\" \/><source srcset=\"https:\/\/static14.gorenje.com\/mabagor\/imagelib\/full\/6\/0\/608db1eeaed5d9d92bf6da5d12ed86fb_231805_1.jpg\" media=\"(min-width: 768px)\" \/><img data-recalc-dims=\"1\" loading=\"lazy\" decoding=\"async\" class=\"aligncenter\" src=\"https:\/\/i0.wp.com\/static14.gorenje.com\/mabagor\/imagelib\/fit500\/6\/0\/608db1eeaed5d9d92bf6da5d12ed86fb_231805_1.jpg?resize=1300%2C782&#038;ssl=1\" alt=\"SAMO\u010cI\u0160\u0106ENJE\" width=\"1300\" height=\"782\" \/><\/picture><\/div>\n<\/div>\n<\/div>\n<\/div>\n<div id=\"feat-4\" class=\"feature\">\n<div class=\"content\">\n<div class=\"icon trackin\" data-track=\"100\">\n<img data-recalc-dims=\"1\" loading=\"lazy\" decoding=\"async\" class=\"alignnone\" src=\"https:\/\/i0.wp.com\/static14.gorenje.com\/mabagor\/imagelib\/icon-spec\/5\/1\/51911216962984301877e07b523b446d_176936_2.png?resize=70%2C70&#038;ssl=1\" alt=\"ANTIBAKTERIJSKA ZA\u0160TITA\" width=\"70\" height=\"70\" \/><\/div>\n<p><strong>Antibakterijska za\u0161tita<\/strong><\/p>\n<p>Brine o Va\u0161em zdravlju<\/p>\n<div class=\"desc trackin\" data-track=\"125\">\n<p>Visoko u\u010dinkovito u borbi protiv bakterija i plijesni, odli\u010dno rje\u0161enje za zdrav zrak.<\/p>\n<\/div>\n<\/div>\n<div class=\"keyvisual\">\n<div class=\"visual-wrapper\">\n<div class=\"video-feature-cover-image visual-wrapper\"><picture><source srcset=\"https:\/\/static14.gorenje.com\/mabagor\/imagelib\/fit500\/5\/7\/57693be273de12243d3fb8cd8da7cf90_199266_2.jpg\" media=\"(max-width: 767px)\" \/><source srcset=\"https:\/\/static14.gorenje.com\/mabagor\/imagelib\/full\/5\/7\/57693be273de12243d3fb8cd8da7cf90_199266_2.jpg\" media=\"(min-width: 768px)\" \/><img data-recalc-dims=\"1\" loading=\"lazy\" decoding=\"async\" class=\"aligncenter\" src=\"https:\/\/i0.wp.com\/static14.gorenje.com\/mabagor\/imagelib\/full\/5\/7\/57693be273de12243d3fb8cd8da7cf90_199266_2.jpg?resize=1300%2C909&#038;ssl=1\" alt=\"ANTIBAKTERIJSKA ZA\u0160TITA\" width=\"1300\" height=\"909\" \/><\/picture><\/div>\n<\/div>\n<\/div>\n<\/div>\n<div id=\"feat-5\" class=\"feature\">\n<div class=\"content\">\n<div class=\"icon trackin\" data-track=\"100\">\n<strong><img data-recalc-dims=\"1\" loading=\"lazy\" decoding=\"async\" class=\"alignnone\" src=\"https:\/\/i0.wp.com\/static14.gorenje.com\/mabagor\/imagelib\/icon-spec\/2\/b\/2bd634413e8dadfa71d63fd687daa74a_176943_2.png?resize=70%2C70&#038;ssl=1\" alt=\"UPRAVLJANJE GOVOROM\" width=\"70\" height=\"70\" \/><\/strong><\/div>\n<p><strong>Smart Voice Control<\/strong><\/p>\n<p>Upravljanje govorom<\/p>\n<div class=\"desc trackin\" data-track=\"125\">\n<p>Nova Hisense HiSmart Life aplikacija kompatibilna je sa Google virtualnim asistentom i Amazon Alexa, tako da govorom mo\u017eete upravljati ure\u0111ajem. Zahvaljujuc\u0301i govornoj interakciji moguc\u0301e je regulisati temperaturu, uklju\u010diti ili isklju\u010diti ure\u0111aj, kao i podesiti re\u017eim rada (hla\u0111enje ili grijanje). Mo\u017eete prona\u0107i HiSmart aplikaciju u &#8220;Amazon Alexa&#8221; aplikaciji i u &#8220;Home&#8221; aplikaciji.<\/p>\n<\/div>\n<\/div>\n<div class=\"keyvisual\">\n<div class=\"visual-wrapper\">\n<div class=\"video-feature-cover-image visual-wrapper\"><picture><source srcset=\"https:\/\/static14.gorenje.com\/mabagor\/imagelib\/fit500\/1\/0\/106c843dd4a2c744b7f9bcb24dfab223_156960_2.jpg\" media=\"(max-width: 767px)\" \/><source srcset=\"https:\/\/static14.gorenje.com\/mabagor\/imagelib\/full\/1\/0\/106c843dd4a2c744b7f9bcb24dfab223_156960_2.jpg\" media=\"(min-width: 768px)\" \/><img data-recalc-dims=\"1\" loading=\"lazy\" decoding=\"async\" class=\"aligncenter\" src=\"https:\/\/i0.wp.com\/static14.gorenje.com\/mabagor\/imagelib\/full\/1\/0\/106c843dd4a2c744b7f9bcb24dfab223_156960_2.jpg?resize=1300%2C867&#038;ssl=1\" alt=\"Smart Voice KONTROLA\" width=\"1300\" height=\"867\" \/><\/picture><\/div>\n<\/div>\n<\/div>\n<\/div>\n<div id=\"feat-6\" class=\"feature\">\n<div class=\"content\">\n<div class=\"icon trackin\" data-track=\"100\">\n<img data-recalc-dims=\"1\" loading=\"lazy\" decoding=\"async\" class=\"alignnone\" src=\"https:\/\/i0.wp.com\/static14.gorenje.com\/mabagor\/imagelib\/icon-spec\/e\/8\/e810434516fd2aafe523bcf548a4f0b1_154631_2.png?resize=70%2C70&#038;ssl=1\" alt=\"WIFI UPRAVLJANJE\" width=\"70\" height=\"70\" \/><\/div>\n<p><strong>WiFi upravljanje<\/strong><\/p>\n<p>Kontrolirajte svoj klima ure\u0111aj odsvuda<\/p>\n<div class=\"desc trackin\" data-track=\"125\">\n<p>Upravljajte svojim klima ure\u0111ajem unutar i izvan svog doma sa svog Android ili IOS ure\u0111aja i osigurajte ugodno okru\u017eenje kod ku\u0107e u svakom trenutku.<\/p>\n<\/div>\n<\/div>\n<div class=\"keyvisual\">\n<div class=\"visual-wrapper\">\n<div class=\"video-feature-cover-image visual-wrapper\"><picture><source srcset=\"https:\/\/static14.gorenje.com\/mabagor\/imagelib\/fit500\/1\/c\/1cdf3b22c0d0e38533ff8df24f2b921e_231804_1.jpg\" media=\"(max-width: 767px)\" \/><source srcset=\"https:\/\/static14.gorenje.com\/mabagor\/imagelib\/full\/1\/c\/1cdf3b22c0d0e38533ff8df24f2b921e_231804_1.jpg\" media=\"(min-width: 768px)\" \/><img data-recalc-dims=\"1\" loading=\"lazy\" decoding=\"async\" class=\"aligncenter\" src=\"https:\/\/i0.wp.com\/static14.gorenje.com\/mabagor\/imagelib\/fit500\/1\/c\/1cdf3b22c0d0e38533ff8df24f2b921e_231804_1.jpg?resize=960%2C907&#038;ssl=1\" alt=\"WiFi KONTROLA\" width=\"960\" height=\"907\" \/><\/picture><\/div>\n<\/div>\n<\/div>\n<\/div>\n<div id=\"feat-7\" class=\"feature\">\n<div class=\"content\">\n<div class=\"icon trackin\" data-track=\"100\">\n<img data-recalc-dims=\"1\" loading=\"lazy\" decoding=\"async\" class=\"alignnone\" src=\"https:\/\/i0.wp.com\/static14.gorenje.com\/mabagor\/imagelib\/icon-spec\/0\/1\/0177e70e14af7cc0ba60b9917a9f04ae_232471_1.png?resize=70%2C70&#038;ssl=1\" alt=\"UNIVERZALNA VANJSKA JEDINICA\" width=\"70\" height=\"70\" \/><\/div>\n<p><strong>Univerzalna vanjska jedinica<\/strong><\/p>\n<p>Pogodno za Multi-Split (Free-Match)<\/p>\n<div class=\"desc trackin\" data-track=\"125\">\n<p>Unutra\u0161nja jedinica mo\u017ee koristiti i 1-1 Split sistem i Multi-Split sistem (Free-match). Velika pomo\u0107 za svakoga ko \u017eeli dodati jo\u0161 jednu unutra\u0161nju jedinicu Multi-Split sistemu.<\/p>\n<\/div>\n<\/div>\n<div class=\"keyvisual\">\n<div class=\"visual-wrapper\">\n<div class=\"video-feature-cover-image visual-wrapper\"><picture><source srcset=\"https:\/\/static14.gorenje.com\/mabagor\/imagelib\/fit500\/f\/0\/f06bcc998a21724447e6be7d026d055e_199282_1.jpg\" media=\"(max-width: 767px)\" \/><source srcset=\"https:\/\/static14.gorenje.com\/mabagor\/imagelib\/full\/f\/0\/f06bcc998a21724447e6be7d026d055e_199282_1.jpg\" media=\"(min-width: 768px)\" \/><img data-recalc-dims=\"1\" loading=\"lazy\" decoding=\"async\" class=\"aligncenter\" src=\"https:\/\/i0.wp.com\/static14.gorenje.com\/mabagor\/imagelib\/full\/f\/0\/f06bcc998a21724447e6be7d026d055e_199282_1.jpg?resize=1300%2C909&#038;ssl=1\" alt=\"\" width=\"1300\" height=\"909\" \/><\/picture><\/div>\n<\/div>\n<\/div>\n<\/div>\n<div id=\"feat-8\" class=\"feature\">\n<div class=\"content\">\n<div class=\"icon trackin\" data-track=\"100\">\n<img data-recalc-dims=\"1\" loading=\"lazy\" decoding=\"async\" class=\"alignnone\" src=\"https:\/\/i0.wp.com\/static14.gorenje.com\/mabagor\/imagelib\/icon-spec\/b\/4\/b41c6b7f43be1d6fbf6d8ae3469c3b93_176940_2.png?resize=70%2C70&#038;ssl=1\" alt=\"R32\" width=\"70\" height=\"70\" \/><\/div>\n<p><strong>Plin koji nije \u0161tetan za okolinu<\/strong><\/p>\n<p>Efikasnije, zelenije<\/p>\n<div class=\"desc trackin\" data-track=\"125\">\n<p>Plin R32 je manje \u0161tetan za okolinu uz ve\u0107i kapacitet hla\u0111enja za istu zapreminu. To zna\u010di da je potrebno manje rashladnog sredstva u svakom ure\u0111aju, tako da je efekat globalnog zagrijavanja zna\u010dajno smanjen. Prednosti R32 rashladnog sredstva su: nulti utjecaj na zrak ozona, 66% manji GWO (utjecaj na globalno zatopljenje) u pore\u0111enju sa plinom R410A, te vi\u0161a energetska efikasnost, provodljivost toplote i kapacitet hla\u0111enja.<\/p>\n<\/div>\n<\/div>\n<div class=\"keyvisual\">\n<div class=\"visual-wrapper\">\n<div class=\"video-feature-cover-image visual-wrapper\"><picture><source srcset=\"https:\/\/static14.gorenje.com\/mabagor\/imagelib\/fit500\/c\/9\/c9b4ed58b27dd5d61dbf58aaff79ed2c_199278_2.jpg\" media=\"(max-width: 767px)\" \/><source srcset=\"https:\/\/static14.gorenje.com\/mabagor\/imagelib\/full\/c\/9\/c9b4ed58b27dd5d61dbf58aaff79ed2c_199278_2.jpg\" media=\"(min-width: 768px)\" \/><img data-recalc-dims=\"1\" loading=\"lazy\" decoding=\"async\" class=\"aligncenter\" src=\"https:\/\/i0.wp.com\/static14.gorenje.com\/mabagor\/imagelib\/full\/c\/9\/c9b4ed58b27dd5d61dbf58aaff79ed2c_199278_2.jpg?resize=1300%2C909&#038;ssl=1\" alt=\"R32\" width=\"1300\" height=\"909\" \/><\/picture><\/div>\n<\/div>\n<\/div>\n<\/div>\n<div id=\"feat-9\" class=\"feature\">\n<div class=\"content\">\n<div class=\"icon trackin\" data-track=\"100\">\n<img data-recalc-dims=\"1\" loading=\"lazy\" decoding=\"async\" class=\"alignnone\" src=\"https:\/\/i0.wp.com\/static14.gorenje.com\/mabagor\/imagelib\/icon-spec\/4\/e\/4e3c59ac6da9b2f5991dc0dadd8d6899_154595_2.png?resize=70%2C70&#038;ssl=1\" alt=\"LED\" width=\"70\" height=\"70\" \/><\/div>\n<p><strong>LED displej<\/strong><\/p>\n<p>Uvijek jasan uvid u rad<\/p>\n<div class=\"desc trackin\" data-track=\"125\">\n<p>LED displej na klima ure\u0111aju pokazuje pode\u0161avanja kako bi vam pru\u017eio informacije koje trebate. Tako\u0111er on daje notu elegancije va\u0161oj prostoriji.<br \/>\n<img data-recalc-dims=\"1\" loading=\"lazy\" decoding=\"async\" class=\"aligncenter\" src=\"https:\/\/i0.wp.com\/static14.gorenje.com\/mabagor\/imagelib\/full\/5\/2\/5222fb62b76836b0f906cfb269aa4428_141418_1.png?resize=800%2C533&#038;ssl=1\" alt=\"LED DISPLAY\" width=\"800\" height=\"533\" \/><br \/>\n<strong>KARAKTERISTIKE:<\/strong><\/p>\n<div class=\"spec\">\n<div class=\"title\">Automatsko ponovno uklju\u010divanje: Da<\/div>\n<\/div>\n<div class=\"spec\">\n<div class=\"title\">Memorija pozicije usmjeriva\u010da zraka: Da<\/div>\n<\/div>\n<div class=\"spec\">\n<div class=\"title\">Automatski rad: Da<\/div>\n<\/div>\n<div class=\"spec\">\n<div class=\"title\">Funkcija samo\u010di\u0161\u0107enja: Da<\/div>\n<\/div>\n<div class=\"spec\">\n<div class=\"title\">Za\u0161tita od zamrzavanja: Da<\/div>\n<\/div>\n<div class=\"spec\">\n<div class=\"title\">No\u0107ni re\u017eim rada: Da, 1<\/div>\n<\/div>\n<div class=\"spec\">\n<div class=\"title\">Turbo rad: Da<\/div>\n<\/div>\n<div class=\"spec\">\n<div class=\"title\">Hla\u0111enje: Da<\/div>\n<\/div>\n<div class=\"spec\">\n<div class=\"title\">Grijanje: Da<\/div>\n<\/div>\n<div class=\"spec\">\n<div class=\"title\">Odvla\u017eivanje: Da<\/div>\n<\/div>\n<div class=\"spec\">\n<div class=\"title\">Prozra\u010divanje: Da<\/div>\n<\/div>\n<div class=\"spec\">\n<div class=\"title\">Detekcija ispu\u0161tanja rashladnog plina: Ne<\/div>\n<\/div>\n<div class=\"spec\">\n<div class=\"title\">Automatsko kretanje zakrilaca: Da<\/div>\n<\/div>\n<div class=\"spec\">\n<div class=\"title\">Za\u0161tita od hladnog zraka: Da<\/div>\n<\/div>\n<div class=\"spec\">\n<div class=\"title\">Automatsko odmrzavanje: Da<\/div>\n<\/div>\n<div class=\"spec\">\n<div class=\"title\">Funkcija rada u hitnim slu\u010dajevima: Da<\/div>\n<\/div>\n<div class=\"spec\">\n<div class=\"title\">FreezeProtect -15\u00b0C: Da<\/div>\n<\/div>\n<div class=\"spec\">\n<div class=\"title\">IonTech: Ne<\/div>\n<\/div>\n<div class=\"spec\">\n<div class=\"title\">Senzor za tijelo: Ne<\/div>\n<\/div>\n<div class=\"spec\">\n<div class=\"title\">Vi\u0161edimenzionalni protok zraka: Ne<\/div>\n<\/div>\n<div class=\"spec\">\n<div class=\"title\">HI-NANO za\u0161tita zdravlja: Ne<\/div>\n<\/div>\n<div class=\"spec\">\n<div class=\"title\">Dvostruko samo\u010di\u0161\u0107enje: Ne<\/div>\n<\/div>\n<div class=\"spec\">\n<div class=\"title\">Svje\u017ei zrak: Ne<\/div>\n<\/div>\n<div class=\"spec\">\n<div class=\"title\">Kvalitet zraka LED displej: Ne<\/div>\n<\/div>\n<div class=\"spec\">\n<div class=\"title\">Jednostavna ugradnja: Ne<\/div>\n<\/div>\n<div class=\"spec\">\n<div class=\"title\">Servisna provjera: Da<\/div>\n<\/div>\n<div class=\"spec\">\n<div class=\"title\">Lako odr\u017eavanje: Da<\/div>\n<\/div>\n<div class=\"spec\">\n<div class=\"title\">UVC sterilizacija: Da<\/p>\n<p><strong>TEHNI\u010cKI PODACI:<\/strong><\/p>\n<div class=\"specs\">\n<div class=\"spec-container show\">\n<div class=\"spec\">\n<div class=\"title\">Godi\u0161nja potro\u0161nja elektri\u010dne energije za hla\u0111enje (QCE): 224 kWh<\/div>\n<\/div>\n<div class=\"spec\">\n<div class=\"title\">Rashladna teku\u0107ina: R32<\/div>\n<\/div>\n<div class=\"spec\">\n<div class=\"title\">Temperaturni opseg u re\u017eimu &#8211; grijanje (\u00b0C): -22- 24<\/div>\n<\/div>\n<div class=\"spec\">\n<div class=\"title\">Temperaturni opseg u re\u017eimu &#8211; hla\u0111enje (\u00b0C): -15 &#8211; 50<\/div>\n<\/div>\n<div class=\"spec\">\n<div class=\"title\">Promjer kondenzacijske cijevi: 18 mm<\/div>\n<\/div>\n<div class=\"spec\">\n<div class=\"title\">Cijev za teku\u0107inu &#8211; promjer (mm): 6,35<\/div>\n<\/div>\n<div class=\"spec\">\n<div class=\"title\">Minimalna zvu\u010dna snaga: 60 dB(A)<\/div>\n<\/div>\n<div class=\"spec\">\n<div class=\"title\">Potro\u0161nja u re\u017eimu mirovanja: 1 W<\/div>\n<\/div>\n<div class=\"spec\">\n<div class=\"title\">Frekvencija: 50 Hz<\/div>\n<\/div>\n<div class=\"spec\">\n<div class=\"title\">Cooling hourly energy consumption: 1.3 kWh<\/div>\n<\/div>\n<div class=\"spec\">\n<div class=\"title\">Heating hourly energy consumption: 1.4 kWh<\/div>\n<\/div>\n<div class=\"spec\">\n<div class=\"title\">Rashladna snaga: 5000 W<\/div>\n<\/div>\n<div class=\"spec\">\n<div class=\"title\">Aparat sadr\u017ei ekolo\u0161ke plinove: Da<\/div>\n<\/div>\n<div class=\"spec\">\n<div class=\"title\">Koli\u010dina plina: 1.15 kg<\/div>\n<\/div>\n<div class=\"spec\">\n<div class=\"title\">Koli\u010dina izra\u017eena u ekvivalentu CO2 (t): 0.776<\/div>\n<\/div>\n<div class=\"spec\">\n<div class=\"title\">Zvu\u010dni pritisak &#8211; min.: 32 dB(A)<\/div>\n<\/div>\n<div class=\"spec\">\n<div class=\"title\">Zvu\u010dni pritisak &#8211; max.: 44 dB(A)<\/div>\n<\/div>\n<div class=\"spec\">\n<div class=\"title\">Zagrijavanje \u0161asije vanjske jedinice: Da<\/div>\n<\/div>\n<div class=\"spec\">\n<div class=\"title\">Maks. du\u017eina cijevi: 20 m<\/div>\n<\/div>\n<div class=\"spec\">\n<div class=\"title\">Maks. visinska razlika: 15 m<\/div>\n<\/div>\n<div class=\"spec\">\n<div class=\"title\">Nazivno optere\u0107enje za grijanje &#8211; prosje\u010dna sezona grijanja: 3.9 kW<\/div>\n<\/div>\n<div class=\"spec\">\n<div class=\"title\">Deklarisani kapacitet (Pdh(Tj)) &#8211; prosje\u010dna sezona grijanja: 3.9 kW<\/div>\n<\/div>\n<div class=\"spec\">\n<div class=\"title\">Nazivna struja kod hla\u0111enja: 5.8 A<\/div>\n<\/div>\n<div class=\"spec\">\n<div class=\"title\">Nazivna struja kod zagrijavanja: 6.2 A<\/div>\n<\/div>\n<div class=\"spec\">\n<div class=\"title\">\u0160irina: 933 mm<\/div>\n<\/div>\n<div class=\"spec\">\n<div class=\"title\">Visina: 300 mm<\/div>\n<\/div>\n<div class=\"spec\">\n<div class=\"title\">Dubina: 216 mm<\/div>\n<\/div>\n<div class=\"spec\">\n<div class=\"title\">\u0160irina proizvoda u ambala\u017ei: 995 mm<\/div>\n<\/div>\n<div class=\"spec\">\n<div class=\"title\">Visina proizvoda u ambala\u017ei: 365 mm<\/div>\n<\/div>\n<div class=\"spec\">\n<div class=\"title\">Dubina proizvoda u ambala\u017ei: 310 mm<\/div>\n<\/div>\n<div class=\"spec\">\n<div class=\"title\">Neto te\u017eina aparata: 10.5 kg<\/div>\n<\/div>\n<div class=\"spec\">\n<div class=\"title\">Bruto te\u017eina aparata: 12.5 kg<\/div>\n<\/div>\n<div class=\"spec\">\n<div class=\"title\">Osigura\u010d: 5 A<\/div>\n<\/div>\n<div class=\"spec\">\n<div class=\"title\">Priklju\u010dni napon: 220-240 V<\/div>\n<\/div>\n<div class=\"spec\">\n<div class=\"title\">Potro\u0161nja el. energije pri zagrijavanju\/radna struja: 1380 W<\/div>\n<\/div>\n<div class=\"spec\">\n<div class=\"title\">Potro\u0161nja el. energije pri hla\u0111enju\/radna struja: 1295 W<\/div>\n<\/div>\n<div class=\"spec\">\n<div class=\"title\">Kapacitet hla\u0111enja (Btu\/h): 18000<\/div>\n<\/div>\n<div class=\"spec\">\n<div class=\"title\">Kapacitet grijanja (Btu\/h): 18000<\/div>\n<\/div>\n<div class=\"spec\">\n<div class=\"title\">Kod proizvoda: 20011396<\/div>\n<\/div>\n<div class=\"spec\">\n<div class=\"title\">EAN kod: 6926597725055<\/p>\n<p><img data-recalc-dims=\"1\" loading=\"lazy\" decoding=\"async\" class=\"size-full wp-image-15573 aligncenter\" src=\"https:\/\/i0.wp.com\/coolmarket.ba\/wp-content\/uploads\/2024\/07\/Grijanje-Vodoinstalacije-klimatizacija-2.png?resize=1170%2C433&#038;ssl=1\" alt=\"\" width=\"1170\" height=\"433\" srcset=\"https:\/\/i0.wp.com\/coolmarket.ba\/wp-content\/uploads\/2024\/07\/Grijanje-Vodoinstalacije-klimatizacija-2.png?w=1170&amp;ssl=1 1170w, https:\/\/i0.wp.com\/coolmarket.ba\/wp-content\/uploads\/2024\/07\/Grijanje-Vodoinstalacije-klimatizacija-2.png?resize=300%2C111&amp;ssl=1 300w, https:\/\/i0.wp.com\/coolmarket.ba\/wp-content\/uploads\/2024\/07\/Grijanje-Vodoinstalacije-klimatizacija-2.png?resize=1024%2C379&amp;ssl=1 1024w, https:\/\/i0.wp.com\/coolmarket.ba\/wp-content\/uploads\/2024\/07\/Grijanje-Vodoinstalacije-klimatizacija-2.png?resize=768%2C284&amp;ssl=1 768w, https:\/\/i0.wp.com\/coolmarket.ba\/wp-content\/uploads\/2024\/07\/Grijanje-Vodoinstalacije-klimatizacija-2.png?resize=18%2C7&amp;ssl=1 18w, https:\/\/i0.wp.com\/coolmarket.ba\/wp-content\/uploads\/2024\/07\/Grijanje-Vodoinstalacije-klimatizacija-2.png?resize=600%2C222&amp;ssl=1 600w, https:\/\/i0.wp.com\/coolmarket.ba\/wp-content\/uploads\/2024\/07\/Grijanje-Vodoinstalacije-klimatizacija-2.png?resize=64%2C24&amp;ssl=1 64w\" sizes=\"(max-width: 1170px) 100vw, 1170px\" \/><\/p>\n<p>&nbsp;<\/p>\n<p><strong>CoolMarket<\/strong> je va\u0161 pouzdani partner za prodaju, ugradnju i odr\u017eavanje klima ure\u0111aja, toplotnih pumpi te sistema za vodu i grijanje. Na\u0161a stru\u010dnost osigurava kvalitetne proizvode i vrhunske usluge kako bi va\u0161 dom ili poslovni prostor bio udoban i funkcionalan. Kontaktirajte nas za sve potrebe vezane za klimatizaciju, grijanje i vodoinstalacije. Dostupni smo na Viber i Whatsapp\u00a0 +387 62 53 53 50<\/p>\n<\/div>\n<\/div>\n<\/div>\n<\/div>\n<div class=\"footer\"><\/div>\n<\/div>\n<\/div>\n<\/div>\n<\/div>\n<\/div>\n<\/div>\n<div class=\"product-specs\">\n<div class=\"product-specs-wrapper\">\n<div class=\"header\">\n<div class=\"header-container\"><\/div>\n<\/div>\n<\/div>\n<\/div>\n<\/div>","protected":false},"excerpt":{"rendered":"<p>Na\u010din rada: Inverterski<\/p>\n<p>Rashladna snaga: 5000 W<\/p>\n<p>Snaga zagrijavanja: 5400 W<\/p>\n<p>Kapacitet hla\u0111enja (Btu\/h): 18000<\/p>\n<p>Kapacitet grijanja (Btu\/h): 18000<\/p>\n<p>Wi-Fi upravljanje<\/p>\n<p>\u0160irina: 933 mm<\/p>\n<p>Visina: 300 mm<\/p>\n<p>Dubina: 216 mm<\/p>\n<p>Kod proizvoda: 20011396<\/p>","protected":false},"featured_media":15660,"template":"","meta":{"om_disable_all_campaigns":false,"_monsterinsights_skip_tracking":false,"_monsterinsights_sitenote_active":false,"_monsterinsights_sitenote_note":"","_monsterinsights_sitenote_category":0},"product_cat":[335,322,305,794,401,306,348],"product_tag":[],"class_list":{"0":"post-15658","1":"product","2":"type-product","3":"status-publish","4":"has-post-thumbnail","6":"product_cat-12ke-inverteri","7":"product_cat-12ke-klime","8":"product_cat-grijanje-i-hladenje","9":"product_cat-hisense","10":"product_cat-klima-inverteri","11":"product_cat-klima-uredaji","12":"product_cat-klima-uredaji-klima-uredaji","14":"first","15":"instock","16":"sale","17":"taxable","18":"shipping-taxable","19":"purchasable","20":"product-type-simple"},"aioseo_notices":[],"_links":{"self":[{"href":"https:\/\/coolmarket.ba\/bs\/wp-json\/wp\/v2\/product\/15658","targetHints":{"allow":["GET"]}}],"collection":[{"href":"https:\/\/coolmarket.ba\/bs\/wp-json\/wp\/v2\/product"}],"about":[{"href":"https:\/\/coolmarket.ba\/bs\/wp-json\/wp\/v2\/types\/product"}],"wp:featuredmedia":[{"embeddable":true,"href":"https:\/\/coolmarket.ba\/bs\/wp-json\/wp\/v2\/media\/15660"}],"wp:attachment":[{"href":"https:\/\/coolmarket.ba\/bs\/wp-json\/wp\/v2\/media?parent=15658"}],"wp:term":[{"taxonomy":"product_cat","embeddable":true,"href":"https:\/\/coolmarket.ba\/bs\/wp-json\/wp\/v2\/product_cat?post=15658"},{"taxonomy":"product_tag","embeddable":true,"href":"https:\/\/coolmarket.ba\/bs\/wp-json\/wp\/v2\/product_tag?post=15658"}],"curies":[{"name":"wp","href":"https:\/\/api.w.org\/{rel}","templated":true}]}}