{"id":15644,"date":"2025-01-23T16:16:15","date_gmt":"2025-01-23T16:16:15","guid":{"rendered":"https:\/\/coolmarket.ba\/?post_type=product&#038;p=15644"},"modified":"2025-01-24T15:39:21","modified_gmt":"2025-01-24T15:39:21","slug":"mitsubishi-12ka-msz-ay35vgkp-muz-ay35vg","status":"publish","type":"product","link":"https:\/\/coolmarket.ba\/bs\/proizvod\/mitsubishi-12ka-msz-ay35vgkp-muz-ay35vg\/","title":{"rendered":"MITSUBISHI 12ka MSZ-AY35VGKP\/MUZ-AY35VG"},"content":{"rendered":"<h3><strong>MITSUBISHI ELECTRIC KLIMA URE\u0110AJ MSZ-AY35VGKP\/MUZ-AY35VG (PLAZMA QUAD FILTER) Namijenjena za grijanje do -20\u00b0C<\/strong><\/h3>\n<p><img data-recalc-dims=\"1\" fetchpriority=\"high\" decoding=\"async\" class=\"aligncenter wp-image-15645 size-full\" src=\"https:\/\/i0.wp.com\/coolmarket.ba\/wp-content\/uploads\/2025\/01\/mitsubishi-ay.png?resize=900%2C900&#038;ssl=1\" alt=\"\" width=\"900\" height=\"900\" srcset=\"https:\/\/i0.wp.com\/coolmarket.ba\/wp-content\/uploads\/2025\/01\/mitsubishi-ay.png?w=900&amp;ssl=1 900w, https:\/\/i0.wp.com\/coolmarket.ba\/wp-content\/uploads\/2025\/01\/mitsubishi-ay.png?resize=300%2C300&amp;ssl=1 300w, https:\/\/i0.wp.com\/coolmarket.ba\/wp-content\/uploads\/2025\/01\/mitsubishi-ay.png?resize=150%2C150&amp;ssl=1 150w, https:\/\/i0.wp.com\/coolmarket.ba\/wp-content\/uploads\/2025\/01\/mitsubishi-ay.png?resize=768%2C768&amp;ssl=1 768w, https:\/\/i0.wp.com\/coolmarket.ba\/wp-content\/uploads\/2025\/01\/mitsubishi-ay.png?resize=12%2C12&amp;ssl=1 12w, https:\/\/i0.wp.com\/coolmarket.ba\/wp-content\/uploads\/2025\/01\/mitsubishi-ay.png?resize=650%2C650&amp;ssl=1 650w, https:\/\/i0.wp.com\/coolmarket.ba\/wp-content\/uploads\/2025\/01\/mitsubishi-ay.png?resize=600%2C600&amp;ssl=1 600w, https:\/\/i0.wp.com\/coolmarket.ba\/wp-content\/uploads\/2025\/01\/mitsubishi-ay.png?resize=100%2C100&amp;ssl=1 100w, https:\/\/i0.wp.com\/coolmarket.ba\/wp-content\/uploads\/2025\/01\/mitsubishi-ay.png?resize=64%2C64&amp;ssl=1 64w\" sizes=\"(max-width: 900px) 100vw, 900px\" \/><\/p>\n<div>Zidna unutarnja i vanjska jedinica<br \/>\nU\u010dinak hla\u0111enja: 3,5kW (1,1-3,8)kW<br \/>\nU\u010dinak grijanja: 4,0kW (1,3-4,6)kW<br \/>\nPrikladno za prostor do 35m2<br \/>\nEnergetska klasa: A+++<br \/>\nWi-Fi adapter je ugra\u0111en u unutarnju jedinicu i uklju\u010den u cijenu<\/div>\n<div>Putem daljinskog upravlja\u010da mogu\u0107e je pode\u0161avati smjer vertikalnih i horizontalnih usmjeriva\u010da zraka<\/div>\n<div>Grijanje na vanjskoj temperaturi do -20 \u00b0C<\/div>\n<p><strong>Najprodavaniji japanski klima ure\u0111aj za primarno grijanje!<\/strong><br \/>\nRadna tvar: R-32<\/p>\n<div>Tvorni\u010dko jamstvo: 3 godine<\/div>\n<p>Ovaj napredni model proizvo\u0111a\u010da Mitsubishi Electric osvaja brojnim funkcionalnostima, privla\u010dnim izgledom i kompaktnom izvedbom. Uz tih i pouzdan rad,\u00a0<strong>Mitsubishi Electric Super Inverter Plus<\/strong>\u00a0u\u00a0sebi ima ugra\u0111en\u00a0<a href=\"https:\/\/klimatizacija.hr\/wi-fi-interface-mitsubishi-electric-mac-567if-e1-proizvod-1770\/\" target=\"_blank\" rel=\"noopener\"><strong>WiFi su\u010delje<\/strong><\/a>\u00a0i nudi opciju ugradnje dodatnog\u00a0<a href=\"https:\/\/klimatizacija.hr\/proizvodi\/?searchcode=basic&amp;searchid=1&amp;a=&amp;discount=&amp;with_qty=&amp;new=&amp;categories=18&amp;manufacturers=1&amp;search_q=daljinski%20upravlja%C4%8D\" target=\"_blank\" rel=\"noopener\"><strong>\u017ei\u010danog upravlja\u010dkog su\u010delja<\/strong><\/a>\u00a0koji se prodaje\u00a0zasebno. Tako\u0111er, koristi novi, ekolo\u0161ki prihvatljiv\u00a0<a href=\"https:\/\/klimatizacija.hr\/blog\/energetska-ucinkovitost\/r32-ekoloski-rashladni-medij-15\/\" target=\"_blank\" rel=\"noopener\"><strong>rashladni medij R32<\/strong><\/a>\u00a0i upravo zahvaljuju\u0107i njemu i naprednoj inverterskoj tehnologiji spada u ure\u0111aje odli\u010dne energetske u\u010dinkovitosti razreda\u00a0<strong>A+++<\/strong>.\u00a0Sa snagom od\u00a0<strong>3.5 kW<\/strong>\u00a0pouzdano \u0107e rashladiti prostorije do\u00a0<strong>35\u00a0m\u00b2.<\/strong><\/p>\n<p>Upravljanje ure\u0111ajem omogu\u0107eno je infracrvenim daljinskim upravlja\u010dem, a va\u0161a udobnost pomo\u0107u brojnih funkcija. Vertikalne i horizontalne lamele automatski se pomi\u010du kako bi osigurale ravnomjerni protok zraka po prostoriji a\u00a0<strong>Econo Cool<\/strong>\u00a0funkcija prilago\u0111ava koli\u010dinu zraka usmjerenu prema tijelu na temelju temperature izlaznog zraka. Na taj na\u010din tako\u0111er se posti\u017ee i\u00a0<strong>20%<\/strong>\u00a0-tni porast energetske u\u010dinkovitosti.<\/p>\n<p>Za bezbri\u017ean rad \u010dak i kada niste tu pobrinule su se napredne funkcije:\u00a0<strong>Sedmi\u010dni timer, \u201ci save\u201d, Automatski restart i Automatska promjena re\u017eima rada<\/strong>. One zajedno nude veliku kontrolu klima ure\u0111aja kroz automatsko ga\u0161enje, paljenje, promjenu zadane temperature i rad po unaprijed odre\u0111enim postavkama. Na ovaj na\u010din \u0107ete i dodatno u\u0161tedjeti na potro\u0161nji elektri\u010dne energije.<\/p>\n<p>Zahvaljuju\u0107i\u00a0<strong>Plasma Quad Plus<\/strong>\u00a0naprednoj tehnologiji\u00a0filtriranja\u00a0ovaj sustav\u00a0je idealan za astmati\u010dare i alergi\u010dare.\u00a0Pouzdano uklanja\u00a0<strong>99% \u0161tetnih \u010destica<\/strong>\u00a0poput virusa, bakterija i plijesni u zraku,\u00a0<strong>98% alergena<\/strong>\u00a0(kao \u0161to je pelud),\u00a0<strong>97% grinja i pra\u0161ine<\/strong>\u00a0i\u00a0<strong>99% mikro\u010destica<\/strong>\u00a0u zraku (PM2.5), a tako\u0111er hvata i neutralizira mirise. Uz sve to funkcija\u00a0samo\u010di\u0161\u0107enja sprje\u010dava plijesan i neugodne mirise, omogu\u0107uju\u0107i dovod \u010di\u0161\u0107eg zraka u prostor. Spavajte mirno uz osiguranu kvalitetu zraka i\u00a0<strong>No\u0107nu postavku<\/strong>\u00a0koja smanjuje razinu svjetlosti indikatora klima ure\u0111aja, isklju\u010duje zvu\u010dnu signalizaciju i sni\u017eava razinu buke rada vanjske jedinice za 3dB.<\/p>\n<p>Klima ure\u0111aj Mitsubishi Electric Super Inverter Plus 3.5 kW sastoji se od unutarnje jedinice oznake\u00a0<strong>MSZ-AY35VGKP<\/strong>, vanjske jedinice\u00a0<strong>MUZ-AY35VG<\/strong>\u00a0i infracrvenog daljinskog upravlja\u010da.<\/p>\n<p>&nbsp;<\/p>\n<p><img data-recalc-dims=\"1\" decoding=\"async\" class=\"size-full wp-image-15573 aligncenter\" src=\"https:\/\/i0.wp.com\/coolmarket.ba\/wp-content\/uploads\/2024\/07\/Grijanje-Vodoinstalacije-klimatizacija-2.png?resize=1170%2C433&#038;ssl=1\" alt=\"\" width=\"1170\" height=\"433\" srcset=\"https:\/\/i0.wp.com\/coolmarket.ba\/wp-content\/uploads\/2024\/07\/Grijanje-Vodoinstalacije-klimatizacija-2.png?w=1170&amp;ssl=1 1170w, https:\/\/i0.wp.com\/coolmarket.ba\/wp-content\/uploads\/2024\/07\/Grijanje-Vodoinstalacije-klimatizacija-2.png?resize=300%2C111&amp;ssl=1 300w, https:\/\/i0.wp.com\/coolmarket.ba\/wp-content\/uploads\/2024\/07\/Grijanje-Vodoinstalacije-klimatizacija-2.png?resize=1024%2C379&amp;ssl=1 1024w, https:\/\/i0.wp.com\/coolmarket.ba\/wp-content\/uploads\/2024\/07\/Grijanje-Vodoinstalacije-klimatizacija-2.png?resize=768%2C284&amp;ssl=1 768w, https:\/\/i0.wp.com\/coolmarket.ba\/wp-content\/uploads\/2024\/07\/Grijanje-Vodoinstalacije-klimatizacija-2.png?resize=18%2C7&amp;ssl=1 18w, https:\/\/i0.wp.com\/coolmarket.ba\/wp-content\/uploads\/2024\/07\/Grijanje-Vodoinstalacije-klimatizacija-2.png?resize=600%2C222&amp;ssl=1 600w, https:\/\/i0.wp.com\/coolmarket.ba\/wp-content\/uploads\/2024\/07\/Grijanje-Vodoinstalacije-klimatizacija-2.png?resize=64%2C24&amp;ssl=1 64w\" sizes=\"(max-width: 1170px) 100vw, 1170px\" \/><\/p>\n<p>&nbsp;<\/p>\n<p><strong>CoolMarket<\/strong> je va\u0161 pouzdani partner za prodaju, ugradnju i odr\u017eavanje klima ure\u0111aja, toplotnih pumpi te sistema za vodu i grijanje. Na\u0161a stru\u010dnost osigurava kvalitetne proizvode i vrhunske usluge kako bi va\u0161 dom ili poslovni prostor bio udoban i funkcionalan. Kontaktirajte nas za sve potrebe vezane za klimatizaciju, grijanje i vodoinstalacije. Dostupni smo na Viber i Whatsapp\u00a0 +387 62 53 53 50<\/p>","protected":false},"excerpt":{"rendered":"<p><strong>Wifi upravljanje<\/strong><br \/>\nMogu\u0107nost upravljanja ure\u0111ajem putem pametnog telefona, tableta ili ra\u010dunala. Kod ve\u0107ine ure\u0111aja potrebno je doplatiti za Wifi adapter koji se prodaje zasebno<\/p>\n<div class=\"cd-tech-cnt\">\n<div class=\"cd-tech-item-cnt cd-tech-item-cnt1 active\">\n<div class=\"cd-tech-cnt\">\n<div class=\"cd-tech-item-title\"><strong>Automatsko uklju\u010divanje<\/strong><\/div>\n<div class=\"cd-tech-item-cnt cd-tech-item-cnt2 active\">U slu\u010daju nestanka elektri\u010dne energije, ure\u0111aj se automatski pokre\u0107e prilikom dolaska elektri\u010dne energije<\/div>\n<\/div>\n<div class=\"cd-tech-cnt\">\n<div class=\"cd-tech-item-title\"><strong>Antialergijski filter<\/strong><\/div>\n<div class=\"cd-tech-item-cnt cd-tech-item-cnt3 active\">Perivi filter za pra\u0161inu iznimno je lak za odr\u017eavanje<\/div>\n<\/div>\n<div class=\"cd-tech-cnt\">\n<div class=\"cd-tech-item-title\"><strong>Auto dijagnoza<\/strong><\/div>\n<div class=\"cd-tech-item-cnt cd-tech-item-cnt4 active\">Mogu\u0107nost o\u010ditanja gre\u0161aka i obavije\u0161tavanja servisera<\/div>\n<\/div>\n<div class=\"cd-tech-cnt\">\n<div class=\"cd-tech-item-title\"><strong>Automatski re\u017eim rada<\/strong><\/div>\n<div class=\"cd-tech-item-cnt cd-tech-item-cnt5 active\">Ure\u0111aj sam izabire izme\u0111u re\u017eima hla\u0111enja ili grijanja, zavisno i uvjetima u prostoru<\/div>\n<\/div>\n<div class=\"cd-tech-cnt\">\n<div class=\"cd-tech-item-title\"><strong>Eco re\u017eim<\/strong><\/div>\n<div class=\"cd-tech-item-cnt cd-tech-item-cnt6 active\">Re\u017eim maksimalne u\u0161tede potro\u0161nje elektri\u010dne energije<\/div>\n<\/div>\n<div class=\"cd-tech-cnt\">\n<div class=\"cd-tech-item-title\"><strong>High power re\u017eim<\/strong><\/div>\n<div class=\"cd-tech-item-cnt cd-tech-item-cnt7 active\">Re\u017eim rada u kojem ure\u0111aj radi na maksimalnoj snazi, hlade\u0107i ili griju\u0107i prostor u najkra\u0107em mogu\u0107em roku<\/div>\n<\/div>\n<div class=\"cd-tech-cnt\">\n<div class=\"cd-tech-item-title\"><strong>Samo\u010di\u0161\u0107enje ure\u0111aja<\/strong><\/div>\n<div class=\"cd-tech-item-cnt cd-tech-item-cnt9 active\">Po zavr\u0161etku rada ventilator nastavlja su\u0161iti izmjenjiva\u010d topline, sprije\u010davaju\u0107i nakupljanje bakterija i virusa<\/div>\n<\/div>\n<div class=\"cd-tech-cnt\">\n<div class=\"cd-tech-item-title\"><strong>Tihi rad<\/strong><\/div>\n<div class=\"cd-tech-item-cnt cd-tech-item-cnt10 active\">Re\u017eim u kojem se sni\u017eava razina buke unutarnje i vanjske jedinice<\/div>\n<\/div>\n<div class=\"cd-tech-cnt\">\n<div class=\"cd-tech-item-title\"><strong>Timer<\/strong><\/div>\n<div class=\"cd-tech-item-cnt cd-tech-item-cnt11 active\">Omogu\u0107uje korisniku pode\u0161avanje vremena pokretanja i ga\u0161enja ure\u0111aja<\/div>\n<\/div>\n<div class=\"cd-tech-cnt\"><\/div>\n<\/div>\n<\/div>","protected":false},"featured_media":15649,"template":"","meta":{"om_disable_all_campaigns":false,"_monsterinsights_skip_tracking":false,"_monsterinsights_sitenote_active":false,"_monsterinsights_sitenote_note":"","_monsterinsights_sitenote_category":0},"product_cat":[15,335,305,306,323],"product_tag":[],"class_list":{"0":"post-15644","1":"product","2":"type-product","3":"status-publish","4":"has-post-thumbnail","6":"product_cat-nekategorizovano","7":"product_cat-12ke-inverteri","8":"product_cat-grijanje-i-hladenje","9":"product_cat-klima-uredaji","10":"product_cat-mitsubishi","12":"first","13":"instock","14":"taxable","15":"shipping-taxable","16":"purchasable","17":"product-type-simple"},"aioseo_notices":[],"_links":{"self":[{"href":"https:\/\/coolmarket.ba\/bs\/wp-json\/wp\/v2\/product\/15644","targetHints":{"allow":["GET"]}}],"collection":[{"href":"https:\/\/coolmarket.ba\/bs\/wp-json\/wp\/v2\/product"}],"about":[{"href":"https:\/\/coolmarket.ba\/bs\/wp-json\/wp\/v2\/types\/product"}],"wp:featuredmedia":[{"embeddable":true,"href":"https:\/\/coolmarket.ba\/bs\/wp-json\/wp\/v2\/media\/15649"}],"wp:attachment":[{"href":"https:\/\/coolmarket.ba\/bs\/wp-json\/wp\/v2\/media?parent=15644"}],"wp:term":[{"taxonomy":"product_cat","embeddable":true,"href":"https:\/\/coolmarket.ba\/bs\/wp-json\/wp\/v2\/product_cat?post=15644"},{"taxonomy":"product_tag","embeddable":true,"href":"https:\/\/coolmarket.ba\/bs\/wp-json\/wp\/v2\/product_tag?post=15644"}],"curies":[{"name":"wp","href":"https:\/\/api.w.org\/{rel}","templated":true}]}}