{"id":15642,"date":"2025-01-23T15:40:36","date_gmt":"2025-01-23T15:40:36","guid":{"rendered":"https:\/\/coolmarket.ba\/?post_type=product&#038;p=15642"},"modified":"2025-01-24T15:39:56","modified_gmt":"2025-01-24T15:39:56","slug":"zep-foaming-coil-cleaner-za-ciscenje-isparivaca-600ml","status":"publish","type":"product","link":"https:\/\/coolmarket.ba\/bs\/proizvod\/zep-foaming-coil-cleaner-za-ciscenje-isparivaca-600ml\/","title":{"rendered":"ZEP FOAMING COIL CLEANER ZA \u010cI\u0160\u0106ENJE ISPARIVA\u010cA 600ml"},"content":{"rendered":"<p>ZEP FOAMING COIL CLEANER ZA \u010cI\u0160\u0106ENJE ISPARIVA\u010cA 600ml<\/p>\n<p>&nbsp;<\/p>\n<p>Sprej za \u010di\u0161\u0107enje i dezinfekciju klima ure\u0111aja<\/p>\n<p>-pjenu\u0161avo sredstvo za jednostavnu uporabu<\/p>\n<p>-odstranjuje ulje, masno\u0107u, pra\u0161inu i ne\u010disto\u0107u<\/p>\n<p>-nije potrebno ispirati<\/p>\n<p>-nanosi se \u0161pricanjem u smjeru gore-dolje<\/p>\n<p><img data-recalc-dims=\"1\" fetchpriority=\"high\" decoding=\"async\" class=\"size-full wp-image-15573 aligncenter\" src=\"https:\/\/i0.wp.com\/coolmarket.ba\/wp-content\/uploads\/2024\/07\/Grijanje-Vodoinstalacije-klimatizacija-2.png?resize=1170%2C433&#038;ssl=1\" alt=\"\" width=\"1170\" height=\"433\" srcset=\"https:\/\/i0.wp.com\/coolmarket.ba\/wp-content\/uploads\/2024\/07\/Grijanje-Vodoinstalacije-klimatizacija-2.png?w=1170&amp;ssl=1 1170w, https:\/\/i0.wp.com\/coolmarket.ba\/wp-content\/uploads\/2024\/07\/Grijanje-Vodoinstalacije-klimatizacija-2.png?resize=300%2C111&amp;ssl=1 300w, https:\/\/i0.wp.com\/coolmarket.ba\/wp-content\/uploads\/2024\/07\/Grijanje-Vodoinstalacije-klimatizacija-2.png?resize=1024%2C379&amp;ssl=1 1024w, https:\/\/i0.wp.com\/coolmarket.ba\/wp-content\/uploads\/2024\/07\/Grijanje-Vodoinstalacije-klimatizacija-2.png?resize=768%2C284&amp;ssl=1 768w, https:\/\/i0.wp.com\/coolmarket.ba\/wp-content\/uploads\/2024\/07\/Grijanje-Vodoinstalacije-klimatizacija-2.png?resize=18%2C7&amp;ssl=1 18w, https:\/\/i0.wp.com\/coolmarket.ba\/wp-content\/uploads\/2024\/07\/Grijanje-Vodoinstalacije-klimatizacija-2.png?resize=600%2C222&amp;ssl=1 600w, https:\/\/i0.wp.com\/coolmarket.ba\/wp-content\/uploads\/2024\/07\/Grijanje-Vodoinstalacije-klimatizacija-2.png?resize=64%2C24&amp;ssl=1 64w\" sizes=\"(max-width: 1170px) 100vw, 1170px\" \/><\/p>\n<p>&nbsp;<\/p>\n<p><strong>CoolMarket<\/strong> je va\u0161 pouzdani partner za prodaju, ugradnju i odr\u017eavanje klima ure\u0111aja, toplotnih pumpi te sistema za vodu i grijanje. Na\u0161a stru\u010dnost osigurava kvalitetne proizvode i vrhunske usluge kako bi va\u0161 dom ili poslovni prostor bio udoban i funkcionalan. Kontaktirajte nas za sve potrebe vezane za klimatizaciju, grijanje i vodoinstalacije. Dostupni smo na Viber i Whatsapp\u00a0 +387 62 53 53 50<\/p>","protected":false},"excerpt":{"rendered":"<p>Sprej za \u010di\u0161\u0107enje i dezinfekciju klima ure\u0111aja<\/p>\n<p>-pjenu\u0161avo sredstvo za jednostavnu uporabu<\/p>\n<p>-odstranjuje ulje, masno\u0107u, pra\u0161inu i ne\u010disto\u0107u<\/p>\n<p>-nije potrebno ispirati<\/p>\n<p>-nanosi se \u0161pricanjem u smjeru gore-dolje<\/p>","protected":false},"featured_media":15643,"template":"","meta":{"om_disable_all_campaigns":false,"_monsterinsights_skip_tracking":false,"_monsterinsights_sitenote_active":false,"_monsterinsights_sitenote_note":"","_monsterinsights_sitenote_category":0},"product_cat":[808],"product_tag":[],"class_list":{"0":"post-15642","1":"product","2":"type-product","3":"status-publish","4":"has-post-thumbnail","6":"product_cat-sredstva-za-dezinfekciju","8":"first","9":"instock","10":"taxable","11":"shipping-taxable","12":"purchasable","13":"product-type-simple"},"aioseo_notices":[],"_links":{"self":[{"href":"https:\/\/coolmarket.ba\/bs\/wp-json\/wp\/v2\/product\/15642","targetHints":{"allow":["GET"]}}],"collection":[{"href":"https:\/\/coolmarket.ba\/bs\/wp-json\/wp\/v2\/product"}],"about":[{"href":"https:\/\/coolmarket.ba\/bs\/wp-json\/wp\/v2\/types\/product"}],"wp:featuredmedia":[{"embeddable":true,"href":"https:\/\/coolmarket.ba\/bs\/wp-json\/wp\/v2\/media\/15643"}],"wp:attachment":[{"href":"https:\/\/coolmarket.ba\/bs\/wp-json\/wp\/v2\/media?parent=15642"}],"wp:term":[{"taxonomy":"product_cat","embeddable":true,"href":"https:\/\/coolmarket.ba\/bs\/wp-json\/wp\/v2\/product_cat?post=15642"},{"taxonomy":"product_tag","embeddable":true,"href":"https:\/\/coolmarket.ba\/bs\/wp-json\/wp\/v2\/product_tag?post=15642"}],"curies":[{"name":"wp","href":"https:\/\/api.w.org\/{rel}","templated":true}]}}