{"id":15640,"date":"2025-01-23T15:35:30","date_gmt":"2025-01-23T15:35:30","guid":{"rendered":"https:\/\/coolmarket.ba\/?post_type=product&#038;p=15640"},"modified":"2025-01-24T15:40:43","modified_gmt":"2025-01-24T15:40:43","slug":"zep-venture-sprej-za-ciscenje-i-dezinfekciju-2","status":"publish","type":"product","link":"https:\/\/coolmarket.ba\/bs\/proizvod\/zep-venture-sprej-za-ciscenje-i-dezinfekciju-2\/","title":{"rendered":"ZEP venture sprej za \u010di\u0161\u0107enje i dezinfekciju"},"content":{"rendered":"<p>ZEP venture sprej za \u010di\u0161\u0107enje i dezinfekciju<\/p>\n<p>Mirisni sprej za \u010di\u0161\u0107enje i dezinfekciju klima ure\u0111aja<\/p>\n<p>\u2013 pjenu\u0161avo sredstvo jednostavno za uporabu, vrlo u\u010dinkovito<\/p>\n<p>\u2013 odstranjuje bakterije, plijesan, gljivice i ne\u010disto\u0107u<\/p>\n<p>\u2013 namjena za filtere, vanjsku i unutarnju jedinicu klima ure\u0111aja<\/p>\n<p>\u2013 glavna svojstva sredstva su stvaranje pjene, visokog sjaja, dezinficira, nije potrebno ispirati<\/p>\n<p>\u2013 mje\u0161avina teku\u0107ih kristala, emulgatora te otapala izvanredna su kombinacija za jednostavno i djelotvorno \u010di\u0161\u0107enje<\/p>\n<p>Pakiranje 600ml.<\/p>\n<p>Sprej zadovoljava zdravstvene standarde.<\/p>\n<p><img data-recalc-dims=\"1\" fetchpriority=\"high\" decoding=\"async\" class=\"size-full wp-image-15573 aligncenter\" src=\"https:\/\/i0.wp.com\/coolmarket.ba\/wp-content\/uploads\/2024\/07\/Grijanje-Vodoinstalacije-klimatizacija-2.png?resize=1170%2C433&#038;ssl=1\" alt=\"\" width=\"1170\" height=\"433\" srcset=\"https:\/\/i0.wp.com\/coolmarket.ba\/wp-content\/uploads\/2024\/07\/Grijanje-Vodoinstalacije-klimatizacija-2.png?w=1170&amp;ssl=1 1170w, https:\/\/i0.wp.com\/coolmarket.ba\/wp-content\/uploads\/2024\/07\/Grijanje-Vodoinstalacije-klimatizacija-2.png?resize=300%2C111&amp;ssl=1 300w, https:\/\/i0.wp.com\/coolmarket.ba\/wp-content\/uploads\/2024\/07\/Grijanje-Vodoinstalacije-klimatizacija-2.png?resize=1024%2C379&amp;ssl=1 1024w, https:\/\/i0.wp.com\/coolmarket.ba\/wp-content\/uploads\/2024\/07\/Grijanje-Vodoinstalacije-klimatizacija-2.png?resize=768%2C284&amp;ssl=1 768w, https:\/\/i0.wp.com\/coolmarket.ba\/wp-content\/uploads\/2024\/07\/Grijanje-Vodoinstalacije-klimatizacija-2.png?resize=18%2C7&amp;ssl=1 18w, https:\/\/i0.wp.com\/coolmarket.ba\/wp-content\/uploads\/2024\/07\/Grijanje-Vodoinstalacije-klimatizacija-2.png?resize=600%2C222&amp;ssl=1 600w, https:\/\/i0.wp.com\/coolmarket.ba\/wp-content\/uploads\/2024\/07\/Grijanje-Vodoinstalacije-klimatizacija-2.png?resize=64%2C24&amp;ssl=1 64w\" sizes=\"(max-width: 1170px) 100vw, 1170px\" \/><\/p>\n<p>&nbsp;<\/p>\n<p><strong>CoolMarket<\/strong> je va\u0161 pouzdani partner za prodaju, ugradnju i odr\u017eavanje klima ure\u0111aja, toplotnih pumpi te sistema za vodu i grijanje. Na\u0161a stru\u010dnost osigurava kvalitetne proizvode i vrhunske usluge kako bi va\u0161 dom ili poslovni prostor bio udoban i funkcionalan. Kontaktirajte nas za sve potrebe vezane za klimatizaciju, grijanje i vodoinstalacije. Dostupni smo na Viber i Whatsapp\u00a0 +387 62 53 53 50<\/p>","protected":false},"excerpt":{"rendered":"<p>Mirisni sprej za \u010di\u0161\u0107enje i dezinfekciju klima ure\u0111aja<br \/>\npjenu\u0161avo sredstvo jednostavno za uporabu, vrlo u\u010dinkovito<br \/>\nodstranjuje bakterije, plijesan, gljivice i ne\u010disto\u0107u<br \/>\nnamjena za filtere, vanjsku i unutarnju jedinicu klima ure\u0111aja<br \/>\nglavna svojstva sredstva su stvaranje pjene, visokog sjaja, dezinficira, nije potrebno ispirati<br \/>\nmje\u0161avina teku\u0107ih kristala, emulgatora te otapala izvanredna su kombinacija za jednostavno i djelotvorno \u010di\u0161\u0107enje<\/p>","protected":false},"featured_media":15641,"template":"","meta":{"om_disable_all_campaigns":false,"_monsterinsights_skip_tracking":false,"_monsterinsights_sitenote_active":false,"_monsterinsights_sitenote_note":"","_monsterinsights_sitenote_category":0},"product_cat":[808],"product_tag":[],"class_list":{"0":"post-15640","1":"product","2":"type-product","3":"status-publish","4":"has-post-thumbnail","6":"product_cat-sredstva-za-dezinfekciju","8":"first","9":"instock","10":"taxable","11":"shipping-taxable","12":"purchasable","13":"product-type-simple"},"aioseo_notices":[],"_links":{"self":[{"href":"https:\/\/coolmarket.ba\/bs\/wp-json\/wp\/v2\/product\/15640","targetHints":{"allow":["GET"]}}],"collection":[{"href":"https:\/\/coolmarket.ba\/bs\/wp-json\/wp\/v2\/product"}],"about":[{"href":"https:\/\/coolmarket.ba\/bs\/wp-json\/wp\/v2\/types\/product"}],"wp:featuredmedia":[{"embeddable":true,"href":"https:\/\/coolmarket.ba\/bs\/wp-json\/wp\/v2\/media\/15641"}],"wp:attachment":[{"href":"https:\/\/coolmarket.ba\/bs\/wp-json\/wp\/v2\/media?parent=15640"}],"wp:term":[{"taxonomy":"product_cat","embeddable":true,"href":"https:\/\/coolmarket.ba\/bs\/wp-json\/wp\/v2\/product_cat?post=15640"},{"taxonomy":"product_tag","embeddable":true,"href":"https:\/\/coolmarket.ba\/bs\/wp-json\/wp\/v2\/product_tag?post=15640"}],"curies":[{"name":"wp","href":"https:\/\/api.w.org\/{rel}","templated":true}]}}