{"id":15632,"date":"2025-01-07T10:51:04","date_gmt":"2025-01-07T10:51:04","guid":{"rendered":"https:\/\/coolmarket.ba\/?post_type=product&#038;p=15632"},"modified":"2025-01-07T10:52:23","modified_gmt":"2025-01-07T10:52:23","slug":"green-art-toplotna-pumpa-23kw","status":"publish","type":"product","link":"https:\/\/coolmarket.ba\/bs\/proizvod\/green-art-toplotna-pumpa-23kw\/","title":{"rendered":"GREEN ART TOPLOTNA PUMPA 23kW"},"content":{"rendered":"<p>Green Art toplotne pumpe predstavljaju vrhunac inovacije i odr\u017eivosti u oblasti grijanja i hla\u0111enja. Dizajnirane s pa\u017enjom na okoli\u0161 i potrebama modernih doma\u0107instava, ove pumpe kombiniraju najnoviju tehnologiju s izuzetnom energetskom efikasno\u0161\u0107u, pru\u017eaju\u0107i vam pouzdano rje\u0161enje za svaki dom.<\/p>\n<p>&#8211; Zagarantovan kvalitet i dugoro\u010dnost<\/p>\n<p>&#8211; U\u0161teda energije do 75%<\/p>\n<p>&#8211; Garancija 5 god. na kompresor i 3 god. na elektroniku, uz mogu\u0107nost dokupa garancije na 7 god.<\/p>\n<p>&#8211; Grijanje u ekstremnim uslovima cak na -30\u00b0<\/p>\n<p>&#8211; Kontrola preko mobilnog telefona i termostata<\/p>\n<p><img data-recalc-dims=\"1\" fetchpriority=\"high\" decoding=\"async\" class=\"alignnone size-full wp-image-15624\" src=\"https:\/\/i0.wp.com\/coolmarket.ba\/wp-content\/uploads\/2025\/01\/green-art.jpg?resize=1300%2C656&#038;ssl=1\" alt=\"\" width=\"1300\" height=\"656\" srcset=\"https:\/\/i0.wp.com\/coolmarket.ba\/wp-content\/uploads\/2025\/01\/green-art.jpg?w=2048&amp;ssl=1 2048w, https:\/\/i0.wp.com\/coolmarket.ba\/wp-content\/uploads\/2025\/01\/green-art.jpg?resize=300%2C151&amp;ssl=1 300w, https:\/\/i0.wp.com\/coolmarket.ba\/wp-content\/uploads\/2025\/01\/green-art.jpg?resize=1024%2C517&amp;ssl=1 1024w, https:\/\/i0.wp.com\/coolmarket.ba\/wp-content\/uploads\/2025\/01\/green-art.jpg?resize=768%2C388&amp;ssl=1 768w, https:\/\/i0.wp.com\/coolmarket.ba\/wp-content\/uploads\/2025\/01\/green-art.jpg?resize=1536%2C776&amp;ssl=1 1536w, https:\/\/i0.wp.com\/coolmarket.ba\/wp-content\/uploads\/2025\/01\/green-art.jpg?resize=18%2C9&amp;ssl=1 18w, https:\/\/i0.wp.com\/coolmarket.ba\/wp-content\/uploads\/2025\/01\/green-art.jpg?resize=600%2C303&amp;ssl=1 600w, https:\/\/i0.wp.com\/coolmarket.ba\/wp-content\/uploads\/2025\/01\/green-art.jpg?resize=64%2C32&amp;ssl=1 64w\" sizes=\"(max-width: 1300px) 100vw, 1300px\" \/><\/p>\n<p>Na\u0161e Green Art toplotne pumpe omogu\u0107avaju optimalnu kontrolu temperature tokom cijele godine, smanjuju\u0107i potro\u0161nju energije i tro\u0161kove, a istovremeno doprinose o\u010duvanju prirodnih resursa. Svaka pumpa je izra\u0111ena od visokokvalitetnih materijala, osiguravaju\u0107i dug vijek trajanja i minimalne potrebe za odr\u017eavanjem.<\/p>\n<p>Osim toga, Green Art toplotne pumpe su izuzetno tihe i diskretne, prilago\u0111ene su za sve vrste prostora, bilo da se radi o stambenim ili poslovnim objektima. Njihov napredni dizajn omogu\u0107ava jednostavnu instalaciju i integraciju s postoje\u0107im sistemima grijanja i hla\u0111enja.<\/p>\n<p>Bilo da \u017eelite smanjiti emisiju \u0161tetnih gasova, u\u0161tedjeti na ra\u010dunima za energiju ili jednostavno pobolj\u0161ati udobnost va\u0161eg doma, Green Art toplotne pumpe su savr\u0161en izbor za vas. Investirajte u svoju budu\u0107nost i budu\u0107nost na\u0161eg planeta uz Green Art \u2013 zeleno rje\u0161enje za odr\u017eivi \u017eivot.<\/p>\n<p>Hla\u0111enje<\/p>\n<p>Razvrstavanje prema koeficijentu efikasnosti (EER) za hla\u0111enje:<\/p>\n<p>Klasa A: EER &gt; 3.20<\/p>\n<p>Klasa B: 3.20 \u2265 EER &gt; 3.00<\/p>\n<p>Klasa C: 3.00 \u2265 EER &gt; 2.80<\/p>\n<p>Klasa D: 2.80 \u2265 EER &gt; 2.60<\/p>\n<p>Klasa E: 2.60 \u2265 EER &gt; 2.40<\/p>\n<p>Klasa G: EER \u2264 2.20<\/p>\n<p>Klasa F: 2.40 \u2265 EER &gt; 2.20<\/p>\n<p>Grijanje<\/p>\n<p>Razvrstavanje prema koeficijentu u\u010dinka (COP) za grijanje:<\/p>\n<p>Klasa A: COP &gt; 3.60<\/p>\n<p>Klasa B: 3.60 \u2265 COP &gt; 3.40<\/p>\n<p>Klasa C: 3.40 \u2265 COP &gt; 3.20<\/p>\n<p>Klasa D: 3.20 \u2265 COP &gt; 2.80<\/p>\n<p>Klasa E: 2.80 \u2265 COP &gt; 2.60<\/p>\n<p>Klasa F: 2.60 \u2265 COP &gt; 2.40<\/p>\n<p>Klasa G: COP \u2264 2.40<\/p>\n<p>Cijene toplotnih pumpi po kapacitetima:<\/p>\n<ul>\n<li>8kW 5.700,00KM<\/li>\n<li>12kW 5.900,00KM<\/li>\n<li>16kW 6.300,00KM<\/li>\n<li>20kW 6.900,00KM<\/li>\n<li>23kW 7.300,00KM<\/li>\n<\/ul>\n<p>&nbsp;<\/p>\n<p><img data-recalc-dims=\"1\" decoding=\"async\" class=\"size-full wp-image-15573 aligncenter\" src=\"https:\/\/i0.wp.com\/coolmarket.ba\/wp-content\/uploads\/2024\/07\/Grijanje-Vodoinstalacije-klimatizacija-2.png?resize=1170%2C433&#038;ssl=1\" alt=\"\" width=\"1170\" height=\"433\" srcset=\"https:\/\/i0.wp.com\/coolmarket.ba\/wp-content\/uploads\/2024\/07\/Grijanje-Vodoinstalacije-klimatizacija-2.png?w=1170&amp;ssl=1 1170w, https:\/\/i0.wp.com\/coolmarket.ba\/wp-content\/uploads\/2024\/07\/Grijanje-Vodoinstalacije-klimatizacija-2.png?resize=300%2C111&amp;ssl=1 300w, https:\/\/i0.wp.com\/coolmarket.ba\/wp-content\/uploads\/2024\/07\/Grijanje-Vodoinstalacije-klimatizacija-2.png?resize=1024%2C379&amp;ssl=1 1024w, https:\/\/i0.wp.com\/coolmarket.ba\/wp-content\/uploads\/2024\/07\/Grijanje-Vodoinstalacije-klimatizacija-2.png?resize=768%2C284&amp;ssl=1 768w, https:\/\/i0.wp.com\/coolmarket.ba\/wp-content\/uploads\/2024\/07\/Grijanje-Vodoinstalacije-klimatizacija-2.png?resize=18%2C7&amp;ssl=1 18w, https:\/\/i0.wp.com\/coolmarket.ba\/wp-content\/uploads\/2024\/07\/Grijanje-Vodoinstalacije-klimatizacija-2.png?resize=600%2C222&amp;ssl=1 600w, https:\/\/i0.wp.com\/coolmarket.ba\/wp-content\/uploads\/2024\/07\/Grijanje-Vodoinstalacije-klimatizacija-2.png?resize=64%2C24&amp;ssl=1 64w\" sizes=\"(max-width: 1170px) 100vw, 1170px\" \/><\/p>\n<p>&nbsp;<\/p>\n<p><strong>CoolMarket<\/strong> je va\u0161 pouzdani partner za prodaju, ugradnju i odr\u017eavanje klima ure\u0111aja, toplotnih pumpi te sistema za vodu i grijanje. Na\u0161a stru\u010dnost osigurava kvalitetne proizvode i vrhunske usluge kako bi va\u0161 dom ili poslovni prostor bio udoban i funkcionalan. Kontaktirajte nas za sve potrebe vezane za klimatizaciju, grijanje i vodoinstalacije. Dostupni smo na Viber i Whatsapp\u00a0 +387 62 53 53 50<\/p>","protected":false},"excerpt":{"rendered":"<p>Green Art toplotne pumpe su izuzetno tihe i diskretne, prilago\u0111ene su za sve vrste prostora, bilo da se radi o stambenim ili poslovnim objektima. Njihov napredni dizajn omogu\u0107ava jednostavnu instalaciju i integraciju s postoje\u0107im sistemima grijanja i hla\u0111enja.<br \/>\nBilo da \u017eelite smanjiti emisiju \u0161tetnih gasova, u\u0161tedjeti na ra\u010dunima za energiju ili jednostavno pobolj\u0161ati udobnost va\u0161eg doma, Green Art toplotne pumpe su savr\u0161en izbor za vas. Investirajte u svoju budu\u0107nost i budu\u0107nost na\u0161eg planeta uz Green Art \u2013 zeleno rje\u0161enje za odr\u017eivi \u017eivot.<\/p>\n<p>Cijene toplotnih pumpi po kapacitetima:<\/p>\n<ul>\n<li>8kW 5.700,00KM<\/li>\n<li>12kW 5.900,00KM<\/li>\n<li>16kW 6.300,00KM<\/li>\n<li>20kW 6.900,00KM<\/li>\n<li>23kW 7.300,00KM<\/li>\n<\/ul>\n<p>&nbsp;<\/p>","protected":false},"featured_media":15627,"template":"","meta":{"om_disable_all_campaigns":false,"_monsterinsights_skip_tracking":false,"_monsterinsights_sitenote_active":false,"_monsterinsights_sitenote_note":"","_monsterinsights_sitenote_category":0},"product_cat":[15],"product_tag":[],"class_list":{"0":"post-15632","1":"product","2":"type-product","3":"status-publish","4":"has-post-thumbnail","6":"product_cat-nekategorizovano","8":"first","9":"instock","10":"taxable","11":"shipping-taxable","12":"purchasable","13":"product-type-simple"},"aioseo_notices":[],"_links":{"self":[{"href":"https:\/\/coolmarket.ba\/bs\/wp-json\/wp\/v2\/product\/15632","targetHints":{"allow":["GET"]}}],"collection":[{"href":"https:\/\/coolmarket.ba\/bs\/wp-json\/wp\/v2\/product"}],"about":[{"href":"https:\/\/coolmarket.ba\/bs\/wp-json\/wp\/v2\/types\/product"}],"wp:featuredmedia":[{"embeddable":true,"href":"https:\/\/coolmarket.ba\/bs\/wp-json\/wp\/v2\/media\/15627"}],"wp:attachment":[{"href":"https:\/\/coolmarket.ba\/bs\/wp-json\/wp\/v2\/media?parent=15632"}],"wp:term":[{"taxonomy":"product_cat","embeddable":true,"href":"https:\/\/coolmarket.ba\/bs\/wp-json\/wp\/v2\/product_cat?post=15632"},{"taxonomy":"product_tag","embeddable":true,"href":"https:\/\/coolmarket.ba\/bs\/wp-json\/wp\/v2\/product_tag?post=15632"}],"curies":[{"name":"wp","href":"https:\/\/api.w.org\/{rel}","templated":true}]}}