{"id":15620,"date":"2024-12-20T15:08:42","date_gmt":"2024-12-20T15:08:42","guid":{"rendered":"https:\/\/coolmarket.ba\/?post_type=product&#038;p=15620"},"modified":"2024-12-20T15:09:44","modified_gmt":"2024-12-20T15:09:44","slug":"gree-s-cool-gwh18apaxh","status":"publish","type":"product","link":"https:\/\/coolmarket.ba\/bs\/proizvod\/gree-s-cool-gwh18apaxh\/","title":{"rendered":"GREE S-COOL GWH18APAXH"},"content":{"rendered":"<div class=\"flex max-w-full flex-col flex-grow\">\n<div class=\"min-h-8 text-message flex w-full flex-col items-end gap-2 whitespace-normal break-words text-start [.text-message+&amp;]:mt-5\" dir=\"auto\" data-message-author-role=\"assistant\" data-message-id=\"363d62d8-4d97-4e8b-83bb-4877e028a55d\" data-message-model-slug=\"gpt-4o-mini\">\n<div class=\"flex w-full flex-col gap-1 empty:hidden first:pt-[3px]\">\n<div class=\"markdown prose w-full break-words dark:prose-invert light\">\n<p><strong>Klimatizacijski ure\u0111aj S-Cool \u2013 Idealno rje\u0161enje za ugodan dom<\/strong><\/p>\n<p>Predstavljamo vam najnoviji model S-Cool, proizveden od strane Gree, koji je stvoren kako bi pru\u017eio izuzetnu energetsku efikasnost i vrhunski komfor.<\/p>\n<p><strong>Glavne prednosti ure\u0111aja:<\/strong><\/p>\n<ul>\n<li><strong>Energetska efikasnost:<\/strong> Odr\u017eava optimalnu temperaturu uz minimalnu potro\u0161nju energije, s energetskim razredima A+++ za grijanje i hla\u0111enje.<\/li>\n<li><strong>Ekolo\u0161ki prihvatljiv:<\/strong> Rashladni plin R32 s niskim potencijalom globalnog zagrijavanja (GWP), koji ne \u0161teti ozonskom sloju.<\/li>\n<li><strong>Wi-Fi upravljanje:<\/strong> Upravljajte ure\u0111ajem putem aplikacije na svom pametnom telefonu s bilo kojeg mjesta.<\/li>\n<li><strong>Tih rad:<\/strong> U\u017eivajte u mirnom okru\u017eenju zahvaljuju\u0107i ti\u0161oj unutra\u0161njoj jedinici.<\/li>\n<li><strong>\u0160irok temperaturni raspon:<\/strong> Efikasan rad u uvjetima od -30\u00b0C do 24\u00b0C za grijanje i od -18\u00b0C do 43\u00b0C za hla\u0111enje.<\/li>\n<li><strong>I-Feel senzor:<\/strong> Osigurava stalnu prilagodbu temperature u va\u0161em prostoru.<\/li>\n<li><strong>Napredne funkcije:<\/strong> Uklju\u010duju samodijagnozu, grija\u010d vanjske jedinice, no\u0107ni re\u017eim rada, vertikalno i horizontalno okretanje krilaca, Cold Plasma filter za ioniziranje zraka, te inteligentno predzagrijavanje i odmrzavanje.<\/li>\n<\/ul>\n<p>Za pouzdano, ekolo\u0161ki prihvatljivo i energetski efikasno rje\u0161enje koje jam\u010di udobnost i komfor, izaberite S-cool model i u\u017eivajte u savr\u0161enim uvjetima u svom domu!<\/p>\n<p><strong>Tehni\u010dke karakteristike GREE S-COOL 12K:<\/strong><\/p>\n<ul>\n<li>Napajanje: 220-240\/1\/50 V\/Ph\/Hz<\/li>\n<li>Nominalni kapacitet grijanja Qgr: 5,6 kW<\/li>\n<li>Nominalni kapacitet hla\u0111enja Qhl: 5,3 kW<\/li>\n<li>Radni medij: R32<\/li>\n<\/ul>\n<p>S-Cool modeli imaju sposobnost odr\u017eavanja \u017eeljene temperature bez \u010destog uklju\u010divanja i isklju\u010divanja te tako doprinose smanjenju potro\u0161nje energije. Ovaj ure\u0111aj idealan je izbor zbog funkcije tihog rada, mogu\u0107nosti Wi-Fi upravljanja i visokog temperaturnog raspona!<\/p>\n<\/div>\n<\/div>\n<\/div>\n<\/div>\n<div class=\"mb-2 flex gap-3 empty:hidden -ml-2\">\n<div class=\"items-center justify-start rounded-xl p-1 flex\">\n<div class=\"flex items-center\">\n<p><img data-recalc-dims=\"1\" fetchpriority=\"high\" decoding=\"async\" class=\"size-full wp-image-15573 aligncenter\" src=\"https:\/\/i0.wp.com\/coolmarket.ba\/wp-content\/uploads\/2024\/07\/Grijanje-Vodoinstalacije-klimatizacija-2.png?resize=1170%2C433&#038;ssl=1\" alt=\"\" width=\"1170\" height=\"433\" srcset=\"https:\/\/i0.wp.com\/coolmarket.ba\/wp-content\/uploads\/2024\/07\/Grijanje-Vodoinstalacije-klimatizacija-2.png?w=1170&amp;ssl=1 1170w, https:\/\/i0.wp.com\/coolmarket.ba\/wp-content\/uploads\/2024\/07\/Grijanje-Vodoinstalacije-klimatizacija-2.png?resize=300%2C111&amp;ssl=1 300w, https:\/\/i0.wp.com\/coolmarket.ba\/wp-content\/uploads\/2024\/07\/Grijanje-Vodoinstalacije-klimatizacija-2.png?resize=1024%2C379&amp;ssl=1 1024w, https:\/\/i0.wp.com\/coolmarket.ba\/wp-content\/uploads\/2024\/07\/Grijanje-Vodoinstalacije-klimatizacija-2.png?resize=768%2C284&amp;ssl=1 768w, https:\/\/i0.wp.com\/coolmarket.ba\/wp-content\/uploads\/2024\/07\/Grijanje-Vodoinstalacije-klimatizacija-2.png?resize=18%2C7&amp;ssl=1 18w, https:\/\/i0.wp.com\/coolmarket.ba\/wp-content\/uploads\/2024\/07\/Grijanje-Vodoinstalacije-klimatizacija-2.png?resize=600%2C222&amp;ssl=1 600w, https:\/\/i0.wp.com\/coolmarket.ba\/wp-content\/uploads\/2024\/07\/Grijanje-Vodoinstalacije-klimatizacija-2.png?resize=64%2C24&amp;ssl=1 64w\" sizes=\"(max-width: 1170px) 100vw, 1170px\" \/><\/p>\n<p>&nbsp;<\/p>\n<p><strong>CoolMarket<\/strong> je va\u0161 pouzdani partner za prodaju, ugradnju i odr\u017eavanje klima ure\u0111aja, toplotnih pumpi te sistema za vodu i grijanje. Na\u0161a stru\u010dnost osigurava kvalitetne proizvode i vrhunske usluge kako bi va\u0161 dom ili poslovni prostor bio udoban i funkcionalan. Kontaktirajte nas za sve potrebe vezane za klimatizaciju, grijanje i vodoinstalacije. Dostupni smo na Viber i Whatsapp\u00a0 +387 62 53 53 50<\/p>\n<\/div>\n<\/div>\n<\/div>\n<div class=\"pr-2 lg:pr-0\"><\/div>","protected":false},"excerpt":{"rendered":"<p><strong>Gree S-Cool<\/strong> je najnoviji model klima ure\u0111aja koji donosi vrhunski komfor i efikasnost u va\u0161em domu. Sa modernim dizajnom, naprednim funkcijama i energetski efikasnim radom, Gree S-Cool je savr\u0161en izbor za svakog ko \u017eeli optimalnu temperaturu tokom svih godi\u0161njih doba. Ovaj klima ure\u0111aj pru\u017ea ti\u0161inu i izuzetnu snagu hla\u0111enja, uz dodatne funkcije kao \u0161to su automatsko pode\u0161avanje temperature i kontrola putem mobilnih ure\u0111aja, \u010dine\u0107i ga idealnim re\u0161enjem za moderan dom.<\/p>","protected":false},"featured_media":15615,"template":"","meta":{"om_disable_all_campaigns":false,"_monsterinsights_skip_tracking":false,"_monsterinsights_sitenote_active":false,"_monsterinsights_sitenote_note":"","_monsterinsights_sitenote_category":0},"product_cat":[307,386,383,305,401,306,348],"product_tag":[],"class_list":{"0":"post-15620","1":"product","2":"type-product","3":"status-publish","4":"has-post-thumbnail","6":"product_cat-18ke-inverteri","7":"product_cat-18ke-klime","8":"product_cat-gree","9":"product_cat-grijanje-i-hladenje","10":"product_cat-klima-inverteri","11":"product_cat-klima-uredaji","12":"product_cat-klima-uredaji-klima-uredaji","14":"first","15":"instock","16":"sale","17":"taxable","18":"shipping-taxable","19":"purchasable","20":"product-type-simple"},"aioseo_notices":[],"_links":{"self":[{"href":"https:\/\/coolmarket.ba\/bs\/wp-json\/wp\/v2\/product\/15620","targetHints":{"allow":["GET"]}}],"collection":[{"href":"https:\/\/coolmarket.ba\/bs\/wp-json\/wp\/v2\/product"}],"about":[{"href":"https:\/\/coolmarket.ba\/bs\/wp-json\/wp\/v2\/types\/product"}],"wp:featuredmedia":[{"embeddable":true,"href":"https:\/\/coolmarket.ba\/bs\/wp-json\/wp\/v2\/media\/15615"}],"wp:attachment":[{"href":"https:\/\/coolmarket.ba\/bs\/wp-json\/wp\/v2\/media?parent=15620"}],"wp:term":[{"taxonomy":"product_cat","embeddable":true,"href":"https:\/\/coolmarket.ba\/bs\/wp-json\/wp\/v2\/product_cat?post=15620"},{"taxonomy":"product_tag","embeddable":true,"href":"https:\/\/coolmarket.ba\/bs\/wp-json\/wp\/v2\/product_tag?post=15620"}],"curies":[{"name":"wp","href":"https:\/\/api.w.org\/{rel}","templated":true}]}}