{"id":15233,"date":"2024-07-03T11:53:35","date_gmt":"2024-07-03T11:53:35","guid":{"rendered":"https:\/\/coolmarket.ba\/?post_type=product&#038;p=15233"},"modified":"2024-12-26T12:57:32","modified_gmt":"2024-12-26T12:57:32","slug":"gree-cosmo-regular-gwh12awcxb-gwh12atcxb","status":"publish","type":"product","link":"https:\/\/coolmarket.ba\/bs\/proizvod\/gree-cosmo-regular-gwh12awcxb-gwh12atcxb\/","title":{"rendered":"Gree Cosmo Regular GWH12AWCXB\/GWH12ATCXB"},"content":{"rendered":"<h3><strong><b>COSMO REGULAR INVERTER &#8211; komplet bijela zidna unutra\u0161nja i vanjska jedinica &#8211; model 2024.<\/b><\/strong><\/h3>\n<h5><b><\/b><strong><b>Grijanje do -25\u00b0C vanjske temperature!<\/b><\/strong><strong><b><br \/>\n<\/b><\/strong><strong><b>Grija\u010d vanjske jecinice<\/b><\/strong><strong><b><br \/>\n<\/b><\/strong><strong><b>Preporuka za <\/b><\/strong><strong><b>osnovno <\/b><\/strong><strong><b>grijanje na vrlo niskim vanjskim temperaturama!<\/b><\/strong><strong><b><br \/>\n<\/b><\/strong><strong><b>Wi-Fi upravljanje je uklju\u010deno u cijenu<\/b><\/strong><strong><b><br \/>\n<\/b><\/strong><strong><b>Led dis<\/b><\/strong><strong><b>p<\/b><\/strong><strong><b>lay<\/b><\/strong><strong><b><br \/>\n<\/b><\/strong><strong><b>7 brzina ventilatora<\/b><\/strong><strong><b><br \/>\n<\/b><\/strong><strong><b>Ionizator zraka<\/b><\/strong><strong><b><br \/>\n<\/b><\/strong><strong><b>Heathly filter<\/b><\/strong><strong><b><br \/>\n<\/b><\/strong><strong><b>Cold Plazma filter za ioniziranje zraka<\/b><\/strong><strong><b><br \/>\n<\/b><\/strong><strong><b>Putem daljinskog upravlja\u010da mogu\u0107e je pode\u0161avati smjer vertikalnih i horizontalnih usmjeriva\u010da zraka<\/b><\/strong><strong><b><br \/>\n<\/b><\/strong><strong><b>Intelegentno predzagrijavanje i odmrzavanje<\/b><\/strong><strong><b><br \/>\n<\/b><\/strong><strong><b>No\u010dni na\u010din rada\u00a0<\/b><\/strong><strong><b><br \/>\n<\/b><\/strong><strong><b>Samodijagnoza<\/b><\/strong><strong><b><br \/>\n<\/b><\/strong><strong><b>Garancija<\/b><\/strong><strong><b>: 3 godine<\/b><\/strong><\/h5>\n<h5><strong><b>Uz minimalisti\u010dki izgled i kompaktne dimenzije, Cosmo ure\u0111aji lako se uklapaju u svaki prostor, dodaju\u0107i mu notu elegancije.<br \/>\nInovativna tehnologija omogu\u0107ava \u0161irok raspon mogu\u0107nosti za grijanje i hla\u0111enje, prilago\u0111avaju\u0107i se Va\u0161im potrebama i osiguravaju\u0107i optimalnu udobnost u svako doba godine.<br \/>\nZahvaljuju\u0107i naprednom Cold Plasma sustavu filtracije pozdravite se s bakterijama, virusima i alergenima iz zraka te u\u017eivajte u \u010distom i kvalitetnom zraku svaki dan.<\/b><\/strong><\/h5>\n<p>&nbsp;<\/p>\n<p><strong>GREE COSMO REGULAR GWH12AWCXB tehni\u010dke specifikacije:<\/strong><\/p>\n<p>Napajanje: 220-240\/1\/50 V\/Ph\/Hz<br \/>\nOsigura\u010d : 10 A<br \/>\nNominalni kapacitet grijanja Qgr: 3,81 kW<br \/>\nNominalni kapacitet hla\u0111enja Qhl: 3,51 kW<br \/>\nRadni medij:<strong>\u00a0R32<\/strong><br \/>\nUgra\u0111eno\u00a0<strong>Wi-Fi<\/strong>\u00a0upravljanje: Da<br \/>\nApsorbirana snaga \u2013 grijanje (min\/nom\/max): 0,95 kW<br \/>\nApsorbirana snaga \u2013 hla\u0111enje (min\/nom\/max): 0,962 kW<br \/>\nMax du\u017eina cjevovoda: 15 m<br \/>\nMax visinka razlika izme\u0111u vanjske \u2013 unutra\u0161nje jedinice: 10 m<br \/>\nEnergetski razred \u2013 grijanje:<strong>\u00a0A+<\/strong><br \/>\nEnergetski razred \u2013 hla\u0111enje:\u00a0<strong>A++<\/strong><br \/>\nSCOP: 4.1<br \/>\nSEER: 7.1<br \/>\nGodi\u0161nja potro\u0161nja \u2013 grijanje: 1093 kWh\/god<br \/>\nGodi\u0161nja potro\u0161nja \u2013 hla\u0111enje: 173 kWh\/god<br \/>\nU\u010dinak grijanja (min\/nom\/max): 0,9 \u2013 3,81 \u2013 4,7 kW<br \/>\nU\u010dinak hla\u0111enja (min\/nom\/max): 0,9 -3,51 \u2013 4,3 kW<br \/>\nTemperaturni raspon rada \u2013 grijanje (min \u2013 max):\u00a0<strong>-25 ~ 30 \u00b0C<\/strong><br \/>\nTemperaturni raspon rada \u2013 hla\u0111enje (min \u2013 max):\u00a0<strong>-15 ~ 50 \u00b0C<\/strong><\/p>\n<p><strong>Unutra\u0161nja jedinica specifikacije:<\/strong><\/p>\n<p>Dubina unutarnje jedinice : 206 mm<br \/>\nMasa unutarnje jedinice : 9 kg<br \/>\nOznaka unutarnje jedinice : GWH12AWCXB-K6DNA1A(I)<br \/>\nRazina zvu\u010dne snage unutarnje jedinice \u2013 grijanje : 41 \u2013 43 \u2013 46 \u2013 48 \u2013 50 \u2013 52 \u2013 55 dB(A)<br \/>\nRazina zvu\u010dne snage unutarnje jedinice \u2013 hla\u0111enje : 37 \u2013 40 \u2013 43 \u2013 46 \u2013 49 \u2013 51 \u2013 59 dB(A)<br \/>\nRazina zvu\u010dnog tlaka unutarnje jedinice \u2013 grijanje : 27 \u2013 29 \u2013 32 \u2013 34 \u2013 36 \u2013 38 \u2013 41 dB(A)<br \/>\nRazina zvu\u010dnog tlaka unutarnje jedinice \u2013 hla\u0111enje : 25 \u2013 28 \u2013 31 \u2013 34 \u2013 37 \u2013 39 \u2013 43 dB(A)<br \/>\nVisina unutarnje jedinice : 276 mm<br \/>\n\u0160irina unutarnje jedinice : 867 mm<strong><br \/>\n<\/strong><\/p>\n<p>&nbsp;<\/p>\n<p><strong>\u00a0Vanjska jedinica specifikacije:<\/strong><\/p>\n<p>Dubina vanjske jedinice : 330 mm<br \/>\nMasa vanjske jedinice : 25.5 kg<br \/>\nOznaka vanjske jedinice : GWH12ATCXB-K6DNA1A(O)<br \/>\nRazina zvu\u010dne snage vanjske jedinice \u2013 grijanje : 62 dB(A)<br \/>\nRazina zvu\u010dne snage vanjske jedinice \u2013 hla\u0111enje : 62 dB(A)<br \/>\nRazina zvu\u010dnog tlaka vanjske jedinice \u2013 grijanje : 52 dB(A)<br \/>\nRazina zvu\u010dnog tlaka vanjske jedinice \u2013 hla\u0111enje : 52 dB(A)<br \/>\nRazmak izme\u0111u nosa\u010da : 455 mm<br \/>\nVisina vanjske jedinice : 555 mm<br \/>\n\u0160irina vanjske jedinice : 732 mm<\/p>\n<p>&nbsp;<\/p>\n<p><img data-recalc-dims=\"1\" fetchpriority=\"high\" decoding=\"async\" class=\"size-full wp-image-15573 aligncenter\" src=\"https:\/\/i0.wp.com\/coolmarket.ba\/wp-content\/uploads\/2024\/07\/Grijanje-Vodoinstalacije-klimatizacija-2.png?resize=1170%2C433&#038;ssl=1\" alt=\"\" width=\"1170\" height=\"433\" srcset=\"https:\/\/i0.wp.com\/coolmarket.ba\/wp-content\/uploads\/2024\/07\/Grijanje-Vodoinstalacije-klimatizacija-2.png?w=1170&amp;ssl=1 1170w, https:\/\/i0.wp.com\/coolmarket.ba\/wp-content\/uploads\/2024\/07\/Grijanje-Vodoinstalacije-klimatizacija-2.png?resize=300%2C111&amp;ssl=1 300w, https:\/\/i0.wp.com\/coolmarket.ba\/wp-content\/uploads\/2024\/07\/Grijanje-Vodoinstalacije-klimatizacija-2.png?resize=1024%2C379&amp;ssl=1 1024w, https:\/\/i0.wp.com\/coolmarket.ba\/wp-content\/uploads\/2024\/07\/Grijanje-Vodoinstalacije-klimatizacija-2.png?resize=768%2C284&amp;ssl=1 768w, https:\/\/i0.wp.com\/coolmarket.ba\/wp-content\/uploads\/2024\/07\/Grijanje-Vodoinstalacije-klimatizacija-2.png?resize=18%2C7&amp;ssl=1 18w, https:\/\/i0.wp.com\/coolmarket.ba\/wp-content\/uploads\/2024\/07\/Grijanje-Vodoinstalacije-klimatizacija-2.png?resize=600%2C222&amp;ssl=1 600w, https:\/\/i0.wp.com\/coolmarket.ba\/wp-content\/uploads\/2024\/07\/Grijanje-Vodoinstalacije-klimatizacija-2.png?resize=64%2C24&amp;ssl=1 64w\" sizes=\"(max-width: 1170px) 100vw, 1170px\" \/><\/p>\n<p>&nbsp;<\/p>\n<p><strong>CoolMarket<\/strong> je va\u0161 pouzdani partner za prodaju, ugradnju i odr\u017eavanje klima ure\u0111aja, toplotnih pumpi te sistema za vodu i grijanje. Na\u0161a stru\u010dnost osigurava kvalitetne proizvode i vrhunske usluge kako bi va\u0161 dom ili poslovni prostor bio udoban i funkcionalan. Kontaktirajte nas za sve potrebe vezane za klimatizaciju, grijanje i vodoinstalacije. Dostupni smo na Viber i Whatsapp\u00a0 +387 62 53 53 50<\/p>\n<p>&nbsp;<\/p>\n<p>&nbsp;<\/p>\n<p>&nbsp;<\/p>","protected":false},"excerpt":{"rendered":"<ul>\n<li>Grije do -25\u00b0C vanjske temperature<\/li>\n<li>Preporuka za primarno grijanje na vrlo niskim temperaturama<\/li>\n<li>Prikladno za prostor: 35m2<\/li>\n<li>Energetska klasa: A++<\/li>\n<li>WiFi uklju\u010den u cijenu<\/li>\n<li>Garancija: 3 godine<\/li>\n<\/ul>","protected":false},"featured_media":15622,"template":"","meta":{"om_disable_all_campaigns":false,"_monsterinsights_skip_tracking":false,"_monsterinsights_sitenote_active":false,"_monsterinsights_sitenote_note":"","_monsterinsights_sitenote_category":0},"product_cat":[335,780,306],"product_tag":[],"class_list":{"0":"post-15233","1":"product","2":"type-product","3":"status-publish","4":"has-post-thumbnail","6":"product_cat-12ke-inverteri","7":"product_cat-gree-toplotne-pumpe","8":"product_cat-klima-uredaji","10":"first","11":"instock","12":"taxable","13":"shipping-taxable","14":"purchasable","15":"product-type-simple"},"aioseo_notices":[],"_links":{"self":[{"href":"https:\/\/coolmarket.ba\/bs\/wp-json\/wp\/v2\/product\/15233","targetHints":{"allow":["GET"]}}],"collection":[{"href":"https:\/\/coolmarket.ba\/bs\/wp-json\/wp\/v2\/product"}],"about":[{"href":"https:\/\/coolmarket.ba\/bs\/wp-json\/wp\/v2\/types\/product"}],"wp:featuredmedia":[{"embeddable":true,"href":"https:\/\/coolmarket.ba\/bs\/wp-json\/wp\/v2\/media\/15622"}],"wp:attachment":[{"href":"https:\/\/coolmarket.ba\/bs\/wp-json\/wp\/v2\/media?parent=15233"}],"wp:term":[{"taxonomy":"product_cat","embeddable":true,"href":"https:\/\/coolmarket.ba\/bs\/wp-json\/wp\/v2\/product_cat?post=15233"},{"taxonomy":"product_tag","embeddable":true,"href":"https:\/\/coolmarket.ba\/bs\/wp-json\/wp\/v2\/product_tag?post=15233"}],"curies":[{"name":"wp","href":"https:\/\/api.w.org\/{rel}","templated":true}]}}