{"id":15232,"date":"2023-06-13T12:06:44","date_gmt":"2023-06-13T12:06:44","guid":{"rendered":"https:\/\/coolmarket.ba\/?post_type=product&#038;p=15232"},"modified":"2024-09-13T09:57:11","modified_gmt":"2024-09-13T09:57:11","slug":"fujitsu-asyg24kmta-aoyg24kmt","status":"publish","type":"product","link":"https:\/\/coolmarket.ba\/bs\/proizvod\/fujitsu-asyg24kmta-aoyg24kmt\/","title":{"rendered":"FUJITSU ASYG24KMTA\/AOYG24KMT"},"content":{"rendered":"<p>Fujitsu Super Eco Inverter uz sve prednosti Fujitsu ure\u0111aja &#8211; jednostavan i kompaktan dizajn, funkcije u\u0161tede energije, veoma tih rad i niska potro\u0161nje elektri\u010dne energije dodaje i opciju odr\u017eavanje topline prostorije od 8 stepeni pri grijanju kako ne bi do\u0161lo do pucanja i zale\u0111ivanja cijevi, \u0161to ga \u010dini odli\u010dnim odabirom za podgrijavanje Va\u0161eg doma. Opcija wifi kontrolera pru\u017ea mogu\u0107nost upravljanjem Fujitsu Super Eco Inverter ure\u0111ajima \u010dak i kada niste ku\u0107i.<\/p>\n<div class=\"field-label\">Svojstva:<\/div>\n<div class=\"field-items\">\n<div class=\"field-item even\">\n<p><img data-recalc-dims=\"1\" decoding=\"async\" title=\"ADJUST\" src=\"https:\/\/i0.wp.com\/servis-covic.com\/sites\/all\/themes\/covic\/images\/adjust.gif?w=1300&#038;ssl=1\" alt=\"Fujitsu svojstva\" \/>\u00a0<img data-recalc-dims=\"1\" decoding=\"async\" title=\"AF\" src=\"https:\/\/i0.wp.com\/servis-covic.com\/sites\/all\/themes\/covic\/images\/af.gif?w=1300&#038;ssl=1\" alt=\"Fujitsu svojstva\" \/>\u00a0<img data-recalc-dims=\"1\" decoding=\"async\" title=\"CHANGEOVER\" src=\"https:\/\/i0.wp.com\/servis-covic.com\/sites\/all\/themes\/covic\/images\/changeover.gif?w=1300&#038;ssl=1\" alt=\"Fujitsu svojstva\" \/>\u00a0<img data-recalc-dims=\"1\" decoding=\"async\" title=\"COOL DRY\" src=\"https:\/\/i0.wp.com\/servis-covic.com\/sites\/all\/themes\/covic\/images\/cooldry.gif?w=1300&#038;ssl=1\" alt=\"Fujitsu svojstva\" \/>\u00a0<img data-recalc-dims=\"1\" decoding=\"async\" title=\"DOUBLE\" src=\"https:\/\/i0.wp.com\/servis-covic.com\/sites\/all\/themes\/covic\/images\/double.gif?w=1300&#038;ssl=1\" alt=\"Fujitsu svojstva\" \/>\u00a0<img data-recalc-dims=\"1\" decoding=\"async\" title=\"ECONOMY\" src=\"https:\/\/i0.wp.com\/servis-covic.com\/sites\/all\/themes\/covic\/images\/economy.gif?w=1300&#038;ssl=1\" alt=\"Fujitsu svojstva\" \/>\u00a0<img data-recalc-dims=\"1\" decoding=\"async\" title=\"FILTER\" src=\"https:\/\/i0.wp.com\/servis-covic.com\/sites\/all\/themes\/covic\/images\/filter.gif?w=1300&#038;ssl=1\" alt=\"Fujitsu svojstva\" \/>\u00a0<img data-recalc-dims=\"1\" decoding=\"async\" title=\"HEAT\" src=\"https:\/\/i0.wp.com\/servis-covic.com\/sites\/all\/themes\/covic\/images\/heat.gif?w=1300&#038;ssl=1\" alt=\"Fujitsu svojstva\" \/>\u00a0<img data-recalc-dims=\"1\" decoding=\"async\" title=\"HUMAN\" src=\"https:\/\/i0.wp.com\/servis-covic.com\/sites\/all\/themes\/covic\/images\/human.gif?w=1300&#038;ssl=1\" alt=\"Fujitsu svojstva\" \/>\u00a0<img data-recalc-dims=\"1\" decoding=\"async\" title=\"ION\" src=\"https:\/\/i0.wp.com\/servis-covic.com\/sites\/all\/themes\/covic\/images\/ion.gif?w=1300&#038;ssl=1\" alt=\"Fujitsu svojstva\" \/>\u00a0<img data-recalc-dims=\"1\" decoding=\"async\" title=\"IPAM\" src=\"https:\/\/i0.wp.com\/servis-covic.com\/sites\/all\/themes\/covic\/images\/ipam.gif?w=1300&#038;ssl=1\" alt=\"Fujitsu svojstva\" \/>\u00a0<img data-recalc-dims=\"1\" decoding=\"async\" title=\"LOW NOISE\" src=\"https:\/\/i0.wp.com\/servis-covic.com\/sites\/all\/themes\/covic\/images\/low_noise.gif?w=1300&#038;ssl=1\" alt=\"Fujitsu svojstva\" \/>\u00a0<img data-recalc-dims=\"1\" decoding=\"async\" title=\"POWEFULL\" src=\"https:\/\/i0.wp.com\/servis-covic.com\/sites\/all\/themes\/covic\/images\/powerful.gif?w=1300&#038;ssl=1\" alt=\"Fujitsu svojstva\" \/>\u00a0<img data-recalc-dims=\"1\" decoding=\"async\" title=\"PROGRAM\" src=\"https:\/\/i0.wp.com\/servis-covic.com\/sites\/all\/themes\/covic\/images\/program.gif?w=1300&#038;ssl=1\" alt=\"Fujitsu svojstva\" \/>\u00a0<img data-recalc-dims=\"1\" decoding=\"async\" title=\"RESTART\" src=\"https:\/\/i0.wp.com\/servis-covic.com\/sites\/all\/themes\/covic\/images\/restart.gif?w=1300&#038;ssl=1\" alt=\"Fujitsu svojstva\" \/>\u00a0<img data-recalc-dims=\"1\" decoding=\"async\" title=\"SLEEP\" src=\"https:\/\/i0.wp.com\/servis-covic.com\/sites\/all\/themes\/covic\/images\/sleep.gif?w=1300&#038;ssl=1\" alt=\"Fujitsu svojstva\" \/>\u00a0<img data-recalc-dims=\"1\" decoding=\"async\" title=\"UP DOWN\" src=\"https:\/\/i0.wp.com\/servis-covic.com\/sites\/all\/themes\/covic\/images\/updown.gif?w=1300&#038;ssl=1\" alt=\"Fujitsu svojstva\" \/>\u00a0<img data-recalc-dims=\"1\" decoding=\"async\" title=\"WASH\" src=\"https:\/\/i0.wp.com\/servis-covic.com\/sites\/all\/themes\/covic\/images\/wash.gif?w=1300&#038;ssl=1\" alt=\"Fujitsu svojstva\" \/>\u00a0<img data-recalc-dims=\"1\" decoding=\"async\" title=\"WEEKLY\" src=\"https:\/\/i0.wp.com\/servis-covic.com\/sites\/all\/themes\/covic\/images\/weekly.gif?w=1300&#038;ssl=1\" alt=\"Fujitsu svojstva\" \/>\u00a0<img data-recalc-dims=\"1\" decoding=\"async\" title=\"V-PAM\" src=\"https:\/\/i0.wp.com\/servis-covic.com\/sites\/all\/themes\/covic\/images\/vpam.gif?w=1300&#038;ssl=1\" alt=\"Fujitsu svojstva\" \/>\u00a0<img data-recalc-dims=\"1\" decoding=\"async\" title=\"WS OPTIONAL\" src=\"https:\/\/i0.wp.com\/servis-covic.com\/sites\/all\/themes\/covic\/images\/ws.gif?w=1300&#038;ssl=1\" alt=\"Fujitsu svojstva\" \/><\/p>\n<\/div>\n<\/div>\n<p>&nbsp;<\/p>\n<div class=\"field-label\">Specifikacija:<\/div>\n<div class=\"field-items\">\n<div class=\"field-item even\">\n<table class=\"aligncenter\" style=\"height: 662px;\" width=\"529\">\n<tbody>\n<tr class=\"istaknuto\">\n<td><strong>Na\u010din rada<\/strong><\/td>\n<td><\/td>\n<td><strong>Hla\u0111enje<\/strong><\/td>\n<td><strong>Grijanje<\/strong><\/td>\n<\/tr>\n<tr>\n<td style=\"text-align: left;\">Kapacitet<\/td>\n<td>kW<\/td>\n<td>7,1<\/td>\n<td>8<\/td>\n<\/tr>\n<tr>\n<td>Ulazna snaga<\/td>\n<td>kW<\/td>\n<td>2.080<\/td>\n<td>1.910<\/td>\n<\/tr>\n<tr>\n<td>SEER \u2013 Energetska klasa \u2013 Hla\u0111enje<\/td>\n<td>W\/W<\/td>\n<td>7,28<\/td>\n<td><\/td>\n<\/tr>\n<tr>\n<td>SCOP \u2013 Energetska klasa \u2013 Grijanje<\/td>\n<td>W\/W<\/td>\n<td><\/td>\n<td>4,18<\/td>\n<\/tr>\n<tr>\n<td>Ja\u010dina struje<\/td>\n<td>A<\/td>\n<td>13,5<\/td>\n<td>16<\/td>\n<\/tr>\n<tr>\n<td>Godi\u0161nja potro\u0161nja<\/td>\n<td>kWh\/a<\/td>\n<td>341<\/td>\n<td>2372<\/td>\n<\/tr>\n<tr>\n<td>Podru\u010dje rada<\/td>\n<td>\u00b0CDB<\/td>\n<td>-10 do 46<\/td>\n<td>-15 do 24<\/td>\n<\/tr>\n<tr>\n<td><\/td>\n<td><\/td>\n<td><\/td>\n<td><\/td>\n<\/tr>\n<tr class=\"istaknuto\">\n<td><strong>Jedinica<\/strong><\/td>\n<td><\/td>\n<td><strong>Unutarnja<\/strong><\/td>\n<td><strong>Vanjska<\/strong><\/td>\n<\/tr>\n<tr>\n<td>Protok zraka (high)<\/td>\n<td>m3\/h<\/td>\n<td>1,170<\/td>\n<td>3,240<\/td>\n<\/tr>\n<tr>\n<td>Dimenzije V x \u0160 x D<\/td>\n<td>mm<\/td>\n<td>280x980x240<\/td>\n<td>716x820x315<\/td>\n<\/tr>\n<tr>\n<td>Te\u017eina<\/td>\n<td>kg(lbs)<\/td>\n<td>12,5<\/td>\n<td>42<\/td>\n<\/tr>\n<tr>\n<td>Buka (H\/Q)<\/td>\n<td>dB(A)<\/td>\n<td>29\/49<\/td>\n<td>54<\/td>\n<\/tr>\n<tr>\n<td>Promjer ispusne cijevi<\/td>\n<td>mm<\/td>\n<td><\/td>\n<td><\/td>\n<\/tr>\n<tr>\n<td><\/td>\n<td><\/td>\n<td><\/td>\n<td><\/td>\n<\/tr>\n<tr class=\"istaknuto\">\n<td><strong>Sistemski podaci<\/strong><\/td>\n<td><\/td>\n<td><\/td>\n<td><\/td>\n<\/tr>\n<tr>\n<td>Izvor energije<\/td>\n<td>V\/ O\/Hz<\/td>\n<td>230 &#8211; 1 \u2013 50<\/td>\n<td><\/td>\n<\/tr>\n<tr>\n<td>Uklanjanje vlage<\/td>\n<td>I\/h<\/td>\n<td>2,7<\/td>\n<td><\/td>\n<\/tr>\n<tr>\n<td>Cijevni priklju\u010dci ( Mali \/ Veliki )<\/td>\n<td>mm<\/td>\n<td>6,35\/12,70<\/td>\n<td><\/td>\n<\/tr>\n<tr>\n<td>Maksimalna du\u017eina cijevi<\/td>\n<td>m<\/td>\n<td>30<\/td>\n<td><\/td>\n<\/tr>\n<tr>\n<td>Maksimalna visinska razlika<\/td>\n<td>m<\/td>\n<td>25<\/td>\n<td><\/td>\n<\/tr>\n<tr>\n<td>Rashladni medij<\/td>\n<td>R<\/td>\n<td>32<\/td>\n<\/tr>\n<\/tbody>\n<\/table>\n<p>&nbsp;<\/p>\n<ul>\n<li><strong>Re\u017eim sna\u017enog rada\u00a0<\/strong><\/li>\n<\/ul>\n<p>Klima ure\u0111aj u ovom re\u017eimu rada sa maksimalnim protokom zraka i snagom kompresora vrlo brzo prostoriju u\u010dini ugodnom za boravak.Na ovaj na\u010din se u \u0161to kra\u0107em vremenu podi\u017ee ili spu\u0161ta relativna temperatura prostorije.<\/p>\n<ul>\n<li><strong>Automatski re\u017eim rada<\/strong><\/li>\n<\/ul>\n<p>Klima ure\u0111aj se automatski prebacuje izme\u0111u na\u010dina grijanja i hla\u0111enja ovisno o postavci temperature i sobnoj temperaturi.Ovo re\u017eim rada je vrlo primjetan u prolje\u0107e i jesen kada temperature bitno variraju kroz dan i jedna temperaturna postavka nije dovoljna. Vertikalno usmjeravanje strujanja zraka. Kako bi se protok zraka usmjerio po \u010ditavoj prostoriji i postigla ujedna\u010dena raspodjela hladnog \/ toplog zraka u ovoj postavci lamele klima ure\u0111aja automatski osciliraju gore &#8211; dolje.<\/p>\n<ul>\n<li><strong>Automatska brzina ventilatora<\/strong><\/li>\n<\/ul>\n<p>Mikrora\u010dunalo automatski pode\u0161ava protok zraka regulacijom brzine ventilatora kako bi pratilo promjene sobne temperature.Ova opcija je vrlo korisna kada se u prostoriji redovito otvaraju vrata ili prozori pa se uslijed toga mijenjaju i temperaturni uvjeti.\u00a0 Automatsko ponovno pokretanje<br \/>\nU slu\u010daju privremenog prekida napajanja, klima-ure\u0111aj \u0107e se automatski ponovno pokrenuti u istom re\u017eimu rada kao i prije, nakon \u0161to se napajanje vrati.<\/p>\n<ul>\n<li><strong>Rad grijanja od 10 \u00b0 C<\/strong><\/li>\n<\/ul>\n<p>Ova funkcija omogu\u0107uje da temperatura u sobi nikada ne pada ni\u017ee od 10 \u00b0C.\u00a0 Ure\u0111aj se samostalno pali i gasi kako bi uz \u0161to manju potro\u0161nju energije zadr\u017eao postavljenu temperaturu.<\/p>\n<ul>\n<li><strong>Postavka tihog rada<\/strong><\/li>\n<\/ul>\n<p>Uz ve\u0107 vrlo tihe unutarnje jedinice \u017eelimo smanjiti i ostale izvore buke kako bismo postigli jo\u0161 ugodniju atmosferu. Jedan od izvora te buke je i vanjska jedinica kojom sada tako\u0111er mo\u017eete upravljati. Pomo\u0107u ove postavke mo\u017ee se odabrati razina buke vanjske jedinice.<\/p>\n<ul>\n<li><strong>Ekonomski re\u017eim rada<\/strong><\/li>\n<\/ul>\n<p>U ovom pametnom na\u010dinu rada postavka termostata automatski se mijenja s obzirom na temperaturu kako bi se izbjeglo nepotrebno hla\u0111enje i grijanje. I dalje \u0107e se odr\u017eavati \u017eeljeni temperaturni raspon i ugodna klima ali sa naglaskom na u\u0161tedu elektri\u010dne energije.<\/p>\n<ul>\n<li><strong>&#8220;Sleep timer&#8221; funkcija za miran san<\/strong><\/li>\n<\/ul>\n<p>Spavanje uz upaljeni klima ure\u0111aj nikad nije bilo jednostavnije i ugodnije. Prilikom polaska u krevet i kasnije tokom spavanja, mikrora\u010dunalo postupno automatski mijenja sobnu temperaturu kako bi omogu\u0107ilo ugodan i miran san.<\/p>\n<ul>\n<li><strong>Programski timer<\/strong><\/li>\n<\/ul>\n<p>Ovaj digitalni mjera\u010d vremena omogu\u0107uje odabir jedne od opcija koja \u0107e se u zadano vrijeme automatski pokrenuti: ON, OFF, ON \u00bbOFF ili OFF\u00bb ON. Ova funkcija mo\u017ee primjerice upaliti klima ure\u0111aj 30 min prije dolaska ku\u0107i u zadano vrijeme ili recimo ugasiti klima ure\u0111aj sat vremena nakon odlaska u krevet. Kada god po\u017eelite unaprijed klimatizirani prostor ili pravovremeno ga\u0161enje u odsutnosti ovo je vrlo dobrodo\u0161la funkcija.<\/p>\n<ul>\n<li><strong>Znak filtra<\/strong><\/li>\n<\/ul>\n<p>Automatski prikazuje lampicu sa znakom filtra koja slu\u017ei kao pravovremeni indikator potrebe za \u010di\u0161\u0107enjem. Ovim pametnim sustavom \u0107ete biti na vrijeme obavje\u0161teni bez potrebe za redovitim provjeravanjem i otvaranjem klima ure\u0111aja. U\u0161tedite brigu i vrijeme uz ovu prigodnu funkciju.<\/p>\n<p><img data-recalc-dims=\"1\" fetchpriority=\"high\" decoding=\"async\" class=\"size-full wp-image-15573 aligncenter\" src=\"https:\/\/i0.wp.com\/coolmarket.ba\/wp-content\/uploads\/2024\/07\/Grijanje-Vodoinstalacije-klimatizacija-2.png?resize=1170%2C433&#038;ssl=1\" alt=\"\" width=\"1170\" height=\"433\" srcset=\"https:\/\/i0.wp.com\/coolmarket.ba\/wp-content\/uploads\/2024\/07\/Grijanje-Vodoinstalacije-klimatizacija-2.png?w=1170&amp;ssl=1 1170w, https:\/\/i0.wp.com\/coolmarket.ba\/wp-content\/uploads\/2024\/07\/Grijanje-Vodoinstalacije-klimatizacija-2.png?resize=300%2C111&amp;ssl=1 300w, https:\/\/i0.wp.com\/coolmarket.ba\/wp-content\/uploads\/2024\/07\/Grijanje-Vodoinstalacije-klimatizacija-2.png?resize=1024%2C379&amp;ssl=1 1024w, https:\/\/i0.wp.com\/coolmarket.ba\/wp-content\/uploads\/2024\/07\/Grijanje-Vodoinstalacije-klimatizacija-2.png?resize=768%2C284&amp;ssl=1 768w, https:\/\/i0.wp.com\/coolmarket.ba\/wp-content\/uploads\/2024\/07\/Grijanje-Vodoinstalacije-klimatizacija-2.png?resize=18%2C7&amp;ssl=1 18w, https:\/\/i0.wp.com\/coolmarket.ba\/wp-content\/uploads\/2024\/07\/Grijanje-Vodoinstalacije-klimatizacija-2.png?resize=600%2C222&amp;ssl=1 600w, https:\/\/i0.wp.com\/coolmarket.ba\/wp-content\/uploads\/2024\/07\/Grijanje-Vodoinstalacije-klimatizacija-2.png?resize=64%2C24&amp;ssl=1 64w\" sizes=\"(max-width: 1170px) 100vw, 1170px\" \/><\/p>\n<p>&nbsp;<\/p>\n<p><strong>CoolMarket<\/strong> je va\u0161 pouzdani partner za prodaju, ugradnju i odr\u017eavanje klima ure\u0111aja, toplotnih pumpi te sistema za vodu i grijanje. Na\u0161a stru\u010dnost osigurava kvalitetne proizvode i vrhunske usluge kako bi va\u0161 dom ili poslovni prostor bio udoban i funkcionalan. Kontaktirajte nas za sve potrebe vezane za klimatizaciju, grijanje i vodoinstalacije. Dostupni smo na Viber i Whatsapp\u00a0 +387 62 53 53 50<\/p>\n<\/div>\n<\/div>","protected":false},"excerpt":{"rendered":"<div class=\"field-label\"><\/div>\n<div class=\"field-items\">\n<div class=\"field-item even\">\n<p>Fujitsu Super Eco Inverter uz sve prednosti Fujitsu ure\u0111aja &#8211; jednostavan i kompaktan dizajn, funkcije u\u0161tede energije, veoma tih rad i niska potro\u0161nje elektri\u010dne energije dodaje i opciju odr\u017eavanje topline prostorije od 8 stepeni pri grijanju kako ne bi do\u0161lo do pucanja i zale\u0111ivanja cijevi, \u0161to ga \u010dini odli\u010dnim odabirom za podgrijavanje Va\u0161eg doma. Opcija wifi kontrolera pru\u017ea mogu\u0107nost upravljanjem Fujitsu Super Eco Inverter ure\u0111ajima \u010dak i kada niste ku\u0107i.<\/p>\n<\/div>\n<\/div>","protected":false},"featured_media":14833,"template":"","meta":{"om_disable_all_campaigns":false,"_monsterinsights_skip_tracking":false,"_monsterinsights_sitenote_active":false,"_monsterinsights_sitenote_note":"","_monsterinsights_sitenote_category":0},"product_cat":[329,654,305,306],"product_tag":[],"class_list":{"0":"post-15232","1":"product","2":"type-product","3":"status-publish","4":"has-post-thumbnail","6":"product_cat-24ke-inverteri","7":"product_cat-fujitsu","8":"product_cat-grijanje-i-hladenje","9":"product_cat-klima-uredaji","11":"first","12":"instock","13":"taxable","14":"shipping-taxable","15":"purchasable","16":"product-type-simple"},"aioseo_notices":[],"_links":{"self":[{"href":"https:\/\/coolmarket.ba\/bs\/wp-json\/wp\/v2\/product\/15232","targetHints":{"allow":["GET"]}}],"collection":[{"href":"https:\/\/coolmarket.ba\/bs\/wp-json\/wp\/v2\/product"}],"about":[{"href":"https:\/\/coolmarket.ba\/bs\/wp-json\/wp\/v2\/types\/product"}],"wp:featuredmedia":[{"embeddable":true,"href":"https:\/\/coolmarket.ba\/bs\/wp-json\/wp\/v2\/media\/14833"}],"wp:attachment":[{"href":"https:\/\/coolmarket.ba\/bs\/wp-json\/wp\/v2\/media?parent=15232"}],"wp:term":[{"taxonomy":"product_cat","embeddable":true,"href":"https:\/\/coolmarket.ba\/bs\/wp-json\/wp\/v2\/product_cat?post=15232"},{"taxonomy":"product_tag","embeddable":true,"href":"https:\/\/coolmarket.ba\/bs\/wp-json\/wp\/v2\/product_tag?post=15232"}],"curies":[{"name":"wp","href":"https:\/\/api.w.org\/{rel}","templated":true}]}}