{"id":15231,"date":"2023-06-12T11:19:28","date_gmt":"2023-06-12T11:19:28","guid":{"rendered":"https:\/\/coolmarket.ba\/?post_type=product&#038;p=15231"},"modified":"2024-09-12T14:26:19","modified_gmt":"2024-09-12T14:26:19","slug":"fujitsu-asyg12lmce-aoyg12lmc","status":"publish","type":"product","link":"https:\/\/coolmarket.ba\/bs\/proizvod\/fujitsu-asyg12lmce-aoyg12lmc\/","title":{"rendered":"FUJITSU ASYG12LMCE\/AOYG12LMC"},"content":{"rendered":"<ul>\n<li>Kompaktnih dimenzija za u\u0161tedu prostora<\/li>\n<li>DC inverter za u\u0161tedu energije<\/li>\n<li>Unaprije\u0111en dizajn ventilatora<\/li>\n<li>Optimalna distribucija zraka pra\u010dena ne\u010dujnim radom<\/li>\n<li>Filter protiv pra\u0161ine i peludi te filter ionizacije<\/li>\n<li>Funkcija brzog starta<\/li>\n<li>Sni\u017eenje temperature do +10 \u00b0C za grijanje kad se sobe ne koriste\n<div>\n<p>\u0160irok raspon u\u010dinka (2,0 &#8211; 4,4 kW) garant su ispunjenja svih klimatizacijskih potreba sa inverterskim modelima ove serije. Opcija grijanja na 10\u00b0C, 24-satni timer i kontrola ispuha zraka pove\u0107avaju komfor kori\u0161tenja.<\/p>\n<\/div>\n<div>\n<div>Kontrola ispuha zraka:<br \/>\nPode\u0161avanje ispuha omogu\u0107ava ugodu podnog grijanja. vodoravnim ispuhom hladan zrak ne pu\u0161e izravno prema korisniku klima ure\u0111aja<\/div>\n<div>Opcija grijanja na 10\u00b0c:<br \/>\nFunkcija koja odr\u017eava temperaturu prostora na 10\u00b0C kako ne bi do\u0161lo do smrzavanja ili pucanja cijevi. Dostupno preko be\u017ei\u010dnog daljinskog upravlja\u010da<\/div>\n<div>24-satni timer:<br \/>\n24-satni timer omogu\u0107uje iznimno lako pode\u0161avanje ure\u0111aja od strane korisnika<\/div>\n<div>Podru\u010dje rada:<br \/>\nU hla\u0111enju: od -10\u00b0C do +43\u00b0C \u00a0 \u00a0 U grijanju: od -15\u00b0C do +24\u00b0C<\/div>\n<\/div>\n<div class=\"field field-name-field-specifikacija field-type-text-long field-label-above\">\n<div class=\"field-items\">\n<div class=\"field-item even\">\n<table>\n<tbody>\n<tr class=\"istaknuto\">\n<td><\/td>\n<td><strong>Hla\u0111enje<\/strong><\/td>\n<td><strong>Grijanje<\/strong><\/td>\n<\/tr>\n<tr>\n<td>Kapacitet<\/td>\n<td>kW<\/td>\n<td>3,4<\/td>\n<td>4,0<\/td>\n<\/tr>\n<tr>\n<td>Ulazna snaga<\/td>\n<td>kW<\/td>\n<td>0,97<\/td>\n<td>1,02<\/td>\n<\/tr>\n<tr>\n<td>SEER \u2013 Energetska klasa \u2013 Hla\u0111enje<\/td>\n<td>W\/W<\/td>\n<td>7,00-A++<\/td>\n<td>\u2013<\/td>\n<\/tr>\n<tr>\n<td>SCOP \u2013 Energetska klasa \u2013 Grijanje<\/td>\n<td>W\/W<\/td>\n<td>\u2013<\/td>\n<td>4,00-A+<\/td>\n<\/tr>\n<tr>\n<td>Ja\u010dina struje<\/td>\n<td>A<\/td>\n<td>4,6<\/td>\n<td>4,8<\/td>\n<\/tr>\n<tr>\n<td>Godi\u0161nja potro\u0161nja<\/td>\n<td>kWh\/a<\/td>\n<td>170<\/td>\n<td>1225<\/td>\n<\/tr>\n<tr>\n<td>Podru\u010dje rada<\/td>\n<td>\u00b0CDB<\/td>\n<td>-10~43<\/td>\n<td>-15~24<\/td>\n<\/tr>\n<tr class=\"istaknuto\">\n<td><strong>Jedinica<\/strong><\/td>\n<td><\/td>\n<td><strong>Unutarnja<\/strong><\/td>\n<td><strong>Vanjska<\/strong><\/td>\n<\/tr>\n<tr>\n<td>Protok zraka (high)<\/td>\n<td>m3\/h<\/td>\n<td>720<\/td>\n<td>1830<\/td>\n<\/tr>\n<tr>\n<td>Dimenzije V x \u0160 x D<\/td>\n<td>mm<\/td>\n<td>268x840x203<\/td>\n<td>535x663x293<\/td>\n<\/tr>\n<tr>\n<td>Te\u017eina<\/td>\n<td>kg(lbs)<\/td>\n<td>8,5(19)<\/td>\n<td>26(57)<\/td>\n<\/tr>\n<tr>\n<td>Buka (H\/Q)<\/td>\n<td>dB(A)<\/td>\n<td>43\/40\/32\/21<\/td>\n<td>50<\/td>\n<\/tr>\n<tr>\n<td>Promjer ispusne cijevi<\/td>\n<td>mm<\/td>\n<td>13,8\/15,8<\/td>\n<td>16,7<\/td>\n<\/tr>\n<tr>\n<td><\/td>\n<td><\/td>\n<td><\/td>\n<td><\/td>\n<\/tr>\n<tr class=\"istaknuto\">\n<td><strong>Sistemski podaci<\/strong><\/td>\n<td><\/td>\n<td><\/td>\n<td><\/td>\n<\/tr>\n<tr>\n<td>Izvor energije<\/td>\n<td>V\/ O\/Hz<\/td>\n<td>230\/1\/50<\/td>\n<td><\/td>\n<\/tr>\n<tr>\n<td>Uklanjanje vlage<\/td>\n<td>I\/h<\/td>\n<td>1,3<\/td>\n<td><\/td>\n<\/tr>\n<tr>\n<td>Cijevni priklju\u010dci ( Mali \/ Veliki )<\/td>\n<td>mm<\/td>\n<td>6,35\/9,52<\/td>\n<td><\/td>\n<\/tr>\n<tr>\n<td>Maksimalna du\u017eina cijevi<\/td>\n<td>m<\/td>\n<td>20(15)<\/td>\n<td><\/td>\n<\/tr>\n<tr>\n<td>Maksimalna visinska razlika<\/td>\n<td>m<\/td>\n<td>15<\/td>\n<td><\/td>\n<\/tr>\n<tr>\n<td>Rashladni medij<\/td>\n<td><\/td>\n<td>R410A<\/td>\n<td><\/td>\n<\/tr>\n<\/tbody>\n<\/table>\n<p><strong><em>\u00a0 \u00a0 \u00a0<\/em><\/strong><\/p>\n<\/div>\n<\/div>\n<\/div>\n<div class=\"field field-name-field-galerija field-type-image field-label-hidden\">\n<div class=\"field-items\">\n<div class=\"field-item even\"><img data-recalc-dims=\"1\" fetchpriority=\"high\" decoding=\"async\" class=\"aligncenter\" title=\"ASYG 12 LMCE\" src=\"https:\/\/i0.wp.com\/servis-covic.com\/sites\/default\/files\/slike\/galerija\/remote-fujitsu_lmv-550x550.png?resize=500%2C500&#038;ssl=1\" alt=\"ASYG 12 LMCE\" width=\"500\" height=\"500\" \/><\/div>\n<div class=\"field-item odd\">\n<p><img data-recalc-dims=\"1\" decoding=\"async\" class=\"aligncenter\" title=\"ASYG 12 LMCE\" src=\"https:\/\/i0.wp.com\/servis-covic.com\/sites\/default\/files\/slike\/galerija\/fujitsuoutdoor_lmcr-550x550.png?resize=500%2C500&#038;ssl=1\" alt=\"ASYG 12 LMCE\" width=\"500\" height=\"500\" \/><\/p>\n<\/div>\n<\/div>\n<\/div>\n<div class=\"field field-name-field-kategorija field-type-taxonomy-term-reference field-label-hidden\">\n<div class=\"field-items\">\n<p><img data-recalc-dims=\"1\" decoding=\"async\" class=\"size-full wp-image-15573 aligncenter\" src=\"https:\/\/i0.wp.com\/coolmarket.ba\/wp-content\/uploads\/2024\/07\/Grijanje-Vodoinstalacije-klimatizacija-2.png?resize=1170%2C433&#038;ssl=1\" alt=\"\" width=\"1170\" height=\"433\" srcset=\"https:\/\/i0.wp.com\/coolmarket.ba\/wp-content\/uploads\/2024\/07\/Grijanje-Vodoinstalacije-klimatizacija-2.png?w=1170&amp;ssl=1 1170w, https:\/\/i0.wp.com\/coolmarket.ba\/wp-content\/uploads\/2024\/07\/Grijanje-Vodoinstalacije-klimatizacija-2.png?resize=300%2C111&amp;ssl=1 300w, https:\/\/i0.wp.com\/coolmarket.ba\/wp-content\/uploads\/2024\/07\/Grijanje-Vodoinstalacije-klimatizacija-2.png?resize=1024%2C379&amp;ssl=1 1024w, https:\/\/i0.wp.com\/coolmarket.ba\/wp-content\/uploads\/2024\/07\/Grijanje-Vodoinstalacije-klimatizacija-2.png?resize=768%2C284&amp;ssl=1 768w, https:\/\/i0.wp.com\/coolmarket.ba\/wp-content\/uploads\/2024\/07\/Grijanje-Vodoinstalacije-klimatizacija-2.png?resize=18%2C7&amp;ssl=1 18w, https:\/\/i0.wp.com\/coolmarket.ba\/wp-content\/uploads\/2024\/07\/Grijanje-Vodoinstalacije-klimatizacija-2.png?resize=600%2C222&amp;ssl=1 600w, https:\/\/i0.wp.com\/coolmarket.ba\/wp-content\/uploads\/2024\/07\/Grijanje-Vodoinstalacije-klimatizacija-2.png?resize=64%2C24&amp;ssl=1 64w\" sizes=\"(max-width: 1170px) 100vw, 1170px\" \/><\/p>\n<p>&nbsp;<\/p>\n<p><strong>CoolMarket<\/strong> je va\u0161 pouzdani partner za prodaju, ugradnju i odr\u017eavanje klima ure\u0111aja, toplotnih pumpi te sistema za vodu i grijanje. Na\u0161a stru\u010dnost osigurava kvalitetne proizvode i vrhunske usluge kako bi va\u0161 dom ili poslovni prostor bio udoban i funkcionalan. Kontaktirajte nas za sve potrebe vezane za klimatizaciju, grijanje i vodoinstalacije. Dostupni smo na Viber i Whatsapp\u00a0 +387 62 53 53 50<\/p>\n<\/div>\n<\/div>\n<\/li>\n<\/ul>","protected":false},"excerpt":{"rendered":"<ul>\n<li>Kompaktnih dimenzija za u\u0161tedu prostora<\/li>\n<li>DC inverter za u\u0161tedu energije<\/li>\n<li>Unaprije\u0111en dizajn ventilatora<\/li>\n<li>Optimalna distribucija zraka pra\u010dena ne\u010dujnim radom<\/li>\n<li>Filter protiv pra\u0161ine i peludi te filter ionizacije<\/li>\n<li>Funkcija brzog starta<\/li>\n<li>Sni\u017eenje temperature do +10 \u00b0C za grijanje kad se sobe ne koriste<\/li>\n<\/ul>","protected":false},"featured_media":14830,"template":"","meta":{"om_disable_all_campaigns":false,"_monsterinsights_skip_tracking":false,"_monsterinsights_sitenote_active":false,"_monsterinsights_sitenote_note":"","_monsterinsights_sitenote_category":0},"product_cat":[335,654,305,306],"product_tag":[],"class_list":{"0":"post-15231","1":"product","2":"type-product","3":"status-publish","4":"has-post-thumbnail","6":"product_cat-12ke-inverteri","7":"product_cat-fujitsu","8":"product_cat-grijanje-i-hladenje","9":"product_cat-klima-uredaji","11":"first","12":"instock","13":"taxable","14":"shipping-taxable","15":"purchasable","16":"product-type-simple"},"aioseo_notices":[],"_links":{"self":[{"href":"https:\/\/coolmarket.ba\/bs\/wp-json\/wp\/v2\/product\/15231","targetHints":{"allow":["GET"]}}],"collection":[{"href":"https:\/\/coolmarket.ba\/bs\/wp-json\/wp\/v2\/product"}],"about":[{"href":"https:\/\/coolmarket.ba\/bs\/wp-json\/wp\/v2\/types\/product"}],"wp:featuredmedia":[{"embeddable":true,"href":"https:\/\/coolmarket.ba\/bs\/wp-json\/wp\/v2\/media\/14830"}],"wp:attachment":[{"href":"https:\/\/coolmarket.ba\/bs\/wp-json\/wp\/v2\/media?parent=15231"}],"wp:term":[{"taxonomy":"product_cat","embeddable":true,"href":"https:\/\/coolmarket.ba\/bs\/wp-json\/wp\/v2\/product_cat?post=15231"},{"taxonomy":"product_tag","embeddable":true,"href":"https:\/\/coolmarket.ba\/bs\/wp-json\/wp\/v2\/product_tag?post=15231"}],"curies":[{"name":"wp","href":"https:\/\/api.w.org\/{rel}","templated":true}]}}