{"id":15228,"date":"2023-05-19T15:28:29","date_gmt":"2023-05-19T15:28:29","guid":{"rendered":"https:\/\/coolmarket.ba\/?post_type=product&#038;p=15228"},"modified":"2024-09-12T14:29:05","modified_gmt":"2024-09-12T14:29:05","slug":"carrier-sensation-12-42qhb012d8sp-38qhg012d8sp","status":"publish","type":"product","link":"https:\/\/coolmarket.ba\/bs\/proizvod\/carrier-sensation-12-42qhb012d8sp-38qhg012d8sp\/","title":{"rendered":"CARRIER SENSATION 12 42QHB012D8SP\/38QHG012D8SP"},"content":{"rendered":"<div class=\"col-sm-3\"><img data-recalc-dims=\"1\" fetchpriority=\"high\" decoding=\"async\" class=\"aligncenter\" src=\"https:\/\/i0.wp.com\/en.ahi-carrier.gr\/wp-content\/uploads\/sensation-logo.jpg?resize=651%2C265&#038;ssl=1\" alt=\"CARRIER SENSATION\" width=\"651\" height=\"265\" \/><\/div>\n<div><\/div>\n<div class=\"col-sm-3\"><img data-recalc-dims=\"1\" decoding=\"async\" class=\"aligncenter\" src=\"https:\/\/i0.wp.com\/en.ahi-carrier.gr\/wp-content\/uploads\/eurovent.png?resize=200%2C74&#038;ssl=1\" alt=\"EUROVENT CERTIFIKAT\" width=\"200\" height=\"74\" \/><\/div>\n<div><\/div>\n<div><\/div>\n<div class=\"col-sm-3\"><img data-recalc-dims=\"1\" decoding=\"async\" class=\"aligncenter\" src=\"https:\/\/i0.wp.com\/en.ahi-carrier.gr\/wp-content\/uploads\/r32-1.png?resize=200%2C100&#038;ssl=1\" alt=\"R32 RASHLADNA TVAR\" width=\"200\" height=\"100\" \/><\/div>\n<div><\/div>\n<div>\n<p><strong>U\u017eivajte u svje\u017eem vazduhu!<\/strong><\/p>\n<p>Na\u0161a nova serija Sensation dizajnirana s inovativnim tehnologijama mo\u017ee vam pomo\u0107i da rije\u0161ite probleme sa bukom sa funkcijama unutarnje i vanjske jedinice koje izoluju zvukove i vibracije.\u00a0Jonizator jedinice stvara zdravu klimu jer podmla\u0111uje zrak negativno nabijenim ionima.\u00a0Osim toga, jedinica je opremljena nizom filtera tako da vi i va\u0161a porodica mo\u017eete udisati \u010distiji zrak.<\/p>\n<ul>\n<li>Trostruki sistem filtracije: hladni katalizator, aktivni ugljen, srebrni jon<\/li>\n<li>Ionizator<\/li>\n<li>3D protok vazduha<\/li>\n<li>&#8220;Vjetar me izbjegava&#8221;<\/li>\n<li>Tihi rad do 18dB (A)<\/li>\n<li>Visoka energetska efikasnost sa SEER do 7<\/li>\n<li>WiFi Standard<\/li>\n<\/ul>\n<p>&nbsp;<\/p>\n<p><strong>Karakteristike Carrier Sensation klima ure\u0111aja:<\/strong><\/p>\n<\/div>\n<div class=\"row mb-4\">\n<div class=\"col-sm-12 col-xl-4\">\n<div class=\"row\">\n<div><\/div>\n<div class=\"col-xs-2 col-sm-2 col-md-1 col-xl-2\"><img loading=\"lazy\" decoding=\"async\" class=\"aligncenter\" src=\"https:\/\/en.ahi-carrier.gr\/wp-content\/uploads\/ionizer2.svg\" alt=\"IONIZATOR\" width=\"100\" height=\"100\" \/><\/div>\n<div class=\"col-xs-10 col-sm-10 col-md-11 col-xl-10 text-justify\">\n<h6>Ionizator<\/h6>\n<p>Otpu\u0161ta negativne jone u zrak, simuliraju\u0107i opu\u0161taju\u0107e efekte \u0161uma i vodopada.<\/p>\n<\/div>\n<\/div>\n<\/div>\n<div class=\"col-sm-12 col-xl-4\">\n<div class=\"row\">\n<div><\/div>\n<div class=\"col-xs-2 col-sm-2 col-md-1 col-xl-2\"><img loading=\"lazy\" decoding=\"async\" class=\"aligncenter\" src=\"https:\/\/en.ahi-carrier.gr\/wp-content\/uploads\/gold-fin.svg\" alt=\"GOLDEN FIN\" width=\"100\" height=\"100\" \/><\/div>\n<div class=\"col-xs-10 col-sm-10 col-md-11 col-xl-10 text-justify\">\n<h6>Golden Fin<\/h6>\n<p>Jedinstveni antikorozivni zlatni premaz na izmenjiva\u010du toplote mo\u017ee da izdr\u017ei slani vazduh, ki\u0161u i druge korozivne elemente.\u00a0Tako\u0111e efikasno spre\u010dava razmno\u017eavanje bakterija i pobolj\u0161ava efikasnost toplote.<\/p>\n<\/div>\n<\/div>\n<\/div>\n<div class=\"col-sm-12 col-xl-4\">\n<div class=\"row\">\n<div><\/div>\n<div class=\"col-xs-2 col-sm-2 col-md-1 col-xl-2\"><img loading=\"lazy\" decoding=\"async\" class=\"aligncenter\" src=\"https:\/\/en.ahi-carrier.gr\/wp-content\/uploads\/eco-1.svg\" alt=\"X-ECO\" width=\"100\" height=\"100\" \/><\/div>\n<div class=\"col-xs-10 col-sm-10 col-md-11 col-xl-10 text-justify\">\n<h6>\u03a7-ECO<\/h6>\n<p>Aktiviranjem ovog na\u010dina rada jedinica mo\u017ee potro\u0161iti do 60% manje energije u odnosu na normalan na\u010din rada.\u00a0Jedinica automatski prilago\u0111ava brzinu ventilatora i rotaciju kompresora pru\u017eaju\u0107i vam isti nivo udobnosti, ali uz minimalnu potro\u0161nju energije.<\/p>\n<\/div>\n<\/div>\n<\/div>\n<\/div>\n<div class=\"row mb-4\">\n<div class=\"col-sm-12 col-xl-4\">\n<div class=\"row\">\n<div><\/div>\n<div class=\"col-xs-2 col-sm-2 col-md-1 col-xl-2\"><img loading=\"lazy\" decoding=\"async\" class=\"aligncenter\" src=\"https:\/\/en.ahi-carrier.gr\/wp-content\/uploads\/silence.svg\" alt=\"TIHI NA\u010cIN RADA\" width=\"100\" height=\"100\" \/><\/div>\n<div class=\"col-xs-10 col-sm-10 col-md-11 col-xl-10 text-justify\">\n<h6>Tihi na\u010din rada<\/h6>\n<p>Unutra\u0161nji ventilator \u0107e raditi u super tihom re\u017eimu, posti\u017eu\u0107i izuzetno niske nivoe buke.<\/p>\n<\/div>\n<\/div>\n<\/div>\n<div class=\"col-sm-12 col-xl-4\">\n<div class=\"row\">\n<div><\/div>\n<div class=\"col-xs-2 col-sm-2 col-md-1 col-xl-2\"><img loading=\"lazy\" decoding=\"async\" class=\"aligncenter\" src=\"https:\/\/en.ahi-carrier.gr\/wp-content\/uploads\/cold-catalyst-filter.svg\" alt=\"FILTER HLADNOG KATALIZATORA\" width=\"100\" height=\"100\" \/><\/div>\n<div class=\"col-xs-10 col-sm-10 col-md-11 col-xl-10 text-justify\">\n<h6>Filter hladnog katalizatora<\/h6>\n<p>Elimini\u0161e formaldehid i druga hlapljiva organska jedinjenja (VOC), kao i \u0161tetne gasove i mirise.\u00a0Efikasnost filtera se ne pogor\u0161ava tokom vremena.<\/p>\n<\/div>\n<\/div>\n<\/div>\n<div class=\"col-sm-12 col-xl-4\">\n<div class=\"row\">\n<div><\/div>\n<div class=\"col-xs-2 col-sm-2 col-md-1 col-xl-2\"><img loading=\"lazy\" decoding=\"async\" class=\"aligncenter\" src=\"https:\/\/en.ahi-carrier.gr\/wp-content\/uploads\/ANION-filter-1.svg\" alt=\"FILTER SA JONIMA SREBRA\" width=\"100\" height=\"100\" \/><\/div>\n<div class=\"col-xs-10 col-sm-10 col-md-11 col-xl-10 text-justify\">\n<h6>Filter sa jonima srebra<\/h6>\n<p>Ovaj filter osloba\u0111a negativne jone koji osvje\u017eavaju zrak i pru\u017eaju \u010distu, osvje\u017eavaju\u0107u atmosferu.<\/p>\n<\/div>\n<\/div>\n<\/div>\n<\/div>\n<div class=\"row mb-4\">\n<div class=\"col-sm-12 col-xl-4\">\n<div class=\"row\">\n<div><\/div>\n<div class=\"col-xs-2 col-sm-2 col-md-1 col-xl-2\"><img loading=\"lazy\" decoding=\"async\" class=\"aligncenter\" src=\"https:\/\/en.ahi-carrier.gr\/wp-content\/uploads\/Co2-filter-1.svg\" alt=\"FILTER SA AKTIVNIM UGLJEM\" width=\"100\" height=\"100\" \/><\/div>\n<div class=\"col-xs-10 col-sm-10 col-md-11 col-xl-10 text-justify\">\n<h6>Filter sa aktivnim ugljem<\/h6>\n<p>Uklanja neprijatne mirise 10 puta efikasnije, kao \u0161to je miris cigarete.<\/p>\n<\/div>\n<\/div>\n<\/div>\n<div class=\"col-sm-12 col-xl-4\">\n<div class=\"row\">\n<div><\/div>\n<div class=\"col-xs-2 col-sm-2 col-md-1 col-xl-2\"><img loading=\"lazy\" decoding=\"async\" class=\"aligncenter\" src=\"https:\/\/en.ahi-carrier.gr\/wp-content\/uploads\/follow-me.svg\" alt=\"FOLLOW ME MODE\" width=\"100\" height=\"100\" \/><\/div>\n<div class=\"col-xs-10 col-sm-10 col-md-11 col-xl-10 text-justify\">\n<h6>Follow Me Mode<\/h6>\n<p>Senzor temperature ugra\u0111en u daljinski upravlja\u010d \u0107e osjetiti okolnu temperaturu.\u00a0Jedinica mo\u017ee preciznije podesiti sobnu temperaturu u odnosu na podru\u010dje na kojem postavite daljinski upravlja\u010d, kako bi vam pru\u017eio ve\u0107u udobnost.<\/p>\n<\/div>\n<\/div>\n<\/div>\n<div class=\"col-sm-12 col-xl-4\">\n<div class=\"row\">\n<div><\/div>\n<div class=\"col-xs-2 col-sm-2 col-md-1 col-xl-2\"><img loading=\"lazy\" decoding=\"async\" class=\"aligncenter\" src=\"https:\/\/en.ahi-carrier.gr\/wp-content\/uploads\/sleep-mode.svg\" alt=\"SLEEP MODE\" width=\"100\" height=\"100\" \/><\/div>\n<div class=\"col-xs-10 col-sm-10 col-md-11 col-xl-10 text-justify\">\n<h6>Sleep Mode<\/h6>\n<p>Ovaj na\u010din rada \u0161tedi energiju i pobolj\u0161ava no\u0107nu udobnost.\u00a0Pode\u0161ena temperatura \u0107e se pove\u0107ati za 1\u00b0C na sat u re\u017eimu hla\u0111enja ili smanjiti za 1\u00b0C na sat u re\u017eimu grijanja, za prva 2 sata rada.\u00a0Nakon toga ure\u0111aj \u0107e zadr\u017eati novu temperaturu 5 sati nakon \u010dega \u0107e se automatski isklju\u010diti!<\/p>\n<\/div>\n<\/div>\n<\/div>\n<\/div>\n<div class=\"row mb-4\">\n<div class=\"col-sm-12 col-xl-4\">\n<div class=\"row\">\n<div><\/div>\n<div class=\"col-xs-2 col-sm-2 col-md-1 col-xl-2\"><img loading=\"lazy\" decoding=\"async\" class=\"aligncenter\" src=\"https:\/\/en.ahi-carrier.gr\/wp-content\/uploads\/turbo.svg\" alt=\"TURBO NA\u010cIN RADA\" width=\"100\" height=\"100\" \/><\/div>\n<div class=\"col-xs-10 col-sm-10 col-md-11 col-xl-10 text-justify\">\n<h6>Turbo na\u010din rada<\/h6>\n<p>Turbo funkcija \u0107e vam pomo\u0107i da brzo i efikasno ohladite ili zagrejete va\u0161u sobu.<\/p>\n<\/div>\n<\/div>\n<\/div>\n<div class=\"col-sm-12 col-xl-4\">\n<div class=\"row\">\n<div><\/div>\n<div class=\"col-xs-2 col-sm-2 col-md-1 col-xl-2\"><img loading=\"lazy\" decoding=\"async\" class=\"aligncenter\" src=\"https:\/\/en.ahi-carrier.gr\/wp-content\/uploads\/self-repair.svg\" alt=\"SISTEM ZA DETEKCIJU CURENJA HLADNJAKA\" width=\"100\" height=\"100\" \/><\/div>\n<div class=\"col-xs-10 col-sm-10 col-md-11 col-xl-10 text-justify\">\n<h6>Sistem za detekciju curenja hladnjaka<\/h6>\n<p>U slu\u010daju curenja rashladne te\u010dnosti, jedinica automatski detektuje curenje i isklju\u010duje rad, a istovremeno vas upozorava odgovaraju\u0107im kodom kvara na ekranu unutra\u0161nje jedinice.<\/p>\n<\/div>\n<\/div>\n<\/div>\n<div class=\"col-sm-12 col-xl-4\">\n<div class=\"row\">\n<div><\/div>\n<div><\/div>\n<div class=\"col-xs-2 col-sm-2 col-md-1 col-xl-2\"><img loading=\"lazy\" decoding=\"async\" class=\"aligncenter\" src=\"https:\/\/en.ahi-carrier.gr\/wp-content\/uploads\/1W.svg\" alt=\"1W U STANJU PRIPRAVNOSTI\" width=\"100\" height=\"100\" \/><\/div>\n<div class=\"col-xs-10 col-sm-10 col-md-11 col-xl-10 text-justify\">\n<h6>1W u stanju pripravnosti<\/h6>\n<p>Jedinica tro\u0161i manje od 1W u stanju pripravnosti.<\/p>\n<\/div>\n<\/div>\n<\/div>\n<\/div>\n<div class=\"row mb-4\">\n<div class=\"col-sm-12 col-xl-4\">\n<div class=\"row\">\n<div><\/div>\n<div class=\"col-xs-2 col-sm-2 col-md-1 col-xl-2\"><img loading=\"lazy\" decoding=\"async\" class=\"aligncenter\" src=\"https:\/\/en.ahi-carrier.gr\/wp-content\/uploads\/remote-control-lock.svg\" alt=\"DALJINSKO ZAKLJU\u010cAVANJE\" width=\"100\" height=\"100\" \/><\/div>\n<div class=\"col-xs-10 col-sm-10 col-md-11 col-xl-10 text-justify\">\n<h6>Daljinsko zaklju\u010davanje<\/h6>\n<p>Mo\u017eete zaklju\u010dati daljinski upravlja\u010d kako biste bili sigurni da odabrane postavke nisu slu\u010dajno promijenjene.<\/p>\n<\/div>\n<\/div>\n<\/div>\n<div class=\"col-sm-12 col-xl-4\">\n<div class=\"row\">\n<div><\/div>\n<div class=\"col-xs-2 col-sm-2 col-md-1 col-xl-2\"><img loading=\"lazy\" decoding=\"async\" class=\"aligncenter\" src=\"https:\/\/en.ahi-carrier.gr\/wp-content\/uploads\/volt.svg\" alt=\"ELEKTRI\u010cNA NAPONSKA ZA\u0160TITA\" width=\"100\" height=\"100\" \/><\/div>\n<div class=\"col-xs-10 col-sm-10 col-md-11 col-xl-10 text-justify\">\n<h6>Elektri\u010dna naponska za\u0161tita (168 do 264V)<\/h6>\n<p>Mo\u017ee u potpunosti raditi u rasponu snage od 168 do 230V, a istovremeno je za\u0161ti\u0107en od bilo kakvih fluktuacija koje se mogu pojaviti unutar ovog raspona.<\/p>\n<\/div>\n<\/div>\n<\/div>\n<div class=\"col-sm-12 col-xl-4\">\n<div class=\"row\">\n<div><\/div>\n<div class=\"col-xs-2 col-sm-2 col-md-1 col-xl-2\"><img loading=\"lazy\" decoding=\"async\" class=\"aligncenter\" src=\"https:\/\/en.ahi-carrier.gr\/wp-content\/uploads\/cert.svg\" alt=\"EUROVENT CERTIFICIRAN\" width=\"100\" height=\"122\" \/><\/div>\n<div class=\"col-xs-10 col-sm-10 col-md-11 col-xl-10 text-justify\">\n<h6>Eurovent certificiran<\/h6>\n<p>Euroventov certifikat osigurava da su sve tehni\u010dke karakteristike koje je proizvo\u0111a\u010d ozna\u010dio na proizvodu istinite.<\/p>\n<\/div>\n<\/div>\n<\/div>\n<\/div>\n<div class=\"row mb-4\">\n<div class=\"col-sm-12 col-xl-4\">\n<div class=\"row\">\n<div><\/div>\n<div class=\"col-xs-2 col-sm-2 col-md-1 col-xl-2\"><img loading=\"lazy\" decoding=\"async\" class=\"aligncenter\" src=\"https:\/\/en.ahi-carrier.gr\/wp-content\/uploads\/restart.svg\" alt=\"AUTOMATSKO PONOVNO POKRETANJE\" width=\"100\" height=\"100\" \/><\/div>\n<div class=\"col-xs-10 col-sm-10 col-md-11 col-xl-10 text-justify\">\n<h6>Automatsko ponovno pokretanje<\/h6>\n<p>Nakon potencijalnog nestanka struje, jedinica \u0107e se automatski ponovo pokrenuti, zadr\u017eavaju\u0107i sve prethodne postavke.<\/p>\n<\/div>\n<\/div>\n<\/div>\n<div class=\"col-sm-12 col-xl-4\">\n<div class=\"row\">\n<div><\/div>\n<div class=\"col-xs-2 col-sm-2 col-md-1 col-xl-2\"><img loading=\"lazy\" decoding=\"async\" class=\"aligncenter\" src=\"https:\/\/en.ahi-carrier.gr\/wp-content\/uploads\/defrost.svg\" alt=\"AUTO DEFROSTING\" width=\"100\" height=\"100\" \/><\/div>\n<div class=\"col-xs-10 col-sm-10 col-md-11 col-xl-10 text-justify\">\n<h6>Auto Defrosting<\/h6>\n<p>Spre\u010dava smrzavanje ispariva\u010da i odr\u017eava efekat odvla\u017eivanja pod niskim temperaturama okoline.<\/p>\n<\/div>\n<\/div>\n<\/div>\n<div class=\"col-sm-12 col-xl-4\">\n<div class=\"row\">\n<div><\/div>\n<div class=\"col-xs-2 col-sm-2 col-md-1 col-xl-2\"><img loading=\"lazy\" decoding=\"async\" class=\"aligncenter\" src=\"https:\/\/en.ahi-carrier.gr\/wp-content\/uploads\/note.svg\" alt=\"BILJE\u0160KA\" width=\"100\" height=\"100\" \/><\/div>\n<div class=\"col-xs-10 col-sm-10 col-md-11 col-xl-10 text-justify\">\n<h6>Bilje\u0161ka<\/h6>\n<p>Proizvo\u0111a\u010d zadr\u017eava pravo izmjene karakteristika proizvoda, elemenata i slika, bez prethodne najave.<\/p>\n<p>&nbsp;<\/p>\n<\/div>\n<p><strong>TEHNI\u010cKE KARAKTERISTIKE CARRIER SENSATION KLIMA URE\u0110AJA:<\/strong><\/p>\n<table class=\"table\">\n<tbody>\n<tr>\n<th>VANJSKA JEDINICA<\/th>\n<td>38QHG\/ 42QHB009D8SP<\/td>\n<td>38QHG\/ 42QHB012D8SP<\/td>\n<td>38QHG\/ 42QHB018D8SP<\/td>\n<td>38QHG\/ 42QHB024D8SP<\/td>\n<\/tr>\n<tr>\n<th>Kapacitet hla\u0111enja kW<\/th>\n<td>2,70 (0,9~3,4)<\/td>\n<td>3,50 (1,1~4,2)<\/td>\n<td>5,30 (3,4~5,9)<\/td>\n<td>7,20 (3,7-8,8)<\/td>\n<\/tr>\n<tr>\n<th>Kapacitet hla\u0111enja BTU\/h<\/th>\n<td>9.213 (3.071 &#8211; 11.601)<\/td>\n<td>11.942 (3.753 &#8211; 14.331)<\/td>\n<td>18.084 (11.601 &#8211; 20.132)<\/td>\n<td>24.567 (12.625 &#8211; 30.027)<\/td>\n<\/tr>\n<tr>\n<th>Kapacitet grijanja kW<\/th>\n<td>3,08 (0,8~3,4)<\/td>\n<td>3,80 (1,1~4,2)<\/td>\n<td>5,40 (3,1~5,8)<\/td>\n<td>7,50 (3,5-9,4)<\/td>\n<\/tr>\n<tr>\n<th>Kapacitet grijanja BTU\/h<\/th>\n<td>10.509 (2.730 &#8211; 11.601)<\/td>\n<td>12.966 (3.753 &#8211; 14.331)<\/td>\n<td>18.426 (10.578 &#8211; 19.790)<\/td>\n<td>25.591 (11.942 &#8211; 32.074)<\/td>\n<\/tr>\n<tr>\n<th>Raspon temperature hla\u0111enja \u00b0C<\/th>\n<td>-15~50<\/td>\n<td>-15~50<\/td>\n<td>-15~50<\/td>\n<td>-15~50<\/td>\n<\/tr>\n<tr>\n<th>Temperaturni opseg grijanja \u00b0C<\/th>\n<td>-15~24<\/td>\n<td>-15~24<\/td>\n<td>-15~24<\/td>\n<td>-15~24<\/td>\n<\/tr>\n<tr>\n<th>SEER \/ SCOP (toplije) \/ SCOP (pros.) W\/W<\/th>\n<td>6.9 \/ 5.3 \/ 4.1<\/td>\n<td>7,0 \/ 5,4 \/ 4,0<\/td>\n<td>7.0 \/ 5.1 \/ 4.0<\/td>\n<td>6.5 \/ 5.1 \/ 4.0<\/td>\n<\/tr>\n<tr>\n<th>Energetska oznaka<\/th>\n<td>A++ \/ A+++ \/ A+<\/td>\n<td>A++ \/ A+++ \/ A+<\/td>\n<td>A++ \/ A+++ \/ A+<\/td>\n<td>A++ \/ A+++ \/ A+<\/td>\n<\/tr>\n<tr>\n<th>Koli\u010dina rashladnog sredstva kg<\/th>\n<td>0,55<\/td>\n<td>0,55<\/td>\n<td>1,10<\/td>\n<td>1,45<\/td>\n<\/tr>\n<tr>\n<th>Napon, Hz<\/th>\n<td>220-240V~, 50Hz, 1Ph<\/td>\n<td>220-240V~, 50Hz, 1Ph<\/td>\n<td>220-240V~, 50Hz, 1Ph<\/td>\n<td>220-240V~, 50Hz, 1Ph<\/td>\n<\/tr>\n<tr>\n<th><\/th>\n<\/tr>\n<tr>\n<th>UNUTRA\u0160NJA JEDINICA<\/th>\n<td>42QHB009D8SP<\/td>\n<td>42QHB012D8SP<\/td>\n<td>42QHB018D8SP<\/td>\n<td>42QHB024D8SP<\/td>\n<\/tr>\n<tr>\n<th>Nivo zvu\u010dnog pritiska (visok\/srednji\/niski\/ti\u0161ina) dB(A)<\/th>\n<td>38\/31\/23\/20<\/td>\n<td>39\/32\/26\/23<\/td>\n<td>43\/33.5\/28\/22<\/td>\n<td>47\/41.5\/30.5\/25<\/td>\n<\/tr>\n<tr>\n<th>Protok vazduha (visok\/srednji\/niski\/ti\u0161ina) m\u00b3\/h<\/th>\n<td>420\/310\/230\/150<\/td>\n<td>585\/480\/395\/200<\/td>\n<td>730\/500\/420\/330<\/td>\n<td>1020\/830\/640\/450<\/td>\n<\/tr>\n<tr>\n<th>Te\u017eina kg<\/th>\n<td>7.3<\/td>\n<td>8.6<\/td>\n<td>10.9<\/td>\n<td>13.7<\/td>\n<\/tr>\n<tr>\n<th>Dimenzije (\u0160\u00d7D\u00d7V) mm<\/th>\n<td>722\u00d7187\u00d7290<\/td>\n<td>802\u00d7189\u00d7297<\/td>\n<td>965\u00d7215\u00d7319<\/td>\n<td>1080\u00d7226\u00d7335<\/td>\n<\/tr>\n<tr>\n<th><\/th>\n<\/tr>\n<tr>\n<th>VANJSKA JEDINICA<\/th>\n<td>38QHG009D8SP<\/td>\n<td>38QHG012D8SP<\/td>\n<td>38QHG018D8SP<\/td>\n<td>38QHG024D8SP<\/td>\n<\/tr>\n<tr>\n<th>Nivo zvu\u010dnog pritiska dB(A)<\/th>\n<td>51<\/td>\n<td>51<\/td>\n<td>53,5<\/td>\n<td>58,5<\/td>\n<\/tr>\n<tr>\n<th>Protok zraka m\u00b3\/h<\/th>\n<td>1750<\/td>\n<td>1800<\/td>\n<td>2100<\/td>\n<td>3500<\/td>\n<\/tr>\n<tr>\n<th>Te\u017eina kg<\/th>\n<td>23.2<\/td>\n<td>23.2<\/td>\n<td>33.5<\/td>\n<td>43.9<\/td>\n<\/tr>\n<tr>\n<th>Dimenzije (\u0160\u00d7D\u00d7V) mm<\/th>\n<td>720\u00d7270\u00d7495<\/td>\n<td>720\u00d7270\u00d7495<\/td>\n<td>805\u00d7330\u00d7554<\/td>\n<td>890\u00d7342\u00d7673<\/td>\n<\/tr>\n<\/tbody>\n<\/table>\n<p>&nbsp;<\/p>\n<\/div>\n<\/div>\n<\/div>\n<div>\n<p><img data-recalc-dims=\"1\" loading=\"lazy\" decoding=\"async\" class=\"size-full wp-image-15573 aligncenter\" src=\"https:\/\/i0.wp.com\/coolmarket.ba\/wp-content\/uploads\/2024\/07\/Grijanje-Vodoinstalacije-klimatizacija-2.png?resize=1170%2C433&#038;ssl=1\" alt=\"\" width=\"1170\" height=\"433\" srcset=\"https:\/\/i0.wp.com\/coolmarket.ba\/wp-content\/uploads\/2024\/07\/Grijanje-Vodoinstalacije-klimatizacija-2.png?w=1170&amp;ssl=1 1170w, https:\/\/i0.wp.com\/coolmarket.ba\/wp-content\/uploads\/2024\/07\/Grijanje-Vodoinstalacije-klimatizacija-2.png?resize=300%2C111&amp;ssl=1 300w, https:\/\/i0.wp.com\/coolmarket.ba\/wp-content\/uploads\/2024\/07\/Grijanje-Vodoinstalacije-klimatizacija-2.png?resize=1024%2C379&amp;ssl=1 1024w, https:\/\/i0.wp.com\/coolmarket.ba\/wp-content\/uploads\/2024\/07\/Grijanje-Vodoinstalacije-klimatizacija-2.png?resize=768%2C284&amp;ssl=1 768w, https:\/\/i0.wp.com\/coolmarket.ba\/wp-content\/uploads\/2024\/07\/Grijanje-Vodoinstalacije-klimatizacija-2.png?resize=18%2C7&amp;ssl=1 18w, https:\/\/i0.wp.com\/coolmarket.ba\/wp-content\/uploads\/2024\/07\/Grijanje-Vodoinstalacije-klimatizacija-2.png?resize=600%2C222&amp;ssl=1 600w, https:\/\/i0.wp.com\/coolmarket.ba\/wp-content\/uploads\/2024\/07\/Grijanje-Vodoinstalacije-klimatizacija-2.png?resize=64%2C24&amp;ssl=1 64w\" sizes=\"(max-width: 1170px) 100vw, 1170px\" \/><\/p>\n<p>&nbsp;<\/p>\n<p><strong>CoolMarket<\/strong> je va\u0161 pouzdani partner za prodaju, ugradnju i odr\u017eavanje klima ure\u0111aja, toplotnih pumpi te sistema za vodu i grijanje. Na\u0161a stru\u010dnost osigurava kvalitetne proizvode i vrhunske usluge kako bi va\u0161 dom ili poslovni prostor bio udoban i funkcionalan. Kontaktirajte nas za sve potrebe vezane za klimatizaciju, grijanje i vodoinstalacije. Dostupni smo na Viber i Whatsapp\u00a0 +387 62 53 53 50<\/p>\n<\/div>\n<div><\/div>\n<div><\/div>\n<div><\/div>","protected":false},"excerpt":{"rendered":"<p><strong>U\u017eivajte u svje\u017eem vazduhu!<\/strong><\/p>\n<p>Na\u0161a nova serija Sensation dizajnirana s inovativnim tehnologijama mo\u017ee vam pomo\u0107i da rije\u0161ite probleme sa bukom sa funkcijama unutarnje i vanjske jedinice koje izoluju zvukove i vibracije.\u00a0Jonizator jedinice stvara zdravu klimu jer podmla\u0111uje zrak negativno nabijenim ionima.\u00a0Osim toga, jedinica je opremljena nizom filtera tako da vi i va\u0161a porodica mo\u017eete udisati \u010distiji zrak.<\/p>\n<ul>\n<li>Trostruki sistem filtracije: hladni katalizator, aktivni ugljen, srebrni jon<\/li>\n<li>Ionizator<\/li>\n<li>3D protok vazduha<\/li>\n<li>&#8220;Vjetar me izbjegava&#8221;<\/li>\n<li>Tihi rad do 18dB (A)<\/li>\n<li>Visoka energetska efikasnost sa SEER do 7<\/li>\n<li>WiFi Standard<\/li>\n<\/ul>","protected":false},"featured_media":14829,"template":"","meta":{"om_disable_all_campaigns":false,"_monsterinsights_skip_tracking":false,"_monsterinsights_sitenote_active":false,"_monsterinsights_sitenote_note":"","_monsterinsights_sitenote_category":0},"product_cat":[335,322,834,305,401,306,348],"product_tag":[],"class_list":{"0":"post-15228","1":"product","2":"type-product","3":"status-publish","4":"has-post-thumbnail","6":"product_cat-12ke-inverteri","7":"product_cat-12ke-klime","8":"product_cat-carrier","9":"product_cat-grijanje-i-hladenje","10":"product_cat-klima-inverteri","11":"product_cat-klima-uredaji","12":"product_cat-klima-uredaji-klima-uredaji","14":"first","15":"instock","16":"taxable","17":"shipping-taxable","18":"purchasable","19":"product-type-simple"},"aioseo_notices":[],"_links":{"self":[{"href":"https:\/\/coolmarket.ba\/bs\/wp-json\/wp\/v2\/product\/15228","targetHints":{"allow":["GET"]}}],"collection":[{"href":"https:\/\/coolmarket.ba\/bs\/wp-json\/wp\/v2\/product"}],"about":[{"href":"https:\/\/coolmarket.ba\/bs\/wp-json\/wp\/v2\/types\/product"}],"wp:featuredmedia":[{"embeddable":true,"href":"https:\/\/coolmarket.ba\/bs\/wp-json\/wp\/v2\/media\/14829"}],"wp:attachment":[{"href":"https:\/\/coolmarket.ba\/bs\/wp-json\/wp\/v2\/media?parent=15228"}],"wp:term":[{"taxonomy":"product_cat","embeddable":true,"href":"https:\/\/coolmarket.ba\/bs\/wp-json\/wp\/v2\/product_cat?post=15228"},{"taxonomy":"product_tag","embeddable":true,"href":"https:\/\/coolmarket.ba\/bs\/wp-json\/wp\/v2\/product_tag?post=15228"}],"curies":[{"name":"wp","href":"https:\/\/api.w.org\/{rel}","templated":true}]}}