{"id":15225,"date":"2023-05-19T14:52:13","date_gmt":"2023-05-19T14:52:13","guid":{"rendered":"https:\/\/coolmarket.ba\/?post_type=product&#038;p=15225"},"modified":"2024-09-12T14:32:14","modified_gmt":"2024-09-12T14:32:14","slug":"carrier-extreme-2-42qhg018d8se-38qhg018d8s","status":"publish","type":"product","link":"https:\/\/coolmarket.ba\/bs\/proizvod\/carrier-extreme-2-42qhg018d8se-38qhg018d8s\/","title":{"rendered":"CARRIER EXTREME 2 42QHG018D8SE\/38QHG018D8SE"},"content":{"rendered":"<div class=\"col-sm-3\"><img data-recalc-dims=\"1\" fetchpriority=\"high\" decoding=\"async\" class=\"aligncenter\" src=\"https:\/\/i0.wp.com\/en.ahi-carrier.gr\/wp-content\/uploads\/logo-extreme.jpg?resize=650%2C207&#038;ssl=1\" alt=\"CARRIER EXTREME 2\" width=\"650\" height=\"207\" \/><\/div>\n<div><\/div>\n<div class=\"col-sm-3\"><img data-recalc-dims=\"1\" decoding=\"async\" class=\"aligncenter\" src=\"https:\/\/i0.wp.com\/en.ahi-carrier.gr\/wp-content\/uploads\/eurovent.png?resize=200%2C74&#038;ssl=1\" alt=\"EUROVENT CERTIFIKAT\" width=\"200\" height=\"74\" \/><\/div>\n<div><\/div>\n<div><\/div>\n<div class=\"col-sm-3\"><img data-recalc-dims=\"1\" decoding=\"async\" class=\"aligncenter\" src=\"https:\/\/i0.wp.com\/en.ahi-carrier.gr\/wp-content\/uploads\/r32-1.png?resize=200%2C100&#038;ssl=1\" alt=\"R32 RASHLADNO SREDSTVO\" width=\"200\" height=\"100\" \/><\/div>\n<div><\/div>\n<p><strong>Odli\u010dne performanse, u ekstremnim uslovima!<\/strong><\/p>\n<ul>\n<li>Visoka za\u0161tita od korozije<\/li>\n<li>Pouzdan rad od -15\u00b0C do + 50\u00b0C<\/li>\n<li>Visoka energetska efikasnost sa SEER-om do 7.4<\/li>\n<li>Metoda UV sterilizacije<\/li>\n<li>\u0399DU: Visokotemperaturna funkcija \u010di\u0161\u0107enja parom<\/li>\n<li>\u010cetvorostruki sistem filtracije: Cold Catalyst Pre-filter, Vitamin C, Negative Ion<\/li>\n<li>WiFi Standard<\/li>\n<\/ul>\n<p>&nbsp;<\/p>\n<p><strong>KARAKTERISTIKE CARRIER EXTREME 2\u00a0 KLIMA URE\u0110AJA:<\/strong><\/p>\n<p>&nbsp;<\/p>\n<div class=\"row mb-4\">\n<div class=\"col-sm-12 col-xl-4\">\n<div class=\"row\">\n<div><\/div>\n<div class=\"col-xs-2 col-sm-2 col-md-1 col-xl-2\"><img loading=\"lazy\" decoding=\"async\" class=\"aligncenter\" src=\"https:\/\/en.ahi-carrier.gr\/wp-content\/uploads\/wifi.svg\" alt=\"WIFI INTEGRISAN\" width=\"100\" height=\"100\" \/><\/div>\n<div class=\"col-xs-10 col-sm-10 col-md-11 col-xl-10 text-justify\">\n<h6>Wi-Fi aktivan<\/h6>\n<p>Mo\u017eete daljinski upravljati jednim ili vi\u0161e Carrier klima-ure\u0111aja i odvla\u017eiva\u010da zraka pomo\u0107u mobilne aplikacije prilago\u0111ene korisniku (dostupno za iOS i Android).\u00a0Wi-Fi stick se nalazi u pakovanju proizvoda i nije potrebna dodatna oprema za povezivanje ure\u0111aja.<\/p>\n<\/div>\n<\/div>\n<\/div>\n<div class=\"col-sm-12 col-xl-4\">\n<div class=\"row\">\n<div><\/div>\n<div class=\"col-xs-2 col-sm-2 col-md-1 col-xl-2\"><img loading=\"lazy\" decoding=\"async\" class=\"aligncenter\" src=\"https:\/\/en.ahi-carrier.gr\/wp-content\/uploads\/1W.svg\" alt=\"1W U STANJU PRIPRAVNOSTI\" width=\"100\" height=\"100\" \/><\/div>\n<div class=\"col-xs-10 col-sm-10 col-md-11 col-xl-10 text-justify\">\n<h6>1W u stanju pripravnosti<\/h6>\n<p>Jedinica tro\u0161i manje od 1W u stanju pripravnosti.<\/p>\n<\/div>\n<\/div>\n<\/div>\n<div class=\"col-sm-12 col-xl-4\">\n<div class=\"row\">\n<div><\/div>\n<div class=\"col-xs-2 col-sm-2 col-md-1 col-xl-2\"><img loading=\"lazy\" decoding=\"async\" class=\"aligncenter\" src=\"https:\/\/en.ahi-carrier.gr\/wp-content\/uploads\/sleep-mode.svg\" alt=\"SLEEP MODE\" width=\"100\" height=\"100\" \/><\/div>\n<div class=\"col-xs-10 col-sm-10 col-md-11 col-xl-10 text-justify\">\n<h6>Sleep Mode<\/h6>\n<p>Ovaj na\u010din rada \u0161tedi energiju i pobolj\u0161ava no\u0107nu udobnost.\u00a0Pode\u0161ena temperatura \u0107e se pove\u0107ati za 1\u00b0C na sat u re\u017eimu hla\u0111enja ili smanjiti za 1\u00b0C na sat u re\u017eimu grijanja, za prva 2 sata rada.\u00a0Nakon toga ure\u0111aj \u0107e zadr\u017eati novu temperaturu 5 sati nakon \u010dega \u0107e se automatski isklju\u010diti!<\/p>\n<\/div>\n<\/div>\n<\/div>\n<\/div>\n<div class=\"row mb-4\">\n<div class=\"col-sm-12 col-xl-4\">\n<div class=\"row\">\n<div><\/div>\n<div><\/div>\n<div class=\"col-xs-2 col-sm-2 col-md-1 col-xl-2\"><img loading=\"lazy\" decoding=\"async\" class=\"aligncenter\" src=\"https:\/\/en.ahi-carrier.gr\/wp-content\/uploads\/heating.svg\" alt=\"OSNOVNI GRIJA\u010c POSUDE \" width=\"143\" height=\"100\" \/><\/div>\n<div class=\"col-xs-10 col-sm-10 col-md-11 col-xl-10 text-justify\">\n<h6>Osnovni grija\u010d posude i grija\u010d kartera<\/h6>\n<p>Pru\u017ea za\u0161titu od smrzavanja \u010dak i na temperaturama do -15oC.<\/p>\n<\/div>\n<\/div>\n<\/div>\n<div class=\"col-sm-12 col-xl-4\">\n<div class=\"row\">\n<div><\/div>\n<div class=\"col-xs-2 col-sm-2 col-md-1 col-xl-2\"><img loading=\"lazy\" decoding=\"async\" class=\"aligncenter\" src=\"https:\/\/en.ahi-carrier.gr\/wp-content\/uploads\/ANION-filter-1.svg\" alt=\"FILTER NEGATIVNIH JONA\" width=\"100\" height=\"100\" \/><\/div>\n<div class=\"col-xs-10 col-sm-10 col-md-11 col-xl-10 text-justify\">\n<h6>Filter negativnih jona<\/h6>\n<p>Ovaj filter osloba\u0111a negativne jone koji osvje\u017eavaju zrak i pru\u017eaju \u010distu, osvje\u017eavaju\u0107u atmosferu.<\/p>\n<\/div>\n<\/div>\n<\/div>\n<div class=\"col-sm-12 col-xl-4\">\n<div class=\"row\">\n<div><\/div>\n<div class=\"col-xs-2 col-sm-2 col-md-1 col-xl-2\"><img loading=\"lazy\" decoding=\"async\" class=\"aligncenter\" src=\"https:\/\/en.ahi-carrier.gr\/wp-content\/uploads\/vitaminC-1.svg\" alt=\"VITAMIN C FILTER\" width=\"100\" height=\"100\" \/><\/div>\n<div class=\"col-xs-10 col-sm-10 col-md-11 col-xl-10 text-justify\">\n<h6>Vitamin C filter<\/h6>\n<p>Vitamin C, svojim antioksidativnim djelovanjem, blagotvoran je za zdravlje ko\u017ee, zbog svoje va\u017ene uloge u sintezi ko\u017enog kolagena.\u00a0Ovaj filter osloba\u0111a vitamin C u prostoru, pove\u0107avaju\u0107i elasti\u010dnost i hidrataciju ko\u017ee putnika tokom rada klima ure\u0111aja.<\/p>\n<\/div>\n<\/div>\n<\/div>\n<\/div>\n<div class=\"row mb-4\">\n<div class=\"col-sm-12 col-xl-4\">\n<div class=\"row\">\n<div><\/div>\n<div class=\"col-xs-2 col-sm-2 col-md-1 col-xl-2\"><img loading=\"lazy\" decoding=\"async\" class=\"aligncenter\" src=\"https:\/\/en.ahi-carrier.gr\/wp-content\/uploads\/cold-catalyst-filter.svg\" alt=\"FILTER HLADNOG KATALIZATORA\" width=\"100\" height=\"100\" \/><\/div>\n<div class=\"col-xs-10 col-sm-10 col-md-11 col-xl-10 text-justify\">\n<h6>Filter hladnog katalizatora<\/h6>\n<p>Elimini\u0161e formaldehid i druga hlapljiva organska jedinjenja (VOC), kao i \u0161tetne gasove i mirise.\u00a0Efikasnost filtera se ne pogor\u0161ava tokom vremena.<\/p>\n<\/div>\n<\/div>\n<\/div>\n<div class=\"col-sm-12 col-xl-4\">\n<div class=\"row\">\n<div><\/div>\n<div><\/div>\n<div class=\"col-xs-2 col-sm-2 col-md-1 col-xl-2\"><img loading=\"lazy\" decoding=\"async\" class=\"aligncenter\" src=\"https:\/\/en.ahi-carrier.gr\/wp-content\/uploads\/avoid-blue.svg\" alt=\"VJETAR IZBJEGAVAJ ME\" width=\"100\" height=\"100\" \/><\/div>\n<div class=\"col-xs-10 col-sm-10 col-md-11 col-xl-10 text-justify\">\n<h6>Vjetar izbjegavaj me<\/h6>\n<p>Odaberite ovaj na\u010din kako biste preusmjerili zrak od korisnika.<\/p>\n<\/div>\n<\/div>\n<\/div>\n<div class=\"col-sm-12 col-xl-4\">\n<div class=\"row\">\n<div><\/div>\n<div class=\"col-xs-2 col-sm-2 col-md-1 col-xl-2\"><img loading=\"lazy\" decoding=\"async\" class=\"aligncenter\" src=\"https:\/\/en.ahi-carrier.gr\/wp-content\/uploads\/turbo.svg\" alt=\"TURBO NA\u010cIN RADA\" width=\"100\" height=\"100\" \/><\/div>\n<div class=\"col-xs-10 col-sm-10 col-md-11 col-xl-10 text-justify\">\n<h6>Turbo na\u010din rada<\/h6>\n<p>Turbo funkcija \u0107e vam pomo\u0107i da brzo i efikasno ohladite ili zagrejete va\u0161u sobu.<\/p>\n<\/div>\n<\/div>\n<\/div>\n<\/div>\n<div class=\"row mb-4\">\n<div class=\"col-sm-12 col-xl-4\">\n<div class=\"row\">\n<div><\/div>\n<div class=\"col-xs-2 col-sm-2 col-md-1 col-xl-2\"><img loading=\"lazy\" decoding=\"async\" class=\"aligncenter\" src=\"https:\/\/en.ahi-carrier.gr\/wp-content\/uploads\/eco-1.svg\" alt=\"X-ECO NA\u010cIN RADA\" width=\"100\" height=\"100\" \/><\/div>\n<div class=\"col-xs-10 col-sm-10 col-md-11 col-xl-10 text-justify\">\n<h6>\u03a7-EC\u039f na\u010din rada<\/h6>\n<p>Aktiviranjem ovog na\u010dina rada jedinica mo\u017ee potro\u0161iti do 60% manje energije u odnosu na normalan na\u010din rada.\u00a0Jedinica automatski prilago\u0111ava brzinu ventilatora i rotaciju kompresora pru\u017eaju\u0107i vam isti nivo udobnosti, ali uz minimalnu potro\u0161nju energije.<\/p>\n<\/div>\n<\/div>\n<\/div>\n<div class=\"col-sm-12 col-xl-4\">\n<div class=\"row\">\n<div><\/div>\n<div class=\"col-xs-2 col-sm-2 col-md-1 col-xl-2\"><img loading=\"lazy\" decoding=\"async\" class=\"aligncenter\" src=\"https:\/\/en.ahi-carrier.gr\/wp-content\/uploads\/follow-me.svg\" alt=\"FOLLOW ME MODE\" width=\"100\" height=\"100\" \/><\/div>\n<div class=\"col-xs-10 col-sm-10 col-md-11 col-xl-10 text-justify\">\n<h6>Follow Me Mode<\/h6>\n<p>Senzor temperature ugra\u0111en u daljinski upravlja\u010d \u0107e osjetiti okolnu temperaturu.\u00a0Jedinica mo\u017ee preciznije podesiti sobnu temperaturu u odnosu na podru\u010dje na kojem postavite daljinski upravlja\u010d, kako bi vam pru\u017eio ve\u0107u udobnost.<\/p>\n<\/div>\n<\/div>\n<\/div>\n<div class=\"col-sm-12 col-xl-4\">\n<div class=\"row\">\n<div><\/div>\n<div class=\"col-xs-2 col-sm-2 col-md-1 col-xl-2\"><img loading=\"lazy\" decoding=\"async\" class=\"aligncenter\" src=\"https:\/\/en.ahi-carrier.gr\/wp-content\/uploads\/cert.svg\" alt=\"EUROVENT CERTIFICIRAN\" width=\"81\" height=\"100\" \/><\/div>\n<div class=\"col-xs-10 col-sm-10 col-md-11 col-xl-10 text-justify\">\n<h6>Eurovent certificiran<\/h6>\n<p>Euroventov certifikat osigurava da su sve tehni\u010dke karakteristike koje je proizvo\u0111a\u010d ozna\u010dio na proizvodu istinite.<\/p>\n<\/div>\n<\/div>\n<\/div>\n<\/div>\n<div class=\"row mb-4\">\n<div class=\"col-sm-12 col-xl-4\">\n<div class=\"row\">\n<div><\/div>\n<div class=\"col-xs-2 col-sm-2 col-md-1 col-xl-2\"><img loading=\"lazy\" decoding=\"async\" class=\"aligncenter\" src=\"https:\/\/en.ahi-carrier.gr\/wp-content\/uploads\/silence.svg\" alt=\"TIHI NA\u010cIN RADA\" width=\"100\" height=\"100\" \/><\/div>\n<div class=\"col-xs-10 col-sm-10 col-md-11 col-xl-10 text-justify\">\n<h6>Tihi na\u010din rada<\/h6>\n<p>Unutra\u0161nji ventilator \u0107e raditi u super tihom re\u017eimu, posti\u017eu\u0107i izuzetno niske nivoe buke.<\/p>\n<\/div>\n<\/div>\n<\/div>\n<div class=\"col-sm-12 col-xl-4\">\n<div class=\"row\">\n<div><\/div>\n<div class=\"col-xs-2 col-sm-2 col-md-1 col-xl-2\"><img loading=\"lazy\" decoding=\"async\" class=\"aligncenter\" src=\"https:\/\/en.ahi-carrier.gr\/wp-content\/uploads\/ACTIVE-CLEAN.svg\" alt=\"ACTIVE CLEAN TEHOLOGIJA\" width=\"190\" height=\"100\" \/><\/div>\n<div class=\"col-xs-10 col-sm-10 col-md-11 col-xl-10 text-justify\">\n<h6>Active Clean Technology<\/h6>\n<p>Ispere pra\u0161inu, plijesan i masno\u0107u koji mogu uzrokovati mirise kada su pri\u010dvr\u0161\u0107eni na izmjenjiva\u010d topline.<\/p>\n<\/div>\n<\/div>\n<\/div>\n<div class=\"col-sm-12 col-xl-4\">\n<div class=\"row\">\n<div><\/div>\n<div class=\"col-xs-2 col-sm-2 col-md-1 col-xl-2\"><img loading=\"lazy\" decoding=\"async\" class=\"aligncenter\" src=\"https:\/\/en.ahi-carrier.gr\/wp-content\/uploads\/volt.svg\" alt=\"ELEKTRI\u010cNA NAPONSKA ZA\u0160TITA\" width=\"100\" height=\"100\" \/><\/div>\n<div class=\"col-xs-10 col-sm-10 col-md-11 col-xl-10 text-justify\">\n<h6>Elektri\u010dna naponska za\u0161tita (168 do 264V)<\/h6>\n<p>Mo\u017ee u potpunosti raditi u rasponu snage od 168 do 230V, a istovremeno je za\u0161ti\u0107en od bilo kakvih fluktuacija koje se mogu pojaviti unutar ovog raspona.<\/p>\n<\/div>\n<\/div>\n<\/div>\n<\/div>\n<div class=\"row mb-4\">\n<div class=\"col-sm-12 col-xl-4\">\n<div class=\"row\">\n<div><\/div>\n<div class=\"col-xs-2 col-sm-2 col-md-1 col-xl-2\"><img loading=\"lazy\" decoding=\"async\" class=\"aligncenter\" src=\"https:\/\/en.ahi-carrier.gr\/wp-content\/uploads\/remote-control-lock.svg\" alt=\"DALJINSKO ZAKLJU\u010cAVANJE\" width=\"100\" height=\"100\" \/><\/div>\n<div class=\"col-xs-10 col-sm-10 col-md-11 col-xl-10 text-justify\">\n<h6>Daljinsko zaklju\u010davanje<\/h6>\n<p>Mo\u017eete zaklju\u010dati daljinski upravlja\u010d kako biste bili sigurni da odabrane postavke nisu slu\u010dajno promijenjene.<\/p>\n<\/div>\n<\/div>\n<\/div>\n<div class=\"col-sm-12 col-xl-4\">\n<div class=\"row\">\n<div><\/div>\n<div class=\"col-xs-2 col-sm-2 col-md-1 col-xl-2\"><img loading=\"lazy\" decoding=\"async\" class=\"aligncenter\" src=\"https:\/\/en.ahi-carrier.gr\/wp-content\/uploads\/self-repair.svg\" alt=\"SISTEM ZA DETEKCIJU CURENJA HLADNJAKA\" width=\"100\" height=\"100\" \/><\/div>\n<div class=\"col-xs-10 col-sm-10 col-md-11 col-xl-10 text-justify\">\n<h6>Sistem za detekciju curenja hladnjaka<\/h6>\n<p>U slu\u010daju curenja rashladne te\u010dnosti, jedinica automatski detektuje curenje i isklju\u010duje rad, a istovremeno vas upozorava odgovaraju\u0107im kodom kvara na ekranu unutra\u0161nje jedinice.<\/p>\n<\/div>\n<\/div>\n<\/div>\n<div class=\"col-sm-12 col-xl-4\">\n<div class=\"row\">\n<div><\/div>\n<div class=\"col-xs-2 col-sm-2 col-md-1 col-xl-2\"><img loading=\"lazy\" decoding=\"async\" class=\"aligncenter\" src=\"https:\/\/en.ahi-carrier.gr\/wp-content\/uploads\/restart.svg\" alt=\"AUTOMATSKO PONOVNO POKRETANJE\" width=\"100\" height=\"100\" \/><\/div>\n<div class=\"col-xs-10 col-sm-10 col-md-11 col-xl-10 text-justify\">\n<h6>Automatsko ponovno pokretanje<\/h6>\n<p>Nakon potencijalnog nestanka struje, jedinica \u0107e se automatski ponovo pokrenuti, zadr\u017eavaju\u0107i sve prethodne postavke.<\/p>\n<\/div>\n<\/div>\n<\/div>\n<\/div>\n<div class=\"row mb-4\">\n<div class=\"col-sm-12 col-xl-4\">\n<div class=\"row\">\n<div><\/div>\n<div class=\"col-xs-2 col-sm-2 col-md-1 col-xl-2\"><img loading=\"lazy\" decoding=\"async\" class=\"aligncenter\" src=\"https:\/\/en.ahi-carrier.gr\/wp-content\/uploads\/gold-fin.svg\" alt=\"GREEN FIN\" width=\"100\" height=\"100\" \/><\/div>\n<div class=\"col-xs-10 col-sm-10 col-md-11 col-xl-10 text-justify\">\n<h6>Green Fin<\/h6>\n<p>Jedinicu \u010dini 5 puta otpornijom na najte\u017ea okru\u017eenja kao \u0161to su priobalna podru\u010dja ili kisele ki\u0161e.<\/p>\n<\/div>\n<\/div>\n<\/div>\n<div class=\"col-sm-12 col-xl-4\">\n<div class=\"row\">\n<div><\/div>\n<div class=\"col-xs-2 col-sm-2 col-md-1 col-xl-2\"><img loading=\"lazy\" decoding=\"async\" class=\"aligncenter\" src=\"https:\/\/en.ahi-carrier.gr\/wp-content\/uploads\/defrost.svg\" alt=\"AUTO DEFROSTING\" width=\"100\" height=\"100\" \/><\/div>\n<div class=\"col-xs-10 col-sm-10 col-md-11 col-xl-10 text-justify\">\n<h6>Auto Defrosting<\/h6>\n<p>Spre\u010dava smrzavanje ispariva\u010da i odr\u017eava efekat odvla\u017eivanja pod niskim temperaturama okoline.<\/p>\n<\/div>\n<\/div>\n<\/div>\n<div class=\"col-sm-12 col-xl-4\">\n<div class=\"row\">\n<div><\/div>\n<div class=\"col-xs-2 col-sm-2 col-md-1 col-xl-2\"><img loading=\"lazy\" decoding=\"async\" class=\"aligncenter\" src=\"https:\/\/en.ahi-carrier.gr\/wp-content\/uploads\/note.svg\" alt=\"BILJE\u0160KA\" width=\"100\" height=\"100\" \/><\/div>\n<div><\/div>\n<p class=\"col-xs-2 col-sm-2 col-md-1 col-xl-2\">Proizvo\u0111a\u010d zadr\u017eava pravo izmjene karakteristika proizvoda, elemenata i slika, bez prethodne najave.<\/p>\n<\/div>\n<p>&nbsp;<\/p>\n<p><strong>TEHNI\u010cKE KARAKTERISTIKE CARRIER EXTREME 2 KLIMA URE\u0110AJA :<\/strong><\/p>\n<table class=\"table\">\n<tbody>\n<tr>\n<th>SISTEM<\/th>\n<td>38QHG\/ 42QHG009D8SE<\/td>\n<td>38QHG\/ 42QHG012D8SE<\/td>\n<td>38QHG\/ 42QHG018D8SE<\/td>\n<td>38QHG\/ 42QHG024D8SE<\/td>\n<\/tr>\n<tr>\n<th>Kapacitet hla\u0111enja kW<\/th>\n<td>2,75 (1,0-3,2)<\/td>\n<td>3,65 (1,4-4,3)<\/td>\n<td>5,28 (3,4-6,1)<\/td>\n<td>7,04 (2,1-8,2)<\/td>\n<\/tr>\n<tr>\n<th>Kapacitet hla\u0111enja BTU\/h<\/th>\n<td>9.383 (3.412 &#8211; 10.919)<\/td>\n<td>12.454 (4.777 &#8211; 14.672)<\/td>\n<td>18.016 (11.601 &#8211; 20.132)<\/td>\n<td>24.021 (7.165 &#8211; 27.980)<\/td>\n<\/tr>\n<tr>\n<th>Kapacitet grijanja kW<\/th>\n<td>2,90 (0,8-3,4)<\/td>\n<td>3,90 (1,1-4,4)<\/td>\n<td>5,70 (3,1-6,7)<\/td>\n<td>7,50 (1,5-8,2)<\/td>\n<\/tr>\n<tr>\n<th>Kapacitet grijanja BTU\/h<\/th>\n<td>9.895 (2.730 &#8211; 11.601)<\/td>\n<td>13.307 (3.753 &#8211; 15.013)<\/td>\n<td>19.449 (10.578 &#8211; 19.790)<\/td>\n<td>25.591 (5.118 &#8211; 27.980)<\/td>\n<\/tr>\n<tr>\n<th>Raspon temperature hla\u0111enja \u00b0C<\/th>\n<td>-15~50<\/td>\n<td>-15~50<\/td>\n<td>-15~50<\/td>\n<td>-15~50<\/td>\n<\/tr>\n<tr>\n<th>Temperaturni opseg grijanja \u00b0C<\/th>\n<td>-15~24<\/td>\n<td>-15~24<\/td>\n<td>-15~24<\/td>\n<td>-15~24<\/td>\n<\/tr>\n<tr>\n<th>SEER \/ SCOP (toplije) \/ SCOP (prosje\u010dno) W\/W<\/th>\n<td>7.4 \/ 5.3 \/ 4.1<\/td>\n<td>7.0 \/ 5.5 \/ 4.2<\/td>\n<td>7.0 \/ 5.1 \/ 4.0<\/td>\n<td>6.5 \/ 5.1 \/ 4.0<\/td>\n<\/tr>\n<tr>\n<th>Energetska oznaka<\/th>\n<td>A++ \/ A+++ \/ A+<\/td>\n<td>A++ \/ A+++ \/ A+<\/td>\n<td>A++ \/ A+++ \/ A+<\/td>\n<td>A++ \/ A+++ \/ A+<\/td>\n<\/tr>\n<tr>\n<th>Koli\u010dina rashladnog sredstva kg<\/th>\n<td>0,60<\/td>\n<td>0,65<\/td>\n<td>1.10<\/td>\n<td>1.45<\/td>\n<\/tr>\n<tr>\n<th>Napon, Hz<\/th>\n<td>220-240V~, 50\/60Hz<\/td>\n<td>220-240V~, 50\/60Hz<\/td>\n<td>220-240V~, 50\/60Hz<\/td>\n<td>220-240V~, 50\/60Hz<\/td>\n<\/tr>\n<tr>\n<th><\/th>\n<\/tr>\n<tr>\n<th>UNUTRA\u0160NJA JEDINICA<\/th>\n<td>42QHG009D8SE<\/td>\n<td>42QHG012D8SE<\/td>\n<td>42QHG018D8SE<\/td>\n<td>42QHG024D8SE<\/td>\n<\/tr>\n<tr>\n<th>Nivo zvu\u010dnog pritiska (maks. &#8211; min.) dB(A)<\/th>\n<td>37 &#8211; 20<\/td>\n<td>37 &#8211; 20<\/td>\n<td>41 &#8211; 21<\/td>\n<td>47 &#8211; 22<\/td>\n<\/tr>\n<tr>\n<th>Protok zraka (maks. &#8211; min.) m3\/h<\/th>\n<td>460 &#8211; 180<\/td>\n<td>530 &#8211; 195<\/td>\n<td>800 &#8211; 300<\/td>\n<td>1090 &#8211; 480<\/td>\n<\/tr>\n<tr>\n<th>Te\u017eina kg<\/th>\n<td>8.0<\/td>\n<td>8.7<\/td>\n<td>11.2<\/td>\n<td>13.6<\/td>\n<\/tr>\n<tr>\n<th>Dimenzije (\u0160\u00d7D\u00d7V) mm<\/th>\n<td>726\u00d7210\u00d7291<\/td>\n<td>835\u00d7208\u00d7295<\/td>\n<td>969\u00d7241\u00d7320<\/td>\n<td>1083\u00d7244\u00d7336<\/td>\n<\/tr>\n<tr>\n<th><\/th>\n<\/tr>\n<tr>\n<th>VANJSKA JEDINICA<\/th>\n<td>38QHG009D8SE<\/td>\n<td>38QHG012D8SE<\/td>\n<td>38QHG018D8SE<\/td>\n<td>38QHG024D8SE<\/td>\n<\/tr>\n<tr>\n<th>Nivo zvu\u010dnog pritiska dB(A)<\/th>\n<td>52<\/td>\n<td>53<\/td>\n<td>53<\/td>\n<td>58<\/td>\n<\/tr>\n<tr>\n<th>Protok zraka m3\/h<\/th>\n<td>1750<\/td>\n<td>1800<\/td>\n<td>2100<\/td>\n<td>3500<\/td>\n<\/tr>\n<tr>\n<th>Te\u017eina kg<\/th>\n<td>23.5<\/td>\n<td>23.7<\/td>\n<td>33.5<\/td>\n<td>43.9<\/td>\n<\/tr>\n<tr>\n<th>Dimenzije (\u0160\u00d7D\u00d7V) mm<\/th>\n<td>720\u00d7270\u00d7495<\/td>\n<td>720\u00d7270\u00d7495<\/td>\n<td>805\u00d7330\u00d7554<\/td>\n<td>890\u00d7342\u00d7673<\/td>\n<\/tr>\n<\/tbody>\n<\/table>\n<p>&nbsp;<\/p>\n<\/div>\n<p><img data-recalc-dims=\"1\" loading=\"lazy\" decoding=\"async\" class=\"size-full wp-image-15573 aligncenter\" src=\"https:\/\/i0.wp.com\/coolmarket.ba\/wp-content\/uploads\/2024\/07\/Grijanje-Vodoinstalacije-klimatizacija-2.png?resize=1170%2C433&#038;ssl=1\" alt=\"\" width=\"1170\" height=\"433\" srcset=\"https:\/\/i0.wp.com\/coolmarket.ba\/wp-content\/uploads\/2024\/07\/Grijanje-Vodoinstalacije-klimatizacija-2.png?w=1170&amp;ssl=1 1170w, https:\/\/i0.wp.com\/coolmarket.ba\/wp-content\/uploads\/2024\/07\/Grijanje-Vodoinstalacije-klimatizacija-2.png?resize=300%2C111&amp;ssl=1 300w, https:\/\/i0.wp.com\/coolmarket.ba\/wp-content\/uploads\/2024\/07\/Grijanje-Vodoinstalacije-klimatizacija-2.png?resize=1024%2C379&amp;ssl=1 1024w, https:\/\/i0.wp.com\/coolmarket.ba\/wp-content\/uploads\/2024\/07\/Grijanje-Vodoinstalacije-klimatizacija-2.png?resize=768%2C284&amp;ssl=1 768w, https:\/\/i0.wp.com\/coolmarket.ba\/wp-content\/uploads\/2024\/07\/Grijanje-Vodoinstalacije-klimatizacija-2.png?resize=18%2C7&amp;ssl=1 18w, https:\/\/i0.wp.com\/coolmarket.ba\/wp-content\/uploads\/2024\/07\/Grijanje-Vodoinstalacije-klimatizacija-2.png?resize=600%2C222&amp;ssl=1 600w, https:\/\/i0.wp.com\/coolmarket.ba\/wp-content\/uploads\/2024\/07\/Grijanje-Vodoinstalacije-klimatizacija-2.png?resize=64%2C24&amp;ssl=1 64w\" sizes=\"(max-width: 1170px) 100vw, 1170px\" \/><\/p>\n<p>&nbsp;<\/p>\n<p><strong>CoolMarket<\/strong> je va\u0161 pouzdani partner za prodaju, ugradnju i odr\u017eavanje klima ure\u0111aja, toplotnih pumpi te sistema za vodu i grijanje. Na\u0161a stru\u010dnost osigurava kvalitetne proizvode i vrhunske usluge kako bi va\u0161 dom ili poslovni prostor bio udoban i funkcionalan. Kontaktirajte nas za sve potrebe vezane za klimatizaciju, grijanje i vodoinstalacije. Dostupni smo na Viber i Whatsapp\u00a0 +387 62 53 53 50<\/p>\n<\/div>","protected":false},"excerpt":{"rendered":"<p><strong>Odli\u010dne performanse, u ekstremnim uslovima!<\/strong><\/p>\n<ul>\n<li>Visoka za\u0161tita od korozije<\/li>\n<li>Pouzdan rad od -15\u00b0C do + 50\u00b0C<\/li>\n<li>Visoka energetska efikasnost sa SEER-om do 7.4<\/li>\n<li>Metoda UV sterilizacije<\/li>\n<li>\u0399DU: Visokotemperaturna funkcija \u010di\u0161\u0107enja parom<\/li>\n<li>\u010cetvorostruki sistem filtracije: Cold Catalyst Pre-filter, Vitamin C, Negative Ion<\/li>\n<li>WiFi Standard<\/li>\n<\/ul>","protected":false},"featured_media":14827,"template":"","meta":{"om_disable_all_campaigns":false,"_monsterinsights_skip_tracking":false,"_monsterinsights_sitenote_active":false,"_monsterinsights_sitenote_note":"","_monsterinsights_sitenote_category":0},"product_cat":[307,834,305,401,306,348],"product_tag":[],"class_list":{"0":"post-15225","1":"product","2":"type-product","3":"status-publish","4":"has-post-thumbnail","6":"product_cat-18ke-inverteri","7":"product_cat-carrier","8":"product_cat-grijanje-i-hladenje","9":"product_cat-klima-inverteri","10":"product_cat-klima-uredaji","11":"product_cat-klima-uredaji-klima-uredaji","13":"first","14":"instock","15":"taxable","16":"shipping-taxable","17":"purchasable","18":"product-type-simple"},"aioseo_notices":[],"_links":{"self":[{"href":"https:\/\/coolmarket.ba\/bs\/wp-json\/wp\/v2\/product\/15225","targetHints":{"allow":["GET"]}}],"collection":[{"href":"https:\/\/coolmarket.ba\/bs\/wp-json\/wp\/v2\/product"}],"about":[{"href":"https:\/\/coolmarket.ba\/bs\/wp-json\/wp\/v2\/types\/product"}],"wp:featuredmedia":[{"embeddable":true,"href":"https:\/\/coolmarket.ba\/bs\/wp-json\/wp\/v2\/media\/14827"}],"wp:attachment":[{"href":"https:\/\/coolmarket.ba\/bs\/wp-json\/wp\/v2\/media?parent=15225"}],"wp:term":[{"taxonomy":"product_cat","embeddable":true,"href":"https:\/\/coolmarket.ba\/bs\/wp-json\/wp\/v2\/product_cat?post=15225"},{"taxonomy":"product_tag","embeddable":true,"href":"https:\/\/coolmarket.ba\/bs\/wp-json\/wp\/v2\/product_tag?post=15225"}],"curies":[{"name":"wp","href":"https:\/\/api.w.org\/{rel}","templated":true}]}}