{"id":15222,"date":"2023-05-18T16:06:07","date_gmt":"2023-05-18T16:06:07","guid":{"rendered":"https:\/\/coolmarket.ba\/?post_type=product&#038;p=15222"},"modified":"2024-09-12T14:35:29","modified_gmt":"2024-09-12T14:35:29","slug":"carrier-cooleasy-18-42qhe18d8sh-38qhe18d8sh","status":"publish","type":"product","link":"https:\/\/coolmarket.ba\/bs\/proizvod\/carrier-cooleasy-18-42qhe18d8sh-38qhe18d8sh\/","title":{"rendered":"CARRIER COOLEASY 18 42QHE18D8SH\/38QHE18D8SH"},"content":{"rendered":"<div id=\"divToPrint1\" class=\"row mt-4 title-cert\">\n<div class=\"col-sm-5 text-sm-left text-center align-self-center\"><\/div>\n<\/div>\n<div class=\"row subtitle\">\n<div><\/div>\n<div class=\"col-lg-12 pt-3\">\n<div id=\"divToPrint1\" class=\"row mt-4 title-cert\">\n<div class=\"col-sm-5 text-sm-left text-center align-self-center\">\n<h4 id=\"productTitle\">CoolEasy<\/h4>\n<\/div>\n<div class=\"col-sm-6 align-self-center certimg\">\n<div class=\"row justify-content-end pr-1\">\n<div class=\"col-sm-3\"><img data-recalc-dims=\"1\" fetchpriority=\"high\" decoding=\"async\" class=\"aligncenter\" src=\"https:\/\/i0.wp.com\/en.ahi-carrier.gr\/wp-content\/uploads\/Capture.jpg?resize=974%2C310&#038;ssl=1\" alt=\"CARRIER COOLEASY\" width=\"974\" height=\"310\" \/><\/div>\n<div><\/div>\n<div class=\"col-sm-3\"><img data-recalc-dims=\"1\" decoding=\"async\" class=\"aligncenter\" src=\"https:\/\/i0.wp.com\/en.ahi-carrier.gr\/wp-content\/uploads\/eurovent.png?resize=200%2C74&#038;ssl=1\" alt=\"EUROVENT CERTIFIKAT\" width=\"200\" height=\"74\" \/><\/div>\n<div><\/div>\n<div><\/div>\n<div class=\"col-sm-3\"><img data-recalc-dims=\"1\" decoding=\"async\" class=\"aligncenter\" src=\"https:\/\/i0.wp.com\/en.ahi-carrier.gr\/wp-content\/uploads\/r32-1.png?resize=200%2C100&#038;ssl=1\" alt=\"R32 RASHLADNO SREDSTVO\" width=\"200\" height=\"100\" \/><\/div>\n<\/div>\n<\/div>\n<div class=\"col-sm-1 print-btn pr-3 text-center\"><\/div>\n<\/div>\n<div class=\"row subtitle\">\n<div class=\"col-lg-12 pt-3\">\n<p>&nbsp;<\/p>\n<p>CoolEasy je\u00a0<strong>sinonim za apsolutnu fleksibilnost!<\/strong><\/p>\n<ul>\n<li><strong>Odli\u010dna energetska efikasnost<\/strong>\u00a0sa SEER do 9<\/li>\n<li><strong>Jednostavna instalacija i odr\u017eavanje<\/strong>\u00a0za 1 minut<\/li>\n<li><strong>3D protok vazduha<\/strong><\/li>\n<li><strong>Pouzdan rad<\/strong>\u00a0od -15\u00b0C do +50\u00b0C<\/li>\n<li><strong>\u010cetvorostruki sistem filtracije<\/strong>\u00a0: predfilter s hladnim katalizatorom, vitamin C, negativni ion<\/li>\n<li><strong>Tri opcije radne snage<\/strong>\u00a0(50% -75% \u2013 100%)<\/li>\n<li><strong>WiFi Standard<\/strong><\/li>\n<\/ul>\n<p>&nbsp;<\/p>\n<p><strong>KARAKTERISTIKE CARRIER COOLEASY KLIMA URE\u0110AJA:<\/strong><\/p>\n<div class=\"row mb-4\">\n<div class=\"col-sm-12 col-xl-4\">\n<div class=\"row\">\n<div><\/div>\n<div class=\"col-xs-2 col-sm-2 col-md-1 col-xl-2\"><img loading=\"lazy\" decoding=\"async\" class=\"aligncenter\" src=\"https:\/\/en.ahi-carrier.gr\/wp-content\/uploads\/wifi.svg\" alt=\"WIFI INTEGRISAN\" width=\"100\" height=\"100\" \/><\/div>\n<div class=\"col-xs-10 col-sm-10 col-md-11 col-xl-10 text-justify\">\n<h6>Wi-Fi aktivan<\/h6>\n<p>Mo\u017eete daljinski upravljati jednim ili vi\u0161e Carrier klima-ure\u0111aja i odvla\u017eiva\u010da zraka pomo\u0107u mobilne aplikacije prilago\u0111ene korisniku (dostupno za iOS i Android).\u00a0Wi-Fi stick se nalazi u pakovanju proizvoda i nije potrebna dodatna oprema za povezivanje ure\u0111aja.<\/p>\n<\/div>\n<\/div>\n<\/div>\n<div class=\"col-sm-12 col-xl-4\">\n<div class=\"row\">\n<div><\/div>\n<div class=\"col-xs-2 col-sm-2 col-md-1 col-xl-2\"><img loading=\"lazy\" decoding=\"async\" class=\"aligncenter\" src=\"https:\/\/en.ahi-carrier.gr\/wp-content\/uploads\/gold-fin.svg\" alt=\"GOLD FIN\" width=\"100\" height=\"100\" \/><\/div>\n<div class=\"col-xs-10 col-sm-10 col-md-11 col-xl-10 text-justify\">\n<h6>Gold Fin<\/h6>\n<p>Jedinstveni antikorozivni zlatni premaz na izmenjiva\u010du toplote mo\u017ee da izdr\u017ei slani vazduh, ki\u0161u i druge korozivne elemente.\u00a0Tako\u0111e efikasno spre\u010dava razmno\u017eavanje bakterija i pobolj\u0161ava efikasnost toplote.<\/p>\n<\/div>\n<\/div>\n<\/div>\n<div class=\"col-sm-12 col-xl-4\">\n<div class=\"row\">\n<div><\/div>\n<div class=\"col-xs-2 col-sm-2 col-md-1 col-xl-2\"><img loading=\"lazy\" decoding=\"async\" class=\"aligncenter\" src=\"https:\/\/en.ahi-carrier.gr\/wp-content\/uploads\/turbo.svg\" alt=\"TURBO \" width=\"100\" height=\"100\" \/><\/div>\n<div class=\"col-xs-10 col-sm-10 col-md-11 col-xl-10 text-justify\">\n<h6>Turbo na\u010din rada<\/h6>\n<p>Turbo funkcija \u0107e vam pomo\u0107i da brzo i efikasno ohladite ili zagrejete va\u0161u sobu.<\/p>\n<\/div>\n<\/div>\n<\/div>\n<\/div>\n<div class=\"row mb-4\">\n<div class=\"col-sm-12 col-xl-4\">\n<div class=\"row\">\n<div><\/div>\n<div><\/div>\n<div class=\"col-xs-2 col-sm-2 col-md-1 col-xl-2\"><img loading=\"lazy\" decoding=\"async\" class=\"aligncenter\" src=\"https:\/\/en.ahi-carrier.gr\/wp-content\/uploads\/cert.svg\" alt=\"EUROVENT CERTIFIKAT\" width=\"81\" height=\"100\" \/><\/div>\n<div class=\"col-xs-10 col-sm-10 col-md-11 col-xl-10 text-justify\">\n<h6>Eurovent certificiran<\/h6>\n<p>Euroventov certifikat osigurava da su sve tehni\u010dke karakteristike koje je proizvo\u0111a\u010d ozna\u010dio na proizvodu istinite.<\/p>\n<\/div>\n<\/div>\n<\/div>\n<div class=\"col-sm-12 col-xl-4\">\n<div class=\"row\">\n<div><\/div>\n<div class=\"col-xs-2 col-sm-2 col-md-1 col-xl-2\"><img loading=\"lazy\" decoding=\"async\" class=\"aligncenter\" src=\"https:\/\/en.ahi-carrier.gr\/wp-content\/uploads\/cold-catalyst-filter.svg\" alt=\"FILTER HLADNOG KATALIZATORA\" width=\"100\" height=\"100\" \/><\/div>\n<div class=\"col-xs-10 col-sm-10 col-md-11 col-xl-10 text-justify\">\n<h6>Filter hladnog katalizatora<\/h6>\n<p>Elimini\u0161e formaldehid i druga hlapljiva organska jedinjenja (VOC), kao i \u0161tetne gasove i mirise.\u00a0Efikasnost filtera se ne pogor\u0161ava tokom vremena.<\/p>\n<\/div>\n<\/div>\n<\/div>\n<div class=\"col-sm-12 col-xl-4\">\n<div class=\"row\">\n<div><\/div>\n<div class=\"col-xs-2 col-sm-2 col-md-1 col-xl-2\"><img loading=\"lazy\" decoding=\"async\" class=\"aligncenter\" src=\"https:\/\/en.ahi-carrier.gr\/wp-content\/uploads\/Co2-filter-1.svg\" alt=\"FILTER SA AKTIVNIM UGLJEM\" width=\"100\" height=\"100\" \/><\/div>\n<div class=\"col-xs-10 col-sm-10 col-md-11 col-xl-10 text-justify\">\n<h6>Filter sa aktivnim ugljem<\/h6>\n<p>Uklanja neprijatne mirise 10 puta efikasnije, kao \u0161to je miris cigarete.<\/p>\n<\/div>\n<\/div>\n<\/div>\n<\/div>\n<div class=\"row mb-4\">\n<div class=\"col-sm-12 col-xl-4\">\n<div class=\"row\">\n<div><\/div>\n<div class=\"col-xs-2 col-sm-2 col-md-1 col-xl-2\"><img loading=\"lazy\" decoding=\"async\" class=\"aligncenter\" src=\"https:\/\/en.ahi-carrier.gr\/wp-content\/uploads\/ANION-filter-1-1.svg\" alt=\"FILTER SA JOINMA SREBRA\" width=\"100\" height=\"100\" \/><\/div>\n<div class=\"col-xs-10 col-sm-10 col-md-11 col-xl-10 text-justify\">\n<h6>Filter sa jonima srebra<\/h6>\n<p>Ovaj filter osloba\u0111a negativne jone koji osvje\u017eavaju zrak i pru\u017eaju \u010distu, osvje\u017eavaju\u0107u atmosferu.<\/p>\n<\/div>\n<\/div>\n<\/div>\n<div class=\"col-sm-12 col-xl-4\">\n<div class=\"row\">\n<div><\/div>\n<div><\/div>\n<div class=\"col-xs-2 col-sm-2 col-md-1 col-xl-2\"><img loading=\"lazy\" decoding=\"async\" class=\"aligncenter\" src=\"https:\/\/en.ahi-carrier.gr\/wp-content\/uploads\/follow-me.svg\" alt=\"FOLLOW ME MODE\" width=\"100\" height=\"100\" \/><\/div>\n<div class=\"col-xs-10 col-sm-10 col-md-11 col-xl-10 text-justify\">\n<h6>Follow Me Mode<\/h6>\n<p>Senzor temperature ugra\u0111en u daljinski upravlja\u010d \u0107e osjetiti okolnu temperaturu.\u00a0Jedinica mo\u017ee preciznije podesiti sobnu temperaturu u odnosu na podru\u010dje na kojem postavite daljinski upravlja\u010d, kako bi vam pru\u017eio ve\u0107u udobnost.<\/p>\n<\/div>\n<\/div>\n<\/div>\n<div class=\"col-sm-12 col-xl-4\">\n<div class=\"row\">\n<div><\/div>\n<div><\/div>\n<div class=\"col-xs-2 col-sm-2 col-md-1 col-xl-2\"><img loading=\"lazy\" decoding=\"async\" class=\"aligncenter\" src=\"https:\/\/en.ahi-carrier.gr\/wp-content\/uploads\/heating.svg\" alt=\"OSNOVNI GRIJA\u010c POSUDE\" width=\"101\" height=\"70\" \/><\/div>\n<div class=\"col-xs-10 col-sm-10 col-md-11 col-xl-10 text-justify\">\n<h6>Osnovni grija\u010d posude<\/h6>\n<p>Pru\u017ea za\u0161titu od smrzavanja \u010dak i na temperaturama do -15oC.<\/p>\n<\/div>\n<\/div>\n<\/div>\n<\/div>\n<div class=\"row mb-4\">\n<div class=\"col-sm-12 col-xl-4\">\n<div class=\"row\">\n<div><\/div>\n<div class=\"col-xs-2 col-sm-2 col-md-1 col-xl-2\"><img loading=\"lazy\" decoding=\"async\" class=\"aligncenter\" src=\"https:\/\/en.ahi-carrier.gr\/wp-content\/uploads\/eco-1.svg\" alt=\"X-ECO\" width=\"100\" height=\"100\" \/><\/div>\n<div class=\"col-xs-10 col-sm-10 col-md-11 col-xl-10 text-justify\">\n<h6>X-ECO na\u010din rada<\/h6>\n<p>Aktiviranjem ovog na\u010dina rada jedinica mo\u017ee potro\u0161iti do 60% manje energije u odnosu na normalan na\u010din rada.\u00a0Jedinica automatski prilago\u0111ava brzinu ventilatora i rotaciju kompresora pru\u017eaju\u0107i vam isti nivo udobnosti, ali uz minimalnu potro\u0161nju energije.<\/p>\n<\/div>\n<\/div>\n<\/div>\n<div class=\"col-sm-12 col-xl-4\">\n<div class=\"row\">\n<div><\/div>\n<div class=\"col-xs-2 col-sm-2 col-md-1 col-xl-2\"><img loading=\"lazy\" decoding=\"async\" class=\"aligncenter\" src=\"https:\/\/en.ahi-carrier.gr\/wp-content\/uploads\/ACTIVE-CLEAN.svg\" alt=\"ACTIVE CLEAN TEHNOLOGIJA\" width=\"190\" height=\"100\" \/><\/div>\n<div class=\"col-xs-10 col-sm-10 col-md-11 col-xl-10 text-justify\">\n<h6>Active Clean Technology<\/h6>\n<p>Ispere pra\u0161inu, plijesan i masno\u0107u koji mogu uzrokovati mirise kada su pri\u010dvr\u0161\u0107eni na izmjenjiva\u010d topline.<\/p>\n<\/div>\n<\/div>\n<\/div>\n<div class=\"col-sm-12 col-xl-4\">\n<div class=\"row\">\n<div><\/div>\n<div class=\"col-xs-2 col-sm-2 col-md-1 col-xl-2\"><img loading=\"lazy\" decoding=\"async\" class=\"aligncenter\" src=\"https:\/\/en.ahi-carrier.gr\/wp-content\/uploads\/avoid-blue.svg\" alt=\"VJETAR IZBJEGAVAJ ME\" width=\"100\" height=\"100\" \/><\/div>\n<div class=\"col-xs-10 col-sm-10 col-md-11 col-xl-10 text-justify\">\n<h6>Vjetar izbjegavaj me<\/h6>\n<p>Odaberite ovaj na\u010din kako biste preusmjerili zrak od korisnika.<\/p>\n<\/div>\n<\/div>\n<\/div>\n<\/div>\n<div class=\"row mb-4\">\n<div class=\"col-sm-12 col-xl-4\">\n<div class=\"row\">\n<div><\/div>\n<div><\/div>\n<div class=\"col-xs-2 col-sm-2 col-md-1 col-xl-2\"><img loading=\"lazy\" decoding=\"async\" class=\"aligncenter\" src=\"https:\/\/en.ahi-carrier.gr\/wp-content\/uploads\/1W.svg\" alt=\"1W U STANJU PRIPRAVNOSTI\" width=\"100\" height=\"100\" \/><\/div>\n<div class=\"col-xs-10 col-sm-10 col-md-11 col-xl-10 text-justify\">\n<h6>1W u stanju pripravnosti<\/h6>\n<p>Jedinica tro\u0161i manje od 1W u stanju pripravnosti.<\/p>\n<\/div>\n<\/div>\n<\/div>\n<div class=\"col-sm-12 col-xl-4\">\n<div class=\"row\">\n<div><\/div>\n<div><\/div>\n<div class=\"col-xs-2 col-sm-2 col-md-1 col-xl-2\"><img loading=\"lazy\" decoding=\"async\" class=\"aligncenter\" src=\"https:\/\/en.ahi-carrier.gr\/wp-content\/uploads\/self-repair.svg\" alt=\"SISTEM ZA DETEKCIJU CURENJA HLADNJAKA\" width=\"100\" height=\"100\" \/><\/div>\n<div class=\"col-xs-10 col-sm-10 col-md-11 col-xl-10 text-justify\">\n<h6>Sistem za detekciju curenja hladnjaka<\/h6>\n<p>U slu\u010daju curenja rashladne te\u010dnosti, jedinica automatski detektuje curenje i isklju\u010duje rad, a istovremeno vas upozorava odgovaraju\u0107im kodom kvara na ekranu unutra\u0161nje jedinice.<\/p>\n<\/div>\n<\/div>\n<\/div>\n<div class=\"col-sm-12 col-xl-4\">\n<div class=\"row\">\n<div><\/div>\n<div><\/div>\n<div class=\"col-xs-2 col-sm-2 col-md-1 col-xl-2\"><img loading=\"lazy\" decoding=\"async\" class=\"aligncenter\" src=\"https:\/\/en.ahi-carrier.gr\/wp-content\/uploads\/automatic-restart.svg\" alt=\"AUTOMATSKO PONOVNO POKRETANJE\" width=\"99\" height=\"99\" \/><\/div>\n<div class=\"col-xs-10 col-sm-10 col-md-11 col-xl-10 text-justify\">\n<h6>Automatsko ponovno pokretanje<\/h6>\n<p>Nakon potencijalnog nestanka struje, jedinica \u0107e se automatski ponovo pokrenuti, zadr\u017eavaju\u0107i sve prethodne postavke.<\/p>\n<\/div>\n<\/div>\n<\/div>\n<\/div>\n<div class=\"row mb-4\">\n<div class=\"col-sm-12 col-xl-4\">\n<div class=\"row\">\n<div><\/div>\n<div><\/div>\n<div class=\"col-xs-2 col-sm-2 col-md-1 col-xl-2\"><img loading=\"lazy\" decoding=\"async\" class=\"aligncenter\" src=\"https:\/\/en.ahi-carrier.gr\/wp-content\/uploads\/sleep-mode.svg\" alt=\"SLEEP MODE\" width=\"100\" height=\"100\" \/><\/div>\n<div class=\"col-xs-10 col-sm-10 col-md-11 col-xl-10 text-justify\">\n<h6>Sleep Mode<\/h6>\n<p>Ovaj na\u010din rada \u0161tedi energiju i pobolj\u0161ava no\u0107nu udobnost.\u00a0Pode\u0161ena temperatura \u0107e se pove\u0107ati za 1\u00b0C na sat u re\u017eimu hla\u0111enja ili smanjiti za 1\u00b0C na sat u re\u017eimu grijanja, za prva 2 sata rada.\u00a0Nakon toga ure\u0111aj \u0107e zadr\u017eati novu temperaturu 5 sati nakon \u010dega \u0107e se automatski isklju\u010diti!<\/p>\n<\/div>\n<\/div>\n<\/div>\n<div class=\"col-sm-12 col-xl-4\">\n<div class=\"row\">\n<div><\/div>\n<div><\/div>\n<div class=\"col-xs-2 col-sm-2 col-md-1 col-xl-2\"><img loading=\"lazy\" decoding=\"async\" class=\"aligncenter\" src=\"https:\/\/en.ahi-carrier.gr\/wp-content\/uploads\/defrost.svg\" alt=\"AUTO DEFROSTING\" width=\"100\" height=\"100\" \/><\/div>\n<div class=\"col-xs-10 col-sm-10 col-md-11 col-xl-10 text-justify\">\n<h6>Auto Defrosting<\/h6>\n<p>Spre\u010dava smrzavanje ispariva\u010da i odr\u017eava efekat odvla\u017eivanja pod niskim temperaturama okoline.<\/p>\n<\/div>\n<\/div>\n<\/div>\n<div class=\"col-sm-12 col-xl-4\">\n<div class=\"row\">\n<div><\/div>\n<div><\/div>\n<div class=\"col-xs-2 col-sm-2 col-md-1 col-xl-2\"><img loading=\"lazy\" decoding=\"async\" class=\"aligncenter\" src=\"https:\/\/en.ahi-carrier.gr\/wp-content\/uploads\/note.svg\" alt=\"BILJE\u0160KA\" width=\"100\" height=\"100\" \/><\/div>\n<div class=\"col-xs-10 col-sm-10 col-md-11 col-xl-10 text-justify\">\n<h6>Bilje\u0161ka<\/h6>\n<p>Proizvo\u0111a\u010d zadr\u017eava pravo izmjene karakteristika proizvoda, elemenata i slika, bez prethodne najave.<\/p>\n<p>&nbsp;<\/p>\n<\/div>\n<\/div>\n<\/div>\n<\/div>\n<\/div>\n<\/div>\n<p><strong>TEHNI\u010cKE SPECIFIKACIJE CARRIER COOLEASY KLIMA URE\u0110AJA:<\/strong><\/p>\n<table class=\"table\" style=\"height: 67px;\" width=\"801\">\n<tbody>\n<tr>\n<th>SISTEM<\/th>\n<td>38QHE\/ 42QHE9D8SH<\/td>\n<td>38QHE\/ 42QHE12D8SH<\/td>\n<td>38QHE\/ 42QHE18D8SH<\/td>\n<td>38QHE\/ 42QHE24D8SH<\/td>\n<\/tr>\n<\/tbody>\n<\/table>\n<table class=\"table\" style=\"height: 60px;\" width=\"802\">\n<tbody>\n<tr>\n<th>Kapacitet hla\u0111enja kW<\/th>\n<td>2,64 (1,32~3,81)<\/td>\n<td>3,50 (1,32~3,96)<\/td>\n<td>5,20 (3,75~6,13)<\/td>\n<td>6,85 (2,11~8,21)<\/td>\n<\/tr>\n<\/tbody>\n<\/table>\n<table class=\"table\">\n<tbody>\n<tr>\n<th>Kapacitet hla\u0111enja BTU\/h<\/th>\n<td>9.008 (4.504 &#8211; 13.000)<\/td>\n<td>11.642 (4.504 &#8211; 13.512)<\/td>\n<td>17.743 (12.796 &#8211; 20.916)<\/td>\n<td>23.373 (7.200 &#8211; 28.014)<\/td>\n<\/tr>\n<\/tbody>\n<\/table>\n<table class=\"table\" style=\"height: 70px;\" width=\"801\">\n<tbody>\n<tr>\n<th>Kapacitet grijanja kW<\/th>\n<td>3,00 (0,88-4,40)<\/td>\n<td>3,85 (0,88~4,54)<\/td>\n<td>5,65 (2,58~6,77)<\/td>\n<td>7.30 (1.55~8.21)<\/td>\n<\/tr>\n<\/tbody>\n<\/table>\n<table class=\"table\">\n<tbody>\n<tr>\n<th>Kapacitet grijanja BTU\/h<\/th>\n<td>10.236 (3.003 &#8211; 15.013)<\/td>\n<td>13.137 (3.003 &#8211; 15.491)<\/td>\n<td>19.279 (8.803 &#8211; 23.100)<\/td>\n<td>24.909 (5.289 &#8211; 28.014)<\/td>\n<\/tr>\n<\/tbody>\n<\/table>\n<table class=\"table\" style=\"height: 29px;\" width=\"801\">\n<tbody>\n<tr>\n<th>Raspon temperature hla\u0111enja \u00b0C<\/th>\n<td>-15~50<\/td>\n<td>-15~50<\/td>\n<td>-15~50<\/td>\n<td>-15~50<\/td>\n<\/tr>\n<\/tbody>\n<\/table>\n<table class=\"table\" style=\"height: 26px;\" width=\"798\">\n<tbody>\n<tr>\n<th>Temperaturni opseg grijanja \u00b0C<\/th>\n<td>-15~24<\/td>\n<td>-15~24<\/td>\n<td>-15~24<\/td>\n<td>-15~24<\/td>\n<\/tr>\n<\/tbody>\n<\/table>\n<table class=\"table\" style=\"height: 35px;\" width=\"797\">\n<tbody>\n<tr>\n<th>SEER\/ SCOP(toplije) \/ SCOP(prosje\u010dno) W\/W<\/th>\n<td>9.0\/6.0\/4.6<\/td>\n<td>8.5\/5.4\/4.6<\/td>\n<td>8.5\/5.6\/4.4<\/td>\n<td>8.6\/5.4\/4.2<\/td>\n<\/tr>\n<\/tbody>\n<\/table>\n<table class=\"table\" style=\"height: 35px;\" width=\"797\">\n<tbody>\n<tr>\n<th>Energetska oznaka<\/th>\n<td>A++\/A++\/A++<\/td>\n<td>A++\/A++\/A++<\/td>\n<td>A+++\/A+++\/A+<\/td>\n<td>A+++\/A+++\/A+<\/td>\n<\/tr>\n<\/tbody>\n<\/table>\n<table class=\"table\" style=\"height: 33px;\" width=\"797\">\n<tbody>\n<tr>\n<th>Godi\u0161nja potro\u0161nja energije kWh<\/th>\n<td>103\/595\/731<\/td>\n<td>144\/648\/731<\/td>\n<td>215\/1118\/1369<\/td>\n<td>279\/1439\/1667<\/td>\n<\/tr>\n<\/tbody>\n<\/table>\n<table class=\"table\" style=\"height: 19px;\" width=\"799\">\n<tbody>\n<tr>\n<th>Koli\u010dina rashladnog sredstva kg<\/th>\n<td>0,69<\/td>\n<td>0,69<\/td>\n<td>1.1<\/td>\n<td>1.5<\/td>\n<\/tr>\n<\/tbody>\n<\/table>\n<table class=\"table\" style=\"height: 34px;\" width=\"800\">\n<tbody>\n<tr>\n<th>Napon, Hz<\/th>\n<td>220-240V~, 50\/60Hz<\/td>\n<td>220-240V~, 50\/60Hz<\/td>\n<td>220-240V~, 50\/60Hz<\/td>\n<td>220-240V~, 50\/60Hz<\/td>\n<\/tr>\n<\/tbody>\n<\/table>\n<table class=\"table\" style=\"height: 37px;\" width=\"801\">\n<tbody>\n<tr>\n<th>UNUTRA\u0160NJA JEDINICA<\/th>\n<td>42QHE09D8SH<\/td>\n<td>42QHE12D8SH<\/td>\n<td>42QHE18D8SH<\/td>\n<td>42QHE24D8SH<\/td>\n<\/tr>\n<\/tbody>\n<\/table>\n<table class=\"table\" style=\"height: 32px;\" width=\"800\">\n<tbody>\n<tr>\n<th>Nivo zvu\u010dnog pritiska (Min. ~ Max.) dB(A)<\/th>\n<td>21~37<\/td>\n<td>22~40<\/td>\n<td>22~41<\/td>\n<td>21~42<\/td>\n<\/tr>\n<\/tbody>\n<\/table>\n<table class=\"table\" style=\"height: 30px;\" width=\"801\">\n<tbody>\n<tr>\n<th>Protok zraka (Min. ~ Max.) m3\/h<\/th>\n<td>280~530<\/td>\n<td>290~560<\/td>\n<td>400~685<\/td>\n<td>380~1090<\/td>\n<\/tr>\n<\/tbody>\n<\/table>\n<table class=\"table\" style=\"height: 35px;\" width=\"801\">\n<tbody>\n<tr>\n<th>Te\u017eina kg<\/th>\n<td>10.2<\/td>\n<td>10.2<\/td>\n<td>12.3<\/td>\n<td>20.0<\/td>\n<\/tr>\n<\/tbody>\n<\/table>\n<table class=\"table\" style=\"height: 34px;\" width=\"799\">\n<tbody>\n<tr>\n<th>Dimenzije (\u0160\u00d7D\u00d7V) mm<\/th>\n<td>795x225x295<\/td>\n<td>795x225x295<\/td>\n<td>965x239x319<\/td>\n<td>1140x275X370<\/td>\n<\/tr>\n<\/tbody>\n<\/table>\n<table class=\"table\" style=\"height: 30px;\" width=\"800\">\n<tbody>\n<tr>\n<th>VANJSKA JEDINICA<\/th>\n<td>38QHE09D8SH<\/td>\n<td>38QHE12D8SH<\/td>\n<td>38QHE18D8SH<\/td>\n<td>38QHE24D8SH<\/td>\n<\/tr>\n<\/tbody>\n<\/table>\n<table class=\"table\" style=\"height: 38px;\" width=\"799\">\n<tbody>\n<tr>\n<th>Nivo zvu\u010dnog pritiska dB(A)<\/th>\n<td>50<\/td>\n<td>50<\/td>\n<td>52<\/td>\n<td>56,5<\/td>\n<\/tr>\n<\/tbody>\n<\/table>\n<table class=\"table\" style=\"height: 27px;\" width=\"799\">\n<tbody>\n<tr>\n<th>Protok zraka m3\/h<\/th>\n<td>2200<\/td>\n<td>2200<\/td>\n<td>3500<\/td>\n<td>3500<\/td>\n<\/tr>\n<\/tbody>\n<\/table>\n<table class=\"table\" style=\"height: 35px;\" width=\"801\">\n<tbody>\n<tr>\n<th>Te\u017eina kg<\/th>\n<td>28.4<\/td>\n<td>28.4<\/td>\n<td>38.8<\/td>\n<td>45.6<\/td>\n<\/tr>\n<\/tbody>\n<\/table>\n<table class=\"table\" style=\"height: 31px;\" width=\"802\">\n<tbody>\n<tr>\n<th>Dimenzije (\u0160\u00d7D\u00d7V) mm<\/th>\n<td>805x330x554<\/td>\n<td>805x330x554<\/td>\n<td>890x342x673<\/td>\n<td>890x342x673<\/td>\n<\/tr>\n<\/tbody>\n<\/table>\n<p>&nbsp;<\/p>\n<p><img data-recalc-dims=\"1\" loading=\"lazy\" decoding=\"async\" class=\"size-full wp-image-15573 aligncenter\" src=\"https:\/\/i0.wp.com\/coolmarket.ba\/wp-content\/uploads\/2024\/07\/Grijanje-Vodoinstalacije-klimatizacija-2.png?resize=1170%2C433&#038;ssl=1\" alt=\"\" width=\"1170\" height=\"433\" srcset=\"https:\/\/i0.wp.com\/coolmarket.ba\/wp-content\/uploads\/2024\/07\/Grijanje-Vodoinstalacije-klimatizacija-2.png?w=1170&amp;ssl=1 1170w, https:\/\/i0.wp.com\/coolmarket.ba\/wp-content\/uploads\/2024\/07\/Grijanje-Vodoinstalacije-klimatizacija-2.png?resize=300%2C111&amp;ssl=1 300w, https:\/\/i0.wp.com\/coolmarket.ba\/wp-content\/uploads\/2024\/07\/Grijanje-Vodoinstalacije-klimatizacija-2.png?resize=1024%2C379&amp;ssl=1 1024w, https:\/\/i0.wp.com\/coolmarket.ba\/wp-content\/uploads\/2024\/07\/Grijanje-Vodoinstalacije-klimatizacija-2.png?resize=768%2C284&amp;ssl=1 768w, https:\/\/i0.wp.com\/coolmarket.ba\/wp-content\/uploads\/2024\/07\/Grijanje-Vodoinstalacije-klimatizacija-2.png?resize=18%2C7&amp;ssl=1 18w, https:\/\/i0.wp.com\/coolmarket.ba\/wp-content\/uploads\/2024\/07\/Grijanje-Vodoinstalacije-klimatizacija-2.png?resize=600%2C222&amp;ssl=1 600w, https:\/\/i0.wp.com\/coolmarket.ba\/wp-content\/uploads\/2024\/07\/Grijanje-Vodoinstalacije-klimatizacija-2.png?resize=64%2C24&amp;ssl=1 64w\" sizes=\"(max-width: 1170px) 100vw, 1170px\" \/><\/p>\n<p>&nbsp;<\/p>\n<p><strong>CoolMarket<\/strong> je va\u0161 pouzdani partner za prodaju, ugradnju i odr\u017eavanje klima ure\u0111aja, toplotnih pumpi te sistema za vodu i grijanje. Na\u0161a stru\u010dnost osigurava kvalitetne proizvode i vrhunske usluge kako bi va\u0161 dom ili poslovni prostor bio udoban i funkcionalan. Kontaktirajte nas za sve potrebe vezane za klimatizaciju, grijanje i vodoinstalacije. Dostupni smo na Viber i Whatsapp\u00a0 +387 62 53 53 50<\/p>\n<\/div>\n<\/div>","protected":false},"excerpt":{"rendered":"<p>CoolEasy je\u00a0<strong>sinonim za apsolutnu fleksibilnost!<\/strong><\/p>\n<ul>\n<li><strong>Odli\u010dna energetska efikasnost<\/strong>\u00a0sa SEER do 9<\/li>\n<li><strong>Jednostavna instalacija i odr\u017eavanje<\/strong>\u00a0za 1 minut<\/li>\n<li><strong>3D protok vazduha<\/strong><\/li>\n<li><strong>Pouzdan rad<\/strong>\u00a0od -15\u00b0C do +50\u00b0C<\/li>\n<li><strong>\u010cetvorostruki sistem filtracije<\/strong>\u00a0: predfilter s hladnim katalizatorom, vitamin C, negativni ion<\/li>\n<li><strong>Tri opcije radne snage<\/strong>\u00a0(50% -75% \u2013 100%)<\/li>\n<li><strong>WiFi Standard<\/strong><\/li>\n<\/ul>\n<p>&nbsp;<\/p>","protected":false},"featured_media":14826,"template":"","meta":{"om_disable_all_campaigns":false,"_monsterinsights_skip_tracking":false,"_monsterinsights_sitenote_active":false,"_monsterinsights_sitenote_note":"","_monsterinsights_sitenote_category":0},"product_cat":[307,834,305,401,306,348],"product_tag":[],"class_list":{"0":"post-15222","1":"product","2":"type-product","3":"status-publish","4":"has-post-thumbnail","6":"product_cat-18ke-inverteri","7":"product_cat-carrier","8":"product_cat-grijanje-i-hladenje","9":"product_cat-klima-inverteri","10":"product_cat-klima-uredaji","11":"product_cat-klima-uredaji-klima-uredaji","13":"first","14":"instock","15":"taxable","16":"shipping-taxable","17":"purchasable","18":"product-type-simple"},"aioseo_notices":[],"_links":{"self":[{"href":"https:\/\/coolmarket.ba\/bs\/wp-json\/wp\/v2\/product\/15222","targetHints":{"allow":["GET"]}}],"collection":[{"href":"https:\/\/coolmarket.ba\/bs\/wp-json\/wp\/v2\/product"}],"about":[{"href":"https:\/\/coolmarket.ba\/bs\/wp-json\/wp\/v2\/types\/product"}],"wp:featuredmedia":[{"embeddable":true,"href":"https:\/\/coolmarket.ba\/bs\/wp-json\/wp\/v2\/media\/14826"}],"wp:attachment":[{"href":"https:\/\/coolmarket.ba\/bs\/wp-json\/wp\/v2\/media?parent=15222"}],"wp:term":[{"taxonomy":"product_cat","embeddable":true,"href":"https:\/\/coolmarket.ba\/bs\/wp-json\/wp\/v2\/product_cat?post=15222"},{"taxonomy":"product_tag","embeddable":true,"href":"https:\/\/coolmarket.ba\/bs\/wp-json\/wp\/v2\/product_tag?post=15222"}],"curies":[{"name":"wp","href":"https:\/\/api.w.org\/{rel}","templated":true}]}}