{"id":15218,"date":"2023-05-18T14:37:35","date_gmt":"2023-05-18T14:37:35","guid":{"rendered":"https:\/\/coolmarket.ba\/?post_type=product&#038;p=15218"},"modified":"2024-09-12T14:40:30","modified_gmt":"2024-09-12T14:40:30","slug":"carrier-platinum-plus-42qhp12e8s-1-38qhp12e8s-1","status":"publish","type":"product","link":"https:\/\/coolmarket.ba\/bs\/proizvod\/carrier-platinum-plus-42qhp12e8s-1-38qhp12e8s-1\/","title":{"rendered":"CARRIER PLATINUM PLUS 42QHP12E8S-1\/38QHP12E8S-1"},"content":{"rendered":"<div id=\"divToPrint1\" class=\"row mt-4 title-cert\">\n<div class=\"col-sm-5 text-sm-left text-center align-self-center\">\n<h4 id=\"productTitle\">Platinum Plus<\/h4>\n<\/div>\n<div class=\"col-sm-6 align-self-center certimg\">\n<div class=\"row justify-content-end pr-1\">\n<div class=\"col-sm-3\"><img data-recalc-dims=\"1\" decoding=\"async\" class=\"aligncenter\" src=\"https:\/\/i0.wp.com\/ahi-carrier.gr\/wp-content\/uploads\/r32-1.png?resize=200%2C100&#038;ssl=1\" alt=\"R32 RASHLADNO SREDSTVO\" width=\"200\" height=\"100\" \/><\/div>\n<div><\/div>\n<div class=\"col-sm-3\"><img data-recalc-dims=\"1\" decoding=\"async\" class=\"aligncenter\" src=\"https:\/\/i0.wp.com\/ahi-carrier.gr\/wp-content\/uploads\/Eurovent-logo.png?resize=200%2C74&#038;ssl=1\" alt=\"EUROVENT CERTIFIKAT\" width=\"200\" height=\"74\" \/><\/div>\n<\/div>\n<\/div>\n<div class=\"col-sm-1 print-btn pr-3 text-center\"><\/div>\n<\/div>\n<div class=\"row subtitle\">\n<div class=\"col-lg-12 pt-3\">\n<p>&nbsp;<\/p>\n<p>Odli\u010dne performanse i visoka tehnologija za\u00a0<strong>jedinstvenu u\u0161tedu energije!<\/strong><\/p>\n<ul>\n<li><strong>Maksimalna energetska efikasnost<\/strong>\u00a0sa\u00a0<strong>SEER do 10<\/strong><\/li>\n<li>Odli\u010dne performanse grijanja<\/li>\n<li><strong>Inteligentno oko<\/strong>\u00a0\u2013 Jedinica prelazi u re\u017eim za u\u0161tedu energije kada nema ljudi u prostoriji.<\/li>\n<li><strong>Pouzdan rad<\/strong>\u00a0od -25\u00baC do +50\u00baC<\/li>\n<li><strong>\u010cetvorostruki sistem filtracije<\/strong>\u00a0: hladni katalizator predfilter, vitamin C, negativni joni, ionizator filter<\/li>\n<li>Funkcija\u00a0<strong>\u201cPrati me\u201d.<\/strong><\/li>\n<li><strong><strong>Wi-Fi Standard<\/strong><\/strong><strong><strong><br \/>\n<\/strong><\/strong><\/p>\n<div class=\"col-md-3\">\n<ul class=\"list-group\">\n<li><img decoding=\"async\" class=\"aligncenter\" src=\"https:\/\/ahi-carrier.gr\/wp-content\/uploads\/ionizer2.svg\" alt=\"ionizatorski filter\" width=\"100\" height=\"100\" \/><\/li>\n<li class=\"list-group-item text-center title\">Ionizatorski filter<\/li>\n<li class=\"list-group-item text-center content\"><b><img decoding=\"async\" class=\"emoji\" role=\"img\" src=\"https:\/\/s.w.org\/images\/core\/emoji\/13.1.0\/svg\/2714.svg\" alt=\"\u2714\" \/><\/b><b><\/b><img loading=\"lazy\" decoding=\"async\" class=\"aligncenter\" src=\"https:\/\/ahi-carrier.gr\/wp-content\/uploads\/ahi-icon_temperature-for-btu.svg\" alt=\"hla\u0111enje\/grijanje\" width=\"100\" height=\"96\" \/><\/li>\n<\/ul>\n<\/div>\n<div class=\"col-md-3\">\n<ul class=\"list-group\">\n<li class=\"list-group-item text-center title\">Hla\u0111enje\/grijanje u ekstremnim vanjskim uvjetima (+50oC \/ -25oC)<\/li>\n<li class=\"list-group-item text-center content\"><b><img decoding=\"async\" class=\"emoji\" role=\"img\" src=\"https:\/\/s.w.org\/images\/core\/emoji\/13.1.0\/svg\/2714.svg\" alt=\"\u2714\" \/><\/b><img loading=\"lazy\" decoding=\"async\" class=\"aligncenter\" src=\"https:\/\/ahi-carrier.gr\/wp-content\/uploads\/intelligent-eye_white.svg\" alt=\"smart eye\" width=\"100\" height=\"100\" \/><\/li>\n<\/ul>\n<\/div>\n<div class=\"col-md-3\">\n<ul class=\"list-group\">\n<li class=\"list-group-item text-center title\">Smart Eye<\/li>\n<li class=\"list-group-item text-center content\"><b><img decoding=\"async\" class=\"emoji\" role=\"img\" src=\"https:\/\/s.w.org\/images\/core\/emoji\/13.1.0\/svg\/2714.svg\" alt=\"\u2714\" \/><\/b><img loading=\"lazy\" decoding=\"async\" class=\"aligncenter\" src=\"https:\/\/ahi-carrier.gr\/wp-content\/uploads\/eco-1.svg\" alt=\"X-ECO NA\u010cIN RADA\" width=\"100\" height=\"100\" \/><\/li>\n<\/ul>\n<\/div>\n<div class=\"col-md-3\">\n<ul class=\"list-group\">\n<li class=\"list-group-item text-center title\">X-ECO na\u010din rada<\/li>\n<li class=\"list-group-item text-center content\"><b><img decoding=\"async\" class=\"emoji\" role=\"img\" src=\"https:\/\/s.w.org\/images\/core\/emoji\/13.1.0\/svg\/2714.svg\" alt=\"\u2714\" \/><\/b><\/li>\n<\/ul>\n<\/div>\n<p><strong>\u00a0<\/strong><\/li>\n<\/ul>\n<\/div>\n<\/div>\n<p><strong>KARAKTERISTIKE CARRIER PLATINUM PLUS MODELA :<\/strong><\/p>\n<p>&nbsp;<\/p>\n<div class=\"row mb-4\">\n<div class=\"col-sm-12 col-xl-4\">\n<div class=\"row\">\n<div class=\"col-xs-2 col-sm-2 col-md-1 col-xl-2\"><img loading=\"lazy\" decoding=\"async\" class=\"aligncenter\" src=\"https:\/\/ahi-carrier.gr\/wp-content\/uploads\/wifi.svg\" alt=\"atribut-slika\" width=\"80\" height=\"80\" \/><\/div>\n<div class=\"col-xs-10 col-sm-10 col-md-11 col-xl-10 text-justify\">\n<h6>Wi-Fi aktivan<\/h6>\n<p>Bez potrebe za kupovinom bilo kakve dodatne opreme, mo\u017eete kontrolisati ure\u0111aj sa svog pametnog telefona gdje god da se nalazite.\u00a0Samo preuzmite besplatnu aplikaciju &#8220;Carrier Air Conditioner&#8221; i pove\u017eite svoj ure\u0111aj.<\/p>\n<\/div>\n<\/div>\n<\/div>\n<div class=\"col-sm-12 col-xl-4\">\n<div class=\"row\">\n<div><\/div>\n<div class=\"col-xs-2 col-sm-2 col-md-1 col-xl-2\"><img loading=\"lazy\" decoding=\"async\" class=\"aligncenter\" src=\"https:\/\/ahi-carrier.gr\/wp-content\/uploads\/gold-fin.svg\" alt=\"atribut-slika\" width=\"80\" height=\"80\" \/><\/div>\n<div class=\"col-xs-10 col-sm-10 col-md-11 col-xl-10 text-justify\">\n<h6>Gold Fin<\/h6>\n<p>Antikorozivni premaz na izmjenjiva\u010du vanjskih i unutarnjih jedinica.<\/p>\n<\/div>\n<\/div>\n<\/div>\n<div class=\"col-sm-12 col-xl-4\">\n<div class=\"row\">\n<div><\/div>\n<div class=\"col-xs-2 col-sm-2 col-md-1 col-xl-2\"><img loading=\"lazy\" decoding=\"async\" class=\"aligncenter\" src=\"https:\/\/ahi-carrier.gr\/wp-content\/uploads\/turbo.svg\" alt=\"atribut-slika\" width=\"80\" height=\"80\" \/><\/div>\n<div class=\"col-xs-10 col-sm-10 col-md-11 col-xl-10 text-justify\">\n<h6>Turbo na\u010din rada<\/h6>\n<p>Brzo i efikasno posti\u017ee \u017eeljenu temperaturu<\/p>\n<\/div>\n<\/div>\n<\/div>\n<\/div>\n<div class=\"row mb-4\">\n<div class=\"col-sm-12 col-xl-4\">\n<div class=\"row\">\n<div><\/div>\n<div class=\"col-xs-2 col-sm-2 col-md-1 col-xl-2\"><img loading=\"lazy\" decoding=\"async\" class=\"aligncenter\" src=\"https:\/\/ahi-carrier.gr\/wp-content\/uploads\/cert.svg\" alt=\"atribut-slika\" width=\"65\" height=\"80\" \/><\/div>\n<div class=\"col-xs-10 col-sm-10 col-md-11 col-xl-10 text-justify\">\n<h6>Eurovent certifikat<\/h6>\n<p>Eurovent certifikat uvjerava potro\u0161a\u010de da su tehni\u010dke karakteristike koje je objavio proizvo\u0111a\u010d istinite.<\/p>\n<\/div>\n<\/div>\n<\/div>\n<div class=\"col-sm-12 col-xl-4\">\n<div class=\"row\">\n<div><\/div>\n<div class=\"col-xs-2 col-sm-2 col-md-1 col-xl-2\"><img loading=\"lazy\" decoding=\"async\" class=\"aligncenter\" src=\"https:\/\/ahi-carrier.gr\/wp-content\/uploads\/cold-catalyst-filter.svg\" alt=\"atribut-slika\" width=\"80\" height=\"80\" \/><\/div>\n<div class=\"col-xs-10 col-sm-10 col-md-11 col-xl-10 text-justify\">\n<h6>Filter hladnog katalizatora<\/h6>\n<p>Dezodoriraju\u0107im djelovanjem poma\u017ee u uklanjanju isparljivih spojeva (VOC) i mirisa.\u00a0Ovaj filter ne gubi svoju efikasnost tokom vremena.<\/p>\n<\/div>\n<\/div>\n<\/div>\n<div class=\"col-sm-12 col-xl-4\">\n<div class=\"row\">\n<div><\/div>\n<div class=\"col-xs-2 col-sm-2 col-md-1 col-xl-2\"><img loading=\"lazy\" decoding=\"async\" class=\"aligncenter\" src=\"https:\/\/ahi-carrier.gr\/wp-content\/uploads\/vitaminC-1.svg\" alt=\"atribut-slika\" width=\"80\" height=\"80\" \/><\/div>\n<div class=\"col-xs-10 col-sm-10 col-md-11 col-xl-10 text-justify\">\n<h6>Vitamin C filter<\/h6>\n<p>Vitamin C, svojim antioksidativnim djelovanjem, blagotvoran je za zdravlje ko\u017ee, zbog va\u017ene uloge koju ima u sintezi kolagena u ko\u017ei.\u00a0Ovaj filter osloba\u0111a vitamin C u prostor, pove\u0107avaju\u0107i elasti\u010dnost i hidrataciju ko\u017ee putnika tokom rada klima ure\u0111aja.<\/p>\n<\/div>\n<div class=\"row mb-4\">\n<div class=\"col-sm-12 col-xl-4\">\n<div class=\"row\">\n<div><\/div>\n<div class=\"col-xs-2 col-sm-2 col-md-1 col-xl-2\"><img loading=\"lazy\" decoding=\"async\" class=\"aligncenter\" src=\"https:\/\/ahi-carrier.gr\/wp-content\/uploads\/ANION-filter-1.svg\" alt=\"atribut-slika\" width=\"80\" height=\"80\" \/><\/div>\n<div class=\"col-xs-10 col-sm-10 col-md-11 col-xl-10 text-justify\">\n<h6>Filter negativnih jona<\/h6>\n<p>Ovaj filter osloba\u0111a negativne jone koji osvje\u017eavaju zrak i pru\u017eaju \u010distu, osvje\u017eavaju\u0107u atmosferu.<\/p>\n<\/div>\n<\/div>\n<\/div>\n<div class=\"col-sm-12 col-xl-4\">\n<div class=\"row\">\n<div><\/div>\n<div class=\"col-xs-2 col-sm-2 col-md-1 col-xl-2\"><img loading=\"lazy\" decoding=\"async\" class=\"aligncenter\" src=\"https:\/\/ahi-carrier.gr\/wp-content\/uploads\/heating.svg\" alt=\"atribut-slika\" width=\"114\" height=\"80\" \/><\/div>\n<div class=\"col-xs-10 col-sm-10 col-md-11 col-xl-10 text-justify\">\n<h6>Osnovni grija\u010d posude i grija\u010d kartera<\/h6>\n<p>Elektri\u010dni otpor u posudi za kondenzat, koji spre\u010dava zamrzavanje kondenzatora.\u00a0Na ovaj na\u010din mo\u017eete u\u017eivati \u200b\u200bu neprekidnom grijanju \u010dak i uz vanjsku temperaturu od -15oC.\u00a0Tako\u0111er ima grija\u010d ulja u kompresoru za optimalan rad u hladnim uvjetima.<\/p>\n<\/div>\n<\/div>\n<\/div>\n<div class=\"col-sm-12 col-xl-4\">\n<div class=\"row\">\n<div><\/div>\n<div class=\"col-xs-2 col-sm-2 col-md-1 col-xl-2\"><img loading=\"lazy\" decoding=\"async\" class=\"aligncenter\" src=\"https:\/\/ahi-carrier.gr\/wp-content\/uploads\/silence.svg\" alt=\"atribut-slika\" width=\"80\" height=\"80\" \/><\/div>\n<div class=\"col-xs-10 col-sm-10 col-md-11 col-xl-10 text-justify\">\n<h6>Tihi na\u010din rada<\/h6>\n<p>Unutra\u0161nja jedinica radi sa izuzetno niskim nivoom buke, za apsolutnu ti\u0161inu.<\/p>\n<\/div>\n<\/div>\n<\/div>\n<\/div>\n<div class=\"row mb-4\">\n<div class=\"col-sm-12 col-xl-4\">\n<div class=\"row\">\n<div><\/div>\n<div class=\"col-xs-2 col-sm-2 col-md-1 col-xl-2\"><img loading=\"lazy\" decoding=\"async\" class=\"aligncenter\" src=\"https:\/\/ahi-carrier.gr\/wp-content\/uploads\/sleep-mode.svg\" alt=\"atribut-slika\" width=\"80\" height=\"80\" \/><\/div>\n<div class=\"col-xs-10 col-sm-10 col-md-11 col-xl-10 text-justify\">\n<h6>Funkcija Sleep Mode<\/h6>\n<p>\u0160tedi energiju i pobolj\u0161ava uslove okoline tokom no\u0107i, za ugodan san.\u00a0Tokom no\u0107i uspostavlja se ravnote\u017ea izme\u0111u unutra\u0161nje i spolja\u0161nje temperature kako bi se stvorili pravi uslovi za ugodan san.<\/p>\n<\/div>\n<\/div>\n<\/div>\n<div class=\"col-sm-12 col-xl-4\">\n<div class=\"row\">\n<div><\/div>\n<div class=\"col-xs-2 col-sm-2 col-md-1 col-xl-2\"><img loading=\"lazy\" decoding=\"async\" class=\"aligncenter\" src=\"https:\/\/ahi-carrier.gr\/wp-content\/uploads\/follow-me.svg\" alt=\"atribut-slika\" width=\"80\" height=\"80\" \/><\/div>\n<div class=\"col-xs-10 col-sm-10 col-md-11 col-xl-10 text-justify\">\n<h6>Funkcija Follow Me<\/h6>\n<p>Uz ovu funkciju u\u017eivate u boljem osje\u0107aju temperature, jer se ona postavlja i kontrolira gdje se nalazi kontrola ure\u0111aja.<\/p>\n<\/div>\n<\/div>\n<\/div>\n<div class=\"col-sm-12 col-xl-4\">\n<div class=\"row\">\n<div><\/div>\n<div class=\"col-xs-2 col-sm-2 col-md-1 col-xl-2\"><img loading=\"lazy\" decoding=\"async\" class=\"aligncenter\" src=\"https:\/\/ahi-carrier.gr\/wp-content\/uploads\/1W.svg\" alt=\"atribut-slika\" width=\"80\" height=\"80\" \/><\/div>\n<div class=\"col-xs-10 col-sm-10 col-md-11 col-xl-10 text-justify\">\n<h6>1W u standby modu<\/h6>\n<p>Jedinica tro\u0161i manje od 1W kada je u stand-by modu.<\/p>\n<\/div>\n<\/div>\n<\/div>\n<\/div>\n<div class=\"row mb-4\">\n<div class=\"col-sm-12 col-xl-4\">\n<div class=\"row\">\n<div><\/div>\n<div class=\"col-xs-2 col-sm-2 col-md-1 col-xl-2\"><img loading=\"lazy\" decoding=\"async\" class=\"aligncenter\" src=\"https:\/\/ahi-carrier.gr\/wp-content\/uploads\/self-repair.svg\" alt=\"atribut-slika\" width=\"80\" height=\"80\" \/><\/div>\n<div class=\"col-xs-10 col-sm-10 col-md-11 col-xl-10 text-justify\">\n<h6>Samodijagnoza i samoza\u0161tita<\/h6>\n<p>Jedinica otkriva potencijalne kvarove i automatski se isklju\u010duje kako bi sprije\u010dila daljnje probleme.\u00a0Osim toga, na displeju unutra\u0161nje jedinice prikazuje \u0161ifru gre\u0161ke koja defini\u0161e tehni\u010dki problem radi bolje komunikacije korisnika sa tehni\u010dkim servisnim centrom.<\/p>\n<\/div>\n<\/div>\n<\/div>\n<div class=\"col-sm-12 col-xl-4\">\n<div class=\"row\">\n<div><\/div>\n<div class=\"col-xs-2 col-sm-2 col-md-1 col-xl-2\"><img loading=\"lazy\" decoding=\"async\" class=\"aligncenter\" src=\"https:\/\/ahi-carrier.gr\/wp-content\/uploads\/eco-1.svg\" alt=\"atribut-slika\" width=\"80\" height=\"80\" \/><\/div>\n<div class=\"col-xs-10 col-sm-10 col-md-11 col-xl-10 text-justify\">\n<h6>X-ECO na\u010din rada<\/h6>\n<p>Odr\u017eava \u017eeljenu temperaturu u prostoriji uz do 60% manju potro\u0161nju energije.\u00a0Dakle, tro\u0161ite samo onu energiju koja vam je stvarno potrebna.<\/p>\n<\/div>\n<\/div>\n<\/div>\n<div class=\"col-sm-12 col-xl-4\">\n<div class=\"row\">\n<div><\/div>\n<div class=\"col-xs-2 col-sm-2 col-md-1 col-xl-2\"><img loading=\"lazy\" decoding=\"async\" class=\"aligncenter\" src=\"https:\/\/ahi-carrier.gr\/wp-content\/uploads\/remote-control-lock.svg\" alt=\"atribut-slika\" width=\"80\" height=\"80\" \/><\/div>\n<div class=\"col-xs-10 col-sm-10 col-md-11 col-xl-10 text-justify\">\n<h6>Zaklju\u010davanje daljinskog upravlja\u010da<\/h6>\n<p>Mo\u017eete zaklju\u010dati daljinski upravlja\u010d kako biste osigurali da odabrane postavke nisu slu\u010dajno promijenjene.<\/p>\n<\/div>\n<\/div>\n<\/div>\n<\/div>\n<div class=\"row mb-4\">\n<div class=\"col-sm-12 col-xl-4\">\n<div class=\"row\">\n<div><\/div>\n<div class=\"col-xs-2 col-sm-2 col-md-1 col-xl-2\"><img loading=\"lazy\" decoding=\"async\" class=\"aligncenter\" src=\"https:\/\/ahi-carrier.gr\/wp-content\/uploads\/volt.svg\" alt=\"atribut-slika\" width=\"80\" height=\"80\" \/><\/div>\n<div class=\"col-xs-10 col-sm-10 col-md-11 col-xl-10 text-justify\">\n<h6>Za\u0161tita od fluktuacija napona (168-264V)<\/h6>\n<p>Jedinica mo\u017ee besprijekorno raditi sa strujom napona od 168 do 264V.\u00a0Na taj na\u010din se \u0161titi od mogu\u0107ih fluktuacija napona unutar ovih granica.<\/p>\n<\/div>\n<\/div>\n<\/div>\n<div class=\"col-sm-12 col-xl-4\">\n<div class=\"row\">\n<div><\/div>\n<div class=\"col-xs-2 col-sm-2 col-md-1 col-xl-2\"><img loading=\"lazy\" decoding=\"async\" class=\"aligncenter\" src=\"https:\/\/ahi-carrier.gr\/wp-content\/uploads\/dehumidification.svg\" alt=\"atribut-slika\" width=\"80\" height=\"80\" \/><\/div>\n<div class=\"col-xs-10 col-sm-10 col-md-11 col-xl-10 text-justify\">\n<h6>Funkcija odvla\u017eivanja<\/h6>\n<p>U ovoj funkciji prioritet se daje odvla\u017eivanju zraka.\u00a0Da bi se postiglo odvla\u017eivanje, jedinica radi pri maloj brzini ventilatora i maloj brzini kompresora.<\/p>\n<p>&nbsp;<\/p>\n<\/div>\n<\/div>\n<\/div>\n<div class=\"col-sm-12 col-xl-4\">\n<div class=\"row\">\n<div><\/div>\n<div class=\"col-xs-2 col-sm-2 col-md-1 col-xl-2\"><img loading=\"lazy\" decoding=\"async\" class=\"aligncenter\" src=\"https:\/\/ahi-carrier.gr\/wp-content\/uploads\/note.svg\" alt=\"atribut-slika\" width=\"80\" height=\"80\" \/><\/div>\n<div class=\"col-xs-10 col-sm-10 col-md-11 col-xl-10 text-justify\">\n<h6>Bilje\u0161ka<\/h6>\n<p>Proizvo\u0111a\u010d zadr\u017eava pravo izmjene karakteristika proizvoda, podataka i slika bez prethodne najave.<\/p>\n<p>&nbsp;<\/p>\n<\/div>\n<p>&nbsp;<\/p>\n<p><strong>TEHNI\u010cKE SPECIFIKACIJE CARRIER PLATINUM PLUS MODELA :<\/strong><\/p>\n<table class=\"table\">\n<tbody>\n<tr>\n<th>SISTEM<\/th>\n<td>38QHP\/42QHP09E8S-1<\/td>\n<td>38QHP\/42QHP12E8S-1<\/td>\n<\/tr>\n<tr>\n<th>Efikasnost hla\u0111enja kW<\/th>\n<td>2,64 (1,0-4,8)<\/td>\n<td>3,52 (1,0-4,8)<\/td>\n<\/tr>\n<tr>\n<th>Efikasnost hla\u0111enja BTU\/h<\/th>\n<td>9.008 (3.412 &#8211; 16.378)<\/td>\n<td>12.011 (3.412 &#8211; 16.378)<\/td>\n<\/tr>\n<tr>\n<th>Toplotna efikasnost kW<\/th>\n<td>4,00 (0,75-7,2)<\/td>\n<td>4,00 (0,75-7,2)<\/td>\n<\/tr>\n<tr>\n<th>Toplotna efikasnost BTU\/h<\/th>\n<td>13.649 (2.559 &#8211; 24.567)<\/td>\n<td>13.649 (2.559 &#8211; 24.567)<\/td>\n<\/tr>\n<tr>\n<th>Raspon rada hla\u0111enja<\/th>\n<td>-15~50<\/td>\n<td>-15~50<\/td>\n<\/tr>\n<tr>\n<th>Opseg rada grijanja<\/th>\n<td>-25~30<\/td>\n<td>-25~30<\/td>\n<\/tr>\n<tr>\n<th>SEER \/ SCOP (topla zona) \/ SCOP (srednja zona) \/ SCOP (hladna zona) W\/W<\/th>\n<td>10.0\/6.3\/5.1\/4.1<\/td>\n<td>10.0\/6.3\/5.1\/4.1<\/td>\n<\/tr>\n<tr>\n<th>Energetska klasa<\/th>\n<td>A+++ \/ A+++ \/ A+++ \/ A+<\/td>\n<td>A+++ \/ A+++ \/ A+++ \/ A+<\/td>\n<\/tr>\n<tr>\n<th>Godi\u0161nja potro\u0161nja energije<\/th>\n<td>93\/674\/615\/1690<\/td>\n<td>123\/674\/615\/1690<\/td>\n<\/tr>\n<tr>\n<th>Napajanje<\/th>\n<td>220-240V~, 50\/60Hz<\/td>\n<td>220-240V~, 50\/60Hz<\/td>\n<\/tr>\n<tr>\n<th><\/th>\n<\/tr>\n<tr>\n<th>UNUTRA\u0160NJA JEDINICA<\/th>\n<td>42QHP09E8S-1<\/td>\n<td>42QHP12E8S-1<\/td>\n<\/tr>\n<tr>\n<th>Snaga zvuka dB(A)<\/th>\n<td>60<\/td>\n<td>60<\/td>\n<\/tr>\n<tr>\n<th>Nivo buke (visok\/srednji\/niski\/tihi) dB(A)<\/th>\n<td>43\/34\/24\/21<\/td>\n<td>43\/34\/24\/21<\/td>\n<\/tr>\n<tr>\n<th>Dovod zraka (visoko\/srednje\/nisko\/tiho) m\u00b3\/h<\/th>\n<td>575\/497\/340\/190<\/td>\n<td>575\/497\/340\/190<\/td>\n<\/tr>\n<tr>\n<th>Te\u017eina kg<\/th>\n<td>12.7<\/td>\n<td>12.7<\/td>\n<\/tr>\n<tr>\n<th>Dimenzije (\u0160\u00d7\u0160\u00d7V) mm<\/th>\n<td>895x248x298<\/td>\n<td>895x248x298<\/td>\n<\/tr>\n<tr>\n<th><\/th>\n<\/tr>\n<tr>\n<th>VANJSKA JEDINICA<\/th>\n<td>38QHP09E8S-1<\/td>\n<td>38QHP12E8S-1<\/td>\n<\/tr>\n<tr>\n<th>Snaga zvuka dB(A)<\/th>\n<td>63<\/td>\n<td>63<\/td>\n<\/tr>\n<tr>\n<th>Nivo buke dB(A)<\/th>\n<td>47.5<\/td>\n<td>51.5<\/td>\n<\/tr>\n<tr>\n<th>Dovod zraka m\u00b3\/h<\/th>\n<td>2350<\/td>\n<td>2350<\/td>\n<\/tr>\n<tr>\n<th>Te\u017eina kg<\/th>\n<td>32.3<\/td>\n<td>32.3<\/td>\n<\/tr>\n<tr>\n<th>Dimenzije (\u0160\u00d7\u0160\u00d7V) mm<\/th>\n<td>805x330x554<\/td>\n<td>805x330x554<\/td>\n<\/tr>\n<\/tbody>\n<\/table>\n<\/div>\n<\/div>\n<\/div>\n<\/div>\n<\/div>\n<\/div>\n<p><img data-recalc-dims=\"1\" loading=\"lazy\" decoding=\"async\" class=\"size-full wp-image-15573 aligncenter\" src=\"https:\/\/i0.wp.com\/coolmarket.ba\/wp-content\/uploads\/2024\/07\/Grijanje-Vodoinstalacije-klimatizacija-2.png?resize=1170%2C433&#038;ssl=1\" alt=\"\" width=\"1170\" height=\"433\" srcset=\"https:\/\/i0.wp.com\/coolmarket.ba\/wp-content\/uploads\/2024\/07\/Grijanje-Vodoinstalacije-klimatizacija-2.png?w=1170&amp;ssl=1 1170w, https:\/\/i0.wp.com\/coolmarket.ba\/wp-content\/uploads\/2024\/07\/Grijanje-Vodoinstalacije-klimatizacija-2.png?resize=300%2C111&amp;ssl=1 300w, https:\/\/i0.wp.com\/coolmarket.ba\/wp-content\/uploads\/2024\/07\/Grijanje-Vodoinstalacije-klimatizacija-2.png?resize=1024%2C379&amp;ssl=1 1024w, https:\/\/i0.wp.com\/coolmarket.ba\/wp-content\/uploads\/2024\/07\/Grijanje-Vodoinstalacije-klimatizacija-2.png?resize=768%2C284&amp;ssl=1 768w, https:\/\/i0.wp.com\/coolmarket.ba\/wp-content\/uploads\/2024\/07\/Grijanje-Vodoinstalacije-klimatizacija-2.png?resize=18%2C7&amp;ssl=1 18w, https:\/\/i0.wp.com\/coolmarket.ba\/wp-content\/uploads\/2024\/07\/Grijanje-Vodoinstalacije-klimatizacija-2.png?resize=600%2C222&amp;ssl=1 600w, https:\/\/i0.wp.com\/coolmarket.ba\/wp-content\/uploads\/2024\/07\/Grijanje-Vodoinstalacije-klimatizacija-2.png?resize=64%2C24&amp;ssl=1 64w\" sizes=\"(max-width: 1170px) 100vw, 1170px\" \/><\/p>\n<p>&nbsp;<\/p>\n<p><strong>CoolMarket<\/strong> je va\u0161 pouzdani partner za prodaju, ugradnju i odr\u017eavanje klima ure\u0111aja, toplotnih pumpi te sistema za vodu i grijanje. Na\u0161a stru\u010dnost osigurava kvalitetne proizvode i vrhunske usluge kako bi va\u0161 dom ili poslovni prostor bio udoban i funkcionalan. Kontaktirajte nas za sve potrebe vezane za klimatizaciju, grijanje i vodoinstalacije. Dostupni smo na Viber i Whatsapp\u00a0 +387 62 53 53 50<\/p>","protected":false},"excerpt":{"rendered":"<p>Odli\u010dne performanse i visoka tehnologija za\u00a0<strong>jedinstvenu u\u0161tedu energije!<\/strong><\/p>\n<ul>\n<li><strong>Maksimalna energetska efikasnost<\/strong>\u00a0sa\u00a0<strong>SEER do 10<\/strong><\/li>\n<li>Odli\u010dne performanse grijanja<\/li>\n<li><strong>Inteligentno oko<\/strong>\u00a0\u2013 Jedinica prelazi u re\u017eim za u\u0161tedu energije kada nema ljudi u prostoriji.<\/li>\n<li><strong>Pouzdan rad<\/strong>\u00a0od -25\u00baC do +50\u00baC<\/li>\n<li><strong>\u010cetvorostruki sistem filtracije<\/strong>\u00a0: hladni katalizator predfilter, vitamin C, negativni joni, ionizator filter<\/li>\n<li>Funkcija\u00a0<strong>\u201cPrati me\u201d.<\/strong><\/li>\n<li><strong>Wi-Fi Standard<\/strong><\/li>\n<\/ul>","protected":false},"featured_media":14824,"template":"","meta":{"om_disable_all_campaigns":false,"_monsterinsights_skip_tracking":false,"_monsterinsights_sitenote_active":false,"_monsterinsights_sitenote_note":"","_monsterinsights_sitenote_category":0},"product_cat":[335,834,305,401,306,348],"product_tag":[],"class_list":{"0":"post-15218","1":"product","2":"type-product","3":"status-publish","4":"has-post-thumbnail","6":"product_cat-12ke-inverteri","7":"product_cat-carrier","8":"product_cat-grijanje-i-hladenje","9":"product_cat-klima-inverteri","10":"product_cat-klima-uredaji","11":"product_cat-klima-uredaji-klima-uredaji","13":"first","14":"instock","15":"taxable","16":"shipping-taxable","17":"purchasable","18":"product-type-simple"},"aioseo_notices":[],"_links":{"self":[{"href":"https:\/\/coolmarket.ba\/bs\/wp-json\/wp\/v2\/product\/15218","targetHints":{"allow":["GET"]}}],"collection":[{"href":"https:\/\/coolmarket.ba\/bs\/wp-json\/wp\/v2\/product"}],"about":[{"href":"https:\/\/coolmarket.ba\/bs\/wp-json\/wp\/v2\/types\/product"}],"wp:featuredmedia":[{"embeddable":true,"href":"https:\/\/coolmarket.ba\/bs\/wp-json\/wp\/v2\/media\/14824"}],"wp:attachment":[{"href":"https:\/\/coolmarket.ba\/bs\/wp-json\/wp\/v2\/media?parent=15218"}],"wp:term":[{"taxonomy":"product_cat","embeddable":true,"href":"https:\/\/coolmarket.ba\/bs\/wp-json\/wp\/v2\/product_cat?post=15218"},{"taxonomy":"product_tag","embeddable":true,"href":"https:\/\/coolmarket.ba\/bs\/wp-json\/wp\/v2\/product_tag?post=15218"}],"curies":[{"name":"wp","href":"https:\/\/api.w.org\/{rel}","templated":true}]}}