{"id":15216,"date":"2023-05-11T16:07:40","date_gmt":"2023-05-11T16:07:40","guid":{"rendered":"https:\/\/coolmarket.ba\/?post_type=product&#038;p=15216"},"modified":"2024-09-12T14:41:49","modified_gmt":"2024-09-12T14:41:49","slug":"hisense-fresh-master-hinano-12k-qf35xw0eg-qf35xw0ew","status":"publish","type":"product","link":"https:\/\/coolmarket.ba\/bs\/proizvod\/hisense-fresh-master-hinano-12k-qf35xw0eg-qf35xw0ew\/","title":{"rendered":"Hisense Fresh Master HiNano 12K QF35XW0EG\/QF35XW0EW"},"content":{"rendered":"<h2>Karakteristike<\/h2>\n<div class=\"featureGrid-evenOdd\">\n<div class=\"fc-block block-half-split\">\n<section class=\"half-split text_left\">\n<div class=\"row\">\n<div class=\"col\">\n<div class=\"text-length\">\n<div class=\"featureIcon\"><img data-recalc-dims=\"1\" decoding=\"async\" class=\"aligncenter\" src=\"https:\/\/i0.wp.com\/static14.gorenje.com\/mabagor\/imagelib\/featureSlideshow-icon\/4\/9\/49448244dcccd00953319f8d47f54888_183028_1.png?resize=180%2C130&#038;ssl=1\" alt=\"Svje\u017e zrak\" width=\"180\" height=\"130\" \/><\/div>\n<p class=\"headline fadeInUp\">Svje\u017e zrak<\/p>\n<div class=\"supporting fadeInUp\">\n<p>Kada su prozori zatvroreni, koncentracija ugljen-dioksida je previsoka, \u0161to nije dobro za zdravlje. Ova specijalna funkcija koju je patentirao Hisense omogu\u0107ava da klima ure\u0111aj uvede svje\u017e zrak spolja u sobu kroz vi\u0161eslojnu filtraciju, donose\u0107i vam svje\u017einu i vitalnost.<\/p>\n<\/div>\n<\/div>\n<\/div>\n<div class=\"col col-nopad image\"><img data-recalc-dims=\"1\" fetchpriority=\"high\" decoding=\"async\" class=\"attachment-half-split aligncenter\" src=\"https:\/\/i0.wp.com\/ba.hisense.com\/mabagor\/imagelib\/w90-4-3-fit\/2\/c\/2c970ee4c1654b8fad1fd7e25276cbeb_182896_1.jpg?resize=960%2C657&#038;ssl=1\" alt=\"Fresh Master HiNano\" width=\"960\" height=\"657\" \/><\/div>\n<\/div>\n<div class=\"row\">\n<div class=\"col\">\n<div class=\"text-length\">\n<div><\/div>\n<div class=\"featureIcon\"><img data-recalc-dims=\"1\" decoding=\"async\" class=\"aligncenter\" src=\"https:\/\/i0.wp.com\/static14.gorenje.com\/mabagor\/imagelib\/featureSlideshow-icon\/b\/1\/b11bcea084fc44b586a116a9072047c5_176934_2.png?resize=177%2C180&#038;ssl=1\" alt=\"HI-NANO\" width=\"177\" height=\"180\" \/><\/div>\n<p class=\"headline fadeInUp\">\u0160titi va\u0161 dom i va\u0161e zdravlje<\/p>\n<p class=\"subheadline fadeInUp\">HI-NANO<\/p>\n<div class=\"supporting fadeInUp\">\n<p>HI-NANO je jedna vrsta efikasne jonske plazme koja generi\u0161e 1 milion jona\/cm3, u pore\u0111enju sa standardnom plazmom koja generi\u0161e 0.4~0.6 miliona jona\/cm3. Zbog svoje ja\u010dine proizvodnje jona, ona mo\u017ee efikasno eliminisati vi\u0161e od 99% H1N1 virusa unutar dva sata. U usporedbi sa standardnom plazmom, ona proizvodi samo pola ozona (0.007mg\/m3)\uff0ci time nema \u0161tetan uticaj na okolinu. Efikasno uklonite bakterije i u\u017eivajte u \u010distom zraku svaki dan. Francuska Texcell laboratorija je dokazala da HI-NANO mo\u017ee efikasno sprije\u010diti novi koronavirus (SARS-CoV-2) za 93,54% unutar dva sata.<\/p>\n<\/div>\n<\/div>\n<\/div>\n<div class=\"col col-nopad image\"><img data-recalc-dims=\"1\" decoding=\"async\" class=\"attachment-half-split size-half-split aligncenter\" src=\"https:\/\/i0.wp.com\/ba.hisense.com\/mabagor\/imagelib\/w90-4-3-fit\/6\/c\/6c251ee178519a8d055ff12693fe327a_199706_2.jpg?w=1300&#038;ssl=1\" alt=\"\" \/><\/div>\n<\/div>\n<div class=\"row\">\n<div class=\"col\">\n<div class=\"text-length\">\n<div><\/div>\n<div class=\"featureIcon\"><img data-recalc-dims=\"1\" loading=\"lazy\" decoding=\"async\" class=\"aligncenter\" src=\"https:\/\/i0.wp.com\/static14.gorenje.com\/mabagor\/imagelib\/featureSlideshow-icon\/e\/9\/e967e5eed412a051ea73b83ccfd64f91_232376_1.png?resize=120%2C180&#038;ssl=1\" alt=\"Prikaz kvalitete zraka\" width=\"120\" height=\"180\" \/><\/div>\n<p class=\"headline fadeInUp\">Prikaz kvalitete zraka<\/p>\n<div class=\"supporting fadeInUp\">\n<p>Klima ure\u0111aji Fresh Master serije opremljeni su sa senzorom koji detektuje koncentraciju CO2. Crvena ikona pokazuje lo\u0161 kvalitet zraka, \u017euta pokazuje prosje\u010dan kvalitet i zelena ozna\u010dava dobar kvalitet zraka.<\/p>\n<\/div>\n<\/div>\n<\/div>\n<div class=\"col col-nopad image\"><img data-recalc-dims=\"1\" decoding=\"async\" class=\"attachment-half-split size-half-split aligncenter\" src=\"https:\/\/i0.wp.com\/ba.hisense.com\/mabagor\/imagelib\/w90-4-3-fit\/8\/d\/8def1850fa8bc01c3eb079a15fc0af15_182897_1.jpg?w=1300&#038;ssl=1\" alt=\"\" \/><\/div>\n<\/div>\n<div class=\"row\">\n<div class=\"col\">\n<div class=\"text-length\">\n<div><\/div>\n<div class=\"featureIcon\"><img data-recalc-dims=\"1\" loading=\"lazy\" decoding=\"async\" class=\"aligncenter\" src=\"https:\/\/i0.wp.com\/static14.gorenje.com\/mabagor\/imagelib\/featureSlideshow-icon\/d\/8\/d831eea28bc97d7249e47d4fd842dfa0_176939_2.png?resize=178%2C180&#038;ssl=1\" alt=\"Odmrzavanje vanjske jedinice\" width=\"178\" height=\"180\" \/><\/div>\n<p class=\"headline fadeInUp\">Korisno tokom zimskih dana<\/p>\n<p class=\"subheadline fadeInUp\">Odmrzavanje vanjske jedinice<\/p>\n<div class=\"supporting fadeInUp\">\n<p>Pri niskim temperaturama i u vla\u017enim sredinama, vanjska jedinica se mo\u017ee jednostavno zamrznuti, \u0161to uti\u010de na rad i performanse klima ure\u0111aja ili dovodi do njenog o\u0161te\u0107ivanja. Kori\u0161tenjem elektri\u010dnog pojasa za zagrijavanje vanjske jedinice, sprje\u010dava se zamrzavanje i odr\u017eava ispravan rad klima ure\u0111aja.<\/p>\n<\/div>\n<\/div>\n<\/div>\n<div class=\"col col-nopad image\"><img data-recalc-dims=\"1\" decoding=\"async\" class=\"attachment-half-split size-half-split aligncenter\" src=\"https:\/\/i0.wp.com\/ba.hisense.com\/mabagor\/imagelib\/w90-4-3-fit\/e\/3\/e31e9622d2cdf17b7d2beb30525e2b9e_227812_2.png?w=1300&#038;ssl=1\" alt=\"\" \/><\/div>\n<\/div>\n<\/section>\n<div class=\"featureGrid-evenOdd-collapsedFeatures-toggle featureGrid-collapsedFeatures-toggle\"><\/div>\n<\/div>\n<\/div>\n<div class=\"productDetails2-dataPanel\">\n<div class=\"separator-spacer3\"><\/div>\n<h2>Tehni\u010dke karakteristike Hisense Fresh Master HiNano<\/h2>\n<div class=\"productDetails2-dataPanel-inner\">\n<div class=\"productDetails2-dataPanel-item\">\n<p>Vrsta jedinice:\u00a0<strong>Unutra\u0161nja jedinica<\/strong><\/p>\n<p>Na\u010din monta\u017ee:\u00a0<strong>Na zid<\/strong><\/p>\n<p>Upravljanje:\u00a0<strong>Daljinsko upravljanje<\/strong><\/p>\n<p>Wi-Fi upravljanje:\u00a0<strong>Integrisano<\/strong><\/p>\n<p>Preporu\u010dena upotrebna povr\u0161ina (m2):\u00a0<strong>12-24<\/strong><\/p>\n<p>Temperaturni opseg u re\u017eimu &#8211; grijanje (\u00b0C):\u00a0<strong>-22- 24<\/strong><\/p>\n<p>Temperaturni opseg u re\u017eimu &#8211; hla\u0111enje (\u00b0C):\u00a0<strong>-15 &#8211; 50<\/strong><\/p>\n<p>Opseg za postavljanje temperature (\u00b0C):\u00a0<strong>16-30<\/strong><\/p>\n<p>Kompaktan dizajn<\/p>\n<p>Ru\u010dni prekida\u010d<\/p>\n<p>Na\u010din rada:\u00a0<strong>inverterski visoko u\u010dinkovit<\/strong><\/p>\n<p>Rashladno sredstvo:\u00a0<strong>R32<\/strong><\/p>\n<p>Memorija pozicije usmjeriva\u010da zraka<\/p>\n<p>EER:\u00a0<strong>4,32<\/strong><\/p>\n<p>Razred energetske u\u010dinkovitosti &#8211; zagrijavanje:\u00a0<strong>A+++<\/strong><\/p>\n<p>Razina brzine vanjskog ventilatora:\u00a0<strong>3<\/strong><\/p>\n<p>Nivoi brzine unutra\u0161njeg ventilatora:\u00a0<strong>7<\/strong><\/p>\n<p>Kapacitet hla\u0111enja (Btu\/h):\u00a0<strong>12000<\/strong><\/p>\n<p>Kapacitet grijanja (Btu\/h):\u00a0<strong>12000<\/strong><\/p>\n<p>Daljinski upravlja\u010d kao sobni termostat<\/p>\n<p>Skriveni LED displej<\/p>\n<p>Zatamnjenje displeja<\/p>\n<p>Samodijagnostika<\/p>\n<p>Automatska brzina ventilatora unutra\u0161nje jedinice<\/p>\n<p>Nazivno optere\u0107enje za grijanje &#8211; prosje\u010dna sezona grijanja:\u00a0<strong>2,6 kW<\/strong><\/p>\n<p>Deklarisani kapacitet (Pdh(Tj)) &#8211; prosje\u010dna sezona grijanja:\u00a0<strong>2,6 kW<\/strong><\/p>\n<\/div>\n<div class=\"productDetails2-dataPanel-item\">\n<p>Kapacitet hla\u0111enja:\u00a0<strong>3,5 kW<\/strong><\/p>\n<\/div>\n<div class=\"productDetails2-dataPanel-item\">\n<p>Kapacitet odvla\u017eivanja:\u00a0<strong>1,2 L\/h<\/strong><\/p>\n<p>Promjer kondenzacijske cijevi:\u00a0<strong>18 mm<\/strong><\/p>\n<p>Aktivni ugalj<\/p>\n<p>Automatski rad<\/p>\n<p>Automatsko ponovno uklju\u010divanje<\/p>\n<p>Za\u0161tita prostora od zamrzavanja<\/p>\n<p>Turbo rad<\/p>\n<p>Hla\u0111enje<\/p>\n<p>Grijanje<\/p>\n<p>Unutra\u0161nja jedinica<\/p>\n<p>Prozra\u010divanje<\/p>\n<p>Tajmer 24 h<\/p>\n<p>Glasovno upravljanje<\/p>\n<p>Hinano generator<\/p>\n<\/div>\n<div class=\"productDetails2-dataPanel-item\">\n<p>Minimalna zvu\u010dna snaga:\u00a0<strong>54 dB<\/strong><\/p>\n<p>Snaga zagrijavanja:\u00a0<strong>4.200 W<\/strong><\/p>\n<p>Potro\u0161nja u re\u017eimu mirovanja:\u00a0<strong>1 W<\/strong><\/p>\n<p>Frekvencija:\u00a0<strong>50 Hz<\/strong><\/p>\n<p>Rashladna snaga:\u00a0<strong>3.500 W<\/strong><\/p>\n<p>Rashladno sredstvo:\u00a0<strong>0,86 gr<\/strong><\/p>\n<p>Zvu\u010dni pritisak &#8211; min.:\u00a0<strong>26 dB(A)2&#215;10-5Pa<\/strong><\/p>\n<p>Zvu\u010dni pritisak &#8211; maks.:\u00a0<strong>37 dB(A)2&#215;10-5Pa<\/strong><\/p>\n<p>Potro\u0161nja el. energije pri zagrijavanju\/radna struja:\u00a0<strong>1.040 W<\/strong><\/p>\n<p>Potro\u0161nja el. energije pri hla\u0111enju\/radna struja:\u00a0<strong>810 W<\/strong><\/p>\n<p>Zagrijavanje \u0161asije vanjske jedinice<\/p>\n<p>Minimalni protok zraka:\u00a0<strong>410 m\u00b3<\/strong><\/p>\n<p>Protok zraka:\u00a0<strong>630 m\u00b3<\/strong><\/p>\n<p>Cijev za teku\u0107inu &#8211; promjer:\u00a0<strong>6,35 mm<\/strong><\/p>\n<p>Cijev za plin &#8211; promjer:\u00a0<strong>9,53 mm<\/strong><\/p>\n<p>Maks. du\u017eina cijevi:\u00a0<strong>15 m<\/strong><\/p>\n<p>Maks. visinska razlika:\u00a0<strong>8 m<\/strong><\/p>\n<p>Nazivna struja kod hla\u0111enja:\u00a0<strong>3,6 A<\/strong><\/p>\n<p>Nazivna struja kod zagrijavanja:\u00a0<strong>4,6 A<\/strong><\/p>\n<p>Omjer SEER &#8211; hla\u0111enje:\u00a0<strong>8,5<\/strong><\/p>\n<p>Omjer SCOP &#8211; zagrijavanje:\u00a0<strong>5,1<\/strong><\/p>\n<p>COP:\u00a0<strong>4,04<\/strong><\/p>\n<p>Zvu\u010dni pritisak &#8211; min.:\u00a0<strong>26 dB(A)2&#215;10-5Pa<\/strong><\/p>\n<p>Zvu\u010dni pritisak &#8211; maks.:\u00a0<strong>37 dB(A)2&#215;10-5Pa<\/strong><\/p>\n<p>Dimenzije aparata (\u0160xVxD):\u00a0<strong>97,8 \u00d7 31,3 \u00d7 21,7 cm<\/strong><\/p>\n<p>Dimenzije aparata u ambala\u017ei (\u0160xVxD):\u00a0<strong>106 \u00d7 43 \u00d7 40 cm<\/strong><\/p>\n<p>Masa aparata:\u00a0<strong>13,5 kg<\/strong><\/p>\n<p>Bruto te\u017eina aparata:\u00a0<strong>18,5 kg<\/strong><\/p>\n<p>Potro\u0161nja u re\u017eimu mirovanja:\u00a0<strong>1 W<\/strong><\/p>\n<p>Osigura\u010d:\u00a0<strong>5 A<\/strong><\/p>\n<p>Kod proizvoda:\u00a0<strong>20004011<\/strong><\/p>\n<p>EAN kod:\u00a0<strong>6946087398736<\/strong><\/p>\n<p>&nbsp;<\/p>\n<h2>Karakteristike<\/h2>\n<div class=\"featureGrid-evenOdd\">\n<div class=\"fc-block block-half-split\">\n<section class=\"half-split text_left\">\n<div class=\"row\">\n<div class=\"col\">\n<div class=\"text-length\">\n<div><\/div>\n<div class=\"featureIcon\"><img data-recalc-dims=\"1\" loading=\"lazy\" decoding=\"async\" class=\"aligncenter\" src=\"https:\/\/i0.wp.com\/static14.gorenje.com\/mabagor\/imagelib\/featureSlideshow-icon\/f\/e\/fe89c76edac583a254e654b9178ac914_156184_1.png?resize=180%2C167&#038;ssl=1\" alt=\"Potpuni DC inverter\" width=\"180\" height=\"167\" \/><\/div>\n<p class=\"headline fadeInUp\">Vrhunska tehnologija za najbolje performanse<\/p>\n<p class=\"subheadline fadeInUp\">Potpuni DC inverter<\/p>\n<div class=\"supporting fadeInUp\">\n<p>Digitalno upravljanje, DC kompresor, DC unutarnji motor, DC vanjski motor i DC elektroni\u010dki ekspanzijski ventil stvaraju nisku buku i visoku u\u010dinkovitost.<\/p>\n<\/div>\n<\/div>\n<\/div>\n<div class=\"col col-nopad image\"><img data-recalc-dims=\"1\" decoding=\"async\" class=\"attachment-half-split size-half-split aligncenter\" src=\"https:\/\/i0.wp.com\/ba.hisense.com\/mabagor\/imagelib\/w90-4-3-fit\/0\/4\/047df2d53df778e138fadf5405e0e167_199272_2.jpg?w=1300&#038;ssl=1\" alt=\"\" \/><\/div>\n<\/div>\n<div class=\"row\">\n<div class=\"col\">\n<div class=\"text-length\">\n<div><\/div>\n<div class=\"featureIcon\"><img data-recalc-dims=\"1\" loading=\"lazy\" decoding=\"async\" class=\"aligncenter\" src=\"https:\/\/i0.wp.com\/static14.gorenje.com\/mabagor\/imagelib\/featureSlideshow-icon\/d\/8\/d831eea28bc97d7249e47d4fd842dfa0_176939_2.png?resize=178%2C180&#038;ssl=1\" alt=\"Odmrzavanje vanjske jedinice\" width=\"178\" height=\"180\" \/><\/div>\n<p class=\"headline fadeInUp\">Korisno tokom zimskih dana<\/p>\n<p class=\"subheadline fadeInUp\">Odmrzavanje vanjske jedinice<\/p>\n<div class=\"supporting fadeInUp\">\n<p>Pri niskim temperaturama i u vla\u017enim sredinama, vanjska jedinica se mo\u017ee jednostavno zamrznuti, \u0161to uti\u010de na rad i performanse klima ure\u0111aja ili dovodi do njenog o\u0161te\u0107ivanja. Kori\u0161tenjem elektri\u010dnog pojasa za zagrijavanje vanjske jedinice, sprje\u010dava se zamrzavanje i odr\u017eava ispravan rad klima ure\u0111aja.<\/p>\n<\/div>\n<\/div>\n<\/div>\n<div class=\"col col-nopad image\"><img data-recalc-dims=\"1\" decoding=\"async\" class=\"attachment-half-split size-half-split aligncenter\" src=\"https:\/\/i0.wp.com\/ba.hisense.com\/mabagor\/imagelib\/w90-4-3-fit\/e\/3\/e31e9622d2cdf17b7d2beb30525e2b9e_227812_2.png?w=1300&#038;ssl=1\" alt=\"\" \/><\/div>\n<\/div>\n<div class=\"row\">\n<div class=\"col\">\n<div class=\"text-length\">\n<div><\/div>\n<div class=\"featureIcon\"><img data-recalc-dims=\"1\" loading=\"lazy\" decoding=\"async\" class=\"aligncenter\" src=\"https:\/\/i0.wp.com\/static14.gorenje.com\/mabagor\/imagelib\/featureSlideshow-icon\/5\/f\/5f559b89a383340a90e1ce64c8d6a9a1_200017_fp.jpg?resize=180%2C179&#038;ssl=1\" alt=\"Grijanje na -22\u2103\" width=\"180\" height=\"179\" \/><\/div>\n<p class=\"headline fadeInUp\">Da vam vi\u0161e nikad nije hladno<\/p>\n<p class=\"subheadline fadeInUp\">Grijanje na -22\u2103<\/p>\n<div class=\"supporting fadeInUp\">\n<p>Klima ure\u0111aj mo\u017ee normalno grijati \u010dak i kada je vanjska temperatura -22\u2103<\/p>\n<\/div>\n<\/div>\n<\/div>\n<div class=\"col col-nopad image\"><img data-recalc-dims=\"1\" decoding=\"async\" class=\"attachment-half-split size-half-split aligncenter\" src=\"https:\/\/i0.wp.com\/ba.hisense.com\/mabagor\/imagelib\/w90-4-3-fit\/1\/4\/1421f145d3834292a868d71245f33082_199273_1.png?w=1300&#038;ssl=1\" alt=\"\" \/><\/div>\n<\/div>\n<div class=\"row\">\n<div class=\"col\">\n<div class=\"text-length\">\n<div><\/div>\n<div class=\"featureIcon\"><img data-recalc-dims=\"1\" loading=\"lazy\" decoding=\"async\" class=\"aligncenter\" src=\"https:\/\/i0.wp.com\/static14.gorenje.com\/mabagor\/imagelib\/featureSlideshow-icon\/9\/7\/9785d1dfd6688ad80e5f58b77d26feb3_156181_2.png?resize=177%2C180&#038;ssl=1\" alt=\"Dvostruko samo\u010di\u0161\u0107enje\" width=\"177\" height=\"180\" \/><\/div>\n<p class=\"headline fadeInUp\">Odr\u017eava efikasnost i \u010dist zrak<\/p>\n<p class=\"subheadline fadeInUp\">Dvostruko samo\u010di\u0161\u0107enje<\/p>\n<div class=\"supporting fadeInUp\">\n<p>Zahvaljuju\u0107i Hisense novoj generaciji hidrofilnog za\u0161titnog sloja, akumulirana pra\u0161ina \/ mikroorganizmi \/ ulje se mo\u017ee ukloniti sa aluminijske povr\u0161ine ispariva\u010da pomo\u0107u ciklusa zamrzavanja i odmrzavanja. Prilikom isklju\u010divanja, ventilator unutra\u0161nje jedinice \u0107e nastaviti da radi 30 sekundi kako bi osu\u0161io ispariva\u010d. Ovim \u0107ete o\u010duvati visoku u\u010dinkovitost i \u010dist zrak.<\/p>\n<\/div>\n<\/div>\n<\/div>\n<div class=\"col col-nopad image\"><img data-recalc-dims=\"1\" decoding=\"async\" class=\"attachment-half-split size-half-split aligncenter\" src=\"https:\/\/i0.wp.com\/ba.hisense.com\/mabagor\/imagelib\/w90-4-3-fit\/4\/3\/43c23974b93e4e398adf185af074ce29_199645_2.jpg?w=1300&#038;ssl=1\" alt=\"\" \/><\/div>\n<\/div>\n<\/section>\n<div class=\"featureGrid-evenOdd-collapsedFeatures-toggle featureGrid-collapsedFeatures-toggle\"><\/div>\n<\/div>\n<\/div>\n<div class=\"productDetails2-dataPanel\">\n<h2>Tehni\u010dke karakteristike Hisense Fresh Master HiNano<\/h2>\n<div class=\"productDetails2-dataPanel-inner\">\n<div class=\"productDetails2-dataPanel-item\">\n<p>Vrsta jedinice:\u00a0<strong>Vanjska jedinica<\/strong><\/p>\n<p>Preporu\u010dena upotrebna povr\u0161ina (m2):\u00a0<strong>12-24<\/strong><\/p>\n<p>Temperaturni opseg u re\u017eimu &#8211; grijanje (\u00b0C):\u00a0<strong>-22- 24<\/strong><\/p>\n<p>Temperaturni opseg u re\u017eimu &#8211; hla\u0111enje (\u00b0C):\u00a0<strong>-15 &#8211; 50<\/strong><\/p>\n<p>Opseg za postavljanje temperature (\u00b0C):\u00a0<strong>16-30<\/strong><\/p>\n<p>Na\u010din rada:\u00a0<strong>Inverterski<\/strong><\/p>\n<p>Rashladno sredstvo:\u00a0<strong>R32<\/strong><\/p>\n<p>EER:\u00a0<strong>4,32<\/strong><\/p>\n<p>Razred energetske u\u010dinkovitosti &#8211; zagrijavanje:\u00a0<strong>A+++<\/strong><\/p>\n<p>Razina brzine vanjskog ventilatora:\u00a0<strong>3<\/strong><\/p>\n<p>Nivoi brzine unutra\u0161njeg ventilatora:\u00a0<strong>7<\/strong><\/p>\n<p>Nazivno optere\u0107enje za grijanje &#8211; prosje\u010dna sezona grijanja:\u00a0<strong>2,6 kW<\/strong><\/p>\n<p>Deklarisani kapacitet (Pdh(Tj)) &#8211; prosje\u010dna sezona grijanja:\u00a0<strong>2,6 kW<\/strong><\/p>\n<\/div>\n<div class=\"productDetails2-dataPanel-item\">\n<p>Raspon rada pri re\u017eimu grijanja:\u00a0<strong>20 g\/m<\/strong><\/p>\n<p>Vrsta:\u00a0<strong>Mono (za jednu unutra\u0161nju jedinicu)<\/strong><\/p>\n<p>Kapacitet hla\u0111enja:\u00a0<strong>3,5 kW<\/strong><\/p>\n<\/div>\n<div class=\"productDetails2-dataPanel-item\">\n<p>Minimalna zvu\u010dna snaga:\u00a0<strong>62 dB<\/strong><\/p>\n<p>Snaga zagrijavanja:\u00a0<strong>4.200 W<\/strong><\/p>\n<p>Potro\u0161nja u re\u017eimu mirovanja:\u00a0<strong>1 W<\/strong><\/p>\n<p>Frekvencija:\u00a0<strong>50 Hz<\/strong><\/p>\n<p>Rashladna snaga:\u00a0<strong>3.500 W<\/strong><\/p>\n<p>Rashladno sredstvo:\u00a0<strong>0,86 gr<\/strong><\/p>\n<p>Zvu\u010dni pritisak &#8211; min.:\u00a0<strong>44 dB(A)2&#215;10-5Pa<\/strong><\/p>\n<p>Zvu\u010dni pritisak &#8211; maks.:\u00a0<strong>50 dB(A)2&#215;10-5Pa<\/strong><\/p>\n<p>Potro\u0161nja el. energije pri zagrijavanju\/radna struja:\u00a0<strong>1.040 W<\/strong><\/p>\n<p>Potro\u0161nja el. energije pri hla\u0111enju\/radna struja:\u00a0<strong>810 W<\/strong><\/p>\n<p>Zagrijavanje \u0161asije vanjske jedinice<\/p>\n<p>Minimalni protok zraka:\u00a0<strong>1.500 m\u00b3<\/strong><\/p>\n<p>Protok zraka:\u00a0<strong>2.200 m\u00b3<\/strong><\/p>\n<p>Cijev za teku\u0107inu &#8211; promjer:\u00a0<strong>6,35 mm<\/strong><\/p>\n<p>Cijev za plin &#8211; promjer:\u00a0<strong>9,53 mm<\/strong><\/p>\n<p>Maks. du\u017eina cijevi:\u00a0<strong>20 m<\/strong><\/p>\n<p>Maks. visinska razlika:\u00a0<strong>10 m<\/strong><\/p>\n<p>Nazivna struja kod hla\u0111enja:\u00a0<strong>3,6 A<\/strong><\/p>\n<p>Nazivna struja kod zagrijavanja:\u00a0<strong>4,6 A<\/strong><\/p>\n<p>Omjer SEER &#8211; hla\u0111enje:\u00a0<strong>8,5<\/strong><\/p>\n<p>Omjer SCOP &#8211; zagrijavanje:\u00a0<strong>5,1<\/strong><\/p>\n<p>COP:\u00a0<strong>4,04<\/strong><\/p>\n<p>Zvu\u010dni pritisak &#8211; min.:\u00a0<strong>44 dB(A)2&#215;10-5Pa<\/strong><\/p>\n<p>Zvu\u010dni pritisak &#8211; maks.:\u00a0<strong>50 dB(A)2&#215;10-5Pa<\/strong><\/p>\n<p>Dimenzije aparata (\u0160xVxD):\u00a0<strong>81 \u00d7 58,5 \u00d7 28 cm<\/strong><\/p>\n<p>Dimenzije aparata u ambala\u017ei (\u0160xVxD):\u00a0<strong>94 \u00d7 63 \u00d7 38,5 cm<\/strong><\/p>\n<p>Masa aparata:\u00a0<strong>33 kg<\/strong><\/p>\n<p>Bruto te\u017eina aparata:\u00a0<strong>35,5 kg<\/strong><\/p>\n<p>Potro\u0161nja u re\u017eimu mirovanja:\u00a0<strong>1 W<\/strong><\/p>\n<p>Osigura\u010d:\u00a0<strong>15 A<\/strong><\/p>\n<p>Kod proizvoda:\u00a0<strong>20004012<\/strong><\/p>\n<p>EAN kod:\u00a0<strong>6946087398743<\/strong><\/p>\n<p><img data-recalc-dims=\"1\" loading=\"lazy\" decoding=\"async\" class=\"size-full wp-image-15573 aligncenter\" src=\"https:\/\/i0.wp.com\/coolmarket.ba\/wp-content\/uploads\/2024\/07\/Grijanje-Vodoinstalacije-klimatizacija-2.png?resize=1170%2C433&#038;ssl=1\" alt=\"\" width=\"1170\" height=\"433\" srcset=\"https:\/\/i0.wp.com\/coolmarket.ba\/wp-content\/uploads\/2024\/07\/Grijanje-Vodoinstalacije-klimatizacija-2.png?w=1170&amp;ssl=1 1170w, https:\/\/i0.wp.com\/coolmarket.ba\/wp-content\/uploads\/2024\/07\/Grijanje-Vodoinstalacije-klimatizacija-2.png?resize=300%2C111&amp;ssl=1 300w, https:\/\/i0.wp.com\/coolmarket.ba\/wp-content\/uploads\/2024\/07\/Grijanje-Vodoinstalacije-klimatizacija-2.png?resize=1024%2C379&amp;ssl=1 1024w, https:\/\/i0.wp.com\/coolmarket.ba\/wp-content\/uploads\/2024\/07\/Grijanje-Vodoinstalacije-klimatizacija-2.png?resize=768%2C284&amp;ssl=1 768w, https:\/\/i0.wp.com\/coolmarket.ba\/wp-content\/uploads\/2024\/07\/Grijanje-Vodoinstalacije-klimatizacija-2.png?resize=18%2C7&amp;ssl=1 18w, https:\/\/i0.wp.com\/coolmarket.ba\/wp-content\/uploads\/2024\/07\/Grijanje-Vodoinstalacije-klimatizacija-2.png?resize=600%2C222&amp;ssl=1 600w, https:\/\/i0.wp.com\/coolmarket.ba\/wp-content\/uploads\/2024\/07\/Grijanje-Vodoinstalacije-klimatizacija-2.png?resize=64%2C24&amp;ssl=1 64w\" sizes=\"(max-width: 1170px) 100vw, 1170px\" \/><\/p>\n<p>&nbsp;<\/p>\n<p><strong>CoolMarket<\/strong> je va\u0161 pouzdani partner za prodaju, ugradnju i odr\u017eavanje klima ure\u0111aja, toplotnih pumpi te sistema za vodu i grijanje. Na\u0161a stru\u010dnost osigurava kvalitetne proizvode i vrhunske usluge kako bi va\u0161 dom ili poslovni prostor bio udoban i funkcionalan. Kontaktirajte nas za sve potrebe vezane za klimatizaciju, grijanje i vodoinstalacije. Dostupni smo na Viber i Whatsapp\u00a0 +387 62 53 53 50<\/p>\n<\/div>\n<\/div>\n<\/div>\n<\/div>\n<\/div>\n<\/div>","protected":false},"excerpt":{"rendered":"<div class=\"productDetails-head-titles\">\n<div class=\"productDetails-head-title\">\n<h1 id=\"ctl00_MainContent_ctl00_ProductTitle\" title=\"Klima ure\u0111aj - unutra\u0161nja jedinica QF35XW0EG\"><span class=\"productDetails-head-title-desc\">Klima ure\u0111aj &#8211; unutra\u0161nja jedinica<\/span>QF35XW0EG<\/h1>\n<\/div>\n<div id=\"pageMap_desktop\"><\/div>\n<\/div>\n<div class=\"productDetails-head-summary\">Klima ure\u0111aj &#8211; unutra\u0161nja jedinica\u00a0\u00a0Rashladna snaga:\u00a0<strong>3.500 W<\/strong>\u00a0\u00a0Snaga zagrijavanja:\u00a0<strong>4.200 W<\/strong>\u00a0\u00a0Automatski rad\u00a0\u00a0Turbo rad\u00a0\u00a0Za\u0161tita od hladnog zraka\u00a0\u00a0Vrsta displeja:\u00a0<strong>LED displej<\/strong>\u00a0\u00a0Temperaturni opseg u re\u017eimu &#8211; grijanje (\u00b0C):\u00a0<strong>-22- 24<\/strong>\u00a0\u00a0Temperaturni opseg u re\u017eimu &#8211; hla\u0111enje (\u00b0C):\u00a0<strong>-15 &#8211; 50<\/strong><\/div>\n<div><\/div>\n<div>\n<div class=\"productDetails-head-titles\">\n<div class=\"productDetails-head-title\">\n<h1 id=\"ctl00_MainContent_ctl00_ProductTitle\" title=\"Klima ure\u0111aj - vanjska jedinica (SINGLE) QF35XW0EW\"><span class=\"productDetails-head-title-desc\">Klima ure\u0111aj &#8211; vanjska jedinica (SINGLE)<\/span>QF35XW0EW<\/h1>\n<\/div>\n<div id=\"pageMap_desktop\"><\/div>\n<\/div>\n<div class=\"productDetails-head-summary\">Klima ure\u0111aj &#8211; vanjska jedinica (SINGLE)\u00a0\u00a0Rashladna snaga:\u00a0<strong>3.500 W<\/strong>\u00a0\u00a0Snaga zagrijavanja:\u00a0<strong>4.200 W<\/strong>\u00a0\u00a0Za\u0161tita od hladnog zraka\u00a0\u00a0Temperaturni opseg u re\u017eimu &#8211; grijanje (\u00b0C):\u00a0<strong>-22- 24<\/strong>\u00a0\u00a0Temperaturni opseg u re\u017eimu &#8211; hla\u0111enje (\u00b0C):\u00a0<strong>-15 &#8211; 50<\/strong><\/div>\n<\/div>","protected":false},"featured_media":14816,"template":"","meta":{"om_disable_all_campaigns":false,"_monsterinsights_skip_tracking":false,"_monsterinsights_sitenote_active":false,"_monsterinsights_sitenote_note":"","_monsterinsights_sitenote_category":0},"product_cat":[335,305,794,401,306,348],"product_tag":[],"class_list":{"0":"post-15216","1":"product","2":"type-product","3":"status-publish","4":"has-post-thumbnail","6":"product_cat-12ke-inverteri","7":"product_cat-grijanje-i-hladenje","8":"product_cat-hisense","9":"product_cat-klima-inverteri","10":"product_cat-klima-uredaji","11":"product_cat-klima-uredaji-klima-uredaji","13":"first","14":"instock","15":"taxable","16":"shipping-taxable","17":"purchasable","18":"product-type-simple"},"aioseo_notices":[],"_links":{"self":[{"href":"https:\/\/coolmarket.ba\/bs\/wp-json\/wp\/v2\/product\/15216","targetHints":{"allow":["GET"]}}],"collection":[{"href":"https:\/\/coolmarket.ba\/bs\/wp-json\/wp\/v2\/product"}],"about":[{"href":"https:\/\/coolmarket.ba\/bs\/wp-json\/wp\/v2\/types\/product"}],"wp:featuredmedia":[{"embeddable":true,"href":"https:\/\/coolmarket.ba\/bs\/wp-json\/wp\/v2\/media\/14816"}],"wp:attachment":[{"href":"https:\/\/coolmarket.ba\/bs\/wp-json\/wp\/v2\/media?parent=15216"}],"wp:term":[{"taxonomy":"product_cat","embeddable":true,"href":"https:\/\/coolmarket.ba\/bs\/wp-json\/wp\/v2\/product_cat?post=15216"},{"taxonomy":"product_tag","embeddable":true,"href":"https:\/\/coolmarket.ba\/bs\/wp-json\/wp\/v2\/product_tag?post=15216"}],"curies":[{"name":"wp","href":"https:\/\/api.w.org\/{rel}","templated":true}]}}