{"id":15211,"date":"2023-05-11T14:32:07","date_gmt":"2023-05-11T14:32:07","guid":{"rendered":"https:\/\/coolmarket.ba\/?post_type=product&#038;p=15211"},"modified":"2024-09-12T17:52:32","modified_gmt":"2024-09-12T17:52:32","slug":"hisense-expert-smart-12k-cf35yr1fg-cf35yr1fw","status":"publish","type":"product","link":"https:\/\/coolmarket.ba\/bs\/proizvod\/hisense-expert-smart-12k-cf35yr1fg-cf35yr1fw\/","title":{"rendered":"HISENSE EXPERT SMART 12K CF35YR1FG\/CF35YR1FW"},"content":{"rendered":"<h2>Karakteristike<\/h2>\n<div class=\"featureGrid-evenOdd\">\n<div class=\"fc-block block-half-split\">\n<section class=\"half-split text_left\">\n<div class=\"row\">\n<div class=\"col\">\n<div class=\"text-length\">\n<div class=\"featureIcon\"><img data-recalc-dims=\"1\" decoding=\"async\" class=\"aligncenter\" src=\"https:\/\/i0.wp.com\/static14.gorenje.com\/mabagor\/imagelib\/featureSlideshow-icon\/2\/b\/2bd634413e8dadfa71d63fd687daa74a_176943_2.png?resize=177%2C180&#038;ssl=1\" alt=\"Smart Voice Control\" width=\"177\" height=\"180\" \/><\/div>\n<p class=\"headline fadeInUp\">Upravljanje govorom<\/p>\n<p class=\"subheadline fadeInUp\">Smart Voice Control<\/p>\n<div class=\"supporting fadeInUp\">\n<p>Nova Hisense HiSmart Life aplikacija kompatibilna je sa Google virtualnim asistentom i Amazon Alexa, tako da govorom mo\u017eete upravljati ure\u0111ajem. Zahvaljujuc\u0301i govornoj interakciji moguc\u0301e je regulisati temperaturu, uklju\u010diti ili isklju\u010diti ure\u0111aj, kao i podesiti re\u017eim rada (hla\u0111enje ili grijanje). Mo\u017eete prona\u0107i HiSmart aplikaciju u &#8220;Amazon Alexa&#8221; aplikaciji i u &#8220;Home&#8221; aplikaciji.<\/p>\n<p><img data-recalc-dims=\"1\" fetchpriority=\"high\" decoding=\"async\" class=\"aligncenter\" src=\"https:\/\/i0.wp.com\/ba.hisense.com\/mabagor\/imagelib\/w90-4-3-fit\/1\/0\/106c843dd4a2c744b7f9bcb24dfab223_156960_2.jpg?resize=1170%2C780&#038;ssl=1\" alt=\"SMART VOICE CONTROL-UPRAVLJANJE GOVOROM\" width=\"1170\" height=\"780\" \/><\/p>\n<\/div>\n<\/div>\n<\/div>\n<\/div>\n<div class=\"col col-nopad image\"><\/div>\n<div class=\"row\">\n<div class=\"col\">\n<div class=\"text-length\">\n<div class=\"featureIcon\"><img data-recalc-dims=\"1\" decoding=\"async\" class=\"aligncenter\" src=\"https:\/\/i0.wp.com\/static14.gorenje.com\/mabagor\/imagelib\/featureSlideshow-icon\/b\/4\/b41c6b7f43be1d6fbf6d8ae3469c3b93_176940_2.png?resize=178%2C180&#038;ssl=1\" alt=\"Plin koji nije \u0161tetan za okolinu\" width=\"178\" height=\"180\" \/><\/div>\n<p class=\"headline fadeInUp\">Plin koji nije \u0161tetan za okolinu<\/p>\n<div class=\"supporting fadeInUp\">\n<p>Plin R32 je manje \u0161tetan za okolinu uz ve\u0107i kapacitet hla\u0111enja za istu zapreminu. To zna\u010di da je potrebno manje rashladnog sredstva u svakom ure\u0111aju, tako da je efekat globalnog zagrijavanja zna\u010dajno smanjen. Prednosti R32 rashladnog sredstva su: nulti utjecaj na zrak ozona, 66% manji GWO (utjecaj na globalno zatopljenje) u pore\u0111enju sa plinom R410A, te vi\u0161a energetska efikasnost, provodljivost toplote i kapacitet hla\u0111enja.<\/p>\n<\/div>\n<\/div>\n<\/div>\n<div class=\"col col-nopad image\"><img data-recalc-dims=\"1\" loading=\"lazy\" decoding=\"async\" class=\"attachment-half-split aligncenter\" src=\"https:\/\/i0.wp.com\/ba.hisense.com\/mabagor\/imagelib\/w90-4-3-fit\/c\/9\/c9b4ed58b27dd5d61dbf58aaff79ed2c_199278_2.jpg?resize=1170%2C818&#038;ssl=1\" alt=\"\" width=\"1170\" height=\"818\" \/><\/div>\n<div><\/div>\n<\/div>\n<div class=\"row\">\n<div class=\"col\">\n<div class=\"text-length\">\n<div class=\"featureIcon\"><img data-recalc-dims=\"1\" loading=\"lazy\" decoding=\"async\" class=\"aligncenter\" src=\"https:\/\/i0.wp.com\/static14.gorenje.com\/mabagor\/imagelib\/featureSlideshow-icon\/4\/6\/461fbaad27d2e9715efed120d1c44e99_179686_1.png?resize=177%2C180&#038;ssl=1\" alt=\"-20\u00b0C Grijanje &amp; Hla\u0111enje\" width=\"177\" height=\"180\" \/><\/div>\n<p class=\"headline fadeInUp\">Izuzetna mo\u0107 zagrijavanja<\/p>\n<p class=\"subheadline fadeInUp\">-20\u00b0C Grijanje &amp; Hla\u0111enje<\/p>\n<div class=\"supporting fadeInUp\">\n<p>Poznat vam je osje\u0107aj topline sunca \u010dak i tokom hladnih zimskih dana? Na\u0161a karakteristika grijanja &amp; hla\u0111enja daje sli\u010dan osje\u0107aj. Time \u0161to mo\u017eemo obezbijediti toplotu i na temperaturi -20\u00b0C zahvaljuju\u0107i na\u0161oj tehnologiji predzagrijavanja i tehnologiji elektri\u010dnog zagrijavanja \u0161asije. Specijalno hla\u0111enje na -20\u00b0C se naj\u010de\u0161\u0107e koristi kako bi se odr\u017eala temperatura prostorije.<\/p>\n<\/div>\n<\/div>\n<\/div>\n<div class=\"col col-nopad image\"><img data-recalc-dims=\"1\" decoding=\"async\" class=\"attachment-half-split size-half-split aligncenter\" src=\"https:\/\/i0.wp.com\/ba.hisense.com\/mabagor\/imagelib\/w90-4-3-fit\/8\/1\/81f8de4d65ede6598a8bcf7c994ded26_199671_2.jpg?w=1300&#038;ssl=1\" alt=\"\" \/><\/div>\n<div><\/div>\n<\/div>\n<div class=\"row\">\n<div class=\"col\">\n<div class=\"text-length\">\n<div class=\"featureIcon\"><img data-recalc-dims=\"1\" loading=\"lazy\" decoding=\"async\" class=\"aligncenter\" src=\"https:\/\/i0.wp.com\/static14.gorenje.com\/mabagor\/imagelib\/featureSlideshow-icon\/e\/8\/e810434516fd2aafe523bcf548a4f0b1_154631_2.png?resize=180%2C142&#038;ssl=1\" alt=\"Pametna Wi-Fi kontrola\" width=\"180\" height=\"142\" \/><\/div>\n<p class=\"headline fadeInUp\">Jednostavni i pouzdano upravljanjem preko Wi-Fi kontrole<\/p>\n<p class=\"subheadline fadeInUp\">Pametna Wi-Fi kontrola<\/p>\n<div class=\"supporting fadeInUp\">\n<p>Pouzdano upravljanje va\u0161im klima ure\u0111ajem bilo gdje u va\u0161em domu sa va\u0161im mobitelom i konekcijom na Wi-Fi. Tako \u0107ete mo\u0107i kreirati ugodne uslove prije dolaska ku\u0107i ili se pobrinuti o svom ku\u0107nom ljubimcu sa distance.<\/p>\n<\/div>\n<\/div>\n<\/div>\n<div class=\"col col-nopad image\"><img data-recalc-dims=\"1\" decoding=\"async\" class=\"attachment-half-split size-half-split\" src=\"https:\/\/i0.wp.com\/ba.hisense.com\/mabagor\/imagelib\/w90-4-3-fit\/7\/b\/7b479fe3101631ecdb166e88824c4e3d_156959_2.jpg?w=1300&#038;ssl=1\" alt=\"\" \/><\/div>\n<\/div>\n<\/section>\n<div>\n<h2>Tehni\u010dke karakteristike<\/h2>\n<div class=\"productDetails2-dataPanel-inner\">\n<div class=\"productDetails2-dataPanel-item\">\n<p>Vrsta jedinice:\u00a0<strong>Unutra\u0161nja jedinica<\/strong><\/p>\n<p>Na\u010din monta\u017ee:\u00a0<strong>Na zid<\/strong><\/p>\n<p>Upravljanje:\u00a0<strong>Daljinsko upravljanje<\/strong><\/p>\n<p>Wi-Fi upravljanje:\u00a0<strong>Integrisano<\/strong><\/p>\n<p>Preporu\u010dena upotrebna povr\u0161ina (m2):\u00a0<strong>12-24<\/strong><\/p>\n<p>Temperaturni opseg u re\u017eimu &#8211; grijanje (\u00b0C):\u00a0<strong>-20- 24<\/strong><\/p>\n<p>Temperaturni opseg u re\u017eimu &#8211; hla\u0111enje (\u00b0C):\u00a0<strong>-15 &#8211; 43<\/strong><\/p>\n<p>Opseg za postavljanje temperature (\u00b0C):\u00a0<strong>16-30<\/strong><\/p>\n<p>Kompaktan dizajn<\/p>\n<p>Ru\u010dni prekida\u010d<\/p>\n<p>Na\u010din rada:\u00a0<strong>Inverterski<\/strong><\/p>\n<p>Rashladno sredstvo:\u00a0<strong>R32<\/strong><\/p>\n<p>Memorija pozicije usmjeriva\u010da zraka<\/p>\n<p>Odvod kondenza lijevo\/desno:\u00a0<strong>Lijevo ili desno<\/strong><\/p>\n<p>EER:\u00a0<strong>2,98<\/strong><\/p>\n<p>Razred energetske u\u010dinkovitosti &#8211; zagrijavanje:\u00a0<strong>A+<\/strong><\/p>\n<p>Razina brzine vanjskog ventilatora:\u00a0<strong>3<\/strong><\/p>\n<p>Nivoi brzine unutra\u0161njeg ventilatora:\u00a0<strong>7<\/strong><\/p>\n<p>Kapacitet hla\u0111enja (Btu\/h):\u00a0<strong>12000<\/strong><\/p>\n<p>Kapacitet grijanja (Btu\/h):\u00a0<strong>12000<\/strong><\/p>\n<p>Daljinski upravlja\u010d kao sobni termostat<\/p>\n<p>Skriveni LED displej<\/p>\n<p>Zatamnjenje displeja<\/p>\n<p>Samodijagnostika<\/p>\n<p>Automatska brzina ventilatora unutra\u0161nje jedinice<\/p>\n<p>Nazivno optere\u0107enje za grijanje &#8211; prosje\u010dna sezona grijanja:\u00a0<strong>2,7 kW<\/strong><\/p>\n<p>Deklarisani kapacitet (Pdh(Tj)) &#8211; prosje\u010dna sezona grijanja:\u00a0<strong>2,7 kW<\/strong><\/p>\n<p>Jednostavno odr\u017eavanje<\/p>\n<\/div>\n<div class=\"productDetails2-dataPanel-item\">\n<p>Kapacitet hla\u0111enja:\u00a0<strong>3,4 kW<\/strong><\/p>\n<\/div>\n<div class=\"productDetails2-dataPanel-item\">\n<p>Kapacitet odvla\u017eivanja:\u00a0<strong>1,2 L\/h<\/strong><\/p>\n<p>Promjer kondenzacijske cijevi:\u00a0<strong>18 mm<\/strong><\/p>\n<p>Aktivni ugalj<\/p>\n<p>Automatski rad<\/p>\n<p>Automatsko ponovno uklju\u010divanje<\/p>\n<p>Funkcija samo\u010di\u0161\u0107enja<\/p>\n<p>Za\u0161tita prostora od zamrzavanja<\/p>\n<p>Turbo rad<\/p>\n<p>Hla\u0111enje<\/p>\n<p>Grijanje<\/p>\n<p>Unutra\u0161nja jedinica<\/p>\n<p>Prozra\u010divanje<\/p>\n<p>Tajmer 24 h<\/p>\n<p>Glasovno upravljanje<\/p>\n<p>Tihi rad:\u00a0<strong>Da, 19dB(A)<\/strong><\/p>\n<\/div>\n<div class=\"productDetails2-dataPanel-item\">\n<p>Minimalna zvu\u010dna snaga:\u00a0<strong>56 dB<\/strong><\/p>\n<p>Snaga zagrijavanja:\u00a0<strong>3.800 W<\/strong><\/p>\n<p>Potro\u0161nja u re\u017eimu mirovanja:\u00a0<strong>1 W<\/strong><\/p>\n<p>Frekvencija:\u00a0<strong>50 Hz<\/strong><\/p>\n<p>Rashladna snaga:\u00a0<strong>3.400 W<\/strong><\/p>\n<p>Rashladno sredstvo:\u00a0<strong>0,58 gr<\/strong><\/p>\n<p>Zvu\u010dni pritisak &#8211; min.:\u00a0<strong>24 dB(A)2&#215;10-5Pa<\/strong><\/p>\n<p>Zvu\u010dni pritisak &#8211; maks.:\u00a0<strong>39 dB(A)2&#215;10-5Pa<\/strong><\/p>\n<p>Potro\u0161nja el. energije pri zagrijavanju\/radna struja:\u00a0<strong>1.050 W<\/strong><\/p>\n<p>Potro\u0161nja el. energije pri hla\u0111enju\/radna struja:\u00a0<strong>1.140 W<\/strong><\/p>\n<p>Minimalni protok zraka:\u00a0<strong>350 m\u00b3<\/strong><\/p>\n<p>Protok zraka:\u00a0<strong>550 m\u00b3<\/strong><\/p>\n<p>Cijev za teku\u0107inu &#8211; promjer:\u00a0<strong>6,35 mm<\/strong><\/p>\n<p>Cijev za plin &#8211; promjer:\u00a0<strong>9,53 mm<\/strong><\/p>\n<p>Maks. du\u017eina cijevi:\u00a0<strong>20 m<\/strong><\/p>\n<p>Maks. visinska razlika:\u00a0<strong>10 m<\/strong><\/p>\n<p>Nazivna struja kod hla\u0111enja:\u00a0<strong>5 A<\/strong><\/p>\n<p>Nazivna struja kod zagrijavanja:\u00a0<strong>4,7 A<\/strong><\/p>\n<p>Omjer SEER &#8211; hla\u0111enje:\u00a0<strong>6,1<\/strong><\/p>\n<p>Omjer SCOP &#8211; zagrijavanje:\u00a0<strong>4<\/strong><\/p>\n<p>COP:\u00a0<strong>3,62<\/strong><\/p>\n<p>Zvu\u010dni pritisak &#8211; min.:\u00a0<strong>24 dB(A)2&#215;10-5Pa<\/strong><\/p>\n<p>Zvu\u010dni pritisak &#8211; maks.:\u00a0<strong>39 dB(A)2&#215;10-5Pa<\/strong><\/p>\n<p>Dimenzije aparata (\u0160xVxD):\u00a0<strong>79,5 \u00d7 25,5 \u00d7 19,7 cm<\/strong><\/p>\n<p>Dimenzije aparata u ambala\u017ei (\u0160xVxD):\u00a0<strong>85 \u00d7 32 \u00d7 26 cm<\/strong><\/p>\n<p>Masa aparata:\u00a0<strong>7,1 kg<\/strong><\/p>\n<p>Bruto te\u017eina aparata:\u00a0<strong>8,3 kg<\/strong><\/p>\n<p>Potro\u0161nja u re\u017eimu mirovanja:\u00a0<strong>1 W<\/strong><\/p>\n<p>Osigura\u010d:\u00a0<strong>5 A<\/strong><\/p>\n<p>Kod proizvoda:\u00a0<strong>20009629<\/strong><\/p>\n<p>EAN kod:\u00a0<strong>6,9266E+12<\/strong><\/p>\n<p>&nbsp;<\/p>\n<div class=\"featureGrid-evenOdd\">\n<div class=\"fc-block block-half-split\">\n<section class=\"half-split text_left\">\n<div class=\"row\">\n<div class=\"col\">\n<div class=\"text-length\">\n<div class=\"featureIcon\"><img data-recalc-dims=\"1\" loading=\"lazy\" decoding=\"async\" class=\"aligncenter\" src=\"https:\/\/i0.wp.com\/static14.gorenje.com\/mabagor\/imagelib\/featureSlideshow-icon\/5\/6\/566883cd98e772e28741afc2a6568076_146894_2.png?resize=179%2C180&#038;ssl=1\" alt=\"Automatsko odmrzavanje\" width=\"179\" height=\"180\" \/><\/div>\n<p class=\"headline fadeInUp\">Rad pri niskim temperaturama<\/p>\n<p class=\"subheadline fadeInUp\">Automatsko odmrzavanje<\/p>\n<div class=\"supporting fadeInUp\">\n<p>Sprje\u010dava zamrzavanje ispariva\u010da i osigurava odvla\u017eivanje pri niskim temperaturama.<\/p>\n<\/div>\n<\/div>\n<\/div>\n<div class=\"col col-nopad image\"><img data-recalc-dims=\"1\" decoding=\"async\" class=\"attachment-half-split size-half-split aligncenter\" src=\"https:\/\/i0.wp.com\/ba.hisense.com\/mabagor\/imagelib\/w90-4-3-fit\/1\/e\/1eb386c7bddd0c71485195690f266141_201501_1.jpg?w=1300&#038;ssl=1\" alt=\"\" \/><\/div>\n<div><\/div>\n<\/div>\n<div class=\"row\">\n<div class=\"col\">\n<div class=\"text-length\">\n<div class=\"featureIcon\"><img data-recalc-dims=\"1\" loading=\"lazy\" decoding=\"async\" class=\"aligncenter\" src=\"https:\/\/i0.wp.com\/static14.gorenje.com\/mabagor\/imagelib\/featureSlideshow-icon\/f\/e\/fe89c76edac583a254e654b9178ac914_156184_1.png?resize=180%2C167&#038;ssl=1\" alt=\"Potpuni DC Inverter\" width=\"180\" height=\"167\" \/><\/div>\n<p class=\"headline fadeInUp\">Savremena tehnologija za najbolje rezultate<\/p>\n<p class=\"subheadline fadeInUp\">Potpuni DC Inverter<\/p>\n<div class=\"supporting fadeInUp\">\n<p>360\u00b0DC inverterska tehnologija je najsavremenija tehnologija koja omogu\u0107ava inteligentan rad klima ure\u0111aja i smanjuje energetske gubitke. Kompresor radi lak\u0161e i efikasnije, kontrola temperature je preciznija, a buka je ni\u017ea.<\/p>\n<\/div>\n<\/div>\n<\/div>\n<div class=\"col col-nopad image\"><img data-recalc-dims=\"1\" decoding=\"async\" class=\"attachment-half-split size-half-split aligncenter\" src=\"https:\/\/i0.wp.com\/ba.hisense.com\/mabagor\/imagelib\/w90-4-3-fit\/f\/1\/f15c4fc1c017637b2ebdd51aedc19260_156981_2.jpg?w=1300&#038;ssl=1\" alt=\"\" \/><\/div>\n<\/div>\n<\/section>\n<div class=\"featureGrid-evenOdd-collapsedFeatures-toggle featureGrid-collapsedFeatures-toggle\"><\/div>\n<\/div>\n<\/div>\n<div class=\"productDetails2-dataPanel\">\n<div class=\"separator-spacer3\"><\/div>\n<h2>Tehni\u010dke karakteristike<\/h2>\n<div class=\"productDetails2-dataPanel-inner\">\n<div class=\"productDetails2-dataPanel-item\">\n<p>Vrsta jedinice:\u00a0<strong>Vanjska jedinica<\/strong><\/p>\n<p>Preporu\u010dena upotrebna povr\u0161ina (m2):\u00a0<strong>12-24<\/strong><\/p>\n<p>Temperaturni opseg u re\u017eimu &#8211; grijanje (\u00b0C):\u00a0<strong>-20- 24<\/strong><\/p>\n<p>Temperaturni opseg u re\u017eimu &#8211; hla\u0111enje (\u00b0C):\u00a0<strong>-15 &#8211; 50<\/strong><\/p>\n<p>Opseg za postavljanje temperature (\u00b0C):\u00a0<strong>16-30<\/strong><\/p>\n<p>Na\u010din rada:\u00a0<strong>Inverterski<\/strong><\/p>\n<p>Rashladno sredstvo:\u00a0<strong>R32<\/strong><\/p>\n<p>EER:\u00a0<strong>2,98<\/strong><\/p>\n<p>Razred energetske u\u010dinkovitosti &#8211; zagrijavanje:\u00a0<strong>A+<\/strong><\/p>\n<p>Razina brzine vanjskog ventilatora:\u00a0<strong>3<\/strong><\/p>\n<p>Nivoi brzine unutra\u0161njeg ventilatora:\u00a0<strong>7<\/strong><\/p>\n<p>Nazivno optere\u0107enje za grijanje &#8211; prosje\u010dna sezona grijanja:\u00a0<strong>2,7 kW<\/strong><\/p>\n<p>Deklarisani kapacitet (Pdh(Tj)) &#8211; prosje\u010dna sezona grijanja:\u00a0<strong>2,7 kW<\/strong><\/p>\n<\/div>\n<div class=\"productDetails2-dataPanel-item\">\n<p>Raspon rada pri re\u017eimu grijanja:\u00a0<strong>20 g\/m<\/strong><\/p>\n<p>Vrsta:\u00a0<strong>Mono (za jednu unutra\u0161nju jedinicu)<\/strong><\/p>\n<p>Kapacitet hla\u0111enja:\u00a0<strong>3,4 kW<\/strong><\/p>\n<\/div>\n<div class=\"productDetails2-dataPanel-item\">\n<p>Tihi rad:\u00a0<strong>Da, 19dB(A)<\/strong><\/p>\n<\/div>\n<div class=\"productDetails2-dataPanel-item\">\n<p>Minimalna zvu\u010dna snaga:\u00a0<strong>62 dB<\/strong><\/p>\n<p>Snaga zagrijavanja:\u00a0<strong>3.800 W<\/strong><\/p>\n<p>Potro\u0161nja u re\u017eimu mirovanja:\u00a0<strong>1 W<\/strong><\/p>\n<p>Frekvencija:\u00a0<strong>50 Hz<\/strong><\/p>\n<p>Rashladna snaga:\u00a0<strong>3.400 W<\/strong><\/p>\n<p>Rashladno sredstvo:\u00a0<strong>0,58 gr<\/strong><\/p>\n<p>Zvu\u010dni pritisak &#8211; min.:\u00a0<strong>48 dB(A)2&#215;10-5Pa<\/strong><\/p>\n<p>Zvu\u010dni pritisak &#8211; maks.:\u00a0<strong>54 dB(A)2&#215;10-5Pa<\/strong><\/p>\n<p>Potro\u0161nja el. energije pri zagrijavanju\/radna struja:\u00a0<strong>1.050 W<\/strong><\/p>\n<p>Potro\u0161nja el. energije pri hla\u0111enju\/radna struja:\u00a0<strong>1.140 W<\/strong><\/p>\n<p>Minimalni protok zraka:\u00a0<strong>1.000 m\u00b3<\/strong><\/p>\n<p>Protok zraka:\u00a0<strong>1.500 m\u00b3<\/strong><\/p>\n<p>Cijev za teku\u0107inu &#8211; promjer:\u00a0<strong>6,35 mm<\/strong><\/p>\n<p>Cijev za plin &#8211; promjer:\u00a0<strong>9,53 mm<\/strong><\/p>\n<p>Maks. du\u017eina cijevi:\u00a0<strong>20 m<\/strong><\/p>\n<p>Maks. visinska razlika:\u00a0<strong>10 m<\/strong><\/p>\n<p>Nazivna struja kod hla\u0111enja:\u00a0<strong>5 A<\/strong><\/p>\n<p>Nazivna struja kod zagrijavanja:\u00a0<strong>4,7 A<\/strong><\/p>\n<p>Omjer SEER &#8211; hla\u0111enje:\u00a0<strong>6,1<\/strong><\/p>\n<p>Omjer SCOP &#8211; zagrijavanje:\u00a0<strong>4<\/strong><\/p>\n<p>COP:\u00a0<strong>3,62<\/strong><\/p>\n<p>Zvu\u010dni pritisak &#8211; min.:\u00a0<strong>48 dB(A)2&#215;10-5Pa<\/strong><\/p>\n<p>Zvu\u010dni pritisak &#8211; maks.:\u00a0<strong>54 dB(A)2&#215;10-5Pa<\/strong><\/p>\n<p>Dimenzije aparata (\u0160xVxD):\u00a0<strong>66 \u00d7 48,3 \u00d7 24 cm<\/strong><\/p>\n<p>Dimenzije aparata u ambala\u017ei (\u0160xVxD):\u00a0<strong>78 \u00d7 53 \u00d7 31,5 cm<\/strong><\/p>\n<p>Masa aparata:\u00a0<strong>22 kg<\/strong><\/p>\n<p>Bruto te\u017eina aparata:\u00a0<strong>25 kg<\/strong><\/p>\n<p>Potro\u0161nja u re\u017eimu mirovanja:\u00a0<strong>1 W<\/strong><\/p>\n<p>Osigura\u010d:\u00a0<strong>15 A<\/strong><\/p>\n<p>Kod proizvoda:\u00a0<strong>20009648<\/strong><\/p>\n<p>EAN kod:\u00a0<strong>6926597709987<\/strong><\/p>\n<\/div>\n<p><img data-recalc-dims=\"1\" loading=\"lazy\" decoding=\"async\" class=\"size-full wp-image-15573 aligncenter\" src=\"https:\/\/i0.wp.com\/coolmarket.ba\/wp-content\/uploads\/2024\/07\/Grijanje-Vodoinstalacije-klimatizacija-2.png?resize=1170%2C433&#038;ssl=1\" alt=\"\" width=\"1170\" height=\"433\" srcset=\"https:\/\/i0.wp.com\/coolmarket.ba\/wp-content\/uploads\/2024\/07\/Grijanje-Vodoinstalacije-klimatizacija-2.png?w=1170&amp;ssl=1 1170w, https:\/\/i0.wp.com\/coolmarket.ba\/wp-content\/uploads\/2024\/07\/Grijanje-Vodoinstalacije-klimatizacija-2.png?resize=300%2C111&amp;ssl=1 300w, https:\/\/i0.wp.com\/coolmarket.ba\/wp-content\/uploads\/2024\/07\/Grijanje-Vodoinstalacije-klimatizacija-2.png?resize=1024%2C379&amp;ssl=1 1024w, https:\/\/i0.wp.com\/coolmarket.ba\/wp-content\/uploads\/2024\/07\/Grijanje-Vodoinstalacije-klimatizacija-2.png?resize=768%2C284&amp;ssl=1 768w, https:\/\/i0.wp.com\/coolmarket.ba\/wp-content\/uploads\/2024\/07\/Grijanje-Vodoinstalacije-klimatizacija-2.png?resize=18%2C7&amp;ssl=1 18w, https:\/\/i0.wp.com\/coolmarket.ba\/wp-content\/uploads\/2024\/07\/Grijanje-Vodoinstalacije-klimatizacija-2.png?resize=600%2C222&amp;ssl=1 600w, https:\/\/i0.wp.com\/coolmarket.ba\/wp-content\/uploads\/2024\/07\/Grijanje-Vodoinstalacije-klimatizacija-2.png?resize=64%2C24&amp;ssl=1 64w\" sizes=\"(max-width: 1170px) 100vw, 1170px\" \/><\/p>\n<p>&nbsp;<\/p>\n<p><strong>CoolMarket<\/strong> je va\u0161 pouzdani partner za prodaju, ugradnju i odr\u017eavanje klima ure\u0111aja, toplotnih pumpi te sistema za vodu i grijanje. Na\u0161a stru\u010dnost osigurava kvalitetne proizvode i vrhunske usluge kako bi va\u0161 dom ili poslovni prostor bio udoban i funkcionalan. Kontaktirajte nas za sve potrebe vezane za klimatizaciju, grijanje i vodoinstalacije. Dostupni smo na Viber i Whatsapp\u00a0 +387 62 53 53 50<\/p>\n<\/div>\n<\/div>\n<\/div>\n<\/div>\n<\/div>\n<\/div>\n<\/div>","protected":false},"excerpt":{"rendered":"<div class=\"productDetails-head-titles\">\n<div class=\"productDetails-head-title\">\n<h1 id=\"ctl00_MainContent_ctl00_ProductTitle\" title=\"Klima ure\u0111aj - unutra\u0161nja jedinica CF35YR1FG\"><span class=\"productDetails-head-title-desc\">Klima ure\u0111aj &#8211; unutra\u0161nja jedinica<\/span>CF35YR1FG<\/h1>\n<\/div>\n<div id=\"pageMap_desktop\"><\/div>\n<\/div>\n<div class=\"productDetails-head-summary\">Klima ure\u0111aj &#8211; unutra\u0161nja jedinica\u00a0\u00a0Rashladna snaga:\u00a0<strong>3.400 W<\/strong>\u00a0\u00a0Snaga zagrijavanja:\u00a0<strong>3.800 W<\/strong>\u00a0\u00a0Automatski rad\u00a0\u00a0Turbo rad\u00a0\u00a0Za\u0161tita od hladnog zraka\u00a0\u00a0Vrsta displeja:\u00a0<strong>LED displej<\/strong>\u00a0\u00a0Temperaturni opseg u re\u017eimu &#8211; grijanje (\u00b0C):\u00a0<strong>-20- 24<\/strong>\u00a0\u00a0Temperaturni opseg u re\u017eimu &#8211; hla\u0111enje (\u00b0C):\u00a0<strong>-15 &#8211; 43<\/strong><\/div>\n<div><\/div>\n<div>\n<div class=\"productDetails-head-titles\">\n<div class=\"productDetails-head-title\">\n<h1 id=\"ctl00_MainContent_ctl00_ProductTitle\" title=\"Klima ure\u0111aj - vanjska jedinica (SINGLE) CF35YR1FW\"><span class=\"productDetails-head-title-desc\">Klima ure\u0111aj &#8211; vanjska jedinica (SINGLE)<\/span>CF35YR1FW<\/h1>\n<\/div>\n<div id=\"pageMap_desktop\"><\/div>\n<\/div>\n<div class=\"productDetails-head-summary\">Klima ure\u0111aj &#8211; vanjska jedinica (SINGLE)\u00a0\u00a0Rashladna snaga:\u00a0<strong>3.400 W<\/strong>\u00a0\u00a0Snaga zagrijavanja:\u00a0<strong>3.800 W<\/strong>\u00a0\u00a0Za\u0161tita od hladnog zraka\u00a0\u00a0Temperaturni opseg u re\u017eimu &#8211; grijanje (\u00b0C):\u00a0<strong>-20- 24<\/strong>\u00a0\u00a0Temperaturni opseg u re\u017eimu &#8211; hla\u0111enje (\u00b0C):\u00a0<strong>-15 &#8211; 50<\/strong><\/div>\n<\/div>","protected":false},"featured_media":14802,"template":"","meta":{"om_disable_all_campaigns":false,"_monsterinsights_skip_tracking":false,"_monsterinsights_sitenote_active":false,"_monsterinsights_sitenote_note":"","_monsterinsights_sitenote_category":0},"product_cat":[335,305,794,401,306,348],"product_tag":[],"class_list":{"0":"post-15211","1":"product","2":"type-product","3":"status-publish","4":"has-post-thumbnail","6":"product_cat-12ke-inverteri","7":"product_cat-grijanje-i-hladenje","8":"product_cat-hisense","9":"product_cat-klima-inverteri","10":"product_cat-klima-uredaji","11":"product_cat-klima-uredaji-klima-uredaji","13":"first","14":"instock","15":"taxable","16":"shipping-taxable","17":"purchasable","18":"product-type-simple"},"aioseo_notices":[],"_links":{"self":[{"href":"https:\/\/coolmarket.ba\/bs\/wp-json\/wp\/v2\/product\/15211","targetHints":{"allow":["GET"]}}],"collection":[{"href":"https:\/\/coolmarket.ba\/bs\/wp-json\/wp\/v2\/product"}],"about":[{"href":"https:\/\/coolmarket.ba\/bs\/wp-json\/wp\/v2\/types\/product"}],"wp:featuredmedia":[{"embeddable":true,"href":"https:\/\/coolmarket.ba\/bs\/wp-json\/wp\/v2\/media\/14802"}],"wp:attachment":[{"href":"https:\/\/coolmarket.ba\/bs\/wp-json\/wp\/v2\/media?parent=15211"}],"wp:term":[{"taxonomy":"product_cat","embeddable":true,"href":"https:\/\/coolmarket.ba\/bs\/wp-json\/wp\/v2\/product_cat?post=15211"},{"taxonomy":"product_tag","embeddable":true,"href":"https:\/\/coolmarket.ba\/bs\/wp-json\/wp\/v2\/product_tag?post=15211"}],"curies":[{"name":"wp","href":"https:\/\/api.w.org\/{rel}","templated":true}]}}