{"id":15209,"date":"2023-05-10T17:08:09","date_gmt":"2023-05-10T17:08:09","guid":{"rendered":"https:\/\/coolmarket.ba\/?post_type=product&#038;p=15209"},"modified":"2024-09-12T17:55:05","modified_gmt":"2024-09-12T17:55:05","slug":"hisense-wings-pro-hinano-24k-kb70bt1eg-kb70bt1ew","status":"publish","type":"product","link":"https:\/\/coolmarket.ba\/bs\/proizvod\/hisense-wings-pro-hinano-24k-kb70bt1eg-kb70bt1ew\/","title":{"rendered":"HISENSE WINGS PRO HINANO 24K KB70BT1EG\/KB70BT1EW"},"content":{"rendered":"<section class=\"half-split text_left\">\n<div class=\"row\">\n<div class=\"col\">\n<div class=\"text-length\">\n<div class=\"featureIcon\"><img data-recalc-dims=\"1\" decoding=\"async\" class=\"aligncenter\" src=\"https:\/\/i0.wp.com\/static14.gorenje.com\/mabagor\/imagelib\/featureSlideshow-icon\/b\/1\/b11bcea084fc44b586a116a9072047c5_176934_2.png?resize=177%2C180&#038;ssl=1\" alt=\"HI-NANO\" width=\"177\" height=\"180\" \/><\/div>\n<p class=\"headline fadeInUp\">\u0160titi va\u0161 dom i va\u0161e zdravlje<\/p>\n<p class=\"subheadline fadeInUp\">HI-NANO<\/p>\n<div class=\"supporting fadeInUp\">\n<p>\u00a0HI-NANO je jedna vrsta efikasne jonske plazme koja generi\u0161e 1 milion jona\/cm3, u pore\u0111enju sa standardnom plazmom koja generi\u0161e 0.4~0.6 miliona jona\/cm3. Zbog svoje ja\u010dine proizvodnje jona, ona mo\u017ee efikasno eliminisati vi\u0161e od 99% H1N1 virusa unutar dva sata. U usporedbi sa standardnom plazmom, ona proizvodi samo pola ozona (0.007mg\/m3)\uff0ci time nema \u0161tetan uticaj na okolinu. Efikasno uklonite bakterije i u\u017eivajte u \u010distom zraku svaki dan. Francuska Texcell laboratorija je dokazala da HI-NANO mo\u017ee efikasno sprije\u010diti novi koronavirus (SARS-CoV-2) za 93,54% unutar dva sata.<\/p>\n<\/div>\n<\/div>\n<\/div>\n<div class=\"col col-nopad image\"><img data-recalc-dims=\"1\" fetchpriority=\"high\" decoding=\"async\" class=\"attachment-half-split aligncenter\" src=\"https:\/\/i0.wp.com\/ba.hisense.com\/mabagor\/imagelib\/w90-4-3-fit\/6\/c\/6c251ee178519a8d055ff12693fe327a_199706_2.jpg?resize=1170%2C657&#038;ssl=1\" alt=\"\" width=\"1170\" height=\"657\" \/><\/div>\n<\/div>\n<div class=\"row\">\n<div class=\"col\">\n<div class=\"text-length\">\n<div class=\"featureIcon\"><img data-recalc-dims=\"1\" decoding=\"async\" class=\"aligncenter\" src=\"https:\/\/i0.wp.com\/static14.gorenje.com\/mabagor\/imagelib\/featureSlideshow-icon\/d\/8\/d831eea28bc97d7249e47d4fd842dfa0_176939_2.png?resize=178%2C180&#038;ssl=1\" alt=\"Odmrzavanje vanjske jedinice\" width=\"178\" height=\"180\" \/><\/div>\n<p class=\"headline fadeInUp\">Korisno tokom zimskih dana<\/p>\n<p class=\"subheadline fadeInUp\">Odmrzavanje vanjske jedinice<\/p>\n<div class=\"supporting fadeInUp\">\n<p>Pri niskim temperaturama i u vla\u017enim sredinama, vanjska jedinica se mo\u017ee jednostavno zamrznuti, \u0161to uti\u010de na rad i performanse klima ure\u0111aja ili dovodi do njenog o\u0161te\u0107ivanja. Kori\u0161tenjem elektri\u010dnog pojasa za zagrijavanje vanjske jedinice, sprje\u010dava se zamrzavanje i odr\u017eava ispravan rad klima ure\u0111aja.<\/p>\n<\/div>\n<\/div>\n<\/div>\n<div class=\"col col-nopad image\"><img data-recalc-dims=\"1\" decoding=\"async\" class=\"attachment-half-split size-half-split aligncenter\" src=\"https:\/\/i0.wp.com\/ba.hisense.com\/mabagor\/imagelib\/w90-4-3-fit\/e\/3\/e31e9622d2cdf17b7d2beb30525e2b9e_227812_2.png?w=1300&#038;ssl=1\" alt=\"\" \/><\/div>\n<\/div>\n<div class=\"row\">\n<div class=\"col\">\n<div class=\"text-length\">\n<div class=\"featureIcon\"><img data-recalc-dims=\"1\" loading=\"lazy\" decoding=\"async\" class=\"aligncenter\" src=\"https:\/\/i0.wp.com\/static14.gorenje.com\/mabagor\/imagelib\/featureSlideshow-icon\/2\/b\/2bd634413e8dadfa71d63fd687daa74a_176943_2.png?resize=177%2C180&#038;ssl=1\" alt=\"Smart Voice Control\" width=\"177\" height=\"180\" \/><\/div>\n<p class=\"headline fadeInUp\">Upravljanje govorom<\/p>\n<p class=\"subheadline fadeInUp\">Smart Voice Control<\/p>\n<div class=\"supporting fadeInUp\">\n<p>Nova Hisense HiSmart Life aplikacija kompatibilna je sa Google virtualnim asistentom i Amazon Alexa, tako da govorom mo\u017eete upravljati ure\u0111ajem. Zahvaljujuc\u0301i govornoj interakciji moguc\u0301e je regulisati temperaturu, uklju\u010diti ili isklju\u010diti ure\u0111aj, kao i podesiti re\u017eim rada (hla\u0111enje ili grijanje). Mo\u017eete prona\u0107i HiSmart aplikaciju u &#8220;Amazon Alexa&#8221; aplikaciji i u &#8220;Home&#8221; aplikaciji.<\/p>\n<\/div>\n<\/div>\n<\/div>\n<div class=\"col col-nopad image\"><img data-recalc-dims=\"1\" decoding=\"async\" class=\"attachment-half-split size-half-split aligncenter\" src=\"https:\/\/i0.wp.com\/ba.hisense.com\/mabagor\/imagelib\/w90-4-3-fit\/1\/0\/106c843dd4a2c744b7f9bcb24dfab223_156960_2.jpg?w=1300&#038;ssl=1\" alt=\"\" \/><\/div>\n<\/div>\n<div class=\"row\">\n<div class=\"col\">\n<div class=\"text-length\">\n<div class=\"featureIcon\"><img data-recalc-dims=\"1\" loading=\"lazy\" decoding=\"async\" class=\"aligncenter\" src=\"https:\/\/i0.wp.com\/static14.gorenje.com\/mabagor\/imagelib\/featureSlideshow-icon\/b\/4\/b41c6b7f43be1d6fbf6d8ae3469c3b93_176940_2.png?resize=178%2C180&#038;ssl=1\" alt=\"Plin koji nije \u0161tetan za okolinu\" width=\"178\" height=\"180\" \/><\/div>\n<p class=\"headline fadeInUp\">Plin koji nije \u0161tetan za okolinu<\/p>\n<div class=\"supporting fadeInUp\">\n<p>Plin R32 je manje \u0161tetan za okolinu uz ve\u0107i kapacitet hla\u0111enja za istu zapreminu. To zna\u010di da je potrebno manje rashladnog sredstva u svakom ure\u0111aju, tako da je efekat globalnog zagrijavanja zna\u010dajno smanjen. Prednosti R32 rashladnog sredstva su: nulti utjecaj na zrak ozona, 66% manji GWO (utjecaj na globalno zatopljenje) u pore\u0111enju sa plinom R410A, te vi\u0161a energetska efikasnost, provodljivost toplote i kapacitet hla\u0111enja.<\/p>\n<\/div>\n<\/div>\n<\/div>\n<div class=\"col col-nopad image\">\n<section class=\"half-split text_left\">\n<div class=\"row\">\n<div class=\"col\">\n<div class=\"text-length\">\n<div class=\"featureIcon\"><img data-recalc-dims=\"1\" loading=\"lazy\" decoding=\"async\" class=\"aligncenter\" src=\"https:\/\/i0.wp.com\/static14.gorenje.com\/mabagor\/imagelib\/featureSlideshow-icon\/4\/6\/461fbaad27d2e9715efed120d1c44e99_179686_1.png?resize=177%2C180&#038;ssl=1\" alt=\"-20\u00b0C Grijanje &amp; Hla\u0111enje\" width=\"177\" height=\"180\" \/><\/div>\n<p class=\"headline fadeInUp\">Izuzetna mo\u0107 zagrijavanja<\/p>\n<p class=\"subheadline fadeInUp\">-20\u00b0C Grijanje &amp; Hla\u0111enje<\/p>\n<div class=\"supporting fadeInUp\">\n<p>Poznat vam je osje\u0107aj topline sunca \u010dak i tokom hladnih zimskih dana? Na\u0161a karakteristika grijanja &amp; hla\u0111enja daje sli\u010dan osje\u0107aj. Time \u0161to mo\u017eemo obezbijediti toplotu i na temperaturi -20\u00b0C zahvaljuju\u0107i na\u0161oj tehnologiji predzagrijavanja i tehnologiji elektri\u010dnog zagrijavanja \u0161asije. Specijalno hla\u0111enje na -20\u00b0C se naj\u010de\u0161\u0107e koristi kako bi se odr\u017eala temperatura prostorije.<\/p>\n<\/div>\n<\/div>\n<\/div>\n<div class=\"col col-nopad image\"><img data-recalc-dims=\"1\" decoding=\"async\" class=\"attachment-half-split size-half-split aligncenter\" src=\"https:\/\/i0.wp.com\/ba.hisense.com\/mabagor\/imagelib\/w90-4-3-fit\/8\/1\/81f8de4d65ede6598a8bcf7c994ded26_199671_2.jpg?w=1300&#038;ssl=1\" alt=\"\" \/><\/div>\n<\/div>\n<div class=\"row\">\n<div class=\"col\">\n<div class=\"text-length\">\n<div class=\"featureIcon\"><img data-recalc-dims=\"1\" loading=\"lazy\" decoding=\"async\" class=\"aligncenter\" src=\"https:\/\/i0.wp.com\/static14.gorenje.com\/mabagor\/imagelib\/featureSlideshow-icon\/5\/6\/566883cd98e772e28741afc2a6568076_146894_2.png?resize=179%2C180&#038;ssl=1\" alt=\"Automatsko odmrzavanje\" width=\"179\" height=\"180\" \/><\/div>\n<p class=\"headline fadeInUp\">Rad pri niskim temperaturama<\/p>\n<p class=\"subheadline fadeInUp\">Automatsko odmrzavanje<\/p>\n<div class=\"supporting fadeInUp\">\n<p>Sprje\u010dava zamrzavanje ispariva\u010da i osigurava odvla\u017eivanje pri niskim temperaturama.<\/p>\n<\/div>\n<\/div>\n<\/div>\n<div class=\"col col-nopad image\"><img data-recalc-dims=\"1\" loading=\"lazy\" decoding=\"async\" class=\"attachment-half-split aligncenter\" src=\"https:\/\/i0.wp.com\/ba.hisense.com\/mabagor\/imagelib\/w90-4-3-fit\/1\/e\/1eb386c7bddd0c71485195690f266141_201501_1.jpg?resize=691%2C608&#038;ssl=1\" alt=\"\" width=\"691\" height=\"608\" \/><\/div>\n<\/div>\n<\/section>\n<div class=\"featureGrid-evenOdd-collapsedFeatures-toggle featureGrid-collapsedFeatures-toggle\"><\/div>\n<\/div>\n<div>\n<h2>Tehni\u010dke karakteristike -Vrsta jedinice: <strong style=\"color: #333333; font-size: 16px;\">Unutra\u0161nja jedinica<\/strong><\/h2>\n<div class=\"productDetails2-dataPanel-inner\">\n<div class=\"productDetails2-dataPanel-item\">\n<p>Na\u010din monta\u017ee:\u00a0<strong>Na zid<\/strong><\/p>\n<p>Upravljanje:\u00a0<strong>Daljinsko upravljanje<\/strong><\/p>\n<p>Wi-Fi upravljanje:\u00a0<strong>Integrisano<\/strong><\/p>\n<p>Preporu\u010dena upotrebna povr\u0161ina (m2):\u00a0<strong>26-38<\/strong><\/p>\n<p>Temperaturni opseg u re\u017eimu &#8211; grijanje (\u00b0C):\u00a0<strong>-20- 24<\/strong><\/p>\n<p>Temperaturni opseg u re\u017eimu &#8211; hla\u0111enje (\u00b0C):\u00a0<strong>-15 &#8211; 50<\/strong><\/p>\n<p>Opseg za postavljanje temperature (\u00b0C):\u00a0<strong>16-30<\/strong><\/p>\n<p>Kompaktan dizajn<\/p>\n<p>Ru\u010dni prekida\u010d<\/p>\n<p>Na\u010din rada:\u00a0<strong>Inverterski<\/strong><\/p>\n<p>Rashladno sredstvo:\u00a0<strong>R32<\/strong><\/p>\n<p>Memorija pozicije usmjeriva\u010da zraka<\/p>\n<p>Odvod kondenza lijevo\/desno:\u00a0<strong>Lijevo ili desno<\/strong><\/p>\n<p>EER:\u00a0<strong>3,15<\/strong><\/p>\n<p>Razred energetske u\u010dinkovitosti &#8211; zagrijavanje:\u00a0<strong>A+<\/strong><\/p>\n<p>Razina brzine vanjskog ventilatora:\u00a0<strong>3<\/strong><\/p>\n<p>Nivoi brzine unutra\u0161njeg ventilatora:\u00a0<strong>7<\/strong><\/p>\n<p>Kapacitet hla\u0111enja (Btu\/h):\u00a0<strong>24000<\/strong><\/p>\n<p>Kapacitet grijanja (Btu\/h):\u00a0<strong>24000<\/strong><\/p>\n<p>Daljinski upravlja\u010d kao sobni termostat<\/p>\n<p>Skriveni LED displej<\/p>\n<p>Zatamnjenje displeja<\/p>\n<p>Samodijagnostika<\/p>\n<p>Automatska brzina ventilatora unutra\u0161nje jedinice<\/p>\n<p>Nazivno optere\u0107enje za grijanje &#8211; prosje\u010dna sezona grijanja:\u00a0<strong>5,45 kW<\/strong><\/p>\n<p>Deklarisani kapacitet (Pdh(Tj)) &#8211; prosje\u010dna sezona grijanja:\u00a0<strong>5,45 kW<\/strong><\/p>\n<\/div>\n<div class=\"productDetails2-dataPanel-item\">\n<p>Kapacitet hla\u0111enja:\u00a0<strong>6,5 kW<\/strong><\/p>\n<\/div>\n<div class=\"productDetails2-dataPanel-item\">\n<p>Kapacitet odvla\u017eivanja:\u00a0<strong>2,2 L\/h<\/strong><\/p>\n<p>Promjer kondenzacijske cijevi:\u00a0<strong>18 mm<\/strong><\/p>\n<p>4u1 filter: vitamin C + katehin + srebrni joni + HEPA<\/p>\n<p>Automatski rad<\/p>\n<p>Automatsko ponovno uklju\u010divanje<\/p>\n<p>Funkcija samo\u010di\u0161\u0107enja<\/p>\n<p>Za\u0161tita prostora od zamrzavanja<\/p>\n<p>Turbo rad<\/p>\n<p>Hla\u0111enje<\/p>\n<p>Grijanje<\/p>\n<p>Unutra\u0161nja jedinica<\/p>\n<p>Prozra\u010divanje<\/p>\n<p>Tajmer 24 h<\/p>\n<p>Glasovno upravljanje<\/p>\n<p>Hinano generator<\/p>\n<p>Tihi rad:\u00a0<strong>Da, 19dB(A)<\/strong><\/p>\n<\/div>\n<div class=\"productDetails2-dataPanel-item\">\n<p>Minimalna zvu\u010dna snaga:\u00a0<strong>63 dB<\/strong><\/p>\n<p>Snaga zagrijavanja:\u00a0<strong>7.100 W<\/strong><\/p>\n<p>Potro\u0161nja u re\u017eimu mirovanja:\u00a0<strong>1 W<\/strong><\/p>\n<p>Frekvencija:\u00a0<strong>50 Hz<\/strong><\/p>\n<p>Rashladna snaga:\u00a0<strong>6.500 W<\/strong><\/p>\n<p>Rashladno sredstvo:\u00a0<strong>1,32 gr<\/strong><\/p>\n<p>Zvu\u010dni pritisak &#8211; min.:\u00a0<strong>36 dB(A)2&#215;10-5Pa<\/strong><\/p>\n<p>Zvu\u010dni pritisak &#8211; maks.:\u00a0<strong>45 dB(A)2&#215;10-5Pa<\/strong><\/p>\n<p>Potro\u0161nja el. energije pri zagrijavanju\/radna struja:\u00a0<strong>2.150 W<\/strong><\/p>\n<p>Potro\u0161nja el. energije pri hla\u0111enju\/radna struja:\u00a0<strong>2.060 W<\/strong><\/p>\n<p>Zagrijavanje \u0161asije vanjske jedinice<\/p>\n<p>Minimalni protok zraka:\u00a0<strong>750 m\u00b3<\/strong><\/p>\n<p>Protok zraka:\u00a0<strong>1.100 m\u00b3<\/strong><\/p>\n<p>Cijev za teku\u0107inu &#8211; promjer:\u00a0<strong>9,53 mm<\/strong><\/p>\n<p>Cijev za plin &#8211; promjer:\u00a0<strong>15,88 mm<\/strong><\/p>\n<p>Maks. du\u017eina cijevi:\u00a0<strong>20 m<\/strong><\/p>\n<p>Maks. visinska razlika:\u00a0<strong>15 m<\/strong><\/p>\n<p>Nazivna struja kod hla\u0111enja:\u00a0<strong>9,2 A<\/strong><\/p>\n<p>Nazivna struja kod zagrijavanja:\u00a0<strong>9,6 A<\/strong><\/p>\n<p>Omjer SEER &#8211; hla\u0111enje:\u00a0<strong>6,2<\/strong><\/p>\n<p>Omjer SCOP &#8211; zagrijavanje:\u00a0<strong>4<\/strong><\/p>\n<p>COP:\u00a0<strong>3,3<\/strong><\/p>\n<p>Zvu\u010dni pritisak &#8211; min.:\u00a0<strong>36 dB(A)2&#215;10-5Pa<\/strong><\/p>\n<p>Zvu\u010dni pritisak &#8211; maks.:\u00a0<strong>45 dB(A)2&#215;10-5Pa<\/strong><\/p>\n<p>Dimenzije aparata (\u0160xVxD):\u00a0<strong>103,2 \u00d7 32,7 \u00d7 22,7 cm<\/strong><\/p>\n<p>Dimenzije aparata u ambala\u017ei (\u0160xVxD):\u00a0<strong>112 \u00d7 39 \u00d7 31,5 cm<\/strong><\/p>\n<p>Masa aparata:\u00a0<strong>11 kg<\/strong><\/p>\n<p>Bruto te\u017eina aparata:\u00a0<strong>13,5 kg<\/strong><\/p>\n<p>Potro\u0161nja u re\u017eimu mirovanja:\u00a0<strong>1 W<\/strong><\/p>\n<p>Osigura\u010d:\u00a0<strong>5 A<\/strong><\/p>\n<p>Kod proizvoda:\u00a0<strong>20003830<\/strong><\/p>\n<p>EAN kod:\u00a0<strong>6946087393960<\/strong><\/p>\n<p>&nbsp;<\/p>\n<h2>Tehni\u010dke karakteristike -Vrsta jedinice: <strong style=\"color: #333333; font-size: 16px;\">Vanjska jedinica<\/strong><\/h2>\n<div class=\"productDetails2-dataPanel-inner\">\n<div class=\"productDetails2-dataPanel-item\">\n<p>Preporu\u010dena upotrebna povr\u0161ina (m2):\u00a0<strong>26-38<\/strong><\/p>\n<p>Temperaturni opseg u re\u017eimu &#8211; grijanje (\u00b0C):\u00a0<strong>-20- 24<\/strong><\/p>\n<p>Temperaturni opseg u re\u017eimu &#8211; hla\u0111enje (\u00b0C):\u00a0<strong>-15 &#8211; 50<\/strong><\/p>\n<p>Opseg za postavljanje temperature (\u00b0C):\u00a0<strong>16-30<\/strong><\/p>\n<p>Na\u010din rada:\u00a0<strong>Inverterski<\/strong><\/p>\n<p>Rashladno sredstvo:\u00a0<strong>R32<\/strong><\/p>\n<p>EER:\u00a0<strong>3,15<\/strong><\/p>\n<p>Razred energetske u\u010dinkovitosti &#8211; zagrijavanje:\u00a0<strong>A+<\/strong><\/p>\n<p>Razina brzine vanjskog ventilatora:\u00a0<strong>3<\/strong><\/p>\n<p>Nivoi brzine unutra\u0161njeg ventilatora:\u00a0<strong>7<\/strong><\/p>\n<p>Nazivno optere\u0107enje za grijanje &#8211; prosje\u010dna sezona grijanja:\u00a0<strong>5,45 kW<\/strong><\/p>\n<p>Deklarisani kapacitet (Pdh(Tj)) &#8211; prosje\u010dna sezona grijanja:\u00a0<strong>5,45 kW<\/strong><\/p>\n<\/div>\n<div class=\"productDetails2-dataPanel-item\">\n<p>Raspon rada pri re\u017eimu grijanja:\u00a0<strong>30 g\/m<\/strong><\/p>\n<p>Vrsta:\u00a0<strong>Mono (za jednu unutra\u0161nju jedinicu)<\/strong><\/p>\n<p>Kapacitet hla\u0111enja:\u00a0<strong>6,5 kW<\/strong><\/p>\n<\/div>\n<div class=\"productDetails2-dataPanel-item\">\n<p>Tihi rad:\u00a0<strong>Da, 19dB(A)<\/strong><\/p>\n<\/div>\n<div class=\"productDetails2-dataPanel-item\">\n<p>Minimalna zvu\u010dna snaga:\u00a0<strong>65 dB<\/strong><\/p>\n<p>Snaga zagrijavanja:\u00a0<strong>7.100 W<\/strong><\/p>\n<p>Potro\u0161nja u re\u017eimu mirovanja:\u00a0<strong>1 W<\/strong><\/p>\n<p>Frekvencija:\u00a0<strong>50 Hz<\/strong><\/p>\n<p>Rashladna snaga:\u00a0<strong>6.500 W<\/strong><\/p>\n<p>Rashladno sredstvo:\u00a0<strong>1,3 gr<\/strong><\/p>\n<p>Zvu\u010dni pritisak &#8211; min.:\u00a0<strong>50 dB(A)2&#215;10-5Pa<\/strong><\/p>\n<p>Zvu\u010dni pritisak &#8211; maks.:\u00a0<strong>56 dB(A)2&#215;10-5Pa<\/strong><\/p>\n<p>Potro\u0161nja el. energije pri zagrijavanju\/radna struja:\u00a0<strong>2.150 W<\/strong><\/p>\n<p>Potro\u0161nja el. energije pri hla\u0111enju\/radna struja:\u00a0<strong>2.060 W<\/strong><\/p>\n<p>Zagrijavanje \u0161asije vanjske jedinice<\/p>\n<p>Minimalni protok zraka:\u00a0<strong>1.850 m\u00b3<\/strong><\/p>\n<p>Protok zraka:\u00a0<strong>2.800 m\u00b3<\/strong><\/p>\n<p>Cijev za teku\u0107inu &#8211; promjer:\u00a0<strong>9,53 mm<\/strong><\/p>\n<p>Cijev za plin &#8211; promjer:\u00a0<strong>15,88 mm<\/strong><\/p>\n<p>Maks. du\u017eina cijevi:\u00a0<strong>20 m<\/strong><\/p>\n<p>Maks. visinska razlika:\u00a0<strong>15 m<\/strong><\/p>\n<p>Nazivna struja kod hla\u0111enja:\u00a0<strong>9,2 A<\/strong><\/p>\n<p>Nazivna struja kod zagrijavanja:\u00a0<strong>9,6 A<\/strong><\/p>\n<p>Omjer SEER &#8211; hla\u0111enje:\u00a0<strong>6,2<\/strong><\/p>\n<p>Omjer SCOP &#8211; zagrijavanje:\u00a0<strong>4<\/strong><\/p>\n<p>COP:\u00a0<strong>3,3<\/strong><\/p>\n<p>Zvu\u010dni pritisak &#8211; min.:\u00a0<strong>50 dB(A)2&#215;10-5Pa<\/strong><\/p>\n<p>Zvu\u010dni pritisak &#8211; maks.:\u00a0<strong>56 dB(A)2&#215;10-5Pa<\/strong><\/p>\n<p>Dimenzije aparata (\u0160xVxD):\u00a0<strong>86 \u00d7 66,7 \u00d7 31 cm<\/strong><\/p>\n<p>Dimenzije aparata u ambala\u017ei (\u0160xVxD):\u00a0<strong>99,5 \u00d7 72 \u00d7 42 cm<\/strong><\/p>\n<p>Masa aparata:\u00a0<strong>41 kg<\/strong><\/p>\n<p>Bruto te\u017eina aparata:\u00a0<strong>46 kg<\/strong><\/p>\n<p>Potro\u0161nja u re\u017eimu mirovanja:\u00a0<strong>1 W<\/strong><\/p>\n<p>Osigura\u010d:\u00a0<strong>30 A<\/strong><\/p>\n<p>Kod proizvoda:\u00a0<strong>20003859<\/strong><\/p>\n<p>EAN kod:\u00a0<strong>6946087393977<\/strong><\/p>\n<p>&nbsp;<\/p>\n<p><img data-recalc-dims=\"1\" loading=\"lazy\" decoding=\"async\" class=\"size-full wp-image-15573 aligncenter\" src=\"https:\/\/i0.wp.com\/coolmarket.ba\/wp-content\/uploads\/2024\/07\/Grijanje-Vodoinstalacije-klimatizacija-2.png?resize=1170%2C433&#038;ssl=1\" alt=\"\" width=\"1170\" height=\"433\" srcset=\"https:\/\/i0.wp.com\/coolmarket.ba\/wp-content\/uploads\/2024\/07\/Grijanje-Vodoinstalacije-klimatizacija-2.png?w=1170&amp;ssl=1 1170w, https:\/\/i0.wp.com\/coolmarket.ba\/wp-content\/uploads\/2024\/07\/Grijanje-Vodoinstalacije-klimatizacija-2.png?resize=300%2C111&amp;ssl=1 300w, https:\/\/i0.wp.com\/coolmarket.ba\/wp-content\/uploads\/2024\/07\/Grijanje-Vodoinstalacije-klimatizacija-2.png?resize=1024%2C379&amp;ssl=1 1024w, https:\/\/i0.wp.com\/coolmarket.ba\/wp-content\/uploads\/2024\/07\/Grijanje-Vodoinstalacije-klimatizacija-2.png?resize=768%2C284&amp;ssl=1 768w, https:\/\/i0.wp.com\/coolmarket.ba\/wp-content\/uploads\/2024\/07\/Grijanje-Vodoinstalacije-klimatizacija-2.png?resize=18%2C7&amp;ssl=1 18w, https:\/\/i0.wp.com\/coolmarket.ba\/wp-content\/uploads\/2024\/07\/Grijanje-Vodoinstalacije-klimatizacija-2.png?resize=600%2C222&amp;ssl=1 600w, https:\/\/i0.wp.com\/coolmarket.ba\/wp-content\/uploads\/2024\/07\/Grijanje-Vodoinstalacije-klimatizacija-2.png?resize=64%2C24&amp;ssl=1 64w\" sizes=\"(max-width: 1170px) 100vw, 1170px\" \/><\/p>\n<p>&nbsp;<\/p>\n<p><strong>CoolMarket<\/strong> je va\u0161 pouzdani partner za prodaju, ugradnju i odr\u017eavanje klima ure\u0111aja, toplotnih pumpi te sistema za vodu i grijanje. Na\u0161a stru\u010dnost osigurava kvalitetne proizvode i vrhunske usluge kako bi va\u0161 dom ili poslovni prostor bio udoban i funkcionalan. Kontaktirajte nas za sve potrebe vezane za klimatizaciju, grijanje i vodoinstalacije. Dostupni smo na Viber i Whatsapp\u00a0 +387 62 53 53 50<\/p>\n<\/div>\n<\/div>\n<p><strong>\u00a0<\/strong><\/p>\n<\/div>\n<\/div>\n<\/div>\n<\/div>\n<\/section>\n<div class=\"featureGrid-evenOdd-collapsedFeatures-toggle featureGrid-collapsedFeatures-toggle\"><\/div>","protected":false},"excerpt":{"rendered":"<p>\u0160titi va\u0161 dom i va\u0161e zdravlje HI-NANO \u00a0HI-NANO je jedna vrsta efikasne jonske plazme koja generi\u0161e 1 milion jona\/cm3, u pore\u0111enju sa standardnom plazmom koja generi\u0161e 0.4~0.6 miliona jona\/cm3. Zbog svoje ja\u010dine proizvodnje jona, ona mo\u017ee efikasno eliminisati vi\u0161e od 99% H1N1 virusa unutar dva sata. U usporedbi sa standardnom plazmom, ona proizvodi samo pola [&hellip;]<\/p>","protected":false},"featured_media":14794,"template":"","meta":{"om_disable_all_campaigns":false,"_monsterinsights_skip_tracking":false,"_monsterinsights_sitenote_active":false,"_monsterinsights_sitenote_note":"","_monsterinsights_sitenote_category":0},"product_cat":[307,386,305,794,401,306,348],"product_tag":[],"class_list":{"0":"post-15209","1":"product","2":"type-product","3":"status-publish","4":"has-post-thumbnail","6":"product_cat-18ke-inverteri","7":"product_cat-18ke-klime","8":"product_cat-grijanje-i-hladenje","9":"product_cat-hisense","10":"product_cat-klima-inverteri","11":"product_cat-klima-uredaji","12":"product_cat-klima-uredaji-klima-uredaji","14":"first","15":"instock","16":"taxable","17":"shipping-taxable","18":"purchasable","19":"product-type-simple"},"aioseo_notices":[],"_links":{"self":[{"href":"https:\/\/coolmarket.ba\/bs\/wp-json\/wp\/v2\/product\/15209","targetHints":{"allow":["GET"]}}],"collection":[{"href":"https:\/\/coolmarket.ba\/bs\/wp-json\/wp\/v2\/product"}],"about":[{"href":"https:\/\/coolmarket.ba\/bs\/wp-json\/wp\/v2\/types\/product"}],"wp:featuredmedia":[{"embeddable":true,"href":"https:\/\/coolmarket.ba\/bs\/wp-json\/wp\/v2\/media\/14794"}],"wp:attachment":[{"href":"https:\/\/coolmarket.ba\/bs\/wp-json\/wp\/v2\/media?parent=15209"}],"wp:term":[{"taxonomy":"product_cat","embeddable":true,"href":"https:\/\/coolmarket.ba\/bs\/wp-json\/wp\/v2\/product_cat?post=15209"},{"taxonomy":"product_tag","embeddable":true,"href":"https:\/\/coolmarket.ba\/bs\/wp-json\/wp\/v2\/product_tag?post=15209"}],"curies":[{"name":"wp","href":"https:\/\/api.w.org\/{rel}","templated":true}]}}