{"id":15205,"date":"2023-04-19T13:23:37","date_gmt":"2023-04-19T13:23:37","guid":{"rendered":"https:\/\/coolmarket.ba\/?post_type=product&#038;p=15205"},"modified":"2024-09-12T18:29:03","modified_gmt":"2024-09-12T18:29:03","slug":"haier-klima-uredaj-pearl-r32-as25pbahra-1u25yegfra-h1","status":"publish","type":"product","link":"https:\/\/coolmarket.ba\/bs\/proizvod\/haier-klima-uredaj-pearl-r32-as25pbahra-1u25yegfra-h1\/","title":{"rendered":"HAIER PEARL R32 AS25PBAHRA\/1U25YEGFRA-H1"},"content":{"rendered":"<p>NOVO! PEARL INVERTER, MAT BIJELA JEDINICA<\/p>\n<div>Zidna unutra\u0161nja i vanjska jedinica<\/div>\n<p>Rashladni u\u010dinak: 2,6 kW (0,8 &#8211; 3,0kW)<br \/>\nU\u010dinak grijanja: 2,8 kW (0,8 &#8211; 3,2 kW)<br \/>\nPrikladno za prostor: do 25m2<br \/>\nEnergetska klasa: A++<br \/>\nWi-fi upravljanje je uklju\u010deno u cijenu<br \/>\nRadna tvar: R-32<\/p>\n<div>HAIER PEARL\u00a0su kompaktne i \u0161tedljive jedinice s kompaktnim dizajnom i niskom razinom buke. Osim toga, PEARL ure\u0111aji opremljeni su brojnim funkcijama odgovornim za \u010disti zrak,\u00a0naprednom UVC tehnologijom.\u00a0Sterilizacija LEC UVC lampom ima dezinfekcijski i biocidni u\u010dinak.\u00a0PEARL jedinice se razlikuju po funkciji\u00a0Coanda Plus\u00a0koja je zaslu\u017ena za bolju raspodjelu protoka zraka.<\/div>\n<div>\n<div>PEARL klima ure\u0111aj sa STERILIZACIJA UV-C tehnologijom mo\u017ee inhibirati rast SARS-CoV-2 virusa do 99,99%. U\u010dinkovitost u borbi protiv korona virusa potvr\u0111ena Texcell certifikatom.<\/div>\n<div><\/div>\n<div>\n<div>UV-C zra\u010denje &#8211; \u0161to je to?<\/div>\n<div>UV-C zra\u010denje\u00a0je vrsta ultraljubi\u010dastog zra\u010denja koje proizvodi sunce. Prirodno, ne dopire do povr\u0161ine na\u0161eg planeta jer ga apsorbira ozonski omota\u010d zemlje, zbog \u010dega se \u010desto naziva vakuumskim zra\u010denjem. U prirodnim uvjetima ne postoji mogu\u0107nost izlaganja ovoj vrsti zra\u010denja jer ga zrak sna\u017eno apsorbira.<\/div>\n<div><\/div>\n<div>UV-C zra\u010denje je jedna od tri vrste ultraljubi\u010dastog zra\u010denja prirodno prisutnog u atmosferi, koje emitira sunce.\u00a0Me\u0111utim, ne dopire do povr\u0161ine Zemlje jer ga upija Zemljina atmosfera.\u00a0UV-A i UV-B zra\u010denje dopire do povr\u0161ine Zemlje, odgovorno za npr.\u00a0za preplanulost.<\/div>\n<div><\/div>\n<div>UV-C zra\u010denje u na\u0161oj okolini\u00a0je da je od umjetnih umjetnih izvora &#8211; kao \u0161to su LED UV-C svjetla.\u00a0Za\u0161to \u010dovjek umjetno proizvodi UV-C zra\u010denje?\u00a0Budu\u0107i da je dokazano da ima\u00a0jaka baktericidna i virucidna svojstva\u00a0.\u00a0Zra\u010denje djeluje izravno na nukleinske kiseline u stanicama \u017eivih organizama.\u00a0Izazivaju\u0107i mutaciju RNA i DNA virusa, on inhibira njihov rast i sprje\u010dava njihovu daljnju infekciju.<\/div>\n<div><\/div>\n<div>Virusi, unato\u010d mikroskopskoj veli\u010dini, sadr\u017ee DNA i RNA nukleinske kiseline.\u00a0UV-C zra\u010denje ima neutraliziraju\u0107i u\u010dinak na nukleinske kiseline.\u00a0Kao rezultat, dolazi do fotokemijske reakcije koja dovodi do prekida veze izme\u0111u uzastopnih nositelja informacija u nukleinskoj kiselini.\u00a0Njihova se kemijska struktura mijenja, \u0161to rezultira inhibicijom rasta virusa.<\/div>\n<div>\n<div>LED UV-C svjetiljka ugra\u0111ena u Haier klima ure\u0111aje\u00a0osvjetljava zrak kratkovalnim zrakama koje prolaze kroz klima ure\u0111aj, a koji mo\u017ee sadr\u017eavati 5-34% mikroorganizama.\u00a0Usisani zrak se prvo filtrira kroz\u00a0set standardnih filtera,\u00a0a zatim se ozra\u010di UV-C lampom, koja mo\u017ee inhibirati\u00a0rast virusa i bakterija do 99,99%\u00a0, \u0161to je provjereno i potvr\u0111eno od strane me\u0111unarodne istra\u017eiva\u010dke organizacije Texcell SA.<\/div>\n<div><\/div>\n<div>Funkcija UV-C STERILIZACIJA\u00a0uklju\u010duje se i isklju\u010duje jednim gumbom na razini be\u017ei\u010dnog daljinskog upravlja\u010da ili mobilnog telefona s konfiguriranom Wi-Fi kontrolom.<\/div>\n<div><\/div>\n<div>Odabrani HAIER klima ure\u0111aji opremljeni su tehnologijom UV-C STERILIZACIJE.\u00a0Kao rezultat,\u00a0zrak se dezinficira, bez \u0161tetnih u\u010dinaka na ljude\u00a0ili \u017eivotinje\u00a0u prostoriji.<\/div>\n<div><\/div>\n<div>Dodatna za\u0161tita je posebno izra\u0111en mehanizam koji isklju\u010duje funkciju UV-C STERILIZACIJE kada se otvori poklopac klima ure\u0111aja.<\/div>\n<div><\/div>\n<div>\n<p>Tehnologija UV-C STERILIZACIJE koja se koristi u Haier klima ure\u0111ajima obavlja funkciju inhibicije rasta virusa (SARS-CoV-2) na temelju rezultata laboratorijskog ispitivanja u\u010dinkovitosti UV-C lampe.\u00a0Testove je proveo Texcell, globalna ugovorna istra\u017eiva\u010dka organizacija.\u00a0Texcell je provjerio i potvrdio u\u010dinkovitost ove tehnologije na razini od 99,998%, u prostoru od 45 litara, u roku od 1 sata.\u00a0U\u010dinak funkcije UV-C sterilizacije ovisi o veli\u010dini prostorije i mo\u017ee potrajati nekoliko sati da se postigne \u017eeljeni u\u010dinak<\/p>\n<p><img data-recalc-dims=\"1\" decoding=\"async\" class=\"aligncenter\" src=\"https:\/\/i0.wp.com\/www.klimakoncept.hr\/upload\/1-slike-klimakoncept\/1-klima-uredaji\/92-haier\/haier-pearl-funkcije-klimakoncept.jpg?w=1300&#038;ssl=1\" \/><\/p>\n<div>Nove funkcije:<\/div>\n<div><\/div>\n<div>Tehnologija UV-C STERILIZACIJE<\/div>\n<div>mo\u017ee inhibirati rast virusa SARS-CoV-2 do 99,99% *.\u00a0U\u010dinkovitost u borbi protiv koronavirusa potvr\u0111ena Texcell certifikatom.\u00a0Lampa s dezinfekcijskim u\u010dinkom osvjetljava zrak koji struji kroz klima ure\u0111aj UV-C zrakama, \u010diste\u0107i ga od virusa i bakterija.\u00a0Funkcija UV-C STERILIZACIJA je sigurna za ljudsko zdravlje, jer zrake ne izlaze izvan ure\u0111aja.<\/div>\n<div>\n<p>Tehnologija UV-C STERILIZACIJE u Haier klima ure\u0111ajima mo\u017ee u\u010dinkovito za\u0161tititi od virusa i bakterija.<\/p>\n<p><img data-recalc-dims=\"1\" decoding=\"async\" class=\"aligncenter\" src=\"https:\/\/i0.wp.com\/www.klimakoncept.hr\/upload\/1-slike-klimakoncept\/1-klima-uredaji\/92-haier\/haier-uvc-sterilizacija-klimakoncept.jpg?w=1300&#038;ssl=1\" \/><\/p>\n<div>56\u00b0C STERI-CLEAN<\/div>\n<div>Uni\u0161tava bakterije i viruse zagrijavanjem ispariva\u010da na 56\u00b0C tijekom 30+ minuta.<\/div>\n<div><\/div>\n<div>\n<p><img data-recalc-dims=\"1\" decoding=\"async\" class=\"aligncenter\" src=\"https:\/\/i0.wp.com\/www.klimakoncept.hr\/upload\/1-slike-klimakoncept\/1-klima-uredaji\/92-haier\/Haier_56_c_sterilizacija-klimakoncept.jpg?w=1300&#038;ssl=1\" alt=\"\" border=\"0\" \/><\/p>\n<div>Coanda More<\/div>\n<div>Funkcija Coanda Plus \u010dini strujanje zraka iz klima-ure\u0111aja ja\u010dim i posti\u017ee ve\u0107i domet koji dopire do svakog dijela prostorije.<\/div>\n<div><\/div>\n<div>\n<p><img data-recalc-dims=\"1\" decoding=\"async\" class=\"aligncenter\" src=\"https:\/\/i0.wp.com\/www.klimakoncept.hr\/upload\/1-slike-klimakoncept\/1-klima-uredaji\/92-haier\/coanda-plus-funkcja-klimakoncept.jpg?w=1300&#038;ssl=1\" alt=\"\" border=\"0\" \/><\/p>\n<\/div>\n<div>Wi-Fi kontrola<\/div>\n<div>Upravljanje klima ure\u0111ajem ili sustavom klimatizacije pomo\u0107u pametnog telefona ili tableta spojenog na internet.\u00a0Daljinski upravlja\u010d vam omogu\u0107uje da u vru\u0107im danima uklju\u010dite hla\u0111enje prije nego \u0161to se vratite ku\u0107i. Svakodnevne situacije koje nas prate u \u017eivotu inspiriraju brend Haier na kreiranje inteligentnih rje\u0161enja.\u00a0Wi-Fi upravljanje je jednostavno i intuitivno.<\/div>\n<div><\/div>\n<div>Postavljanje radnih parametara klima ure\u0111aja mogu\u0107e je pomo\u0107u namjenske aplikacije na mobilnom ure\u0111aju.\u00a0To jam\u010di pristup gotovo svim funkcijama klima ure\u0111aja.\u00a0Va\u017eno je da aplikacija omogu\u0107uje konfiguraciju vi\u0161e ure\u0111aja.\u00a0Osim toga, Wi-Fi sustav upravljanja omogu\u0107uje vam stvaranje radnih rasporeda, npr. Tjedno, i pra\u0107enje potro\u0161nje elektri\u010dne energije od strane ku\u0107nog sustava.\u00a0U Haier klima ure\u0111ajima mogu\u0107e je koristiti razli\u010dite vrste be\u017ei\u010dne i \u017ei\u010dane kontrole.<\/div>\n<div><\/div>\n<div><img data-recalc-dims=\"1\" decoding=\"async\" class=\"aligncenter\" src=\"https:\/\/i0.wp.com\/www.klimakoncept.hr\/upload\/1-slike-klimakoncept\/1-klima-uredaji\/92-haier\/haier-wifi-funkcija-klimakoncept.jpg?w=1300&#038;ssl=1\" alt=\"\" border=\"0\" \/><\/div>\n<div><\/div>\n<div>Vrlo tih rad 18 dB (A)<br \/>\nVrlo tih rad Haier klima ure\u0111aja postignut je zahvaljuju\u0107i optimiziranim kanalima protoka zraka i optimiziranom presjeku ventilatora.\u00a0Haier klima ure\u0111aji rade s razinom buke smanjenom na 18 dB (A), zahvaljuju\u0107i kojoj se mogu koristiti no\u0107u, osiguravaju\u0107i udobnost korisnika, a ne ometaju san.\u00a0Osim toga, klima ure\u0111aji imaju razli\u010dite na\u010dine rada, npr. TIH na\u010din rada, koji nudi rad klima ure\u0111aja na najni\u017eoj mogu\u0107oj razini buke.<img data-recalc-dims=\"1\" decoding=\"async\" class=\"aligncenter\" src=\"https:\/\/i0.wp.com\/www.klimakoncept.hr\/upload\/1-slike-klimakoncept\/1-klima-uredaji\/92-haier\/haier-tihi-rad-klimakoncept.jpg?w=1300&#038;ssl=1\" alt=\"\" border=\"0\" \/><\/div>\n<div><\/div>\n<div><\/div>\n<div><\/div>\n<div><img data-recalc-dims=\"1\" decoding=\"async\" class=\"aligncenter\" src=\"https:\/\/i0.wp.com\/www.klimakoncept.hr\/upload\/1-slike-klimakoncept\/1-klima-uredaji\/92-haier\/haier-pearl_siva_pozadina-klimakoncept.jpg?w=1300&#038;ssl=1\" alt=\"\" border=\"0\" \/><\/div>\n<div><\/div>\n<div>\n<p>TEHNI\u010cKI PODACI:<\/p>\n<div>Model<\/div>\n<div>Unutra\u0161nja: AS25PBAHRA<\/div>\n<div>Vanjska: 1U25YEGFRA<\/div>\n<div><\/div>\n<div><\/div>\n<div>Hla\u0111enje<\/div>\n<div>Kapacitet:<\/div>\n<div>Nominal (Min-Max): Btu\/h 8870(2730-10238)<\/div>\n<div>Nominal (Min-Max): kW 2,6(0.8-3.0)<\/div>\n<div>Energetska e\ufb01kasnost: SEER\/EER 6.1\/3.23<\/div>\n<div>Energetski razred: A++<\/div>\n<div>Pdesign kapacitet: kW 2,6<\/div>\n<div>Snaga elektri\u010dnog priklju\u010dka: Nominal (Min-Max)kW 0,8(0.3-1.2)<\/div>\n<div>Godi\u0161nja potro\u0161nja energije: kWh\/a 149<\/div>\n<div>Temperaturni raspon rada: Min-Max \u02daC -10-43\u02daC (out)<\/div>\n<div><\/div>\n<div>Grijanje<\/div>\n<div>Kapacitet: Nominal (Min-Max) Btu\/h 9555(2730-10920)<\/div>\n<div>Kapacitet: Nominal (Min-Max) kW\u00a02,8(0.8-3.2)<\/div>\n<div>Energetska e\ufb01kasnost: SCOP\/COP (Mild) 4.0\/3.71<\/div>\n<div>SCOP: (Warm\/Cold) 5.1\/-<\/div>\n<div>Energetski razred: Mild\/Warm\/Cold A+\/A+++\/-<\/div>\n<div>Pdesign: (-10\u02daC) kW 2.4<\/div>\n<div>Snaga elektri\u010dnog priklju\u010dka: Nominal (Min-Max)kW 0.75(0.3-1.4)<\/div>\n<div>Godi\u0161nja potro\u0161nja energije: kWh\/a 840<\/div>\n<div>Temperaturni raspon rada: \u02daC -15-24\u02daC (out)<\/div>\n<div>Napajanje: Ph\/V\/Hz 1\/220-240\/50<\/div>\n<div><\/div>\n<div>Unutra\u0161nja jedinica<\/div>\n<div>Neto dimenzije: \u0160 \/ D \/ V mm 805\/200\/290<\/div>\n<div>Dimenzije sa ambala\u017eom: \u0160 \/ D \/ V mm 874\/270\/363<\/div>\n<div>Neto\/bruto te\u017eina: kg 8.3\/10.5<\/div>\n<div>Protok zraka(Hla\u0111enje\/grijanje): Max m\u00b3\/h 550<\/div>\n<div>Razina buke &#8211; zvu\u010dna snaga<\/div>\n<div>Hla\u0111enje: (Hi\/Mid\/Lo\/So) dB(A) 37\/32\/28\/18<\/div>\n<div>Grijanje: (Hi\/Mid\/Lo\/So)dB(A) 37\/32\/28\/18<\/div>\n<div>Odvla\u017eivanje: 10-3m\u00b3\/h 1,0<\/div>\n<div><\/div>\n<div>Vanjska jedinica<\/div>\n<div>Neto dimenzije:\u0160 \/ D \/ V mm 700\/245\/544<\/div>\n<div>Dimenzije sa ambala\u017eom: \u0160 \/ D \/ V mm 845\/320\/593<\/div>\n<div>Neto\/bruto te\u017eina: kg 22,8\/25,3<\/div>\n<div>Protok zraka (Hla\u0111enje\/grijanje): Max m\u00b3\/h 2100<\/div>\n<div>Razina buke &#8211; zvu\u010dna snaga: Hi dB(A) 49<\/div>\n<div>Radna struja: Max A 6,2<\/div>\n<div>Vrsta radne tvari: R32<\/div>\n<div>Koli\u010dina radne tvari: R32 g 520<\/div>\n<div>Promjeri cijevi<\/div>\n<div>Teku\u0107inski: mm 6.35<\/div>\n<div>Plinski: mm 9.52<\/div>\n<div>Max. dozvoljena duljina: m 20\/10<\/div>\n<div>Max. duljina cjevovoda bez nadopune: m 5<\/div>\n<div>\n<p>Nadopuna po dodatnom metru: m\/g 20<\/p>\n<p><img data-recalc-dims=\"1\" fetchpriority=\"high\" decoding=\"async\" class=\"aligncenter\" src=\"https:\/\/i0.wp.com\/www.klimakoncept.hr\/upload\/1-slike-klimakoncept\/1-klima-uredaji\/92-haier\/haier-pearl-tehnicki-podaci-klimakoncept.jpg?resize=957%2C1067&#038;ssl=1\" alt=\"HAIER PEARL TEHNI\u010cKE SPECIFIKACIJE \" width=\"957\" height=\"1067\" \/><\/p>\n<\/div>\n<\/div>\n<\/div>\n<\/div>\n<div>\n<p><img data-recalc-dims=\"1\" decoding=\"async\" class=\"size-full wp-image-15573 aligncenter\" src=\"https:\/\/i0.wp.com\/coolmarket.ba\/wp-content\/uploads\/2024\/07\/Grijanje-Vodoinstalacije-klimatizacija-2.png?resize=1170%2C433&#038;ssl=1\" alt=\"\" width=\"1170\" height=\"433\" srcset=\"https:\/\/i0.wp.com\/coolmarket.ba\/wp-content\/uploads\/2024\/07\/Grijanje-Vodoinstalacije-klimatizacija-2.png?w=1170&amp;ssl=1 1170w, https:\/\/i0.wp.com\/coolmarket.ba\/wp-content\/uploads\/2024\/07\/Grijanje-Vodoinstalacije-klimatizacija-2.png?resize=300%2C111&amp;ssl=1 300w, https:\/\/i0.wp.com\/coolmarket.ba\/wp-content\/uploads\/2024\/07\/Grijanje-Vodoinstalacije-klimatizacija-2.png?resize=1024%2C379&amp;ssl=1 1024w, https:\/\/i0.wp.com\/coolmarket.ba\/wp-content\/uploads\/2024\/07\/Grijanje-Vodoinstalacije-klimatizacija-2.png?resize=768%2C284&amp;ssl=1 768w, https:\/\/i0.wp.com\/coolmarket.ba\/wp-content\/uploads\/2024\/07\/Grijanje-Vodoinstalacije-klimatizacija-2.png?resize=18%2C7&amp;ssl=1 18w, https:\/\/i0.wp.com\/coolmarket.ba\/wp-content\/uploads\/2024\/07\/Grijanje-Vodoinstalacije-klimatizacija-2.png?resize=600%2C222&amp;ssl=1 600w, https:\/\/i0.wp.com\/coolmarket.ba\/wp-content\/uploads\/2024\/07\/Grijanje-Vodoinstalacije-klimatizacija-2.png?resize=64%2C24&amp;ssl=1 64w\" sizes=\"(max-width: 1170px) 100vw, 1170px\" \/><\/p>\n<p>&nbsp;<\/p>\n<p><strong>CoolMarket<\/strong> je va\u0161 pouzdani partner za prodaju, ugradnju i odr\u017eavanje klima ure\u0111aja, toplotnih pumpi te sistema za vodu i grijanje. Na\u0161a stru\u010dnost osigurava kvalitetne proizvode i vrhunske usluge kako bi va\u0161 dom ili poslovni prostor bio udoban i funkcionalan. Kontaktirajte nas za sve potrebe vezane za klimatizaciju, grijanje i vodoinstalacije. Dostupni smo na Viber i Whatsapp\u00a0 +387 62 53 53 50<\/p>\n<\/div>\n<\/div>\n<\/div>\n<\/div>\n<\/div>","protected":false},"excerpt":{"rendered":"<p>NOVO! PEARL INVERTER, MAT BIJELA JEDINICA Zidna unutra\u0161nja i vanjska jedinica Rashladni u\u010dinak: 2,6 kW (0,8 &#8211; 3,0kW) U\u010dinak grijanja: 2,8 kW (0,8 &#8211; 3,2 kW) Prikladno za prostor: do 25m2 Energetska klasa: A++ Wi-fi upravljanje je uklju\u010deno u cijenu Radna tvar: R-32 HAIER PEARL\u00a0su kompaktne i \u0161tedljive jedinice s kompaktnim dizajnom i niskom razinom [&hellip;]<\/p>","protected":false},"featured_media":14790,"template":"","meta":{"om_disable_all_campaigns":false,"_monsterinsights_skip_tracking":false,"_monsterinsights_sitenote_active":false,"_monsterinsights_sitenote_note":"","_monsterinsights_sitenote_category":0},"product_cat":[335,305,406,401,306],"product_tag":[],"class_list":{"0":"post-15205","1":"product","2":"type-product","3":"status-publish","4":"has-post-thumbnail","6":"product_cat-12ke-inverteri","7":"product_cat-grijanje-i-hladenje","8":"product_cat-haier","9":"product_cat-klima-inverteri","10":"product_cat-klima-uredaji","12":"first","13":"instock","14":"taxable","15":"shipping-taxable","16":"purchasable","17":"product-type-simple"},"aioseo_notices":[],"_links":{"self":[{"href":"https:\/\/coolmarket.ba\/bs\/wp-json\/wp\/v2\/product\/15205","targetHints":{"allow":["GET"]}}],"collection":[{"href":"https:\/\/coolmarket.ba\/bs\/wp-json\/wp\/v2\/product"}],"about":[{"href":"https:\/\/coolmarket.ba\/bs\/wp-json\/wp\/v2\/types\/product"}],"wp:featuredmedia":[{"embeddable":true,"href":"https:\/\/coolmarket.ba\/bs\/wp-json\/wp\/v2\/media\/14790"}],"wp:attachment":[{"href":"https:\/\/coolmarket.ba\/bs\/wp-json\/wp\/v2\/media?parent=15205"}],"wp:term":[{"taxonomy":"product_cat","embeddable":true,"href":"https:\/\/coolmarket.ba\/bs\/wp-json\/wp\/v2\/product_cat?post=15205"},{"taxonomy":"product_tag","embeddable":true,"href":"https:\/\/coolmarket.ba\/bs\/wp-json\/wp\/v2\/product_tag?post=15205"}],"curies":[{"name":"wp","href":"https:\/\/api.w.org\/{rel}","templated":true}]}}