{"id":15200,"date":"2023-04-11T00:14:34","date_gmt":"2023-04-11T00:14:34","guid":{"rendered":"https:\/\/coolmarket.ba\/?post_type=product&#038;p=15200"},"modified":"2024-09-12T18:34:12","modified_gmt":"2024-09-12T18:34:12","slug":"fujitsu-multisplit-aoyg18kbta2-kopiraj","status":"publish","type":"product","link":"https:\/\/coolmarket.ba\/bs\/proizvod\/fujitsu-multisplit-aoyg18kbta2-kopiraj\/","title":{"rendered":"FUJITSU multisplit AOYG18KBTA2"},"content":{"rendered":"<p><img data-recalc-dims=\"1\" fetchpriority=\"high\" decoding=\"async\" class=\"wp-image-11926 size-full aligncenter\" src=\"https:\/\/i0.wp.com\/newstage.elfix.ba\/wp-content\/uploads\/2023\/04\/maxresdefault.jpg?resize=1280%2C720&#038;ssl=1\" alt=\"\" width=\"1280\" height=\"720\" \/><\/p>\n<p><span style=\"vertical-align: inherit;\"><span style=\"vertical-align: inherit;\">FUJITSU multisplit AOYG18KBTA2 je vrhunski klima ure\u0111aj koji \u0107e zadovoljiti sve Va\u0161e potrebe u odr\u017eavanju ugodne temperature u Va\u0161em domu ili kancelariji. <\/span><span style=\"vertical-align: inherit;\">Ovaj multisplit model je pogodan za prostorije do 50 kvadratnih metara i sastoji se od jedne vanjske jedinice i dvije unutarnje jedinice, \u0161to omogu\u0107ava neovisno upravljanje klimatizacijom u dvije razli\u010dite prostorije.<\/span><\/span><\/p>\n<p><span style=\"vertical-align: inherit;\"><span style=\"vertical-align: inherit;\">Ure\u0111aj je opremljen s nizom naprednih zna\u010dajki koje su visoko u\u010dinkovite i ekolo\u0161ki prihvatljive. <\/span><span style=\"vertical-align: inherit;\">Ugra\u0111eni inverterski kompresor pru\u017ea vrhunsku u\u010dinkovitost i energetsku u\u0161tedu, \u0161to zna\u010di da \u0107ete dugoro\u010dno u\u0161tedjeti novac na ra\u010dunima za energiju. <\/span><span style=\"vertical-align: inherit;\">Ovaj model tako\u0111er dolazi s funkcijom no\u0107nog rada koja automatski prilago\u0111ava temperaturu i brzinu ventilatora kako bi osigurala optimalnu udobnost tokom no\u0107i, dok zna\u010dajka ekolo\u0161kog rashladnog sredstva R410A pru\u017ea efikasno hla\u0111enje uz minimalan utjecaj na okoli\u0161.<\/span><\/span><\/p>\n<p><span style=\"vertical-align: inherit;\"><span style=\"vertical-align: inherit;\">AOYG18KBTA2 tako\u0111er dolazi s prakti\u010dnim daljinskim upravlja\u010dem koji omogu\u0107ava jednostavno pode\u0161avanje temperature i brzine ventilatora, kao i upravljanje ostalim zna\u010dajkama. <\/span><span style=\"vertical-align: inherit;\">Tako\u0111er, unutarnje jedinice ovog klima ure\u0111aja su dizajnirane da se lako integriraju u bilo koji interijer, sa modernim i elegantnim dizajnom.<\/span><\/span><\/p>\n<p><span style=\"vertical-align: inherit;\"><span style=\"vertical-align: inherit;\">Sve u svemu, ako tra\u017eite vrhunski klima ure\u0111aj koji \u0107e osigurati ugodnu temperaturu u va\u0161em domu ili kancelariji, FUJITSU multisplit AOYG18KBTA2 je izvrsna opcija koja pru\u017ea visoku u\u010dinkovitost, prakti\u010dnu i estetsku vrijednost.<\/span><\/span><\/p>\n<p><span style=\"vertical-align: inherit;\"><span style=\"vertical-align: inherit;\">Tehni\u010dke specifikacije ure\u0111aja:<\/span><\/span><\/p>\n<h3><span style=\"vertical-align: inherit;\"><span style=\"vertical-align: inherit;\">Kompatibilne unutra\u0161nje jedinice kapaciteta 07\/09\/12\/14 KGC; <\/span><span style=\"vertical-align: inherit;\">KETA; <\/span><span style=\"vertical-align: inherit;\">KETA-B; <\/span><span style=\"vertical-align: inherit;\">KVCA; <\/span><span style=\"vertical-align: inherit;\">KVLA<\/span><\/span><\/h3>\n<div class=\"mceTemp\"><\/div>\n<p><img data-recalc-dims=\"1\" decoding=\"async\" class=\"alignnone wp-image-11945 size-full\" src=\"https:\/\/i0.wp.com\/newstage.elfix.ba\/wp-content\/uploads\/2023\/04\/tipovi-jedinica.jpg?resize=1300%2C722&#038;ssl=1\" alt=\"\" width=\"1300\" height=\"722\" \/><\/p>\n<h5><span style=\"vertical-align: inherit;\"><span style=\"vertical-align: inherit;\">Informacioni list sa detaljnim tehni\u010dkim specifikacijama:<\/span><\/span><\/h5>\n<p><img data-recalc-dims=\"1\" decoding=\"async\" class=\"wp-image-11925 size-full aligncenter\" src=\"https:\/\/i0.wp.com\/newstage.elfix.ba\/wp-content\/uploads\/2023\/04\/aoyg14kbta2-specifications.png?resize=1300%2C1666&#038;ssl=1\" alt=\"\" width=\"1300\" height=\"1666\" \/><\/p>\n<hr \/>\n<p><img data-recalc-dims=\"1\" loading=\"lazy\" decoding=\"async\" class=\"size-full wp-image-15573 aligncenter\" src=\"https:\/\/i0.wp.com\/coolmarket.ba\/wp-content\/uploads\/2024\/07\/Grijanje-Vodoinstalacije-klimatizacija-2.png?resize=1170%2C433&#038;ssl=1\" alt=\"\" width=\"1170\" height=\"433\" srcset=\"https:\/\/i0.wp.com\/coolmarket.ba\/wp-content\/uploads\/2024\/07\/Grijanje-Vodoinstalacije-klimatizacija-2.png?w=1170&amp;ssl=1 1170w, https:\/\/i0.wp.com\/coolmarket.ba\/wp-content\/uploads\/2024\/07\/Grijanje-Vodoinstalacije-klimatizacija-2.png?resize=300%2C111&amp;ssl=1 300w, https:\/\/i0.wp.com\/coolmarket.ba\/wp-content\/uploads\/2024\/07\/Grijanje-Vodoinstalacije-klimatizacija-2.png?resize=1024%2C379&amp;ssl=1 1024w, https:\/\/i0.wp.com\/coolmarket.ba\/wp-content\/uploads\/2024\/07\/Grijanje-Vodoinstalacije-klimatizacija-2.png?resize=768%2C284&amp;ssl=1 768w, https:\/\/i0.wp.com\/coolmarket.ba\/wp-content\/uploads\/2024\/07\/Grijanje-Vodoinstalacije-klimatizacija-2.png?resize=18%2C7&amp;ssl=1 18w, https:\/\/i0.wp.com\/coolmarket.ba\/wp-content\/uploads\/2024\/07\/Grijanje-Vodoinstalacije-klimatizacija-2.png?resize=600%2C222&amp;ssl=1 600w, https:\/\/i0.wp.com\/coolmarket.ba\/wp-content\/uploads\/2024\/07\/Grijanje-Vodoinstalacije-klimatizacija-2.png?resize=64%2C24&amp;ssl=1 64w\" sizes=\"(max-width: 1170px) 100vw, 1170px\" \/><\/p>\n<p>&nbsp;<\/p>\n<p><strong>CoolMarket<\/strong> je va\u0161 pouzdani partner za prodaju, ugradnju i odr\u017eavanje klima ure\u0111aja, toplotnih pumpi te sistema za vodu i grijanje. Na\u0161a stru\u010dnost osigurava kvalitetne proizvode i vrhunske usluge kako bi va\u0161 dom ili poslovni prostor bio udoban i funkcionalan. Kontaktirajte nas za sve potrebe vezane za klimatizaciju, grijanje i vodoinstalacije. Dostupni smo na Viber i Whatsapp\u00a0 +387 62 53 53 50<\/p>","protected":false},"excerpt":{"rendered":"<p><span style=\"vertical-align: inherit;\"><span style=\"vertical-align: inherit;\">FUJITSU multisplit AOYG18KBTA2 je klima ure\u0111aj za prostorije do 50 m\u00b2. <\/span><span style=\"vertical-align: inherit;\">Ima inverterski kompresor za energetsku u\u010dinkovitost, funkciju no\u0107nog rada, ekolo\u0161ko rashladno sredstvo R32.<\/span><span style=\"vertical-align: inherit;\">Tehni\u010dke specifikacije uklju\u010duju kapacitet hla\u0111enja od 5,0 kW, kapacitet grijanja od 5,6 kW<\/span><\/span><\/p>","protected":false},"featured_media":14780,"template":"","meta":{"om_disable_all_campaigns":false,"_monsterinsights_skip_tracking":false,"_monsterinsights_sitenote_active":false,"_monsterinsights_sitenote_note":"","_monsterinsights_sitenote_category":0},"product_cat":[810,437],"product_tag":[742,811],"class_list":{"0":"post-15200","1":"product","2":"type-product","3":"status-publish","4":"has-post-thumbnail","6":"product_cat-2-prostorije","7":"product_cat-multisplit","8":"product_tag-fujitsu","9":"product_tag-multisplit","10":"product_shipping_class-dolazak-na-adresu","12":"first","13":"instock","14":"taxable","15":"shipping-taxable","16":"purchasable","17":"product-type-simple"},"aioseo_notices":[],"_links":{"self":[{"href":"https:\/\/coolmarket.ba\/bs\/wp-json\/wp\/v2\/product\/15200","targetHints":{"allow":["GET"]}}],"collection":[{"href":"https:\/\/coolmarket.ba\/bs\/wp-json\/wp\/v2\/product"}],"about":[{"href":"https:\/\/coolmarket.ba\/bs\/wp-json\/wp\/v2\/types\/product"}],"wp:featuredmedia":[{"embeddable":true,"href":"https:\/\/coolmarket.ba\/bs\/wp-json\/wp\/v2\/media\/14780"}],"wp:attachment":[{"href":"https:\/\/coolmarket.ba\/bs\/wp-json\/wp\/v2\/media?parent=15200"}],"wp:term":[{"taxonomy":"product_cat","embeddable":true,"href":"https:\/\/coolmarket.ba\/bs\/wp-json\/wp\/v2\/product_cat?post=15200"},{"taxonomy":"product_tag","embeddable":true,"href":"https:\/\/coolmarket.ba\/bs\/wp-json\/wp\/v2\/product_tag?post=15200"}],"curies":[{"name":"wp","href":"https:\/\/api.w.org\/{rel}","templated":true}]}}