{"id":15194,"date":"2023-03-08T09:43:25","date_gmt":"2023-03-08T09:43:25","guid":{"rendered":"https:\/\/coolmarket.ba\/?post_type=product&#038;p=15194"},"modified":"2024-12-26T13:38:19","modified_gmt":"2024-12-26T13:38:19","slug":"zep-zepynamic-sredstvo-za-dezinfekciju-klima-uredjaja","status":"publish","type":"product","link":"https:\/\/coolmarket.ba\/bs\/proizvod\/zep-zepynamic-sredstvo-za-dezinfekciju-klima-uredjaja\/","title":{"rendered":"ZEP \u2013 ZEPYNAMIC \u2013 SREDSTVO ZA DEZINFEKCIJU KLIMA URE\u0110AJA"},"content":{"rendered":"<p>Zepynamic sprej za \u010di\u0161\u0107enje i dezinfekciju klima ure\u0111aja.<\/p>\n<p>Smjesa sredstava za dezinfekciju i dezodoransa u alkoholnoj otopini.<br \/>\nKombinira ugodan miris s trajnim dezinfekcijskim djelovanjem.<br \/>\nIspitano u skladu s UNI EN 1040: 2005 metodom.<\/p>\n<p>Sprej sadr\u017ei 500ml.<\/p>","protected":false},"excerpt":{"rendered":"<p>Zepynamic sprej za \u010di\u0161\u0107enje i dezinfekciju klima ure\u0111aja.<\/p>\n<p>Smjesa sredstava za dezinfekciju i dezodoransa u alkoholnoj otopini.<br \/>\nKombinira ugodan miris s trajnim dezinfekcijskim djelovanjem.<br \/>\nIspitano u skladu s UNI EN 1040: 2005 metodom.<\/p>\n<p>Sprej sadr\u017ei 500ml.<br \/>\nCijena je za jedan komad.<\/p>\n<p>Sprej zadovoljava zdravstvene standarde.<\/p>","protected":false},"featured_media":14774,"template":"","meta":{"om_disable_all_campaigns":false,"_monsterinsights_skip_tracking":false,"_monsterinsights_sitenote_active":false,"_monsterinsights_sitenote_note":"","_monsterinsights_sitenote_category":0},"product_cat":[588,808],"product_tag":[],"class_list":{"0":"post-15194","1":"product","2":"type-product","3":"status-publish","4":"has-post-thumbnail","6":"product_cat-rezervni-dijelovi","7":"product_cat-sredstva-za-dezinfekciju","9":"first","10":"instock","11":"taxable","12":"shipping-taxable","13":"product-type-simple"},"aioseo_notices":[],"_links":{"self":[{"href":"https:\/\/coolmarket.ba\/bs\/wp-json\/wp\/v2\/product\/15194","targetHints":{"allow":["GET"]}}],"collection":[{"href":"https:\/\/coolmarket.ba\/bs\/wp-json\/wp\/v2\/product"}],"about":[{"href":"https:\/\/coolmarket.ba\/bs\/wp-json\/wp\/v2\/types\/product"}],"wp:featuredmedia":[{"embeddable":true,"href":"https:\/\/coolmarket.ba\/bs\/wp-json\/wp\/v2\/media\/14774"}],"wp:attachment":[{"href":"https:\/\/coolmarket.ba\/bs\/wp-json\/wp\/v2\/media?parent=15194"}],"wp:term":[{"taxonomy":"product_cat","embeddable":true,"href":"https:\/\/coolmarket.ba\/bs\/wp-json\/wp\/v2\/product_cat?post=15194"},{"taxonomy":"product_tag","embeddable":true,"href":"https:\/\/coolmarket.ba\/bs\/wp-json\/wp\/v2\/product_tag?post=15194"}],"curies":[{"name":"wp","href":"https:\/\/api.w.org\/{rel}","templated":true}]}}