{"id":15180,"date":"2023-03-08T09:43:15","date_gmt":"2023-03-08T09:43:15","guid":{"rendered":"https:\/\/coolmarket.ba\/?post_type=product&#038;p=15180"},"modified":"2024-08-04T20:02:26","modified_gmt":"2024-08-04T20:02:26","slug":"zavrsna-kapa-za-kanalicu-06","status":"publish","type":"product","link":"https:\/\/coolmarket.ba\/bs\/proizvod\/zavrsna-kapa-za-kanalicu-06\/","title":{"rendered":"Zavr\u0161na kapa za kanalicu 06"},"content":{"rendered":"<p>Zavr\u0161na kapa bez rozetne slu\u017ei za pokivanje horizontalnih i vertikalnih lomova klima kanalice pod 90\u00b0<\/p>","protected":false},"excerpt":{"rendered":"<p>Zavr\u0161na kapa bez rozetne slu\u017ei za pokivanje horizontalnih i vertikalnih lomova klima kanalice pod 90\u00b0<\/p>","protected":false},"featured_media":14769,"template":"","meta":{"om_disable_all_campaigns":false,"_monsterinsights_skip_tracking":false,"_monsterinsights_sitenote_active":false,"_monsterinsights_sitenote_note":"","_monsterinsights_sitenote_category":0},"product_cat":[807,588],"product_tag":[],"class_list":{"0":"post-15180","1":"product","2":"type-product","3":"status-publish","4":"has-post-thumbnail","6":"product_cat-kanalice-za-instalaciju-klima","7":"product_cat-rezervni-dijelovi","9":"first","10":"onbackorder","11":"taxable","12":"shipping-taxable","13":"purchasable","14":"product-type-simple"},"aioseo_notices":[],"_links":{"self":[{"href":"https:\/\/coolmarket.ba\/bs\/wp-json\/wp\/v2\/product\/15180","targetHints":{"allow":["GET"]}}],"collection":[{"href":"https:\/\/coolmarket.ba\/bs\/wp-json\/wp\/v2\/product"}],"about":[{"href":"https:\/\/coolmarket.ba\/bs\/wp-json\/wp\/v2\/types\/product"}],"wp:featuredmedia":[{"embeddable":true,"href":"https:\/\/coolmarket.ba\/bs\/wp-json\/wp\/v2\/media\/14769"}],"wp:attachment":[{"href":"https:\/\/coolmarket.ba\/bs\/wp-json\/wp\/v2\/media?parent=15180"}],"wp:term":[{"taxonomy":"product_cat","embeddable":true,"href":"https:\/\/coolmarket.ba\/bs\/wp-json\/wp\/v2\/product_cat?post=15180"},{"taxonomy":"product_tag","embeddable":true,"href":"https:\/\/coolmarket.ba\/bs\/wp-json\/wp\/v2\/product_tag?post=15180"}],"curies":[{"name":"wp","href":"https:\/\/api.w.org\/{rel}","templated":true}]}}