{"id":15176,"date":"2023-03-08T09:43:15","date_gmt":"2023-03-08T09:43:15","guid":{"rendered":"https:\/\/coolmarket.ba\/?post_type=product&#038;p=15176"},"modified":"2024-08-04T20:02:25","modified_gmt":"2024-08-04T20:02:25","slug":"zep-ac-clean-sanitizer-za-ciscenje-koncent-13-5lit","status":"publish","type":"product","link":"https:\/\/coolmarket.ba\/bs\/proizvod\/zep-ac-clean-sanitizer-za-ciscenje-koncent-13-5lit\/","title":{"rendered":"ZEP AC CLEAN SANITIZER ZA \u010cI\u0160\u0106ENJE KONCENT 1:3 5LIT"},"content":{"rendered":"<p><span>Prije upotrebe preporu\u010dujemo da pa\u017eljivo pro\u010ditate tehni\u010dke i sigurnosne listove (na dnu opisa).<\/span><\/p>\n<p><strong><span>AC Clean Sanitizer Deterd\u017eent za \u010di\u0161\u0107enje klima ure\u0111aja spreman za upotrebu, 5 litar<\/span><\/strong><\/p>\n<p><span>Prijatan miris mente<\/span><\/p>\n<p><span>Proizvod spreman za upotrebu za \u010di\u0161\u0107enje i dezinfekciju rebrastih paketa ili izmjenjiva\u010da ventilatorskih konvektora.<\/span><br \/>\n<span>Ispere se kondenziranom vodom, dezinficira i brzo osloba\u0111a povr\u0161ine, osloba\u0111aju\u0107i ih od prljav\u0161tine.<\/span><\/p>\n<p><span>Karakteristike:<\/span><br \/>\n<span>Bezbjedan tokom upotrebe: netoksi\u010dan je i ne sadr\u017ei kiseline<\/span><br \/>\n<span>. Bezbjedan za materijale. Mo\u017ee se koristiti i na aluminijumu zahvaljuju\u0107i blago alkalnom pH<\/span><br \/>\n<span>dezinfekciji. Sadr\u017ei kvaternarne amonijumove soli za potpunu higijenu vazduha.<\/span><br \/>\n<span>Raspr\u0161en u vazdu\u0161nim kanalima, efikasno dezinfikuje i dezodorira.<\/span><\/p>\n<p><span>Primjene:<\/span><br \/>\n<span>Ac Clean Sanitizer Rtu je proizvod za \u010di\u0161\u0107enje rebrastih pakovanja i filtera sistema za hla\u0111enje i grejanje.<\/span><\/p>\n<p><span>Na\u010din upotrebe:<\/span><br \/>\n<span>Naprskati direktno na povr\u0161inu koju treba tretirati.\u00a0Ljeti nije <\/span><span>potrebno ispirati<\/span><span> normalna kondenzacija koja nastaje ljeti u rashladnim kalemovima na re\u017eimu hla\u0111enja je dovoljna za uklanjanje prljav\u0161tine. U zimskoj upotrebi preporu\u010duje se ispiranje vodom za pi\u0107e.<\/span><br \/>\n<span>Za vi\u0161e informacija pogledajte sigurnosnu dokumentaciju.<\/span><\/p>\n<p><span>Odobrenja:<\/span><br \/>\n<span>UNI EN 1040: 2005 standard.<\/span><\/p>\n<p><span>Kompatibilnost:<\/span><br \/>\n<span>Plastika, pa \u010dak i laki metali.\u00a0Me\u0111utim, preporu\u010duje se preliminarni test kompatibilnosti.<\/span><\/p>","protected":false},"excerpt":{"rendered":"<p><span>Karakteristike:<\/span><br \/>\n<span>Bezbjedan tokom upotrebe: netoksi\u010dan je i ne sadr\u017ei kiseline<\/span><br \/>\n<span>. Bezbjedan za materijale. Mo\u017ee se koristiti i na aluminijumu zahvaljuju\u0107i blago alkalnom pH<\/span><br \/>\n<span>dezinfekciji. Sadr\u017ei kvaternarne amonijumove soli za potpunu higijenu vazduha.<\/span><br \/>\n<span>Raspr\u0161en u vazdu\u0161nim kanalima, efikasno dezinfikuje i dezodorira.<\/span><\/p>","protected":false},"featured_media":14768,"template":"","meta":{"om_disable_all_campaigns":false,"_monsterinsights_skip_tracking":false,"_monsterinsights_sitenote_active":false,"_monsterinsights_sitenote_note":"","_monsterinsights_sitenote_category":0},"product_cat":[588,808],"product_tag":[],"class_list":{"0":"post-15176","1":"product","2":"type-product","3":"status-publish","4":"has-post-thumbnail","6":"product_cat-rezervni-dijelovi","7":"product_cat-sredstva-za-dezinfekciju","9":"first","10":"outofstock","11":"taxable","12":"shipping-taxable","13":"product-type-simple"},"aioseo_notices":[],"_links":{"self":[{"href":"https:\/\/coolmarket.ba\/bs\/wp-json\/wp\/v2\/product\/15176","targetHints":{"allow":["GET"]}}],"collection":[{"href":"https:\/\/coolmarket.ba\/bs\/wp-json\/wp\/v2\/product"}],"about":[{"href":"https:\/\/coolmarket.ba\/bs\/wp-json\/wp\/v2\/types\/product"}],"wp:featuredmedia":[{"embeddable":true,"href":"https:\/\/coolmarket.ba\/bs\/wp-json\/wp\/v2\/media\/14768"}],"wp:attachment":[{"href":"https:\/\/coolmarket.ba\/bs\/wp-json\/wp\/v2\/media?parent=15176"}],"wp:term":[{"taxonomy":"product_cat","embeddable":true,"href":"https:\/\/coolmarket.ba\/bs\/wp-json\/wp\/v2\/product_cat?post=15176"},{"taxonomy":"product_tag","embeddable":true,"href":"https:\/\/coolmarket.ba\/bs\/wp-json\/wp\/v2\/product_tag?post=15176"}],"curies":[{"name":"wp","href":"https:\/\/api.w.org\/{rel}","templated":true}]}}