{"id":15160,"date":"2023-03-08T09:43:13","date_gmt":"2023-03-08T09:43:13","guid":{"rendered":"https:\/\/coolmarket.ba\/?post_type=product&#038;p=15160"},"modified":"2024-08-04T20:02:21","modified_gmt":"2024-08-04T20:02:21","slug":"pvc-kanalica-za-klimu-06-60x45-filmed","status":"publish","type":"product","link":"https:\/\/coolmarket.ba\/bs\/proizvod\/pvc-kanalica-za-klimu-06-60x45-filmed\/","title":{"rendered":"PVC Kanalica za klimu 06 (60&#215;45) FILMED"},"content":{"rendered":"<p>Kanalica za instalaciju klima ure\u0111aja sa dodatnom film folijom kao za\u0161titom od zaprljanosti tokom skladi\u0161tenja, i monta\u017ee. Klima kanalica je dizajnirana isklju\u010divo za namjenu i potrebu instalacije klima sa mnogo originalnih varijacija \u010do\u0161kova, zavr\u0161etaka i nastavaka.<\/p>\n<p>&nbsp;<\/p>","protected":false},"excerpt":{"rendered":"<p>Kanalica za instalaciju klima ure\u0111aja sa dodatnom film folijom kao za\u0161titom od zaprljanosti tokom skladi\u0161tenja, i monta\u017ee. Klima kanalica je dizajnirana isklju\u010divo za namjenu i potrebu instalacije klima sa mnogo originalnih varijacija \u010do\u0161kova, zavr\u0161etaka i nastavaka.<\/p>","protected":false},"featured_media":14764,"template":"","meta":{"om_disable_all_campaigns":false,"_monsterinsights_skip_tracking":false,"_monsterinsights_sitenote_active":false,"_monsterinsights_sitenote_note":"","_monsterinsights_sitenote_category":0},"product_cat":[807,588],"product_tag":[],"class_list":{"0":"post-15160","1":"product","2":"type-product","3":"status-publish","4":"has-post-thumbnail","6":"product_cat-kanalice-za-instalaciju-klima","7":"product_cat-rezervni-dijelovi","9":"first","10":"onbackorder","11":"taxable","12":"shipping-taxable","13":"purchasable","14":"product-type-simple"},"aioseo_notices":[],"_links":{"self":[{"href":"https:\/\/coolmarket.ba\/bs\/wp-json\/wp\/v2\/product\/15160","targetHints":{"allow":["GET"]}}],"collection":[{"href":"https:\/\/coolmarket.ba\/bs\/wp-json\/wp\/v2\/product"}],"about":[{"href":"https:\/\/coolmarket.ba\/bs\/wp-json\/wp\/v2\/types\/product"}],"wp:featuredmedia":[{"embeddable":true,"href":"https:\/\/coolmarket.ba\/bs\/wp-json\/wp\/v2\/media\/14764"}],"wp:attachment":[{"href":"https:\/\/coolmarket.ba\/bs\/wp-json\/wp\/v2\/media?parent=15160"}],"wp:term":[{"taxonomy":"product_cat","embeddable":true,"href":"https:\/\/coolmarket.ba\/bs\/wp-json\/wp\/v2\/product_cat?post=15160"},{"taxonomy":"product_tag","embeddable":true,"href":"https:\/\/coolmarket.ba\/bs\/wp-json\/wp\/v2\/product_tag?post=15160"}],"curies":[{"name":"wp","href":"https:\/\/api.w.org\/{rel}","templated":true}]}}