{"id":15156,"date":"2023-03-08T09:43:13","date_gmt":"2023-03-08T09:43:13","guid":{"rendered":"https:\/\/coolmarket.ba\/?post_type=product&#038;p=15156"},"modified":"2024-08-04T20:02:19","modified_gmt":"2024-08-04T20:02:19","slug":"gree-fairy-klima-uredjaj-inverter-gwh12ac-gwh12qc-3-5kw-12ka","status":"publish","type":"product","link":"https:\/\/coolmarket.ba\/bs\/proizvod\/gree-fairy-klima-uredjaj-inverter-gwh12ac-gwh12qc-3-5kw-12ka\/","title":{"rendered":"GREE FAIRY GWH12ACC\/GWH12AFC"},"content":{"rendered":"<section class=\"content content1\">\n<div>Zidna unutarnja i vanjska jedinica<\/div>\n<div><\/div>\n<div>Grije do -22\u00b0C vanjske temperature!<br \/>\nPreporuka za primarno grijanje na vrlo niskim vanjskim temperaturama!<\/div>\n<p>Prikladno za prostor do: 35m2<br \/>\nEnergetska klasa: A++<br \/>\nWi-Fi upravljanje je uklju\u010deno u cijenu<br \/>\nGarancija: 3 godine<\/p>\n<\/section>\n<div class=\"clearfix\"><\/div>\n<div class=\"cart-oznaka-energ-wrapper\">\n<h2>GREE KLIMA URE\u0110AJ<br \/>\nFairy &#8211; komplet zidna unutarnja i vanjska jedinica<\/h2>\n<div><\/div>\n<div>\n<div>\u00a0<img data-recalc-dims=\"1\" decoding=\"async\" src=\"https:\/\/i0.wp.com\/www.klimakoncept.hr\/upload\/1-slike-klimakoncept\/1-klima-uredaji\/6-gree\/gree-fairy-klimakoncept.jpg?w=1300&#038;ssl=1\" alt=\"\" border=\"0\" \/><\/div>\n<div><\/div>\n<div><\/div>\n<div>\n<div>\n<p>Nova porodica\u00a0klima ure\u0111aja GREE\u00a0Fairy\u00a0predstavlja novi standard za ku\u0107ne klima ure\u0111aje. Inverter Fairy\u00a0nasljednica je izuzetno popularne GREE Lomo porodice klima ure\u0111aja. Upravo je s Lomo GREE uspio uvjeriti mnoge kupce u kvalitetu i pouzdanost njihovih klima ure\u0111aja. Klima GREE Fairy nastavlja ovu tradiciju s novim tehnologijama i rje\u0161enjima.<\/p>\n<p>&nbsp;<\/p>\n<h2>Moderan izgled visokih performansi<\/h2>\n<p>Gree inverterski klima ure\u0111aj\u00a0opremljen je najnovijom inverterskom\u00a0tehnologijom G10\u00a0koja \u0161tedi energiju do 60%.<\/p>\n<h3>\u00a0Gree Fairy ure\u0111aj je opremljen:<\/h3>\n<p>regulacijom zakretnog momenta na niskim frekvencijama, preciznom kontrolom temperature, najmodernijim DSP \u010dipom velike brzine, preciznom kontrolom temperature, br\u017eim hla\u0111enjem i grijanjem, \u0161irokofrekventnim preciznim upravljanjem, tehnologijom korekcije faktora snage, kontrolom za ultra niske razine buke, ra\u010dunalnom kontrolom stimulacije, kontrolom ultra visoke frekvencije, hla\u0111enjem stropa i grijanje poda,\u00a0grija\u010dem vanjske jedinice, mogu\u0107nosti dvostruke instalacije, funkcijom automatskog ponovnog pokretanja,elektri\u010dnom kutijom otpornom na po\u017ear, plo\u010dom visoke otpornosti na temperaturu,turbo hla\u0111enjem, 3 no\u0107ne krivulje i dvostrukim slojem kondenzatora.<\/p>\n<p>&nbsp;<\/p>\n<p>Cold plasma\u00a0generator osloba\u0111a plazmu (i pozitivnu i negativnu plazmu). Od izlaza za zrak do svakog kuta sobe na jedinstven na\u010din \u2013 kemijskim djelovanjem \u0161iroko ubija razne bakterije koji uzrokuju trovanje hranom, propadanje hrane, zarazne sindrome kod ljudi i anafilaksiju.<\/p>\n<p>&nbsp;<\/p>\n<p><img data-recalc-dims=\"1\" decoding=\"async\" src=\"https:\/\/i0.wp.com\/www.klimakoncept.hr\/upload\/1-slike-klimakoncept\/1-klima-uredaji\/6-gree\/gree-fairy-tehnicke-mogucnosti-klimakoncept.jpg?w=1300&#038;ssl=1\" alt=\"\" border=\"0\" \/><\/p>\n<p>&nbsp;<\/p>\n<p>&nbsp;<\/p>\n<h2>FUNKCIONALNOSTI \/ MOGU\u0106NOSTI \/ OPCIJE<\/h2>\n<\/div>\n<div><\/div>\n<div>&#8211; Wifi su\u010delje<\/div>\n<div>&#8211; Led display<\/div>\n<div>&#8211; Grija\u010d vanjske jedinice<\/div>\n<div>&#8211; Automatski rad<\/div>\n<div>&#8211; Automatsko pokretanje<\/div>\n<div>&#8211; Inteligentno odmrzavanje<\/div>\n<div>&#8211; Samodijagnoza<\/div>\n<div>&#8211; Filter za pro\u010di\u0161\u0107ivanje zraka<\/div>\n<div>&#8211; Cold plasma (ionizator)<\/div>\n<div>&#8211; I-Feel funkcija<\/div>\n<div>&#8211; Ugodan no\u0107ni na\u010din rada<\/div>\n<div>\n<p>&#8211; Tihi rad\u00a0\u00a0Podru\u010dje rada u hla\u0111enju: od -15\u00b0C\u00a0do\u00a0+43\u00b0C,\u00a0podru\u010dje rada u grijanju: od\u00a0-22\u00b0C\u00a0do\u00a0+24\u00b0C.<\/p>\n<p>Maksimalno dozvoljena duljina instalacije izme\u0111u unutarnje i vanjske jedinice do 15 do 25m ovisno o snagi.<\/p>\n<p>Maksimalna visinska razlika izme\u0111u unutarnje i vanjske jedinice do 10m \u010dini ga odli\u010dnim izborom za specifi\u010dne objekte i zahtjevnije situacije.<\/p>\n<p>&nbsp;<\/p>\n<\/div>\n<h4>GREE klima ure\u0111aj R32, FAIRY Inverter<\/h4>\n<div><\/div>\n<div>Unutarnja zidna jedinica\u00a0inverter sustava grijanja\/hla\u0111enja, opremljena 7-brzinskim elektromotorom, izmjenjiva\u010dem topline s direktnom<br \/>\nekspanzijom freona, ukrasnom maskom, te svim potrebnim elementima za za\u0161titu, kontrolu i regulaciju ure\u0111aja i temperature. FAIRY<br \/>\ndolazi sa integriranim Wi-Fi su\u010deljem, sustavom za inteligentno ponovno pokretanje, slijede\u0107ih tehni\u010dkih zna\u010dajki:<br \/>\n&#8211; u\u010dinak hla\u0111enja: Qh = 3,50 (0,70 \u2013 4,00) kW<br \/>\n&#8211; u\u010dinak grijanja: Qg = 3,67 (0,80 \u2013 4,50) kW<br \/>\n&#8211; radni medij: R32<br \/>\n&#8211; dimenzije \u0160 x V x D (mm): 889 x 294 x 212<br \/>\n&#8211; masa: 11,0 kg<br \/>\n&#8211; razina zvu\u010dnog tlaka: 42\/38\/35\/32\/30\/28\/26 dB(A)<br \/>\n&#8211; razina zvu\u010dne snage: 57\/50\/47\/44\/42\/40\/38 dB(A)<br \/>\n&#8211; koli\u010dina zraka: V = 680-620-560-490-450-420-390 m3\/h<br \/>\n-standardno: WiFi su\u010delje za upravljanje preko interneta; be\u017ei\u010dni daljinski upravlja\u010d<\/div>\n<div><\/div>\n<div><\/div>\n<div>\n<div>Vanjska jedinica\u00a0split sustava (reverzibilna dizalica topline), za\u0161ti\u0107ena od vremenskih utjecaja, s ugra\u0111enim kompresorom s inverterskom regulacijom snage i potro\u0161nje, kit-om za rad na niskim temperaturama, te svim potrebnim elementima za za\u0161titu, kontrolu i regulaciju ure\u0111aja i funkcionalan rad, sljede\u0107ih tehni\u010dkih zna\u010dajki:<\/div>\n<div>&#8211; u\u010dinak hla\u0111enja: Qh = 3,50 (0,90 \u2013 4,40) kW<\/div>\n<div>&#8211; u\u010dinak grijanja:\u00a0 \u00a0Qg = 3,8 (0,90 \u2013 4,70) kW<\/div>\n<div>&#8211; apsorbirana snaga hla\u0111enja: 962 (220 &#8211; 1450) W<\/div>\n<div>&#8211; apsorbirana snaga grijanja: 953 (220 &#8211; 1550) W<\/div>\n<div>&#8211; energetska u\u010dinkovitost: SEER = 7,1(A++)<\/div>\n<div>\u00a0 \u00a0 \u00a0 \u00a0 \u00a0 \u00a0 \u00a0 \u00a0 \u00a0 \u00a0 \u00a0 \u00a0 \u00a0 \u00a0 \u00a0 \u00a0 \u00a0 \u00a0 \u00a0 \u00a0 \u00a0 SCOP = 4,1 (A+)<\/div>\n<div>&#8211; napajanje: 1 ph \/ 220~240 V \/ 50 Hz<\/div>\n<div>&#8211; radni medij: R32<\/div>\n<div>&#8211; dimenzije \u0160 \u00d7 V \u00d7 D (mm): 732\u00d7550\u00d7330<\/div>\n<div>&#8211; masa: 24,5 kg<\/div>\n<div>&#8211; razina zvu\u010dnog tlaka: 52 dB (A)<\/div>\n<div>&#8211; razina zvu\u010dne snage: 63 dB(A)<\/div>\n<div>&#8211; podru\u010dje hla\u0111enja: -15\u00b0C do +50\u00b0C<\/div>\n<div>&#8211; podru\u010dje grijanja:\u00a0 \u00a0-25\u00b0C do +30\u00b0C<\/div>\n<div>&#8211; maksimalna dozvoljena duljina cijevnog razvoda: 15 m<\/div>\n<div>&#8211; maksimalna dozvoljena visina cijevnog razvoda: 10 m<\/div>\n<div>&#8211; priklju\u010dak R32 &#8211; teku\u0107a faza: 6,35 mm<\/div>\n<div>&#8211; priklju\u010dak R32 &#8211; plinovita faza: 9,52 mm<\/div>\n<div>&#8211; razmak izme\u0111u nosa\u010da vanjske jedinice (novi model): 455mm<\/div>\n<\/div>\n<div>\n<p><img data-recalc-dims=\"1\" fetchpriority=\"high\" decoding=\"async\" class=\"aligncenter wp-image-11703 size-full\" src=\"https:\/\/i0.wp.com\/elfix.ba\/wp-content\/uploads\/2023\/04\/Nasi-uposlenici-1.png?resize=1300%2C433&#038;ssl=1\" alt=\"\" width=\"1300\" height=\"433\" \/><\/p>\n<hr \/>\n<p>Ovla\u0161teni smo servis za monta\u017eu GREE klima ure\u0111aja i toplotnih pumpi. Nudimo najve\u0107i izbor klima ure\u0111aja sa opcijom kupovine monta\u017ee, na na\u0161oj online trgovini, mogu\u0107e je i na rate sa Unicredit i Raiffaisen bankom. Na po\u010detnoj stranici unesite u filter informacije i tu \u0107ete prona\u0107i proizvode klima ure\u0111aja, u meniju kliknite na &#8220;Usluge&#8221; i prona\u0107i \u0107ete cijene usluga monta\u017ee u Zenici, savjetima o izboru klima ure\u0111aja, i na\u010dinu projekcije. Nudimo mogu\u0107nost BESPLATNE dostave za proizvode u vrijednosti od 1.000,00KM \u0161irom BiH.<\/p>\n<p>Garantni rok na GREE klima ure\u0111aje je 36 mjeseci, uz obavezan godi\u0161nji servis. Garancija na ure\u0111aj se ne priznaje ukoliko ure\u0111aj nije montiran od strane ovla\u0161tenog servisa i po pravilima struke.<\/p>\n<p><strong>Ukoliko niste sigurni da je GREE\u00a0 FAIRY odgovaraju\u0107a opcija potrebnog klima ure\u0111aja za va\u0161u namjenu, pro\u010ditajte na\u0161e savjete u \u010dlancima:<\/strong><\/p>\n<h5><span style=\"color: #800000\"><a style=\"color: #800000\" href=\"https:\/\/elfix.ba\/2021\/04\/03\/kako-odabrati-klimu\/\" target=\"_blank\" rel=\"noopener\">\u201cKako odabrati klima ure\u0111aj?\u201d\u00a0<\/a><\/span><\/h5>\n<h5><span style=\"color: #800000\"><a style=\"color: #800000\" href=\"http:\/\/kalkulator-klima-uredaja\/\">Kalkulator klima ure\u0111aja <\/a><\/span><\/h5>\n<p><strong>Ovla\u0161teni smo za monta\u017eu klima ure\u0111aja na podru\u010dju cijele Bosne i Hercegovine. Nije toliko va\u017eno gdje kupujete klimu, va\u017enije je ko vam vr\u0161i monta\u017eu. Trgovine nisu ovla\u0161tene da budu davaoc garancije, i trebaju da dodijele najbli\u017ei ovla\u0161teni servis koji ima ugovor da bi garancija na montirani ure\u0111aj bila validna.<\/strong><\/p>\n<p>Uz na\u0161u kupljenu klimu monta\u017eu vam mo\u017ee izvr\u0161iti na\u0161 servis ili najbli\u017ei ovla\u0161teni servis kojeg vam dodjelimo, samo u tom slu\u010daju garancija vrijedi. Monta\u017eu mo\u017eete kupiti uz kupljenu klimu, termin monta\u017ee je maximalno 10 radnih dana od dana kupovine. Dodajte Standardnu monta\u017eu kao proizvod u ko\u0161aricu, i platite skupa. Kontaktirat \u0107e vas call centar da potvrdi va\u0161u kupovinu i monta\u017eu.<\/p>\n<p><em><strong><span style=\"color: #ff0000\">Ukoliko monta\u017eu izvr\u0161i\u00a0neovla\u0161tena\u00a0osoba ili servis garancija na klima ure\u0111aj prestaje.<\/span><\/strong><\/em><\/p>\n<h3><strong>Ovla\u0161teni smo monta\u017eni servis klima ure\u0111aja za brendove:<\/strong><\/h3>\n<p data-wp-editing=\"1\"><a href=\"https:\/\/elfix.ba\/product-category\/kucanski-aparati\/klima-uredjaji\/fujitsu\/\"><img data-recalc-dims=\"1\" decoding=\"async\" class=\"alignnone wp-image-11390 size-thumbnail\" src=\"https:\/\/i0.wp.com\/elfix.ba\/wp-content\/uploads\/2023\/03\/1fujitsu-elfix-kategorije-brendovi-150x150.png?resize=150%2C150&#038;ssl=1\" alt=\"\" width=\"150\" height=\"150\" \/><\/a><a href=\"https:\/\/elfix.ba\/product-category\/kucanski-aparati\/klima-uredjaji\/mitsubishi-klima-uredjaji\/\"><img data-recalc-dims=\"1\" decoding=\"async\" class=\"alignnone wp-image-11391 size-thumbnail\" src=\"https:\/\/i0.wp.com\/elfix.ba\/wp-content\/uploads\/2023\/03\/1mitsubishi-elfix-kategorije-brendovi-150x150.png?resize=150%2C150&#038;ssl=1\" alt=\"\" width=\"150\" height=\"150\" \/><\/a><a href=\"https:\/\/elfix.ba\/shop\/?s=toshiba&amp;post_type=product&amp;filter_brend=toshiba\"><img data-recalc-dims=\"1\" loading=\"lazy\" decoding=\"async\" class=\"alignnone wp-image-11387 size-thumbnail\" src=\"https:\/\/i0.wp.com\/elfix.ba\/wp-content\/uploads\/2023\/03\/toshiba-elfix-kategorije-brendovi-150x150.png?resize=150%2C150&#038;ssl=1\" alt=\"\" width=\"150\" height=\"150\" \/><\/a><a href=\"https:\/\/elfix.ba\/shop\/page\/1\/?s=gree&amp;post_type=product&amp;filter_brend=gree\"><img data-recalc-dims=\"1\" loading=\"lazy\" decoding=\"async\" class=\"alignnone wp-image-11399 size-thumbnail\" src=\"https:\/\/i0.wp.com\/elfix.ba\/wp-content\/uploads\/2023\/03\/greeelfix-kategorije-brendovi-150x150.png?resize=150%2C150&#038;ssl=1\" alt=\"\" width=\"150\" height=\"150\" \/><\/a><a href=\"https:\/\/elfix.ba\/product-category\/kucanski-aparati\/klima-uredjaji\/hisense\/\"><img data-recalc-dims=\"1\" loading=\"lazy\" decoding=\"async\" class=\"alignnone wp-image-11403 size-thumbnail\" src=\"https:\/\/i0.wp.com\/elfix.ba\/wp-content\/uploads\/2023\/03\/hisense-elfix-kategorije-brendovi-150x150.png?resize=150%2C150&#038;ssl=1\" alt=\"\" width=\"150\" height=\"150\" \/><\/a><a href=\"https:\/\/elfix.ba\/shop\/?s=Midea&amp;post_type=product&amp;filter_brend=midea\"><img data-recalc-dims=\"1\" loading=\"lazy\" decoding=\"async\" class=\"alignnone wp-image-11419 size-thumbnail\" src=\"https:\/\/i0.wp.com\/elfix.ba\/wp-content\/uploads\/2023\/03\/midea-elfix-kategorije-brendovi-150x150.png?resize=150%2C150&#038;ssl=1\" alt=\"\" width=\"150\" height=\"150\" \/><\/a><a href=\"https:\/\/elfix.ba\/shop\/?s=haier&amp;post_type=product&amp;filter_brend=haier\"><img data-recalc-dims=\"1\" loading=\"lazy\" decoding=\"async\" class=\"alignnone wp-image-11415 size-thumbnail\" src=\"https:\/\/i0.wp.com\/elfix.ba\/wp-content\/uploads\/2023\/03\/haier-elfix-kategorije-brendovi-150x150.png?resize=150%2C150&#038;ssl=1\" alt=\"\" width=\"150\" height=\"150\" \/><\/a><a href=\"https:\/\/elfix.ba\/shop\/?s=azuri&amp;post_type=product&amp;filter_brend=azuri\"><img data-recalc-dims=\"1\" loading=\"lazy\" decoding=\"async\" class=\"alignnone wp-image-11423 size-thumbnail\" src=\"https:\/\/i0.wp.com\/elfix.ba\/wp-content\/uploads\/2023\/03\/azuri-elfix-kategorije-brendovi-150x150.png?resize=150%2C150&#038;ssl=1\" alt=\"\" width=\"150\" height=\"150\" \/><\/a><a href=\"https:\/\/elfix.ba\/?s=LG+Klima&amp;post_type=product\"><img data-recalc-dims=\"1\" loading=\"lazy\" decoding=\"async\" class=\"alignnone wp-image-11395 size-thumbnail\" src=\"https:\/\/i0.wp.com\/elfix.ba\/wp-content\/uploads\/2023\/03\/lg-elfix-kategorije-brendovi-150x150.png?resize=150%2C150&#038;ssl=1\" alt=\"\" width=\"150\" height=\"150\" \/><\/a><a href=\"https:\/\/elfix.ba\/shop\/?s=maxon&amp;post_type=product&amp;filter_brend=maxon\"><img data-recalc-dims=\"1\" loading=\"lazy\" decoding=\"async\" class=\"alignnone wp-image-11424 size-thumbnail\" src=\"https:\/\/i0.wp.com\/elfix.ba\/wp-content\/uploads\/2023\/03\/maxon-elfix-kategorije-brendovi-150x150.png?resize=150%2C150&#038;ssl=1\" alt=\"\" width=\"150\" height=\"150\" \/><\/a><\/p>\n<hr \/>\n<p>Potreban vam je klima ure\u0111aj, monta\u017ea, servis ili odr\u017eavanje?\u00a0 Mo\u017eete nas kontaktirati putem telefonskog poziva <strong>+387 61 887 444<\/strong> VIBER, WHATS UP ili putem emaila: elfixservice@gmail.com na\u0161 stru\u010dni tim \u0107e se potruditi u \u0161to kra\u0107em roku da odgovori na va\u0161e zahtjeve.<\/p>\n<\/div>\n<\/div>\n<\/div>\n<\/div>","protected":false},"excerpt":{"rendered":"<section class=\"content content1\">\n<div>Grije do -22\u00b0C vanjske temperature!<br \/>\nPreporuka za primarno grijanje na vrlo niskim vanjskim temperaturama!<\/div>\n<p>Prikladno za prostor do: 35m2<br \/>\nEnergetska klasa: A++<br \/>\nWi-Fi upravljanje je uklju\u010deno u cijenu<br \/>\nGarancija: 3 godine<\/p>\n<\/section>","protected":false},"featured_media":14760,"template":"","meta":{"om_disable_all_campaigns":false,"_monsterinsights_skip_tracking":false,"_monsterinsights_sitenote_active":false,"_monsterinsights_sitenote_note":"","_monsterinsights_sitenote_category":0},"product_cat":[335,383,306],"product_tag":[],"class_list":{"0":"post-15156","1":"product","2":"type-product","3":"status-publish","4":"has-post-thumbnail","6":"product_cat-12ke-inverteri","7":"product_cat-gree","8":"product_cat-klima-uredaji","10":"first","11":"outofstock","12":"taxable","13":"shipping-taxable","14":"product-type-simple"},"aioseo_notices":[],"_links":{"self":[{"href":"https:\/\/coolmarket.ba\/bs\/wp-json\/wp\/v2\/product\/15156","targetHints":{"allow":["GET"]}}],"collection":[{"href":"https:\/\/coolmarket.ba\/bs\/wp-json\/wp\/v2\/product"}],"about":[{"href":"https:\/\/coolmarket.ba\/bs\/wp-json\/wp\/v2\/types\/product"}],"wp:featuredmedia":[{"embeddable":true,"href":"https:\/\/coolmarket.ba\/bs\/wp-json\/wp\/v2\/media\/14760"}],"wp:attachment":[{"href":"https:\/\/coolmarket.ba\/bs\/wp-json\/wp\/v2\/media?parent=15156"}],"wp:term":[{"taxonomy":"product_cat","embeddable":true,"href":"https:\/\/coolmarket.ba\/bs\/wp-json\/wp\/v2\/product_cat?post=15156"},{"taxonomy":"product_tag","embeddable":true,"href":"https:\/\/coolmarket.ba\/bs\/wp-json\/wp\/v2\/product_tag?post=15156"}],"curies":[{"name":"wp","href":"https:\/\/api.w.org\/{rel}","templated":true}]}}