{"id":15154,"date":"2023-03-08T09:42:55","date_gmt":"2023-03-08T09:42:55","guid":{"rendered":"https:\/\/coolmarket.ba\/?post_type=product&#038;p=15154"},"modified":"2024-09-12T18:43:39","modified_gmt":"2024-09-12T18:43:39","slug":"fujitsu-toplotna-pumpa-wsyk160dg9-woyg112lct-11kw-trofazna","status":"publish","type":"product","link":"https:\/\/coolmarket.ba\/bs\/proizvod\/fujitsu-toplotna-pumpa-wsyk160dg9-woyg112lct-11kw-trofazna\/","title":{"rendered":"FUJITSU TOPLOTNA PUMPA WSYA160DG9\/ WOYA112LCT 11kW trofazna"},"content":{"rendered":"<div class=\"field field-name-body field-type-text-with-summary field-label-hidden\">\n<div class=\"field-items\">\n<div class=\"field-item even\">\n<p>WSYK160DG9\/ WOYG112LCT (toplotna pumpa) 65\u00b0C temp.polaza, visokotemperaturna &#8211; trofazna<\/p>\n<p>Lagana ugradnja prilikom renovacije ili u novogradnji<br \/>\nInverter tehnologija koja \u0161tedi energiju i ekolo\u0161ki je prihvatljiva (COP \u2265 4)<br \/>\nNiski mjese\u010dni tro\u0161kovi rada<br \/>\nSveobuhvatni regulatori za dva nezavisna kruga upravljanja<br \/>\nPriprema tople vode sa prioritetom uklju\u010divanja<br \/>\nKoaksialni izmjenjiva\u010d topline otporan na ne\u010disto\u0107u<br \/>\nMogu\u0107a funkcija hla\u0111enja<img data-recalc-dims=\"1\" decoding=\"async\" class=\"size-full wp-image-9390 alignright\" src=\"https:\/\/i0.wp.com\/elfix.ba\/wp-content\/uploads\/2022\/01\/fujitsu-high-power-duo-control.jpg?resize=250%2C167&#038;ssl=1\" alt=\"\" width=\"250\" height=\"167\" \/><\/p>\n<\/div>\n<\/div>\n<\/div>\n<div class=\"field field-name-field-specifikacija field-type-text-long field-label-above\">\n<div class=\"field-items\">\n<div class=\"field-item even\">\n<p>Specifikacija<br \/>\nWGYG 160 DC9 UNUTARNJA JEDINICA<\/p>\n<p>WOYG 160 LC VANJSKA JEDINICA<\/p>\n<p>+7\u00b0C \/ +35\u00b0C Podno grijanje<br \/>\nKapacitet grijanja (kW) 15,17<br \/>\nUlazna snaga (kW) 3,70<br \/>\nCOP 4,10<br \/>\n+2\u00b0C \/ +35\u00b0C Podno grijanje<br \/>\nKapacitet grijanja (kW) 13,50<br \/>\nUlazna snaga (kW) 4,34<br \/>\nCOP 3,11<br \/>\n-7\u00b0C \/ +35\u00b0C Podno grijanje<br \/>\nKapacitet grijanja (kW) 13,50<br \/>\nUlazna snaga (kW) 5,40<br \/>\nCOP 2,50<br \/>\n+7\u00b0C \/ +45\u00b0C Radijatori<br \/>\nKapacitet grijanja (kW) 13,00<br \/>\nUlazna snaga (kW) 4,00<br \/>\nCOP 3,25<br \/>\n-7\u00b0C \/ +45\u00b0C Radijatori<br \/>\nKapacitet grijanja (kW) 13,00<br \/>\nUlazna snaga (kW) 6,37<br \/>\nCOP 2,04<br \/>\nDodatni elektri\u010dni grija\u010d \/ za nu\u017edu (kW) 3,0 \/ 9,0<\/p>\n<p>Unutarnji Hidrauli\u010dki modul<br \/>\nDimenzije V x \u0160 x D mm 800 x 450 x 457<\/p>\n<p>Ukupna Te\u017eina kg 42<\/p>\n<p>Hidrauli\u010dke Karakteristike<br \/>\nKapacitet izmjenjiva\u010da L 16<br \/>\nKapacitet ekspanzione posude L 8<br \/>\nCirkulacija vode \/ nominalana L\/min 43,8<br \/>\nCirkulacija vode \/ Min \/ Maks (4K\u00a0Izlazna temperatura vode \u00b0C 8 ~ 60<br \/>\nPromjer priklju\u010dne cijevi ( ulaz \/ povrat ) mm O25,4 \/ O25,4<\/p>\n<p>Vanjska Jedinica<br \/>\nNapajanje V\/O\/Hz 400V, 50Hz<br \/>\nNazivna struja \/ Maks A 5,8 \/ 10,5<br \/>\nDimenzije V x \u0160 x D mm 1290 \u00d7 900 \u00d7 330<br \/>\nTe\u017eina (kg) 99<br \/>\nNivo buke dB(A) 56<br \/>\nPodru\u010dje rada \u00b0C -25 ~ 35<br \/>\nRashladni medij R410A<br \/>\nKarakteristike Hla\u0111enja<br \/>\nUsisna cijev mm O15.88<br \/>\nTla\u010dna cijev mm O9.52<br \/>\nKoli\u010dina rashladnog medija kg 2,50<br \/>\nMin. \/ Maks Du\u017eina m 5 \/ 20<br \/>\nMaks. Visinska razlika m 15<br \/>\nMaks. Du\u017eina cijevi m 15<br \/>\nKoli\u010dina dodatnog punjenja g\/m 50<\/p>\n<\/div>\n<p><img data-recalc-dims=\"1\" fetchpriority=\"high\" decoding=\"async\" class=\"size-full wp-image-15573 aligncenter\" src=\"https:\/\/i0.wp.com\/coolmarket.ba\/wp-content\/uploads\/2024\/07\/Grijanje-Vodoinstalacije-klimatizacija-2.png?resize=1170%2C433&#038;ssl=1\" alt=\"\" width=\"1170\" height=\"433\" srcset=\"https:\/\/i0.wp.com\/coolmarket.ba\/wp-content\/uploads\/2024\/07\/Grijanje-Vodoinstalacije-klimatizacija-2.png?w=1170&amp;ssl=1 1170w, https:\/\/i0.wp.com\/coolmarket.ba\/wp-content\/uploads\/2024\/07\/Grijanje-Vodoinstalacije-klimatizacija-2.png?resize=300%2C111&amp;ssl=1 300w, https:\/\/i0.wp.com\/coolmarket.ba\/wp-content\/uploads\/2024\/07\/Grijanje-Vodoinstalacije-klimatizacija-2.png?resize=1024%2C379&amp;ssl=1 1024w, https:\/\/i0.wp.com\/coolmarket.ba\/wp-content\/uploads\/2024\/07\/Grijanje-Vodoinstalacije-klimatizacija-2.png?resize=768%2C284&amp;ssl=1 768w, https:\/\/i0.wp.com\/coolmarket.ba\/wp-content\/uploads\/2024\/07\/Grijanje-Vodoinstalacije-klimatizacija-2.png?resize=18%2C7&amp;ssl=1 18w, https:\/\/i0.wp.com\/coolmarket.ba\/wp-content\/uploads\/2024\/07\/Grijanje-Vodoinstalacije-klimatizacija-2.png?resize=600%2C222&amp;ssl=1 600w, https:\/\/i0.wp.com\/coolmarket.ba\/wp-content\/uploads\/2024\/07\/Grijanje-Vodoinstalacije-klimatizacija-2.png?resize=64%2C24&amp;ssl=1 64w\" sizes=\"(max-width: 1170px) 100vw, 1170px\" \/><\/p>\n<p>&nbsp;<\/p>\n<p><strong>CoolMarket<\/strong> je va\u0161 pouzdani partner za prodaju, ugradnju i odr\u017eavanje klima ure\u0111aja, toplotnih pumpi te sistema za vodu i grijanje. Na\u0161a stru\u010dnost osigurava kvalitetne proizvode i vrhunske usluge kako bi va\u0161 dom ili poslovni prostor bio udoban i funkcionalan. Kontaktirajte nas za sve potrebe vezane za klimatizaciju, grijanje i vodoinstalacije. Dostupni smo na Viber i Whatsapp\u00a0 +387 62 53 53 50<\/p>\n<\/div>\n<\/div>","protected":false},"excerpt":{"rendered":"<p>WSYK160DG9\/ WOYG160LCT (toplotna pumpa) 65\u00b0C temp.polaza, trofazna<\/p>\n<p>PREDNOSTI FUJITSU SUSTAVA TOPLISNKIH PUMPI<\/p>\n<ul>\n<li>Kori\u0161tenje prirodnih, neiscrpnih izvora energije<\/li>\n<li>Nema emisije \u0161tetnih plinova<\/li>\n<li>U\u010dinkovitost: do 80% energije dolazi iz okoline<\/li>\n<li>Ljeti se mo\u017ee koristiti za hla\u0111enje<\/li>\n<li>Visoka tehnologija s jednostavnim rukovanjem<\/li>\n<li>Nova generacija visokotemperaturnih tolpinskih pumpi<\/li>\n<li>Zagrijavanje vode do 65\u00baC<\/li>\n<li>Omogu\u0107uje rad do vanjske temperature -25\u00baC<\/li>\n<li>Pametno upravljanje iz topline vlastitog doma ili s udaljene lokacije putem pametnog ure\u0111aja<\/li>\n<li>Iznimno tih rad<\/li>\n<li>Najjeftinija vrsta grijanja<\/li>\n<\/ul>","protected":false},"featured_media":14759,"template":"","meta":{"om_disable_all_campaigns":false,"_monsterinsights_skip_tracking":false,"_monsterinsights_sitenote_active":false,"_monsterinsights_sitenote_note":"","_monsterinsights_sitenote_category":0},"product_cat":[804,366],"product_tag":[412,658,717,805],"class_list":{"0":"post-15154","1":"product","2":"type-product","3":"status-publish","4":"has-post-thumbnail","6":"product_cat-fujitsu-toplotne-pumpe-grijanje-i-hladenje","7":"product_cat-toplotne-pumpe","8":"product_tag-bih","9":"product_tag-fujitsu-bosna-i-hercegovina","10":"product_tag-fujitsu-toplotne-pumpe","11":"product_tag-ovlasteni-servis-fujitsu","13":"first","14":"onbackorder","15":"taxable","16":"shipping-taxable","17":"product-type-simple"},"aioseo_notices":[],"_links":{"self":[{"href":"https:\/\/coolmarket.ba\/bs\/wp-json\/wp\/v2\/product\/15154","targetHints":{"allow":["GET"]}}],"collection":[{"href":"https:\/\/coolmarket.ba\/bs\/wp-json\/wp\/v2\/product"}],"about":[{"href":"https:\/\/coolmarket.ba\/bs\/wp-json\/wp\/v2\/types\/product"}],"wp:featuredmedia":[{"embeddable":true,"href":"https:\/\/coolmarket.ba\/bs\/wp-json\/wp\/v2\/media\/14759"}],"wp:attachment":[{"href":"https:\/\/coolmarket.ba\/bs\/wp-json\/wp\/v2\/media?parent=15154"}],"wp:term":[{"taxonomy":"product_cat","embeddable":true,"href":"https:\/\/coolmarket.ba\/bs\/wp-json\/wp\/v2\/product_cat?post=15154"},{"taxonomy":"product_tag","embeddable":true,"href":"https:\/\/coolmarket.ba\/bs\/wp-json\/wp\/v2\/product_tag?post=15154"}],"curies":[{"name":"wp","href":"https:\/\/api.w.org\/{rel}","templated":true}]}}