{"id":15150,"date":"2023-03-08T09:42:54","date_gmt":"2023-03-08T09:42:54","guid":{"rendered":"https:\/\/coolmarket.ba\/?post_type=product&#038;p=15150"},"modified":"2024-09-12T18:45:05","modified_gmt":"2024-09-12T18:45:05","slug":"fujitsu-toplotna-pumpa-wsya080ml3-woya080klt-8kw-monofazna","status":"publish","type":"product","link":"https:\/\/coolmarket.ba\/bs\/proizvod\/fujitsu-toplotna-pumpa-wsya080ml3-woya080klt-8kw-monofazna\/","title":{"rendered":"FUJITSU TOPLOTNA PUMPA WSYA08ML3\/WOYA080KLT 8kW monofazna"},"content":{"rendered":"<div class=\"field field-name-body field-type-text-with-summary field-label-hidden\">\n<div class=\"field-items\">\n<div class=\"field-item even\">\n<p>WSYK100DG6\/ WOYA80LFT (toplotna pumpa) 55\u00b0C<\/p>\n<p>&#8211; Zagrijavanje vode do 55\u00b0C pri vanjskoj temperaturi od -10\u00b0C.<br \/>\n&#8211; Grijanje: podno grijanje + niskotemperaturni radijatori<br \/>\n&#8211; Radi pri vanjskoj temperaturi od -20\u00b0C, bez backup grija\u010da.<br \/>\n&#8211; Visok COP &#8211; 4,02-4,52<br \/>\n&#8211; Ugra\u0111en backup grija\u010d koji se aktivira samo ako je potrebno u izuzetno hladnim danima.<br \/>\n&#8211; Mo\u017ee se spojiti na solarne kolektore.<br \/>\n&#8211; Dvije individualne zone upravljanja temperaturom vode.<br \/>\n&#8211; Vanjska jedinica hidromodul se ugra\u0111uje neovisno pa je instalacija jednostavna.<br \/>\n&#8211; Ve\u0107i kapacitet grijanja mo\u017ee se jednostavno ostvariti kaskadnim spjanjem do 3 ure\u0111aja.<br \/>\n&#8211; Na sistem se mo\u0161e spojiti spremnik za PTV-potro\u0161nu toplu vodu.<br \/>\n&#8211; Hla\u0111enje uz dodataka ventilokonvektora (fancoila) je omogu\u0107eno<\/p>\n<\/div>\n<\/div>\n<\/div>\n<div class=\"field field-name-field-preuzimanje field-type-file field-label-above\">\n<div class=\"field-items\">\n<div class=\"field-item even\"><\/div>\n<\/div>\n<\/div>\n<div class=\"field field-name-field-specifikacija field-type-text-long field-label-above\">\n<div class=\"field-label\">Specifikacija:<\/div>\n<div class=\"field-items\">\n<div class=\"field-item even\">\n<p>WGYG 100 DG6 UNUTARNJA JEDINICAWOYG 100 LFT VANJSKA JEDINICA+7\u00b0C \/ +35\u00b0C Podno grijanje<br \/>\nKapacitet grijanja (kW)\u00a0 \u00a0 \u00a0 \u00a0 \u00a0 \u00a0 \u00a010,00<br \/>\nUlazna snaga (kW)\u00a0 \u00a0 \u00a0 \u00a0 \u00a0 \u00a0 \u00a0 \u00a0 \u00a0 \u00a0 2,49<br \/>\nCOP\u00a0 \u00a0 \u00a0 \u00a0 \u00a0 \u00a0 \u00a0 \u00a0 \u00a0 \u00a0 \u00a0 \u00a0 \u00a0 \u00a0 \u00a0 \u00a0 \u00a0 \u00a0 \u00a0 \u00a0 \u00a0 \u00a04,02<br \/>\n+2\u00b0C \/ +35\u00b0C Podno grijanje<br \/>\nKapacitet grijanja (kW)\u00a0 \u00a0 \u00a0 \u00a0 \u00a0 \u00a0 \u00a0 7,70<br \/>\nUlazna snaga (kW)\u00a0 \u00a0 \u00a0 \u00a0 \u00a0 \u00a0 \u00a0 \u00a0 \u00a0 \u00a0 2,47<br \/>\nCOP\u00a0 \u00a0 \u00a0 \u00a0 \u00a0 \u00a0 \u00a0 \u00a0 \u00a0 \u00a0 \u00a0 \u00a0 \u00a0 \u00a0 \u00a0 \u00a0 \u00a0 \u00a0 \u00a0 \u00a0 \u00a0 \u00a03,12<br \/>\n-7\u00b0C \/ +35\u00b0C Podno grijanje<br \/>\nKapacitet grijanja (kW)\u00a0 \u00a0 \u00a0 \u00a0 \u00a0 \u00a0 \u00a0 7,04<br \/>\nUlazna snaga (kW)\u00a0 \u00a0 \u00a0 \u00a0 \u00a0 \u00a0 \u00a0 \u00a0 \u00a0 \u00a0 2,97<br \/>\nCOP\u00a0 \u00a0 \u00a0 \u00a0 \u00a0 \u00a0 \u00a0 \u00a0 \u00a0 \u00a0 \u00a0 \u00a0 \u00a0 \u00a0 \u00a0 \u00a0 \u00a0 \u00a0 \u00a0 \u00a0 \u00a0 \u00a02,49<\/p>\n<p>Dodatni elektri\u010dni grija\u010d \/ za nu\u017edu (kW) 3,0 \/ 6,0Unutarnji Hidrauli\u010dki modul<br \/>\nDimenzije V x \u0160 x D mm 800 x 450 x 457Ukupna Te\u017eina kg 42Hidrauli\u010dke Karakteristike<br \/>\nKapacitet izmjenjiva\u010da\u00a0 \u00a0 \u00a0 \u00a0 \u00a0 \u00a0 \u00a0 \u00a0 \u00a0 \u00a0 \u00a0 \u00a0 \u00a0 \u00a0 \u00a0 \u00a0 \u00a0 \u00a0 \u00a0 \u00a0 \u00a0 \u00a0 \u00a0 \u00a0 \u00a0 \u00a0 \u00a0 \u00a0 \u00a0 \u00a0 L 16<br \/>\nKapacitet ekspanzione posude\u00a0 \u00a0 \u00a0 \u00a0 \u00a0 \u00a0 \u00a0 \u00a0 \u00a0 \u00a0 \u00a0 \u00a0 \u00a0 \u00a0 \u00a0 \u00a0 \u00a0 \u00a0 \u00a0 \u00a0 \u00a0 \u00a0 \u00a0L\u00a0 \u00a0 8<br \/>\nCirkulacija vode \/ nominalana L\/min\u00a0 \u00a0 \u00a0 \u00a0 \u00a0 \u00a0 \u00a0 \u00a0 \u00a0 \u00a0 \u00a0 \u00a0 \u00a0 \u00a0 \u00a0 \u00a0 \u00a0 \u00a0 \u00a0 \u00a043,8<br \/>\nCirkulacija vode \/ Min \/ Maks (4K&lt;?T&lt;8K) L\/min\u00a0 \u00a0 \u00a0 \u00a0 \u00a0 \u00a0 \u00a0 \u00a0 \u00a025,0 \/ 50,0<br \/>\nIzlazna temperatura vode \u00b0C\u00a0 \u00a0 \u00a0 \u00a0 \u00a0 \u00a0 \u00a0 \u00a0 \u00a0 \u00a0 \u00a0 \u00a0 \u00a0 \u00a0 \u00a0 \u00a0 \u00a0 \u00a0 \u00a0 \u00a0 \u00a0 \u00a0 \u00a0 \u00a0 \u00a08 ~ 60<br \/>\nPromjer priklju\u010dne cijevi ( ulaz \/ povrat ) mm\u00a0 \u00a0 \u00a0 \u00a0 \u00a0 \u00a0 \u00a0 \u00a0 \u00a0 \u00a0 \u00a0O25,4 \/ O25,4Vanjska Jedinica<br \/>\nNapajanje V\/O\/Hz\u00a0 \u00a0 \u00a0 \u00a0 \u00a0 \u00a0 \u00a0 \u00a0 \u00a0 \u00a0 \u00a0 \u00a0 \u00a0 \u00a0 \u00a0 \u00a0 \u00a0 \u00a0 \u00a0 \u00a0 \u00a0 \u00a0 \u00a0 \u00a0230V, 50Hz<br \/>\nNazivna struja \/ Maks A\u00a0 \u00a0 \u00a0 \u00a0 \u00a0 \u00a0 \u00a0 \u00a0 \u00a0 \u00a0 \u00a0 \u00a0 \u00a0 \u00a0 \u00a0 \u00a0 \u00a0 \u00a0 \u00a0 \u00a0 \u00a0 \u00a0 \u00a0 18,5<br \/>\nDimenzije V x \u0160 x D mm\u00a0 \u00a0 \u00a0 \u00a0 \u00a0 \u00a0 \u00a0 \u00a0 \u00a0 \u00a0 \u00a0 \u00a0 \u00a0 \u00a0 \u00a0 \u00a0 \u00a0 \u00a0 \u00a0830 \u00d7 900 \u00d7 330<br \/>\n<img data-recalc-dims=\"1\" fetchpriority=\"high\" decoding=\"async\" class=\"alignright\" title=\"WSYA100DG6\/WOYA100LFTA\" src=\"https:\/\/i0.wp.com\/servis-covic.com\/sites\/default\/files\/slike\/galerija\/dodatna_slika.png?resize=250%2C250&#038;ssl=1\" alt=\"WSYA100DG6\/WOYA100LFTA\" width=\"250\" height=\"250\" \/><\/p>\n<p>Te\u017eina (kg)\u00a0 \u00a0 \u00a0 \u00a0 \u00a0 \u00a0 \u00a0 \u00a0 \u00a0 \u00a0 \u00a0 \u00a0 \u00a0 \u00a0 \u00a0 \u00a0 \u00a0 \u00a0 \u00a0 \u00a0 \u00a0 \u00a0 \u00a0 \u00a0 \u00a0 \u00a0 \u00a0 \u00a0 \u00a0 \u00a0 \u00a0 \u00a0 \u00a0 \u00a0 90<br \/>\nPodru\u010dje rada \u00b0C\u00a0 \u00a0 \u00a0 \u00a0 \u00a0 \u00a0 \u00a0 \u00a0 \u00a0 \u00a0 \u00a0 \u00a0 \u00a0 \u00a0 \u00a0 \u00a0 \u00a0 \u00a0 \u00a0 \u00a0 \u00a0 \u00a0 \u00a0 \u00a0 \u00a0 \u00a0 \u00a0-25 ~ 35<br \/>\nRashladni medij\u00a0 \u00a0 \u00a0 \u00a0 \u00a0 \u00a0 \u00a0 \u00a0 \u00a0 \u00a0 \u00a0 \u00a0 \u00a0 \u00a0 \u00a0 \u00a0 \u00a0 \u00a0 \u00a0 \u00a0 \u00a0 \u00a0 \u00a0 \u00a0 \u00a0 \u00a0 \u00a0 \u00a0 R410A<br \/>\nKarakteristike Hla\u0111enja<br \/>\nUsisna cijev mm\u00a0 \u00a0 \u00a0 \u00a0 \u00a0 \u00a0 \u00a0 \u00a0 \u00a0 \u00a0 \u00a0 \u00a0 \u00a0 \u00a0 \u00a0 \u00a0 \u00a0 \u00a0 \u00a0 \u00a0 \u00a0 \u00a0 \u00a0 \u00a0 \u00a0 \u00a0 \u00a0 O15.88<br \/>\nTla\u010dna cijev mm\u00a0 \u00a0 \u00a0 \u00a0 \u00a0 \u00a0 \u00a0 \u00a0 \u00a0 \u00a0 \u00a0 \u00a0 \u00a0 \u00a0 \u00a0 \u00a0 \u00a0 \u00a0 \u00a0 \u00a0 \u00a0 \u00a0 \u00a0 \u00a0 \u00a0 \u00a0 \u00a0 \u00a0O9.52<br \/>\nMin. \/ Maks Du\u017eina m\u00a0 \u00a0 \u00a0 \u00a0 \u00a0 \u00a0 \u00a0 \u00a0 \u00a0 \u00a0 \u00a0 \u00a0 \u00a0 \u00a0 \u00a0 \u00a0 \u00a0 \u00a0 \u00a0 \u00a0 \u00a0 \u00a0 \u00a0 \u00a05 \/ 30<br \/>\nMaks. Visinska razlika m\u00a0 \u00a0 \u00a0 \u00a0 \u00a0 \u00a0 \u00a0 \u00a0 \u00a0 \u00a0 \u00a0 \u00a0 \u00a0 \u00a0 \u00a0 \u00a0 \u00a0 \u00a0 \u00a0 \u00a0 \u00a0 \u00a0 15<br \/>\nMaks. Du\u017eina cijevi m\u00a0 \u00a0 \u00a0 \u00a0 \u00a0 \u00a0 \u00a0 \u00a0 \u00a0 \u00a0 \u00a0 \u00a0 \u00a0 \u00a0 \u00a0 \u00a0 \u00a0 \u00a0 \u00a0 \u00a0 \u00a0 \u00a0 \u00a0 \u00a0 20<\/p>\n<\/div>\n<p><img data-recalc-dims=\"1\" decoding=\"async\" class=\"size-full wp-image-15573 aligncenter\" src=\"https:\/\/i0.wp.com\/coolmarket.ba\/wp-content\/uploads\/2024\/07\/Grijanje-Vodoinstalacije-klimatizacija-2.png?resize=1170%2C433&#038;ssl=1\" alt=\"\" width=\"1170\" height=\"433\" srcset=\"https:\/\/i0.wp.com\/coolmarket.ba\/wp-content\/uploads\/2024\/07\/Grijanje-Vodoinstalacije-klimatizacija-2.png?w=1170&amp;ssl=1 1170w, https:\/\/i0.wp.com\/coolmarket.ba\/wp-content\/uploads\/2024\/07\/Grijanje-Vodoinstalacije-klimatizacija-2.png?resize=300%2C111&amp;ssl=1 300w, https:\/\/i0.wp.com\/coolmarket.ba\/wp-content\/uploads\/2024\/07\/Grijanje-Vodoinstalacije-klimatizacija-2.png?resize=1024%2C379&amp;ssl=1 1024w, https:\/\/i0.wp.com\/coolmarket.ba\/wp-content\/uploads\/2024\/07\/Grijanje-Vodoinstalacije-klimatizacija-2.png?resize=768%2C284&amp;ssl=1 768w, https:\/\/i0.wp.com\/coolmarket.ba\/wp-content\/uploads\/2024\/07\/Grijanje-Vodoinstalacije-klimatizacija-2.png?resize=18%2C7&amp;ssl=1 18w, https:\/\/i0.wp.com\/coolmarket.ba\/wp-content\/uploads\/2024\/07\/Grijanje-Vodoinstalacije-klimatizacija-2.png?resize=600%2C222&amp;ssl=1 600w, https:\/\/i0.wp.com\/coolmarket.ba\/wp-content\/uploads\/2024\/07\/Grijanje-Vodoinstalacije-klimatizacija-2.png?resize=64%2C24&amp;ssl=1 64w\" sizes=\"(max-width: 1170px) 100vw, 1170px\" \/><\/p>\n<p>&nbsp;<\/p>\n<p><strong>CoolMarket<\/strong> je va\u0161 pouzdani partner za prodaju, ugradnju i odr\u017eavanje klima ure\u0111aja, toplotnih pumpi te sistema za vodu i grijanje. Na\u0161a stru\u010dnost osigurava kvalitetne proizvode i vrhunske usluge kako bi va\u0161 dom ili poslovni prostor bio udoban i funkcionalan. Kontaktirajte nas za sve potrebe vezane za klimatizaciju, grijanje i vodoinstalacije. Dostupni smo na Viber i Whatsapp\u00a0 +387 62 53 53 50<\/p>\n<\/div>\n<p>&nbsp;<\/p>\n<\/div>","protected":false},"excerpt":{"rendered":"<p>WSYK100DG6\/ WOYA080LFT (toplotna pumpa) 55\u00b0C<\/p>\n<p>PREDNOSTI FUJITSU SUSTAVA TOPLISNKIH PUMPI &#8211; Kori\u0161tenje prirodnih, neiscrpnih izvora energije.<br \/>\nNema emisije \u0161tetnih plinova<br \/>\nU\u010dinkovitost: do 80% energije dolazi iz okoline<br \/>\nLjeti se mo\u017ee koristiti za hla\u0111enje<br \/>\nVisoka tehnologija s jednostavnim rukovanjem<br \/>\nNova generacija visokotemperaturnih tolpinskih pumpi<br \/>\nZagrijavanje vode do 65\u00baC<br \/>\nOmogu\u0107uje rad do vanjske temperature -25\u00baC<br \/>\nPametno upravljanje iz topline vlastitog doma ili s udaljene lokacije putem pametnog ure\u0111aja<br \/>\nIznimno tih rad<br \/>\nNajjeftinija vrsta grijanja<\/p>","protected":false},"featured_media":14759,"template":"","meta":{"om_disable_all_campaigns":false,"_monsterinsights_skip_tracking":false,"_monsterinsights_sitenote_active":false,"_monsterinsights_sitenote_note":"","_monsterinsights_sitenote_category":0},"product_cat":[804,366],"product_tag":[412,658,717,805],"class_list":{"0":"post-15150","1":"product","2":"type-product","3":"status-publish","4":"has-post-thumbnail","6":"product_cat-fujitsu-toplotne-pumpe-grijanje-i-hladenje","7":"product_cat-toplotne-pumpe","8":"product_tag-bih","9":"product_tag-fujitsu-bosna-i-hercegovina","10":"product_tag-fujitsu-toplotne-pumpe","11":"product_tag-ovlasteni-servis-fujitsu","13":"first","14":"onbackorder","15":"taxable","16":"shipping-taxable","17":"product-type-simple"},"aioseo_notices":[],"_links":{"self":[{"href":"https:\/\/coolmarket.ba\/bs\/wp-json\/wp\/v2\/product\/15150","targetHints":{"allow":["GET"]}}],"collection":[{"href":"https:\/\/coolmarket.ba\/bs\/wp-json\/wp\/v2\/product"}],"about":[{"href":"https:\/\/coolmarket.ba\/bs\/wp-json\/wp\/v2\/types\/product"}],"wp:featuredmedia":[{"embeddable":true,"href":"https:\/\/coolmarket.ba\/bs\/wp-json\/wp\/v2\/media\/14759"}],"wp:attachment":[{"href":"https:\/\/coolmarket.ba\/bs\/wp-json\/wp\/v2\/media?parent=15150"}],"wp:term":[{"taxonomy":"product_cat","embeddable":true,"href":"https:\/\/coolmarket.ba\/bs\/wp-json\/wp\/v2\/product_cat?post=15150"},{"taxonomy":"product_tag","embeddable":true,"href":"https:\/\/coolmarket.ba\/bs\/wp-json\/wp\/v2\/product_tag?post=15150"}],"curies":[{"name":"wp","href":"https:\/\/api.w.org\/{rel}","templated":true}]}}