{"id":15120,"date":"2023-03-08T09:42:42","date_gmt":"2023-03-08T09:42:42","guid":{"rendered":"https:\/\/coolmarket.ba\/?post_type=product&#038;p=15120"},"modified":"2024-09-12T19:02:14","modified_gmt":"2024-09-12T19:02:14","slug":"toplotna-pumpa-mitsubishi-ecodan-uz-hydrobox-10kw-puhz-sw100vaa-monofazna","status":"publish","type":"product","link":"https:\/\/coolmarket.ba\/bs\/proizvod\/toplotna-pumpa-mitsubishi-ecodan-uz-hydrobox-10kw-puhz-sw100vaa-monofazna\/","title":{"rendered":"Toplotna pumpa Mitsubishi Ecodan uz Hydrobox 10kW PUHZ-SW100VAA monofazna"},"content":{"rendered":"<p>TOPLOTNE PUMPE SA HYDRO MODULOM<br \/>\nToplotne pumpe zrak-voda u kombinaciji s pripadaju\u0107im hidrauli\u010dkim modulima sa ili bez spremnika potro\u0161ne tople vode. Veliki broj raspolo\u017eivih kombinacija omogu\u0107ava ve\u0107u udobnost zahvaljuju\u0107i posebno dizajniranih vanjskim jedinicama koje automatski pove\u0107avaju kapacitet grijanja pri ni\u017eim vanjskim temperaturama, \u0161to vodi do pove\u0107anja osje\u0107aja ugodnosti za korisnika. Novost je reverzibilni Mitsubishi Electric Hidrauli\u010dki sklop namijenjen hla\u0111enju i grijanju.<\/p>\n<p>&#8211; Podru\u010dje hla\u0111enja: od -15\u00b0C do +46\u00b0C<br \/>\n&#8211; Podru\u010dje grijanja: od -20\u00b0C do +24\u00b0C za<br \/>\nmodele 40\/60\/80<br \/>\n&#8211; Podru\u010dje grijanja: od -20\u00b0C do +21\u00b0C za<br \/>\nmodele 75\/100\/120\/160\/200<br \/>\n&#8211; Podru\u010dje pripreme PTV:<br \/>\nod -20\u00b0C do +35\u00b0C za sve modele<br \/>\n&#8211; Max. du\u017eina cjevovoda (od vanjske do<br \/>\nunutarnje jedinice) do 30 m za modele<br \/>\n40\/60\/80<br \/>\n&#8211; Max. du\u017eina cjevovoda (od vanjske do<br \/>\nunutarnje jedinice) do 40 m za model 75<br \/>\n&#8211; Max. du\u017eina cjevovoda (od vanjske do<br \/>\nunutarnje jedinice) do 75 m za modele<br \/>\n100\/120<br \/>\n&#8211; Max. du\u017eina cjevovoda (od vanjske do<br \/>\nunutarnje jedinice) do 80 m za modele<br \/>\n160\/200<\/p>\n<h2>Toplotna pumpa Ecodan uz Hydrobox PUHZ-SW100VAA i unutra\u0161nja jedinica ERSD-VM2D 2kW grija\u010d booster<\/h2>\n<h5>Mitsubishi Electric toplotne pumpe\u00a0\u2013 grijanje i hla\u0111enje, te priprema tople potro\u0161ne vode uz kori\u0161tenje besplatnih, obnovljivih izvora energije!<\/h5>\n<h5>Ecodan toplotne pumpe visoke efikasnosti uzimaju toplinu iz vanjskog zraka, obnovljivog izvora energije i na taj na\u010din \u0161tede energiju i \u010duvaju okolinu. Opremljene naprednom inverter tehnologijom i preciznom kontrolom temperature osiguravaju puni komfor grijanja ili hla\u0111enja, uz u\u0161tedu prostora. Predstavljaju sigurnu investiciju, uz brz povrat ulo\u017eenih sredstava.<\/h5>\n<p>Ecodan toplotne pumpe visoke efikasnosti uzimaju toplinu iz vanjskog zraka, obnovljivog izvora energije i na taj na\u010din \u0161tede energiju i \u010duvaju okolinu. Opremljene naprednom inverter tehnologijom i preciznom kontrolom temperature osiguravaju puni komfor grijanja ili hla\u0111enja, uz u\u0161tedu prostora. Predstavljaju sigurnu investiciju, uz brz povrat ulo\u017eenih sredstava.Mitsubishi Electric toplotne pumpe \u2013 grijanje i hla\u0111enje, te priprema tople potro\u0161ne vode uz kori\u0161tenje besplatnih, obnovljivih izvora energije!<\/p>\n<div class=\"tx-row\">\n<div class=\"tx-column tx-column-size-1-2\">\n<h5>Princip rada toplotne pumpe zrak-voda<\/h5>\n<p><a href=\"https:\/\/i0.wp.com\/elfix.ba\/wp-content\/uploads\/2018\/10\/luk.jpg?ssl=1\"><img fetchpriority=\"high\" decoding=\"async\" class=\"size-large wp-image-8374 alignright\" src=\"https:\/\/i0.wp.com\/elfix.ba\/wp-content\/uploads\/2018\/10\/luk.jpg?resize=660,539&amp;ssl=1\" alt=\"\" width=\"660\" height=\"539\" \/><\/a><\/p>\n<\/div>\n<div class=\"tx-column tx-column-size-1-2\">\n<h5><a href=\"https:\/\/elfix.ba\/najisplativiji-nacin-zagrijavanja-vlastitog-doma\/\"><strong>Toplotna pumpa zrak-voda<\/strong><\/a><\/h5>\n<ul>\n<li>Obnovljivi izvor energije koji koristi toplotu sadr\u017eanu u zraku da zagrije toplu vodu koja se koristi za grijanje i potro\u0161nu toplu vodu<\/li>\n<li>Visoka energetska efikasnost, npr. za COP=4 za 1kW potro\u0161ene elektri\u010dne energije dobijamo 4kW toplote<\/li>\n<li>Mo\u017ee koristiti toplotu iz okolnog zraka i na temperaturama ispod 0 \u00b0C pa \u010dak i na temperaturama od -25 \u00b0C (upotreba modernih inverterskih kompresora, flow-injection tehnologije (zubadan) i sl.)<\/li>\n<li>Osim grijanja toplotna pumpa mo\u017ee i hladiti prostor, ako su ugra\u0111eni potro\u0161a\u010di koji mogu hladiti prostor (podno\/zidno\/stropno grijanje ili ventilokonvektori)<\/li>\n<li>Najve\u0107u efikasnost posti\u017ee na objektima (novim) sa visokim stupnjem termoizolacije. Pri tome se sugerira kori\u0161tenje inertnih sistema grijanja (podno, stropno, zidno) koji zahtijevaju ni\u017ee temperature koje zna\u010de manje optere\u0107enje vanjske jedinice i manju potro\u0161nju struje<\/li>\n<\/ul>\n<h5><\/h5>\n<\/div>\n<\/div>\n<div class=\"tx-row\">\n<div class=\"tx-column tx-column-size-1-2\">\n<h6>\u0160tedljiv i ekonomi\u010dan na\u010din grijanja i hla\u0111enja<\/h6>\n<p><strong>\u0160tedljiv, komforan i ekonomi\u010dan na\u010din grijanja, hla\u0111enja i pripreme tople sanitarne vode.<\/strong><\/p>\n<h6>Regulator temperature<\/h6>\n<p><strong>Inteligentna regulacija temperature: Automatski reguli\u0161e temperaturu vode uzimaju\u0107i u obzir vanjsku i unutra\u0161nju temperaturu.<\/strong>\u00a0Time se omogu\u0107ava odr\u017eavanje unutra\u0161nje temperature prostorija najni\u017eom mogu\u0107om temperaturom vode za grijanje i obezbje\u0111uje dodatna u\u0161teda<\/p>\n<h6>Hibridna funkcija<\/h6>\n<p><strong>Hibridna funkcija (instalacija sa gasnim bojlerom kojeg vodi automatika toplotne pumpe )<\/strong><\/p>\n<h6>Dvozonska kontrola<\/h6>\n<p><strong>Dvozonska kontrola (kontrola dvije zone grijanja, radijatorsko i podno)<\/strong><\/p>\n<\/div>\n<div class=\"tx-column tx-column-size-1-2\">\n<h5>Naljepnica za novu \u201cEnergetsku efikasnost\u201d<\/h5>\n<\/div>\n<\/div>\n<p><a href=\"https:\/\/i0.wp.com\/elfix.ba\/wp-content\/uploads\/2018\/10\/t1.jpg?ssl=1\"><img decoding=\"async\" class=\"alignright wp-image-8375 size-full\" src=\"https:\/\/i0.wp.com\/elfix.ba\/wp-content\/uploads\/2018\/10\/t1.jpg?resize=600,375&amp;ssl=1\" alt=\"\" width=\"600\" height=\"375\" data-recalc-dims=\"1\" \/><\/a><\/p>\n<h5><\/h5>\n<h5>Optimizirana stratifikacija za ve\u0107i komfor<\/h5>\n<p>Zahvaljuju\u0107i L obliku ulazne cijevi u spremnik iz plo\u010dastog izmjenjiva\u010da, stratifikacija se dobro odr\u017eava i nakon dopunjavanja spremnika. Ne morate brinuti o nestajanju tople vode, kao \u0161to ne morate brinuti ni kod spiralnih izmjenjiva\u010da u spremnicima vode. Temperatura tople vode se mo\u017ee odr\u017eavati visokom sve dok ne potro\u0161imo svu zagrijanu vodu iz spremnika. *Pore\u0111enje izme\u0111u EHST20C-VM2C i EHST20C-VM2B<\/p>\n<h5>\u201cAuto Adaptation\u201d funkcija<\/h5>\n<p>\u201cAuto Adaptation\u201d funkcija automatski prati promjene unutarnjih temperatura prostorija i vanjskih temperatura, te u skladu s tim prilago\u0111ava temperaturu cirkuliraju\u0107e vode.\u00a0Ova funkcija mjeri unutarnju i vanjsku temperaturu, a zatim izra\u010dunava potrebni kapacitet grijanja za prostorije. Jednostavno re\u010deno, automatski se kontrolira temperatura cirkuliraju\u0107e vode u skladu s potrebnim kapacitetom grijanja, dok se odr\u017eava optimalna temperatura prostorije, osiguravaju\u0107i potreban kapacitet uz u\u0161tedu energije. Nadalje, na temelju procjene budu\u0107ih promjena unutarnjih temperatura, sistem radi kako bi sprije\u010dio nepotrebno pove\u0107anje i smanjenje temperature cirkuliraju\u0107e vode. Prema tome, \u201cAuto Adaptation\u201d funkcija pove\u0107ava udobnost i u\u0161tedu energije, bez potrebe za kompliciranim postavkama.<\/p>\n<p>Procjena budu\u0107e temperature prostorije:<\/p>\n<p><a href=\"https:\/\/i2.wp.com\/elfix.ba\/wp-content\/uploads\/2018\/10\/Kitchen-controller-small__FillWzUwMCwzMDBd.jpg?ssl=1\"><img decoding=\"async\" class=\"size-full wp-image-8378 alignleft\" src=\"https:\/\/i2.wp.com\/elfix.ba\/wp-content\/uploads\/2018\/10\/Kitchen-controller-small__FillWzUwMCwzMDBd.jpg?resize=500,300&amp;ssl=1\" alt=\"\" width=\"500\" height=\"300\" data-recalc-dims=\"1\" \/><\/a><\/p>\n<p><a href=\"https:\/\/i0.wp.com\/elfix.ba\/wp-content\/uploads\/2018\/10\/a5802701-ed43-409c-b6fa-e88e544c4d99luk.jpg?ssl=1\"><img loading=\"lazy\" decoding=\"async\" class=\"wp-image-8379 alignright\" src=\"https:\/\/i0.wp.com\/elfix.ba\/wp-content\/uploads\/2018\/10\/a5802701-ed43-409c-b6fa-e88e544c4d99luk.jpg?resize=373,181&amp;ssl=1\" alt=\"\" width=\"373\" height=\"181\" data-recalc-dims=\"1\" \/><\/a><\/p>\n<div class=\"tx-row\">\n<div class=\"tx-column tx-column-size-1-3\">\n<h6>U\u0161teda energije pri proizvodnji tople sanitarne vode<\/h6>\n<p>Zahvaljuju\u0107i vanjskom plo\u010dastom izmjenjiva\u010du toplote ECODAN posti\u017ee ve\u0107u efikasnost pri proizvodnji tople sanitarne vode. Porede\u0107i sa prethodnim modelima, efikasnost proizvodnje tople sanitarne vode je pove\u0107ana za 17%*1, a samim tim smanjuju se tro\u0161kovi proizvodnje.<\/p>\n<\/div>\n<div class=\"tx-column tx-column-size-1-3\">\n<h6>Izbjegavanje gubitka efikasnosti zbog nakupljanja taloga<\/h6>\n<p>Filter za vodu (hvata\u010d kamenca) je ugra\u0111en nakon plo\u010dastog izmjenjiva\u010da kako bi zadr\u017eao i sprije\u010dio dalje kretanje \u010destica kamenca i tako odr\u017eao visoke performanse vanjskog izmjenjiva\u010da toplote. (Smanjenje performansi od samo 3% u periodu od 15 god*2).<\/p>\n<\/div>\n<div class=\"tx-column tx-column-size-1-3\">\n<h6>Manja te\u017eina<\/h6>\n<p>Porede\u0107i sa prethodnim modelom, hidrauli\u010dki modul sa ugra\u0111enim spremnikom sanitarne vode je do 15 kg lak\u0161i*. Ovo smanjenje te\u017eine je nastalo uklanjanjem spiralnog izmjenjiva\u010da iz spremnika, kojeg je zamijenio mnogo lak\u0161i plo\u010dasti izmjenjiva\u010d toplote. *Pore\u0111enje izme\u0111u EHST20C-VM2C i EHST20C-VM2B<\/p>\n<p><img data-recalc-dims=\"1\" loading=\"lazy\" decoding=\"async\" class=\"size-full wp-image-15573 aligncenter\" src=\"https:\/\/i0.wp.com\/coolmarket.ba\/wp-content\/uploads\/2024\/07\/Grijanje-Vodoinstalacije-klimatizacija-2.png?resize=1170%2C433&#038;ssl=1\" alt=\"\" width=\"1170\" height=\"433\" srcset=\"https:\/\/i0.wp.com\/coolmarket.ba\/wp-content\/uploads\/2024\/07\/Grijanje-Vodoinstalacije-klimatizacija-2.png?w=1170&amp;ssl=1 1170w, https:\/\/i0.wp.com\/coolmarket.ba\/wp-content\/uploads\/2024\/07\/Grijanje-Vodoinstalacije-klimatizacija-2.png?resize=300%2C111&amp;ssl=1 300w, https:\/\/i0.wp.com\/coolmarket.ba\/wp-content\/uploads\/2024\/07\/Grijanje-Vodoinstalacije-klimatizacija-2.png?resize=1024%2C379&amp;ssl=1 1024w, https:\/\/i0.wp.com\/coolmarket.ba\/wp-content\/uploads\/2024\/07\/Grijanje-Vodoinstalacije-klimatizacija-2.png?resize=768%2C284&amp;ssl=1 768w, https:\/\/i0.wp.com\/coolmarket.ba\/wp-content\/uploads\/2024\/07\/Grijanje-Vodoinstalacije-klimatizacija-2.png?resize=18%2C7&amp;ssl=1 18w, https:\/\/i0.wp.com\/coolmarket.ba\/wp-content\/uploads\/2024\/07\/Grijanje-Vodoinstalacije-klimatizacija-2.png?resize=600%2C222&amp;ssl=1 600w, https:\/\/i0.wp.com\/coolmarket.ba\/wp-content\/uploads\/2024\/07\/Grijanje-Vodoinstalacije-klimatizacija-2.png?resize=64%2C24&amp;ssl=1 64w\" sizes=\"(max-width: 1170px) 100vw, 1170px\" \/><\/p>\n<p>&nbsp;<\/p>\n<p><strong>CoolMarket<\/strong> je va\u0161 pouzdani partner za prodaju, ugradnju i odr\u017eavanje klima ure\u0111aja, toplotnih pumpi te sistema za vodu i grijanje. Na\u0161a stru\u010dnost osigurava kvalitetne proizvode i vrhunske usluge kako bi va\u0161 dom ili poslovni prostor bio udoban i funkcionalan. Kontaktirajte nas za sve potrebe vezane za klimatizaciju, grijanje i vodoinstalacije. Dostupni smo na Viber i Whatsapp\u00a0 +387 62 53 53 50<\/p>\n<\/div>\n<\/div>","protected":false},"excerpt":{"rendered":"<h5>Mitsubishi Electric toplotne pumpe\u00a0\u2013 grijanje i hla\u0111enje, te priprema tople potro\u0161ne vode uz kori\u0161tenje besplatnih, obnovljivih izvora energije!<\/h5>\n<h5>Ecodan toplotne pumpe visoke efikasnosti uzimaju toplinu iz vanjskog zraka, obnovljivog izvora energije i na taj na\u010din \u0161tede energiju i \u010duvaju okolinu. Opremljene naprednom inverter tehnologijom i preciznom kontrolom temperature osiguravaju puni komfor grijanja ili hla\u0111enja, uz u\u0161tedu prostora. Predstavljaju sigurnu investiciju, uz brz povrat ulo\u017eenih sredstava.<\/h5>\n<table width=\"100%\">\n<tbody>\n<tr>\n<td colspan=\"2\">\n<h2><strong>PODRU\u010cJE<\/strong><\/h2>\n<h2><strong>RADA<\/strong><\/h2>\n<h2><\/h2>\n<\/td>\n<td colspan=\"2\">\n<h2><strong>ENERGETSKA<\/strong><\/h2>\n<h2><strong>EFIKASNOST<\/strong><\/h2>\n<\/td>\n<\/tr>\n<tr>\n<td rowspan=\"2\"><a href=\"https:\/\/elfix.ba\/wp-content\/uploads\/2018\/10\/snowsnowflakeicon-1320196576576887593.png\"><img loading=\"lazy\" decoding=\"async\" class=\"wp-image-8377 aligncenter\" src=\"https:\/\/elfix.ba\/wp-content\/uploads\/2018\/10\/snowsnowflakeicon-1320196576576887593.png\" alt=\"\" width=\"51\" height=\"51\" \/><\/a><\/p>\n<h6><strong>od +10\u00b0C<\/strong><\/h6>\n<h6><strong>do +46\u00b0C<\/strong><\/h6>\n<\/td>\n<td rowspan=\"2\"><a href=\"https:\/\/elfix.ba\/wp-content\/uploads\/2018\/10\/169367.png\"><img loading=\"lazy\" decoding=\"async\" class=\"wp-image-8376 aligncenter\" src=\"https:\/\/elfix.ba\/wp-content\/uploads\/2018\/10\/169367.png\" alt=\"\" width=\"51\" height=\"50\" \/><\/a><\/p>\n<h6><strong>od -20\u00b0C*<\/strong><\/h6>\n<h6><strong>do +21\u00b0C*<\/strong><\/h6>\n<\/td>\n<td rowspan=\"1\">\n<h5><strong>EER<\/strong><\/h5>\n<\/td>\n<td rowspan=\"1\">\n<h5><strong>COP<\/strong><\/h5>\n<\/td>\n<\/tr>\n<tr>\n<td rowspan=\"1\">\n<h6><strong>4,20**<\/strong>\u00a0A++<\/h6>\n<\/td>\n<td rowspan=\"1\">\n<h6><strong>4,28**<\/strong>\u00a0A++<\/h6>\n<\/td>\n<\/tr>\n<\/tbody>\n<\/table>","protected":false},"featured_media":14746,"template":"","meta":{"om_disable_all_campaigns":false,"_monsterinsights_skip_tracking":false,"_monsterinsights_sitenote_active":false,"_monsterinsights_sitenote_note":"","_monsterinsights_sitenote_category":0},"product_cat":[367,366],"product_tag":[788,343,370,789,790],"class_list":{"0":"post-15120","1":"product","2":"type-product","3":"status-publish","4":"has-post-thumbnail","6":"product_cat-mitsubishi-toplotne-pumpe","7":"product_cat-toplotne-pumpe","8":"product_tag-ecodan-toplotna-pumpa","9":"product_tag-mitsubishi","10":"product_tag-mitsubishi-ecodan","11":"product_tag-mitsubishi-toplotna-pumpa","12":"product_tag-toplotna-pumpa","14":"first","15":"onbackorder","16":"taxable","17":"shipping-taxable","18":"product-type-simple"},"aioseo_notices":[],"_links":{"self":[{"href":"https:\/\/coolmarket.ba\/bs\/wp-json\/wp\/v2\/product\/15120","targetHints":{"allow":["GET"]}}],"collection":[{"href":"https:\/\/coolmarket.ba\/bs\/wp-json\/wp\/v2\/product"}],"about":[{"href":"https:\/\/coolmarket.ba\/bs\/wp-json\/wp\/v2\/types\/product"}],"wp:featuredmedia":[{"embeddable":true,"href":"https:\/\/coolmarket.ba\/bs\/wp-json\/wp\/v2\/media\/14746"}],"wp:attachment":[{"href":"https:\/\/coolmarket.ba\/bs\/wp-json\/wp\/v2\/media?parent=15120"}],"wp:term":[{"taxonomy":"product_cat","embeddable":true,"href":"https:\/\/coolmarket.ba\/bs\/wp-json\/wp\/v2\/product_cat?post=15120"},{"taxonomy":"product_tag","embeddable":true,"href":"https:\/\/coolmarket.ba\/bs\/wp-json\/wp\/v2\/product_tag?post=15120"}],"curies":[{"name":"wp","href":"https:\/\/api.w.org\/{rel}","templated":true}]}}