{"id":15111,"date":"2023-03-08T09:42:41","date_gmt":"2023-03-08T09:42:41","guid":{"rendered":"https:\/\/coolmarket.ba\/?post_type=product&#038;p=15111"},"modified":"2024-08-04T20:02:01","modified_gmt":"2024-08-04T20:02:01","slug":"toplotna-pumpa-gree-versati-iii-8kw-grs-cq8-0pd-nhg-k-monofazna","status":"publish","type":"product","link":"https:\/\/coolmarket.ba\/bs\/proizvod\/toplotna-pumpa-gree-versati-iii-8kw-grs-cq8-0pd-nhg-k-monofazna\/","title":{"rendered":"TOPLOTNA PUMPA GREE VERSATI III 8kW GRS-CQ8.0Pd\/NhG-K &#8211; monofazna"},"content":{"rendered":"<p><iframe title=\"GREE Versati III Air to Water (Heat-Pump) with Wifi control, A+++ class and R32 gas!\" width=\"1300\" height=\"731\" src=\"https:\/\/www.youtube.com\/embed\/Uf7WOnHDmyQ?start=1&#038;feature=oembed\" frameborder=\"0\" allow=\"accelerometer; autoplay; clipboard-write; encrypted-media; gyroscope; picture-in-picture; web-share\" referrerpolicy=\"strict-origin-when-cross-origin\" allowfullscreen><\/iframe><\/p>\n<h3 data-id=\"title0\" class=\"magic-2\"><span style=\"color: #000000\">VERSATI \u00a0System Sistem toplotne pumpe zrak-voda<\/span><span style=\"color: #1f1fff\"><b><span><\/span><\/b><\/span><\/h3>\n<div class=\"magic-3\">\n<div class=\"magic-4\">\n<div data-id=\"paragraph0\" class=\"magic-5\">\n<p class=\"magic-6\"><span>\u00a0 \u00a0 \u00a0 \u00a0 \u00a0 \u00a0To je vrsta integrirane jedinice pretvara\u010da istosmjerne struje koja sadr\u017ei funkcije hla\u0111enja, grijanja i grijanja vode te do 5,0 energetske u\u010dinkovitosti. Koristi\u00a0rashladno sredstvo R32 i dvostepeni kompresor. Za grijanje, raspon vanjske temperature okoline je -25 ~ 35 \u2103, dok je raspon temperature izlazne vode 25 ~ 60 \u2103.<\/span><\/p>\n<p class=\"magic-6\"><span>\u00a0 \u00a0 \u00a0 \u00a0 \u00a0 \u00a0Versati \u2162 jedinica dizajnirana je posebno za evropsko tr\u017ei\u0161te gdje postoji potreba za vodom visoke temperature. Zahvaljuju\u0107i dvostepenoj kompresiji i entalpijskom dobitku ubrizgavanjem plina, energetska efikasnost grijanja pri niskim temperaturama \u0107e znatno porasti s temperaturom izlazne vode do 60 \u00b0 C. \u010citava serija proizvoda striktno je u skladu sa EN14511, EUROVENT klase energetske efikasnosti A i SCOP klase A +++ (35 \u2103), SCOP klase A ++ (55 \u2103) sa EN14825.<\/span><\/p>\n<p class=\"magic-6\"><span>\u00a0 \u00a0 \u00a0 \u00a0 \u00a0 \u00a0 Njihov COP mo\u017ee dose\u0107i i do 5,0. Ova jedinica mo\u017ee realizirati grijanje prostora i opskrbu sanitarnom toplom vodom preko unutra\u0161njih jedinica, ventilokonvektora, podnog grijanja<img data-recalc-dims=\"1\" fetchpriority=\"high\" decoding=\"async\" src=\"https:\/\/i0.wp.com\/elfix.ba\/wp-content\/uploads\/2021\/06\/Hd65595f8f3684bba8d0d04733ccb9fe2g.png?resize=1000%2C660&#038;ssl=1\" alt=\"\" width=\"1000\" height=\"660\" class=\"alignnone size-full wp-image-8928\" \/> i radijatora. Ekolo\u0161ki prihvatljivo rashladno sredstvo R32 prihva\u0107eno je za jedinicu, sa ODP od 0 i prili\u010dno malim GWP (= 675). Osim toga, usvojene tehnologije toplotnih pumpi smanjit \u0107e potro\u0161nju ugljena i drugih izvora energije i znatno smanjiti emisiju CO2. U rasponu od 4,0kW ~ 16kW, \u0161iroko je primjenjiv za male i srednje stanove, velike vile itd.<\/span><\/p>\n<\/div>\n<p><span style=\"color: #000000\">Komponenta visoke efikasnosti (inverterska pumpa, inverterski ventilator, plo\u010dasti izmjenjiva\u010d topline)<\/span><\/p>\n<div class=\"magic-3\">\n<div class=\"magic-4\">\n<div data-id=\"paragraph0\" class=\"magic-5\">\n<p class=\"magic-6\"><span>1. U uvjetima niskih temperatura, u usporedbi s konvencionalnim kompresorom, dvostepeni niskotemperaturni kompresor generisat \u0107e manji gubitak toplinskog kapaciteta i posti\u0107i ve\u0107u energetsku u\u010dinkovitost.<\/span><\/p>\n<p><span>2. Povratni poplavi, visoka temperatura ispu\u0161tanja i drugi problemi mogu se u potpunosti izbje\u0107i u uvjetima niske temperature, a pouzdanost kompresora \u0107e se znatno pobolj\u0161ati. <\/span><\/p>\n<p><span>3. Dvostepena kompresija, dvostepeno prigu\u0161ivanje i dodavanje me\u0111uetalpije kroz ubrizgavanje plina povisit \u0107e temperaturu izlazne vode i pobolj\u0161ati preciznost upravljanja.<\/span><\/p>\n<\/div>\n<\/div>\n<\/div>\n<\/div>\n<\/div>","protected":false},"excerpt":{"rendered":"<p>&#8216;- Grijanje i hla\u0111enje prostora te grijanje potro\u0161ne tople vode<br \/>\n&#8211; Monobloc izvedba: integrirana instalacija za jednostavniju monta\u017eu<br \/>\n&#8211; Dvostupanjski kompresor koji omogu\u0107ava grijanje vode do 60\u00b0C<br \/>\n&#8211; Mogu\u0107e spajanje sa solarnim panelima za automatsku kontrolu grijanja vode<br \/>\n&#8211; Visoka temperatura izlazne vode, \u0161iroki raspon temperature rada<\/p>","protected":false},"featured_media":14745,"template":"","meta":{"om_disable_all_campaigns":false,"_monsterinsights_skip_tracking":false,"_monsterinsights_sitenote_active":false,"_monsterinsights_sitenote_note":"","_monsterinsights_sitenote_category":0},"product_cat":[780,366],"product_tag":[],"class_list":{"0":"post-15111","1":"product","2":"type-product","3":"status-publish","4":"has-post-thumbnail","6":"product_cat-gree-toplotne-pumpe","7":"product_cat-toplotne-pumpe","9":"first","10":"onbackorder","11":"taxable","12":"shipping-taxable","13":"product-type-simple"},"aioseo_notices":[],"_links":{"self":[{"href":"https:\/\/coolmarket.ba\/bs\/wp-json\/wp\/v2\/product\/15111","targetHints":{"allow":["GET"]}}],"collection":[{"href":"https:\/\/coolmarket.ba\/bs\/wp-json\/wp\/v2\/product"}],"about":[{"href":"https:\/\/coolmarket.ba\/bs\/wp-json\/wp\/v2\/types\/product"}],"wp:featuredmedia":[{"embeddable":true,"href":"https:\/\/coolmarket.ba\/bs\/wp-json\/wp\/v2\/media\/14745"}],"wp:attachment":[{"href":"https:\/\/coolmarket.ba\/bs\/wp-json\/wp\/v2\/media?parent=15111"}],"wp:term":[{"taxonomy":"product_cat","embeddable":true,"href":"https:\/\/coolmarket.ba\/bs\/wp-json\/wp\/v2\/product_cat?post=15111"},{"taxonomy":"product_tag","embeddable":true,"href":"https:\/\/coolmarket.ba\/bs\/wp-json\/wp\/v2\/product_tag?post=15111"}],"curies":[{"name":"wp","href":"https:\/\/api.w.org\/{rel}","templated":true}]}}