{"id":15109,"date":"2023-03-08T09:42:41","date_gmt":"2023-03-08T09:42:41","guid":{"rendered":"https:\/\/coolmarket.ba\/?post_type=product&#038;p=15109"},"modified":"2024-09-12T19:06:04","modified_gmt":"2024-09-12T19:06:04","slug":"toplotna-pumpa-gree-versati-ii-plus-14kw-grs-cq14pd-nad-m-trofazna","status":"publish","type":"product","link":"https:\/\/coolmarket.ba\/bs\/proizvod\/toplotna-pumpa-gree-versati-ii-plus-14kw-grs-cq14pd-nad-m-trofazna\/","title":{"rendered":"TOPLOTNA PUMPA GREE VERSATI II plus 14kW GRS-CQ14Pd\/NaD-M* &#8211; trofazna"},"content":{"rendered":"<p>&nbsp;<\/p>\n<p><iframe title=\"GREE Versati III Air to Water (Heat-Pump) with Wifi control, A+++ class and R32 gas!\" width=\"1300\" height=\"731\" src=\"https:\/\/www.youtube.com\/embed\/Uf7WOnHDmyQ?start=1&#038;feature=oembed\" frameborder=\"0\" allow=\"accelerometer; autoplay; clipboard-write; encrypted-media; gyroscope; picture-in-picture; web-share\" referrerpolicy=\"strict-origin-when-cross-origin\" allowfullscreen><\/iframe><\/p>\n<h3 style=\"text-align: center;\">VERSATI II+ TOPLOTNA PUMPA ZRAK-VODA SPLIT IZVEDBA<\/h3>\n<p>Versati II + multifunkcionalna visokotepmeraturna toplotna pumpa vazduh-voda u split izvedbi Super D.C. Inverter sa 2-stepenastim kompresorima.\u00a0 Koristi naprednu tehnologiju toplotnih pumpi, koriste\u0107i prirodnu toplotu vanjskog vazduha za zagrijavanje i hla\u0111enje prostorija, grijanje sanitarne<\/p>\n<p><img data-recalc-dims=\"1\" fetchpriority=\"high\" decoding=\"async\" class=\"wp-image-8913 alignright\" src=\"https:\/\/i0.wp.com\/elfix.ba\/wp-content\/uploads\/2021\/06\/images-1.jpg?resize=207%2C292&#038;ssl=1\" alt=\"\" width=\"207\" height=\"292\" \/><\/p>\n<p>vode. Mogu\u0107nost rada u visokotemperaturnom i niskotemperaturnom re\u017eimu rada.<\/p>\n<p>Automatika toplotne pumpe omogu\u0107uje rad u 5 razli\u010ditih re\u017eima:<\/p>\n<ol>\n<li>grijanje,<\/li>\n<li>hladjenje,<\/li>\n<li>zagrijavanje sanitarne vode,<\/li>\n<li>grijanje i zagrijavanje sanitarne vode,<\/li>\n<li>hladjenje i zagrijavanje sanitarne vode,<\/li>\n<\/ol>\n<p>Upravljanje sa dva dodatna izvora energije, mogu\u0107nost rada grijanja u sigurnosnom modu (ukoliko dodje do prekida rada vanjske jedinice, unutra\u0161nja jedinica preuzima funkciju grijanja preko elektro bloka 6kW). Mogu\u0107nost programiranja u re\u017eimu grijanja pri odsutvu od ku\u0107e (za\u0161tita instalacija od smrzavanja), mogu\u0107nost brzog zagrijavanja sanitarne vode, mogu\u0107nost programiranja radu u tihom re\u017eimu (vanjska jedinica radi sa niskom bukom); mogu\u0107nost grijanja na osnovu senzora unutra\u0161nje temperature, mod za dezinfekciju sanitarne vode, mod za uklanjanje vazduha u sistemu, mod za zagrijavanja i su\u0161enja ko\u0161uljice podnim grijanjem.<\/p>\n<p>Toplotne pumpe su opremljene sa: elektronskom cirukulacionom pumpom, ekpanzijonom posudom 10l, sigurnosim ventilom, senzorom protoka vode, manometrima,\u00a0 backup modulom elektri\u010dnom blokom sa el. grija\u010dima 6kW, senzorima vanjske temperature, senzorima unutra\u0161nje temperature, senzorima za mjerenje temp. sanitarne vode, senzorima temp. za mjerenje polazne vode, senzorima temp. za mjerenje povratne vode, komplet automatikom, konukacionim kablom proizvo\u0111a\u010d Gree Electric Appliances<\/p>\n<p><img data-recalc-dims=\"1\" decoding=\"async\" class=\"size-full wp-image-15573 aligncenter\" src=\"https:\/\/i0.wp.com\/coolmarket.ba\/wp-content\/uploads\/2024\/07\/Grijanje-Vodoinstalacije-klimatizacija-2.png?resize=1170%2C433&#038;ssl=1\" alt=\"\" width=\"1170\" height=\"433\" srcset=\"https:\/\/i0.wp.com\/coolmarket.ba\/wp-content\/uploads\/2024\/07\/Grijanje-Vodoinstalacije-klimatizacija-2.png?w=1170&amp;ssl=1 1170w, https:\/\/i0.wp.com\/coolmarket.ba\/wp-content\/uploads\/2024\/07\/Grijanje-Vodoinstalacije-klimatizacija-2.png?resize=300%2C111&amp;ssl=1 300w, https:\/\/i0.wp.com\/coolmarket.ba\/wp-content\/uploads\/2024\/07\/Grijanje-Vodoinstalacije-klimatizacija-2.png?resize=1024%2C379&amp;ssl=1 1024w, https:\/\/i0.wp.com\/coolmarket.ba\/wp-content\/uploads\/2024\/07\/Grijanje-Vodoinstalacije-klimatizacija-2.png?resize=768%2C284&amp;ssl=1 768w, https:\/\/i0.wp.com\/coolmarket.ba\/wp-content\/uploads\/2024\/07\/Grijanje-Vodoinstalacije-klimatizacija-2.png?resize=18%2C7&amp;ssl=1 18w, https:\/\/i0.wp.com\/coolmarket.ba\/wp-content\/uploads\/2024\/07\/Grijanje-Vodoinstalacije-klimatizacija-2.png?resize=600%2C222&amp;ssl=1 600w, https:\/\/i0.wp.com\/coolmarket.ba\/wp-content\/uploads\/2024\/07\/Grijanje-Vodoinstalacije-klimatizacija-2.png?resize=64%2C24&amp;ssl=1 64w\" sizes=\"(max-width: 1170px) 100vw, 1170px\" \/><\/p>\n<p>&nbsp;<\/p>\n<p><strong>CoolMarket<\/strong> je va\u0161 pouzdani partner za prodaju, ugradnju i odr\u017eavanje klima ure\u0111aja, toplotnih pumpi te sistema za vodu i grijanje. Na\u0161a stru\u010dnost osigurava kvalitetne proizvode i vrhunske usluge kako bi va\u0161 dom ili poslovni prostor bio udoban i funkcionalan. Kontaktirajte nas za sve potrebe vezane za klimatizaciju, grijanje i vodoinstalacije. Dostupni smo na Viber i Whatsapp\u00a0 +387 62 53 53 50<\/p>","protected":false},"excerpt":{"rendered":"<p>&#8216;- Grijanje i hla\u0111enje prostora te grijanje potro\u0161ne tople vode do 60 \u030aC<br \/>\n&#8211; Split izvedba: vanjska i unutarnja jedinica (hidrobox)<br \/>\n&#8211; Dvostepeni kompresor koji omogu\u0107ava grijanje vode <strong>do 60\u00b0C<\/strong><br \/>\n&#8211; Mogu\u0107e spajanje sa solarnim panelima za automatsku kontrolu grijanja vode<br \/>\n&#8211; Visoka temperatura izlazne vode, \u0161iroki raspon temperature rada<\/p>","protected":false},"featured_media":14744,"template":"","meta":{"om_disable_all_campaigns":false,"_monsterinsights_skip_tracking":false,"_monsterinsights_sitenote_active":false,"_monsterinsights_sitenote_note":"","_monsterinsights_sitenote_category":0},"product_cat":[780,366],"product_tag":[785,541,551,552,786],"class_list":{"0":"post-15109","1":"product","2":"type-product","3":"status-publish","4":"has-post-thumbnail","6":"product_cat-gree-toplotne-pumpe","7":"product_cat-toplotne-pumpe","8":"product_tag-gree","9":"product_tag-gree-bih","10":"product_tag-gree-ovlasteni-prodajni-zastupnik","11":"product_tag-gree-ovlasteni-servis","12":"product_tag-gree-toplotna-pumpa","14":"first","15":"onbackorder","16":"taxable","17":"shipping-taxable","18":"product-type-simple"},"aioseo_notices":[],"_links":{"self":[{"href":"https:\/\/coolmarket.ba\/bs\/wp-json\/wp\/v2\/product\/15109","targetHints":{"allow":["GET"]}}],"collection":[{"href":"https:\/\/coolmarket.ba\/bs\/wp-json\/wp\/v2\/product"}],"about":[{"href":"https:\/\/coolmarket.ba\/bs\/wp-json\/wp\/v2\/types\/product"}],"wp:featuredmedia":[{"embeddable":true,"href":"https:\/\/coolmarket.ba\/bs\/wp-json\/wp\/v2\/media\/14744"}],"wp:attachment":[{"href":"https:\/\/coolmarket.ba\/bs\/wp-json\/wp\/v2\/media?parent=15109"}],"wp:term":[{"taxonomy":"product_cat","embeddable":true,"href":"https:\/\/coolmarket.ba\/bs\/wp-json\/wp\/v2\/product_cat?post=15109"},{"taxonomy":"product_tag","embeddable":true,"href":"https:\/\/coolmarket.ba\/bs\/wp-json\/wp\/v2\/product_tag?post=15109"}],"curies":[{"name":"wp","href":"https:\/\/api.w.org\/{rel}","templated":true}]}}