{"id":15096,"date":"2023-03-08T09:42:25","date_gmt":"2023-03-08T09:42:25","guid":{"rendered":"https:\/\/coolmarket.ba\/?post_type=product&#038;p=15096"},"modified":"2024-09-12T19:10:39","modified_gmt":"2024-09-12T19:10:39","slug":"toplotna-pumpa-gree-versati-ii-8kw-grs-cq8-0pd-nae-k-monofazna","status":"publish","type":"product","link":"https:\/\/coolmarket.ba\/bs\/proizvod\/toplotna-pumpa-gree-versati-ii-8kw-grs-cq8-0pd-nae-k-monofazna\/","title":{"rendered":"TOPLOTNA PUMPA GREE VERSATI II 8kW GRS-CQ8.0Pd\/NaE-K monofazna"},"content":{"rendered":"<h3><strong>VERSATI II<\/strong><br \/>\n<strong>TOPLOTNA PUMPA ZRAK-VODA<\/strong><br \/>\n<strong>SPLIT IZVEDBE<\/strong><\/h3>\n<p>Versati II je visokoefikasna multifunkcionalna Super DC Inverter vazduh-voda toplotna pumpa koristi naprednu tehnologiju toplotnih pumpi, koriste\u0107i prirodnu toplotu spolja\u0161njeg vazduha za zagrijavanja prostorija \u010dak i pri ekstremno niskim temperaturama \u00a0-20*C, primemu vode za \u00a0sanitarnu upotrebu i hla\u0111enje prostorija tokom ljetnih mjeseci. Napredna automatika omogu\u0107uje potpunu kontrolu cijelog sistema, podnog grijanja, nisko-temperaturnog radijatorskog grijanja, sanitarne tople vode, fan coil ure\u0111aja u re\u017eimu grijanja i hla\u0111enja i dodatnog izvora energije (gasnog kotla, elektro kotla). Koristi freon R410 koji je ekolo\u0161ki prihvatljiv.<\/p>\n<p><img data-recalc-dims=\"1\" fetchpriority=\"high\" decoding=\"async\" class=\"size-full wp-image-15573 aligncenter\" src=\"https:\/\/i0.wp.com\/coolmarket.ba\/wp-content\/uploads\/2024\/07\/Grijanje-Vodoinstalacije-klimatizacija-2.png?resize=1170%2C433&#038;ssl=1\" alt=\"\" width=\"1170\" height=\"433\" srcset=\"https:\/\/i0.wp.com\/coolmarket.ba\/wp-content\/uploads\/2024\/07\/Grijanje-Vodoinstalacije-klimatizacija-2.png?w=1170&amp;ssl=1 1170w, https:\/\/i0.wp.com\/coolmarket.ba\/wp-content\/uploads\/2024\/07\/Grijanje-Vodoinstalacije-klimatizacija-2.png?resize=300%2C111&amp;ssl=1 300w, https:\/\/i0.wp.com\/coolmarket.ba\/wp-content\/uploads\/2024\/07\/Grijanje-Vodoinstalacije-klimatizacija-2.png?resize=1024%2C379&amp;ssl=1 1024w, https:\/\/i0.wp.com\/coolmarket.ba\/wp-content\/uploads\/2024\/07\/Grijanje-Vodoinstalacije-klimatizacija-2.png?resize=768%2C284&amp;ssl=1 768w, https:\/\/i0.wp.com\/coolmarket.ba\/wp-content\/uploads\/2024\/07\/Grijanje-Vodoinstalacije-klimatizacija-2.png?resize=18%2C7&amp;ssl=1 18w, https:\/\/i0.wp.com\/coolmarket.ba\/wp-content\/uploads\/2024\/07\/Grijanje-Vodoinstalacije-klimatizacija-2.png?resize=600%2C222&amp;ssl=1 600w, https:\/\/i0.wp.com\/coolmarket.ba\/wp-content\/uploads\/2024\/07\/Grijanje-Vodoinstalacije-klimatizacija-2.png?resize=64%2C24&amp;ssl=1 64w\" sizes=\"(max-width: 1170px) 100vw, 1170px\" \/><\/p>\n<p>&nbsp;<\/p>\n<p><strong>CoolMarket<\/strong> je va\u0161 pouzdani partner za prodaju, ugradnju i odr\u017eavanje klima ure\u0111aja, toplotnih pumpi te sistema za vodu i grijanje. Na\u0161a stru\u010dnost osigurava kvalitetne proizvode i vrhunske usluge kako bi va\u0161 dom ili poslovni prostor bio udoban i funkcionalan. Kontaktirajte nas za sve potrebe vezane za klimatizaciju, grijanje i vodoinstalacije. Dostupni smo na Viber i Whatsapp\u00a0 +387 62 53 53 50<\/p>","protected":false},"excerpt":{"rendered":"<p>&#8216;- Grijanje i hla\u0111enje prostora te grijanje<br \/>\npotro\u0161ne tople vode do 55 \u030aC<br \/>\n&#8211; Split izvedba: vanjska i unutra\u0161nja<br \/>\njedinica (hidrobox)<br \/>\n&#8211; Twin rotary DC inverter kompresor<br \/>\n&#8211; Mogu\u0107nost integrisanja s drugim<br \/>\nizvorom topline<\/p>\n<p>Do -20\u00b0C radni re\u017eim grijanja<\/p>","protected":false},"featured_media":14743,"template":"","meta":{"om_disable_all_campaigns":false,"_monsterinsights_skip_tracking":false,"_monsterinsights_sitenote_active":false,"_monsterinsights_sitenote_note":"","_monsterinsights_sitenote_category":0},"product_cat":[780,366],"product_tag":[],"class_list":{"0":"post-15096","1":"product","2":"type-product","3":"status-publish","4":"has-post-thumbnail","6":"product_cat-gree-toplotne-pumpe","7":"product_cat-toplotne-pumpe","9":"first","10":"onbackorder","11":"taxable","12":"shipping-taxable","13":"product-type-simple"},"aioseo_notices":[],"_links":{"self":[{"href":"https:\/\/coolmarket.ba\/bs\/wp-json\/wp\/v2\/product\/15096","targetHints":{"allow":["GET"]}}],"collection":[{"href":"https:\/\/coolmarket.ba\/bs\/wp-json\/wp\/v2\/product"}],"about":[{"href":"https:\/\/coolmarket.ba\/bs\/wp-json\/wp\/v2\/types\/product"}],"wp:featuredmedia":[{"embeddable":true,"href":"https:\/\/coolmarket.ba\/bs\/wp-json\/wp\/v2\/media\/14743"}],"wp:attachment":[{"href":"https:\/\/coolmarket.ba\/bs\/wp-json\/wp\/v2\/media?parent=15096"}],"wp:term":[{"taxonomy":"product_cat","embeddable":true,"href":"https:\/\/coolmarket.ba\/bs\/wp-json\/wp\/v2\/product_cat?post=15096"},{"taxonomy":"product_tag","embeddable":true,"href":"https:\/\/coolmarket.ba\/bs\/wp-json\/wp\/v2\/product_tag?post=15096"}],"curies":[{"name":"wp","href":"https:\/\/api.w.org\/{rel}","templated":true}]}}