{"id":15094,"date":"2023-03-08T09:42:25","date_gmt":"2023-03-08T09:42:25","guid":{"rendered":"https:\/\/coolmarket.ba\/?post_type=product&#038;p=15094"},"modified":"2024-09-12T19:10:17","modified_gmt":"2024-09-12T19:10:17","slug":"haier-toplotna-pumpa-au082fycra-hw-78kw-monoblok-monofazna","status":"publish","type":"product","link":"https:\/\/coolmarket.ba\/bs\/proizvod\/haier-toplotna-pumpa-au082fycra-hw-78kw-monoblok-monofazna\/","title":{"rendered":"Haier TOPLOTNA PUMPA AU082FYCRA (HW) 7,8KW monoblok monofazna"},"content":{"rendered":"<section class=\"section\">\n<div class=\"item item-12\">\n<section class=\"text-item\">\n<h1>Brzo zagrijavanje<\/h1>\n<p>Mogu\u0107nost sinhronizacije s mnogim vrstama grijanja, ventilatorskim konvektorima ili podnim grijanjem garantira brzinu<\/p>\n<p>grijanje prostora.\u00a0Precizni senzori omogu\u0107avaju pode\u0161avanje i postizanje ta\u010dne temperature u sobama.<\/p>\n<\/section>\n<\/div>\n<\/section>\n<section class=\"section\">\n<div class=\"item item-6\">\n<section class=\"image-item\"><img data-recalc-dims=\"1\" decoding=\"async\" src=\"https:\/\/i0.wp.com\/niebieskiklimat.pl\/data\/gfx\/pictures\/large\/1\/5\/19351_4.jpg?w=1300&#038;ssl=1\" \/><\/section>\n<\/div>\n<div class=\"item item-6\">\n<section class=\"text-item\">\n<h1>Prednosti:<\/h1>\n<ul>\n<li>mogu\u0107nost sinhronizacije s mnogim vrstama grijanja, ventilatorskim konvektorima ili podnim grijanjem<\/li>\n<li>vi\u0161estepeno smanjenje buke<\/li>\n<li>inteligentna tehnologija protiv smrzavanja<\/li>\n<li>radne temperature od -25\u02daC ~ 50\u02daC, ure\u0111aj je prilago\u0111en za rad u svim vremenskim uvjetima<\/li>\n<li>ECO-PILOT senzori: efikasni eco-pilot senzori \u0161tede energiju za 67%, a istovremeno nude udobnost i udobnost<img data-recalc-dims=\"1\" fetchpriority=\"high\" decoding=\"async\" class=\"alignright\" src=\"https:\/\/i0.wp.com\/niebieskiklimat.pl\/data\/gfx\/pictures\/large\/1\/5\/19351_5.jpg?resize=384%2C135&#038;ssl=1\" width=\"384\" height=\"135\" \/><\/li>\n<li>ekolo\u0161ko rashladno sredstvo R32<\/li>\n<li>ugra\u0111eni hidrauli\u010dni modul<\/li>\n<\/ul>\n<\/section>\n<\/div>\n<\/section>\n<section class=\"section\">\n<div class=\"item item-6\">\n<section class=\"text-item\">\n<h1>Tih rad<\/h1>\n<p>Kompresor izmjeni\u010dne struje i motor ventilatora istosmjerne struje omogu\u0107avaju rad na najni\u017eoj razini buke.\u00a0Pored toga, elementi koji stvaraju najvi\u0161e buke u ure\u0111aju prekriveni su posebnim materijalom koji apsorbira zvuk.<\/p>\n<\/section>\n<\/div>\n<\/section>\n<section class=\"section\">\n<div class=\"item item-6\">\n<section class=\"text-item\"><img data-recalc-dims=\"1\" decoding=\"async\" class=\"alignleft\" src=\"https:\/\/i0.wp.com\/niebieskiklimat.pl\/data\/gfx\/pictures\/large\/1\/5\/19351_6.jpg?resize=321%2C178&#038;ssl=1\" width=\"321\" height=\"178\" \/><\/p>\n<h1>Inteligentna tehnologija protiv smrzavanja<\/h1>\n<p>&nbsp;<\/p>\n<p>Automatska procjena temperaturnih razlika kako bi se osigurala ta\u010dna temperatura vode i medija u sistemu, \u0161tite\u0107i ure\u0111aj od smrzavanja zimi<\/p>\n<p>.<\/p>\n<\/section>\n<\/div>\n<\/section>\n<section class=\"section\">\n<div class=\"item item-6\">\n<section class=\"image-item\"><img data-recalc-dims=\"1\" decoding=\"async\" src=\"https:\/\/i0.wp.com\/niebieskiklimat.pl\/data\/gfx\/pictures\/large\/1\/5\/19351_7.jpg?w=1300&#038;ssl=1\" \/><\/section>\n<\/div>\n<div class=\"item item-6\">\n<section class=\"image-item\"><img data-recalc-dims=\"1\" decoding=\"async\" src=\"https:\/\/i0.wp.com\/niebieskiklimat.pl\/data\/gfx\/pictures\/large\/1\/5\/19351_8.jpg?w=1300&#038;ssl=1\" \/><\/section>\n<section><img data-recalc-dims=\"1\" decoding=\"async\" class=\"size-full wp-image-15573 aligncenter\" src=\"https:\/\/i0.wp.com\/coolmarket.ba\/wp-content\/uploads\/2024\/07\/Grijanje-Vodoinstalacije-klimatizacija-2.png?resize=1170%2C433&#038;ssl=1\" alt=\"\" width=\"1170\" height=\"433\" srcset=\"https:\/\/i0.wp.com\/coolmarket.ba\/wp-content\/uploads\/2024\/07\/Grijanje-Vodoinstalacije-klimatizacija-2.png?w=1170&amp;ssl=1 1170w, https:\/\/i0.wp.com\/coolmarket.ba\/wp-content\/uploads\/2024\/07\/Grijanje-Vodoinstalacije-klimatizacija-2.png?resize=300%2C111&amp;ssl=1 300w, https:\/\/i0.wp.com\/coolmarket.ba\/wp-content\/uploads\/2024\/07\/Grijanje-Vodoinstalacije-klimatizacija-2.png?resize=1024%2C379&amp;ssl=1 1024w, https:\/\/i0.wp.com\/coolmarket.ba\/wp-content\/uploads\/2024\/07\/Grijanje-Vodoinstalacije-klimatizacija-2.png?resize=768%2C284&amp;ssl=1 768w, https:\/\/i0.wp.com\/coolmarket.ba\/wp-content\/uploads\/2024\/07\/Grijanje-Vodoinstalacije-klimatizacija-2.png?resize=18%2C7&amp;ssl=1 18w, https:\/\/i0.wp.com\/coolmarket.ba\/wp-content\/uploads\/2024\/07\/Grijanje-Vodoinstalacije-klimatizacija-2.png?resize=600%2C222&amp;ssl=1 600w, https:\/\/i0.wp.com\/coolmarket.ba\/wp-content\/uploads\/2024\/07\/Grijanje-Vodoinstalacije-klimatizacija-2.png?resize=64%2C24&amp;ssl=1 64w\" sizes=\"(max-width: 1170px) 100vw, 1170px\" \/><\/p>\n<p>&nbsp;<\/p>\n<p><strong>CoolMarket<\/strong> je va\u0161 pouzdani partner za prodaju, ugradnju i odr\u017eavanje klima ure\u0111aja, toplotnih pumpi te sistema za vodu i grijanje. Na\u0161a stru\u010dnost osigurava kvalitetne proizvode i vrhunske usluge kako bi va\u0161 dom ili poslovni prostor bio udoban i funkcionalan. Kontaktirajte nas za sve potrebe vezane za klimatizaciju, grijanje i vodoinstalacije. Dostupni smo na Viber i Whatsapp\u00a0 +387 62 53 53 50<\/p>\n<\/section>\n<\/div>\n<\/section>","protected":false},"excerpt":{"rendered":"<p>U ponudu ulazi:<\/p>\n<p>\u2022 toplotna pumpa<\/p>\n<p>\u2022 eksterni modul<\/p>\n<p>\u2022 Kompresor izmjeni\u010dne struje i motor ventilatora istosmjerne struje<\/p>\n<p>\u2022 \u017ei\u010dani kontroler<\/p>\n<p>\u2022 senzori temperature: vanjski, sistem grijanja, topla voda za doma\u0107instvo<\/p>\n<p>\u2022 hladna izolacija<\/p>","protected":false},"featured_media":14742,"template":"","meta":{"om_disable_all_campaigns":false,"_monsterinsights_skip_tracking":false,"_monsterinsights_sitenote_active":false,"_monsterinsights_sitenote_note":"","_monsterinsights_sitenote_category":0},"product_cat":[776,366],"product_tag":[],"class_list":{"0":"post-15094","1":"product","2":"type-product","3":"status-publish","4":"has-post-thumbnail","6":"product_cat-haier-toplotne-pumpe","7":"product_cat-toplotne-pumpe","9":"first","10":"onbackorder","11":"taxable","12":"shipping-taxable","13":"product-type-simple"},"aioseo_notices":[],"_links":{"self":[{"href":"https:\/\/coolmarket.ba\/bs\/wp-json\/wp\/v2\/product\/15094","targetHints":{"allow":["GET"]}}],"collection":[{"href":"https:\/\/coolmarket.ba\/bs\/wp-json\/wp\/v2\/product"}],"about":[{"href":"https:\/\/coolmarket.ba\/bs\/wp-json\/wp\/v2\/types\/product"}],"wp:featuredmedia":[{"embeddable":true,"href":"https:\/\/coolmarket.ba\/bs\/wp-json\/wp\/v2\/media\/14742"}],"wp:attachment":[{"href":"https:\/\/coolmarket.ba\/bs\/wp-json\/wp\/v2\/media?parent=15094"}],"wp:term":[{"taxonomy":"product_cat","embeddable":true,"href":"https:\/\/coolmarket.ba\/bs\/wp-json\/wp\/v2\/product_cat?post=15094"},{"taxonomy":"product_tag","embeddable":true,"href":"https:\/\/coolmarket.ba\/bs\/wp-json\/wp\/v2\/product_tag?post=15094"}],"curies":[{"name":"wp","href":"https:\/\/api.w.org\/{rel}","templated":true}]}}