{"id":15090,"date":"2023-03-08T09:42:25","date_gmt":"2023-03-08T09:42:25","guid":{"rendered":"https:\/\/coolmarket.ba\/?post_type=product&#038;p=15090"},"modified":"2024-09-12T19:08:51","modified_gmt":"2024-09-12T19:08:51","slug":"fujitsu-podno-stropni-klima-inverter-abyg-18lvt-5kw-18ka","status":"publish","type":"product","link":"https:\/\/coolmarket.ba\/bs\/proizvod\/fujitsu-podno-stropni-klima-inverter-abyg-18lvt-5kw-18ka\/","title":{"rendered":"FUJITSU PODNO STROPNI KLIMA INVERTER ABYG18LVTA AOYG18LBCB 5,2\/6,0kW (18ka)"},"content":{"rendered":"<table>\n<tbody>\n<tr class=\"istaknuto\">\n<td><strong><span style=\"vertical-align: inherit;\"><span style=\"vertical-align: inherit;\">Na\u010din rada<\/span><\/span><\/strong><\/td>\n<td><\/td>\n<td><strong><span style=\"vertical-align: inherit;\"><span style=\"vertical-align: inherit;\">Hla\u0111enje<\/span><\/span><\/strong><\/td>\n<td><strong><span style=\"vertical-align: inherit;\"><span style=\"vertical-align: inherit;\">Grijanje<\/span><\/span><\/strong><\/td>\n<\/tr>\n<tr>\n<td><span style=\"vertical-align: inherit;\"><span style=\"vertical-align: inherit;\">Kapacitet<\/span><\/span><\/td>\n<td><span style=\"vertical-align: inherit;\"><span style=\"vertical-align: inherit;\">kW<\/span><\/span><\/td>\n<td><span style=\"vertical-align: inherit;\"><span style=\"vertical-align: inherit;\">5,20<\/span><\/span><\/td>\n<td><span style=\"vertical-align: inherit;\"><span style=\"vertical-align: inherit;\">6,00<\/span><\/span><\/td>\n<\/tr>\n<tr>\n<td><span style=\"vertical-align: inherit;\"><span style=\"vertical-align: inherit;\">Ulazna snaga<\/span><\/span><\/td>\n<td><span style=\"vertical-align: inherit;\"><span style=\"vertical-align: inherit;\">kW<\/span><\/span><\/td>\n<td><span style=\"vertical-align: inherit;\"><span style=\"vertical-align: inherit;\">1,62<\/span><\/span><\/td>\n<td><span style=\"vertical-align: inherit;\"><span style=\"vertical-align: inherit;\">1,66<\/span><\/span><\/td>\n<\/tr>\n<tr>\n<td><span style=\"vertical-align: inherit;\"><span style=\"vertical-align: inherit;\">SEER \u2013 Energetska klasa \u2013 Hla\u0111enje<\/span><\/span><\/td>\n<td><span style=\"vertical-align: inherit;\"><span style=\"vertical-align: inherit;\">W\/W<\/span><\/span><\/td>\n<td><span style=\"vertical-align: inherit;\"><span style=\"vertical-align: inherit;\">6,10-A++<\/span><\/span><\/td>\n<td><span style=\"vertical-align: inherit;\"><span style=\"vertical-align: inherit;\">\u2013<\/span><\/span><\/td>\n<\/tr>\n<tr>\n<td><span style=\"vertical-align: inherit;\"><span style=\"vertical-align: inherit;\">SCOP \u2013 Energetska klasa \u2013 Grijanje<\/span><\/span><\/td>\n<td><span style=\"vertical-align: inherit;\"><span style=\"vertical-align: inherit;\">W\/W<\/span><\/span><\/td>\n<td><span style=\"vertical-align: inherit;\"><span style=\"vertical-align: inherit;\">\u2013<\/span><\/span><\/td>\n<td><span style=\"vertical-align: inherit;\"><span style=\"vertical-align: inherit;\">4,00-A+<\/span><\/span><\/td>\n<\/tr>\n<tr>\n<td><span style=\"vertical-align: inherit;\"><span style=\"vertical-align: inherit;\">Ja\u010dina struje<\/span><\/span><\/td>\n<td><span style=\"vertical-align: inherit;\"><span style=\"vertical-align: inherit;\">A<\/span><\/span><\/td>\n<td><span style=\"vertical-align: inherit;\"><span style=\"vertical-align: inherit;\">7,1<\/span><\/span><\/td>\n<td><span style=\"vertical-align: inherit;\"><span style=\"vertical-align: inherit;\">7,3,<\/span><\/span><\/td>\n<\/tr>\n<tr>\n<td><span style=\"vertical-align: inherit;\"><span style=\"vertical-align: inherit;\">Godi\u0161nja potro\u0161nja<\/span><\/span><\/td>\n<td><span style=\"vertical-align: inherit;\"><span style=\"vertical-align: inherit;\">kWh\/a<\/span><\/span><\/td>\n<td><span style=\"vertical-align: inherit;\"><span style=\"vertical-align: inherit;\">298<\/span><\/span><\/td>\n<td><span style=\"vertical-align: inherit;\"><span style=\"vertical-align: inherit;\">1819<\/span><\/span><\/td>\n<\/tr>\n<tr>\n<td><span style=\"vertical-align: inherit;\"><span style=\"vertical-align: inherit;\">Podru\u010dje rada<\/span><\/span><\/td>\n<td><span style=\"vertical-align: inherit;\"><span style=\"vertical-align: inherit;\">\u00b0CDB<\/span><\/span><\/td>\n<td><span style=\"vertical-align: inherit;\"><span style=\"vertical-align: inherit;\">-10~46<\/span><\/span><\/td>\n<td><span style=\"vertical-align: inherit;\"><span style=\"vertical-align: inherit;\">-15~24<\/span><\/span><\/td>\n<\/tr>\n<tr>\n<td><\/td>\n<td><\/td>\n<td><\/td>\n<td><\/td>\n<\/tr>\n<tr class=\"istaknuto\">\n<td><strong><span style=\"vertical-align: inherit;\"><span style=\"vertical-align: inherit;\">Jedinica<\/span><\/span><\/strong><\/td>\n<td><\/td>\n<td><strong><span style=\"vertical-align: inherit;\"><span style=\"vertical-align: inherit;\">Unutarnja<\/span><\/span><\/strong><\/td>\n<td><strong><span style=\"vertical-align: inherit;\"><span style=\"vertical-align: inherit;\">Vanjska<\/span><\/span><\/strong><\/td>\n<\/tr>\n<tr>\n<td><span style=\"vertical-align: inherit;\"><span style=\"vertical-align: inherit;\">Protok zraka (visoko)<\/span><\/span><\/td>\n<td><span style=\"vertical-align: inherit;\"><span style=\"vertical-align: inherit;\">m3\/h<\/span><\/span><\/td>\n<td><span style=\"vertical-align: inherit;\"><span style=\"vertical-align: inherit;\">780<\/span><\/span><\/td>\n<td><span style=\"vertical-align: inherit;\"><span style=\"vertical-align: inherit;\">2.000<\/span><\/span><\/td>\n<\/tr>\n<tr>\n<td><span style=\"vertical-align: inherit;\"><span style=\"vertical-align: inherit;\">Dimenzije V x \u0160 x D<\/span><\/span><\/td>\n<td><span style=\"vertical-align: inherit;\"><span style=\"vertical-align: inherit;\">mm<\/span><\/span><\/td>\n<td><span style=\"vertical-align: inherit;\"><span style=\"vertical-align: inherit;\">199x990x655<\/span><\/span><\/td>\n<td><span style=\"vertical-align: inherit;\"><span style=\"vertical-align: inherit;\">578x790x300<\/span><\/span><\/td>\n<\/tr>\n<tr>\n<td><span style=\"vertical-align: inherit;\"><span style=\"vertical-align: inherit;\">Te\u017eina<\/span><\/span><\/td>\n<td><span style=\"vertical-align: inherit;\"><span style=\"vertical-align: inherit;\">kg(lbs)<\/span><\/span><\/td>\n<td><span style=\"vertical-align: inherit;\"><span style=\"vertical-align: inherit;\">27 (60)<\/span><\/span><\/td>\n<td><span style=\"vertical-align: inherit;\"><span style=\"vertical-align: inherit;\">40 (88)<\/span><\/span><\/td>\n<\/tr>\n<tr>\n<td><span style=\"vertical-align: inherit;\"><span style=\"vertical-align: inherit;\">Buka (H\/Q)<\/span><\/span><\/td>\n<td><span style=\"vertical-align: inherit;\"><span style=\"vertical-align: inherit;\">dB(A)<\/span><\/span><\/td>\n<td><span style=\"vertical-align: inherit;\"><span style=\"vertical-align: inherit;\">43\/40\/34\/31<\/span><\/span><\/td>\n<td><span style=\"vertical-align: inherit;\"><span style=\"vertical-align: inherit;\">50<\/span><\/span><\/td>\n<\/tr>\n<tr>\n<td><span style=\"vertical-align: inherit;\"><span style=\"vertical-align: inherit;\">Promjer ispusne cijevi<\/span><\/span><\/td>\n<td><span style=\"vertical-align: inherit;\"><span style=\"vertical-align: inherit;\">mm<\/span><\/span><\/td>\n<td><span style=\"vertical-align: inherit;\"><span style=\"vertical-align: inherit;\">21,5<\/span><\/span><\/td>\n<td><span style=\"vertical-align: inherit;\"><span style=\"vertical-align: inherit;\">26,0<\/span><\/span><\/td>\n<\/tr>\n<tr>\n<td><\/td>\n<td><\/td>\n<td><\/td>\n<td><\/td>\n<\/tr>\n<tr class=\"istaknuto\">\n<td><strong><span style=\"vertical-align: inherit;\"><span style=\"vertical-align: inherit;\">Sistemski podaci<\/span><\/span><\/strong><\/td>\n<td><\/td>\n<td><\/td>\n<td><\/td>\n<\/tr>\n<tr>\n<td><span style=\"vertical-align: inherit;\"><span style=\"vertical-align: inherit;\">Izvor energije<\/span><\/span><\/td>\n<td><span style=\"vertical-align: inherit;\"><span style=\"vertical-align: inherit;\">V\/O\/Hz<\/span><\/span><\/td>\n<td><span style=\"vertical-align: inherit;\"><span style=\"vertical-align: inherit;\">230\/1\/50<\/span><\/span><\/td>\n<td><\/td>\n<\/tr>\n<tr>\n<td><span style=\"vertical-align: inherit;\"><span style=\"vertical-align: inherit;\">Uklanjanje vlage<\/span><\/span><\/td>\n<td><span style=\"vertical-align: inherit;\"><span style=\"vertical-align: inherit;\">I\/h<\/span><\/span><\/td>\n<td><span style=\"vertical-align: inherit;\"><span style=\"vertical-align: inherit;\">2<\/span><\/span><\/td>\n<td><\/td>\n<\/tr>\n<tr>\n<td><span style=\"vertical-align: inherit;\"><span style=\"vertical-align: inherit;\">Cijevni priklju\u010dci ( Mali \/ Veliki )<\/span><\/span><\/td>\n<td><span style=\"vertical-align: inherit;\"><span style=\"vertical-align: inherit;\">mm<\/span><\/span><\/td>\n<td><span style=\"vertical-align: inherit;\"><span style=\"vertical-align: inherit;\">6,35\/12,70<\/span><\/span><\/td>\n<td><\/td>\n<\/tr>\n<tr>\n<td><span style=\"vertical-align: inherit;\"><span style=\"vertical-align: inherit;\">Maksimalna du\u017eina cijevi<\/span><\/span><\/td>\n<td><span style=\"vertical-align: inherit;\"><span style=\"vertical-align: inherit;\">m<\/span><\/span><\/td>\n<td><span style=\"vertical-align: inherit;\"><span style=\"vertical-align: inherit;\">25<\/span><\/span><\/td>\n<td><\/td>\n<\/tr>\n<tr>\n<td><span style=\"vertical-align: inherit;\"><span style=\"vertical-align: inherit;\">Maksimalna visinska razlika<\/span><\/span><\/td>\n<td><span style=\"vertical-align: inherit;\"><span style=\"vertical-align: inherit;\">m<\/span><\/span><\/td>\n<td><span style=\"vertical-align: inherit;\"><span style=\"vertical-align: inherit;\">15<\/span><\/span><\/td>\n<td><\/td>\n<\/tr>\n<tr>\n<td><span style=\"vertical-align: inherit;\"><span style=\"vertical-align: inherit;\">Rashladni medij<\/span><\/span><\/td>\n<td><\/td>\n<td><span style=\"vertical-align: inherit;\"><span style=\"vertical-align: inherit;\">R410A<\/span><\/span><\/td>\n<\/tr>\n<\/tbody>\n<\/table>\n<p>&nbsp;<\/p>\n<p><img data-recalc-dims=\"1\" fetchpriority=\"high\" decoding=\"async\" class=\"size-full wp-image-15573 aligncenter\" src=\"https:\/\/i0.wp.com\/coolmarket.ba\/wp-content\/uploads\/2024\/07\/Grijanje-Vodoinstalacije-klimatizacija-2.png?resize=1170%2C433&#038;ssl=1\" alt=\"\" width=\"1170\" height=\"433\" srcset=\"https:\/\/i0.wp.com\/coolmarket.ba\/wp-content\/uploads\/2024\/07\/Grijanje-Vodoinstalacije-klimatizacija-2.png?w=1170&amp;ssl=1 1170w, https:\/\/i0.wp.com\/coolmarket.ba\/wp-content\/uploads\/2024\/07\/Grijanje-Vodoinstalacije-klimatizacija-2.png?resize=300%2C111&amp;ssl=1 300w, https:\/\/i0.wp.com\/coolmarket.ba\/wp-content\/uploads\/2024\/07\/Grijanje-Vodoinstalacije-klimatizacija-2.png?resize=1024%2C379&amp;ssl=1 1024w, https:\/\/i0.wp.com\/coolmarket.ba\/wp-content\/uploads\/2024\/07\/Grijanje-Vodoinstalacije-klimatizacija-2.png?resize=768%2C284&amp;ssl=1 768w, https:\/\/i0.wp.com\/coolmarket.ba\/wp-content\/uploads\/2024\/07\/Grijanje-Vodoinstalacije-klimatizacija-2.png?resize=18%2C7&amp;ssl=1 18w, https:\/\/i0.wp.com\/coolmarket.ba\/wp-content\/uploads\/2024\/07\/Grijanje-Vodoinstalacije-klimatizacija-2.png?resize=600%2C222&amp;ssl=1 600w, https:\/\/i0.wp.com\/coolmarket.ba\/wp-content\/uploads\/2024\/07\/Grijanje-Vodoinstalacije-klimatizacija-2.png?resize=64%2C24&amp;ssl=1 64w\" sizes=\"(max-width: 1170px) 100vw, 1170px\" \/><\/p>\n<p>&nbsp;<\/p>\n<p><strong>CoolMarket<\/strong> je va\u0161 pouzdani partner za prodaju, ugradnju i odr\u017eavanje klima ure\u0111aja, toplotnih pumpi te sistema za vodu i grijanje. Na\u0161a stru\u010dnost osigurava kvalitetne proizvode i vrhunske usluge kako bi va\u0161 dom ili poslovni prostor bio udoban i funkcionalan. Kontaktirajte nas za sve potrebe vezane za klimatizaciju, grijanje i vodoinstalacije. Dostupni smo na Viber i Whatsapp\u00a0 +387 62 53 53 50<\/p>","protected":false},"excerpt":{"rendered":"<ul>\n<li><span style=\"vertical-align: inherit;\"><span style=\"vertical-align: inherit;\">Kompaktnih dimenzija za podnu i stropnu ugradnju<\/span><\/span><\/li>\n<li><span style=\"vertical-align: inherit;\"><span style=\"vertical-align: inherit;\">DC-inverter i DC-ventilatorski motor energetski u\u010dinkovit (A-razred) i tihi na\u010din rada<\/span><\/span><\/li>\n<li><span style=\"vertical-align: inherit;\"><span style=\"vertical-align: inherit;\">Inovativni V-PAM Inverter tehnologija<\/span><\/span><\/li>\n<li><span style=\"vertical-align: inherit;\"><span style=\"vertical-align: inherit;\">Optimalna cirkulacija zraka u svim smjerovima<\/span><\/span><\/li>\n<li><span style=\"vertical-align: inherit;\"><span style=\"vertical-align: inherit;\">Booster funkcija omogu\u0107ava sa dva izlaza<\/span><\/span><\/li>\n<li><span style=\"vertical-align: inherit;\"><span style=\"vertical-align: inherit;\">Optimalna distribucija zraka sa funkcijom automatskog ljuljanja<\/span><\/span><\/li>\n<li><span style=\"vertical-align: inherit;\"><span style=\"vertical-align: inherit;\">IR daljinski upravlja\u010d<\/span><\/span><\/li>\n<li><span style=\"vertical-align: inherit;\"><span style=\"vertical-align: inherit;\">Dostupna opcija zidnog daljinskog upravlja\u010da<\/span><\/span><\/li>\n<\/ul>","protected":false},"featured_media":14738,"template":"","meta":{"om_disable_all_campaigns":false,"_monsterinsights_skip_tracking":false,"_monsterinsights_sitenote_active":false,"_monsterinsights_sitenote_note":"","_monsterinsights_sitenote_category":0},"product_cat":[654,764,765],"product_tag":[766,720,748,732,767],"class_list":{"0":"post-15090","1":"product","2":"type-product","3":"status-publish","4":"has-post-thumbnail","6":"product_cat-fujitsu","7":"product_cat-podno-stropne-klime","8":"product_cat-podno-stropne-klime-do-50m2","9":"product_tag-fujistu-komercijalni-klima-uredjaji","10":"product_tag-fujitsu-5kw","11":"product_tag-fujitsu-ovlasteni-prodajni-zastupnik","12":"product_tag-fujitsu-ovlasteni-servis","13":"product_tag-fujitsu-podno-stropne-klime","15":"first","16":"onbackorder","17":"taxable","18":"shipping-taxable","19":"purchasable","20":"product-type-simple"},"aioseo_notices":[],"_links":{"self":[{"href":"https:\/\/coolmarket.ba\/bs\/wp-json\/wp\/v2\/product\/15090","targetHints":{"allow":["GET"]}}],"collection":[{"href":"https:\/\/coolmarket.ba\/bs\/wp-json\/wp\/v2\/product"}],"about":[{"href":"https:\/\/coolmarket.ba\/bs\/wp-json\/wp\/v2\/types\/product"}],"wp:featuredmedia":[{"embeddable":true,"href":"https:\/\/coolmarket.ba\/bs\/wp-json\/wp\/v2\/media\/14738"}],"wp:attachment":[{"href":"https:\/\/coolmarket.ba\/bs\/wp-json\/wp\/v2\/media?parent=15090"}],"wp:term":[{"taxonomy":"product_cat","embeddable":true,"href":"https:\/\/coolmarket.ba\/bs\/wp-json\/wp\/v2\/product_cat?post=15090"},{"taxonomy":"product_tag","embeddable":true,"href":"https:\/\/coolmarket.ba\/bs\/wp-json\/wp\/v2\/product_tag?post=15090"}],"curies":[{"name":"wp","href":"https:\/\/api.w.org\/{rel}","templated":true}]}}