{"id":15089,"date":"2023-03-08T09:42:24","date_gmt":"2023-03-08T09:42:24","guid":{"rendered":"https:\/\/coolmarket.ba\/?post_type=product&#038;p=15089"},"modified":"2024-09-12T19:29:10","modified_gmt":"2024-09-12T19:29:10","slug":"fujitsu-podna-klima-inverter-agyg-12-lvc-3-5kw-12ka","status":"publish","type":"product","link":"https:\/\/coolmarket.ba\/bs\/proizvod\/fujitsu-podna-klima-inverter-agyg-12-lvc-3-5kw-12ka\/","title":{"rendered":"FUJITSU PODNA KLIMA INVERTER AGYG 12 LVC 3.5kW (12ka)"},"content":{"rendered":"<table>\n<tbody>\n<tr class=\"istaknuto\">\n<td><strong>Na\u010din rada<\/strong><\/td>\n<td><\/td>\n<td><strong>Hla\u0111enje<\/strong><\/td>\n<td><strong>Grijanje<\/strong><\/td>\n<\/tr>\n<tr>\n<td>Kapacitet<\/td>\n<td>kW<\/td>\n<td>3,5(0,9-4,0)<\/td>\n<td>4,5(0,9-6,6)<\/td>\n<\/tr>\n<tr>\n<td>Ulazna snaga<\/td>\n<td>kW<\/td>\n<td>0,94<\/td>\n<td>1,19<\/td>\n<\/tr>\n<tr>\n<td>SEER \u2013 Energetska klasa \u2013 Hla\u0111enje<\/td>\n<td>W\/W<\/td>\n<td>6,5-A++<\/td>\n<td>\u2013<\/td>\n<\/tr>\n<tr>\n<td>SCOP \u2013 Energetska klasa \u2013 Grijanje<\/td>\n<td>W\/W<\/td>\n<td>\u2013<\/td>\n<td>4,00-a+<\/td>\n<\/tr>\n<tr>\n<td>Ja\u010dina struje<\/td>\n<td>A<\/td>\n<td>4,4<\/td>\n<td>5,5<\/td>\n<\/tr>\n<tr>\n<td>Godi\u0161nja potro\u0161nja<\/td>\n<td>kWh\/a<\/td>\n<td>188<\/td>\n<td>1330<\/td>\n<\/tr>\n<tr>\n<td>Podru\u010dje rada<\/td>\n<td>\u00b0CDB<\/td>\n<td>-10-43<\/td>\n<td>-15-24<\/td>\n<\/tr>\n<tr>\n<td><\/td>\n<td><\/td>\n<td><\/td>\n<td><\/td>\n<\/tr>\n<tr class=\"istaknuto\">\n<td><strong>Jedinica<\/strong><\/td>\n<td><\/td>\n<td><strong>Unutarnja<\/strong><\/td>\n<td><strong>Vanjska<\/strong><\/td>\n<\/tr>\n<tr>\n<td>Protok zraka (high)<\/td>\n<td>m3\/h<\/td>\n<td>570<\/td>\n<td>1680<\/td>\n<\/tr>\n<tr>\n<td>Dimenzije V x \u0160 x D<\/td>\n<td>mm<\/td>\n<td>600X740X200<\/td>\n<td>540X790X290<\/td>\n<\/tr>\n<tr>\n<td>Te\u017eina<\/td>\n<td>kg(lbs)<\/td>\n<td>14(31)<\/td>\n<td>36(79)<\/td>\n<\/tr>\n<tr>\n<td>Buka (H\/Q)<\/td>\n<td>dB(A)<\/td>\n<td>40\/35\/29\/22<\/td>\n<td>48<\/td>\n<\/tr>\n<tr>\n<td>Promjer ispusne cijevi<\/td>\n<td>mm<\/td>\n<td>16<\/td>\n<td>29<\/td>\n<\/tr>\n<tr>\n<td><\/td>\n<td><\/td>\n<td><\/td>\n<td><\/td>\n<\/tr>\n<tr class=\"istaknuto\">\n<td><strong>Sistemski podaci<\/strong><\/td>\n<td><\/td>\n<td><\/td>\n<td><\/td>\n<\/tr>\n<tr>\n<td>Izvor energije<\/td>\n<td>V\/ O\/Hz<\/td>\n<td>230\/1\/50<\/td>\n<td><\/td>\n<\/tr>\n<tr>\n<td>Uklanjanje vlage<\/td>\n<td>I\/h<\/td>\n<td>1,8<\/td>\n<td><\/td>\n<\/tr>\n<tr>\n<td>Cijevni priklju\u010dci ( Mali \/ Veliki )<\/td>\n<td>mm<\/td>\n<td>6,35\/9,52<\/td>\n<td><\/td>\n<\/tr>\n<tr>\n<td>Maksimalna du\u017eina cijevi<\/td>\n<td>m<\/td>\n<td>20(15)<\/td>\n<td><\/td>\n<\/tr>\n<tr>\n<td>Maksimalna visinska razlika<\/td>\n<td>m<\/td>\n<td>15<\/td>\n<td><\/td>\n<\/tr>\n<tr>\n<td>Rashladni medij<\/td>\n<td><\/td>\n<td>R410a<\/td>\n<td><\/td>\n<\/tr>\n<\/tbody>\n<\/table>\n<p><img data-recalc-dims=\"1\" fetchpriority=\"high\" decoding=\"async\" class=\"size-full wp-image-15573 aligncenter\" src=\"https:\/\/i0.wp.com\/coolmarket.ba\/wp-content\/uploads\/2024\/07\/Grijanje-Vodoinstalacije-klimatizacija-2.png?resize=1170%2C433&#038;ssl=1\" alt=\"\" width=\"1170\" height=\"433\" srcset=\"https:\/\/i0.wp.com\/coolmarket.ba\/wp-content\/uploads\/2024\/07\/Grijanje-Vodoinstalacije-klimatizacija-2.png?w=1170&amp;ssl=1 1170w, https:\/\/i0.wp.com\/coolmarket.ba\/wp-content\/uploads\/2024\/07\/Grijanje-Vodoinstalacije-klimatizacija-2.png?resize=300%2C111&amp;ssl=1 300w, https:\/\/i0.wp.com\/coolmarket.ba\/wp-content\/uploads\/2024\/07\/Grijanje-Vodoinstalacije-klimatizacija-2.png?resize=1024%2C379&amp;ssl=1 1024w, https:\/\/i0.wp.com\/coolmarket.ba\/wp-content\/uploads\/2024\/07\/Grijanje-Vodoinstalacije-klimatizacija-2.png?resize=768%2C284&amp;ssl=1 768w, https:\/\/i0.wp.com\/coolmarket.ba\/wp-content\/uploads\/2024\/07\/Grijanje-Vodoinstalacije-klimatizacija-2.png?resize=18%2C7&amp;ssl=1 18w, https:\/\/i0.wp.com\/coolmarket.ba\/wp-content\/uploads\/2024\/07\/Grijanje-Vodoinstalacije-klimatizacija-2.png?resize=600%2C222&amp;ssl=1 600w, https:\/\/i0.wp.com\/coolmarket.ba\/wp-content\/uploads\/2024\/07\/Grijanje-Vodoinstalacije-klimatizacija-2.png?resize=64%2C24&amp;ssl=1 64w\" sizes=\"(max-width: 1170px) 100vw, 1170px\" \/><\/p>\n<p>&nbsp;<\/p>\n<p><strong>CoolMarket<\/strong> je va\u0161 pouzdani partner za prodaju, ugradnju i odr\u017eavanje klima ure\u0111aja, toplotnih pumpi te sistema za vodu i grijanje. Na\u0161a stru\u010dnost osigurava kvalitetne proizvode i vrhunske usluge kako bi va\u0161 dom ili poslovni prostor bio udoban i funkcionalan. Kontaktirajte nas za sve potrebe vezane za klimatizaciju, grijanje i vodoinstalacije. Dostupni smo na Viber i Whatsapp\u00a0 +387 62 53 53 50<\/p>","protected":false},"excerpt":{"rendered":"<ul>\n<li>Elegantan i kompaktan dizajn<\/li>\n<li>U radu kako klasi\u010dni klima ure\u0111aj( hla\u0111enje -10 \u00baC )<\/li>\n<li>Posebno sna\u017eni u na\u010dinu rada kao toplinska pumpa zrak-zrak \u010dak i na niskim vanjskim temperaturama ( grijanje -15 \u00baC )<\/li>\n<li>Visoka \u010distoca zahvaljuju\u010di standardnim filterima ionizacije i neugodnih mirisa<\/li>\n<li>Prakti\u010dno ne\u010dujni u radu<\/li>\n<li>Optimiziranja dvosmjerna distribucija zraka<\/li>\n<li>\u0160est razli\u010ditih mogu\u010dih priklju\u010daka<\/li>\n<li>Smanjenje temperature do +10 \u00baC za energetski u\u010dinkovito grijanje kad se sobe ne koriste<\/li>\n<\/ul>","protected":false},"featured_media":14737,"template":"","meta":{"om_disable_all_campaigns":false,"_monsterinsights_skip_tracking":false,"_monsterinsights_sitenote_active":false,"_monsterinsights_sitenote_note":"","_monsterinsights_sitenote_category":0},"product_cat":[654,755,762],"product_tag":[757,758,711,748,763],"class_list":{"0":"post-15089","1":"product","2":"type-product","3":"status-publish","4":"has-post-thumbnail","6":"product_cat-fujitsu","7":"product_cat-podne-klime","8":"product_cat-podne-klime-do-40m2","9":"product_tag-fujistu-bih","10":"product_tag-fujistu-klime-bosna-i-hercegovina","11":"product_tag-fujitsu-klima","12":"product_tag-fujitsu-ovlasteni-prodajni-zastupnik","13":"product_tag-fujitsu-podna-klima-3-5kw","15":"first","16":"onbackorder","17":"taxable","18":"shipping-taxable","19":"purchasable","20":"product-type-simple"},"aioseo_notices":[],"_links":{"self":[{"href":"https:\/\/coolmarket.ba\/bs\/wp-json\/wp\/v2\/product\/15089","targetHints":{"allow":["GET"]}}],"collection":[{"href":"https:\/\/coolmarket.ba\/bs\/wp-json\/wp\/v2\/product"}],"about":[{"href":"https:\/\/coolmarket.ba\/bs\/wp-json\/wp\/v2\/types\/product"}],"wp:featuredmedia":[{"embeddable":true,"href":"https:\/\/coolmarket.ba\/bs\/wp-json\/wp\/v2\/media\/14737"}],"wp:attachment":[{"href":"https:\/\/coolmarket.ba\/bs\/wp-json\/wp\/v2\/media?parent=15089"}],"wp:term":[{"taxonomy":"product_cat","embeddable":true,"href":"https:\/\/coolmarket.ba\/bs\/wp-json\/wp\/v2\/product_cat?post=15089"},{"taxonomy":"product_tag","embeddable":true,"href":"https:\/\/coolmarket.ba\/bs\/wp-json\/wp\/v2\/product_tag?post=15089"}],"curies":[{"name":"wp","href":"https:\/\/api.w.org\/{rel}","templated":true}]}}