{"id":15086,"date":"2023-03-08T09:42:24","date_gmt":"2023-03-08T09:42:24","guid":{"rendered":"https:\/\/coolmarket.ba\/?post_type=product&#038;p=15086"},"modified":"2024-09-12T19:28:26","modified_gmt":"2024-09-12T19:28:26","slug":"fujitsu-klima-inverter-asyg12kxca-3-5kw-12ka","status":"publish","type":"product","link":"https:\/\/coolmarket.ba\/bs\/proizvod\/fujitsu-klima-inverter-asyg12kxca-3-5kw-12ka\/","title":{"rendered":"FUJITSU KLIMA INVERTER ASYG12KXCA 3.5kW (12ka)"},"content":{"rendered":"<div class=\"field field-name-body field-type-text-with-summary field-label-hidden\">\n<div class=\"field-items\">\n<div class=\"field-item even\">\n<h1 class=\"embed-responsive embed-responsive-16by9\">FUJITSU NOCRIA X KLIMA INVERTER ASYG12KXCA 3.5kW &#8211; A+++ i grijanje i hla\u0111enje do -20\u00b0C<\/h1>\n<h1 class=\"embed-responsive embed-responsive-16by9\"><\/h1>\n<\/div>\n<\/div>\n<\/div>\n<div class=\"field field-name-field-preuzimanje field-type-file field-label-above\">\n<div class=\"field-label\"><\/div>\n<div class=\"field-items\"><\/div>\n<\/div>\n<div class=\"field field-name-field-specifikacija field-type-text-long field-label-above\">\n<div class=\"field-label\">Specifikacija:<\/div>\n<div class=\"field-items\">\n<div class=\"field-item even\">\n<table>\n<tbody>\n<tr class=\"istaknuto\">\n<td><strong>Na\u010din rada<\/strong><\/td>\n<td><\/td>\n<td><strong>Hla\u0111enje<\/strong><\/td>\n<td><strong>Grijanje<\/strong><\/td>\n<\/tr>\n<tr>\n<td>Kapacitet<\/td>\n<td>kW<\/td>\n<td>3.4<\/td>\n<td>5.00<\/td>\n<\/tr>\n<tr>\n<td>Ulazna snaga<\/td>\n<td>kW<\/td>\n<td>0.67<\/td>\n<td>1.02<\/td>\n<\/tr>\n<tr>\n<td>SEER \u2013 Energetska klasa \u2013 Hla\u0111enje<\/td>\n<td>W\/W<\/td>\n<td>8.5<\/td>\n<td>\u2013<\/td>\n<\/tr>\n<tr>\n<td>SCOP \u2013 Energetska klasa \u2013 Grijanje<\/td>\n<td>W\/W<\/td>\n<td>\u2013<\/td>\n<td>5.1<\/td>\n<\/tr>\n<tr>\n<td>Ja\u010dina struje<\/td>\n<td>A<\/td>\n<td>9<\/td>\n<td>16<\/td>\n<\/tr>\n<tr>\n<td>Godi\u0161nja potro\u0161nja<\/td>\n<td>kWh\/a<\/td>\n<td>**<\/td>\n<td>**<\/td>\n<\/tr>\n<tr>\n<td>Podru\u010dje rada<\/td>\n<td>\u00b0CDB<\/td>\n<td>-10~46<\/td>\n<td>-20~24<\/td>\n<\/tr>\n<tr>\n<td><\/td>\n<td><\/td>\n<td><\/td>\n<td><\/td>\n<\/tr>\n<tr class=\"istaknuto\">\n<td><strong>Jedinica<\/strong><\/td>\n<td><\/td>\n<td><strong>Unutarnja<\/strong><\/td>\n<td><strong>Vanjska<\/strong><\/td>\n<\/tr>\n<tr>\n<td>Protok zraka (high)<\/td>\n<td>m3\/h<\/td>\n<td>**<\/td>\n<td>**<\/td>\n<\/tr>\n<tr>\n<td>Dimenzije V x \u0160 x D<\/td>\n<td>mm<\/td>\n<td>270*834*215<\/td>\n<td>293*786*378<\/td>\n<\/tr>\n<tr>\n<td>Te\u017eina<\/td>\n<td>kg(lbs)<\/td>\n<td>24<\/td>\n<td>46<\/td>\n<\/tr>\n<tr>\n<td>Buka (H\/Q)<\/td>\n<td>dB(A)<\/td>\n<td>46\/42\/38\/28<\/td>\n<td>44<\/td>\n<\/tr>\n<tr>\n<td>Promjer ispusne cijevi<\/td>\n<td>mm<\/td>\n<td>13,8\/15,8<\/td>\n<td>16,7<\/td>\n<\/tr>\n<tr>\n<td><\/td>\n<td><\/td>\n<td><\/td>\n<td><\/td>\n<\/tr>\n<tr class=\"istaknuto\">\n<td><strong>Sistemski podaci<\/strong><\/td>\n<td><\/td>\n<td><\/td>\n<td><\/td>\n<\/tr>\n<tr>\n<td>Izvor energije<\/td>\n<td>V\/ O\/Hz<\/td>\n<td>**\/*\/**<\/td>\n<td><\/td>\n<\/tr>\n<tr>\n<td>Uklanjanje vlage<\/td>\n<td>I\/h<\/td>\n<td>*,*<\/td>\n<td><\/td>\n<\/tr>\n<tr>\n<td>Cijevni priklju\u010dci ( Mali \/ Veliki )<\/td>\n<td>mm<\/td>\n<td>6,35*\/9,52<\/td>\n<td><\/td>\n<\/tr>\n<tr>\n<td>Maksimalna du\u017eina cijevi<\/td>\n<td>m<\/td>\n<td>20(15)<\/td>\n<td><\/td>\n<\/tr>\n<tr>\n<td>Maksimalna visinska razlika<\/td>\n<td>m<\/td>\n<td>15<\/td>\n<td><\/td>\n<\/tr>\n<tr>\n<td>Rashladni medij<\/td>\n<td><\/td>\n<td>R32<\/td>\n<\/tr>\n<\/tbody>\n<\/table>\n<p><img data-recalc-dims=\"1\" fetchpriority=\"high\" decoding=\"async\" class=\"size-full wp-image-15573 aligncenter\" src=\"https:\/\/i0.wp.com\/coolmarket.ba\/wp-content\/uploads\/2024\/07\/Grijanje-Vodoinstalacije-klimatizacija-2.png?resize=1170%2C433&#038;ssl=1\" alt=\"\" width=\"1170\" height=\"433\" srcset=\"https:\/\/i0.wp.com\/coolmarket.ba\/wp-content\/uploads\/2024\/07\/Grijanje-Vodoinstalacije-klimatizacija-2.png?w=1170&amp;ssl=1 1170w, https:\/\/i0.wp.com\/coolmarket.ba\/wp-content\/uploads\/2024\/07\/Grijanje-Vodoinstalacije-klimatizacija-2.png?resize=300%2C111&amp;ssl=1 300w, https:\/\/i0.wp.com\/coolmarket.ba\/wp-content\/uploads\/2024\/07\/Grijanje-Vodoinstalacije-klimatizacija-2.png?resize=1024%2C379&amp;ssl=1 1024w, https:\/\/i0.wp.com\/coolmarket.ba\/wp-content\/uploads\/2024\/07\/Grijanje-Vodoinstalacije-klimatizacija-2.png?resize=768%2C284&amp;ssl=1 768w, https:\/\/i0.wp.com\/coolmarket.ba\/wp-content\/uploads\/2024\/07\/Grijanje-Vodoinstalacije-klimatizacija-2.png?resize=18%2C7&amp;ssl=1 18w, https:\/\/i0.wp.com\/coolmarket.ba\/wp-content\/uploads\/2024\/07\/Grijanje-Vodoinstalacije-klimatizacija-2.png?resize=600%2C222&amp;ssl=1 600w, https:\/\/i0.wp.com\/coolmarket.ba\/wp-content\/uploads\/2024\/07\/Grijanje-Vodoinstalacije-klimatizacija-2.png?resize=64%2C24&amp;ssl=1 64w\" sizes=\"(max-width: 1170px) 100vw, 1170px\" \/><\/p>\n<p>&nbsp;<\/p>\n<p><strong>CoolMarket<\/strong> je va\u0161 pouzdani partner za prodaju, ugradnju i odr\u017eavanje klima ure\u0111aja, toplotnih pumpi te sistema za vodu i grijanje. Na\u0161a stru\u010dnost osigurava kvalitetne proizvode i vrhunske usluge kako bi va\u0161 dom ili poslovni prostor bio udoban i funkcionalan. Kontaktirajte nas za sve potrebe vezane za klimatizaciju, grijanje i vodoinstalacije. Dostupni smo na Viber i Whatsapp\u00a0 +387 62 53 53 50<\/p>\n<\/div>\n<\/div>\n<\/div>","protected":false},"excerpt":{"rendered":"<div class=\"field field-name-field-specifikacija field-type-text-long field-label-above\">\n<div class=\"field-items\">\n<div class=\"field-item even\">\n<p><strong>URE\u0110AJ DOSTUPAN PO NARUD\u017dBI<\/strong><\/p>\n<table>\n<tbody>\n<tr class=\"istaknuto\">\n<td><strong>Na\u010din rada<\/strong><\/td>\n<td><\/td>\n<td><strong>Hla\u0111enje<\/strong><\/td>\n<td><strong>Grijanje<\/strong><\/td>\n<\/tr>\n<tr>\n<td>Kapacitet<\/td>\n<td>kW<\/td>\n<td>3.4<\/td>\n<td>5.00<\/td>\n<\/tr>\n<tr>\n<td>Ulazna snaga<\/td>\n<td>kW<\/td>\n<td>0.67<\/td>\n<td>1.02<\/td>\n<\/tr>\n<\/tbody>\n<\/table>\n<\/div>\n<\/div>\n<\/div>\n<div class=\"field field-name-field-galerija field-type-image field-label-hidden\">\n<div class=\"field-items\"><\/div>\n<\/div>","protected":false},"featured_media":14735,"template":"","meta":{"om_disable_all_campaigns":false,"_monsterinsights_skip_tracking":false,"_monsterinsights_sitenote_active":false,"_monsterinsights_sitenote_note":"","_monsterinsights_sitenote_category":0},"product_cat":[335,654,401,306,348],"product_tag":[749,750,751,752,753,754],"class_list":{"0":"post-15086","1":"product","2":"type-product","3":"status-publish","4":"has-post-thumbnail","6":"product_cat-12ke-inverteri","7":"product_cat-fujitsu","8":"product_cat-klima-inverteri","9":"product_cat-klima-uredaji","10":"product_cat-klima-uredaji-klima-uredaji","11":"product_tag-fujitsu-klima-3-5kw","12":"product_tag-fujitsu-klima-invert","13":"product_tag-fujitsu-klima-inverter-bih","14":"product_tag-fujitsu-klime-bosna-i-hercegovina","15":"product_tag-ovlasteni-montazni-servis-fujitsu-klima","16":"product_tag-ovlasteni-prodajni-zastupnik-fujitsu-klima","18":"first","19":"outofstock","20":"taxable","21":"shipping-taxable","22":"product-type-simple"},"aioseo_notices":[],"_links":{"self":[{"href":"https:\/\/coolmarket.ba\/bs\/wp-json\/wp\/v2\/product\/15086","targetHints":{"allow":["GET"]}}],"collection":[{"href":"https:\/\/coolmarket.ba\/bs\/wp-json\/wp\/v2\/product"}],"about":[{"href":"https:\/\/coolmarket.ba\/bs\/wp-json\/wp\/v2\/types\/product"}],"wp:featuredmedia":[{"embeddable":true,"href":"https:\/\/coolmarket.ba\/bs\/wp-json\/wp\/v2\/media\/14735"}],"wp:attachment":[{"href":"https:\/\/coolmarket.ba\/bs\/wp-json\/wp\/v2\/media?parent=15086"}],"wp:term":[{"taxonomy":"product_cat","embeddable":true,"href":"https:\/\/coolmarket.ba\/bs\/wp-json\/wp\/v2\/product_cat?post=15086"},{"taxonomy":"product_tag","embeddable":true,"href":"https:\/\/coolmarket.ba\/bs\/wp-json\/wp\/v2\/product_tag?post=15086"}],"curies":[{"name":"wp","href":"https:\/\/api.w.org\/{rel}","templated":true}]}}