{"id":15083,"date":"2023-03-08T09:42:24","date_gmt":"2023-03-08T09:42:24","guid":{"rendered":"https:\/\/coolmarket.ba\/?post_type=product&#038;p=15083"},"modified":"2024-09-12T19:27:36","modified_gmt":"2024-09-12T19:27:36","slug":"fujitsu-klima-inverter-asyg-24-lfc-7kw-24ka","status":"publish","type":"product","link":"https:\/\/coolmarket.ba\/bs\/proizvod\/fujitsu-klima-inverter-asyg-24-lfc-7kw-24ka\/","title":{"rendered":"FUJITSU ASYG24LFCA\/AOYG24LFC"},"content":{"rendered":"<ul>\n<li>Kompaktnih dimenzija za u\u0161tedu prostora<\/li>\n<li>Zadnja generacija izmjenjivaka topline visokih performansi<\/li>\n<li>Filteri protiv pra\u0161ine i peludi te filter ionizacije<\/li>\n<li>Novi atraktivan dizajn unutarnje jedinice<\/li>\n<li>Jednostavna instalacija zahvaljuju\u010di lak\u0161oj i manjoj vanskoj jedinici\n<div class=\"field field-name-field-image field-type-image field-label-hidden\">\n<div class=\"field-items\"><\/div>\n<\/div>\n<div class=\"field field-name-field-svojstva field-type-text-long field-label-above\">\n<div class=\"field-items\">\n<div class=\"field-item even\">\n<div class=\"field field-name-field-image field-type-image field-label-hidden\"><\/div>\n<div class=\"field field-name-field-svojstva field-type-text-long field-label-above\">\n<div class=\"field-label\">Svojstva:<\/div>\n<div class=\"field-items\">\n<div class=\"field-item even\">\n<p><img data-recalc-dims=\"1\" decoding=\"async\" title=\"ADJUST\" src=\"https:\/\/i0.wp.com\/servis-covic.com\/sites\/all\/themes\/covic\/images\/adjust.gif?w=1300&#038;ssl=1\" alt=\"Fujitsu svojstva\" \/>\u00a0<img data-recalc-dims=\"1\" decoding=\"async\" title=\"AF\" src=\"https:\/\/i0.wp.com\/servis-covic.com\/sites\/all\/themes\/covic\/images\/af.gif?w=1300&#038;ssl=1\" alt=\"Fujitsu svojstva\" \/>\u00a0<img data-recalc-dims=\"1\" decoding=\"async\" title=\"CHANGEOVER\" src=\"https:\/\/i0.wp.com\/servis-covic.com\/sites\/all\/themes\/covic\/images\/changeover.gif?w=1300&#038;ssl=1\" alt=\"Fujitsu svojstva\" \/>\u00a0<img data-recalc-dims=\"1\" decoding=\"async\" title=\"ECONOMY\" src=\"https:\/\/i0.wp.com\/servis-covic.com\/sites\/all\/themes\/covic\/images\/economy.gif?w=1300&#038;ssl=1\" alt=\"Fujitsu svojstva\" \/>\u00a0<img data-recalc-dims=\"1\" decoding=\"async\" title=\"FILTER\" src=\"https:\/\/i0.wp.com\/servis-covic.com\/sites\/all\/themes\/covic\/images\/filter.gif?w=1300&#038;ssl=1\" alt=\"Fujitsu svojstva\" \/>\u00a0<img data-recalc-dims=\"1\" decoding=\"async\" title=\"HEAT\" src=\"https:\/\/i0.wp.com\/servis-covic.com\/sites\/all\/themes\/covic\/images\/heat.gif?w=1300&#038;ssl=1\" alt=\"Fujitsu svojstva\" \/>\u00a0<img data-recalc-dims=\"1\" decoding=\"async\" title=\"ION\" src=\"https:\/\/i0.wp.com\/servis-covic.com\/sites\/all\/themes\/covic\/images\/ion.gif?w=1300&#038;ssl=1\" alt=\"Fujitsu svojstva\" \/>\u00a0<img data-recalc-dims=\"1\" decoding=\"async\" title=\"IPAM\" src=\"https:\/\/i0.wp.com\/servis-covic.com\/sites\/all\/themes\/covic\/images\/ipam.gif?w=1300&#038;ssl=1\" alt=\"Fujitsu svojstva\" \/>\u00a0<img data-recalc-dims=\"1\" decoding=\"async\" title=\"LOW NOISE\" src=\"https:\/\/i0.wp.com\/servis-covic.com\/sites\/all\/themes\/covic\/images\/low_noise.gif?w=1300&#038;ssl=1\" alt=\"Fujitsu svojstva\" \/>\u00a0<img data-recalc-dims=\"1\" decoding=\"async\" title=\"POWEFULL\" src=\"https:\/\/i0.wp.com\/servis-covic.com\/sites\/all\/themes\/covic\/images\/powerful.gif?w=1300&#038;ssl=1\" alt=\"Fujitsu svojstva\" \/>\u00a0<img data-recalc-dims=\"1\" decoding=\"async\" title=\"PROGRAM\" src=\"https:\/\/i0.wp.com\/servis-covic.com\/sites\/all\/themes\/covic\/images\/program.gif?w=1300&#038;ssl=1\" alt=\"Fujitsu svojstva\" \/>\u00a0<img data-recalc-dims=\"1\" decoding=\"async\" title=\"RESTART\" src=\"https:\/\/i0.wp.com\/servis-covic.com\/sites\/all\/themes\/covic\/images\/restart.gif?w=1300&#038;ssl=1\" alt=\"Fujitsu svojstva\" \/>\u00a0<img data-recalc-dims=\"1\" decoding=\"async\" title=\"SLEEP\" src=\"https:\/\/i0.wp.com\/servis-covic.com\/sites\/all\/themes\/covic\/images\/sleep.gif?w=1300&#038;ssl=1\" alt=\"Fujitsu svojstva\" \/>\u00a0<img data-recalc-dims=\"1\" decoding=\"async\" title=\"UP DOWN\" src=\"https:\/\/i0.wp.com\/servis-covic.com\/sites\/all\/themes\/covic\/images\/updown.gif?w=1300&#038;ssl=1\" alt=\"Fujitsu svojstva\" \/>\u00a0<img data-recalc-dims=\"1\" decoding=\"async\" title=\"WASH\" src=\"https:\/\/i0.wp.com\/servis-covic.com\/sites\/all\/themes\/covic\/images\/wash.gif?w=1300&#038;ssl=1\" alt=\"Fujitsu svojstva\" \/><\/p>\n<\/div>\n<\/div>\n<\/div>\n<\/div>\n<\/div>\n<\/div>\n<\/li>\n<\/ul>\n<table>\n<tbody>\n<tr class=\"istaknuto\">\n<td><strong>Na\u010din rada<\/strong><\/td>\n<td><\/td>\n<td><strong>Hla\u0111enje<\/strong><\/td>\n<td><strong>Grijanje<\/strong><\/td>\n<\/tr>\n<tr>\n<td>Kapacitet<\/td>\n<td>kW<\/td>\n<td>7,10 (0,9-8,0)<\/td>\n<td>8,00 (0,9-10,6)<\/td>\n<\/tr>\n<tr>\n<td>Ulazna snaga<\/td>\n<td>kW<\/td>\n<td>2,2<\/td>\n<td>2,21<\/td>\n<\/tr>\n<tr>\n<td>SEER \u2013 Energetska klasa \u2013 Hla\u0111enje<\/td>\n<td>W\/W<\/td>\n<td>6,11-A++<\/td>\n<td>\u2013<\/td>\n<\/tr>\n<tr>\n<td>SCOP \u2013 Energetska klasa \u2013 Grijanje<\/td>\n<td>W\/W<\/td>\n<td>\u2013<\/td>\n<td>3,80-A<\/td>\n<\/tr>\n<tr>\n<td>Ja\u010dina struje<\/td>\n<td>A<\/td>\n<td>9,7<\/td>\n<td>9,8<\/td>\n<\/tr>\n<tr>\n<td>Godi\u0161nja potro\u0161nja<\/td>\n<td>kWh\/a<\/td>\n<td>406<\/td>\n<td>2610<\/td>\n<\/tr>\n<tr>\n<td>Podru\u010dje rada<\/td>\n<td>\u00b0CDB<\/td>\n<td>-10-46<\/td>\n<td>-15-24<\/td>\n<\/tr>\n<tr>\n<td><\/td>\n<td><\/td>\n<td><\/td>\n<td><\/td>\n<\/tr>\n<tr class=\"istaknuto\">\n<td><strong>Jedinica<\/strong><\/td>\n<td><\/td>\n<td><strong>Unutarnja<\/strong><\/td>\n<td><strong>Vanjska<\/strong><\/td>\n<\/tr>\n<tr>\n<td>Protok zraka (high)<\/td>\n<td>m3\/h<\/td>\n<td>1100<\/td>\n<td>2340<\/td>\n<\/tr>\n<tr>\n<td>Dimenzije V x \u0160 x D<\/td>\n<td>mm<\/td>\n<td>320x998x238<\/td>\n<td>578x790x315<\/td>\n<\/tr>\n<tr>\n<td>Te\u017eina<\/td>\n<td>kg(lbs)<\/td>\n<td>14(30,8)<\/td>\n<td>43(95)<\/td>\n<\/tr>\n<tr>\n<td>Buka (H\/Q)<\/td>\n<td>dB(A)<\/td>\n<td>47\/42\/37\/32<\/td>\n<td>52<\/td>\n<\/tr>\n<tr>\n<td>Promjer ispusne cijevi<\/td>\n<td>mm<\/td>\n<td>16<\/td>\n<td>29<\/td>\n<\/tr>\n<tr>\n<td><\/td>\n<td><\/td>\n<td><\/td>\n<td><\/td>\n<\/tr>\n<tr class=\"istaknuto\">\n<td><strong>Sistemski podaci<\/strong><\/td>\n<td><\/td>\n<td><\/td>\n<td><\/td>\n<\/tr>\n<tr>\n<td>Izvor energije<\/td>\n<td>V\/ O\/Hz<\/td>\n<td>230\/1\/50<\/td>\n<td><\/td>\n<\/tr>\n<tr>\n<td>Uklanjanje vlage<\/td>\n<td>I\/h<\/td>\n<td>2,7<\/td>\n<td><\/td>\n<\/tr>\n<tr>\n<td>Cijevni priklju\u010dci ( Mali \/ Veliki )<\/td>\n<td>mm<\/td>\n<td>6,35\/15,88<\/td>\n<td><\/td>\n<\/tr>\n<tr>\n<td>Maksimalna du\u017eina cijevi<\/td>\n<td>m<\/td>\n<td>30(15)<\/td>\n<td><\/td>\n<\/tr>\n<tr>\n<td>Maksimalna visinska razlika<\/td>\n<td>m<\/td>\n<td>20<\/td>\n<td><\/td>\n<\/tr>\n<tr>\n<td>Rashladni medij<\/td>\n<\/tr>\n<\/tbody>\n<\/table>\n<p>&nbsp;<\/p>\n<p><strong>Kontrola ispuha zraka:<\/strong><br \/>\nPode\u0161avanje ispuha omogu\u0107ava ugodu podnog grijanja. vodoravnim ispuhom hladan zrak ne pu\u0161e izravno prema korisniku klima ure\u0111aja<\/p>\n<p><strong>Opcija grijanja na 10\u00b0c:<\/strong><br \/>\nFunkcija koja odr\u017eava temperaturu prostora na 10\u00b0C kako ne bi do\u0161lo do smrzavanja ili pucanja cijevi. Dostupno preko be\u017ei\u010dnog daljinskog upravlja\u010da<\/p>\n<p><strong>24-satni timer:<\/strong><br \/>\n24-satni timer omogu\u0107uje iznimno lako pode\u0161avanje ure\u0111aja od strane korisnika<\/p>\n<p><strong>Podru\u010dje rada:<\/strong><br \/>\nU hla\u0111enju: od -10\u00b0C do +43\u00b0C U grijanju: od -15\u00b0C do +24\u00b0C<\/p>\n<p>&nbsp;<\/p>\n<p><img data-recalc-dims=\"1\" fetchpriority=\"high\" decoding=\"async\" class=\"size-full wp-image-15573 aligncenter\" src=\"https:\/\/i0.wp.com\/coolmarket.ba\/wp-content\/uploads\/2024\/07\/Grijanje-Vodoinstalacije-klimatizacija-2.png?resize=1170%2C433&#038;ssl=1\" alt=\"\" width=\"1170\" height=\"433\" srcset=\"https:\/\/i0.wp.com\/coolmarket.ba\/wp-content\/uploads\/2024\/07\/Grijanje-Vodoinstalacije-klimatizacija-2.png?w=1170&amp;ssl=1 1170w, https:\/\/i0.wp.com\/coolmarket.ba\/wp-content\/uploads\/2024\/07\/Grijanje-Vodoinstalacije-klimatizacija-2.png?resize=300%2C111&amp;ssl=1 300w, https:\/\/i0.wp.com\/coolmarket.ba\/wp-content\/uploads\/2024\/07\/Grijanje-Vodoinstalacije-klimatizacija-2.png?resize=1024%2C379&amp;ssl=1 1024w, https:\/\/i0.wp.com\/coolmarket.ba\/wp-content\/uploads\/2024\/07\/Grijanje-Vodoinstalacije-klimatizacija-2.png?resize=768%2C284&amp;ssl=1 768w, https:\/\/i0.wp.com\/coolmarket.ba\/wp-content\/uploads\/2024\/07\/Grijanje-Vodoinstalacije-klimatizacija-2.png?resize=18%2C7&amp;ssl=1 18w, https:\/\/i0.wp.com\/coolmarket.ba\/wp-content\/uploads\/2024\/07\/Grijanje-Vodoinstalacije-klimatizacija-2.png?resize=600%2C222&amp;ssl=1 600w, https:\/\/i0.wp.com\/coolmarket.ba\/wp-content\/uploads\/2024\/07\/Grijanje-Vodoinstalacije-klimatizacija-2.png?resize=64%2C24&amp;ssl=1 64w\" sizes=\"(max-width: 1170px) 100vw, 1170px\" \/><\/p>\n<p>&nbsp;<\/p>\n<p><strong>CoolMarket<\/strong> je va\u0161 pouzdani partner za prodaju, ugradnju i odr\u017eavanje klima ure\u0111aja, toplotnih pumpi te sistema za vodu i grijanje. Na\u0161a stru\u010dnost osigurava kvalitetne proizvode i vrhunske usluge kako bi va\u0161 dom ili poslovni prostor bio udoban i funkcionalan. Kontaktirajte nas za sve potrebe vezane za klimatizaciju, grijanje i vodoinstalacije. Dostupni smo na Viber i Whatsapp\u00a0 +387 62 53 53 50<\/p>","protected":false},"excerpt":{"rendered":"<ul>\n<li>Kompaktnih dimenzija za u\u0161tedu prostora<\/li>\n<li>Zadnja generacija izmjenjivaka topline visokih performansi<\/li>\n<li>Filteri protiv pra\u0161ine i peludi te filter ionizacije<\/li>\n<li>Novi atraktivan dizajn unutarnje jedinice<\/li>\n<li>Jednostavna instalacija zahvaljuju\u010di lak\u0161oj i manjoj vanskoj jedinici<\/li>\n<\/ul>","protected":false},"featured_media":14725,"template":"","meta":{"om_disable_all_campaigns":false,"_monsterinsights_skip_tracking":false,"_monsterinsights_sitenote_active":false,"_monsterinsights_sitenote_note":"","_monsterinsights_sitenote_category":0},"product_cat":[329,654,401,306,348],"product_tag":[656,737,658,659,731,732,660],"class_list":{"0":"post-15083","1":"product","2":"type-product","3":"status-publish","4":"has-post-thumbnail","6":"product_cat-24ke-inverteri","7":"product_cat-fujitsu","8":"product_cat-klima-inverteri","9":"product_cat-klima-uredaji","10":"product_cat-klima-uredaji-klima-uredaji","11":"product_tag-fujitsu-7kw","12":"product_tag-fujitsu-asyg-24-lfc","13":"product_tag-fujitsu-bosna-i-hercegovina","14":"product_tag-fujitsu-klima-inverter","15":"product_tag-fujitsu-klima-inverter-zenica","16":"product_tag-fujitsu-ovlasteni-servis","17":"product_tag-fujitsu-zenica","19":"first","20":"instock","21":"taxable","22":"shipping-taxable","23":"purchasable","24":"product-type-simple"},"aioseo_notices":[],"_links":{"self":[{"href":"https:\/\/coolmarket.ba\/bs\/wp-json\/wp\/v2\/product\/15083","targetHints":{"allow":["GET"]}}],"collection":[{"href":"https:\/\/coolmarket.ba\/bs\/wp-json\/wp\/v2\/product"}],"about":[{"href":"https:\/\/coolmarket.ba\/bs\/wp-json\/wp\/v2\/types\/product"}],"wp:featuredmedia":[{"embeddable":true,"href":"https:\/\/coolmarket.ba\/bs\/wp-json\/wp\/v2\/media\/14725"}],"wp:attachment":[{"href":"https:\/\/coolmarket.ba\/bs\/wp-json\/wp\/v2\/media?parent=15083"}],"wp:term":[{"taxonomy":"product_cat","embeddable":true,"href":"https:\/\/coolmarket.ba\/bs\/wp-json\/wp\/v2\/product_cat?post=15083"},{"taxonomy":"product_tag","embeddable":true,"href":"https:\/\/coolmarket.ba\/bs\/wp-json\/wp\/v2\/product_tag?post=15083"}],"curies":[{"name":"wp","href":"https:\/\/api.w.org\/{rel}","templated":true}]}}