{"id":15074,"date":"2023-03-08T09:42:23","date_gmt":"2023-03-08T09:42:23","guid":{"rendered":"https:\/\/coolmarket.ba\/?post_type=product&#038;p=15074"},"modified":"2024-09-12T19:33:40","modified_gmt":"2024-09-12T19:33:40","slug":"gree-kasetni-klima-inverter-gkh12bb-k6dna3a-i","status":"publish","type":"product","link":"https:\/\/coolmarket.ba\/bs\/proizvod\/gree-kasetni-klima-inverter-gkh12bb-k6dna3a-i\/","title":{"rendered":"GREE kasetni klima inverter GKH(12)BB-K6DNA3A\/I"},"content":{"rendered":"<p>GREE kasetna serija unutra\u0161nja jedinica<\/p>\n<p>U\u010dinak hla\u0111enja: 3,5kW<br \/>\nPrikladno za prostor: 40m2<\/p>\n<p>U\u010dinak grijanja: 4,0kW<br \/>\nPrikladno za prostor: 40m2<\/p>\n<p>Unutarnja jedinica:<br \/>\nRazina buke min\/max: 33\/35dBA<br \/>\nDimenzije (V x \u0160 x D): 230 x 570 x 570mm<br \/>\nTe\u017eina: 25-33kg<\/p>\n<p>&nbsp;<\/p>\n<p><img data-recalc-dims=\"1\" fetchpriority=\"high\" decoding=\"async\" class=\"size-full wp-image-15573 aligncenter\" src=\"https:\/\/i0.wp.com\/coolmarket.ba\/wp-content\/uploads\/2024\/07\/Grijanje-Vodoinstalacije-klimatizacija-2.png?resize=1170%2C433&#038;ssl=1\" alt=\"\" width=\"1170\" height=\"433\" srcset=\"https:\/\/i0.wp.com\/coolmarket.ba\/wp-content\/uploads\/2024\/07\/Grijanje-Vodoinstalacije-klimatizacija-2.png?w=1170&amp;ssl=1 1170w, https:\/\/i0.wp.com\/coolmarket.ba\/wp-content\/uploads\/2024\/07\/Grijanje-Vodoinstalacije-klimatizacija-2.png?resize=300%2C111&amp;ssl=1 300w, https:\/\/i0.wp.com\/coolmarket.ba\/wp-content\/uploads\/2024\/07\/Grijanje-Vodoinstalacije-klimatizacija-2.png?resize=1024%2C379&amp;ssl=1 1024w, https:\/\/i0.wp.com\/coolmarket.ba\/wp-content\/uploads\/2024\/07\/Grijanje-Vodoinstalacije-klimatizacija-2.png?resize=768%2C284&amp;ssl=1 768w, https:\/\/i0.wp.com\/coolmarket.ba\/wp-content\/uploads\/2024\/07\/Grijanje-Vodoinstalacije-klimatizacija-2.png?resize=18%2C7&amp;ssl=1 18w, https:\/\/i0.wp.com\/coolmarket.ba\/wp-content\/uploads\/2024\/07\/Grijanje-Vodoinstalacije-klimatizacija-2.png?resize=600%2C222&amp;ssl=1 600w, https:\/\/i0.wp.com\/coolmarket.ba\/wp-content\/uploads\/2024\/07\/Grijanje-Vodoinstalacije-klimatizacija-2.png?resize=64%2C24&amp;ssl=1 64w\" sizes=\"(max-width: 1170px) 100vw, 1170px\" \/><\/p>\n<p>&nbsp;<\/p>\n<p><strong>CoolMarket<\/strong> je va\u0161 pouzdani partner za prodaju, ugradnju i odr\u017eavanje klima ure\u0111aja, toplotnih pumpi te sistema za vodu i grijanje. Na\u0161a stru\u010dnost osigurava kvalitetne proizvode i vrhunske usluge kako bi va\u0161 dom ili poslovni prostor bio udoban i funkcionalan. Kontaktirajte nas za sve potrebe vezane za klimatizaciju, grijanje i vodoinstalacije. Dostupni smo na Viber i Whatsapp\u00a0 +387 62 53 53 50<\/p>","protected":false},"excerpt":{"rendered":"<p>U\u010dinak hla\u0111enja: 3,5kW<br \/>\nPrikladno za prostor: 40m2<\/p>\n<p>U\u010dinak grijanja: 4,0kW<br \/>\nPrikladno za prostor: 40m2<\/p>","protected":false},"featured_media":14715,"template":"","meta":{"om_disable_all_campaigns":false,"_monsterinsights_skip_tracking":false,"_monsterinsights_sitenote_active":false,"_monsterinsights_sitenote_note":"","_monsterinsights_sitenote_category":0},"product_cat":[383,696,702],"product_tag":[541,530,698,703,699],"class_list":{"0":"post-15074","1":"product","2":"type-product","3":"status-publish","4":"has-post-thumbnail","6":"product_cat-gree","7":"product_cat-kasetne-klime","8":"product_cat-kasetne-klime-do-40m2","9":"product_tag-gree-bih","10":"product_tag-gree-bosna-i-hercegovina","11":"product_tag-gree-kasetna-klima","12":"product_tag-gree-komercijalne-klime","13":"product_tag-gree-montaza-kasetnih-klima","15":"first","16":"onbackorder","17":"taxable","18":"shipping-taxable","19":"product-type-simple"},"aioseo_notices":[],"_links":{"self":[{"href":"https:\/\/coolmarket.ba\/bs\/wp-json\/wp\/v2\/product\/15074","targetHints":{"allow":["GET"]}}],"collection":[{"href":"https:\/\/coolmarket.ba\/bs\/wp-json\/wp\/v2\/product"}],"about":[{"href":"https:\/\/coolmarket.ba\/bs\/wp-json\/wp\/v2\/types\/product"}],"wp:featuredmedia":[{"embeddable":true,"href":"https:\/\/coolmarket.ba\/bs\/wp-json\/wp\/v2\/media\/14715"}],"wp:attachment":[{"href":"https:\/\/coolmarket.ba\/bs\/wp-json\/wp\/v2\/media?parent=15074"}],"wp:term":[{"taxonomy":"product_cat","embeddable":true,"href":"https:\/\/coolmarket.ba\/bs\/wp-json\/wp\/v2\/product_cat?post=15074"},{"taxonomy":"product_tag","embeddable":true,"href":"https:\/\/coolmarket.ba\/bs\/wp-json\/wp\/v2\/product_tag?post=15074"}],"curies":[{"name":"wp","href":"https:\/\/api.w.org\/{rel}","templated":true}]}}