{"id":15069,"date":"2023-03-08T09:42:22","date_gmt":"2023-03-08T09:42:22","guid":{"rendered":"https:\/\/coolmarket.ba\/?post_type=product&#038;p=15069"},"modified":"2024-09-12T19:42:08","modified_gmt":"2024-09-12T19:42:08","slug":"montaza-klima-uredjaja-od-5kw-5-9kw-18ka","status":"publish","type":"product","link":"https:\/\/coolmarket.ba\/bs\/proizvod\/montaza-klima-uredjaja-od-5kw-5-9kw-18ka\/","title":{"rendered":"Monta\u017ea klima ure\u0111aja od 5kW-5.9kW (18ka)"},"content":{"rendered":"<p><strong>Standardna monta\u017ea\u00a0 do 5m visine koja je ura\u010dunata u cijenu za klime do 5kW-5.9kW ulaze sljede\u0107e stavke:<\/strong><\/p>\n<ol>\n<li>Monta\u017ea klime u Zenici (za udaljenije monta\u017ee se napla\u0107uju putni tro\u0161kovi dodatno, ili se anga\u017euje najbli\u017ei ovla\u0161teni servis)<\/li>\n<li>Instalacija izme\u0111u unutra\u0161nje i vanjske jedinice klima ure\u0111aja: cijevi, signalni kabal, odvod kondenzata &#8211; monta\u017ea do 3m udaljenosti<\/li>\n<li>Kanalica 60&#215;60 za instalaciju koja se ugra\u0111uje nad\u017ebukno &#8211; monta\u017ea do 3m udaljenosti<\/li>\n<li>Kanalica za napojni kabal 16&#215;16 koja se ugra\u0111uje nad\u017ebukno &#8211;\u00a0 monta\u017ea do 3m udaljenosti<\/li>\n<li>Bu\u0161enje jedne izlazne rupe &#8211; do 50cm<\/li>\n<li>Utika\u010d za napojni kabal 1 kom.<\/li>\n<li>Pocin\u010dani nosa\u010di 1 par.<\/li>\n<li>Sitni potro\u0161ni materijal<\/li>\n<li>Monta\u017ea unutra\u0161nje i vanjske jedinice<\/li>\n<li>Vakumiranje klime<\/li>\n<li>Pu\u0161tanje u rad i testiranje<\/li>\n<li>Ovjera garancije<\/li>\n<li>Obuka korisnika<\/li>\n<li>\u010ci\u0161\u0107enje radnog prostora<\/li>\n<\/ol>\n<p>Monta\u017ea do 5 m visine podrazumjeva visinu montiranja vanjske jedinice, ukoliko ta visina prelazi, korisnik je du\u017ean osigurati skelu ili dizalicu. U slu\u010daju monta\u017ea na soliterima i vi\u0161im uzvi\u0161enjima monta\u017eer bira mjesto vanjske jedinice koje je najbezbjednije.<\/p>\n<p><img data-recalc-dims=\"1\" fetchpriority=\"high\" decoding=\"async\" class=\"size-full wp-image-15573 aligncenter\" src=\"https:\/\/i0.wp.com\/coolmarket.ba\/wp-content\/uploads\/2024\/07\/Grijanje-Vodoinstalacije-klimatizacija-2.png?resize=1170%2C433&#038;ssl=1\" alt=\"\" width=\"1170\" height=\"433\" srcset=\"https:\/\/i0.wp.com\/coolmarket.ba\/wp-content\/uploads\/2024\/07\/Grijanje-Vodoinstalacije-klimatizacija-2.png?w=1170&amp;ssl=1 1170w, https:\/\/i0.wp.com\/coolmarket.ba\/wp-content\/uploads\/2024\/07\/Grijanje-Vodoinstalacije-klimatizacija-2.png?resize=300%2C111&amp;ssl=1 300w, https:\/\/i0.wp.com\/coolmarket.ba\/wp-content\/uploads\/2024\/07\/Grijanje-Vodoinstalacije-klimatizacija-2.png?resize=1024%2C379&amp;ssl=1 1024w, https:\/\/i0.wp.com\/coolmarket.ba\/wp-content\/uploads\/2024\/07\/Grijanje-Vodoinstalacije-klimatizacija-2.png?resize=768%2C284&amp;ssl=1 768w, https:\/\/i0.wp.com\/coolmarket.ba\/wp-content\/uploads\/2024\/07\/Grijanje-Vodoinstalacije-klimatizacija-2.png?resize=18%2C7&amp;ssl=1 18w, https:\/\/i0.wp.com\/coolmarket.ba\/wp-content\/uploads\/2024\/07\/Grijanje-Vodoinstalacije-klimatizacija-2.png?resize=600%2C222&amp;ssl=1 600w, https:\/\/i0.wp.com\/coolmarket.ba\/wp-content\/uploads\/2024\/07\/Grijanje-Vodoinstalacije-klimatizacija-2.png?resize=64%2C24&amp;ssl=1 64w\" sizes=\"(max-width: 1170px) 100vw, 1170px\" \/><\/p>\n<p>&nbsp;<\/p>\n<p><strong>CoolMarket<\/strong> je va\u0161 pouzdani partner za prodaju, ugradnju i odr\u017eavanje klima ure\u0111aja, toplotnih pumpi te sistema za vodu i grijanje. Na\u0161a stru\u010dnost osigurava kvalitetne proizvode i vrhunske usluge kako bi va\u0161 dom ili poslovni prostor bio udoban i funkcionalan. Kontaktirajte nas za sve potrebe vezane za klimatizaciju, grijanje i vodoinstalacije. Dostupni smo na Viber i Whatsapp\u00a0 +387 62 53 53 50<\/p>","protected":false},"excerpt":{"rendered":"<p><strong>Standardna monta\u017ea klima ure\u0111aja do 5-5.9kW podrazumjeva:<\/strong><\/p>\n<ul>\n<li>Monta\u017eu klima ure\u0111aja u Zenici<\/li>\n<li>Do 5m visine vanjske jedinice<\/li>\n<li>Do 3m instalacije izme\u0111u vanjske i unutra\u0161nje jedinice klima ure\u0111aja<\/li>\n<li>Klima nosa\u010di<\/li>\n<li>PVC kanalice<\/li>\n<li>Ovjerena garancija za klima ure\u0111aj i monta\u017eu propisanu od strane proizvo\u0111a\u010da<\/li>\n<\/ul>\n<p>Svaki dodatni metar instalacije se napla\u0107uje dodatno propisano cijenovnikom. Cijena monta\u017ee mo\u017ee biti varijabilna u odnosu na dodatne tro\u0161kove transporta i zahtjeve kupca. Pogledajte cjenovnik.<\/p>","protected":false},"featured_media":14714,"template":"","meta":{"om_disable_all_campaigns":false,"_monsterinsights_skip_tracking":false,"_monsterinsights_sitenote_active":false,"_monsterinsights_sitenote_note":"","_monsterinsights_sitenote_category":0},"product_cat":[666],"product_tag":[674,415,675,676,344,677,678,679,346,503,465,680,681,682,683],"class_list":{"0":"post-15069","1":"product","2":"type-product","3":"status-publish","4":"has-post-thumbnail","6":"product_cat-servis","7":"product_tag-inverter-klime-zenica","8":"product_tag-klima","9":"product_tag-klima-uredjaji","10":"product_tag-klime-bosna-i-hercegovina","11":"product_tag-mitsubishi-inverteri","12":"product_tag-montaza-fujitsu","13":"product_tag-montaza-gree","14":"product_tag-montaza-haier","15":"product_tag-montaza-kima-uredaja","16":"product_tag-montaza-klime","17":"product_tag-montaza-klime-zenica","18":"product_tag-montaza-toplotnih-pumpi","19":"product_tag-montaza-vivax","20":"product_tag-montaza-vox","21":"product_tag-prodaja-toplotnih-pumpi","23":"first","24":"instock","25":"taxable","26":"shipping-taxable","27":"purchasable","28":"product-type-simple"},"aioseo_notices":[],"_links":{"self":[{"href":"https:\/\/coolmarket.ba\/bs\/wp-json\/wp\/v2\/product\/15069","targetHints":{"allow":["GET"]}}],"collection":[{"href":"https:\/\/coolmarket.ba\/bs\/wp-json\/wp\/v2\/product"}],"about":[{"href":"https:\/\/coolmarket.ba\/bs\/wp-json\/wp\/v2\/types\/product"}],"wp:featuredmedia":[{"embeddable":true,"href":"https:\/\/coolmarket.ba\/bs\/wp-json\/wp\/v2\/media\/14714"}],"wp:attachment":[{"href":"https:\/\/coolmarket.ba\/bs\/wp-json\/wp\/v2\/media?parent=15069"}],"wp:term":[{"taxonomy":"product_cat","embeddable":true,"href":"https:\/\/coolmarket.ba\/bs\/wp-json\/wp\/v2\/product_cat?post=15069"},{"taxonomy":"product_tag","embeddable":true,"href":"https:\/\/coolmarket.ba\/bs\/wp-json\/wp\/v2\/product_tag?post=15069"}],"curies":[{"name":"wp","href":"https:\/\/api.w.org\/{rel}","templated":true}]}}