{"id":15068,"date":"2023-03-08T09:42:03","date_gmt":"2023-03-08T09:42:03","guid":{"rendered":"https:\/\/coolmarket.ba\/?post_type=product&#038;p=15068"},"modified":"2024-08-04T20:01:42","modified_gmt":"2024-08-04T20:01:42","slug":"montaza-klima-uredjaja-do-4-9kw-9ka-i-12ka","status":"publish","type":"product","link":"https:\/\/coolmarket.ba\/bs\/proizvod\/montaza-klima-uredjaja-do-4-9kw-9ka-i-12ka\/","title":{"rendered":"Monta\u017ea klima ure\u0111aja do 4.9kW (9ka i 12ka)"},"content":{"rendered":"<p><strong>Standardna monta\u017ea\u00a0 do 5m visine koja je ura\u010dunata u cijenu za klime do 4.9kW ulaze sljede\u0107e stavke:<\/strong><\/p>\n<ol>\n<li>Monta\u017ea klime u Zenici (za udaljenije monta\u017ee se napla\u0107uju putni tro\u0161kovi dodatno, ili se anga\u017euje najbli\u017ei ovla\u0161teni servis)<\/li>\n<li>Instalacija izme\u0111u unutra\u0161nje i vanjske jedinice klima ure\u0111aja: cijevi, signalni kabal, odvod kondenzata &#8211; monta\u017ea do 3m udaljenosti<\/li>\n<li>Kanalica 60&#215;60 za instalaciju koja se ugra\u0111uje nad\u017ebukno &#8211; monta\u017ea do 3m udaljenosti<\/li>\n<li>Kanalica za napojni kabal 16&#215;16 koja se ugra\u0111uje nad\u017ebukno &#8211;\u00a0 monta\u017ea do 3m udaljenosti<\/li>\n<li>Bu\u0161enje jedne izlazne rupe &#8211; do 50cm<\/li>\n<li>Utika\u010d za napojni kabal 1 kom.<\/li>\n<li>Pocin\u010dani nosa\u010di 1 par.<\/li>\n<li>Sitni potro\u0161ni materijal<\/li>\n<li>Monta\u017ea unutra\u0161nje i vanjske jedinice<\/li>\n<li>Vakumiranje klime<\/li>\n<li>Pu\u0161tanje u rad i testiranje<\/li>\n<li>Ovjera garancije<\/li>\n<li>Obuka korisnika<\/li>\n<li>\u010ci\u0161\u0107enje radnog prostora<\/li>\n<\/ol>\n<p>Monta\u017ea do 5 m visine podrazumjeva visinu montiranja vanjske jedinice, ukoliko ta visina prelazi, korisnik je du\u017ean osigurati skelu ili dizalicu. U slu\u010daju monta\u017ea na soliterima i vi\u0161im uzvi\u0161enjima monta\u017eer bira mjesto vanjske jedinice koje je najbezbjednije.<\/p>\n<p><span style=\"color: #993366;\"><strong>Ovla\u0161teni smo za monta\u017eu klima ure\u0111aja na podru\u010dju cijele Bosne i Hercegovine. Nije toliko va\u017eno gdje kupujete klimu, va\u017enije je ko vam vr\u0161i monta\u017eu. Trgovine nisu ovla\u0161tene da budu davaoc garancije, i trebaju da dodijele najbli\u017ei ovla\u0161teni servis koji ima ugovor da bi garancija na montirani ure\u0111aj bila validna.<\/strong><\/span><\/p>\n<p>Uz na\u0161u kupljenu klimu monta\u017eu vam mo\u017ee izvr\u0161iti na\u0161 servis ili najbli\u017ei ovla\u0161teni servis kojeg vam dodjelimo, samo u tom slu\u010daju garancija vrijedi. Monta\u017eu mo\u017eete kupiti uz kupljenu klimu, termin monta\u017ee je maximalno 10 radnih dana od dana kupovine. Dodajte Standardnu monta\u017eu kao proizvod u ko\u0161aricu, i platite skupa. Kontaktirat \u0107e vas call centar da potvrdi va\u0161u kupovinu i monta\u017eu.<\/p>\n<p>Ukoliko monta\u017eu izvr\u0161i <span style=\"color: #ff0000;\">neovla\u0161tena<\/span> osoba ili servis garancija na klima ure\u0111aj prestaje.<\/p>\n<h3><strong>Ovla\u0161teni smo monta\u017eni servis klima ure\u0111aja za brendove:<\/strong><\/h3>\n<ul>\n<li><a href=\"https:\/\/elfix.ba\/shop\/?s=mitsubishi&amp;post_type=product&amp;filter_brend=mitsubishi\">Mitsubishi<\/a><\/li>\n<li><a href=\"https:\/\/elfix.ba\/shop\/page\/1\/?s=gree&amp;post_type=product&amp;filter_brend=gree\">Gree<\/a><\/li>\n<li><a href=\"https:\/\/elfix.ba\/shop\/?s=azuri&amp;post_type=product&amp;filter_brend=azuri\">Azuri<\/a><\/li>\n<li>Fujitsu<\/li>\n<li><a href=\"https:\/\/elfix.ba\/shop\/?s=toshiba&amp;post_type=product&amp;filter_brend=toshiba\">Toshiba<\/a><\/li>\n<li><a href=\"https:\/\/elfix.ba\/shop\/?s=haier&amp;post_type=product&amp;filter_brend=haier\">Haier<\/a><\/li>\n<li><a href=\"https:\/\/elfix.ba\/shop\/?s=maxon&amp;post_type=product&amp;filter_brend=maxon\">Maxon<\/a><\/li>\n<li><a href=\"https:\/\/elfix.ba\/shop\/?s=vivax&amp;post_type=product&amp;filter_brend=vivax\">Vivax<\/a><\/li>\n<li><a href=\"https:\/\/elfix.ba\/?s=LG+Klima&amp;post_type=product\">LG<\/a><\/li>\n<li>Hisens<\/li>\n<li><a href=\"https:\/\/elfix.ba\/shop\/?s=Midea&amp;post_type=product&amp;filter_brend=midea\">Midea<\/a><\/li>\n<li>Samsung<\/li>\n<li><a href=\"https:\/\/elfix.ba\/?s=vox+klima&amp;post_type=product\">VOX<\/a><\/li>\n<\/ul>\n<p>Dostava je BESPLATNA ukoliko kupite zajedno klima ure\u0111aj i monta\u017eu.<\/p>\n<p>Napomena: Cijena na upit.<\/p>\n<p>Ukoliko vam je potrebna monta\u017ea mo\u017eete nas kontaktirati putem telefonskog poziva <strong><span style=\"color: #ff0000;\">+387 61 887 444<\/span><\/strong> <span style=\"color: #ff00ff;\">VIBER<\/span>, <span style=\"color: #99cc00;\">WHATS UP<\/span> ili putem emaila: info@elfix.ba<\/p>","protected":false},"excerpt":{"rendered":"<p><strong>Standardna monta\u017ea klima ure\u0111aja do 4.9kW podrazumjeva:<\/strong><\/p>\n<ul>\n<li>Monta\u017eu klima ure\u0111aja u Zenici<\/li>\n<li>Do 5m visine vanjske jedinice<\/li>\n<li>Do 3m instalacije izme\u0111u vanjske i unutra\u0161nje jedinice klima ure\u0111aja<\/li>\n<li>Klima nosa\u010di<\/li>\n<li>PVC kanalice<\/li>\n<li>Ovjerena garancija za klima ure\u0111aj i monta\u017eu propisanu od strane proizvo\u0111a\u010da<\/li>\n<\/ul>\n<p>Svaki dodatni metar instalacije se napla\u0107uje dodatno propisano cijenovnikom. Cijena monta\u017ee mo\u017ee biti varijabilna u odnosu na dodatne tro\u0161kove transporta i zahtjeve kupca.<\/p>","protected":false},"featured_media":14714,"template":"","meta":{"om_disable_all_campaigns":false,"_monsterinsights_skip_tracking":false,"_monsterinsights_sitenote_active":false,"_monsterinsights_sitenote_note":"","_monsterinsights_sitenote_category":0},"product_cat":[666],"product_tag":[667,668,669,563,540,571,670,671,465,672,627,673],"class_list":{"0":"post-15068","1":"product","2":"type-product","3":"status-publish","4":"has-post-thumbnail","6":"product_cat-servis","7":"product_tag-montaza-azuri-invertera","8":"product_tag-montaza-bih","9":"product_tag-montaza-fujitsu-klime","10":"product_tag-montaza-gree-invertera","11":"product_tag-montaza-gree-klime","12":"product_tag-montaza-invertera","13":"product_tag-montaza-klime-bih","14":"product_tag-montaza-klime-bosna-i-hercegovina","15":"product_tag-montaza-klime-zenica","16":"product_tag-montaza-maxon-klime","17":"product_tag-montaza-mitsubishi-invertera","18":"product_tag-montaza-vox-klime","20":"first","21":"instock","22":"featured","23":"taxable","24":"shipping-taxable","25":"purchasable","26":"product-type-simple"},"aioseo_notices":[],"_links":{"self":[{"href":"https:\/\/coolmarket.ba\/bs\/wp-json\/wp\/v2\/product\/15068","targetHints":{"allow":["GET"]}}],"collection":[{"href":"https:\/\/coolmarket.ba\/bs\/wp-json\/wp\/v2\/product"}],"about":[{"href":"https:\/\/coolmarket.ba\/bs\/wp-json\/wp\/v2\/types\/product"}],"wp:featuredmedia":[{"embeddable":true,"href":"https:\/\/coolmarket.ba\/bs\/wp-json\/wp\/v2\/media\/14714"}],"wp:attachment":[{"href":"https:\/\/coolmarket.ba\/bs\/wp-json\/wp\/v2\/media?parent=15068"}],"wp:term":[{"taxonomy":"product_cat","embeddable":true,"href":"https:\/\/coolmarket.ba\/bs\/wp-json\/wp\/v2\/product_cat?post=15068"},{"taxonomy":"product_tag","embeddable":true,"href":"https:\/\/coolmarket.ba\/bs\/wp-json\/wp\/v2\/product_tag?post=15068"}],"curies":[{"name":"wp","href":"https:\/\/api.w.org\/{rel}","templated":true}]}}