{"id":15067,"date":"2023-03-08T09:42:03","date_gmt":"2023-03-08T09:42:03","guid":{"rendered":"https:\/\/coolmarket.ba\/?post_type=product&#038;p=15067"},"modified":"2024-09-12T19:43:47","modified_gmt":"2024-09-12T19:43:47","slug":"toshiba-daiseikai-9-klima-inverter-ras-13pkvpg-e-ras-13pavpgp-e-3-5kw-12-ka","status":"publish","type":"product","link":"https:\/\/coolmarket.ba\/bs\/proizvod\/toshiba-daiseikai-9-klima-inverter-ras-13pkvpg-e-ras-13pavpgp-e-3-5kw-12-ka\/","title":{"rendered":"TOSHIBA DAISEIKAI 9 KLIMA INVERTER RAS-13PKVPG-E\/RAS-13PAVPGP-E 3.5kW (12-ka)"},"content":{"rendered":"<h4><a href=\"https:\/\/www.toshiba-klima.at\/hr\/detalji-o-proizvodu\/daiseikai-9-R32-innen.html\"><img data-recalc-dims=\"1\" fetchpriority=\"high\" decoding=\"async\" class=\"size-large wp-image-7629 aligncenter\" src=\"https:\/\/i0.wp.com\/elfix.ba\/wp-content\/uploads\/2021\/04\/toshiba-logo-png-transparent-1024x228.png?resize=660%2C147&#038;ssl=1\" alt=\"\" width=\"660\" height=\"147\" \/><\/a><\/h4>\n<h2>TOSHIBA KLIMA URE\u0110AJ<br \/>\nSUPER DAISEIKAI\u00a0 &#8211; komplet zidna unutra\u0161nja i vanjska jedinica<\/h2>\n<div>\n<div class=\"gmail_default\"><strong>U\u010dinak hla\u0111enja: 3,5(0,9-4,1)kW<\/strong><\/div>\n<p>Prikladno za prostor: 35m2<br \/>\nEnergetska klasa hla\u0111enja: A+++<br \/>\nEnergetska u\u010dinkovitost SEER: 9,5W\/W<\/p>\n<p><strong>U\u010dinak grijanja: 4,0(0,8-6,5)kW<\/strong><br \/>\nPrikladno za prostor: 30m2<br \/>\nEnergetska klasa grijanja: A+++<br \/>\nEnergetska u\u010dinkovitost SCOP: 5,1W\/W<\/p>\n<p><strong>Unutra\u0161nja jedinica:<\/strong><br \/>\nNivo buke min\/max: 19\/45 dBA<br \/>\nDimenzije (V x\u0160x D): 293 x 851 x 270 mm<\/p>\n<p><strong>Vanjska jedinica:<\/strong><br \/>\nNivo buke: 48\/50 dBA<br \/>\nDimenzije (Vx\u0160xD): 630 x 800 x 300 mm<br \/>\nTe\u017eina: 43 kg<\/p>\n<p>Podru\u010dje rada: -10\/+46C (hla\u0111enje), -15\/+24C (grijanje)<br \/>\nEko plin: R-32<br \/>\nMaksimalna du\u017eina cjevovoda: 25m<br \/>\nMaksimalna visinska razlika: 10m<\/p>\n<h3><strong><span class=\"gmail_default\">\u200b\u200b<\/span>Toshiba tvorni\u010dka garancija &#8211; 3 godine.<\/strong><\/h3>\n<p>Garancija na ure\u0111aj priznaje se ukoliko je ure\u0111aj redovno godi\u0161nje (svakih 12 mjeseci) servisiran od strane ovla\u0161tenog servisera te montiran od strane ovla\u0161tenog servisa i po pravilima struke.<\/p>\n<div class=\"gmail_default\"><\/div>\n<\/div>\n<p><img data-recalc-dims=\"1\" decoding=\"async\" class=\"size-full wp-image-15573 aligncenter\" src=\"https:\/\/i0.wp.com\/coolmarket.ba\/wp-content\/uploads\/2024\/07\/Grijanje-Vodoinstalacije-klimatizacija-2.png?resize=1170%2C433&#038;ssl=1\" alt=\"\" width=\"1170\" height=\"433\" srcset=\"https:\/\/i0.wp.com\/coolmarket.ba\/wp-content\/uploads\/2024\/07\/Grijanje-Vodoinstalacije-klimatizacija-2.png?w=1170&amp;ssl=1 1170w, https:\/\/i0.wp.com\/coolmarket.ba\/wp-content\/uploads\/2024\/07\/Grijanje-Vodoinstalacije-klimatizacija-2.png?resize=300%2C111&amp;ssl=1 300w, https:\/\/i0.wp.com\/coolmarket.ba\/wp-content\/uploads\/2024\/07\/Grijanje-Vodoinstalacije-klimatizacija-2.png?resize=1024%2C379&amp;ssl=1 1024w, https:\/\/i0.wp.com\/coolmarket.ba\/wp-content\/uploads\/2024\/07\/Grijanje-Vodoinstalacije-klimatizacija-2.png?resize=768%2C284&amp;ssl=1 768w, https:\/\/i0.wp.com\/coolmarket.ba\/wp-content\/uploads\/2024\/07\/Grijanje-Vodoinstalacije-klimatizacija-2.png?resize=18%2C7&amp;ssl=1 18w, https:\/\/i0.wp.com\/coolmarket.ba\/wp-content\/uploads\/2024\/07\/Grijanje-Vodoinstalacije-klimatizacija-2.png?resize=600%2C222&amp;ssl=1 600w, https:\/\/i0.wp.com\/coolmarket.ba\/wp-content\/uploads\/2024\/07\/Grijanje-Vodoinstalacije-klimatizacija-2.png?resize=64%2C24&amp;ssl=1 64w\" sizes=\"(max-width: 1170px) 100vw, 1170px\" \/><\/p>\n<p>&nbsp;<\/p>\n<p><strong>CoolMarket<\/strong> je va\u0161 pouzdani partner za prodaju, ugradnju i odr\u017eavanje klima ure\u0111aja, toplotnih pumpi te sistema za vodu i grijanje. Na\u0161a stru\u010dnost osigurava kvalitetne proizvode i vrhunske usluge kako bi va\u0161 dom ili poslovni prostor bio udoban i funkcionalan. Kontaktirajte nas za sve potrebe vezane za klimatizaciju, grijanje i vodoinstalacije. Dostupni smo na Viber i Whatsapp\u00a0 +387 62 53 53 50<\/p>","protected":false},"excerpt":{"rendered":"<ul>\n<li><strong>Brand:<\/strong>\u00a0Toshiba<\/li>\n<li><strong>Zemlja proizvodnje:<\/strong> Japan<\/li>\n<li><strong>Tehnologija:<\/strong> Inverter<\/li>\n<li><strong>Energetska klasa hla\u0111enje:<\/strong>A+++<\/li>\n<li><strong>Energetska klasa grijanje:<\/strong>A+++<\/li>\n<li><strong>Snaga hla\u0111enja:<\/strong>3.5 kW<\/li>\n<li><strong>Snaga grijanja:<\/strong>3.67 kW<\/li>\n<li><strong>Veli\u010dina prostorije:<\/strong>&lt; 40 m2<\/li>\n<li><strong>Garancija:\u00a0<\/strong>3 godine<\/li>\n<\/ul>","protected":false},"featured_media":14713,"template":"","meta":{"om_disable_all_campaigns":false,"_monsterinsights_skip_tracking":false,"_monsterinsights_sitenote_active":false,"_monsterinsights_sitenote_note":"","_monsterinsights_sitenote_category":0},"product_cat":[335,305,306,404],"product_tag":[346,309,330,337,311,327,312,469,664,665,328],"class_list":{"0":"post-15067","1":"product","2":"type-product","3":"status-publish","4":"has-post-thumbnail","6":"product_cat-12ke-inverteri","7":"product_cat-grijanje-i-hladenje","8":"product_cat-klima-uredaji","9":"product_cat-toshiba","10":"product_tag-montaza-kima-uredaja","11":"product_tag-montaza-klima","12":"product_tag-montaza-klima-uredjaja","13":"product_tag-prodaja-klima","14":"product_tag-prodaja-klima-uredaja","15":"product_tag-servis-klima","16":"product_tag-servis-klima-uredaja","17":"product_tag-servis-zenica","18":"product_tag-toshiba-inverter","19":"product_tag-toshiba-klima","20":"product_tag-ugradnja-klima","22":"first","23":"onbackorder","24":"featured","25":"taxable","26":"shipping-taxable","27":"purchasable","28":"product-type-simple"},"aioseo_notices":[],"_links":{"self":[{"href":"https:\/\/coolmarket.ba\/bs\/wp-json\/wp\/v2\/product\/15067","targetHints":{"allow":["GET"]}}],"collection":[{"href":"https:\/\/coolmarket.ba\/bs\/wp-json\/wp\/v2\/product"}],"about":[{"href":"https:\/\/coolmarket.ba\/bs\/wp-json\/wp\/v2\/types\/product"}],"wp:featuredmedia":[{"embeddable":true,"href":"https:\/\/coolmarket.ba\/bs\/wp-json\/wp\/v2\/media\/14713"}],"wp:attachment":[{"href":"https:\/\/coolmarket.ba\/bs\/wp-json\/wp\/v2\/media?parent=15067"}],"wp:term":[{"taxonomy":"product_cat","embeddable":true,"href":"https:\/\/coolmarket.ba\/bs\/wp-json\/wp\/v2\/product_cat?post=15067"},{"taxonomy":"product_tag","embeddable":true,"href":"https:\/\/coolmarket.ba\/bs\/wp-json\/wp\/v2\/product_tag?post=15067"}],"curies":[{"name":"wp","href":"https:\/\/api.w.org\/{rel}","templated":true}]}}