{"id":15066,"date":"2023-03-08T09:42:03","date_gmt":"2023-03-08T09:42:03","guid":{"rendered":"https:\/\/coolmarket.ba\/?post_type=product&#038;p=15066"},"modified":"2024-09-12T19:43:22","modified_gmt":"2024-09-12T19:43:22","slug":"haier-tide-green-wi-fi-3-5-3-6-kw","status":"publish","type":"product","link":"https:\/\/coolmarket.ba\/bs\/proizvod\/haier-tide-green-wi-fi-3-5-3-6-kw\/","title":{"rendered":"HAIER TIDE PLUS Wi-Fi AS35TAMHRA\/1U35YEFFRA"},"content":{"rendered":"<h2>HAIER KLIMA URE\u0110AJ<br \/>\n<a href=\"https:\/\/www.klimakoncept.hr\/hr\/serije-haier-tide_green_wi_fi\/174,187\">TIDE GREEN WI-FI<\/a>\u00a0&#8211; komplet zidna unutarnja i vanjska jedinica<\/h2>\n<div><\/div>\n<div><\/div>\n<div>\n<div>Tide Green Wi-Fi predstavlja najbolji omjer cijene i kvalitete te performansi uz odlu\u010dnu energetsku u\u010dinkovitost i napredno filtriranje zraka.<\/div>\n<div><\/div>\n<div><\/div>\n<\/div>\n<div><\/div>\n<div>\u00a0<img data-recalc-dims=\"1\" decoding=\"async\" src=\"https:\/\/i0.wp.com\/elfix.ba\/wp-content\/uploads\/2021\/03\/haier-tide-green-r32-mogucnosti20.jpg?w=1300&#038;ssl=1\" alt=\"\" border=\"0\" \/><\/div>\n<div><\/div>\n<div><\/div>\n<div><\/div>\n<div>Model Tide ima Frost Clean funkciju (99,9% dezinficiran zrak).FrostCleanOve godine Haier je lansirao inovativnu funkciju\u00a0Frost Clean\u00a0koja predstavlja automatsko samo\u010di\u0161\u0107enje klima ure\u0111aja hladnom ekspanzijom.\u00a0Frost Clean\u00a0funkcija radi na na\u010din da zaledi povr\u0161inu ispariva\u010da te se s otapanjem u\u010dinkovito uklanjaju ne\u010disto\u0107e i bakterije.<\/div>\n<div><\/div>\n<div><\/div>\n<div><img data-recalc-dims=\"1\" decoding=\"async\" src=\"https:\/\/i0.wp.com\/elfix.ba\/wp-content\/uploads\/2021\/03\/haier-samociscenje-FrostClean.jpg?w=1300&#038;ssl=1\" alt=\"\" border=\"0\" \/><\/div>\n<div><\/div>\n<div><\/div>\n<div><\/div>\n<p>Haier Tide Green\u00a0je opremljena standardnim vi\u0161eslojnim filterom te ima funkciju samo\u010di\u0161\u0107enja &#8220;frost clean&#8221; gdje u jednom ciklusu \u010di\u0161\u0107enja na unutarnjoj jedinici nastane sloj leda koji se otapa Te prilikom otapanja odnosi \u010destice ne\u010disto\u0107e s ispariva\u010da u odvod kondenzata<\/p>\n<p><img data-recalc-dims=\"1\" fetchpriority=\"high\" decoding=\"async\" class=\"size-full wp-image-15573 aligncenter\" src=\"https:\/\/i0.wp.com\/coolmarket.ba\/wp-content\/uploads\/2024\/07\/Grijanje-Vodoinstalacije-klimatizacija-2.png?resize=1170%2C433&#038;ssl=1\" alt=\"\" width=\"1170\" height=\"433\" srcset=\"https:\/\/i0.wp.com\/coolmarket.ba\/wp-content\/uploads\/2024\/07\/Grijanje-Vodoinstalacije-klimatizacija-2.png?w=1170&amp;ssl=1 1170w, https:\/\/i0.wp.com\/coolmarket.ba\/wp-content\/uploads\/2024\/07\/Grijanje-Vodoinstalacije-klimatizacija-2.png?resize=300%2C111&amp;ssl=1 300w, https:\/\/i0.wp.com\/coolmarket.ba\/wp-content\/uploads\/2024\/07\/Grijanje-Vodoinstalacije-klimatizacija-2.png?resize=1024%2C379&amp;ssl=1 1024w, https:\/\/i0.wp.com\/coolmarket.ba\/wp-content\/uploads\/2024\/07\/Grijanje-Vodoinstalacije-klimatizacija-2.png?resize=768%2C284&amp;ssl=1 768w, https:\/\/i0.wp.com\/coolmarket.ba\/wp-content\/uploads\/2024\/07\/Grijanje-Vodoinstalacije-klimatizacija-2.png?resize=18%2C7&amp;ssl=1 18w, https:\/\/i0.wp.com\/coolmarket.ba\/wp-content\/uploads\/2024\/07\/Grijanje-Vodoinstalacije-klimatizacija-2.png?resize=600%2C222&amp;ssl=1 600w, https:\/\/i0.wp.com\/coolmarket.ba\/wp-content\/uploads\/2024\/07\/Grijanje-Vodoinstalacije-klimatizacija-2.png?resize=64%2C24&amp;ssl=1 64w\" sizes=\"(max-width: 1170px) 100vw, 1170px\" \/><\/p>\n<p>&nbsp;<\/p>\n<p><strong>CoolMarket<\/strong> je va\u0161 pouzdani partner za prodaju, ugradnju i odr\u017eavanje klima ure\u0111aja, toplotnih pumpi te sistema za vodu i grijanje. Na\u0161a stru\u010dnost osigurava kvalitetne proizvode i vrhunske usluge kako bi va\u0161 dom ili poslovni prostor bio udoban i funkcionalan. Kontaktirajte nas za sve potrebe vezane za klimatizaciju, grijanje i vodoinstalacije. Dostupni smo na Viber i Whatsapp\u00a0 +387 62 53 53 50<\/p>\n<div><\/div>\n<div><\/div>\n<div><\/div>","protected":false},"excerpt":{"rendered":"<p>HAIER KLIMA URE\u0110AJ TIDE GREEN WI-FI\u00a0&#8211; komplet zidna unutarnja i vanjska jedinica Tide Green Wi-Fi predstavlja najbolji omjer cijene i kvalitete te performansi uz odlu\u010dnu energetsku u\u010dinkovitost i napredno filtriranje zraka. \u00a0 Model Tide ima Frost Clean funkciju (99,9% dezinficiran zrak).FrostCleanOve godine Haier je lansirao inovativnu funkciju\u00a0Frost Clean\u00a0koja predstavlja automatsko samo\u010di\u0161\u0107enje klima ure\u0111aja hladnom ekspanzijom.\u00a0Frost [&hellip;]<\/p>","protected":false},"featured_media":14711,"template":"","meta":{"om_disable_all_campaigns":false,"_monsterinsights_skip_tracking":false,"_monsterinsights_sitenote_active":false,"_monsterinsights_sitenote_note":"","_monsterinsights_sitenote_category":0},"product_cat":[335,406,306],"product_tag":[],"class_list":{"0":"post-15066","1":"product","2":"type-product","3":"status-publish","4":"has-post-thumbnail","6":"product_cat-12ke-inverteri","7":"product_cat-haier","8":"product_cat-klima-uredaji","10":"first","11":"onbackorder","12":"taxable","13":"shipping-taxable","14":"purchasable","15":"product-type-simple"},"aioseo_notices":[],"_links":{"self":[{"href":"https:\/\/coolmarket.ba\/bs\/wp-json\/wp\/v2\/product\/15066","targetHints":{"allow":["GET"]}}],"collection":[{"href":"https:\/\/coolmarket.ba\/bs\/wp-json\/wp\/v2\/product"}],"about":[{"href":"https:\/\/coolmarket.ba\/bs\/wp-json\/wp\/v2\/types\/product"}],"wp:featuredmedia":[{"embeddable":true,"href":"https:\/\/coolmarket.ba\/bs\/wp-json\/wp\/v2\/media\/14711"}],"wp:attachment":[{"href":"https:\/\/coolmarket.ba\/bs\/wp-json\/wp\/v2\/media?parent=15066"}],"wp:term":[{"taxonomy":"product_cat","embeddable":true,"href":"https:\/\/coolmarket.ba\/bs\/wp-json\/wp\/v2\/product_cat?post=15066"},{"taxonomy":"product_tag","embeddable":true,"href":"https:\/\/coolmarket.ba\/bs\/wp-json\/wp\/v2\/product_tag?post=15066"}],"curies":[{"name":"wp","href":"https:\/\/api.w.org\/{rel}","templated":true}]}}