{"id":15065,"date":"2023-03-08T09:42:03","date_gmt":"2023-03-08T09:42:03","guid":{"rendered":"https:\/\/coolmarket.ba\/?post_type=product&#038;p=15065"},"modified":"2024-09-12T19:43:05","modified_gmt":"2024-09-12T19:43:05","slug":"fujitsu-klima-inverter-asyg24lfc-7kw-24-ka","status":"publish","type":"product","link":"https:\/\/coolmarket.ba\/bs\/proizvod\/fujitsu-klima-inverter-asyg24lfc-7kw-24-ka\/","title":{"rendered":"FUJITSU KLIMA INVERTER ASYG24LFC 7kW (24-ka)"},"content":{"rendered":"<div id=\"exTab1\">\n<div class=\"tab-content\">\n<div id=\"opis\" class=\"tab-pane active\" role=\"tabpanel\">\n<h2><a href=\"https:\/\/i0.wp.com\/elfix.ba\/wp-content\/uploads\/2021\/04\/1280px-Fujitsu-Logo.svg_.png?ssl=1\"><img data-recalc-dims=\"1\" fetchpriority=\"high\" decoding=\"async\" class=\"wp-image-7620 aligncenter\" src=\"https:\/\/i0.wp.com\/elfix.ba\/wp-content\/uploads\/2021\/04\/1280px-Fujitsu-Logo.svg_-1024x482.png?resize=429%2C202&#038;ssl=1\" alt=\"\" width=\"429\" height=\"202\" \/><\/a><\/h2>\n<h2>FUJITSU ASYG24LFC<br \/>\nMULTI INVERTERSKI URE\u0110AJ &#8211; UNUTARNJA\u00a0JEDINICA<\/h2>\n<h2><\/h2>\n<div>\u0160irok raspon u\u010dina (2,0 &#8211; 4,4 kW) garancija su ispunjenja svih klimatizacijskih potreba sa inverterskim modelima ove serije. Opcija grijanja na -15\u00b0C, 24-satni timer i kontrola ispuha zraka pove\u0107avaju komfor kori\u0161tenja.<\/div>\n<div><\/div>\n<div><\/div>\n<div><img data-recalc-dims=\"1\" decoding=\"async\" src=\"https:\/\/i0.wp.com\/elfix.ba\/wp-content\/uploads\/2021\/03\/fujitsui-standard-inverter-mogucnosti-klimakoncept.jpg?w=1300&#038;ssl=1\" alt=\"\" border=\"0\" \/><\/div>\n<div><\/div>\n<div><\/div>\n<div>Kontrola ispuha zraka:<br \/>\nPode\u0161avanje ispuha omogu\u0107ava ugodu podnog grijanja. vodoravnim ispuhom hladan zrak ne pu\u0161e izravno prema korisniku klima ure\u0111aja<\/div>\n<div>Opcija grijanja na 10\u00b0c:<br \/>\nFunkcija koja odr\u017eava temperaturu prostora na 10\u00b0C kako ne bi do\u0161lo do smrzavanja ili pucanja cijevi. Dostupno preko be\u017ei\u010dnog daljinskog upravlja\u010da<\/div>\n<div>24-satni timer:<br \/>\n24-satni timer omogu\u0107uje iznimno lako pode\u0161avanje ure\u0111aja od strane korisnika<\/div>\n<div>Podru\u010dje rada:<br \/>\nU hla\u0111enju: od -10\u00b0C do +43\u00b0C \u00a0 \u00a0 U grijanju: od -15\u00b0C do +24\u00b0C<\/div>\n<p><img data-recalc-dims=\"1\" decoding=\"async\" class=\"size-full wp-image-15573 aligncenter\" src=\"https:\/\/i0.wp.com\/coolmarket.ba\/wp-content\/uploads\/2024\/07\/Grijanje-Vodoinstalacije-klimatizacija-2.png?resize=1170%2C433&#038;ssl=1\" alt=\"\" width=\"1170\" height=\"433\" srcset=\"https:\/\/i0.wp.com\/coolmarket.ba\/wp-content\/uploads\/2024\/07\/Grijanje-Vodoinstalacije-klimatizacija-2.png?w=1170&amp;ssl=1 1170w, https:\/\/i0.wp.com\/coolmarket.ba\/wp-content\/uploads\/2024\/07\/Grijanje-Vodoinstalacije-klimatizacija-2.png?resize=300%2C111&amp;ssl=1 300w, https:\/\/i0.wp.com\/coolmarket.ba\/wp-content\/uploads\/2024\/07\/Grijanje-Vodoinstalacije-klimatizacija-2.png?resize=1024%2C379&amp;ssl=1 1024w, https:\/\/i0.wp.com\/coolmarket.ba\/wp-content\/uploads\/2024\/07\/Grijanje-Vodoinstalacije-klimatizacija-2.png?resize=768%2C284&amp;ssl=1 768w, https:\/\/i0.wp.com\/coolmarket.ba\/wp-content\/uploads\/2024\/07\/Grijanje-Vodoinstalacije-klimatizacija-2.png?resize=18%2C7&amp;ssl=1 18w, https:\/\/i0.wp.com\/coolmarket.ba\/wp-content\/uploads\/2024\/07\/Grijanje-Vodoinstalacije-klimatizacija-2.png?resize=600%2C222&amp;ssl=1 600w, https:\/\/i0.wp.com\/coolmarket.ba\/wp-content\/uploads\/2024\/07\/Grijanje-Vodoinstalacije-klimatizacija-2.png?resize=64%2C24&amp;ssl=1 64w\" sizes=\"(max-width: 1170px) 100vw, 1170px\" \/><\/p>\n<p>&nbsp;<\/p>\n<p><strong>CoolMarket<\/strong> je va\u0161 pouzdani partner za prodaju, ugradnju i odr\u017eavanje klima ure\u0111aja, toplotnih pumpi te sistema za vodu i grijanje. Na\u0161a stru\u010dnost osigurava kvalitetne proizvode i vrhunske usluge kako bi va\u0161 dom ili poslovni prostor bio udoban i funkcionalan. Kontaktirajte nas za sve potrebe vezane za klimatizaciju, grijanje i vodoinstalacije. Dostupni smo na Viber i Whatsapp\u00a0 +387 62 53 53 50<\/p>\n<\/div>\n<\/div>\n<\/div>\n<div class=\"clearfix\"><\/div>","protected":false},"excerpt":{"rendered":"<p>Unutarnja zidna jedinica za multi sustav<br \/>\nStandardni model<br \/>\nU\u010dinak hla\u0111enja: 7,1\u00a0(0,9 &#8211; 8,0) kW<br \/>\nU\u010dinak grijanja: 8,0\u00a0(0,9 &#8211; 10,6) kW<br \/>\nPrikladno za prostor: 70\u00a0m2<br \/>\nWi-Fi upravljanje &#8211; mo\u017ee se ugraditi (pla\u0107a se posebno)<\/p>\n<div>Tvorni\u010dko jamstvo: 3 godine<\/div>","protected":false},"featured_media":14710,"template":"","meta":{"om_disable_all_campaigns":false,"_monsterinsights_skip_tracking":false,"_monsterinsights_sitenote_active":false,"_monsterinsights_sitenote_note":"","_monsterinsights_sitenote_category":0},"product_cat":[329,654,305,401,306,348],"product_tag":[655,656,657,658,659,660,330,350,661,337,311,352,327,312,468,469,328],"class_list":{"0":"post-15065","1":"product","2":"type-product","3":"status-publish","4":"has-post-thumbnail","6":"product_cat-24ke-inverteri","7":"product_cat-fujitsu","8":"product_cat-grijanje-i-hladenje","9":"product_cat-klima-inverteri","10":"product_cat-klima-uredaji","11":"product_cat-klima-uredaji-klima-uredaji","12":"product_tag-fujitsu-24ka","13":"product_tag-fujitsu-7kw","14":"product_tag-fujitsu-bih","15":"product_tag-fujitsu-bosna-i-hercegovina","16":"product_tag-fujitsu-klima-inverter","17":"product_tag-fujitsu-zenica","18":"product_tag-montaza-klima-uredjaja","19":"product_tag-montaza-klima-zenica","20":"product_tag-montaza-zenica","21":"product_tag-prodaja-klima","22":"product_tag-prodaja-klima-uredaja","23":"product_tag-prodaja-klima-zenica","24":"product_tag-servis-klima","25":"product_tag-servis-klima-uredaja","26":"product_tag-servis-klima-zenica","27":"product_tag-servis-zenica","28":"product_tag-ugradnja-klima","30":"first","31":"instock","32":"taxable","33":"shipping-taxable","34":"purchasable","35":"product-type-simple"},"aioseo_notices":[],"_links":{"self":[{"href":"https:\/\/coolmarket.ba\/bs\/wp-json\/wp\/v2\/product\/15065","targetHints":{"allow":["GET"]}}],"collection":[{"href":"https:\/\/coolmarket.ba\/bs\/wp-json\/wp\/v2\/product"}],"about":[{"href":"https:\/\/coolmarket.ba\/bs\/wp-json\/wp\/v2\/types\/product"}],"wp:featuredmedia":[{"embeddable":true,"href":"https:\/\/coolmarket.ba\/bs\/wp-json\/wp\/v2\/media\/14710"}],"wp:attachment":[{"href":"https:\/\/coolmarket.ba\/bs\/wp-json\/wp\/v2\/media?parent=15065"}],"wp:term":[{"taxonomy":"product_cat","embeddable":true,"href":"https:\/\/coolmarket.ba\/bs\/wp-json\/wp\/v2\/product_cat?post=15065"},{"taxonomy":"product_tag","embeddable":true,"href":"https:\/\/coolmarket.ba\/bs\/wp-json\/wp\/v2\/product_tag?post=15065"}],"curies":[{"name":"wp","href":"https:\/\/api.w.org\/{rel}","templated":true}]}}