{"id":15064,"date":"2023-03-08T09:42:03","date_gmt":"2023-03-08T09:42:03","guid":{"rendered":"https:\/\/coolmarket.ba\/?post_type=product&#038;p=15064"},"modified":"2024-09-12T19:42:50","modified_gmt":"2024-09-12T19:42:50","slug":"lg-klima-inverter-s18eq-5kw-18ka","status":"publish","type":"product","link":"https:\/\/coolmarket.ba\/bs\/proizvod\/lg-klima-inverter-s18eq-5kw-18ka\/","title":{"rendered":"LG KLIMA INVERTER S18EQ 5kW (18ka)"},"content":{"rendered":"<div class=\"article_specs_list\">\n<h3>DUAL Inverter Compressor\u2122 s 10 godina jamstva<\/h3>\n<p>LG Dual Inverter Compressor\u2122 rje\u0161ava probleme neu\u010dinkovitosti i buke, \u0161to rezultira klima-ure\u0111ajem koji hladi br\u017ee, traje dulje i radi ti\u0161e. Uz 10-godi\u0161nje jamstvo na kompresor, korisnici \u0107e u\u017eivati \u200b\u200bu blagodatima LG klima-ure\u0111aja dulje vrijeme.<\/p>\n<p><img data-recalc-dims=\"1\" fetchpriority=\"high\" decoding=\"async\" src=\"https:\/\/i0.wp.com\/technoshop.ba\/upload\/2020\/02\/image_5e396daa98a3c.png?resize=1000%2C663&#038;ssl=1\" width=\"1000\" height=\"663\" \/><\/p>\n<h3>U\u0161teda energije i brzo hla\u0111enje<\/h3>\n<p>Inverterski kompresor stalno prilago\u0111ava brzinu rada kompresora kako bi odr\u017eao \u017eeljenu razinu temperature. Dodatno, DUAL Inverter Compressor\u2122 \u0161tedi vi\u0161e energije od uobi\u010dajenog kompresora.<\/p>\n<p><img data-recalc-dims=\"1\" decoding=\"async\" src=\"https:\/\/i0.wp.com\/technoshop.ba\/upload\/2020\/02\/image_5e396e3288c2e.png?resize=1000%2C844&#038;ssl=1\" width=\"1000\" height=\"844\" \/><\/p>\n<h3>DUAL Inverter Compressor\u2122<\/h3>\n<p>Kompresori na uobi\u010dajenim klima-ure\u0111ajima se isklju\u010duju i uklju\u010duju kako bi prilagodili temperaturu, tro\u0161e\u0107i veliku koli\u010dinu energije. DUAL Inverter Compressor\u2122 stalno pode\u0161ava brzinu kompresora kako bi odr\u017eao \u017eeljene razine temperature. Ova minimalna fluktuacija \u0161tedi energiju i osigurava ve\u0107u udobnost hla\u0111enja.<\/p>\n<p><img data-recalc-dims=\"1\" decoding=\"async\" src=\"https:\/\/i0.wp.com\/technoshop.ba\/upload\/2020\/02\/image_5e396f47df826.png?resize=1000%2C638&#038;ssl=1\" width=\"1000\" height=\"638\" \/><\/p>\n<h3>Niska razina buke<\/h3>\n<p>LG-evi klima-ure\u0111aji rade gotovo ne\u010dujno zahvaljuju\u0107i jedinstvenom LG-evom uko\u0161enom ventilatoru i DUAL Inverter kompresoru koji eliminiraju nepotrebne zvukove i omogu\u0107avaju nesmetan rad.<\/p>\n<p><img data-recalc-dims=\"1\" loading=\"lazy\" decoding=\"async\" src=\"https:\/\/i0.wp.com\/technoshop.ba\/upload\/2020\/02\/image_5e396f7895862.png?resize=1000%2C663&#038;ssl=1\" width=\"1000\" height=\"663\" \/><\/p>\n<h3>Filtrirajte ne\u017eeljene zaga\u0111iva\u010de<\/h3>\n<p>LG-ev sustav filtriranja dizajniran je za sakupljanje \u010destica pra\u0161ine ve\u0107ih od 10 \u03bcm uz istovremeno uklanjanje alergena, kao \u0161to su grinje, kako bi va\u0161e okru\u017eenje bilo \u010di\u0161\u0107e i zdravije.<\/p>\n<p><img data-recalc-dims=\"1\" loading=\"lazy\" decoding=\"async\" src=\"https:\/\/i0.wp.com\/technoshop.ba\/upload\/2020\/02\/image_5e396fb63aef0.png?resize=1000%2C616&#038;ssl=1\" width=\"1000\" height=\"616\" \/><\/p>\n<h3>Kontrolirajte svoju potro\u0161nju elektri\u010dne energije<\/h3>\n<p>Tipkom za funkciju LG Aktivne energetske regulacije mo\u017eete prilagoditi potro\u0161nju elektri\u010dne energije u tri opcije (80 %, 60 %, 40 %). Samo jednim dodirom tipke mo\u017eete kontrolirati hla\u0111enje i smanjiti potro\u0161nju elektri\u010dne energije.<\/p>\n<p><img data-recalc-dims=\"1\" loading=\"lazy\" decoding=\"async\" class=\"aligncenter\" src=\"https:\/\/i0.wp.com\/technoshop.ba\/upload\/2020\/02\/image_5e396fd3bc796.png?resize=732%2C632&#038;ssl=1\" width=\"732\" height=\"632\" \/><\/p>\n<h3>Opcija optimalnog strujanja zraka (Comfort Air)<\/h3>\n<p>Ova opcija prakti\u010dno postavlja otvore za zrak klima-ure\u0111aja u zadani polo\u017eaj kako bi se zrak koji struji iz ure\u0111aja usmjerio dalje od<br \/>\nosoba u prostoriji.<\/p>\n<p><img data-recalc-dims=\"1\" loading=\"lazy\" decoding=\"async\" src=\"https:\/\/i0.wp.com\/technoshop.ba\/upload\/2020\/02\/image_5e39700584170.png?resize=1000%2C625&#038;ssl=1\" width=\"1000\" height=\"625\" \/><\/p>\n<h3>Visokou\u010dinkovito rashladno sredstvo R32<\/h3>\n<p>R32 je ekolo\u0161ki prihvatljivo, visokou\u010dinkovito rashladno sredstvo. Kako je koli\u010dina rashladnog sredstva R32 znatno ni\u017ea u usporedbi s R410A, ono ima manji potencijal globalnog zagrijavanja i minimalno o\u0161te\u0107uje ozonski omota\u010d. Visoki stupnjevi kompresije R32 omogu\u0107uju ve\u0107i kapacitet u usporedbi s postoje\u0107im sredstvima R12 i R410A.<\/p>\n<p><img data-recalc-dims=\"1\" loading=\"lazy\" decoding=\"async\" src=\"https:\/\/i0.wp.com\/technoshop.ba\/upload\/2020\/02\/image_5e39702c78384.png?resize=1000%2C595&#038;ssl=1\" width=\"1000\" height=\"595\" \/><\/p>\n<p>&nbsp;<\/p>\n<p><strong>Karakteristike:<\/strong><\/p>\n<p>Kapacitet hla\u0111enja<\/p>\n<p>Min\/Nom\/Maks. (W) &#8211; 900\/5000\/5500<\/p>\n<p>Kapacitet grijanja<\/p>\n<p>Min\/Nom.\/Maks. (W) &#8211; 900\/5800\/6400<\/p>\n<p><strong>Ulazna snaga<\/strong><\/p>\n<p>Hla\u0111enje (W) &#8211; 1562<\/p>\n<p>Grijanje +7\u00b0C (W) &#8211; 1611<\/p>\n<p><strong>Napajanje<\/strong><\/p>\n<p>\u00f8, V, Hz &#8211; 1\/220-240\/50<\/p>\n<p>E.E.R<\/p>\n<p>Hla\u0111enje (W\/W) &#8211; 3.2<\/p>\n<p>S.E.E.R<\/p>\n<p>(W\/W) &#8211; 7<\/p>\n<p>C.O.P<\/p>\n<p>Grijanje (W\/W) &#8211; 3.6<\/p>\n<p>S.C.O.P<\/p>\n<p>(W\/W) &#8211; 4.3<\/p>\n<p><strong>Energetski razred<\/strong><\/p>\n<p>Hla\u0111enje &#8211; A++ (A++ &#8211; E scale)<\/p>\n<p>Grijanje &#8211; A+ (A++ &#8211; E scale)<\/p>\n<p><strong>Godi\u0161nja potro\u0161nja energije<\/strong><\/p>\n<p>Hla\u0111enje (kWh) &#8211; 250<\/p>\n<p>Grijanje (kWh) &#8211; 1270<\/p>\n<p><strong>Zvu\u010dni tlak<\/strong><\/p>\n<p>Hla\u0111enje (No\u0107ni rad\/Nisko\/Srednje\/Visoko) (dBA)<\/p>\n<p>31\/34\/39\/44\/47<\/p>\n<p>Grijanje (Nisko\/Srednje\/Visoko) (dBA)<\/p>\n<p>34\/39\/44\/48<\/p>\n<p>Vanjska, hla\u0111enje (Visok) (dBA) &#8211; 53<\/p>\n<p>Vanjska, grijanje (Visok) (dBA) &#8211; 55<\/p>\n<p><strong>Ja\u010dina zvuka<\/strong><\/p>\n<p>Hla\u0111enje (Visok) (dBA) &#8211; 65<\/p>\n<p><strong>Brzina protoka zraka<\/strong><\/p>\n<p>Hla\u0111enje (Sleep, Nizak, Srednji, Visok) (m3\/min)<\/p>\n<p>10.5\/13.0\/14.5\/15.5<\/p>\n<p>Grijanje (Nizak, Srednji, Visok)<\/p>\n<p>11.0\/13.5\/16.0\/18.5<\/p>\n<p>Unutarnja, maks. (m3\/min) &#8211; 18.5<\/p>\n<p>Vanjska, maks. (m3\/min) &#8211; 35<\/p>\n<p><strong>Brzina odvla\u017eivanja<\/strong><\/p>\n<p>l\/h.(pts\/h.) &#8211; 1.8<\/p>\n<p><strong>Radna ja\u010dina struje<\/strong><\/p>\n<p>Hla\u0111enje (procjena, maks. ) (A) &#8211; 6.9\/9.0<\/p>\n<p>Grijanje (procjena, maks.) (A) &#8211; 7.1\/9.5<\/p>\n<p><strong>Po\u010detna struja<\/strong><\/p>\n<p>Hla\u0111enje (A) &#8211; 1.2<\/p>\n<p>Grijanje (A) &#8211; 1.2<\/p>\n<p>Osigura\u010d (A) &#8211; A &#8211; 20<\/p>\n<p><strong>Naponski kabel<\/strong><\/p>\n<p>N x mm\u00b2 &#8211; 3 x 1,5<\/p>\n<p>Kabel za el. napajanje i za prijenos<\/p>\n<p>N x mm\u00b2 &#8211; 4 x 1.0 (Uklju\u010duju\u0107i uzemljenje)<\/p>\n<p><strong>Neto te\u017eina<\/strong><\/p>\n<p>Unutarnja (kg) &#8211; 11.4<\/p>\n<p><strong>Dimenzije (\u0160 x V x D)<\/strong><\/p>\n<p>Unutarnja (mm) &#8211; 998 x 345 x 210<\/p>\n<p>Izlazna snaga motora ventilatora &#8211; W &#8211; 30<\/p>\n<p>Garancija: 3 godine<\/p>\n<p>Garancija na inverter compresor: 10 godina<\/p>\n<p><img data-recalc-dims=\"1\" loading=\"lazy\" decoding=\"async\" class=\"size-full wp-image-15573 aligncenter\" src=\"https:\/\/i0.wp.com\/coolmarket.ba\/wp-content\/uploads\/2024\/07\/Grijanje-Vodoinstalacije-klimatizacija-2.png?resize=1170%2C433&#038;ssl=1\" alt=\"\" width=\"1170\" height=\"433\" srcset=\"https:\/\/i0.wp.com\/coolmarket.ba\/wp-content\/uploads\/2024\/07\/Grijanje-Vodoinstalacije-klimatizacija-2.png?w=1170&amp;ssl=1 1170w, https:\/\/i0.wp.com\/coolmarket.ba\/wp-content\/uploads\/2024\/07\/Grijanje-Vodoinstalacije-klimatizacija-2.png?resize=300%2C111&amp;ssl=1 300w, https:\/\/i0.wp.com\/coolmarket.ba\/wp-content\/uploads\/2024\/07\/Grijanje-Vodoinstalacije-klimatizacija-2.png?resize=1024%2C379&amp;ssl=1 1024w, https:\/\/i0.wp.com\/coolmarket.ba\/wp-content\/uploads\/2024\/07\/Grijanje-Vodoinstalacije-klimatizacija-2.png?resize=768%2C284&amp;ssl=1 768w, https:\/\/i0.wp.com\/coolmarket.ba\/wp-content\/uploads\/2024\/07\/Grijanje-Vodoinstalacije-klimatizacija-2.png?resize=18%2C7&amp;ssl=1 18w, https:\/\/i0.wp.com\/coolmarket.ba\/wp-content\/uploads\/2024\/07\/Grijanje-Vodoinstalacije-klimatizacija-2.png?resize=600%2C222&amp;ssl=1 600w, https:\/\/i0.wp.com\/coolmarket.ba\/wp-content\/uploads\/2024\/07\/Grijanje-Vodoinstalacije-klimatizacija-2.png?resize=64%2C24&amp;ssl=1 64w\" sizes=\"(max-width: 1170px) 100vw, 1170px\" \/><\/p>\n<p>&nbsp;<\/p>\n<p><strong>CoolMarket<\/strong> je va\u0161 pouzdani partner za prodaju, ugradnju i odr\u017eavanje klima ure\u0111aja, toplotnih pumpi te sistema za vodu i grijanje. Na\u0161a stru\u010dnost osigurava kvalitetne proizvode i vrhunske usluge kako bi va\u0161 dom ili poslovni prostor bio udoban i funkcionalan. Kontaktirajte nas za sve potrebe vezane za klimatizaciju, grijanje i vodoinstalacije. Dostupni smo na Viber i Whatsapp\u00a0 +387 62 53 53 50<\/p>\n<\/div>","protected":false},"excerpt":{"rendered":"<ul>\n<li>\n<div id=\"ctl00_ctl00_ContentPlaceHolder1_InnerContentPlaceHolder_ctl00_itemSpec_rpt_ctl01_spec1\" class=\"type to_center\">Brand<\/div>\n<div id=\"ctl00_ctl00_ContentPlaceHolder1_InnerContentPlaceHolder_ctl00_itemSpec_rpt_ctl01_div\" class=\"desc to_center\">LG<\/div>\n<\/li>\n<li>\n<div id=\"ctl00_ctl00_ContentPlaceHolder1_InnerContentPlaceHolder_ctl00_itemSpec_rpt_ctl02_spec1\" class=\"type to_center\">Pokriva prostor<\/div>\n<div id=\"ctl00_ctl00_ContentPlaceHolder1_InnerContentPlaceHolder_ctl00_itemSpec_rpt_ctl02_div\" class=\"desc to_center\">18-ka (50-70 m2)<\/div>\n<\/li>\n<li>\n<div id=\"ctl00_ctl00_ContentPlaceHolder1_InnerContentPlaceHolder_ctl00_itemSpec_rpt_ctl03_spec1\" class=\"type to_center\">Kapacitet grijanja [kW]<\/div>\n<div id=\"ctl00_ctl00_ContentPlaceHolder1_InnerContentPlaceHolder_ctl00_itemSpec_rpt_ctl03_div\" class=\"desc to_center\">5,8<\/div>\n<\/li>\n<li>\n<div id=\"ctl00_ctl00_ContentPlaceHolder1_InnerContentPlaceHolder_ctl00_itemSpec_rpt_ctl04_spec1\" class=\"type to_center\">Tip<\/div>\n<div id=\"ctl00_ctl00_ContentPlaceHolder1_InnerContentPlaceHolder_ctl00_itemSpec_rpt_ctl04_div\" class=\"desc to_center\">inverter<\/div>\n<\/li>\n<li>\n<div id=\"ctl00_ctl00_ContentPlaceHolder1_InnerContentPlaceHolder_ctl00_itemSpec_rpt_ctl05_spec1\" class=\"type to_center\">Kapacitet hla\u0111enja [kW]<\/div>\n<div id=\"ctl00_ctl00_ContentPlaceHolder1_InnerContentPlaceHolder_ctl00_itemSpec_rpt_ctl05_div\" class=\"desc to_center\">5<\/div>\n<\/li>\n<li>\n<div id=\"ctl00_ctl00_ContentPlaceHolder1_InnerContentPlaceHolder_ctl00_itemSpec_rpt_ctl06_spec1\" class=\"type to_center\">Ekolo\u0161ki plin<\/div>\n<div id=\"ctl00_ctl00_ContentPlaceHolder1_InnerContentPlaceHolder_ctl00_itemSpec_rpt_ctl06_div\" class=\"desc to_center\">R32<\/div>\n<\/li>\n<\/ul>","protected":false},"featured_media":14709,"template":"","meta":{"om_disable_all_campaigns":false,"_monsterinsights_skip_tracking":false,"_monsterinsights_sitenote_active":false,"_monsterinsights_sitenote_note":"","_monsterinsights_sitenote_category":0},"product_cat":[307,305,306,387],"product_tag":[641,642,643,391,398,651,330,652,331,337,311,312,653,469],"class_list":{"0":"post-15064","1":"product","2":"type-product","3":"status-publish","4":"has-post-thumbnail","6":"product_cat-18ke-inverteri","7":"product_cat-grijanje-i-hladenje","8":"product_cat-klima-uredaji","9":"product_cat-lg","10":"product_tag-lg-dualinverter","11":"product_tag-lg-inverter","12":"product_tag-lg-klima","13":"product_tag-lg-klima-uredaj","14":"product_tag-lg-klima-zenica","15":"product_tag-lg-motaza-klime","16":"product_tag-montaza-klima-uredjaja","17":"product_tag-montaza-klime-lg","18":"product_tag-prodaja-bijele-tehnike","19":"product_tag-prodaja-klima","20":"product_tag-prodaja-klima-uredaja","21":"product_tag-servis-klima-uredaja","22":"product_tag-servis-lg-klime","23":"product_tag-servis-zenica","25":"first","26":"onbackorder","27":"taxable","28":"shipping-taxable","29":"product-type-simple"},"aioseo_notices":[],"_links":{"self":[{"href":"https:\/\/coolmarket.ba\/bs\/wp-json\/wp\/v2\/product\/15064","targetHints":{"allow":["GET"]}}],"collection":[{"href":"https:\/\/coolmarket.ba\/bs\/wp-json\/wp\/v2\/product"}],"about":[{"href":"https:\/\/coolmarket.ba\/bs\/wp-json\/wp\/v2\/types\/product"}],"wp:featuredmedia":[{"embeddable":true,"href":"https:\/\/coolmarket.ba\/bs\/wp-json\/wp\/v2\/media\/14709"}],"wp:attachment":[{"href":"https:\/\/coolmarket.ba\/bs\/wp-json\/wp\/v2\/media?parent=15064"}],"wp:term":[{"taxonomy":"product_cat","embeddable":true,"href":"https:\/\/coolmarket.ba\/bs\/wp-json\/wp\/v2\/product_cat?post=15064"},{"taxonomy":"product_tag","embeddable":true,"href":"https:\/\/coolmarket.ba\/bs\/wp-json\/wp\/v2\/product_tag?post=15064"}],"curies":[{"name":"wp","href":"https:\/\/api.w.org\/{rel}","templated":true}]}}