{"id":15060,"date":"2023-03-08T09:42:02","date_gmt":"2023-03-08T09:42:02","guid":{"rendered":"https:\/\/coolmarket.ba\/?post_type=product&#038;p=15060"},"modified":"2024-09-12T19:44:20","modified_gmt":"2024-09-12T19:44:20","slug":"mitsubishi-klima-inverter-msz-sf50ve-muz-sf50veh-5kw-18ka","status":"publish","type":"product","link":"https:\/\/coolmarket.ba\/bs\/proizvod\/mitsubishi-klima-inverter-msz-sf50ve-muz-sf50veh-5kw-18ka\/","title":{"rendered":"MITSUBISHI KLIMA INVERTER MSZ-SF50VE\/MUZ-SF50VEH 5kW (18ka)"},"content":{"rendered":"<table id=\"prodspec\" class=\"table table-bordered table-hover table-striped\">\n<tbody>\n<tr>\n<td class=\"st\">Kapacitet hladjenja:<\/td>\n<td class=\"sc\">5 kW<\/td>\n<\/tr>\n<tr>\n<td class=\"st\">Kapacitet grejanja:<\/td>\n<td class=\"sc\">5,8 kW<\/td>\n<\/tr>\n<tr>\n<td class=\"st\">Energetski razred:<\/td>\n<td class=\"sc\">A++<\/td>\n<\/tr>\n<tr>\n<td class=\"st\">Tip gasa:<\/td>\n<td class=\"sc\">R410<\/td>\n<\/tr>\n<tr>\n<td class=\"st\">Funkcije:<\/td>\n<td class=\"sc\">\n<div>U\u010dinak hla\u0111enja: 5,0(1,4-5,4)kW<\/div>\n<div>Prikladno za prostor: 50m2<\/div>\n<div>Energetska klasa hla\u0111enja: A++<\/div>\n<div>Energetska efikasnosti SEER: 7,2W\/W<\/div>\n<div>Potro\u0161nja el.energije: 1,66kW<\/div>\n<div>U\u010dinak grejanja: 5,8(1,4-7,3)kW<\/div>\n<div>Prikladno za prostor: 45m2<\/div>\n<div>Energetska klasa grejanja: A+<\/div>\n<div>Energetska efikasnost SCOP: 4,4W\/W<\/div>\n<div>Potro\u0161nja el.energije: 1,70kW<\/div>\n<div>Unutrasnja jedinica:<\/div>\n<div>Visina buke min\/max: 30\/45dBA<\/div>\n<div>Dimenzije (V x x D): 299 x 798 x 195mm<\/div>\n<div>Te\u017eina: 10,0kg<\/div>\n<div>Spoljna jedinica:<\/div>\n<div>Visina buke: 52\/52dBA<\/div>\n<div>Dimenzije (VxxD): 880 x 840 x 330mm<\/div>\n<div>Te\u017eina: 55kg<\/div>\n<div>Podru\u010dje rada: -10\/+46C (hla\u0111enje), -20\/+24C (grijanje)<\/div>\n<div>Eko plin: R-410A<\/div>\n<div>Maksimalna duljina cevovoda: 30m<\/div>\n<div>Maksimalna visinska razlika: 15m<\/div>\n<div>Prednapunjena dubina cevi: 7m<\/div>\n<\/td>\n<\/tr>\n<\/tbody>\n<\/table>\n<div id=\"exTab1\">\n<div class=\"tab-content\">\n<div id=\"opis\" class=\"tab-pane active\" role=\"tabpanel\">\n<p><img data-recalc-dims=\"1\" fetchpriority=\"high\" decoding=\"async\" class=\"size-full wp-image-15573 aligncenter\" src=\"https:\/\/i0.wp.com\/coolmarket.ba\/wp-content\/uploads\/2024\/07\/Grijanje-Vodoinstalacije-klimatizacija-2.png?resize=1170%2C433&#038;ssl=1\" alt=\"\" width=\"1170\" height=\"433\" srcset=\"https:\/\/i0.wp.com\/coolmarket.ba\/wp-content\/uploads\/2024\/07\/Grijanje-Vodoinstalacije-klimatizacija-2.png?w=1170&amp;ssl=1 1170w, https:\/\/i0.wp.com\/coolmarket.ba\/wp-content\/uploads\/2024\/07\/Grijanje-Vodoinstalacije-klimatizacija-2.png?resize=300%2C111&amp;ssl=1 300w, https:\/\/i0.wp.com\/coolmarket.ba\/wp-content\/uploads\/2024\/07\/Grijanje-Vodoinstalacije-klimatizacija-2.png?resize=1024%2C379&amp;ssl=1 1024w, https:\/\/i0.wp.com\/coolmarket.ba\/wp-content\/uploads\/2024\/07\/Grijanje-Vodoinstalacije-klimatizacija-2.png?resize=768%2C284&amp;ssl=1 768w, https:\/\/i0.wp.com\/coolmarket.ba\/wp-content\/uploads\/2024\/07\/Grijanje-Vodoinstalacije-klimatizacija-2.png?resize=18%2C7&amp;ssl=1 18w, https:\/\/i0.wp.com\/coolmarket.ba\/wp-content\/uploads\/2024\/07\/Grijanje-Vodoinstalacije-klimatizacija-2.png?resize=600%2C222&amp;ssl=1 600w, https:\/\/i0.wp.com\/coolmarket.ba\/wp-content\/uploads\/2024\/07\/Grijanje-Vodoinstalacije-klimatizacija-2.png?resize=64%2C24&amp;ssl=1 64w\" sizes=\"(max-width: 1170px) 100vw, 1170px\" \/><\/p>\n<p>&nbsp;<\/p>\n<p><strong>CoolMarket<\/strong> je va\u0161 pouzdani partner za prodaju, ugradnju i odr\u017eavanje klima ure\u0111aja, toplotnih pumpi te sistema za vodu i grijanje. Na\u0161a stru\u010dnost osigurava kvalitetne proizvode i vrhunske usluge kako bi va\u0161 dom ili poslovni prostor bio udoban i funkcionalan. Kontaktirajte nas za sve potrebe vezane za klimatizaciju, grijanje i vodoinstalacije. Dostupni smo na Viber i Whatsapp\u00a0 +387 62 53 53 50<\/p>\n<\/div>\n<\/div>\n<\/div>","protected":false},"excerpt":{"rendered":"<p>Ja\u010dina 18000 BTU &#8211;<\/p>\n<p>Kapacitet hladjenja 5 kW<\/p>\n<p>Kapacitet grejanja 5, 8 kW<\/p>\n<p>Tip gasa R410<\/p>","protected":false},"featured_media":14698,"template":"","meta":{"om_disable_all_campaigns":false,"_monsterinsights_skip_tracking":false,"_monsterinsights_sitenote_active":false,"_monsterinsights_sitenote_note":"","_monsterinsights_sitenote_category":0},"product_cat":[307,305,306,323],"product_tag":[344,324,308,342,346,330,345,337,327,312,469,328],"class_list":{"0":"post-15060","1":"product","2":"type-product","3":"status-publish","4":"has-post-thumbnail","6":"product_cat-18ke-inverteri","7":"product_cat-grijanje-i-hladenje","8":"product_cat-klima-uredaji","9":"product_cat-mitsubishi","10":"product_tag-mitsubishi-inverteri","11":"product_tag-mitsubishi-klima","12":"product_tag-mitsubishi-klime","13":"product_tag-mitsubishu-klime","14":"product_tag-montaza-kima-uredaja","15":"product_tag-montaza-klima-uredjaja","16":"product_tag-msz-ln35vg","17":"product_tag-prodaja-klima","18":"product_tag-servis-klima","19":"product_tag-servis-klima-uredaja","20":"product_tag-servis-zenica","21":"product_tag-ugradnja-klima","23":"first","24":"onbackorder","25":"taxable","26":"shipping-taxable","27":"product-type-simple"},"aioseo_notices":[],"_links":{"self":[{"href":"https:\/\/coolmarket.ba\/bs\/wp-json\/wp\/v2\/product\/15060","targetHints":{"allow":["GET"]}}],"collection":[{"href":"https:\/\/coolmarket.ba\/bs\/wp-json\/wp\/v2\/product"}],"about":[{"href":"https:\/\/coolmarket.ba\/bs\/wp-json\/wp\/v2\/types\/product"}],"wp:featuredmedia":[{"embeddable":true,"href":"https:\/\/coolmarket.ba\/bs\/wp-json\/wp\/v2\/media\/14698"}],"wp:attachment":[{"href":"https:\/\/coolmarket.ba\/bs\/wp-json\/wp\/v2\/media?parent=15060"}],"wp:term":[{"taxonomy":"product_cat","embeddable":true,"href":"https:\/\/coolmarket.ba\/bs\/wp-json\/wp\/v2\/product_cat?post=15060"},{"taxonomy":"product_tag","embeddable":true,"href":"https:\/\/coolmarket.ba\/bs\/wp-json\/wp\/v2\/product_tag?post=15060"}],"curies":[{"name":"wp","href":"https:\/\/api.w.org\/{rel}","templated":true}]}}