{"id":15059,"date":"2023-03-08T09:42:02","date_gmt":"2023-03-08T09:42:02","guid":{"rendered":"https:\/\/coolmarket.ba\/?post_type=product&#038;p=15059"},"modified":"2024-09-12T19:44:00","modified_gmt":"2024-09-12T19:44:00","slug":"tesla-klima-inverter-tt35x21-12410ia-3-5kw-12ka","status":"publish","type":"product","link":"https:\/\/coolmarket.ba\/bs\/proizvod\/tesla-klima-inverter-tt35x21-12410ia-3-5kw-12ka\/","title":{"rendered":"TESLA KLIMA INVERTER TT35X21-12410IA 3.5kW (12ka)"},"content":{"rendered":"<table id=\"product-details-table\" class=\"col-xs-12\">\n<tbody>\n<tr>\n<td class=\"left col-xs-4\"><label>EAN:<\/label><\/td>\n<td class=\"right col-xs-7\"><span class=\"attribute-details\">8606018854806\u00a0<\/span><\/td>\n<\/tr>\n<tr>\n<td class=\"left\"><label>Ime proizvo\u0111a\u010da:<\/label><\/td>\n<td class=\"right\"><span class=\"attribute-details\">Tesla\u00a0<\/span><\/td>\n<\/tr>\n<tr>\n<td class=\"left\"><label>Grupa:<\/label><\/td>\n<td class=\"right\"><span class=\"attribute-details\">Klime\u00a0<\/span><\/td>\n<\/tr>\n<tr>\n<td class=\"left\"><label>Garancija:<\/label><\/td>\n<td class=\"right\"><span class=\"attribute-details\">36M\u00a0<\/span><\/td>\n<\/tr>\n<tr>\n<td class=\"left\"><\/td>\n<td class=\"right\"><\/td>\n<\/tr>\n<tr>\n<td class=\"left\"><label>URL:<\/label><\/td>\n<td class=\"right\"><span class=\"attribute-details\"><a href=\"https:\/\/tesla.info\/wp-content\/uploads\/2020\/02\/Tesla-klima-TT35X21-12410IA-spec-ENG.pdf\" target=\"_blank\" rel=\"noopener noreferrer\">https:\/\/tesla.info\/wp-content&#8230;<\/a><\/span><\/td>\n<\/tr>\n<tr>\n<td class=\"left ng-scope\"><label>Tip klime<\/label><\/td>\n<td class=\"right ng-scope\"><span class=\"attribute-details\">Inverter<\/span><\/td>\n<\/tr>\n<tr>\n<td class=\"left ng-scope\"><label>Kapacitet hla\u0111enja (Btu\/h)<\/label><\/td>\n<td class=\"right ng-scope\"><span class=\"attribute-details\">12000<\/span><\/td>\n<\/tr>\n<tr>\n<td class=\"left ng-scope\"><label>Kapacitet grijanja Btu\/h<\/label><\/td>\n<td class=\"right ng-scope\"><span class=\"attribute-details\">12500<\/span><\/td>\n<\/tr>\n<tr>\n<td class=\"left ng-scope\"><label>Snaga hla\u0111enja (W)<\/label><\/td>\n<td class=\"right ng-scope\"><span class=\"attribute-details\">1134<\/span><\/td>\n<\/tr>\n<tr>\n<td class=\"left ng-scope\"><label>Snaga grejanja (W)<\/label><\/td>\n<td class=\"right ng-scope\"><span class=\"attribute-details\">975<\/span><\/td>\n<\/tr>\n<tr>\n<td class=\"left ng-scope\"><label>Nivo buke unutra\u0161nje jedinice (db)<\/label><\/td>\n<td class=\"right ng-scope\"><span class=\"attribute-details\">22<\/span><\/td>\n<\/tr>\n<tr>\n<td class=\"left ng-scope\"><label>Nivo buke spolja\u0161nje jedinice (db)<\/label><\/td>\n<td class=\"right ng-scope\"><span class=\"attribute-details\">33<\/span><\/td>\n<\/tr>\n<tr>\n<td class=\"left ng-scope\"><label>Tip gasa\/kg<\/label><\/td>\n<td class=\"right ng-scope\"><span class=\"attribute-details\">R410\/0,78<\/span><\/td>\n<\/tr>\n<tr>\n<td class=\"left ng-scope\"><label>Tip klase hla\u0111enja<\/label><\/td>\n<td class=\"right ng-scope\"><span class=\"attribute-details\">A++<\/span><\/td>\n<\/tr>\n<tr>\n<td class=\"left ng-scope\"><label>Tip klase grejanja<\/label><\/td>\n<td class=\"right ng-scope\"><span class=\"attribute-details\">A+<\/span><\/td>\n<\/tr>\n<tr>\n<td class=\"left ng-scope\"><label>WiFi<\/label><\/td>\n<td class=\"right ng-scope\"><span class=\"attribute-details\">No<\/span><\/td>\n<\/tr>\n<tr>\n<td class=\"left ng-scope\"><label>Minimalna spoljna temperatura kod hla\u0111enja<\/label><\/td>\n<td class=\"right ng-scope\"><span class=\"attribute-details\">0<\/span><\/td>\n<\/tr>\n<tr>\n<td class=\"left ng-scope\"><label>Minimalna spoljna temperatura kod grejanja<\/label><\/td>\n<td class=\"right ng-scope\"><span class=\"attribute-details\">-20<\/span><\/td>\n<\/tr>\n<tr>\n<td class=\"left ng-scope\"><label>Frekvencija (Hz)<\/label><\/td>\n<td class=\"right ng-scope\"><span class=\"attribute-details\">50<\/span><\/td>\n<\/tr>\n<tr>\n<td class=\"left ng-scope\"><label>Kapacitet grijanja (W)<\/label><\/td>\n<td class=\"right ng-scope\"><span class=\"attribute-details\">3560<\/span><\/td>\n<\/tr>\n<tr>\n<td class=\"left ng-scope\"><label>Tip filtera u unutra\u0161njoj jedinici<\/label><\/td>\n<td class=\"right ng-scope\"><span class=\"attribute-details\">Perivi<\/span><\/td>\n<\/tr>\n<tr>\n<td class=\"left ng-scope\"><label>Protok zraka u unutra\u0161njoj jedinici m3\/h<\/label><\/td>\n<td class=\"right ng-scope\"><span class=\"attribute-details\">550<\/span><\/td>\n<\/tr>\n<tr>\n<td class=\"left ng-scope\"><label>Protok zraka u spoljnoj jedinici m3\/h<\/label><\/td>\n<td class=\"right ng-scope\"><span class=\"attribute-details\">1200<\/span><\/td>\n<\/tr>\n<tr>\n<td class=\"left ng-scope\"><label>Dimenzije unutra\u0161nje jedinice \u0160xVxD (mm)<\/label><\/td>\n<td class=\"right ng-scope\"><span class=\"attribute-details\">777\u00d7250\u00d7201<\/span><\/td>\n<\/tr>\n<tr>\n<td class=\"left ng-scope\"><label>Dimenzije spoljne jedinice \u0160xVxD (mm)<\/label><\/td>\n<td class=\"right ng-scope\"><span class=\"attribute-details\">754\u00d7300\u00d7552<\/span><\/td>\n<\/tr>\n<tr>\n<td class=\"left ng-scope\"><label>Neto te\u017eina unutra\u0161nje jedinice (kg)<\/label><\/td>\n<td class=\"right ng-scope\"><span class=\"attribute-details\">8.5<\/span><\/td>\n<\/tr>\n<tr>\n<td class=\"left ng-scope\"><label>Neto te\u017eina spolja\u0161nje jedinice (kg)<\/label><\/td>\n<td class=\"right ng-scope\"><span class=\"attribute-details\">25<\/span><\/td>\n<\/tr>\n<tr>\n<td class=\"left ng-scope\"><label>Samodijagnostika<\/label><\/td>\n<td class=\"right ng-scope\"><span class=\"attribute-details\">Yes<\/span><\/td>\n<\/tr>\n<tr>\n<td class=\"left ng-scope\"><label>led displej (led display)<\/label><\/td>\n<td class=\"right ng-scope\"><span class=\"attribute-details\">Yes<\/span><\/td>\n<\/tr>\n<tr>\n<td class=\"left ng-scope\"><label>Memorija<\/label><\/td>\n<td class=\"right ng-scope\"><span class=\"attribute-details\">Yes<\/span><\/td>\n<\/tr>\n<tr>\n<td class=\"left ng-scope\"><label>Ovla\u017eiva\u010d<\/label><\/td>\n<td class=\"right ng-scope\"><span class=\"attribute-details\">Yes<\/span><\/td>\n<\/tr>\n<tr>\n<td class=\"left ng-scope\"><label>Turbo hla\u0111enje<\/label><\/td>\n<td class=\"right ng-scope\"><span class=\"attribute-details\">Yes<\/span><\/td>\n<\/tr>\n<tr>\n<td class=\"left ng-scope\"><label>Inteligentno odmrzavanje<\/label><\/td>\n<td class=\"right ng-scope\"><span class=\"attribute-details\">Yes<\/span><\/td>\n<\/tr>\n<tr>\n<td class=\"left ng-scope\"><label>Auto restart<\/label><\/td>\n<td class=\"right ng-scope\"><span class=\"attribute-details\">Yes<\/span><\/td>\n<\/tr>\n<tr>\n<td class=\"left ng-scope\"><label>Timer<\/label><\/td>\n<td class=\"right ng-scope\"><span class=\"attribute-details\">Yes<\/span><\/td>\n<\/tr>\n<tr>\n<td class=\"left ng-scope\"><label>Sleep mode<\/label><\/td>\n<td class=\"right ng-scope\"><span class=\"attribute-details\">Yes<\/span><\/td>\n<\/tr>\n<tr>\n<td class=\"left ng-scope\"><label>Intelligentno prezagrevanje<\/label><\/td>\n<td class=\"right ng-scope\"><span class=\"attribute-details\">Yes<\/span><\/td>\n<\/tr>\n<tr>\n<td class=\"left ng-scope\"><label>Low voltage startup<\/label><\/td>\n<td class=\"right ng-scope\"><span class=\"attribute-details\">Yes<\/span><\/td>\n<\/tr>\n<tr>\n<td class=\"left ng-scope\"><label>I FEEL function<\/label><\/td>\n<td class=\"right ng-scope\"><span class=\"attribute-details\">Yes<\/span><\/td>\n<\/tr>\n<tr>\n<td class=\"left ng-scope\"><label>Jonizator<\/label><\/td>\n<td class=\"right ng-scope\"><span class=\"attribute-details\">No<\/span><\/td>\n<\/tr>\n<tr>\n<td class=\"left ng-scope\"><label>Jonizator filter<\/label><\/td>\n<td class=\"right ng-scope\"><span class=\"attribute-details\">Yes<\/span><\/td>\n<\/tr>\n<\/tbody>\n<\/table>\n<p>&nbsp;<\/p>\n<p><img data-recalc-dims=\"1\" fetchpriority=\"high\" decoding=\"async\" class=\"size-full wp-image-15573 aligncenter\" src=\"https:\/\/i0.wp.com\/coolmarket.ba\/wp-content\/uploads\/2024\/07\/Grijanje-Vodoinstalacije-klimatizacija-2.png?resize=1170%2C433&#038;ssl=1\" alt=\"\" width=\"1170\" height=\"433\" srcset=\"https:\/\/i0.wp.com\/coolmarket.ba\/wp-content\/uploads\/2024\/07\/Grijanje-Vodoinstalacije-klimatizacija-2.png?w=1170&amp;ssl=1 1170w, https:\/\/i0.wp.com\/coolmarket.ba\/wp-content\/uploads\/2024\/07\/Grijanje-Vodoinstalacije-klimatizacija-2.png?resize=300%2C111&amp;ssl=1 300w, https:\/\/i0.wp.com\/coolmarket.ba\/wp-content\/uploads\/2024\/07\/Grijanje-Vodoinstalacije-klimatizacija-2.png?resize=1024%2C379&amp;ssl=1 1024w, https:\/\/i0.wp.com\/coolmarket.ba\/wp-content\/uploads\/2024\/07\/Grijanje-Vodoinstalacije-klimatizacija-2.png?resize=768%2C284&amp;ssl=1 768w, https:\/\/i0.wp.com\/coolmarket.ba\/wp-content\/uploads\/2024\/07\/Grijanje-Vodoinstalacije-klimatizacija-2.png?resize=18%2C7&amp;ssl=1 18w, https:\/\/i0.wp.com\/coolmarket.ba\/wp-content\/uploads\/2024\/07\/Grijanje-Vodoinstalacije-klimatizacija-2.png?resize=600%2C222&amp;ssl=1 600w, https:\/\/i0.wp.com\/coolmarket.ba\/wp-content\/uploads\/2024\/07\/Grijanje-Vodoinstalacije-klimatizacija-2.png?resize=64%2C24&amp;ssl=1 64w\" sizes=\"(max-width: 1170px) 100vw, 1170px\" \/><\/p>\n<p>&nbsp;<\/p>\n<p><strong>CoolMarket<\/strong> je va\u0161 pouzdani partner za prodaju, ugradnju i odr\u017eavanje klima ure\u0111aja, toplotnih pumpi te sistema za vodu i grijanje. Na\u0161a stru\u010dnost osigurava kvalitetne proizvode i vrhunske usluge kako bi va\u0161 dom ili poslovni prostor bio udoban i funkcionalan. Kontaktirajte nas za sve potrebe vezane za klimatizaciju, grijanje i vodoinstalacije. Dostupni smo na Viber i Whatsapp\u00a0 +387 62 53 53 50<\/p>","protected":false},"excerpt":{"rendered":"<table class=\"table productDetailsTopAttrbutes\">\n<tbody>\n<tr>\n<td>Tip klime<\/td>\n<td>Inverter<\/td>\n<\/tr>\n<tr>\n<td>Kapacitet hla\u0111enja (Btu\/h)<\/td>\n<td>12000<\/td>\n<\/tr>\n<tr>\n<td>Kapacitet grijanja Btu\/h<\/td>\n<td>12500<\/td>\n<\/tr>\n<tr>\n<td>Snaga hla\u0111enja (W)<\/td>\n<td>1134<\/td>\n<\/tr>\n<tr>\n<td>Snaga grejanja (W)<\/td>\n<td>975<\/td>\n<\/tr>\n<tr>\n<td>Nivo buke unutra\u0161nje jedinice (db)<\/td>\n<td>22<\/td>\n<\/tr>\n<tr>\n<td>Nivo buke spolja\u0161nje jedinice (db)<\/td>\n<td>33<\/td>\n<\/tr>\n<tr>\n<td>Tip gasa\/kg<\/td>\n<td>R410\/0,78<\/td>\n<\/tr>\n<tr>\n<td>Tip klase hla\u0111enja<\/td>\n<td>A++<\/td>\n<\/tr>\n<tr>\n<td>Tip klase grejanja<\/td>\n<td>A+<\/td>\n<\/tr>\n<\/tbody>\n<\/table>","protected":false},"featured_media":14704,"template":"","meta":{"om_disable_all_campaigns":false,"_monsterinsights_skip_tracking":false,"_monsterinsights_sitenote_active":false,"_monsterinsights_sitenote_note":"","_monsterinsights_sitenote_category":0},"product_cat":[335,305,306],"product_tag":[330,465,337,311,312,469,510,487,639,488,328],"class_list":{"0":"post-15059","1":"product","2":"type-product","3":"status-publish","4":"has-post-thumbnail","6":"product_cat-12ke-inverteri","7":"product_cat-grijanje-i-hladenje","8":"product_cat-klima-uredaji","9":"product_tag-montaza-klima-uredjaja","10":"product_tag-montaza-klime-zenica","11":"product_tag-prodaja-klima","12":"product_tag-prodaja-klima-uredaja","13":"product_tag-servis-klima-uredaja","14":"product_tag-servis-zenica","15":"product_tag-tesla-klima-inverter","16":"product_tag-tesla-klima-uredaj","17":"product_tag-tesla-klima-uredaj-bih","18":"product_tag-tesla-klima-zenica","19":"product_tag-ugradnja-klima","21":"first","22":"outofstock","23":"taxable","24":"shipping-taxable","25":"product-type-simple"},"aioseo_notices":[],"_links":{"self":[{"href":"https:\/\/coolmarket.ba\/bs\/wp-json\/wp\/v2\/product\/15059","targetHints":{"allow":["GET"]}}],"collection":[{"href":"https:\/\/coolmarket.ba\/bs\/wp-json\/wp\/v2\/product"}],"about":[{"href":"https:\/\/coolmarket.ba\/bs\/wp-json\/wp\/v2\/types\/product"}],"wp:featuredmedia":[{"embeddable":true,"href":"https:\/\/coolmarket.ba\/bs\/wp-json\/wp\/v2\/media\/14704"}],"wp:attachment":[{"href":"https:\/\/coolmarket.ba\/bs\/wp-json\/wp\/v2\/media?parent=15059"}],"wp:term":[{"taxonomy":"product_cat","embeddable":true,"href":"https:\/\/coolmarket.ba\/bs\/wp-json\/wp\/v2\/product_cat?post=15059"},{"taxonomy":"product_tag","embeddable":true,"href":"https:\/\/coolmarket.ba\/bs\/wp-json\/wp\/v2\/product_tag?post=15059"}],"curies":[{"name":"wp","href":"https:\/\/api.w.org\/{rel}","templated":true}]}}