{"id":15058,"date":"2023-03-08T09:42:01","date_gmt":"2023-03-08T09:42:01","guid":{"rendered":"https:\/\/coolmarket.ba\/?post_type=product&#038;p=15058"},"modified":"2024-09-12T19:47:00","modified_gmt":"2024-09-12T19:47:00","slug":"mitsubishi-klima-uredaj-msz-sf35ve-muz-sf35ve","status":"publish","type":"product","link":"https:\/\/coolmarket.ba\/bs\/proizvod\/mitsubishi-klima-uredaj-msz-sf35ve-muz-sf35ve\/","title":{"rendered":"Mitsubishi klima ure\u0111aj MSZ-SF35VE\/MUZ-SF35VE"},"content":{"rendered":"<h2>Specifikacija proizvoda<\/h2>\n<div class=\"article_specs_list\">\n<ul>\n<li>\n<div id=\"ctl00_ctl00_ContentPlaceHolder1_InnerContentPlaceHolder_ctl00_itemSpec_rpt_ctl01_spec1\" class=\"type to_center\">Brand<\/div>\n<div id=\"ctl00_ctl00_ContentPlaceHolder1_InnerContentPlaceHolder_ctl00_itemSpec_rpt_ctl01_div\" class=\"desc to_center\">Mitsubishi Electric<\/div>\n<\/li>\n<li>\n<div id=\"ctl00_ctl00_ContentPlaceHolder1_InnerContentPlaceHolder_ctl00_itemSpec_rpt_ctl02_spec1\" class=\"type to_center\">Pokriva prostor<\/div>\n<div id=\"ctl00_ctl00_ContentPlaceHolder1_InnerContentPlaceHolder_ctl00_itemSpec_rpt_ctl02_div\" class=\"desc to_center\">12-ka (30-50 m2)<\/div>\n<\/li>\n<li>\n<div id=\"ctl00_ctl00_ContentPlaceHolder1_InnerContentPlaceHolder_ctl00_itemSpec_rpt_ctl03_spec1\" class=\"type to_center\">Tip<\/div>\n<div id=\"ctl00_ctl00_ContentPlaceHolder1_InnerContentPlaceHolder_ctl00_itemSpec_rpt_ctl03_div\" class=\"desc to_center\">inverter<\/div>\n<\/li>\n<li>\n<div id=\"ctl00_ctl00_ContentPlaceHolder1_InnerContentPlaceHolder_ctl00_itemSpec_rpt_ctl04_spec1\" class=\"type to_center\">Energetska klasa<\/div>\n<div id=\"ctl00_ctl00_ContentPlaceHolder1_InnerContentPlaceHolder_ctl00_itemSpec_rpt_ctl04_div\" class=\"desc to_center\">A++<\/div>\n<\/li>\n<li>\n<div id=\"ctl00_ctl00_ContentPlaceHolder1_InnerContentPlaceHolder_ctl00_itemSpec_rpt_ctl05_spec1\" class=\"type to_center\">Tip proizvoda<\/div>\n<div id=\"ctl00_ctl00_ContentPlaceHolder1_InnerContentPlaceHolder_ctl00_itemSpec_rpt_ctl05_div\" class=\"desc to_center\">CE &#8211; Klima<\/div>\n<\/li>\n<li>\n<div id=\"ctl00_ctl00_ContentPlaceHolder1_InnerContentPlaceHolder_ctl00_itemSpec_rpt_ctl06_spec1\" class=\"type to_center\">Kapacitet hla\u0111enja [kW]<\/div>\n<div id=\"ctl00_ctl00_ContentPlaceHolder1_InnerContentPlaceHolder_ctl00_itemSpec_rpt_ctl06_div\" class=\"desc to_center\">3,5<\/div>\n<\/li>\n<li>\n<div id=\"ctl00_ctl00_ContentPlaceHolder1_InnerContentPlaceHolder_ctl00_itemSpec_rpt_ctl07_spec1\" class=\"type to_center\">Kapacitet grijanja [kW]<\/div>\n<div id=\"ctl00_ctl00_ContentPlaceHolder1_InnerContentPlaceHolder_ctl00_itemSpec_rpt_ctl07_div\" class=\"desc to_center\">4<\/div>\n<\/li>\n<li>\n<div id=\"ctl00_ctl00_ContentPlaceHolder1_InnerContentPlaceHolder_ctl00_itemSpec_rpt_ctl08_spec1\" class=\"type to_center\">Energetska klasa hla\u0111enja<\/div>\n<div id=\"ctl00_ctl00_ContentPlaceHolder1_InnerContentPlaceHolder_ctl00_itemSpec_rpt_ctl08_div\" class=\"desc to_center\">A++<\/div>\n<\/li>\n<li>\n<div id=\"ctl00_ctl00_ContentPlaceHolder1_InnerContentPlaceHolder_ctl00_itemSpec_rpt_ctl09_spec1\" class=\"type to_center\">Energetska klasa grijanja<\/div>\n<div id=\"ctl00_ctl00_ContentPlaceHolder1_InnerContentPlaceHolder_ctl00_itemSpec_rpt_ctl09_div\" class=\"desc to_center\">A+<\/div>\n<\/li>\n<li>\n<div id=\"ctl00_ctl00_ContentPlaceHolder1_InnerContentPlaceHolder_ctl00_itemSpec_rpt_ctl10_spec1\" class=\"type to_center\">SEER koeficijent<\/div>\n<div id=\"ctl00_ctl00_ContentPlaceHolder1_InnerContentPlaceHolder_ctl00_itemSpec_rpt_ctl10_div\" class=\"desc to_center\">7,2<\/div>\n<\/li>\n<li>\n<div id=\"ctl00_ctl00_ContentPlaceHolder1_InnerContentPlaceHolder_ctl00_itemSpec_rpt_ctl11_spec1\" class=\"type to_center\">SCOP koeficijent<\/div>\n<div id=\"ctl00_ctl00_ContentPlaceHolder1_InnerContentPlaceHolder_ctl00_itemSpec_rpt_ctl11_div\" class=\"desc to_center\">4,4<\/div>\n<\/li>\n<li>\n<div id=\"ctl00_ctl00_ContentPlaceHolder1_InnerContentPlaceHolder_ctl00_itemSpec_rpt_ctl12_spec1\" class=\"type to_center\">Ja\u010dina zvuka pri standardnim uvjetima (UJ) [dB]<\/div>\n<div id=\"ctl00_ctl00_ContentPlaceHolder1_InnerContentPlaceHolder_ctl00_itemSpec_rpt_ctl12_div\" class=\"desc to_center\">19\/42<\/div>\n<\/li>\n<li>\n<div id=\"ctl00_ctl00_ContentPlaceHolder1_InnerContentPlaceHolder_ctl00_itemSpec_rpt_ctl13_spec1\" class=\"type to_center\">Ja\u010dina zvuka pri standardnim uvjetima (VJ) [dB]<\/div>\n<div id=\"ctl00_ctl00_ContentPlaceHolder1_InnerContentPlaceHolder_ctl00_itemSpec_rpt_ctl13_div\" class=\"desc to_center\">49<\/div>\n<\/li>\n<li>\n<div id=\"ctl00_ctl00_ContentPlaceHolder1_InnerContentPlaceHolder_ctl00_itemSpec_rpt_ctl14_spec1\" class=\"type to_center\">Funkcionalnosti<\/div>\n<div id=\"ctl00_ctl00_ContentPlaceHolder1_InnerContentPlaceHolder_ctl00_itemSpec_rpt_ctl14_div\" class=\"desc to_center\">Nano platinum filter, tjedni timer<\/div>\n<\/li>\n<li>\n<div id=\"ctl00_ctl00_ContentPlaceHolder1_InnerContentPlaceHolder_ctl00_itemSpec_rpt_ctl15_spec1\" class=\"type to_center\">Ulazna snaga hla\u0111enja [W]<\/div>\n<div id=\"ctl00_ctl00_ContentPlaceHolder1_InnerContentPlaceHolder_ctl00_itemSpec_rpt_ctl15_div\" class=\"desc to_center\">1080<\/div>\n<\/li>\n<li>\n<div id=\"ctl00_ctl00_ContentPlaceHolder1_InnerContentPlaceHolder_ctl00_itemSpec_rpt_ctl16_spec1\" class=\"type to_center\">Ulazna snaga grijanja [W]<\/div>\n<div id=\"ctl00_ctl00_ContentPlaceHolder1_InnerContentPlaceHolder_ctl00_itemSpec_rpt_ctl16_div\" class=\"desc to_center\">1030<\/div>\n<\/li>\n<li>\n<div id=\"ctl00_ctl00_ContentPlaceHolder1_InnerContentPlaceHolder_ctl00_itemSpec_rpt_ctl17_spec1\" class=\"type to_center\">Podru\u010dje rada<\/div>\n<div id=\"ctl00_ctl00_ContentPlaceHolder1_InnerContentPlaceHolder_ctl00_itemSpec_rpt_ctl17_div\" class=\"desc to_center\">-15\u00b0C\u2264T\u226446\u00b0C<\/div>\n<\/li>\n<\/ul>\n<h2 id=\"ctl00_ctl00_ContentPlaceHolder1_InnerContentPlaceHolder_ctl00_descri\">Opis proizvoda<\/h2>\n<div class=\"textContainer text\">Energetski vrlo efikasan i moderan klima ure\u0111aj (split sistem) za fiksnu ugradnju &#8211; Novi kompresor i ve\u0107i izmjenjiva\u010d obezbje\u0111uju visoku energetsku efikasnost pri hla\u0111enju i grijanju, SCOP 4.4 i SEER 7.6 (model SF25VE) &#8211; Klasa energetske efikasnosti hla\u0111enja A++, vrlo tih rad unutra\u0161nje jedinice 19dB &#8211; Ovaj ure\u0111aj serije SF preporu\u010dujemo onima kojima je potreban ure\u0111aj osim za hla\u0111enja i za grijanje u podru\u010djima ja\u010de zime. Serija SF mo\u017ee grijati do vanjske temperature od -15 \u00b0C &#8211; Ovaj ure\u0111aj je veoma \u0161tedljiv. Kupovinom ure\u0111aja SF serije u\u010dinili ste optimalnu kupovinu i va\u0161a investicija \u0107e se brzo vratiti kroz u\u0161tedu elektri\u010dne energije<\/div>\n<div class=\"textContainer text\">Energetski vrlo efikasan i moderan klima ure\u0111aj (split sistem) za fiksnu ugradnju &#8211; Novi kompresor i ve\u0107i izmjenjiva\u010d obezbje\u0111uju visoku energetsku efikasnost pri hla\u0111enju i grijanju, SCOP 4.4 i SEER 7.6 (model SF25VE) &#8211; Klasa energetske efikasnosti hla\u0111enja A++, vrlo tih rad unutra\u0161nje jedinice 19dB &#8211; Ovaj ure\u0111aj serije SF preporu\u010dujemo onima kojima je potreban ure\u0111aj osim za hla\u0111enja i za grijanje u podru\u010djima ja\u010de zime. Serija SF mo\u017ee grijati do vanjske temperature od -15 \u00b0C &#8211; Ovaj ure\u0111aj je veoma \u0161tedljiv. Kupovinom ure\u0111aja SF serije u\u010dinili ste optimalnu kupovinu i va\u0161a investicija \u0107e se brzo vratiti kroz u\u0161tedu elektri\u010dne energije<\/div>\n<div class=\"textContainer text\"><b>Izuzetno tihi rad<\/b><br \/>\nSvi modeli Mitsubishi Electric klima ure\u0111aja ve\u0107 su poznati po svom tihom radu. Ure\u0111aj serije MSZ-SF, s razinom zvu\u010dnog tlaka u radu od samo 21 dB, je tako tih da \u0107ete zaboraviti da je ure\u0111aj uklju\u010den.<img data-recalc-dims=\"1\" decoding=\"async\" src=\"https:\/\/i0.wp.com\/ekupi.blob.core.windows.net\/ekupiba\/1462651.jpg?w=1300&#038;ssl=1\" \/><b>Elegantan i prilagodljiv oblik<\/b><br \/>\nPravokutan oblik unutarnje jedinice neprimjetno se uklapa u kombinaciji s arhitektonskim rje\u0161enjima i estetikom prostora te pru\u017ea \ufb02eksibilnu instalaciju na bilo kojem mjestu u prostoriji<b>Nano Platinum \ufb01lter<\/b><\/p>\n<p>Ure\u0111aj ima ugra\u0111en \ufb01lter od nano platinasto-kerami\u010dkih \u010destica koje neutraliziraju bakterije, viruse, alergene i neugodne mirise.<\/p>\n<p><b>Tjedni tajmer<\/b><b><br \/>\n<\/b><b><br \/>\n<\/b>Rad klima ure\u0111aja postavljamo prema na\u0161im \u017eeljama pomo\u0107u daljinskog upravlja\u010da. Ovaj upravlja\u010d ima mogu\u0107nost tjednog programiranja. Na upravlja\u010du u nekoliko koraka postavimo \u017eeljenu temperaturu te po\u010detak i kraj rada ure\u0111aja. Tako dobijemo funkcionalnost koja je optimalno prilago\u0111ena na\u0161im potrebama<\/p>\n<p><b>Dvosmjerna dobava zraka u prostor<\/b><br \/>\nGornje i donje horizontalno krilce preko kojih se ubacuje i regulira tok zraka opremljeni su s dva motora. Ovisno o odabranom na\u010dinu rada, krilca se postavljaju tako da je rad ure\u0111aja (i va\u0161a udobnost) optimalan. Kod re\u017eima hla\u0111enja oba krilca djeluju kao jedno veliko krilce koje opskrbljuje prostor zrakom na na\u010din da ne pu\u0161e direktno na osobe u prostoriji. Kod re\u017eima grijanja, krilca rade naizmjeni\u010dne zakrete u malim intervalima pove\u0107avaju\u0107i dovod toplog zraka u prostor istrujavanjem vertikalno prema tlu<\/p>\n<p><img data-recalc-dims=\"1\" decoding=\"async\" src=\"https:\/\/i0.wp.com\/ekupi.blob.core.windows.net\/ekupiba\/1462652.jpg?w=1300&#038;ssl=1\" \/><\/p>\n<p><b>DC INVERTER\u00a0<\/b><br \/>\nSustav regulacije koji smanjuje potro\u0161nju energije za vi\u0161e od 30%.<\/p>\n<p><b>REBRASTE CIJEVI\u00a0<\/b><br \/>\nIzmjenjiva\u010d topline s orebrenim cijevima radi pove\u0107anja povr\u0161ine izmjene topline.<br \/>\n<b><br \/>\n<\/b><b>\u010cISTO BIJELO\u00a0<\/b><br \/>\nNagla\u0161ava elegantan izgled ure\u0111aja.<\/p>\n<p><b>AUTOMATSKO ZAKRETANJE LOPATICA\u00a0<\/b><br \/>\nAutomatsko zakretanje lopatica i reguliranje ispuha zraka kako bi se dobila optimalna temperatura u prostoriji.<br \/>\n<b><br \/>\n<\/b><b>Kvaliteta zraka<\/b><b><br \/>\n<\/b><b><br \/>\n<\/b><b>PLASMA QUAD FILTER\u00a0<\/b><br \/>\nAktivni sustav za filtririanje s plazmom za uni\u0161tavanje mirisa, bakterija, virusa, alergena i pra\u0161ine.<\/p>\n<p><b>ANTI ALERGIJSKI FILTER S ENZIMIMA\u00a0<\/b><br \/>\nFilter zadr\u017eava alergene, plijesni i bakterije.<br \/>\n<b><br \/>\n<\/b><b>CATECHIN FILTER\u00a0<\/b><br \/>\nFilter je izra\u0111en od bioflavonoida &#8211; derivata zelenog \u010daja koji osvje\u017eava prostor i sprje\u010dava \u0161irenje virusa i bakterija.<\/p>\n<p><b>DOVOD SVJE\u017dEG ZRAKA\u00a0<\/b><br \/>\nPove\u0107anje kvalitete zraka u zatvorenom prostoru zahvaljuju\u0107i dovodu vanjskog svje\u017eeg zraka.<\/p>\n<p><b>DUGOTRAJNI FILTER\u00a0<\/b><br \/>\nPosebna povr\u0161ina filtera omogu\u0107uje mu veliku trajnost u odnosu na uobi\u010dajne filtere.<\/p>\n<p><b>NANO PLATINUM FILTER\u00a0<\/b><br \/>\nFilteri s visokom okisdacijskom energijom proizvedenom nano \u010desticama platine. Ovaj filter neutralizira viruse, bakterije, alergene i neugodne mirise.<\/p>\n<p><b>SABIRNIK RASHLADNOG MEDIJA\u00a0<\/b><br \/>\nSabirnik omogu\u0107uje dodatno hla\u0111enje\/grijanje rashladnog medija \u0161to pove\u0107ava u\u010dinkovitost kompresora.<\/p>\n<p><b>POKI &#8211; POKI MOTOR\u00a0<\/b><br \/>\nOriginalno razvijen od strane Mitsubishi Electric-a, ovaj motor stvara veliku jakost magnetske sile koja vodi do visoke u\u010dinkovitosti i pouzdanosti.<\/p>\n<p><b>POSTOJANI MAGNETI &#8220;RARE EARTH&#8221;\u00a0<\/b><br \/>\nPostojani magneti &#8220;rare earth&#8221;, koji su sastavni dio DC inverter kompresora, odlikuju se visokom gusto\u0107om i magnetskom energijom.<\/p>\n<p><b>3D &#8220;I-SEE&#8221; SENZOR\u00a0<\/b><br \/>\nMotorizirani senzor s 8 elemenata, za trodimenzionalnu analizu temperature u prostoriji.<br \/>\n<b><br \/>\n<\/b><b>PREPOZNAVANJE KORISNIKA<\/b><br \/>\nOtkrivanje korisnikove pozicije u prostoru.<\/p>\n<p><b>DETEKTOR ODSUTNOSTI\u00a0<\/b><br \/>\nKad osobe ne borave u prostoriji temperatura se automatski sni\u017eava za nekoliko stupnjeva radi dodatne u\u0161tede energije.<br \/>\n<b><br \/>\n<\/b><b>FUNKCIJA &#8220;ECONO &#8211; COOL&#8221;\u00a0<\/b><br \/>\nOvo je inteligentna kontrola temperature kojom je mogu\u0107e zadr\u017eati isti osje\u0107aj ugode, unato\u010d \u010dinjenici da je smanjena potro\u0161nja energije zbog automatske postavke ispuha zraka.<\/p>\n<p><b>AREA FUNKCIJA\u00a0<\/b><br \/>\nFunkcija koja u kombinaciji s 3D I-SEE senzorom usmjerava protok zraka na najbolji mogu\u0107i na\u010din kako bi se postigla ugodna atmosfera i smanjila potro\u0161nja energije.<\/p>\n<p><b>NADZOR RADA\u00a0<\/b><br \/>\nPutem daljinskog upravlja\u010da mogu\u0107e je ograni\u010diti snagu klima ure\u0111aja na 75% &#8211; 50% &#8211; 0%.<\/p>\n<p><b>DC MOTOR VENTILATORA\u00a0<\/b><br \/>\nDC motor ventilatora osigurava ve\u0107u u\u010dinkovitost od standardnog AC motora.<br \/>\n<b><br \/>\n<\/b><b>PAM &#8211; PULSNA AMPLITUDNA MODULACIJA\u00a0<\/b><br \/>\nSustav upravljanja inverterskog kompresora za ostvarivanje bolje u\u010dinkovitosti.<\/p>\n<p><b>KONTROLA SINUSOIDALNOG MAGNETSKOG TOKA\u00a0<\/b><br \/>\nMikroprocesor pru\u017ea visoku u\u010dinkovitost i smanjuje gubitak energije.<br \/>\n<b><br \/>\n<\/b><b>VEKTORSKI ECO-INVERTER\u00a0<\/b><br \/>\nSustav kontinuirano prati frekvenciju kompresora i nadzire optimalnu brzinu motora kompresora, \u010dime se smanjuje potro\u0161nja elektri\u010dne energije.<\/p>\n<p><b>ROTACIJSKI DC KOMPRESOR\u00a0<\/b><br \/>\nJa\u010di magneti pru\u017eaju bolju u\u010dinkovitost zahvaljuju\u0107i dovoljno velikom magnetskom momentu okretanja.<\/p>\n<p><b>SCROLL DC INVERTER KOMPRESOR\u00a0<\/b><br \/>\nNajve\u0107a u\u010dinkovitost postignuta je sa Scroll DC inverterskim kompresorima, koji imaju izuzetnu karakteristiku &#8220;frame compliance&#8221;, a kojom su smanjeni gubici trenja. Kompresor ostvaruje visoku u\u010dinkovitost pri svim frekvencijama.<\/p>\n<p><b>HEAT CAULKING FIXING METHOD\u00a0<\/b><br \/>\nOva funkcija koristi se umjesto to\u010dkastog zavarivanja prilikom povezivanja unutarnjih dijelova, time se posti\u017ee pove\u0107anje njihove u\u010dinkovitosti i smanjuje se njihova deformacija (izobli\u010denje).<\/p>\n<p><b>ELEKTROSTATI\u010cKI ANTI ALERGIJSKI FILTER S ENZIMIMA\u00a0<\/b><br \/>\nFunkcija obuhva\u0107a\u00a0 i filter za pro\u010di\u0161\u0107avanje zraka i anti alergijski filter s enzimima.<\/p>\n<\/div>\n<p><img data-recalc-dims=\"1\" fetchpriority=\"high\" decoding=\"async\" class=\"size-full wp-image-15573 aligncenter\" src=\"https:\/\/i0.wp.com\/coolmarket.ba\/wp-content\/uploads\/2024\/07\/Grijanje-Vodoinstalacije-klimatizacija-2.png?resize=1170%2C433&#038;ssl=1\" alt=\"\" width=\"1170\" height=\"433\" srcset=\"https:\/\/i0.wp.com\/coolmarket.ba\/wp-content\/uploads\/2024\/07\/Grijanje-Vodoinstalacije-klimatizacija-2.png?w=1170&amp;ssl=1 1170w, https:\/\/i0.wp.com\/coolmarket.ba\/wp-content\/uploads\/2024\/07\/Grijanje-Vodoinstalacije-klimatizacija-2.png?resize=300%2C111&amp;ssl=1 300w, https:\/\/i0.wp.com\/coolmarket.ba\/wp-content\/uploads\/2024\/07\/Grijanje-Vodoinstalacije-klimatizacija-2.png?resize=1024%2C379&amp;ssl=1 1024w, https:\/\/i0.wp.com\/coolmarket.ba\/wp-content\/uploads\/2024\/07\/Grijanje-Vodoinstalacije-klimatizacija-2.png?resize=768%2C284&amp;ssl=1 768w, https:\/\/i0.wp.com\/coolmarket.ba\/wp-content\/uploads\/2024\/07\/Grijanje-Vodoinstalacije-klimatizacija-2.png?resize=18%2C7&amp;ssl=1 18w, https:\/\/i0.wp.com\/coolmarket.ba\/wp-content\/uploads\/2024\/07\/Grijanje-Vodoinstalacije-klimatizacija-2.png?resize=600%2C222&amp;ssl=1 600w, https:\/\/i0.wp.com\/coolmarket.ba\/wp-content\/uploads\/2024\/07\/Grijanje-Vodoinstalacije-klimatizacija-2.png?resize=64%2C24&amp;ssl=1 64w\" sizes=\"(max-width: 1170px) 100vw, 1170px\" \/><\/p>\n<p>&nbsp;<\/p>\n<p><strong>CoolMarket<\/strong> je va\u0161 pouzdani partner za prodaju, ugradnju i odr\u017eavanje klima ure\u0111aja, toplotnih pumpi te sistema za vodu i grijanje. Na\u0161a stru\u010dnost osigurava kvalitetne proizvode i vrhunske usluge kako bi va\u0161 dom ili poslovni prostor bio udoban i funkcionalan. Kontaktirajte nas za sve potrebe vezane za klimatizaciju, grijanje i vodoinstalacije. Dostupni smo na Viber i Whatsapp\u00a0 +387 62 53 53 50<\/p>\n<\/div>","protected":false},"excerpt":{"rendered":"<ul>\n<li>\n<div id=\"ctl00_ctl00_ContentPlaceHolder1_InnerContentPlaceHolder_ctl00_itemSpec_rpt_ctl01_spec1\" class=\"type to_center\">Brand<\/div>\n<div id=\"ctl00_ctl00_ContentPlaceHolder1_InnerContentPlaceHolder_ctl00_itemSpec_rpt_ctl01_div\" class=\"desc to_center\">Mitsubishi Electric<\/div>\n<\/li>\n<li>\n<div id=\"ctl00_ctl00_ContentPlaceHolder1_InnerContentPlaceHolder_ctl00_itemSpec_rpt_ctl02_spec1\" class=\"type to_center\">Pokriva prostor<\/div>\n<div id=\"ctl00_ctl00_ContentPlaceHolder1_InnerContentPlaceHolder_ctl00_itemSpec_rpt_ctl02_div\" class=\"desc to_center\">12-ka (30-50 m2)<\/div>\n<\/li>\n<li>\n<div id=\"ctl00_ctl00_ContentPlaceHolder1_InnerContentPlaceHolder_ctl00_itemSpec_rpt_ctl03_spec1\" class=\"type to_center\">Tip<\/div>\n<div id=\"ctl00_ctl00_ContentPlaceHolder1_InnerContentPlaceHolder_ctl00_itemSpec_rpt_ctl03_div\" class=\"desc to_center\">inverter<\/div>\n<\/li>\n<li>\n<div id=\"ctl00_ctl00_ContentPlaceHolder1_InnerContentPlaceHolder_ctl00_itemSpec_rpt_ctl04_spec1\" class=\"type to_center\">Energetska klasa<\/div>\n<div id=\"ctl00_ctl00_ContentPlaceHolder1_InnerContentPlaceHolder_ctl00_itemSpec_rpt_ctl04_div\" class=\"desc to_center\">A++<\/div>\n<\/li>\n<\/ul>\n<ul>\n<li>\n<div id=\"ctl00_ctl00_ContentPlaceHolder1_InnerContentPlaceHolder_ctl00_itemSpec_rpt_ctl06_spec1\" class=\"type to_center\">Kapacitet hla\u0111enja [kW]<\/div>\n<div id=\"ctl00_ctl00_ContentPlaceHolder1_InnerContentPlaceHolder_ctl00_itemSpec_rpt_ctl06_div\" class=\"desc to_center\">3,5<\/div>\n<\/li>\n<li>\n<div id=\"ctl00_ctl00_ContentPlaceHolder1_InnerContentPlaceHolder_ctl00_itemSpec_rpt_ctl07_spec1\" class=\"type to_center\">Kapacitet grijanja [kW]<\/div>\n<div id=\"ctl00_ctl00_ContentPlaceHolder1_InnerContentPlaceHolder_ctl00_itemSpec_rpt_ctl07_div\" class=\"desc to_center\">4<\/div>\n<\/li>\n<li>\n<div id=\"ctl00_ctl00_ContentPlaceHolder1_InnerContentPlaceHolder_ctl00_itemSpec_rpt_ctl08_spec1\" class=\"type to_center\">Energetska klasa hla\u0111enja<\/div>\n<div id=\"ctl00_ctl00_ContentPlaceHolder1_InnerContentPlaceHolder_ctl00_itemSpec_rpt_ctl08_div\" class=\"desc to_center\">A++<\/div>\n<\/li>\n<li>\n<div id=\"ctl00_ctl00_ContentPlaceHolder1_InnerContentPlaceHolder_ctl00_itemSpec_rpt_ctl09_spec1\" class=\"type to_center\">Energetska klasa grijanja<\/div>\n<div id=\"ctl00_ctl00_ContentPlaceHolder1_InnerContentPlaceHolder_ctl00_itemSpec_rpt_ctl09_div\" class=\"desc to_center\">A+<\/div>\n<\/li>\n<\/ul>","protected":false},"featured_media":14698,"template":"","meta":{"om_disable_all_campaigns":false,"_monsterinsights_skip_tracking":false,"_monsterinsights_sitenote_active":false,"_monsterinsights_sitenote_note":"","_monsterinsights_sitenote_category":0},"product_cat":[335,305,306,323],"product_tag":[],"class_list":{"0":"post-15058","1":"product","2":"type-product","3":"status-publish","4":"has-post-thumbnail","6":"product_cat-12ke-inverteri","7":"product_cat-grijanje-i-hladenje","8":"product_cat-klima-uredaji","9":"product_cat-mitsubishi","11":"first","12":"instock","13":"taxable","14":"shipping-taxable","15":"product-type-simple"},"aioseo_notices":[],"_links":{"self":[{"href":"https:\/\/coolmarket.ba\/bs\/wp-json\/wp\/v2\/product\/15058","targetHints":{"allow":["GET"]}}],"collection":[{"href":"https:\/\/coolmarket.ba\/bs\/wp-json\/wp\/v2\/product"}],"about":[{"href":"https:\/\/coolmarket.ba\/bs\/wp-json\/wp\/v2\/types\/product"}],"wp:featuredmedia":[{"embeddable":true,"href":"https:\/\/coolmarket.ba\/bs\/wp-json\/wp\/v2\/media\/14698"}],"wp:attachment":[{"href":"https:\/\/coolmarket.ba\/bs\/wp-json\/wp\/v2\/media?parent=15058"}],"wp:term":[{"taxonomy":"product_cat","embeddable":true,"href":"https:\/\/coolmarket.ba\/bs\/wp-json\/wp\/v2\/product_cat?post=15058"},{"taxonomy":"product_tag","embeddable":true,"href":"https:\/\/coolmarket.ba\/bs\/wp-json\/wp\/v2\/product_tag?post=15058"}],"curies":[{"name":"wp","href":"https:\/\/api.w.org\/{rel}","templated":true}]}}