{"id":15056,"date":"2023-03-08T09:42:01","date_gmt":"2023-03-08T09:42:01","guid":{"rendered":"https:\/\/coolmarket.ba\/?post_type=product&#038;p=15056"},"modified":"2024-09-12T19:48:11","modified_gmt":"2024-09-12T19:48:11","slug":"mitsubishi-klima-inverter-ef-42kw-14-ka","status":"publish","type":"product","link":"https:\/\/coolmarket.ba\/bs\/proizvod\/mitsubishi-klima-inverter-ef-42kw-14-ka\/","title":{"rendered":"MITSUBISHI KLIMA INVERTER EF 4,2kW (14-ka)"},"content":{"rendered":"<p>Ku\u0107anski klima ure\u0111aji Mitsubishi Electric MSZ-EF serije Standard &#8211; pouzdani, moderni ure\u0111aji koji imaju visoku klasu energetske efikasnosti, imaju optimalan funkcionalni set i nizak zvu\u010dni pritisak.<\/p>\n<p>Linija split sistema opremljena je novom be\u017ei\u010dnom kontrolnom plo\u010dom sa indikatorom pra\u017enjenja baterije.\u00a0Pored toga, opremljen je i tjednim tajmerom, koji vam omogu\u0107ava pode\u0161avanje do \u010detiri akcije tokom dana.<\/p>\n<h3>ECONO COOL NA\u010cIN RADA<\/h3>\n<p>Poznato je da pove\u0107anje ciljne temperature za samo 20 \u00b0 C u re\u017eimu hla\u0111enja mo\u017ee smanjiti potro\u0161nju elektri\u010dne energije za 20%.\u00a0Kako osoba ne bi primijetila porast temperature i nastavila se osje\u0107ati ugodno, postoji poseban algoritam za rolete.\u00a0Zrak se naizmjeni\u010dno dovodi vodoravno i okomito prema dolje.\u00a0Intervale izme\u0111u ciklusa i trajanje ciklusa izra\u010dunava mikroprocesor, na osnovu temperature ispariva\u010da i trenutne temperature u sobi.<\/p>\n<h3>INDIKATOR PRA\u017dNJENJA BATERIJE<\/h3>\n<p>Daljinski upravlja\u010d je opremljen indikatorom pra\u017enjenja baterije.\u00a0Kada se baterije isprazne, indikator se uklju\u010duje, obavje\u0161tavaju\u0107i korisnika o potrebi njihove zamjene.\u00a0Obi\u010dno komplet baterija radi godinu dana.<\/p>\n<h3>\u0160TEDIM NA\u010cIN RADA<\/h3>\n<p>Na\u010din &#8220;\u0160tedim&#8221; omogu\u0107uje vam spremanje 2 seta postavki: ciljne temperature, brzine ventilatora i smjera protoka zraka.\u00a0Jedan set je za re\u017eim hla\u0111enja (ili ECONO COOL re\u017eim), drugi je za re\u017eim grejanja vazduha.\u00a0Ako u normalnom radu pritisnete tipku &#8220;Sprema&#8221; na kontrolnoj plo\u010di, prebacit \u0107ete se na prethodno spremljene postavke koje odgovaraju na\u010dinu rada.\u00a0Ponovnim pritiskom na tipku sistem se vra\u0107a na prethodne postavke.\u00a0Ovu je funkciju prikladno koristiti za brzo prebacivanje sistema u unaprijed postavljeni ekonomi\u010dni na\u010din rada, na primjer, sa ciljanom temperaturom za 2-3 \u00b0 C vi\u0161om u re\u017eimu hla\u0111enja i za 2-3 \u00b0 C ni\u017eom u re\u017eimu grijanja, kao i za \u010desto \u0161tedenje kori\u0161tene postavke.\u00a0Za razliku od uobi\u010dajenog na\u010dina grijanja,<\/p>\n<p><img data-recalc-dims=\"1\" fetchpriority=\"high\" decoding=\"async\" class=\"aligncenter\" src=\"https:\/\/i0.wp.com\/mehvac-blog.com\/wp-content\/uploads\/2019\/08\/iseesensor-1.jpg?resize=884%2C370&#038;ssl=1\" alt=\"3D i-see Sensor\u2122 Technology for Today's Smart Home - Mitsubishi Electric Cooling &amp; Heating Blog\" width=\"884\" height=\"370\" \/><\/p>\n<h3>AUTOMATSKI NA\u010cIN RADA<\/h3>\n<p>U automatskom na\u010dinu rada sustav bira na\u010din rada (hla\u0111enje ili grijanje), ovisno o razlici izme\u0111u ciljne temperature i sobne temperature.\u00a0Kako promijeniti metodu, doga\u0111a se ako je temperaturna razlika ve\u0107a od 2 \u00b0 C i traje 15 minuta.<\/p>\n<h3>UGRA\u0110ENI TJEDNI TAJMER<\/h3>\n<p>Tajmer vam omogu\u0107ava da postavite do 4 radnje tokom dana: uklju\u010divanje \/ isklju\u010divanje i promjenu ciljne temperature.<\/p>\n<p><img data-recalc-dims=\"1\" decoding=\"async\" class=\"aligncenter\" src=\"https:\/\/i0.wp.com\/mhiheatpumps.co.nz\/wp-content\/uploads\/2020\/08\/How-To-Use-Your-Air-Conditioner-Timer-Thumbnail.jpg?w=1300&#038;ssl=1\" alt=\"How to Use Your Heat Pump Timer Functions | Mitsubishi Heavy Industries\" \/><\/p>\n<h3>DVIJE VODILICE PROTOKA SA NEZAVISNIM POGONOM<\/h3>\n<p>Gornja i donja vodilica protoka zraka opremljene su odvojenim pogonskim motorima.\u00a0To vam omogu\u0107ava ugodniju raspodjelu zraka u sobi.\u00a0U re\u017eimu hla\u0111enja, vazduh je usmeren da se nadopunjuju kako bi pove\u0107ali povr\u0161inu &#8211; dva ventila rade kao jedan veliki, stvaraju\u0107i vodoravni protok ohla\u0111enog vazduha, koji ne pada na korisnika.\u00a0U na\u010dinu grijanja vodilice su postavljene tako da se izlaz jedinice su\u017eava.\u00a0Kao rezultat, brzina protoka se pove\u0107ava, a topli zrak usmjerava se u donji dio prostorije, zagrijavaju\u0107i stopala.<\/p>\n<p><img data-recalc-dims=\"1\" decoding=\"async\" class=\"aligncenter\" src=\"https:\/\/i0.wp.com\/www.arijanova.hr\/slike\/novosti\/iseeSensor_feature2.jpg?w=1300&#038;ssl=1\" alt=\"Mitsubishi Electric i-see sensor - Klima centar Zadar - Arija Nova\" \/><\/p>\n<h3>NISKA POTRO\u0160NJA ENERGIJE U ISKLJU\u010cENOM STANJU<\/h3>\n<p>Ako je klima ure\u0111aj priklju\u010den na elektri\u010dnu mre\u017eu, ali ga kontrolna plo\u010da ne uklju\u010duje, tiskana plo\u010da vanjske jedinice klima ure\u0111aja tro\u0161i elektri\u010dnu energiju. Modeli vanjskih jedinica MUZ-EF VE opremljeni su dodatnim sistemom koji isklju\u010duje krugove napajanja tokom zastoja klima ure\u0111aja, zna\u010dajno smanjuju\u0107i potro\u0161nju energije u re\u017eimu mirovanja.<\/p>\n<p>&nbsp;<\/p>\n<p><img data-recalc-dims=\"1\" decoding=\"async\" class=\"size-full wp-image-15573 aligncenter\" src=\"https:\/\/i0.wp.com\/coolmarket.ba\/wp-content\/uploads\/2024\/07\/Grijanje-Vodoinstalacije-klimatizacija-2.png?resize=1170%2C433&#038;ssl=1\" alt=\"\" width=\"1170\" height=\"433\" srcset=\"https:\/\/i0.wp.com\/coolmarket.ba\/wp-content\/uploads\/2024\/07\/Grijanje-Vodoinstalacije-klimatizacija-2.png?w=1170&amp;ssl=1 1170w, https:\/\/i0.wp.com\/coolmarket.ba\/wp-content\/uploads\/2024\/07\/Grijanje-Vodoinstalacije-klimatizacija-2.png?resize=300%2C111&amp;ssl=1 300w, https:\/\/i0.wp.com\/coolmarket.ba\/wp-content\/uploads\/2024\/07\/Grijanje-Vodoinstalacije-klimatizacija-2.png?resize=1024%2C379&amp;ssl=1 1024w, https:\/\/i0.wp.com\/coolmarket.ba\/wp-content\/uploads\/2024\/07\/Grijanje-Vodoinstalacije-klimatizacija-2.png?resize=768%2C284&amp;ssl=1 768w, https:\/\/i0.wp.com\/coolmarket.ba\/wp-content\/uploads\/2024\/07\/Grijanje-Vodoinstalacije-klimatizacija-2.png?resize=18%2C7&amp;ssl=1 18w, https:\/\/i0.wp.com\/coolmarket.ba\/wp-content\/uploads\/2024\/07\/Grijanje-Vodoinstalacije-klimatizacija-2.png?resize=600%2C222&amp;ssl=1 600w, https:\/\/i0.wp.com\/coolmarket.ba\/wp-content\/uploads\/2024\/07\/Grijanje-Vodoinstalacije-klimatizacija-2.png?resize=64%2C24&amp;ssl=1 64w\" sizes=\"(max-width: 1170px) 100vw, 1170px\" \/><\/p>\n<p>&nbsp;<\/p>\n<p><strong>CoolMarket<\/strong> je va\u0161 pouzdani partner za prodaju, ugradnju i odr\u017eavanje klima ure\u0111aja, toplotnih pumpi te sistema za vodu i grijanje. Na\u0161a stru\u010dnost osigurava kvalitetne proizvode i vrhunske usluge kako bi va\u0161 dom ili poslovni prostor bio udoban i funkcionalan. Kontaktirajte nas za sve potrebe vezane za klimatizaciju, grijanje i vodoinstalacije. Dostupni smo na Viber i Whatsapp\u00a0 +387 62 53 53 50<\/p>","protected":false},"excerpt":{"rendered":"<table width=\"100%\">\n<tbody>\n<tr>\n<td rowspan=\"2\"><img decoding=\"async\" class=\"size-full wp-image-1275 aligncenter\" src=\"http:\/\/www.luk.ba\/wp-content\/uploads\/2016\/04\/HLADNO-2-e1467618092310.jpg\" alt=\"HLADNO\" width=\"50\" height=\"50\" \/>od -10\u00b0C<\/p>\n<p>do +46\u00b0C<\/td>\n<td rowspan=\"2\"><img loading=\"lazy\" decoding=\"async\" class=\"size-full wp-image-1273 aligncenter\" src=\"http:\/\/www.luk.ba\/wp-content\/uploads\/2016\/04\/TOPLO.jpg\" alt=\"TOPLO\" width=\"50\" height=\"50\" \/>od -15\u00b0C<\/p>\n<p>do +24\u00b0C<\/td>\n<td rowspan=\"1\">\n<h5>SEER<\/h5>\n<\/td>\n<td rowspan=\"1\">\n<h5>SCOP<\/h5>\n<\/td>\n<\/tr>\n<tr>\n<td rowspan=\"1\">\n<h6><strong>8,5<\/strong>\u00a0A+++<\/h6>\n<\/td>\n<td rowspan=\"1\">\n<h6><strong>4,7<\/strong>\u00a0A++<\/h6>\n<\/td>\n<\/tr>\n<\/tbody>\n<\/table>","protected":false},"featured_media":14700,"template":"","meta":{"om_disable_all_campaigns":false,"_monsterinsights_skip_tracking":false,"_monsterinsights_sitenote_active":false,"_monsterinsights_sitenote_note":"","_monsterinsights_sitenote_category":0},"product_cat":[637,305,306,323],"product_tag":[374,344,324,308,342,346,330,627,628,337,312,469],"class_list":{"0":"post-15056","1":"product","2":"type-product","3":"status-publish","4":"has-post-thumbnail","6":"product_cat-14ke-inverteri","7":"product_cat-grijanje-i-hladenje","8":"product_cat-klima-uredaji","9":"product_cat-mitsubishi","10":"product_tag-mitsubishi-bih","11":"product_tag-mitsubishi-inverteri","12":"product_tag-mitsubishi-klima","13":"product_tag-mitsubishi-klime","14":"product_tag-mitsubishu-klime","15":"product_tag-montaza-kima-uredaja","16":"product_tag-montaza-klima-uredjaja","17":"product_tag-montaza-mitsubishi-invertera","18":"product_tag-montaza-mitsubishi-klime","19":"product_tag-prodaja-klima","20":"product_tag-servis-klima-uredaja","21":"product_tag-servis-zenica","23":"first","24":"onbackorder","25":"taxable","26":"shipping-taxable","27":"product-type-simple"},"aioseo_notices":[],"_links":{"self":[{"href":"https:\/\/coolmarket.ba\/bs\/wp-json\/wp\/v2\/product\/15056","targetHints":{"allow":["GET"]}}],"collection":[{"href":"https:\/\/coolmarket.ba\/bs\/wp-json\/wp\/v2\/product"}],"about":[{"href":"https:\/\/coolmarket.ba\/bs\/wp-json\/wp\/v2\/types\/product"}],"wp:featuredmedia":[{"embeddable":true,"href":"https:\/\/coolmarket.ba\/bs\/wp-json\/wp\/v2\/media\/14700"}],"wp:attachment":[{"href":"https:\/\/coolmarket.ba\/bs\/wp-json\/wp\/v2\/media?parent=15056"}],"wp:term":[{"taxonomy":"product_cat","embeddable":true,"href":"https:\/\/coolmarket.ba\/bs\/wp-json\/wp\/v2\/product_cat?post=15056"},{"taxonomy":"product_tag","embeddable":true,"href":"https:\/\/coolmarket.ba\/bs\/wp-json\/wp\/v2\/product_tag?post=15056"}],"curies":[{"name":"wp","href":"https:\/\/api.w.org\/{rel}","templated":true}]}}