{"id":15053,"date":"2023-03-08T09:42:00","date_gmt":"2023-03-08T09:42:00","guid":{"rendered":"https:\/\/coolmarket.ba\/?post_type=product&#038;p=15053"},"modified":"2024-09-12T19:50:57","modified_gmt":"2024-09-12T19:50:57","slug":"mitsubishi-klima-inverter-bt-wifi-modul-mogucnost-50kw-18ka","status":"publish","type":"product","link":"https:\/\/coolmarket.ba\/bs\/proizvod\/mitsubishi-klima-inverter-bt-wifi-modul-mogucnost-50kw-18ka\/","title":{"rendered":"MITSUBISHI KLIMA INVERTER BT (WiFi modul mogu\u0107nost) 5,0kW (18ka)"},"content":{"rendered":"<h4><strong>Klima ure\u0111aj Mitsubishi Inverter Unutarnja zidna jedinica za multisplit seriju MSZ-BT 18000 BTU MSZ-BT50VG<\/strong><\/h4>\n<h3>Inovacija, kompaktan dizajn i energetska efikasnost<\/h3>\n<h3><img data-recalc-dims=\"1\" fetchpriority=\"high\" decoding=\"async\" class=\"img-responsive aligncenter\" src=\"https:\/\/i0.wp.com\/www.climaway.it\/img\/cms\/imported\/unita-singole-mitsubishi\/msz_bt_descrizione_2_93721.jpg?resize=750%2C402&#038;ssl=1\" alt=\"\" width=\"750\" height=\"402\" \/><\/h3>\n<p>MSZ-BT jedinice odlikuju se izuzetno kompaktnim dimenzijama, a zahvaljuju\u0107i pa\u017eljivom dizajnu i uvo\u0111enju rashladnog sredstva R32 efikasnost novih MSZ-BT jedinica je zna\u010dajno pove\u0107ana, dosti\u017eu\u0107i klasu A ++ i u hla\u0111enju i u grejanju (veli\u010dine 25 i 35).<\/p>\n<h3>R32: rashladno sredstvo za budu\u0107nost<\/h3>\n<p><img data-recalc-dims=\"1\" decoding=\"async\" class=\"img-responsive aligncenter\" src=\"https:\/\/i0.wp.com\/www.climaway.it\/img\/cms\/imported\/mono-mitsubishi\/zoom\/r-32_37338.PNG?resize=200%2C213&#038;ssl=1\" alt=\"\" width=\"200\" height=\"213\" \/><\/p>\n<p>Rashladno sredstvo R32 koje se koristi u klima ure\u0111ajima serije Mitsubishi ima ni\u017ei potencijal globalnog zagrijavanja (GWP) od rashladnih plinova koji su se do sada koristili u stambenim klima ure\u0111ajima, smanjuju\u0107i njegov potencijalni negativni utjecaj na okoli\u0161.<\/p>\n<p><strong>PREDNOSTI R32 PLINA<\/strong><\/p>\n<p>Visoka energetska efikasnost<br \/>\nSmanjenje koli\u010dine upotrebljenog rashladnog plina<br \/>\nSmanjen uticaj na \u017eivotnu sredinu<br \/>\nLako se puni i mo\u017ee obnoviti kao \u010disti gas<br \/>\nNiska toksi\u010dnost i zapaljivost<\/p>\n<h3>Tihi rad<\/h3>\n<p><img data-recalc-dims=\"1\" decoding=\"async\" class=\"img-responsive aligncenter\" src=\"https:\/\/i0.wp.com\/www.climaway.it\/img\/cms\/imported\/unita-singole-mitsubishi\/funzioanmento-silenzioso-msz-bt_40337.jpg?resize=750%2C428&#038;ssl=1\" alt=\"\" width=\"750\" height=\"428\" \/><\/p>\n<p>Udobnost ambijenta tako\u0111er je povezana s razinom zvuka i posebno je va\u017ena u spava\u0107im sobama ili na studijama.\u00a0Za veli\u010dine 25\/35 emisija zvuka unutarnje jedinice iznosi samo 19 dB pri minimalnoj brzini, osiguravaju\u0107i maksimalnu zvu\u010dnu udobnost u sobi.<\/p>\n<div class=\"half height-regulate\">\n<div class=\"half height-regulate\">\n<p>&nbsp;<\/p>\n<p><img data-recalc-dims=\"1\" loading=\"lazy\" decoding=\"async\" class=\"size-full wp-image-15573 aligncenter\" src=\"https:\/\/i0.wp.com\/coolmarket.ba\/wp-content\/uploads\/2024\/07\/Grijanje-Vodoinstalacije-klimatizacija-2.png?resize=1170%2C433&#038;ssl=1\" alt=\"\" width=\"1170\" height=\"433\" srcset=\"https:\/\/i0.wp.com\/coolmarket.ba\/wp-content\/uploads\/2024\/07\/Grijanje-Vodoinstalacije-klimatizacija-2.png?w=1170&amp;ssl=1 1170w, https:\/\/i0.wp.com\/coolmarket.ba\/wp-content\/uploads\/2024\/07\/Grijanje-Vodoinstalacije-klimatizacija-2.png?resize=300%2C111&amp;ssl=1 300w, https:\/\/i0.wp.com\/coolmarket.ba\/wp-content\/uploads\/2024\/07\/Grijanje-Vodoinstalacije-klimatizacija-2.png?resize=1024%2C379&amp;ssl=1 1024w, https:\/\/i0.wp.com\/coolmarket.ba\/wp-content\/uploads\/2024\/07\/Grijanje-Vodoinstalacije-klimatizacija-2.png?resize=768%2C284&amp;ssl=1 768w, https:\/\/i0.wp.com\/coolmarket.ba\/wp-content\/uploads\/2024\/07\/Grijanje-Vodoinstalacije-klimatizacija-2.png?resize=18%2C7&amp;ssl=1 18w, https:\/\/i0.wp.com\/coolmarket.ba\/wp-content\/uploads\/2024\/07\/Grijanje-Vodoinstalacije-klimatizacija-2.png?resize=600%2C222&amp;ssl=1 600w, https:\/\/i0.wp.com\/coolmarket.ba\/wp-content\/uploads\/2024\/07\/Grijanje-Vodoinstalacije-klimatizacija-2.png?resize=64%2C24&amp;ssl=1 64w\" sizes=\"(max-width: 1170px) 100vw, 1170px\" \/><\/p>\n<p>&nbsp;<\/p>\n<p><strong>CoolMarket<\/strong> je va\u0161 pouzdani partner za prodaju, ugradnju i odr\u017eavanje klima ure\u0111aja, toplotnih pumpi te sistema za vodu i grijanje. Na\u0161a stru\u010dnost osigurava kvalitetne proizvode i vrhunske usluge kako bi va\u0161 dom ili poslovni prostor bio udoban i funkcionalan. Kontaktirajte nas za sve potrebe vezane za klimatizaciju, grijanje i vodoinstalacije. Dostupni smo na Viber i Whatsapp\u00a0 +387 62 53 53 50<\/p>\n<\/div>\n<\/div>","protected":false},"excerpt":{"rendered":"<p>Brand: Mitsubishi Electric<br \/>\nEnergetska klasa grijanje: A+<br \/>\nEnergetska klasa hla\u0111enje: A++<br \/>\nSnaga grijanja: 5.4 kW<br \/>\nSnaga hla\u0111enja: 5.0 kW<br \/>\nVeli\u010dina prostorije: &gt; 50 m2<\/p>","protected":false},"featured_media":14697,"template":"","meta":{"om_disable_all_campaigns":false,"_monsterinsights_skip_tracking":false,"_monsterinsights_sitenote_active":false,"_monsterinsights_sitenote_note":"","_monsterinsights_sitenote_category":0},"product_cat":[307,305,306,323],"product_tag":[478,629,375,624,344,324,630,308,631,380,309,330,503,465,626,627,628,337,311,327,312,469,328],"class_list":{"0":"post-15053","1":"product","2":"type-product","3":"status-publish","4":"has-post-thumbnail","6":"product_cat-18ke-inverteri","7":"product_cat-grijanje-i-hladenje","8":"product_cat-klima-uredaji","9":"product_cat-mitsubishi","10":"product_tag-klima-uredaj","11":"product_tag-mitsubishi-5kw","12":"product_tag-mitsubishi-bosna-i-hercegovina","13":"product_tag-mitsubishi-inverter","14":"product_tag-mitsubishi-inverteri","15":"product_tag-mitsubishi-klima","16":"product_tag-mitsubishi-klima-bih","17":"product_tag-mitsubishi-klime","18":"product_tag-mitsubishi-montaza","19":"product_tag-mitsubishi-zenica","20":"product_tag-montaza-klima","21":"product_tag-montaza-klima-uredjaja","22":"product_tag-montaza-klime","23":"product_tag-montaza-klime-zenica","24":"product_tag-montaza-mitsubishi","25":"product_tag-montaza-mitsubishi-invertera","26":"product_tag-montaza-mitsubishi-klime","27":"product_tag-prodaja-klima","28":"product_tag-prodaja-klima-uredaja","29":"product_tag-servis-klima","30":"product_tag-servis-klima-uredaja","31":"product_tag-servis-zenica","32":"product_tag-ugradnja-klima","34":"first","35":"onbackorder","36":"taxable","37":"shipping-taxable","38":"product-type-simple"},"aioseo_notices":[],"_links":{"self":[{"href":"https:\/\/coolmarket.ba\/bs\/wp-json\/wp\/v2\/product\/15053","targetHints":{"allow":["GET"]}}],"collection":[{"href":"https:\/\/coolmarket.ba\/bs\/wp-json\/wp\/v2\/product"}],"about":[{"href":"https:\/\/coolmarket.ba\/bs\/wp-json\/wp\/v2\/types\/product"}],"wp:featuredmedia":[{"embeddable":true,"href":"https:\/\/coolmarket.ba\/bs\/wp-json\/wp\/v2\/media\/14697"}],"wp:attachment":[{"href":"https:\/\/coolmarket.ba\/bs\/wp-json\/wp\/v2\/media?parent=15053"}],"wp:term":[{"taxonomy":"product_cat","embeddable":true,"href":"https:\/\/coolmarket.ba\/bs\/wp-json\/wp\/v2\/product_cat?post=15053"},{"taxonomy":"product_tag","embeddable":true,"href":"https:\/\/coolmarket.ba\/bs\/wp-json\/wp\/v2\/product_tag?post=15053"}],"curies":[{"name":"wp","href":"https:\/\/api.w.org\/{rel}","templated":true}]}}