{"id":15050,"date":"2023-03-08T09:42:00","date_gmt":"2023-03-08T09:42:00","guid":{"rendered":"https:\/\/coolmarket.ba\/?post_type=product&#038;p=15050"},"modified":"2024-09-12T19:49:12","modified_gmt":"2024-09-12T19:49:12","slug":"midea-klima-uredjaj-on-off-msmac-18hrn1-qc2-5kw-18ka","status":"publish","type":"product","link":"https:\/\/coolmarket.ba\/bs\/proizvod\/midea-klima-uredjaj-on-off-msmac-18hrn1-qc2-5kw-18ka\/","title":{"rendered":"MIDEA KLIMA URE\u0110AJ On\/Off MSMAC-18HRN1-QC2 5kW (18ka)"},"content":{"rendered":"<p>Serija BLANC<br \/>\nDizajn Midea klima ure\u0111aja iz serije BLANC inspirisan je ne\u017enim i gracioznim talasima okeana i podrazumeva ve\u0161to skriveni displej ispod panela unutra\u0161nje jedinice, kao i skriveni otvor za izduvavanje vazduha. Super Cool, funkcija brzog hla\u0111enja, aktivira se jednim dodirom na taster daljinskog upravlja\u010da &#8211; brzina rada ventilatora pove\u0107ava se na maksimum a temperatura u prostoriji brzo spu\u0161ta i do 17\u00baC. Energetska efikasnost klima ure\u0111aja je u visokoj energetskoj klasi A\/A uz upotrebu ekolo\u0161kog R410A gasa.<br \/>\nUre\u0111aj ima funkcije:<br \/>\n&#8211; registrovanja gubitka radnog medijuma (registruje nedostatak gasa u sistemu i automatski isklju\u010duje ure\u0111aj),<br \/>\n&#8211; temperaturne kompenzacije (pretpostavlja razliku u temperaturi u udaljenijim delovima prostorije i koriguje rad u skladu sa tim), kao i<br \/>\n&#8211; odr\u017eavanje temperature od 8\u00baC u prostoriji, tokom zime, u cilju spre\u010davanja zamrzavanja instalacija.<br \/>\nU re\u017eimu grejanja aktivna je i funkcija protiv hladnog izduvavanja, \u010dime se odr\u017eava komfor u upotrebi ure\u0111aja u dogrevanju prostorija. Komfornom i tihom okru\u017eenju doprinosi i funkcija &#8220;Do not Disturb&#8221; (&#8220;Ne uznemiravaj&#8221;), kojom isklju\u010dujete osvetljenje displeja i zvu\u010dne signale ure\u0111aja a brzina rada ventilatora unutra\u0161nje jedinice se smanjuje na minimum.<br \/>\n&#8211; Filter (mre\u017eica) za pra\u0161inu velike gustine<br \/>\n&#8211; Hladni katalizatorski filter (elimini\u0161e formaldehid i druge organske materije, kao i \u0161tetne gasove i mirise)<br \/>\n&#8211; Detektor gubitka freona<br \/>\n&#8211; Samodijagnostika i automatska za\u0161tita<br \/>\n&#8211; Auto restart<\/p>\n<h2>Karakteristike<\/h2>\n<table class=\"kuredjaji_table table_specifikacija\">\n<tbody>\n<tr>\n<td class=\"first_column\" rowspan=\"3\">Model<\/td>\n<td>unutra\u0161nja jedinica<\/td>\n<td>MSMAC-18HRN1-QC2 (MA1)<\/td>\n<\/tr>\n<tr>\n<td>spolja\u0161nja jedinica<\/td>\n<td>MSMAC-18HRN1-QC2 (MA1)<\/td>\n<\/tr>\n<tr>\n<td>zemlja porekla<\/td>\n<td>Kina<\/td>\n<\/tr>\n<tr>\n<td class=\"first_column\">Hla\u0111enje<\/td>\n<td>potro\u0161nja pri hla\u0111enju(kW)<\/td>\n<td>1.64<\/td>\n<\/tr>\n<tr>\n<td class=\"first_column\">Grejanje<\/td>\n<td>potro\u0161nja pri grejanju(kW)<\/td>\n<td>1.55<\/td>\n<\/tr>\n<tr>\n<td class=\"first_column\" rowspan=\"2\">Dodatne funkcije<\/td>\n<td>uklanjanje vlage<\/td>\n<td>da<\/td>\n<\/tr>\n<tr>\n<td>WiFi<\/td>\n<td>Ne<\/td>\n<\/tr>\n<tr>\n<td class=\"first_column\" rowspan=\"5 \">Unutra\u0161nja jedinica<\/td>\n<td>protok vazduha (m3\/h)<\/td>\n<td>523 \/ 645 \/ 776<\/td>\n<\/tr>\n<tr>\n<td>dimenzije Vx\u0160xD (mm)<\/td>\n<td>958 x 223 x 302 mm<\/td>\n<\/tr>\n<tr>\n<td>te\u017eina (kg)<\/td>\n<td>10.5<\/td>\n<\/tr>\n<tr>\n<td>display za o\u010ditavanje temperature<\/td>\n<td>Da<\/td>\n<\/tr>\n<tr>\n<td>nivo zvu\u010dne snage &#8211; buka (dB)<\/td>\n<td>38<\/td>\n<\/tr>\n<tr>\n<td class=\"first_column\" rowspan=\"3\">Spolja\u0161nja jedinica<\/td>\n<td>dimenzije Vx\u0160xD (mm)<\/td>\n<td>770 x 300 x 555<\/td>\n<\/tr>\n<tr>\n<td>te\u017eina (kg)<\/td>\n<td>35.2<\/td>\n<\/tr>\n<tr>\n<td>nivo zvu\u010dne snage &#8211; buka (dB)<\/td>\n<td>59<\/td>\n<\/tr>\n<tr>\n<td class=\"first_column\" rowspan=\"2\">Freon<\/td>\n<td>tip freona<\/td>\n<td>R410A<\/td>\n<\/tr>\n<tr>\n<td>koli\u010dina freona u sistemu (gr)<\/td>\n<td><\/td>\n<\/tr>\n<tr>\n<td class=\"first_column\">Opseg rada<\/td>\n<td>spolja\u0161nji temperaturni opseg<\/td>\n<td>od -7\u00b0C do +43\u00b0C<\/td>\n<\/tr>\n<tr>\n<td class=\"first_column\">Instalacija<\/td>\n<td>maksimalno rastojanje unutr\/spolj. jed.(m)<\/td>\n<td><\/td>\n<\/tr>\n<tr>\n<td class=\"first_column\">Filteri<\/td>\n<td class=\"\">vrste<\/td>\n<td class=\"\">Hladni katalizatorski filter (elimini\u0161e formaldehid i druge organske materije, kao i \u0161tetne gasove i mirise)<\/td>\n<\/tr>\n<\/tbody>\n<\/table>\n<p><img data-recalc-dims=\"1\" fetchpriority=\"high\" decoding=\"async\" class=\"size-full wp-image-15573 aligncenter\" src=\"https:\/\/i0.wp.com\/coolmarket.ba\/wp-content\/uploads\/2024\/07\/Grijanje-Vodoinstalacije-klimatizacija-2.png?resize=1170%2C433&#038;ssl=1\" alt=\"\" width=\"1170\" height=\"433\" srcset=\"https:\/\/i0.wp.com\/coolmarket.ba\/wp-content\/uploads\/2024\/07\/Grijanje-Vodoinstalacije-klimatizacija-2.png?w=1170&amp;ssl=1 1170w, https:\/\/i0.wp.com\/coolmarket.ba\/wp-content\/uploads\/2024\/07\/Grijanje-Vodoinstalacije-klimatizacija-2.png?resize=300%2C111&amp;ssl=1 300w, https:\/\/i0.wp.com\/coolmarket.ba\/wp-content\/uploads\/2024\/07\/Grijanje-Vodoinstalacije-klimatizacija-2.png?resize=1024%2C379&amp;ssl=1 1024w, https:\/\/i0.wp.com\/coolmarket.ba\/wp-content\/uploads\/2024\/07\/Grijanje-Vodoinstalacije-klimatizacija-2.png?resize=768%2C284&amp;ssl=1 768w, https:\/\/i0.wp.com\/coolmarket.ba\/wp-content\/uploads\/2024\/07\/Grijanje-Vodoinstalacije-klimatizacija-2.png?resize=18%2C7&amp;ssl=1 18w, https:\/\/i0.wp.com\/coolmarket.ba\/wp-content\/uploads\/2024\/07\/Grijanje-Vodoinstalacije-klimatizacija-2.png?resize=600%2C222&amp;ssl=1 600w, https:\/\/i0.wp.com\/coolmarket.ba\/wp-content\/uploads\/2024\/07\/Grijanje-Vodoinstalacije-klimatizacija-2.png?resize=64%2C24&amp;ssl=1 64w\" sizes=\"(max-width: 1170px) 100vw, 1170px\" \/><\/p>\n<p>&nbsp;<\/p>\n<p><strong>CoolMarket<\/strong> je va\u0161 pouzdani partner za prodaju, ugradnju i odr\u017eavanje klima ure\u0111aja, toplotnih pumpi te sistema za vodu i grijanje. Na\u0161a stru\u010dnost osigurava kvalitetne proizvode i vrhunske usluge kako bi va\u0161 dom ili poslovni prostor bio udoban i funkcionalan. Kontaktirajte nas za sve potrebe vezane za klimatizaciju, grijanje i vodoinstalacije. Dostupni smo na Viber i Whatsapp\u00a0 +387 62 53 53 50<\/p>","protected":false},"excerpt":{"rendered":"<table class=\"kuredjaji_table table_specifikacija\" width=\"356\">\n<tbody>\n<tr>\n<td class=\"first_column\" rowspan=\"3\">Model<\/td>\n<td>unutra\u0161nja jedinica<\/td>\n<td>MSMAC-18HRN1-QC2 (MA1)<\/td>\n<\/tr>\n<tr>\n<td>spolja\u0161nja jedinica<\/td>\n<td>MSMAC-18HRN1-QC2 (MA1)<\/td>\n<\/tr>\n<tr>\n<td>zemlja porekla<\/td>\n<td>Kina<\/td>\n<\/tr>\n<tr>\n<td class=\"first_column\">Hla\u0111enje<\/td>\n<td>potro\u0161nja pri hla\u0111enju(kW)<\/td>\n<td>1.64<\/td>\n<\/tr>\n<tr>\n<td class=\"first_column\">Grejanje<\/td>\n<td>potro\u0161nja pri grejanju(kW)<\/td>\n<td>1.55<\/td>\n<\/tr>\n<tr>\n<td class=\"first_column\" rowspan=\"2\">Dodatne funkcije<\/td>\n<td>uklanjanje vlage<\/td>\n<td>da<\/td>\n<\/tr>\n<tr>\n<td>WiFi<\/td>\n<td>Ne<\/td>\n<\/tr>\n<tr>\n<td class=\"first_column\" rowspan=\"5 \">Unutra\u0161nja jedinica<\/td>\n<td>protok vazduha (m3\/h)<\/td>\n<td>523 \/ 645 \/ 776<\/td>\n<\/tr>\n<tr>\n<td>dimenzije Vx\u0160xD (mm)<\/td>\n<td>958 x 223 x 302 mm<\/td>\n<\/tr>\n<tr>\n<td>te\u017eina (kg)<\/td>\n<td>10.5<\/td>\n<\/tr>\n<tr>\n<td>display za o\u010ditavanje temperature<\/td>\n<td>Da<\/td>\n<\/tr>\n<tr>\n<td>nivo zvu\u010dne snage &#8211; buka (dB)<\/td>\n<td>38<\/td>\n<\/tr>\n<tr>\n<td class=\"first_column\" rowspan=\"3\">Spolja\u0161nja jedinica<\/td>\n<td>dimenzije Vx\u0160xD (mm)<\/td>\n<td>770 x 300 x 555<\/td>\n<\/tr>\n<tr>\n<td>te\u017eina (kg)<\/td>\n<td>35.2<\/td>\n<\/tr>\n<tr>\n<td>nivo zvu\u010dne snage &#8211; buka (dB)<\/td>\n<td>59<\/td>\n<\/tr>\n<tr>\n<td class=\"first_column\" rowspan=\"2\">Freon<\/td>\n<td>tip freona<\/td>\n<td>R410A<\/td>\n<\/tr>\n<tr>\n<td>koli\u010dina freona u sistemu (gr)<\/td>\n<td><\/td>\n<\/tr>\n<tr>\n<td class=\"first_column\">Opseg rada<\/td>\n<td>spolja\u0161nji temperaturni opseg<\/td>\n<td>od -7\u00b0C do +43\u00b0C<\/td>\n<\/tr>\n<tr>\n<td class=\"first_column\">Instalacija<\/td>\n<td>maksimalno rastojanje unutr\/spolj. jed.(m)<\/td>\n<td><\/td>\n<\/tr>\n<tr>\n<td class=\"first_column\">Filteri<\/td>\n<td class=\"\">vrste<\/td>\n<td class=\"\">Hladni katalizatorski filter (elimini\u0161e formaldehid i druge organske materije, kao i \u0161tetne gasove i mirise)<\/td>\n<\/tr>\n<\/tbody>\n<\/table>","protected":false},"featured_media":14696,"template":"","meta":{"om_disable_all_campaigns":false,"_monsterinsights_skip_tracking":false,"_monsterinsights_sitenote_active":false,"_monsterinsights_sitenote_note":"","_monsterinsights_sitenote_category":0},"product_cat":[386,305,306,590],"product_tag":[615,619,616,620,617,346,309,330,618,337,311,327,312,469,328],"class_list":{"0":"post-15050","1":"product","2":"type-product","3":"status-publish","4":"has-post-thumbnail","6":"product_cat-18ke-klime","7":"product_cat-grijanje-i-hladenje","8":"product_cat-klima-uredaji","9":"product_cat-midea","10":"product_tag-midea-klima","11":"product_tag-midea-klima-bih","12":"product_tag-midea-klima-uredaj","13":"product_tag-midea-klima-zenica","14":"product_tag-midea-on-off-klima-uredaj","15":"product_tag-montaza-kima-uredaja","16":"product_tag-montaza-klima","17":"product_tag-montaza-klima-uredjaja","18":"product_tag-montaza-midea-klime","19":"product_tag-prodaja-klima","20":"product_tag-prodaja-klima-uredaja","21":"product_tag-servis-klima","22":"product_tag-servis-klima-uredaja","23":"product_tag-servis-zenica","24":"product_tag-ugradnja-klima","26":"first","27":"onbackorder","28":"taxable","29":"shipping-taxable","30":"product-type-simple"},"aioseo_notices":[],"_links":{"self":[{"href":"https:\/\/coolmarket.ba\/bs\/wp-json\/wp\/v2\/product\/15050","targetHints":{"allow":["GET"]}}],"collection":[{"href":"https:\/\/coolmarket.ba\/bs\/wp-json\/wp\/v2\/product"}],"about":[{"href":"https:\/\/coolmarket.ba\/bs\/wp-json\/wp\/v2\/types\/product"}],"wp:featuredmedia":[{"embeddable":true,"href":"https:\/\/coolmarket.ba\/bs\/wp-json\/wp\/v2\/media\/14696"}],"wp:attachment":[{"href":"https:\/\/coolmarket.ba\/bs\/wp-json\/wp\/v2\/media?parent=15050"}],"wp:term":[{"taxonomy":"product_cat","embeddable":true,"href":"https:\/\/coolmarket.ba\/bs\/wp-json\/wp\/v2\/product_cat?post=15050"},{"taxonomy":"product_tag","embeddable":true,"href":"https:\/\/coolmarket.ba\/bs\/wp-json\/wp\/v2\/product_tag?post=15050"}],"curies":[{"name":"wp","href":"https:\/\/api.w.org\/{rel}","templated":true}]}}