{"id":15049,"date":"2023-03-08T09:42:00","date_gmt":"2023-03-08T09:42:00","guid":{"rendered":"https:\/\/coolmarket.ba\/?post_type=product&#038;p=15049"},"modified":"2024-09-12T19:48:56","modified_gmt":"2024-09-12T19:48:56","slug":"midea-klima-on-off-msmab-12hrn1-qc2-ma1-3-5kw-12ka","status":"publish","type":"product","link":"https:\/\/coolmarket.ba\/bs\/proizvod\/midea-klima-on-off-msmab-12hrn1-qc2-ma1-3-5kw-12ka\/","title":{"rendered":"MIDEA KLIMA On\/Off MSMAB-12HRN1-QC2 (MA1) 3.5kW (12ka)"},"content":{"rendered":"<h2>OPIS<\/h2>\n<p>Dizajn klima ure\u0111aja iz serije BLANC inspirisan je nje\u017enim i gracioznim talasima okeana i podrazumijeva vje\u0161to skriveni displej ispod panela unutra\u0161nje jedinice, kao i skriveni otvor za izduvavanje vazduha. Super Cool, funkcija brzog hla\u0111enja, aktivira se jednim dodirom na taster daljinskog upravlja\u010da \u2013 brzina rada ventilatora pove\u0107ava se na maksimum a temperatura u prostoriji brzo spu\u0161ta i do 17\u00baC. Energetska efikasnost klima ure\u0111aja je u visokoj energetskoj klasi A\/A uz upotrebu ekolo\u0161kog R410A gasa.<\/p>\n<p>Ure\u0111aj ima funkcije:<\/p>\n<p>\u2013 registrovanja gubitka radnog medijuma (registruje nedostatak gasa u sistemu i automatski isklju\u010duje ure\u0111aj),<\/p>\n<p>\u2013 temperaturne kompenzacije (pretpostavlja razliku u temperaturi u udaljenijim dijelovima \u00a0prostorije i koriguje rad u skladu sa tim), kao i<\/p>\n<p>\u2013 odr\u017eavanje temperature od 8\u00baC u prostoriji, tokom zime, u cilju spre\u010davanja zamrzavanja instalacija.<\/p>\n<p>U re\u017eimu grijanja aktivna je i funkcija protiv hladnog izduvavanja, \u010dime se odr\u017eava komfor u upotrebi ure\u0111aja u dogrijavanju prostorija. Komfornom i tihom okru\u017eenju doprinosi i funkcija \u201eDo not Disturb\u201c (\u201eNe uznemiravaj\u201c), kojom isklju\u010dujete osvetljenje displeja i zvu\u010dne signale ure\u0111aja a brzina rada ventilatora unutra\u0161nje jedinice se smanjuje na minimum.<\/p>\n<p>\u2013 Filter (mre\u017eica) za pra\u0161inu velike gustine<\/p>\n<p>\u2013 Hladni katalizatorski filter (elimini\u0161e formaldehid i druge organske materije, kao i \u0161tetne gasove i \u00a0\u00a0mirise)<\/p>\n<p>\u2013 Detektor gubitka freona<\/p>\n<p>\u2013 Samodijagnostika i automatska za\u0161tita<\/p>\n<p>\u2013 Auto restart<\/p>\n<p>\u2013 24-\u010dasovni tajmer<\/p>\n<p>Specifikacija:<\/p>\n<ul>\n<li>Kapacitet hla\u0111enja: 12.000BTU<\/li>\n<li>Kapacitet hla\u0111enja: 3,52kW<\/li>\n<li>Kapacitet grijanja: 12.000BTU<\/li>\n<li>Kapacitet grijanja: 3,52kW<\/li>\n<li>Potro\u0161nja (hla\u0111enje\/grijanje): 1.095 \/ 975W<\/li>\n<li>Radni medijum: R410A<\/li>\n<li>Energetska klasa: A \/ A<\/li>\n<li>EER \/ COP: 3,21 \/ 3,61<\/li>\n<li>Temperaturni opseg rada: -7\u00b0C do +43\u00baC<\/li>\n<li>Pritisak zvuka \u2013 un. Jed.: 41,5\/35\/29 dB(A) \/ spoljna jed.: 58,4dB(A)<\/li>\n<li>Protok vazduha (ni\u017ea\/sred.\/najve\u0107a brz. vent.): 342\/436\/564 m\u00b3\/h<\/li>\n<\/ul>\n<p>Dimenzije, neto:<\/p>\n<ul>\n<li>Unutra\u0161nja jedinica (\u0160xVxD): 805x285x205mm<\/li>\n<li>Spolja\u0161nja jedinica (\u0160xVxD): 770x555x300mm<\/li>\n<\/ul>\n<p>Te\u017eina, neto:<\/p>\n<ul>\n<li>Unutra\u0161nja jedinica: 7,73 kg<\/li>\n<li>Spolja\u0161nja jedinica: 24,8 kg<\/li>\n<\/ul>\n<p><img data-recalc-dims=\"1\" fetchpriority=\"high\" decoding=\"async\" class=\"size-full wp-image-15573 aligncenter\" src=\"https:\/\/i0.wp.com\/coolmarket.ba\/wp-content\/uploads\/2024\/07\/Grijanje-Vodoinstalacije-klimatizacija-2.png?resize=1170%2C433&#038;ssl=1\" alt=\"\" width=\"1170\" height=\"433\" srcset=\"https:\/\/i0.wp.com\/coolmarket.ba\/wp-content\/uploads\/2024\/07\/Grijanje-Vodoinstalacije-klimatizacija-2.png?w=1170&amp;ssl=1 1170w, https:\/\/i0.wp.com\/coolmarket.ba\/wp-content\/uploads\/2024\/07\/Grijanje-Vodoinstalacije-klimatizacija-2.png?resize=300%2C111&amp;ssl=1 300w, https:\/\/i0.wp.com\/coolmarket.ba\/wp-content\/uploads\/2024\/07\/Grijanje-Vodoinstalacije-klimatizacija-2.png?resize=1024%2C379&amp;ssl=1 1024w, https:\/\/i0.wp.com\/coolmarket.ba\/wp-content\/uploads\/2024\/07\/Grijanje-Vodoinstalacije-klimatizacija-2.png?resize=768%2C284&amp;ssl=1 768w, https:\/\/i0.wp.com\/coolmarket.ba\/wp-content\/uploads\/2024\/07\/Grijanje-Vodoinstalacije-klimatizacija-2.png?resize=18%2C7&amp;ssl=1 18w, https:\/\/i0.wp.com\/coolmarket.ba\/wp-content\/uploads\/2024\/07\/Grijanje-Vodoinstalacije-klimatizacija-2.png?resize=600%2C222&amp;ssl=1 600w, https:\/\/i0.wp.com\/coolmarket.ba\/wp-content\/uploads\/2024\/07\/Grijanje-Vodoinstalacije-klimatizacija-2.png?resize=64%2C24&amp;ssl=1 64w\" sizes=\"(max-width: 1170px) 100vw, 1170px\" \/><\/p>\n<p>&nbsp;<\/p>\n<p><strong>CoolMarket<\/strong> je va\u0161 pouzdani partner za prodaju, ugradnju i odr\u017eavanje klima ure\u0111aja, toplotnih pumpi te sistema za vodu i grijanje. Na\u0161a stru\u010dnost osigurava kvalitetne proizvode i vrhunske usluge kako bi va\u0161 dom ili poslovni prostor bio udoban i funkcionalan. Kontaktirajte nas za sve potrebe vezane za klimatizaciju, grijanje i vodoinstalacije. Dostupni smo na Viber i Whatsapp\u00a0 +387 62 53 53 50<\/p>","protected":false},"excerpt":{"rendered":"<ul>\n<li>Kapacitet hla\u0111enja: 12.000BTU<\/li>\n<li>Kapacitet hla\u0111enja: 3,52kW<\/li>\n<li>Kapacitet grijanja: 12.000BTU<\/li>\n<li>Kapacitet grijanja: 3,52kW<\/li>\n<\/ul>","protected":false},"featured_media":14696,"template":"","meta":{"om_disable_all_campaigns":false,"_monsterinsights_skip_tracking":false,"_monsterinsights_sitenote_active":false,"_monsterinsights_sitenote_note":"","_monsterinsights_sitenote_category":0},"product_cat":[322,305,306,590],"product_tag":[599,613,601,615,594,595,330,350,465,618,337,311,327,312,468,469,328],"class_list":{"0":"post-15049","1":"product","2":"type-product","3":"status-publish","4":"has-post-thumbnail","6":"product_cat-12ke-klime","7":"product_cat-grijanje-i-hladenje","8":"product_cat-klima-uredaji","9":"product_cat-midea","10":"product_tag-midea-12ka","11":"product_tag-midea-2-5kw","12":"product_tag-midea-bosna-i-hercegovina","13":"product_tag-midea-klima","14":"product_tag-midea-montaza-klime","15":"product_tag-midea-zenica","16":"product_tag-montaza-klima-uredjaja","17":"product_tag-montaza-klima-zenica","18":"product_tag-montaza-klime-zenica","19":"product_tag-montaza-midea-klime","20":"product_tag-prodaja-klima","21":"product_tag-prodaja-klima-uredaja","22":"product_tag-servis-klima","23":"product_tag-servis-klima-uredaja","24":"product_tag-servis-klima-zenica","25":"product_tag-servis-zenica","26":"product_tag-ugradnja-klima","28":"first","29":"onbackorder","30":"taxable","31":"shipping-taxable","32":"product-type-simple"},"aioseo_notices":[],"_links":{"self":[{"href":"https:\/\/coolmarket.ba\/bs\/wp-json\/wp\/v2\/product\/15049","targetHints":{"allow":["GET"]}}],"collection":[{"href":"https:\/\/coolmarket.ba\/bs\/wp-json\/wp\/v2\/product"}],"about":[{"href":"https:\/\/coolmarket.ba\/bs\/wp-json\/wp\/v2\/types\/product"}],"wp:featuredmedia":[{"embeddable":true,"href":"https:\/\/coolmarket.ba\/bs\/wp-json\/wp\/v2\/media\/14696"}],"wp:attachment":[{"href":"https:\/\/coolmarket.ba\/bs\/wp-json\/wp\/v2\/media?parent=15049"}],"wp:term":[{"taxonomy":"product_cat","embeddable":true,"href":"https:\/\/coolmarket.ba\/bs\/wp-json\/wp\/v2\/product_cat?post=15049"},{"taxonomy":"product_tag","embeddable":true,"href":"https:\/\/coolmarket.ba\/bs\/wp-json\/wp\/v2\/product_tag?post=15049"}],"curies":[{"name":"wp","href":"https:\/\/api.w.org\/{rel}","templated":true}]}}