{"id":15047,"date":"2023-03-08T09:41:40","date_gmt":"2023-03-08T09:41:40","guid":{"rendered":"https:\/\/coolmarket.ba\/?post_type=product&#038;p=15047"},"modified":"2024-09-12T19:52:20","modified_gmt":"2024-09-12T19:52:20","slug":"midea-blanc-klima-inverter-ma-24n8d0-nxd0-i-o-7-0kw-24-ka","status":"publish","type":"product","link":"https:\/\/coolmarket.ba\/bs\/proizvod\/midea-blanc-klima-inverter-ma-24n8d0-nxd0-i-o-7-0kw-24-ka\/","title":{"rendered":"MIDEA BLANC KLIMA INVERTER MA-24N8D0\/NXD0-I\/O 7.0kW (24-ka)"},"content":{"rendered":"<p>Tehni\u010dki podaci<br \/>\nEnergetska klasa A++\/A+<br \/>\nKapacitet hla\u0111enja (kW) 7,03 (2,65-8,25)<br \/>\nKapacitet grijanja (kW) 7,33 (2,92-8,54)<br \/>\nRashladno sredstvo R32<br \/>\nPriklju\u010dak el. energije hla\u0111enje (W) 2434(946~3507)<br \/>\nPriklju\u010dak el. energije grijanje (W) 2426 (1004~3072)<br \/>\nSEER (W) 6,1<br \/>\nSCOP(W) 4,0<br \/>\nNapajanje (ph-V-Hz) 1 \/ 220-240<br \/>\nBuka unutarnje jedinice (dB(A)) \u2013<br \/>\nBuka vanjske jedinice (dB(A)) \u2013<br \/>\nDimenzije unutarnje jedinice \u2013 \u0160xVxD (mm) 1038x235x325<br \/>\nDimenzije vanjske jedinice \u2013 \u0160xVxD (mm) 845x363x702<br \/>\nTe\u017eina unutarnje jedinice (kg) \u2013<br \/>\nTe\u017eina vanjske jedinice (kg) \u2013<br \/>\nPromjer cijevi teku\u0107a faza (inch(mm)) 3\/8\u2033 (fi 9,52 )<br \/>\nPromjer cijevi plinska faza (inch(mm)) 5\/8 \u201d (fi 15,9)<br \/>\nMax duljina cjevovoda (m) 50<br \/>\nMax visinska razlika (m) 25<br \/>\nProtok zraka unutarnja j. (m3\/h) 1050\/860\/700<br \/>\nProtok zraka vanjska j. (m3\/h) 3000<br \/>\nRaspolo\u017eivi pad tlaka (Pa) \u2013<br \/>\nPodru\u010dje rada hl.\/gr\u00b0C (Min~Max) -15 ~ 50\/-25 ~30<\/p>\n<p>&nbsp;<\/p>\n<p><img data-recalc-dims=\"1\" fetchpriority=\"high\" decoding=\"async\" class=\"size-full wp-image-15573 aligncenter\" src=\"https:\/\/i0.wp.com\/coolmarket.ba\/wp-content\/uploads\/2024\/07\/Grijanje-Vodoinstalacije-klimatizacija-2.png?resize=1170%2C433&#038;ssl=1\" alt=\"\" width=\"1170\" height=\"433\" srcset=\"https:\/\/i0.wp.com\/coolmarket.ba\/wp-content\/uploads\/2024\/07\/Grijanje-Vodoinstalacije-klimatizacija-2.png?w=1170&amp;ssl=1 1170w, https:\/\/i0.wp.com\/coolmarket.ba\/wp-content\/uploads\/2024\/07\/Grijanje-Vodoinstalacije-klimatizacija-2.png?resize=300%2C111&amp;ssl=1 300w, https:\/\/i0.wp.com\/coolmarket.ba\/wp-content\/uploads\/2024\/07\/Grijanje-Vodoinstalacije-klimatizacija-2.png?resize=1024%2C379&amp;ssl=1 1024w, https:\/\/i0.wp.com\/coolmarket.ba\/wp-content\/uploads\/2024\/07\/Grijanje-Vodoinstalacije-klimatizacija-2.png?resize=768%2C284&amp;ssl=1 768w, https:\/\/i0.wp.com\/coolmarket.ba\/wp-content\/uploads\/2024\/07\/Grijanje-Vodoinstalacije-klimatizacija-2.png?resize=18%2C7&amp;ssl=1 18w, https:\/\/i0.wp.com\/coolmarket.ba\/wp-content\/uploads\/2024\/07\/Grijanje-Vodoinstalacije-klimatizacija-2.png?resize=600%2C222&amp;ssl=1 600w, https:\/\/i0.wp.com\/coolmarket.ba\/wp-content\/uploads\/2024\/07\/Grijanje-Vodoinstalacije-klimatizacija-2.png?resize=64%2C24&amp;ssl=1 64w\" sizes=\"(max-width: 1170px) 100vw, 1170px\" \/><\/p>\n<p>&nbsp;<\/p>\n<p><strong>CoolMarket<\/strong> je va\u0161 pouzdani partner za prodaju, ugradnju i odr\u017eavanje klima ure\u0111aja, toplotnih pumpi te sistema za vodu i grijanje. Na\u0161a stru\u010dnost osigurava kvalitetne proizvode i vrhunske usluge kako bi va\u0161 dom ili poslovni prostor bio udoban i funkcionalan. Kontaktirajte nas za sve potrebe vezane za klimatizaciju, grijanje i vodoinstalacije. Dostupni smo na Viber i Whatsapp\u00a0 +387 62 53 53 50<\/p>","protected":false},"excerpt":{"rendered":"<table class=\"woocommerce-product-attributes shop_attributes\">\n<tbody>\n<tr class=\"woocommerce-product-attributes-item woocommerce-product-attributes-item--attribute_pa_brand-uredaja\">\n<th class=\"woocommerce-product-attributes-item__label\">Brand Ure\u0111aja<\/th>\n<td class=\"woocommerce-product-attributes-item__value\">Midea<\/td>\n<\/tr>\n<tr class=\"woocommerce-product-attributes-item woocommerce-product-attributes-item--attribute_pa_energetska-klasa\">\n<th class=\"woocommerce-product-attributes-item__label\">Energetska Klasa<\/th>\n<td class=\"woocommerce-product-attributes-item__value\">A++<\/td>\n<\/tr>\n<tr class=\"woocommerce-product-attributes-item woocommerce-product-attributes-item--attribute_pa_jacina-uredaja\">\n<th class=\"woocommerce-product-attributes-item__label\">Snaga Ure\u0111aja<\/th>\n<td class=\"woocommerce-product-attributes-item__value\">6 \u2013 7.5 kW<\/td>\n<\/tr>\n<\/tbody>\n<\/table>","protected":false},"featured_media":14695,"template":"","meta":{"om_disable_all_campaigns":false,"_monsterinsights_skip_tracking":false,"_monsterinsights_sitenote_active":false,"_monsterinsights_sitenote_note":"","_monsterinsights_sitenote_category":0},"product_cat":[329,511,305,401,306,348],"product_tag":[603,601,604,605,606,595,330,465,607,608,609,610,596,611,337,311,312,469,328,574,612],"class_list":{"0":"post-15047","1":"product","2":"type-product","3":"status-publish","4":"has-post-thumbnail","6":"product_cat-24ke-inverteri","7":"product_cat-24ke-klime","8":"product_cat-grijanje-i-hladenje","9":"product_cat-klima-inverteri","10":"product_cat-klima-uredaji","11":"product_cat-klima-uredaji-klima-uredaji","12":"product_tag-midea-bih","13":"product_tag-midea-bosna-i-hercegovina","14":"product_tag-midea-inverter","15":"product_tag-midea-inverter-zenica","16":"product_tag-midea-klima-inverter","17":"product_tag-midea-zenica","18":"product_tag-montaza-klima-uredjaja","19":"product_tag-montaza-klime-zenica","20":"product_tag-montaza-midea-invertera","21":"product_tag-montaza-midea-klima","22":"product_tag-montaza-midea-klima-uredaja","23":"product_tag-montaza-midea-klime-zenica","24":"product_tag-prodaja-inverter-midea","25":"product_tag-prodaja-invertera-bih","26":"product_tag-prodaja-klima","27":"product_tag-prodaja-klima-uredaja","28":"product_tag-servis-klima-uredaja","29":"product_tag-servis-zenica","30":"product_tag-ugradnja-klima","31":"product_tag-ugradnja-klima-uredaja","32":"product_tag-ugradnja-midea-klima","34":"first","35":"onbackorder","36":"taxable","37":"shipping-taxable","38":"product-type-simple"},"aioseo_notices":[],"_links":{"self":[{"href":"https:\/\/coolmarket.ba\/bs\/wp-json\/wp\/v2\/product\/15047","targetHints":{"allow":["GET"]}}],"collection":[{"href":"https:\/\/coolmarket.ba\/bs\/wp-json\/wp\/v2\/product"}],"about":[{"href":"https:\/\/coolmarket.ba\/bs\/wp-json\/wp\/v2\/types\/product"}],"wp:featuredmedia":[{"embeddable":true,"href":"https:\/\/coolmarket.ba\/bs\/wp-json\/wp\/v2\/media\/14695"}],"wp:attachment":[{"href":"https:\/\/coolmarket.ba\/bs\/wp-json\/wp\/v2\/media?parent=15047"}],"wp:term":[{"taxonomy":"product_cat","embeddable":true,"href":"https:\/\/coolmarket.ba\/bs\/wp-json\/wp\/v2\/product_cat?post=15047"},{"taxonomy":"product_tag","embeddable":true,"href":"https:\/\/coolmarket.ba\/bs\/wp-json\/wp\/v2\/product_tag?post=15047"}],"curies":[{"name":"wp","href":"https:\/\/api.w.org\/{rel}","templated":true}]}}